{"id":33425,"date":"2025-06-03T14:43:20","date_gmt":"2025-06-03T14:43:20","guid":{"rendered":"https:\/\/joyasyasmin.com\/producto\/bracelet-double-protection-rouge\/"},"modified":"2025-10-08T10:40:12","modified_gmt":"2025-10-08T10:40:12","slug":"bracelet-double-protection-rouge","status":"publish","type":"product","link":"https:\/\/joyasyasmin.com\/fr\/producto\/bracelet-double-protection-rouge\/","title":{"rendered":"Bracelet Double Protection Rouge"},"content":{"rendered":"","protected":false},"excerpt":{"rendered":"<p>Bracelet fait \u00e0 la main avec pierres rouges de 3 mm, n\u0153ud de sorci\u00e8re central de 15 mm et breloque pendentif T\u00e9tragramme de 12 mm en argent 925. Il mesure 16 cm plus 3 cm d\u2019extension. Protection, style et \u00e9nergie dans un bijou unique. Id\u00e9al pour offrir ou toujours emporter avec vous.   <\/p>\n","protected":false},"featured_media":32769,"comment_status":"open","ping_status":"closed","template":"","meta":{"_acf_changed":false,"_joinchat":[]},"product_brand":[],"product_cat":[1790],"product_tag":[],"class_list":{"0":"post-33425","1":"product","2":"type-product","3":"status-publish","4":"has-post-thumbnail","6":"product_cat-bracelets","8":"first","9":"instock","10":"shipping-taxable","11":"purchasable","12":"product-type-simple"},"acf":[],"yoast_head":"<!-- This site is optimized with the Yoast SEO plugin v27.3 - https:\/\/yoast.com\/product\/yoast-seo-wordpress\/ -->\n<title>Bracelet Double Protection Rouge - Yasmin<\/title>\n<meta name=\"description\" content=\"Bracelet fait \u00e0 la main avec pierres rouges, n\u0153ud de sorci\u00e8re et t\u00e9tragramme en argent 925. Mesure ajustable de 16 + 3 cm. Protection et style dans un bijou unique.\" \/>\n<meta name=\"robots\" content=\"index, follow, max-snippet:-1, max-image-preview:large, max-video-preview:-1\" \/>\n<link rel=\"canonical\" href=\"https:\/\/joyasyasmin.com\/fr\/producto\/bracelet-double-protection-rouge\/\" \/>\n<meta property=\"og:locale\" content=\"fr_FR\" \/>\n<meta property=\"og:title\" content=\"Bracelet Double Protection Rouge - Yasmin\" \/>\n<meta property=\"og:description\" content=\"Bracelet fait \u00e0 la main avec pierres rouges, n\u0153ud de sorci\u00e8re et t\u00e9tragramme en argent 925. Mesure ajustable de 16 + 3 cm. Protection et style dans un bijou unique.\" \/>\n<meta property=\"og:url\" content=\"https:\/\/joyasyasmin.com\/fr\/producto\/bracelet-double-protection-rouge\/\" \/>\n<meta property=\"og:site_name\" content=\"Yasmin\" \/>\n<meta property=\"article:publisher\" content=\"https:\/\/www.facebook.com\/Joyas-Yasmin-217664058934169\/\" \/>\n<meta property=\"article:modified_time\" content=\"2025-10-08T10:40:12+00:00\" \/>\n<meta property=\"og:image\" content=\"https:\/\/joyasyasmin.com\/wp-content\/uploads\/2025\/06\/pulsera-de-piedra-roja-doble-proteccion.jpg\" \/>\n\t<meta property=\"og:image:width\" content=\"1000\" \/>\n\t<meta property=\"og:image:height\" content=\"1000\" \/>\n\t<meta property=\"og:image:type\" content=\"image\/jpeg\" \/>\n<meta name=\"twitter:card\" content=\"summary_large_image\" \/>\n<script type=\"application\/ld+json\" class=\"yoast-schema-graph\">{\"@context\":\"https:\\\/\\\/schema.org\",\"@graph\":[{\"@type\":[\"WebPage\",\"ItemPage\"],\"@id\":\"https:\\\/\\\/joyasyasmin.com\\\/fr\\\/producto\\\/bracelet-double-protection-rouge\\\/\",\"url\":\"https:\\\/\\\/joyasyasmin.com\\\/fr\\\/producto\\\/bracelet-double-protection-rouge\\\/\",\"name\":\"Bracelet Double Protection Rouge - Yasmin\",\"isPartOf\":{\"@id\":\"https:\\\/\\\/joyasyasmin.com\\\/fr\\\/#website\"},\"primaryImageOfPage\":{\"@id\":\"https:\\\/\\\/joyasyasmin.com\\\/fr\\\/producto\\\/bracelet-double-protection-rouge\\\/#primaryimage\"},\"image\":{\"@id\":\"https:\\\/\\\/joyasyasmin.com\\\/fr\\\/producto\\\/bracelet-double-protection-rouge\\\/#primaryimage\"},\"thumbnailUrl\":\"https:\\\/\\\/joyasyasmin.com\\\/wp-content\\\/uploads\\\/2025\\\/06\\\/pulsera-de-piedra-roja-doble-proteccion.jpg\",\"datePublished\":\"2025-06-03T14:43:20+00:00\",\"dateModified\":\"2025-10-08T10:40:12+00:00\",\"description\":\"Bracelet fait \u00e0 la main avec pierres rouges, n\u0153ud de sorci\u00e8re et t\u00e9tragramme en argent 925. Mesure ajustable de 16 + 3 cm. Protection et style dans un bijou unique.\",\"breadcrumb\":{\"@id\":\"https:\\\/\\\/joyasyasmin.com\\\/fr\\\/producto\\\/bracelet-double-protection-rouge\\\/#breadcrumb\"},\"inLanguage\":\"fr-FR\",\"potentialAction\":[{\"@type\":\"ReadAction\",\"target\":[\"https:\\\/\\\/joyasyasmin.com\\\/fr\\\/producto\\\/bracelet-double-protection-rouge\\\/\"]}]},{\"@type\":\"ImageObject\",\"inLanguage\":\"fr-FR\",\"@id\":\"https:\\\/\\\/joyasyasmin.com\\\/fr\\\/producto\\\/bracelet-double-protection-rouge\\\/#primaryimage\",\"url\":\"https:\\\/\\\/joyasyasmin.com\\\/wp-content\\\/uploads\\\/2025\\\/06\\\/pulsera-de-piedra-roja-doble-proteccion.jpg\",\"contentUrl\":\"https:\\\/\\\/joyasyasmin.com\\\/wp-content\\\/uploads\\\/2025\\\/06\\\/pulsera-de-piedra-roja-doble-proteccion.jpg\",\"width\":1000,\"height\":1000,\"caption\":\"Bracelet Double Protection Pierre Rouge \u00e0 vendre avec Noeud de Sorci\u00e8re et T\u00e9tragramme\"},{\"@type\":\"BreadcrumbList\",\"@id\":\"https:\\\/\\\/joyasyasmin.com\\\/fr\\\/producto\\\/bracelet-double-protection-rouge\\\/#breadcrumb\",\"itemListElement\":[{\"@type\":\"ListItem\",\"position\":1,\"name\":\"Portada\",\"item\":\"https:\\\/\\\/joyasyasmin.com\\\/fr\\\/domicile\\\/\"},{\"@type\":\"ListItem\",\"position\":2,\"name\":\"Boutique\",\"item\":\"https:\\\/\\\/joyasyasmin.com\\\/fr\\\/boutique\\\/\"},{\"@type\":\"ListItem\",\"position\":3,\"name\":\"Bracelet Double Protection Rouge\"}]},{\"@type\":\"WebSite\",\"@id\":\"https:\\\/\\\/joyasyasmin.com\\\/fr\\\/#website\",\"url\":\"https:\\\/\\\/joyasyasmin.com\\\/fr\\\/\",\"name\":\"Yasmin\",\"description\":\"Joyer\u00eda de Plata 925 - Pendientes, pulseras, anillos, colgantes y m\u00e1s!\",\"publisher\":{\"@id\":\"https:\\\/\\\/joyasyasmin.com\\\/fr\\\/#organization\"},\"potentialAction\":[{\"@type\":\"SearchAction\",\"target\":{\"@type\":\"EntryPoint\",\"urlTemplate\":\"https:\\\/\\\/joyasyasmin.com\\\/fr\\\/?s={search_term_string}\"},\"query-input\":{\"@type\":\"PropertyValueSpecification\",\"valueRequired\":true,\"valueName\":\"search_term_string\"}}],\"inLanguage\":\"fr-FR\"},{\"@type\":\"Organization\",\"@id\":\"https:\\\/\\\/joyasyasmin.com\\\/fr\\\/#organization\",\"name\":\"joyas yasmin\",\"url\":\"https:\\\/\\\/joyasyasmin.com\\\/fr\\\/\",\"logo\":{\"@type\":\"ImageObject\",\"inLanguage\":\"fr-FR\",\"@id\":\"https:\\\/\\\/joyasyasmin.com\\\/fr\\\/#\\\/schema\\\/logo\\\/image\\\/\",\"url\":\"https:\\\/\\\/joyasyasmin.com\\\/wp-content\\\/uploads\\\/2017\\\/06\\\/IMG-20200429-WA0051.jpg\",\"contentUrl\":\"https:\\\/\\\/joyasyasmin.com\\\/wp-content\\\/uploads\\\/2017\\\/06\\\/IMG-20200429-WA0051.jpg\",\"width\":1080,\"height\":545,\"caption\":\"joyas yasmin\"},\"image\":{\"@id\":\"https:\\\/\\\/joyasyasmin.com\\\/fr\\\/#\\\/schema\\\/logo\\\/image\\\/\"},\"sameAs\":[\"https:\\\/\\\/www.facebook.com\\\/Joyas-Yasmin-217664058934169\\\/\",\"https:\\\/\\\/www.instagram.com\\\/invites\\\/contact\\\/\"]}]}<\/script>\n<!-- \/ Yoast SEO plugin. -->","yoast_head_json":{"title":"Bracelet Double Protection Rouge - Yasmin","description":"Bracelet fait \u00e0 la main avec pierres rouges, n\u0153ud de sorci\u00e8re et t\u00e9tragramme en argent 925. Mesure ajustable de 16 + 3 cm. Protection et style dans un bijou unique.","robots":{"index":"index","follow":"follow","max-snippet":"max-snippet:-1","max-image-preview":"max-image-preview:large","max-video-preview":"max-video-preview:-1"},"canonical":"https:\/\/joyasyasmin.com\/fr\/producto\/bracelet-double-protection-rouge\/","og_locale":"fr_FR","og_title":"Bracelet Double Protection Rouge - Yasmin","og_description":"Bracelet fait \u00e0 la main avec pierres rouges, n\u0153ud de sorci\u00e8re et t\u00e9tragramme en argent 925. Mesure ajustable de 16 + 3 cm. Protection et style dans un bijou unique.","og_url":"https:\/\/joyasyasmin.com\/fr\/producto\/bracelet-double-protection-rouge\/","og_site_name":"Yasmin","article_publisher":"https:\/\/www.facebook.com\/Joyas-Yasmin-217664058934169\/","article_modified_time":"2025-10-08T10:40:12+00:00","og_image":[{"width":1000,"height":1000,"url":"https:\/\/joyasyasmin.com\/wp-content\/uploads\/2025\/06\/pulsera-de-piedra-roja-doble-proteccion.jpg","type":"image\/jpeg"}],"twitter_card":"summary_large_image","schema":{"@context":"https:\/\/schema.org","@graph":[{"@type":["WebPage","ItemPage"],"@id":"https:\/\/joyasyasmin.com\/fr\/producto\/bracelet-double-protection-rouge\/","url":"https:\/\/joyasyasmin.com\/fr\/producto\/bracelet-double-protection-rouge\/","name":"Bracelet Double Protection Rouge - Yasmin","isPartOf":{"@id":"https:\/\/joyasyasmin.com\/fr\/#website"},"primaryImageOfPage":{"@id":"https:\/\/joyasyasmin.com\/fr\/producto\/bracelet-double-protection-rouge\/#primaryimage"},"image":{"@id":"https:\/\/joyasyasmin.com\/fr\/producto\/bracelet-double-protection-rouge\/#primaryimage"},"thumbnailUrl":"https:\/\/joyasyasmin.com\/wp-content\/uploads\/2025\/06\/pulsera-de-piedra-roja-doble-proteccion.jpg","datePublished":"2025-06-03T14:43:20+00:00","dateModified":"2025-10-08T10:40:12+00:00","description":"Bracelet fait \u00e0 la main avec pierres rouges, n\u0153ud de sorci\u00e8re et t\u00e9tragramme en argent 925. Mesure ajustable de 16 + 3 cm. Protection et style dans un bijou unique.","breadcrumb":{"@id":"https:\/\/joyasyasmin.com\/fr\/producto\/bracelet-double-protection-rouge\/#breadcrumb"},"inLanguage":"fr-FR","potentialAction":[{"@type":"ReadAction","target":["https:\/\/joyasyasmin.com\/fr\/producto\/bracelet-double-protection-rouge\/"]}]},{"@type":"ImageObject","inLanguage":"fr-FR","@id":"https:\/\/joyasyasmin.com\/fr\/producto\/bracelet-double-protection-rouge\/#primaryimage","url":"https:\/\/joyasyasmin.com\/wp-content\/uploads\/2025\/06\/pulsera-de-piedra-roja-doble-proteccion.jpg","contentUrl":"https:\/\/joyasyasmin.com\/wp-content\/uploads\/2025\/06\/pulsera-de-piedra-roja-doble-proteccion.jpg","width":1000,"height":1000,"caption":"Bracelet Double Protection Pierre Rouge \u00e0 vendre avec Noeud de Sorci\u00e8re et T\u00e9tragramme"},{"@type":"BreadcrumbList","@id":"https:\/\/joyasyasmin.com\/fr\/producto\/bracelet-double-protection-rouge\/#breadcrumb","itemListElement":[{"@type":"ListItem","position":1,"name":"Portada","item":"https:\/\/joyasyasmin.com\/fr\/domicile\/"},{"@type":"ListItem","position":2,"name":"Boutique","item":"https:\/\/joyasyasmin.com\/fr\/boutique\/"},{"@type":"ListItem","position":3,"name":"Bracelet Double Protection Rouge"}]},{"@type":"WebSite","@id":"https:\/\/joyasyasmin.com\/fr\/#website","url":"https:\/\/joyasyasmin.com\/fr\/","name":"Yasmin","description":"Joyer\u00eda de Plata 925 - Pendientes, pulseras, anillos, colgantes y m\u00e1s!","publisher":{"@id":"https:\/\/joyasyasmin.com\/fr\/#organization"},"potentialAction":[{"@type":"SearchAction","target":{"@type":"EntryPoint","urlTemplate":"https:\/\/joyasyasmin.com\/fr\/?s={search_term_string}"},"query-input":{"@type":"PropertyValueSpecification","valueRequired":true,"valueName":"search_term_string"}}],"inLanguage":"fr-FR"},{"@type":"Organization","@id":"https:\/\/joyasyasmin.com\/fr\/#organization","name":"joyas yasmin","url":"https:\/\/joyasyasmin.com\/fr\/","logo":{"@type":"ImageObject","inLanguage":"fr-FR","@id":"https:\/\/joyasyasmin.com\/fr\/#\/schema\/logo\/image\/","url":"https:\/\/joyasyasmin.com\/wp-content\/uploads\/2017\/06\/IMG-20200429-WA0051.jpg","contentUrl":"https:\/\/joyasyasmin.com\/wp-content\/uploads\/2017\/06\/IMG-20200429-WA0051.jpg","width":1080,"height":545,"caption":"joyas yasmin"},"image":{"@id":"https:\/\/joyasyasmin.com\/fr\/#\/schema\/logo\/image\/"},"sameAs":["https:\/\/www.facebook.com\/Joyas-Yasmin-217664058934169\/","https:\/\/www.instagram.com\/invites\/contact\/"]}]}},"_links":{"self":[{"href":"https:\/\/joyasyasmin.com\/fr\/wp-json\/wp\/v2\/product\/33425","targetHints":{"allow":["GET"]}}],"collection":[{"href":"https:\/\/joyasyasmin.com\/fr\/wp-json\/wp\/v2\/product"}],"about":[{"href":"https:\/\/joyasyasmin.com\/fr\/wp-json\/wp\/v2\/types\/product"}],"replies":[{"embeddable":true,"href":"https:\/\/joyasyasmin.com\/fr\/wp-json\/wp\/v2\/comments?post=33425"}],"version-history":[{"count":0,"href":"https:\/\/joyasyasmin.com\/fr\/wp-json\/wp\/v2\/product\/33425\/revisions"}],"wp:featuredmedia":[{"embeddable":true,"href":"https:\/\/joyasyasmin.com\/fr\/wp-json\/wp\/v2\/media\/32769"}],"wp:attachment":[{"href":"https:\/\/joyasyasmin.com\/fr\/wp-json\/wp\/v2\/media?parent=33425"}],"wp:term":[{"taxonomy":"product_brand","embeddable":true,"href":"https:\/\/joyasyasmin.com\/fr\/wp-json\/wp\/v2\/product_brand?post=33425"},{"taxonomy":"product_cat","embeddable":true,"href":"https:\/\/joyasyasmin.com\/fr\/wp-json\/wp\/v2\/product_cat?post=33425"},{"taxonomy":"product_tag","embeddable":true,"href":"https:\/\/joyasyasmin.com\/fr\/wp-json\/wp\/v2\/product_tag?post=33425"}],"curies":[{"name":"wp","href":"https:\/\/api.w.org\/{rel}","templated":true}]}}