{"id":33590,"date":"2025-06-28T11:30:55","date_gmt":"2025-06-28T11:30:55","guid":{"rendered":"https:\/\/joyasyasmin.com\/producto\/toi-et-moi-boucle-doreille-coeur-zircone\/"},"modified":"2025-06-28T11:30:55","modified_gmt":"2025-06-28T11:30:55","slug":"toi-et-moi-boucle-doreille-coeur-zircone","status":"publish","type":"product","link":"https:\/\/joyasyasmin.com\/fr\/producto\/toi-et-moi-boucle-doreille-coeur-zircone\/","title":{"rendered":"Toi et moi Boucle d\u2019oreille c\u0153ur Zircone"},"content":{"rendered":"","protected":false},"excerpt":{"rendered":"<p>Boucle d\u2019oreille design avec deux c\u0153urs vous et moi : l\u2019un rouge et l\u2019autre en zircone blanc. Fabriqu\u00e9 en argent 925 avec fermeture \u00e0 pression. Taille de 13 x 7 mm, id\u00e9ale pour un look romantique et \u00e9l\u00e9gant.  <\/p>\n","protected":false},"featured_media":33146,"comment_status":"open","ping_status":"closed","template":"","meta":{"_acf_changed":false,"_joinchat":[]},"product_brand":[],"product_cat":[1775],"product_tag":[],"class_list":{"0":"post-33590","1":"product","2":"type-product","3":"status-publish","4":"has-post-thumbnail","6":"product_cat-boucles-doreilles-et-boucles-doreilles","8":"first","9":"instock","10":"shipping-taxable","11":"purchasable","12":"product-type-simple"},"acf":[],"yoast_head":"<!-- This site is optimized with the Yoast SEO plugin v27.2 - https:\/\/yoast.com\/product\/yoast-seo-wordpress\/ -->\n<title>Toi et moi Boucle d\u2019oreille c\u0153ur Zircone - Yasmin<\/title>\n<meta name=\"description\" content=\"Vous et moi corconita boucle d\u2019oreille en forme de c\u0153ur, l\u2019une rouge et l\u2019autre en zircone blanche. Fabriqu\u00e9 en argent 925 avec fermeture \u00e0 pression. Taille de 13 x 7 mm. Livraison gratuite.\" \/>\n<meta name=\"robots\" content=\"index, follow, max-snippet:-1, max-image-preview:large, max-video-preview:-1\" \/>\n<link rel=\"canonical\" href=\"https:\/\/joyasyasmin.com\/fr\/producto\/toi-et-moi-boucle-doreille-coeur-zircone\/\" \/>\n<meta property=\"og:locale\" content=\"fr_FR\" \/>\n<meta property=\"og:title\" content=\"Toi et moi Boucle d\u2019oreille c\u0153ur Zircone - Yasmin\" \/>\n<meta property=\"og:description\" content=\"Vous et moi corconita boucle d\u2019oreille en forme de c\u0153ur, l\u2019une rouge et l\u2019autre en zircone blanche. Fabriqu\u00e9 en argent 925 avec fermeture \u00e0 pression. Taille de 13 x 7 mm. Livraison gratuite.\" \/>\n<meta property=\"og:url\" content=\"https:\/\/joyasyasmin.com\/fr\/producto\/toi-et-moi-boucle-doreille-coeur-zircone\/\" \/>\n<meta property=\"og:site_name\" content=\"Yasmin\" \/>\n<meta property=\"article:publisher\" content=\"https:\/\/www.facebook.com\/Joyas-Yasmin-217664058934169\/\" \/>\n<meta property=\"og:image\" content=\"https:\/\/joyasyasmin.com\/wp-content\/uploads\/2025\/06\/pendiente-tu-y-yo-circonita-corazon.jpg\" \/>\n\t<meta property=\"og:image:width\" content=\"1000\" \/>\n\t<meta property=\"og:image:height\" content=\"1000\" \/>\n\t<meta property=\"og:image:type\" content=\"image\/jpeg\" \/>\n<meta name=\"twitter:card\" content=\"summary_large_image\" \/>\n<script type=\"application\/ld+json\" class=\"yoast-schema-graph\">{\"@context\":\"https:\/\/schema.org\",\"@graph\":[{\"@type\":[\"WebPage\",\"ItemPage\"],\"@id\":\"https:\/\/joyasyasmin.com\/fr\/producto\/toi-et-moi-boucle-doreille-coeur-zircone\/\",\"url\":\"https:\/\/joyasyasmin.com\/fr\/producto\/toi-et-moi-boucle-doreille-coeur-zircone\/\",\"name\":\"Toi et moi Boucle d\u2019oreille c\u0153ur Zircone - Yasmin\",\"isPartOf\":{\"@id\":\"https:\/\/joyasyasmin.com\/fr\/#website\"},\"primaryImageOfPage\":{\"@id\":\"https:\/\/joyasyasmin.com\/fr\/producto\/toi-et-moi-boucle-doreille-coeur-zircone\/#primaryimage\"},\"image\":{\"@id\":\"https:\/\/joyasyasmin.com\/fr\/producto\/toi-et-moi-boucle-doreille-coeur-zircone\/#primaryimage\"},\"thumbnailUrl\":\"https:\/\/joyasyasmin.com\/wp-content\/uploads\/2025\/06\/pendiente-tu-y-yo-circonita-corazon.jpg\",\"datePublished\":\"2025-06-28T11:30:55+00:00\",\"description\":\"Vous et moi corconita boucle d\u2019oreille en forme de c\u0153ur, l\u2019une rouge et l\u2019autre en zircone blanche. Fabriqu\u00e9 en argent 925 avec fermeture \u00e0 pression. Taille de 13 x 7 mm. Livraison gratuite.\",\"breadcrumb\":{\"@id\":\"https:\/\/joyasyasmin.com\/fr\/producto\/toi-et-moi-boucle-doreille-coeur-zircone\/#breadcrumb\"},\"inLanguage\":\"fr-FR\",\"potentialAction\":[{\"@type\":\"ReadAction\",\"target\":[\"https:\/\/joyasyasmin.com\/fr\/producto\/toi-et-moi-boucle-doreille-coeur-zircone\/\"]}]},{\"@type\":\"ImageObject\",\"inLanguage\":\"fr-FR\",\"@id\":\"https:\/\/joyasyasmin.com\/fr\/producto\/toi-et-moi-boucle-doreille-coeur-zircone\/#primaryimage\",\"url\":\"https:\/\/joyasyasmin.com\/wp-content\/uploads\/2025\/06\/pendiente-tu-y-yo-circonita-corazon.jpg\",\"contentUrl\":\"https:\/\/joyasyasmin.com\/wp-content\/uploads\/2025\/06\/pendiente-tu-y-yo-circonita-corazon.jpg\",\"width\":1000,\"height\":1000,\"caption\":\"Vente de toi et moi boucle d\u2019oreille coeur en argent 925\"},{\"@type\":\"BreadcrumbList\",\"@id\":\"https:\/\/joyasyasmin.com\/fr\/producto\/toi-et-moi-boucle-doreille-coeur-zircone\/#breadcrumb\",\"itemListElement\":[{\"@type\":\"ListItem\",\"position\":1,\"name\":\"Portada\",\"item\":\"https:\/\/joyasyasmin.com\/fr\/domicile\/\"},{\"@type\":\"ListItem\",\"position\":2,\"name\":\"Boutique\",\"item\":\"https:\/\/joyasyasmin.com\/fr\/boutique\/\"},{\"@type\":\"ListItem\",\"position\":3,\"name\":\"Toi et moi Boucle d\u2019oreille c\u0153ur Zircone\"}]},{\"@type\":\"WebSite\",\"@id\":\"https:\/\/joyasyasmin.com\/fr\/#website\",\"url\":\"https:\/\/joyasyasmin.com\/fr\/\",\"name\":\"Yasmin\",\"description\":\"Joyer\u00eda de Plata 925 - Pendientes, pulseras, anillos, colgantes y m\u00e1s!\",\"publisher\":{\"@id\":\"https:\/\/joyasyasmin.com\/fr\/#organization\"},\"potentialAction\":[{\"@type\":\"SearchAction\",\"target\":{\"@type\":\"EntryPoint\",\"urlTemplate\":\"https:\/\/joyasyasmin.com\/fr\/?s={search_term_string}\"},\"query-input\":{\"@type\":\"PropertyValueSpecification\",\"valueRequired\":true,\"valueName\":\"search_term_string\"}}],\"inLanguage\":\"fr-FR\"},{\"@type\":\"Organization\",\"@id\":\"https:\/\/joyasyasmin.com\/fr\/#organization\",\"name\":\"joyas yasmin\",\"url\":\"https:\/\/joyasyasmin.com\/fr\/\",\"logo\":{\"@type\":\"ImageObject\",\"inLanguage\":\"fr-FR\",\"@id\":\"https:\/\/joyasyasmin.com\/fr\/#\/schema\/logo\/image\/\",\"url\":\"https:\/\/joyasyasmin.com\/wp-content\/uploads\/2017\/06\/IMG-20200429-WA0051.jpg\",\"contentUrl\":\"https:\/\/joyasyasmin.com\/wp-content\/uploads\/2017\/06\/IMG-20200429-WA0051.jpg\",\"width\":1080,\"height\":545,\"caption\":\"joyas yasmin\"},\"image\":{\"@id\":\"https:\/\/joyasyasmin.com\/fr\/#\/schema\/logo\/image\/\"},\"sameAs\":[\"https:\/\/www.facebook.com\/Joyas-Yasmin-217664058934169\/\",\"https:\/\/www.instagram.com\/invites\/contact\/\"]}]}<\/script>\n<!-- \/ Yoast SEO plugin. -->","yoast_head_json":{"title":"Toi et moi Boucle d\u2019oreille c\u0153ur Zircone - Yasmin","description":"Vous et moi corconita boucle d\u2019oreille en forme de c\u0153ur, l\u2019une rouge et l\u2019autre en zircone blanche. Fabriqu\u00e9 en argent 925 avec fermeture \u00e0 pression. Taille de 13 x 7 mm. Livraison gratuite.","robots":{"index":"index","follow":"follow","max-snippet":"max-snippet:-1","max-image-preview":"max-image-preview:large","max-video-preview":"max-video-preview:-1"},"canonical":"https:\/\/joyasyasmin.com\/fr\/producto\/toi-et-moi-boucle-doreille-coeur-zircone\/","og_locale":"fr_FR","og_title":"Toi et moi Boucle d\u2019oreille c\u0153ur Zircone - Yasmin","og_description":"Vous et moi corconita boucle d\u2019oreille en forme de c\u0153ur, l\u2019une rouge et l\u2019autre en zircone blanche. Fabriqu\u00e9 en argent 925 avec fermeture \u00e0 pression. Taille de 13 x 7 mm. Livraison gratuite.","og_url":"https:\/\/joyasyasmin.com\/fr\/producto\/toi-et-moi-boucle-doreille-coeur-zircone\/","og_site_name":"Yasmin","article_publisher":"https:\/\/www.facebook.com\/Joyas-Yasmin-217664058934169\/","og_image":[{"width":1000,"height":1000,"url":"https:\/\/joyasyasmin.com\/wp-content\/uploads\/2025\/06\/pendiente-tu-y-yo-circonita-corazon.jpg","type":"image\/jpeg"}],"twitter_card":"summary_large_image","schema":{"@context":"https:\/\/schema.org","@graph":[{"@type":["WebPage","ItemPage"],"@id":"https:\/\/joyasyasmin.com\/fr\/producto\/toi-et-moi-boucle-doreille-coeur-zircone\/","url":"https:\/\/joyasyasmin.com\/fr\/producto\/toi-et-moi-boucle-doreille-coeur-zircone\/","name":"Toi et moi Boucle d\u2019oreille c\u0153ur Zircone - Yasmin","isPartOf":{"@id":"https:\/\/joyasyasmin.com\/fr\/#website"},"primaryImageOfPage":{"@id":"https:\/\/joyasyasmin.com\/fr\/producto\/toi-et-moi-boucle-doreille-coeur-zircone\/#primaryimage"},"image":{"@id":"https:\/\/joyasyasmin.com\/fr\/producto\/toi-et-moi-boucle-doreille-coeur-zircone\/#primaryimage"},"thumbnailUrl":"https:\/\/joyasyasmin.com\/wp-content\/uploads\/2025\/06\/pendiente-tu-y-yo-circonita-corazon.jpg","datePublished":"2025-06-28T11:30:55+00:00","description":"Vous et moi corconita boucle d\u2019oreille en forme de c\u0153ur, l\u2019une rouge et l\u2019autre en zircone blanche. Fabriqu\u00e9 en argent 925 avec fermeture \u00e0 pression. Taille de 13 x 7 mm. Livraison gratuite.","breadcrumb":{"@id":"https:\/\/joyasyasmin.com\/fr\/producto\/toi-et-moi-boucle-doreille-coeur-zircone\/#breadcrumb"},"inLanguage":"fr-FR","potentialAction":[{"@type":"ReadAction","target":["https:\/\/joyasyasmin.com\/fr\/producto\/toi-et-moi-boucle-doreille-coeur-zircone\/"]}]},{"@type":"ImageObject","inLanguage":"fr-FR","@id":"https:\/\/joyasyasmin.com\/fr\/producto\/toi-et-moi-boucle-doreille-coeur-zircone\/#primaryimage","url":"https:\/\/joyasyasmin.com\/wp-content\/uploads\/2025\/06\/pendiente-tu-y-yo-circonita-corazon.jpg","contentUrl":"https:\/\/joyasyasmin.com\/wp-content\/uploads\/2025\/06\/pendiente-tu-y-yo-circonita-corazon.jpg","width":1000,"height":1000,"caption":"Vente de toi et moi boucle d\u2019oreille coeur en argent 925"},{"@type":"BreadcrumbList","@id":"https:\/\/joyasyasmin.com\/fr\/producto\/toi-et-moi-boucle-doreille-coeur-zircone\/#breadcrumb","itemListElement":[{"@type":"ListItem","position":1,"name":"Portada","item":"https:\/\/joyasyasmin.com\/fr\/domicile\/"},{"@type":"ListItem","position":2,"name":"Boutique","item":"https:\/\/joyasyasmin.com\/fr\/boutique\/"},{"@type":"ListItem","position":3,"name":"Toi et moi Boucle d\u2019oreille c\u0153ur Zircone"}]},{"@type":"WebSite","@id":"https:\/\/joyasyasmin.com\/fr\/#website","url":"https:\/\/joyasyasmin.com\/fr\/","name":"Yasmin","description":"Joyer\u00eda de Plata 925 - Pendientes, pulseras, anillos, colgantes y m\u00e1s!","publisher":{"@id":"https:\/\/joyasyasmin.com\/fr\/#organization"},"potentialAction":[{"@type":"SearchAction","target":{"@type":"EntryPoint","urlTemplate":"https:\/\/joyasyasmin.com\/fr\/?s={search_term_string}"},"query-input":{"@type":"PropertyValueSpecification","valueRequired":true,"valueName":"search_term_string"}}],"inLanguage":"fr-FR"},{"@type":"Organization","@id":"https:\/\/joyasyasmin.com\/fr\/#organization","name":"joyas yasmin","url":"https:\/\/joyasyasmin.com\/fr\/","logo":{"@type":"ImageObject","inLanguage":"fr-FR","@id":"https:\/\/joyasyasmin.com\/fr\/#\/schema\/logo\/image\/","url":"https:\/\/joyasyasmin.com\/wp-content\/uploads\/2017\/06\/IMG-20200429-WA0051.jpg","contentUrl":"https:\/\/joyasyasmin.com\/wp-content\/uploads\/2017\/06\/IMG-20200429-WA0051.jpg","width":1080,"height":545,"caption":"joyas yasmin"},"image":{"@id":"https:\/\/joyasyasmin.com\/fr\/#\/schema\/logo\/image\/"},"sameAs":["https:\/\/www.facebook.com\/Joyas-Yasmin-217664058934169\/","https:\/\/www.instagram.com\/invites\/contact\/"]}]}},"_links":{"self":[{"href":"https:\/\/joyasyasmin.com\/fr\/wp-json\/wp\/v2\/product\/33590","targetHints":{"allow":["GET"]}}],"collection":[{"href":"https:\/\/joyasyasmin.com\/fr\/wp-json\/wp\/v2\/product"}],"about":[{"href":"https:\/\/joyasyasmin.com\/fr\/wp-json\/wp\/v2\/types\/product"}],"replies":[{"embeddable":true,"href":"https:\/\/joyasyasmin.com\/fr\/wp-json\/wp\/v2\/comments?post=33590"}],"version-history":[{"count":0,"href":"https:\/\/joyasyasmin.com\/fr\/wp-json\/wp\/v2\/product\/33590\/revisions"}],"wp:featuredmedia":[{"embeddable":true,"href":"https:\/\/joyasyasmin.com\/fr\/wp-json\/wp\/v2\/media\/33146"}],"wp:attachment":[{"href":"https:\/\/joyasyasmin.com\/fr\/wp-json\/wp\/v2\/media?parent=33590"}],"wp:term":[{"taxonomy":"product_brand","embeddable":true,"href":"https:\/\/joyasyasmin.com\/fr\/wp-json\/wp\/v2\/product_brand?post=33590"},{"taxonomy":"product_cat","embeddable":true,"href":"https:\/\/joyasyasmin.com\/fr\/wp-json\/wp\/v2\/product_cat?post=33590"},{"taxonomy":"product_tag","embeddable":true,"href":"https:\/\/joyasyasmin.com\/fr\/wp-json\/wp\/v2\/product_tag?post=33590"}],"curies":[{"name":"wp","href":"https:\/\/api.w.org\/{rel}","templated":true}]}}