{"id":34634,"date":"2025-08-31T14:29:24","date_gmt":"2025-08-31T14:29:24","guid":{"rendered":"https:\/\/joyasyasmin.com\/producto\/bracelet-active-double-protection\/"},"modified":"2025-12-29T20:01:40","modified_gmt":"2025-12-29T20:01:40","slug":"bracelet-active-double-protection","status":"publish","type":"product","link":"https:\/\/joyasyasmin.com\/fr\/producto\/bracelet-active-double-protection\/","title":{"rendered":"Bracelet activ\u00e9 double protection"},"content":{"rendered":"","protected":false},"excerpt":{"rendered":"<p>Bracelet activ\u00e9 double protection avec n\u0153ud de sorci\u00e8re et t\u00e9tragramme de 12 mm, en argent 925 et tiss\u00e9 en macram\u00e9. Amulette qui symbolise la protection spirituelle, l\u2019\u00e9quilibre et la protection contre les \u00e9nergies n\u00e9gatives. <\/p>\n","protected":false},"featured_media":34503,"comment_status":"open","ping_status":"closed","template":"","meta":{"_acf_changed":false,"_joinchat":[]},"product_brand":[],"product_cat":[1790],"product_tag":[],"class_list":{"0":"post-34634","1":"product","2":"type-product","3":"status-publish","4":"has-post-thumbnail","6":"product_cat-bracelets","8":"first","9":"instock","10":"shipping-taxable","11":"purchasable","12":"product-type-simple"},"acf":[],"yoast_head":"<!-- This site is optimized with the Yoast SEO plugin v27.2 - https:\/\/yoast.com\/product\/yoast-seo-wordpress\/ -->\n<title>Bracelet activ\u00e9 double protection - Yasmin<\/title>\n<meta name=\"description\" content=\"Bracelet activ\u00e9 double protection en argent 925 avec n\u0153ud de sorci\u00e8re et t\u00e9tragramme de 12 mm. Protection spirituelle et \u00e9nergie positive dans le design. Livraison gratuite.\" \/>\n<meta name=\"robots\" content=\"index, follow, max-snippet:-1, max-image-preview:large, max-video-preview:-1\" \/>\n<link rel=\"canonical\" href=\"https:\/\/joyasyasmin.com\/fr\/producto\/bracelet-active-double-protection\/\" \/>\n<meta property=\"og:locale\" content=\"fr_FR\" \/>\n<meta property=\"og:title\" content=\"Bracelet activ\u00e9 double protection - Yasmin\" \/>\n<meta property=\"og:description\" content=\"Bracelet activ\u00e9 double protection en argent 925 avec n\u0153ud de sorci\u00e8re et t\u00e9tragramme de 12 mm. Protection spirituelle et \u00e9nergie positive dans le design. Livraison gratuite.\" \/>\n<meta property=\"og:url\" content=\"https:\/\/joyasyasmin.com\/fr\/producto\/bracelet-active-double-protection\/\" \/>\n<meta property=\"og:site_name\" content=\"Yasmin\" \/>\n<meta property=\"article:publisher\" content=\"https:\/\/www.facebook.com\/Joyas-Yasmin-217664058934169\/\" \/>\n<meta property=\"article:modified_time\" content=\"2025-12-29T20:01:40+00:00\" \/>\n<meta property=\"og:image\" content=\"https:\/\/joyasyasmin.com\/wp-content\/uploads\/2025\/08\/Doble-proteccion-roja.jpg\" \/>\n\t<meta property=\"og:image:width\" content=\"1000\" \/>\n\t<meta property=\"og:image:height\" content=\"1000\" \/>\n\t<meta property=\"og:image:type\" content=\"image\/jpeg\" \/>\n<meta name=\"twitter:card\" content=\"summary_large_image\" \/>\n<script type=\"application\/ld+json\" class=\"yoast-schema-graph\">{\"@context\":\"https:\/\/schema.org\",\"@graph\":[{\"@type\":[\"WebPage\",\"ItemPage\"],\"@id\":\"https:\/\/joyasyasmin.com\/fr\/producto\/bracelet-active-double-protection\/\",\"url\":\"https:\/\/joyasyasmin.com\/fr\/producto\/bracelet-active-double-protection\/\",\"name\":\"Bracelet activ\u00e9 double protection - Yasmin\",\"isPartOf\":{\"@id\":\"https:\/\/joyasyasmin.com\/fr\/#website\"},\"primaryImageOfPage\":{\"@id\":\"https:\/\/joyasyasmin.com\/fr\/producto\/bracelet-active-double-protection\/#primaryimage\"},\"image\":{\"@id\":\"https:\/\/joyasyasmin.com\/fr\/producto\/bracelet-active-double-protection\/#primaryimage\"},\"thumbnailUrl\":\"https:\/\/joyasyasmin.com\/wp-content\/uploads\/2025\/08\/Doble-proteccion-roja.jpg\",\"datePublished\":\"2025-08-31T14:29:24+00:00\",\"dateModified\":\"2025-12-29T20:01:40+00:00\",\"description\":\"Bracelet activ\u00e9 double protection en argent 925 avec n\u0153ud de sorci\u00e8re et t\u00e9tragramme de 12 mm. Protection spirituelle et \u00e9nergie positive dans le design. Livraison gratuite.\",\"breadcrumb\":{\"@id\":\"https:\/\/joyasyasmin.com\/fr\/producto\/bracelet-active-double-protection\/#breadcrumb\"},\"inLanguage\":\"fr-FR\",\"potentialAction\":[{\"@type\":\"ReadAction\",\"target\":[\"https:\/\/joyasyasmin.com\/fr\/producto\/bracelet-active-double-protection\/\"]}]},{\"@type\":\"ImageObject\",\"inLanguage\":\"fr-FR\",\"@id\":\"https:\/\/joyasyasmin.com\/fr\/producto\/bracelet-active-double-protection\/#primaryimage\",\"url\":\"https:\/\/joyasyasmin.com\/wp-content\/uploads\/2025\/08\/Doble-proteccion-roja.jpg\",\"contentUrl\":\"https:\/\/joyasyasmin.com\/wp-content\/uploads\/2025\/08\/Doble-proteccion-roja.jpg\",\"width\":1000,\"height\":1000,\"caption\":\"Vente de bracelet activ\u00e9 double protection en argent 925\"},{\"@type\":\"BreadcrumbList\",\"@id\":\"https:\/\/joyasyasmin.com\/fr\/producto\/bracelet-active-double-protection\/#breadcrumb\",\"itemListElement\":[{\"@type\":\"ListItem\",\"position\":1,\"name\":\"Portada\",\"item\":\"https:\/\/joyasyasmin.com\/fr\/domicile\/\"},{\"@type\":\"ListItem\",\"position\":2,\"name\":\"Boutique\",\"item\":\"https:\/\/joyasyasmin.com\/fr\/boutique\/\"},{\"@type\":\"ListItem\",\"position\":3,\"name\":\"Bracelet activ\u00e9 double protection\"}]},{\"@type\":\"WebSite\",\"@id\":\"https:\/\/joyasyasmin.com\/fr\/#website\",\"url\":\"https:\/\/joyasyasmin.com\/fr\/\",\"name\":\"Yasmin\",\"description\":\"Joyer\u00eda de Plata 925 - Pendientes, pulseras, anillos, colgantes y m\u00e1s!\",\"publisher\":{\"@id\":\"https:\/\/joyasyasmin.com\/fr\/#organization\"},\"potentialAction\":[{\"@type\":\"SearchAction\",\"target\":{\"@type\":\"EntryPoint\",\"urlTemplate\":\"https:\/\/joyasyasmin.com\/fr\/?s={search_term_string}\"},\"query-input\":{\"@type\":\"PropertyValueSpecification\",\"valueRequired\":true,\"valueName\":\"search_term_string\"}}],\"inLanguage\":\"fr-FR\"},{\"@type\":\"Organization\",\"@id\":\"https:\/\/joyasyasmin.com\/fr\/#organization\",\"name\":\"joyas yasmin\",\"url\":\"https:\/\/joyasyasmin.com\/fr\/\",\"logo\":{\"@type\":\"ImageObject\",\"inLanguage\":\"fr-FR\",\"@id\":\"https:\/\/joyasyasmin.com\/fr\/#\/schema\/logo\/image\/\",\"url\":\"https:\/\/joyasyasmin.com\/wp-content\/uploads\/2017\/06\/IMG-20200429-WA0051.jpg\",\"contentUrl\":\"https:\/\/joyasyasmin.com\/wp-content\/uploads\/2017\/06\/IMG-20200429-WA0051.jpg\",\"width\":1080,\"height\":545,\"caption\":\"joyas yasmin\"},\"image\":{\"@id\":\"https:\/\/joyasyasmin.com\/fr\/#\/schema\/logo\/image\/\"},\"sameAs\":[\"https:\/\/www.facebook.com\/Joyas-Yasmin-217664058934169\/\",\"https:\/\/www.instagram.com\/invites\/contact\/\"]}]}<\/script>\n<!-- \/ Yoast SEO plugin. -->","yoast_head_json":{"title":"Bracelet activ\u00e9 double protection - Yasmin","description":"Bracelet activ\u00e9 double protection en argent 925 avec n\u0153ud de sorci\u00e8re et t\u00e9tragramme de 12 mm. Protection spirituelle et \u00e9nergie positive dans le design. Livraison gratuite.","robots":{"index":"index","follow":"follow","max-snippet":"max-snippet:-1","max-image-preview":"max-image-preview:large","max-video-preview":"max-video-preview:-1"},"canonical":"https:\/\/joyasyasmin.com\/fr\/producto\/bracelet-active-double-protection\/","og_locale":"fr_FR","og_title":"Bracelet activ\u00e9 double protection - Yasmin","og_description":"Bracelet activ\u00e9 double protection en argent 925 avec n\u0153ud de sorci\u00e8re et t\u00e9tragramme de 12 mm. Protection spirituelle et \u00e9nergie positive dans le design. Livraison gratuite.","og_url":"https:\/\/joyasyasmin.com\/fr\/producto\/bracelet-active-double-protection\/","og_site_name":"Yasmin","article_publisher":"https:\/\/www.facebook.com\/Joyas-Yasmin-217664058934169\/","article_modified_time":"2025-12-29T20:01:40+00:00","og_image":[{"width":1000,"height":1000,"url":"https:\/\/joyasyasmin.com\/wp-content\/uploads\/2025\/08\/Doble-proteccion-roja.jpg","type":"image\/jpeg"}],"twitter_card":"summary_large_image","schema":{"@context":"https:\/\/schema.org","@graph":[{"@type":["WebPage","ItemPage"],"@id":"https:\/\/joyasyasmin.com\/fr\/producto\/bracelet-active-double-protection\/","url":"https:\/\/joyasyasmin.com\/fr\/producto\/bracelet-active-double-protection\/","name":"Bracelet activ\u00e9 double protection - Yasmin","isPartOf":{"@id":"https:\/\/joyasyasmin.com\/fr\/#website"},"primaryImageOfPage":{"@id":"https:\/\/joyasyasmin.com\/fr\/producto\/bracelet-active-double-protection\/#primaryimage"},"image":{"@id":"https:\/\/joyasyasmin.com\/fr\/producto\/bracelet-active-double-protection\/#primaryimage"},"thumbnailUrl":"https:\/\/joyasyasmin.com\/wp-content\/uploads\/2025\/08\/Doble-proteccion-roja.jpg","datePublished":"2025-08-31T14:29:24+00:00","dateModified":"2025-12-29T20:01:40+00:00","description":"Bracelet activ\u00e9 double protection en argent 925 avec n\u0153ud de sorci\u00e8re et t\u00e9tragramme de 12 mm. Protection spirituelle et \u00e9nergie positive dans le design. Livraison gratuite.","breadcrumb":{"@id":"https:\/\/joyasyasmin.com\/fr\/producto\/bracelet-active-double-protection\/#breadcrumb"},"inLanguage":"fr-FR","potentialAction":[{"@type":"ReadAction","target":["https:\/\/joyasyasmin.com\/fr\/producto\/bracelet-active-double-protection\/"]}]},{"@type":"ImageObject","inLanguage":"fr-FR","@id":"https:\/\/joyasyasmin.com\/fr\/producto\/bracelet-active-double-protection\/#primaryimage","url":"https:\/\/joyasyasmin.com\/wp-content\/uploads\/2025\/08\/Doble-proteccion-roja.jpg","contentUrl":"https:\/\/joyasyasmin.com\/wp-content\/uploads\/2025\/08\/Doble-proteccion-roja.jpg","width":1000,"height":1000,"caption":"Vente de bracelet activ\u00e9 double protection en argent 925"},{"@type":"BreadcrumbList","@id":"https:\/\/joyasyasmin.com\/fr\/producto\/bracelet-active-double-protection\/#breadcrumb","itemListElement":[{"@type":"ListItem","position":1,"name":"Portada","item":"https:\/\/joyasyasmin.com\/fr\/domicile\/"},{"@type":"ListItem","position":2,"name":"Boutique","item":"https:\/\/joyasyasmin.com\/fr\/boutique\/"},{"@type":"ListItem","position":3,"name":"Bracelet activ\u00e9 double protection"}]},{"@type":"WebSite","@id":"https:\/\/joyasyasmin.com\/fr\/#website","url":"https:\/\/joyasyasmin.com\/fr\/","name":"Yasmin","description":"Joyer\u00eda de Plata 925 - Pendientes, pulseras, anillos, colgantes y m\u00e1s!","publisher":{"@id":"https:\/\/joyasyasmin.com\/fr\/#organization"},"potentialAction":[{"@type":"SearchAction","target":{"@type":"EntryPoint","urlTemplate":"https:\/\/joyasyasmin.com\/fr\/?s={search_term_string}"},"query-input":{"@type":"PropertyValueSpecification","valueRequired":true,"valueName":"search_term_string"}}],"inLanguage":"fr-FR"},{"@type":"Organization","@id":"https:\/\/joyasyasmin.com\/fr\/#organization","name":"joyas yasmin","url":"https:\/\/joyasyasmin.com\/fr\/","logo":{"@type":"ImageObject","inLanguage":"fr-FR","@id":"https:\/\/joyasyasmin.com\/fr\/#\/schema\/logo\/image\/","url":"https:\/\/joyasyasmin.com\/wp-content\/uploads\/2017\/06\/IMG-20200429-WA0051.jpg","contentUrl":"https:\/\/joyasyasmin.com\/wp-content\/uploads\/2017\/06\/IMG-20200429-WA0051.jpg","width":1080,"height":545,"caption":"joyas yasmin"},"image":{"@id":"https:\/\/joyasyasmin.com\/fr\/#\/schema\/logo\/image\/"},"sameAs":["https:\/\/www.facebook.com\/Joyas-Yasmin-217664058934169\/","https:\/\/www.instagram.com\/invites\/contact\/"]}]}},"_links":{"self":[{"href":"https:\/\/joyasyasmin.com\/fr\/wp-json\/wp\/v2\/product\/34634","targetHints":{"allow":["GET"]}}],"collection":[{"href":"https:\/\/joyasyasmin.com\/fr\/wp-json\/wp\/v2\/product"}],"about":[{"href":"https:\/\/joyasyasmin.com\/fr\/wp-json\/wp\/v2\/types\/product"}],"replies":[{"embeddable":true,"href":"https:\/\/joyasyasmin.com\/fr\/wp-json\/wp\/v2\/comments?post=34634"}],"version-history":[{"count":0,"href":"https:\/\/joyasyasmin.com\/fr\/wp-json\/wp\/v2\/product\/34634\/revisions"}],"wp:featuredmedia":[{"embeddable":true,"href":"https:\/\/joyasyasmin.com\/fr\/wp-json\/wp\/v2\/media\/34503"}],"wp:attachment":[{"href":"https:\/\/joyasyasmin.com\/fr\/wp-json\/wp\/v2\/media?parent=34634"}],"wp:term":[{"taxonomy":"product_brand","embeddable":true,"href":"https:\/\/joyasyasmin.com\/fr\/wp-json\/wp\/v2\/product_brand?post=34634"},{"taxonomy":"product_cat","embeddable":true,"href":"https:\/\/joyasyasmin.com\/fr\/wp-json\/wp\/v2\/product_cat?post=34634"},{"taxonomy":"product_tag","embeddable":true,"href":"https:\/\/joyasyasmin.com\/fr\/wp-json\/wp\/v2\/product_tag?post=34634"}],"curies":[{"name":"wp","href":"https:\/\/api.w.org\/{rel}","templated":true}]}}