{"id":34798,"date":"2025-09-13T10:42:00","date_gmt":"2025-09-13T10:42:00","guid":{"rendered":"https:\/\/joyasyasmin.com\/producto\/pierres-naturelles-bracelets-hebdomadaires\/"},"modified":"2025-09-13T10:42:00","modified_gmt":"2025-09-13T10:42:00","slug":"pierres-naturelles-bracelets-hebdomadaires","status":"publish","type":"product","link":"https:\/\/joyasyasmin.com\/fr\/producto\/pierres-naturelles-bracelets-hebdomadaires\/","title":{"rendered":"Pierres naturelles Bracelets hebdomadaires"},"content":{"rendered":"","protected":false},"excerpt":{"rendered":"<p>Pierres naturelles faites \u00e0 la main avec de la malachite, de l\u2019am\u00e9thyste, de la turquoise africaine, du rubis, du zircon bleu, du zircon et de la labradorite, mont\u00e9es de broches en argent 925. Son design \u00e9l\u00e9gant et unique met en valeur n\u2019importe quel look, avec des pierres de 2 mm et une longueur r\u00e9glable de 17 + 3 cm. Un bijou exclusif qui allie \u00e9nergie, style et qualit\u00e9 \u00e0 offrir ou \u00e0 porter au quotidien. En commandant les deux combos ensemble, vous recevez le septi\u00e8me bracelet en cadeau.   <\/p>\n","protected":false},"featured_media":34726,"comment_status":"open","ping_status":"closed","template":"","meta":{"_acf_changed":false,"_joinchat":[]},"product_brand":[],"product_cat":[1790],"product_tag":[],"class_list":{"0":"post-34798","1":"product","2":"type-product","3":"status-publish","4":"has-post-thumbnail","6":"product_cat-bracelets","8":"first","9":"instock","10":"shipping-taxable","11":"purchasable","12":"product-type-variable"},"acf":[],"yoast_head":"<!-- This site is optimized with the Yoast SEO plugin v27.3 - https:\/\/yoast.com\/product\/yoast-seo-wordpress\/ -->\n<title>Pierres naturelles Bracelets hebdomadaires - Yasmin<\/title>\n<meta name=\"description\" content=\"Bracelets hebdomadaires en pierres naturelles faites \u00e0 la main avec malachite, am\u00e9thyste, turquoise africaine, rubis, zircon et labradorite, avec un fermoir en argent 925.\" \/>\n<meta name=\"robots\" content=\"index, follow, max-snippet:-1, max-image-preview:large, max-video-preview:-1\" \/>\n<link rel=\"canonical\" href=\"https:\/\/joyasyasmin.com\/fr\/producto\/pierres-naturelles-bracelets-hebdomadaires\/\" \/>\n<meta property=\"og:locale\" content=\"fr_FR\" \/>\n<meta property=\"og:title\" content=\"Pierres naturelles Bracelets hebdomadaires - Yasmin\" \/>\n<meta property=\"og:description\" content=\"Bracelets hebdomadaires en pierres naturelles faites \u00e0 la main avec malachite, am\u00e9thyste, turquoise africaine, rubis, zircon et labradorite, avec un fermoir en argent 925.\" \/>\n<meta property=\"og:url\" content=\"https:\/\/joyasyasmin.com\/fr\/producto\/pierres-naturelles-bracelets-hebdomadaires\/\" \/>\n<meta property=\"og:site_name\" content=\"Yasmin\" \/>\n<meta property=\"article:publisher\" content=\"https:\/\/www.facebook.com\/Joyas-Yasmin-217664058934169\/\" \/>\n<meta property=\"og:image\" content=\"https:\/\/joyasyasmin.com\/wp-content\/uploads\/2025\/09\/semanario-piedra-natural.jpg\" \/>\n\t<meta property=\"og:image:width\" content=\"1000\" \/>\n\t<meta property=\"og:image:height\" content=\"1000\" \/>\n\t<meta property=\"og:image:type\" content=\"image\/jpeg\" \/>\n<meta name=\"twitter:card\" content=\"summary_large_image\" \/>\n<script type=\"application\/ld+json\" class=\"yoast-schema-graph\">{\"@context\":\"https:\\\/\\\/schema.org\",\"@graph\":[{\"@type\":[\"WebPage\",\"ItemPage\"],\"@id\":\"https:\\\/\\\/joyasyasmin.com\\\/fr\\\/producto\\\/pierres-naturelles-bracelets-hebdomadaires\\\/\",\"url\":\"https:\\\/\\\/joyasyasmin.com\\\/fr\\\/producto\\\/pierres-naturelles-bracelets-hebdomadaires\\\/\",\"name\":\"Pierres naturelles Bracelets hebdomadaires - Yasmin\",\"isPartOf\":{\"@id\":\"https:\\\/\\\/joyasyasmin.com\\\/fr\\\/#website\"},\"primaryImageOfPage\":{\"@id\":\"https:\\\/\\\/joyasyasmin.com\\\/fr\\\/producto\\\/pierres-naturelles-bracelets-hebdomadaires\\\/#primaryimage\"},\"image\":{\"@id\":\"https:\\\/\\\/joyasyasmin.com\\\/fr\\\/producto\\\/pierres-naturelles-bracelets-hebdomadaires\\\/#primaryimage\"},\"thumbnailUrl\":\"https:\\\/\\\/joyasyasmin.com\\\/wp-content\\\/uploads\\\/2025\\\/09\\\/semanario-piedra-natural.jpg\",\"datePublished\":\"2025-09-13T10:42:00+00:00\",\"description\":\"Bracelets hebdomadaires en pierres naturelles faites \u00e0 la main avec malachite, am\u00e9thyste, turquoise africaine, rubis, zircon et labradorite, avec un fermoir en argent 925.\",\"breadcrumb\":{\"@id\":\"https:\\\/\\\/joyasyasmin.com\\\/fr\\\/producto\\\/pierres-naturelles-bracelets-hebdomadaires\\\/#breadcrumb\"},\"inLanguage\":\"fr-FR\",\"potentialAction\":[{\"@type\":\"ReadAction\",\"target\":[\"https:\\\/\\\/joyasyasmin.com\\\/fr\\\/producto\\\/pierres-naturelles-bracelets-hebdomadaires\\\/\"]}]},{\"@type\":\"ImageObject\",\"inLanguage\":\"fr-FR\",\"@id\":\"https:\\\/\\\/joyasyasmin.com\\\/fr\\\/producto\\\/pierres-naturelles-bracelets-hebdomadaires\\\/#primaryimage\",\"url\":\"https:\\\/\\\/joyasyasmin.com\\\/wp-content\\\/uploads\\\/2025\\\/09\\\/semanario-piedra-natural.jpg\",\"contentUrl\":\"https:\\\/\\\/joyasyasmin.com\\\/wp-content\\\/uploads\\\/2025\\\/09\\\/semanario-piedra-natural.jpg\",\"width\":1000,\"height\":1000,\"caption\":\"Vente hebdomadaire de bracelets en argent sterling 925\"},{\"@type\":\"BreadcrumbList\",\"@id\":\"https:\\\/\\\/joyasyasmin.com\\\/fr\\\/producto\\\/pierres-naturelles-bracelets-hebdomadaires\\\/#breadcrumb\",\"itemListElement\":[{\"@type\":\"ListItem\",\"position\":1,\"name\":\"Portada\",\"item\":\"https:\\\/\\\/joyasyasmin.com\\\/fr\\\/domicile\\\/\"},{\"@type\":\"ListItem\",\"position\":2,\"name\":\"Boutique\",\"item\":\"https:\\\/\\\/joyasyasmin.com\\\/fr\\\/boutique\\\/\"},{\"@type\":\"ListItem\",\"position\":3,\"name\":\"Pierres naturelles Bracelets hebdomadaires\"}]},{\"@type\":\"WebSite\",\"@id\":\"https:\\\/\\\/joyasyasmin.com\\\/fr\\\/#website\",\"url\":\"https:\\\/\\\/joyasyasmin.com\\\/fr\\\/\",\"name\":\"Yasmin\",\"description\":\"Joyer\u00eda de Plata 925 - Pendientes, pulseras, anillos, colgantes y m\u00e1s!\",\"publisher\":{\"@id\":\"https:\\\/\\\/joyasyasmin.com\\\/fr\\\/#organization\"},\"potentialAction\":[{\"@type\":\"SearchAction\",\"target\":{\"@type\":\"EntryPoint\",\"urlTemplate\":\"https:\\\/\\\/joyasyasmin.com\\\/fr\\\/?s={search_term_string}\"},\"query-input\":{\"@type\":\"PropertyValueSpecification\",\"valueRequired\":true,\"valueName\":\"search_term_string\"}}],\"inLanguage\":\"fr-FR\"},{\"@type\":\"Organization\",\"@id\":\"https:\\\/\\\/joyasyasmin.com\\\/fr\\\/#organization\",\"name\":\"joyas yasmin\",\"url\":\"https:\\\/\\\/joyasyasmin.com\\\/fr\\\/\",\"logo\":{\"@type\":\"ImageObject\",\"inLanguage\":\"fr-FR\",\"@id\":\"https:\\\/\\\/joyasyasmin.com\\\/fr\\\/#\\\/schema\\\/logo\\\/image\\\/\",\"url\":\"https:\\\/\\\/joyasyasmin.com\\\/wp-content\\\/uploads\\\/2017\\\/06\\\/IMG-20200429-WA0051.jpg\",\"contentUrl\":\"https:\\\/\\\/joyasyasmin.com\\\/wp-content\\\/uploads\\\/2017\\\/06\\\/IMG-20200429-WA0051.jpg\",\"width\":1080,\"height\":545,\"caption\":\"joyas yasmin\"},\"image\":{\"@id\":\"https:\\\/\\\/joyasyasmin.com\\\/fr\\\/#\\\/schema\\\/logo\\\/image\\\/\"},\"sameAs\":[\"https:\\\/\\\/www.facebook.com\\\/Joyas-Yasmin-217664058934169\\\/\",\"https:\\\/\\\/www.instagram.com\\\/invites\\\/contact\\\/\"]}]}<\/script>\n<!-- \/ Yoast SEO plugin. -->","yoast_head_json":{"title":"Pierres naturelles Bracelets hebdomadaires - Yasmin","description":"Bracelets hebdomadaires en pierres naturelles faites \u00e0 la main avec malachite, am\u00e9thyste, turquoise africaine, rubis, zircon et labradorite, avec un fermoir en argent 925.","robots":{"index":"index","follow":"follow","max-snippet":"max-snippet:-1","max-image-preview":"max-image-preview:large","max-video-preview":"max-video-preview:-1"},"canonical":"https:\/\/joyasyasmin.com\/fr\/producto\/pierres-naturelles-bracelets-hebdomadaires\/","og_locale":"fr_FR","og_title":"Pierres naturelles Bracelets hebdomadaires - Yasmin","og_description":"Bracelets hebdomadaires en pierres naturelles faites \u00e0 la main avec malachite, am\u00e9thyste, turquoise africaine, rubis, zircon et labradorite, avec un fermoir en argent 925.","og_url":"https:\/\/joyasyasmin.com\/fr\/producto\/pierres-naturelles-bracelets-hebdomadaires\/","og_site_name":"Yasmin","article_publisher":"https:\/\/www.facebook.com\/Joyas-Yasmin-217664058934169\/","og_image":[{"width":1000,"height":1000,"url":"https:\/\/joyasyasmin.com\/wp-content\/uploads\/2025\/09\/semanario-piedra-natural.jpg","type":"image\/jpeg"}],"twitter_card":"summary_large_image","schema":{"@context":"https:\/\/schema.org","@graph":[{"@type":["WebPage","ItemPage"],"@id":"https:\/\/joyasyasmin.com\/fr\/producto\/pierres-naturelles-bracelets-hebdomadaires\/","url":"https:\/\/joyasyasmin.com\/fr\/producto\/pierres-naturelles-bracelets-hebdomadaires\/","name":"Pierres naturelles Bracelets hebdomadaires - Yasmin","isPartOf":{"@id":"https:\/\/joyasyasmin.com\/fr\/#website"},"primaryImageOfPage":{"@id":"https:\/\/joyasyasmin.com\/fr\/producto\/pierres-naturelles-bracelets-hebdomadaires\/#primaryimage"},"image":{"@id":"https:\/\/joyasyasmin.com\/fr\/producto\/pierres-naturelles-bracelets-hebdomadaires\/#primaryimage"},"thumbnailUrl":"https:\/\/joyasyasmin.com\/wp-content\/uploads\/2025\/09\/semanario-piedra-natural.jpg","datePublished":"2025-09-13T10:42:00+00:00","description":"Bracelets hebdomadaires en pierres naturelles faites \u00e0 la main avec malachite, am\u00e9thyste, turquoise africaine, rubis, zircon et labradorite, avec un fermoir en argent 925.","breadcrumb":{"@id":"https:\/\/joyasyasmin.com\/fr\/producto\/pierres-naturelles-bracelets-hebdomadaires\/#breadcrumb"},"inLanguage":"fr-FR","potentialAction":[{"@type":"ReadAction","target":["https:\/\/joyasyasmin.com\/fr\/producto\/pierres-naturelles-bracelets-hebdomadaires\/"]}]},{"@type":"ImageObject","inLanguage":"fr-FR","@id":"https:\/\/joyasyasmin.com\/fr\/producto\/pierres-naturelles-bracelets-hebdomadaires\/#primaryimage","url":"https:\/\/joyasyasmin.com\/wp-content\/uploads\/2025\/09\/semanario-piedra-natural.jpg","contentUrl":"https:\/\/joyasyasmin.com\/wp-content\/uploads\/2025\/09\/semanario-piedra-natural.jpg","width":1000,"height":1000,"caption":"Vente hebdomadaire de bracelets en argent sterling 925"},{"@type":"BreadcrumbList","@id":"https:\/\/joyasyasmin.com\/fr\/producto\/pierres-naturelles-bracelets-hebdomadaires\/#breadcrumb","itemListElement":[{"@type":"ListItem","position":1,"name":"Portada","item":"https:\/\/joyasyasmin.com\/fr\/domicile\/"},{"@type":"ListItem","position":2,"name":"Boutique","item":"https:\/\/joyasyasmin.com\/fr\/boutique\/"},{"@type":"ListItem","position":3,"name":"Pierres naturelles Bracelets hebdomadaires"}]},{"@type":"WebSite","@id":"https:\/\/joyasyasmin.com\/fr\/#website","url":"https:\/\/joyasyasmin.com\/fr\/","name":"Yasmin","description":"Joyer\u00eda de Plata 925 - Pendientes, pulseras, anillos, colgantes y m\u00e1s!","publisher":{"@id":"https:\/\/joyasyasmin.com\/fr\/#organization"},"potentialAction":[{"@type":"SearchAction","target":{"@type":"EntryPoint","urlTemplate":"https:\/\/joyasyasmin.com\/fr\/?s={search_term_string}"},"query-input":{"@type":"PropertyValueSpecification","valueRequired":true,"valueName":"search_term_string"}}],"inLanguage":"fr-FR"},{"@type":"Organization","@id":"https:\/\/joyasyasmin.com\/fr\/#organization","name":"joyas yasmin","url":"https:\/\/joyasyasmin.com\/fr\/","logo":{"@type":"ImageObject","inLanguage":"fr-FR","@id":"https:\/\/joyasyasmin.com\/fr\/#\/schema\/logo\/image\/","url":"https:\/\/joyasyasmin.com\/wp-content\/uploads\/2017\/06\/IMG-20200429-WA0051.jpg","contentUrl":"https:\/\/joyasyasmin.com\/wp-content\/uploads\/2017\/06\/IMG-20200429-WA0051.jpg","width":1080,"height":545,"caption":"joyas yasmin"},"image":{"@id":"https:\/\/joyasyasmin.com\/fr\/#\/schema\/logo\/image\/"},"sameAs":["https:\/\/www.facebook.com\/Joyas-Yasmin-217664058934169\/","https:\/\/www.instagram.com\/invites\/contact\/"]}]}},"_links":{"self":[{"href":"https:\/\/joyasyasmin.com\/fr\/wp-json\/wp\/v2\/product\/34798","targetHints":{"allow":["GET"]}}],"collection":[{"href":"https:\/\/joyasyasmin.com\/fr\/wp-json\/wp\/v2\/product"}],"about":[{"href":"https:\/\/joyasyasmin.com\/fr\/wp-json\/wp\/v2\/types\/product"}],"replies":[{"embeddable":true,"href":"https:\/\/joyasyasmin.com\/fr\/wp-json\/wp\/v2\/comments?post=34798"}],"version-history":[{"count":0,"href":"https:\/\/joyasyasmin.com\/fr\/wp-json\/wp\/v2\/product\/34798\/revisions"}],"wp:featuredmedia":[{"embeddable":true,"href":"https:\/\/joyasyasmin.com\/fr\/wp-json\/wp\/v2\/media\/34726"}],"wp:attachment":[{"href":"https:\/\/joyasyasmin.com\/fr\/wp-json\/wp\/v2\/media?parent=34798"}],"wp:term":[{"taxonomy":"product_brand","embeddable":true,"href":"https:\/\/joyasyasmin.com\/fr\/wp-json\/wp\/v2\/product_brand?post=34798"},{"taxonomy":"product_cat","embeddable":true,"href":"https:\/\/joyasyasmin.com\/fr\/wp-json\/wp\/v2\/product_cat?post=34798"},{"taxonomy":"product_tag","embeddable":true,"href":"https:\/\/joyasyasmin.com\/fr\/wp-json\/wp\/v2\/product_tag?post=34798"}],"curies":[{"name":"wp","href":"https:\/\/api.w.org\/{rel}","templated":true}]}}