{"id":35707,"date":"2025-10-22T19:43:24","date_gmt":"2025-10-22T19:43:24","guid":{"rendered":"https:\/\/joyasyasmin.com\/producto\/omega-flor-del-mar-boucle-doreille\/"},"modified":"2025-10-22T19:43:24","modified_gmt":"2025-10-22T19:43:24","slug":"omega-flor-del-mar-boucle-doreille","status":"publish","type":"product","link":"https:\/\/joyasyasmin.com\/fr\/producto\/omega-flor-del-mar-boucle-doreille\/","title":{"rendered":"Omega Flor del Mar Boucle d\u2019oreille"},"content":{"rendered":"","protected":false},"excerpt":{"rendered":"<p>Boucle d\u2019oreille Omega Sea Flower en argent 925, avec un design \u00e9l\u00e9gant qui combine une perle Shell de 9 mm et une d\u00e9licate fleur de zircone de 6 mm. Son \u00e9clat subtil \u00e9voque la puret\u00e9 de l\u2019oc\u00e9an et la f\u00e9minit\u00e9 naturelle. Id\u00e9al pour les occasions sp\u00e9ciales ou pour ajouter une touche de distinction \u00e0 la vie de tous les jours, il existe \u00e9galement un placage \u00e0 l\u2019or fin de 3 microns en or 18 carats.  <\/p>\n","protected":false},"featured_media":35346,"comment_status":"open","ping_status":"closed","template":"","meta":{"_acf_changed":false,"_joinchat":[]},"product_brand":[],"product_cat":[1775],"product_tag":[],"class_list":{"0":"post-35707","1":"product","2":"type-product","3":"status-publish","4":"has-post-thumbnail","6":"product_cat-boucles-doreilles-et-boucles-doreilles","8":"first","9":"instock","10":"shipping-taxable","11":"purchasable","12":"product-type-variable"},"acf":[],"yoast_head":"<!-- This site is optimized with the Yoast SEO plugin v27.2 - https:\/\/yoast.com\/product\/yoast-seo-wordpress\/ -->\n<title>Omega Flor del Mar Boucle d\u2019oreille - Yasmin<\/title>\n<meta name=\"description\" content=\"Boucle d\u2019oreille Omega Sea Flower en argent 925 avec perle Shell de 9 mm et fleur de zircone de 6 mm. \u00c9l\u00e9gant, lumineux, inspir\u00e9 par la beaut\u00e9 de l\u2019oc\u00e9an.\" \/>\n<meta name=\"robots\" content=\"index, follow, max-snippet:-1, max-image-preview:large, max-video-preview:-1\" \/>\n<link rel=\"canonical\" href=\"https:\/\/joyasyasmin.com\/fr\/producto\/omega-flor-del-mar-boucle-doreille\/\" \/>\n<meta property=\"og:locale\" content=\"fr_FR\" \/>\n<meta property=\"og:title\" content=\"Omega Flor del Mar Boucle d\u2019oreille - Yasmin\" \/>\n<meta property=\"og:description\" content=\"Boucle d\u2019oreille Omega Sea Flower en argent 925 avec perle Shell de 9 mm et fleur de zircone de 6 mm. \u00c9l\u00e9gant, lumineux, inspir\u00e9 par la beaut\u00e9 de l\u2019oc\u00e9an.\" \/>\n<meta property=\"og:url\" content=\"https:\/\/joyasyasmin.com\/fr\/producto\/omega-flor-del-mar-boucle-doreille\/\" \/>\n<meta property=\"og:site_name\" content=\"Yasmin\" \/>\n<meta property=\"article:publisher\" content=\"https:\/\/www.facebook.com\/Joyas-Yasmin-217664058934169\/\" \/>\n<meta property=\"og:image\" content=\"https:\/\/joyasyasmin.com\/wp-content\/uploads\/2025\/10\/pendiente-omega-flor-de-plata.jpg\" \/>\n\t<meta property=\"og:image:width\" content=\"1000\" \/>\n\t<meta property=\"og:image:height\" content=\"1000\" \/>\n\t<meta property=\"og:image:type\" content=\"image\/jpeg\" \/>\n<meta name=\"twitter:card\" content=\"summary_large_image\" \/>\n<script type=\"application\/ld+json\" class=\"yoast-schema-graph\">{\"@context\":\"https:\/\/schema.org\",\"@graph\":[{\"@type\":[\"WebPage\",\"ItemPage\"],\"@id\":\"https:\/\/joyasyasmin.com\/fr\/producto\/omega-flor-del-mar-boucle-doreille\/\",\"url\":\"https:\/\/joyasyasmin.com\/fr\/producto\/omega-flor-del-mar-boucle-doreille\/\",\"name\":\"Omega Flor del Mar Boucle d\u2019oreille - Yasmin\",\"isPartOf\":{\"@id\":\"https:\/\/joyasyasmin.com\/fr\/#website\"},\"primaryImageOfPage\":{\"@id\":\"https:\/\/joyasyasmin.com\/fr\/producto\/omega-flor-del-mar-boucle-doreille\/#primaryimage\"},\"image\":{\"@id\":\"https:\/\/joyasyasmin.com\/fr\/producto\/omega-flor-del-mar-boucle-doreille\/#primaryimage\"},\"thumbnailUrl\":\"https:\/\/joyasyasmin.com\/wp-content\/uploads\/2025\/10\/pendiente-omega-flor-de-plata.jpg\",\"datePublished\":\"2025-10-22T19:43:24+00:00\",\"description\":\"Boucle d\u2019oreille Omega Sea Flower en argent 925 avec perle Shell de 9 mm et fleur de zircone de 6 mm. \u00c9l\u00e9gant, lumineux, inspir\u00e9 par la beaut\u00e9 de l\u2019oc\u00e9an.\",\"breadcrumb\":{\"@id\":\"https:\/\/joyasyasmin.com\/fr\/producto\/omega-flor-del-mar-boucle-doreille\/#breadcrumb\"},\"inLanguage\":\"fr-FR\",\"potentialAction\":[{\"@type\":\"ReadAction\",\"target\":[\"https:\/\/joyasyasmin.com\/fr\/producto\/omega-flor-del-mar-boucle-doreille\/\"]}]},{\"@type\":\"ImageObject\",\"inLanguage\":\"fr-FR\",\"@id\":\"https:\/\/joyasyasmin.com\/fr\/producto\/omega-flor-del-mar-boucle-doreille\/#primaryimage\",\"url\":\"https:\/\/joyasyasmin.com\/wp-content\/uploads\/2025\/10\/pendiente-omega-flor-de-plata.jpg\",\"contentUrl\":\"https:\/\/joyasyasmin.com\/wp-content\/uploads\/2025\/10\/pendiente-omega-flor-de-plata.jpg\",\"width\":1000,\"height\":1000,\"caption\":\"Boucle d\u2019oreille Omega Sea Flower en argent 925\"},{\"@type\":\"BreadcrumbList\",\"@id\":\"https:\/\/joyasyasmin.com\/fr\/producto\/omega-flor-del-mar-boucle-doreille\/#breadcrumb\",\"itemListElement\":[{\"@type\":\"ListItem\",\"position\":1,\"name\":\"Portada\",\"item\":\"https:\/\/joyasyasmin.com\/fr\/domicile\/\"},{\"@type\":\"ListItem\",\"position\":2,\"name\":\"Boutique\",\"item\":\"https:\/\/joyasyasmin.com\/fr\/boutique\/\"},{\"@type\":\"ListItem\",\"position\":3,\"name\":\"Omega Flor del Mar Boucle d\u2019oreille\"}]},{\"@type\":\"WebSite\",\"@id\":\"https:\/\/joyasyasmin.com\/fr\/#website\",\"url\":\"https:\/\/joyasyasmin.com\/fr\/\",\"name\":\"Yasmin\",\"description\":\"Joyer\u00eda de Plata 925 - Pendientes, pulseras, anillos, colgantes y m\u00e1s!\",\"publisher\":{\"@id\":\"https:\/\/joyasyasmin.com\/fr\/#organization\"},\"potentialAction\":[{\"@type\":\"SearchAction\",\"target\":{\"@type\":\"EntryPoint\",\"urlTemplate\":\"https:\/\/joyasyasmin.com\/fr\/?s={search_term_string}\"},\"query-input\":{\"@type\":\"PropertyValueSpecification\",\"valueRequired\":true,\"valueName\":\"search_term_string\"}}],\"inLanguage\":\"fr-FR\"},{\"@type\":\"Organization\",\"@id\":\"https:\/\/joyasyasmin.com\/fr\/#organization\",\"name\":\"joyas yasmin\",\"url\":\"https:\/\/joyasyasmin.com\/fr\/\",\"logo\":{\"@type\":\"ImageObject\",\"inLanguage\":\"fr-FR\",\"@id\":\"https:\/\/joyasyasmin.com\/fr\/#\/schema\/logo\/image\/\",\"url\":\"https:\/\/joyasyasmin.com\/wp-content\/uploads\/2017\/06\/IMG-20200429-WA0051.jpg\",\"contentUrl\":\"https:\/\/joyasyasmin.com\/wp-content\/uploads\/2017\/06\/IMG-20200429-WA0051.jpg\",\"width\":1080,\"height\":545,\"caption\":\"joyas yasmin\"},\"image\":{\"@id\":\"https:\/\/joyasyasmin.com\/fr\/#\/schema\/logo\/image\/\"},\"sameAs\":[\"https:\/\/www.facebook.com\/Joyas-Yasmin-217664058934169\/\",\"https:\/\/www.instagram.com\/invites\/contact\/\"]}]}<\/script>\n<!-- \/ Yoast SEO plugin. -->","yoast_head_json":{"title":"Omega Flor del Mar Boucle d\u2019oreille - Yasmin","description":"Boucle d\u2019oreille Omega Sea Flower en argent 925 avec perle Shell de 9 mm et fleur de zircone de 6 mm. \u00c9l\u00e9gant, lumineux, inspir\u00e9 par la beaut\u00e9 de l\u2019oc\u00e9an.","robots":{"index":"index","follow":"follow","max-snippet":"max-snippet:-1","max-image-preview":"max-image-preview:large","max-video-preview":"max-video-preview:-1"},"canonical":"https:\/\/joyasyasmin.com\/fr\/producto\/omega-flor-del-mar-boucle-doreille\/","og_locale":"fr_FR","og_title":"Omega Flor del Mar Boucle d\u2019oreille - Yasmin","og_description":"Boucle d\u2019oreille Omega Sea Flower en argent 925 avec perle Shell de 9 mm et fleur de zircone de 6 mm. \u00c9l\u00e9gant, lumineux, inspir\u00e9 par la beaut\u00e9 de l\u2019oc\u00e9an.","og_url":"https:\/\/joyasyasmin.com\/fr\/producto\/omega-flor-del-mar-boucle-doreille\/","og_site_name":"Yasmin","article_publisher":"https:\/\/www.facebook.com\/Joyas-Yasmin-217664058934169\/","og_image":[{"width":1000,"height":1000,"url":"https:\/\/joyasyasmin.com\/wp-content\/uploads\/2025\/10\/pendiente-omega-flor-de-plata.jpg","type":"image\/jpeg"}],"twitter_card":"summary_large_image","schema":{"@context":"https:\/\/schema.org","@graph":[{"@type":["WebPage","ItemPage"],"@id":"https:\/\/joyasyasmin.com\/fr\/producto\/omega-flor-del-mar-boucle-doreille\/","url":"https:\/\/joyasyasmin.com\/fr\/producto\/omega-flor-del-mar-boucle-doreille\/","name":"Omega Flor del Mar Boucle d\u2019oreille - Yasmin","isPartOf":{"@id":"https:\/\/joyasyasmin.com\/fr\/#website"},"primaryImageOfPage":{"@id":"https:\/\/joyasyasmin.com\/fr\/producto\/omega-flor-del-mar-boucle-doreille\/#primaryimage"},"image":{"@id":"https:\/\/joyasyasmin.com\/fr\/producto\/omega-flor-del-mar-boucle-doreille\/#primaryimage"},"thumbnailUrl":"https:\/\/joyasyasmin.com\/wp-content\/uploads\/2025\/10\/pendiente-omega-flor-de-plata.jpg","datePublished":"2025-10-22T19:43:24+00:00","description":"Boucle d\u2019oreille Omega Sea Flower en argent 925 avec perle Shell de 9 mm et fleur de zircone de 6 mm. \u00c9l\u00e9gant, lumineux, inspir\u00e9 par la beaut\u00e9 de l\u2019oc\u00e9an.","breadcrumb":{"@id":"https:\/\/joyasyasmin.com\/fr\/producto\/omega-flor-del-mar-boucle-doreille\/#breadcrumb"},"inLanguage":"fr-FR","potentialAction":[{"@type":"ReadAction","target":["https:\/\/joyasyasmin.com\/fr\/producto\/omega-flor-del-mar-boucle-doreille\/"]}]},{"@type":"ImageObject","inLanguage":"fr-FR","@id":"https:\/\/joyasyasmin.com\/fr\/producto\/omega-flor-del-mar-boucle-doreille\/#primaryimage","url":"https:\/\/joyasyasmin.com\/wp-content\/uploads\/2025\/10\/pendiente-omega-flor-de-plata.jpg","contentUrl":"https:\/\/joyasyasmin.com\/wp-content\/uploads\/2025\/10\/pendiente-omega-flor-de-plata.jpg","width":1000,"height":1000,"caption":"Boucle d\u2019oreille Omega Sea Flower en argent 925"},{"@type":"BreadcrumbList","@id":"https:\/\/joyasyasmin.com\/fr\/producto\/omega-flor-del-mar-boucle-doreille\/#breadcrumb","itemListElement":[{"@type":"ListItem","position":1,"name":"Portada","item":"https:\/\/joyasyasmin.com\/fr\/domicile\/"},{"@type":"ListItem","position":2,"name":"Boutique","item":"https:\/\/joyasyasmin.com\/fr\/boutique\/"},{"@type":"ListItem","position":3,"name":"Omega Flor del Mar Boucle d\u2019oreille"}]},{"@type":"WebSite","@id":"https:\/\/joyasyasmin.com\/fr\/#website","url":"https:\/\/joyasyasmin.com\/fr\/","name":"Yasmin","description":"Joyer\u00eda de Plata 925 - Pendientes, pulseras, anillos, colgantes y m\u00e1s!","publisher":{"@id":"https:\/\/joyasyasmin.com\/fr\/#organization"},"potentialAction":[{"@type":"SearchAction","target":{"@type":"EntryPoint","urlTemplate":"https:\/\/joyasyasmin.com\/fr\/?s={search_term_string}"},"query-input":{"@type":"PropertyValueSpecification","valueRequired":true,"valueName":"search_term_string"}}],"inLanguage":"fr-FR"},{"@type":"Organization","@id":"https:\/\/joyasyasmin.com\/fr\/#organization","name":"joyas yasmin","url":"https:\/\/joyasyasmin.com\/fr\/","logo":{"@type":"ImageObject","inLanguage":"fr-FR","@id":"https:\/\/joyasyasmin.com\/fr\/#\/schema\/logo\/image\/","url":"https:\/\/joyasyasmin.com\/wp-content\/uploads\/2017\/06\/IMG-20200429-WA0051.jpg","contentUrl":"https:\/\/joyasyasmin.com\/wp-content\/uploads\/2017\/06\/IMG-20200429-WA0051.jpg","width":1080,"height":545,"caption":"joyas yasmin"},"image":{"@id":"https:\/\/joyasyasmin.com\/fr\/#\/schema\/logo\/image\/"},"sameAs":["https:\/\/www.facebook.com\/Joyas-Yasmin-217664058934169\/","https:\/\/www.instagram.com\/invites\/contact\/"]}]}},"_links":{"self":[{"href":"https:\/\/joyasyasmin.com\/fr\/wp-json\/wp\/v2\/product\/35707","targetHints":{"allow":["GET"]}}],"collection":[{"href":"https:\/\/joyasyasmin.com\/fr\/wp-json\/wp\/v2\/product"}],"about":[{"href":"https:\/\/joyasyasmin.com\/fr\/wp-json\/wp\/v2\/types\/product"}],"replies":[{"embeddable":true,"href":"https:\/\/joyasyasmin.com\/fr\/wp-json\/wp\/v2\/comments?post=35707"}],"version-history":[{"count":0,"href":"https:\/\/joyasyasmin.com\/fr\/wp-json\/wp\/v2\/product\/35707\/revisions"}],"wp:featuredmedia":[{"embeddable":true,"href":"https:\/\/joyasyasmin.com\/fr\/wp-json\/wp\/v2\/media\/35346"}],"wp:attachment":[{"href":"https:\/\/joyasyasmin.com\/fr\/wp-json\/wp\/v2\/media?parent=35707"}],"wp:term":[{"taxonomy":"product_brand","embeddable":true,"href":"https:\/\/joyasyasmin.com\/fr\/wp-json\/wp\/v2\/product_brand?post=35707"},{"taxonomy":"product_cat","embeddable":true,"href":"https:\/\/joyasyasmin.com\/fr\/wp-json\/wp\/v2\/product_cat?post=35707"},{"taxonomy":"product_tag","embeddable":true,"href":"https:\/\/joyasyasmin.com\/fr\/wp-json\/wp\/v2\/product_tag?post=35707"}],"curies":[{"name":"wp","href":"https:\/\/api.w.org\/{rel}","templated":true}]}}