{"id":37628,"date":"2026-01-19T21:54:38","date_gmt":"2026-01-19T21:54:38","guid":{"rendered":"https:\/\/joyasyasmin.com\/producto\/anneau-des-empreintes-de-coeur\/"},"modified":"2026-01-19T21:54:38","modified_gmt":"2026-01-19T21:54:38","slug":"anneau-des-empreintes-de-coeur","status":"publish","type":"product","link":"https:\/\/joyasyasmin.com\/fr\/producto\/anneau-des-empreintes-de-coeur\/","title":{"rendered":"Anneau des empreintes de c\u0153ur"},"content":{"rendered":"","protected":false},"excerpt":{"rendered":"<p>Bague \u00e0 empreintes de c\u0153ur en argent 925, avec un c\u0153ur d\u00e9licat de 10 mm portant une empreinte \u00e0 l\u2019int\u00e9rieur, symbole d\u2019amour et de m\u00e9moire de nos animaux. Son design \u00e9mouvant et \u00e9l\u00e9gant en fait une pi\u00e8ce sp\u00e9ciale \u00e0 toujours porter avec les animaux de compagnie. <\/p>\n","protected":false},"featured_media":37219,"comment_status":"open","ping_status":"closed","template":"","meta":{"_acf_changed":false,"_joinchat":[]},"product_brand":[],"product_cat":[1855],"product_tag":[],"class_list":{"0":"post-37628","1":"product","2":"type-product","3":"status-publish","4":"has-post-thumbnail","6":"product_cat-bagues-et-bagues","8":"first","9":"instock","10":"shipping-taxable","11":"purchasable","12":"product-type-variable"},"acf":[],"yoast_head":"<!-- This site is optimized with the Yoast SEO plugin v27.2 - https:\/\/yoast.com\/product\/yoast-seo-wordpress\/ -->\n<title>Anneau des empreintes de c\u0153ur - Yasmin<\/title>\n<meta name=\"description\" content=\"Des empreintes en forme de bague en forme de c\u0153ur en argent 925 mesurent 10 mm et une empreinte \u00e0 l\u2019int\u00e9rieur, symbole d\u2019amour et rappel sp\u00e9cial des animaux de compagnie. Un design \u00e9motionnel et \u00e9l\u00e9gant.\" \/>\n<meta name=\"robots\" content=\"index, follow, max-snippet:-1, max-image-preview:large, max-video-preview:-1\" \/>\n<link rel=\"canonical\" href=\"https:\/\/joyasyasmin.com\/fr\/producto\/anneau-des-empreintes-de-coeur\/\" \/>\n<meta property=\"og:locale\" content=\"fr_FR\" \/>\n<meta property=\"og:title\" content=\"Anneau des empreintes de c\u0153ur - Yasmin\" \/>\n<meta property=\"og:description\" content=\"Des empreintes en forme de bague en forme de c\u0153ur en argent 925 mesurent 10 mm et une empreinte \u00e0 l\u2019int\u00e9rieur, symbole d\u2019amour et rappel sp\u00e9cial des animaux de compagnie. Un design \u00e9motionnel et \u00e9l\u00e9gant.\" \/>\n<meta property=\"og:url\" content=\"https:\/\/joyasyasmin.com\/fr\/producto\/anneau-des-empreintes-de-coeur\/\" \/>\n<meta property=\"og:site_name\" content=\"Yasmin\" \/>\n<meta property=\"article:publisher\" content=\"https:\/\/www.facebook.com\/Joyas-Yasmin-217664058934169\/\" \/>\n<meta property=\"og:image\" content=\"https:\/\/joyasyasmin.com\/wp-content\/uploads\/2026\/01\/anillo-corazon-de-huella.jpg\" \/>\n\t<meta property=\"og:image:width\" content=\"1000\" \/>\n\t<meta property=\"og:image:height\" content=\"1000\" \/>\n\t<meta property=\"og:image:type\" content=\"image\/jpeg\" \/>\n<meta name=\"twitter:card\" content=\"summary_large_image\" \/>\n<script type=\"application\/ld+json\" class=\"yoast-schema-graph\">{\"@context\":\"https:\/\/schema.org\",\"@graph\":[{\"@type\":[\"WebPage\",\"ItemPage\"],\"@id\":\"https:\/\/joyasyasmin.com\/fr\/producto\/anneau-des-empreintes-de-coeur\/\",\"url\":\"https:\/\/joyasyasmin.com\/fr\/producto\/anneau-des-empreintes-de-coeur\/\",\"name\":\"Anneau des empreintes de c\u0153ur - Yasmin\",\"isPartOf\":{\"@id\":\"https:\/\/joyasyasmin.com\/fr\/#website\"},\"primaryImageOfPage\":{\"@id\":\"https:\/\/joyasyasmin.com\/fr\/producto\/anneau-des-empreintes-de-coeur\/#primaryimage\"},\"image\":{\"@id\":\"https:\/\/joyasyasmin.com\/fr\/producto\/anneau-des-empreintes-de-coeur\/#primaryimage\"},\"thumbnailUrl\":\"https:\/\/joyasyasmin.com\/wp-content\/uploads\/2026\/01\/anillo-corazon-de-huella.jpg\",\"datePublished\":\"2026-01-19T21:54:38+00:00\",\"description\":\"Des empreintes en forme de bague en forme de c\u0153ur en argent 925 mesurent 10 mm et une empreinte \u00e0 l\u2019int\u00e9rieur, symbole d\u2019amour et rappel sp\u00e9cial des animaux de compagnie. Un design \u00e9motionnel et \u00e9l\u00e9gant.\",\"breadcrumb\":{\"@id\":\"https:\/\/joyasyasmin.com\/fr\/producto\/anneau-des-empreintes-de-coeur\/#breadcrumb\"},\"inLanguage\":\"fr-FR\",\"potentialAction\":[{\"@type\":\"ReadAction\",\"target\":[\"https:\/\/joyasyasmin.com\/fr\/producto\/anneau-des-empreintes-de-coeur\/\"]}]},{\"@type\":\"ImageObject\",\"inLanguage\":\"fr-FR\",\"@id\":\"https:\/\/joyasyasmin.com\/fr\/producto\/anneau-des-empreintes-de-coeur\/#primaryimage\",\"url\":\"https:\/\/joyasyasmin.com\/wp-content\/uploads\/2026\/01\/anillo-corazon-de-huella.jpg\",\"contentUrl\":\"https:\/\/joyasyasmin.com\/wp-content\/uploads\/2026\/01\/anillo-corazon-de-huella.jpg\",\"width\":1000,\"height\":1000,\"caption\":\"925 bague c\u0153ur \u00e0 empreintes en argent \u00e0 vendre\"},{\"@type\":\"BreadcrumbList\",\"@id\":\"https:\/\/joyasyasmin.com\/fr\/producto\/anneau-des-empreintes-de-coeur\/#breadcrumb\",\"itemListElement\":[{\"@type\":\"ListItem\",\"position\":1,\"name\":\"Portada\",\"item\":\"https:\/\/joyasyasmin.com\/fr\/domicile\/\"},{\"@type\":\"ListItem\",\"position\":2,\"name\":\"Boutique\",\"item\":\"https:\/\/joyasyasmin.com\/fr\/boutique\/\"},{\"@type\":\"ListItem\",\"position\":3,\"name\":\"Anneau des empreintes de c\u0153ur\"}]},{\"@type\":\"WebSite\",\"@id\":\"https:\/\/joyasyasmin.com\/fr\/#website\",\"url\":\"https:\/\/joyasyasmin.com\/fr\/\",\"name\":\"Yasmin\",\"description\":\"Joyer\u00eda de Plata 925 - Pendientes, pulseras, anillos, colgantes y m\u00e1s!\",\"publisher\":{\"@id\":\"https:\/\/joyasyasmin.com\/fr\/#organization\"},\"potentialAction\":[{\"@type\":\"SearchAction\",\"target\":{\"@type\":\"EntryPoint\",\"urlTemplate\":\"https:\/\/joyasyasmin.com\/fr\/?s={search_term_string}\"},\"query-input\":{\"@type\":\"PropertyValueSpecification\",\"valueRequired\":true,\"valueName\":\"search_term_string\"}}],\"inLanguage\":\"fr-FR\"},{\"@type\":\"Organization\",\"@id\":\"https:\/\/joyasyasmin.com\/fr\/#organization\",\"name\":\"joyas yasmin\",\"url\":\"https:\/\/joyasyasmin.com\/fr\/\",\"logo\":{\"@type\":\"ImageObject\",\"inLanguage\":\"fr-FR\",\"@id\":\"https:\/\/joyasyasmin.com\/fr\/#\/schema\/logo\/image\/\",\"url\":\"https:\/\/joyasyasmin.com\/wp-content\/uploads\/2017\/06\/IMG-20200429-WA0051.jpg\",\"contentUrl\":\"https:\/\/joyasyasmin.com\/wp-content\/uploads\/2017\/06\/IMG-20200429-WA0051.jpg\",\"width\":1080,\"height\":545,\"caption\":\"joyas yasmin\"},\"image\":{\"@id\":\"https:\/\/joyasyasmin.com\/fr\/#\/schema\/logo\/image\/\"},\"sameAs\":[\"https:\/\/www.facebook.com\/Joyas-Yasmin-217664058934169\/\",\"https:\/\/www.instagram.com\/invites\/contact\/\"]}]}<\/script>\n<!-- \/ Yoast SEO plugin. -->","yoast_head_json":{"title":"Anneau des empreintes de c\u0153ur - Yasmin","description":"Des empreintes en forme de bague en forme de c\u0153ur en argent 925 mesurent 10 mm et une empreinte \u00e0 l\u2019int\u00e9rieur, symbole d\u2019amour et rappel sp\u00e9cial des animaux de compagnie. Un design \u00e9motionnel et \u00e9l\u00e9gant.","robots":{"index":"index","follow":"follow","max-snippet":"max-snippet:-1","max-image-preview":"max-image-preview:large","max-video-preview":"max-video-preview:-1"},"canonical":"https:\/\/joyasyasmin.com\/fr\/producto\/anneau-des-empreintes-de-coeur\/","og_locale":"fr_FR","og_title":"Anneau des empreintes de c\u0153ur - Yasmin","og_description":"Des empreintes en forme de bague en forme de c\u0153ur en argent 925 mesurent 10 mm et une empreinte \u00e0 l\u2019int\u00e9rieur, symbole d\u2019amour et rappel sp\u00e9cial des animaux de compagnie. Un design \u00e9motionnel et \u00e9l\u00e9gant.","og_url":"https:\/\/joyasyasmin.com\/fr\/producto\/anneau-des-empreintes-de-coeur\/","og_site_name":"Yasmin","article_publisher":"https:\/\/www.facebook.com\/Joyas-Yasmin-217664058934169\/","og_image":[{"width":1000,"height":1000,"url":"https:\/\/joyasyasmin.com\/wp-content\/uploads\/2026\/01\/anillo-corazon-de-huella.jpg","type":"image\/jpeg"}],"twitter_card":"summary_large_image","schema":{"@context":"https:\/\/schema.org","@graph":[{"@type":["WebPage","ItemPage"],"@id":"https:\/\/joyasyasmin.com\/fr\/producto\/anneau-des-empreintes-de-coeur\/","url":"https:\/\/joyasyasmin.com\/fr\/producto\/anneau-des-empreintes-de-coeur\/","name":"Anneau des empreintes de c\u0153ur - Yasmin","isPartOf":{"@id":"https:\/\/joyasyasmin.com\/fr\/#website"},"primaryImageOfPage":{"@id":"https:\/\/joyasyasmin.com\/fr\/producto\/anneau-des-empreintes-de-coeur\/#primaryimage"},"image":{"@id":"https:\/\/joyasyasmin.com\/fr\/producto\/anneau-des-empreintes-de-coeur\/#primaryimage"},"thumbnailUrl":"https:\/\/joyasyasmin.com\/wp-content\/uploads\/2026\/01\/anillo-corazon-de-huella.jpg","datePublished":"2026-01-19T21:54:38+00:00","description":"Des empreintes en forme de bague en forme de c\u0153ur en argent 925 mesurent 10 mm et une empreinte \u00e0 l\u2019int\u00e9rieur, symbole d\u2019amour et rappel sp\u00e9cial des animaux de compagnie. Un design \u00e9motionnel et \u00e9l\u00e9gant.","breadcrumb":{"@id":"https:\/\/joyasyasmin.com\/fr\/producto\/anneau-des-empreintes-de-coeur\/#breadcrumb"},"inLanguage":"fr-FR","potentialAction":[{"@type":"ReadAction","target":["https:\/\/joyasyasmin.com\/fr\/producto\/anneau-des-empreintes-de-coeur\/"]}]},{"@type":"ImageObject","inLanguage":"fr-FR","@id":"https:\/\/joyasyasmin.com\/fr\/producto\/anneau-des-empreintes-de-coeur\/#primaryimage","url":"https:\/\/joyasyasmin.com\/wp-content\/uploads\/2026\/01\/anillo-corazon-de-huella.jpg","contentUrl":"https:\/\/joyasyasmin.com\/wp-content\/uploads\/2026\/01\/anillo-corazon-de-huella.jpg","width":1000,"height":1000,"caption":"925 bague c\u0153ur \u00e0 empreintes en argent \u00e0 vendre"},{"@type":"BreadcrumbList","@id":"https:\/\/joyasyasmin.com\/fr\/producto\/anneau-des-empreintes-de-coeur\/#breadcrumb","itemListElement":[{"@type":"ListItem","position":1,"name":"Portada","item":"https:\/\/joyasyasmin.com\/fr\/domicile\/"},{"@type":"ListItem","position":2,"name":"Boutique","item":"https:\/\/joyasyasmin.com\/fr\/boutique\/"},{"@type":"ListItem","position":3,"name":"Anneau des empreintes de c\u0153ur"}]},{"@type":"WebSite","@id":"https:\/\/joyasyasmin.com\/fr\/#website","url":"https:\/\/joyasyasmin.com\/fr\/","name":"Yasmin","description":"Joyer\u00eda de Plata 925 - Pendientes, pulseras, anillos, colgantes y m\u00e1s!","publisher":{"@id":"https:\/\/joyasyasmin.com\/fr\/#organization"},"potentialAction":[{"@type":"SearchAction","target":{"@type":"EntryPoint","urlTemplate":"https:\/\/joyasyasmin.com\/fr\/?s={search_term_string}"},"query-input":{"@type":"PropertyValueSpecification","valueRequired":true,"valueName":"search_term_string"}}],"inLanguage":"fr-FR"},{"@type":"Organization","@id":"https:\/\/joyasyasmin.com\/fr\/#organization","name":"joyas yasmin","url":"https:\/\/joyasyasmin.com\/fr\/","logo":{"@type":"ImageObject","inLanguage":"fr-FR","@id":"https:\/\/joyasyasmin.com\/fr\/#\/schema\/logo\/image\/","url":"https:\/\/joyasyasmin.com\/wp-content\/uploads\/2017\/06\/IMG-20200429-WA0051.jpg","contentUrl":"https:\/\/joyasyasmin.com\/wp-content\/uploads\/2017\/06\/IMG-20200429-WA0051.jpg","width":1080,"height":545,"caption":"joyas yasmin"},"image":{"@id":"https:\/\/joyasyasmin.com\/fr\/#\/schema\/logo\/image\/"},"sameAs":["https:\/\/www.facebook.com\/Joyas-Yasmin-217664058934169\/","https:\/\/www.instagram.com\/invites\/contact\/"]}]}},"_links":{"self":[{"href":"https:\/\/joyasyasmin.com\/fr\/wp-json\/wp\/v2\/product\/37628","targetHints":{"allow":["GET"]}}],"collection":[{"href":"https:\/\/joyasyasmin.com\/fr\/wp-json\/wp\/v2\/product"}],"about":[{"href":"https:\/\/joyasyasmin.com\/fr\/wp-json\/wp\/v2\/types\/product"}],"replies":[{"embeddable":true,"href":"https:\/\/joyasyasmin.com\/fr\/wp-json\/wp\/v2\/comments?post=37628"}],"version-history":[{"count":0,"href":"https:\/\/joyasyasmin.com\/fr\/wp-json\/wp\/v2\/product\/37628\/revisions"}],"wp:featuredmedia":[{"embeddable":true,"href":"https:\/\/joyasyasmin.com\/fr\/wp-json\/wp\/v2\/media\/37219"}],"wp:attachment":[{"href":"https:\/\/joyasyasmin.com\/fr\/wp-json\/wp\/v2\/media?parent=37628"}],"wp:term":[{"taxonomy":"product_brand","embeddable":true,"href":"https:\/\/joyasyasmin.com\/fr\/wp-json\/wp\/v2\/product_brand?post=37628"},{"taxonomy":"product_cat","embeddable":true,"href":"https:\/\/joyasyasmin.com\/fr\/wp-json\/wp\/v2\/product_cat?post=37628"},{"taxonomy":"product_tag","embeddable":true,"href":"https:\/\/joyasyasmin.com\/fr\/wp-json\/wp\/v2\/product_tag?post=37628"}],"curies":[{"name":"wp","href":"https:\/\/api.w.org\/{rel}","templated":true}]}}