{"id":37867,"date":"2026-02-02T21:05:23","date_gmt":"2026-02-02T21:05:23","guid":{"rendered":"https:\/\/joyasyasmin.com\/producto\/collier-en-forme-de-empreinte-de-coeur\/"},"modified":"2026-02-02T21:05:23","modified_gmt":"2026-02-02T21:05:23","slug":"collier-en-forme-de-empreinte-de-coeur","status":"publish","type":"product","link":"https:\/\/joyasyasmin.com\/fr\/producto\/collier-en-forme-de-empreinte-de-coeur\/","title":{"rendered":"Collier en forme de Empreinte de C\u0153ur"},"content":{"rendered":"","protected":false},"excerpt":{"rendered":"<p>Empreinte en collier en forme de c\u0153ur en argent 925 avec une cha\u00eene d&rsquo;1 mm d\u2019\u00e9paisseur et un c\u0153ur lisse de 17 mm qui donne un style doux et \u00e9l\u00e9gant. \u00c0 c\u00f4t\u00e9, elle int\u00e8gre une petite empreinte orn\u00e9e de zircon, symbole d\u2019amour et de connexion avec nos animaux. Sa longueur r\u00e9glable de 42 + 3 cm offre un usage confortable et polyvalent, id\u00e9al pour le quotidien.  <\/p>\n","protected":false},"featured_media":37811,"comment_status":"open","ping_status":"closed","template":"","meta":{"_acf_changed":false,"_joinchat":[]},"product_brand":[],"product_cat":[1870],"product_tag":[1931],"class_list":{"0":"post-37867","1":"product","2":"type-product","3":"status-publish","4":"has-post-thumbnail","6":"product_cat-colliers-fr","7":"product_tag-nouvelle-collection","9":"first","10":"instock","11":"shipping-taxable","12":"purchasable","13":"product-type-simple"},"acf":[],"yoast_head":"<!-- This site is optimized with the Yoast SEO plugin v27.2 - https:\/\/yoast.com\/product\/yoast-seo-wordpress\/ -->\n<title>Collier en forme de Empreinte de C\u0153ur - Yasmin<\/title>\n<meta name=\"description\" content=\"Empreinte en \u00e9tranglement en forme de 925 pi\u00e8ces d\u2019argent mesure 17 mm et une empreinte en zircons. Cha\u00eene de 42 + 3 cm, design tendre qui symbolise l\u2019amour des animaux.\" \/>\n<meta name=\"robots\" content=\"index, follow, max-snippet:-1, max-image-preview:large, max-video-preview:-1\" \/>\n<link rel=\"canonical\" href=\"https:\/\/joyasyasmin.com\/fr\/producto\/collier-en-forme-de-empreinte-de-coeur\/\" \/>\n<meta property=\"og:locale\" content=\"fr_FR\" \/>\n<meta property=\"og:title\" content=\"Collier en forme de Empreinte de C\u0153ur - Yasmin\" \/>\n<meta property=\"og:description\" content=\"Empreinte en \u00e9tranglement en forme de 925 pi\u00e8ces d\u2019argent mesure 17 mm et une empreinte en zircons. Cha\u00eene de 42 + 3 cm, design tendre qui symbolise l\u2019amour des animaux.\" \/>\n<meta property=\"og:url\" content=\"https:\/\/joyasyasmin.com\/fr\/producto\/collier-en-forme-de-empreinte-de-coeur\/\" \/>\n<meta property=\"og:site_name\" content=\"Yasmin\" \/>\n<meta property=\"article:publisher\" content=\"https:\/\/www.facebook.com\/Joyas-Yasmin-217664058934169\/\" \/>\n<meta property=\"og:image\" content=\"https:\/\/joyasyasmin.com\/wp-content\/uploads\/2026\/02\/collar-huella-de-corazon.jpg\" \/>\n\t<meta property=\"og:image:width\" content=\"1000\" \/>\n\t<meta property=\"og:image:height\" content=\"1000\" \/>\n\t<meta property=\"og:image:type\" content=\"image\/jpeg\" \/>\n<meta name=\"twitter:card\" content=\"summary_large_image\" \/>\n<script type=\"application\/ld+json\" class=\"yoast-schema-graph\">{\"@context\":\"https:\/\/schema.org\",\"@graph\":[{\"@type\":[\"WebPage\",\"ItemPage\"],\"@id\":\"https:\/\/joyasyasmin.com\/fr\/producto\/collier-en-forme-de-empreinte-de-coeur\/\",\"url\":\"https:\/\/joyasyasmin.com\/fr\/producto\/collier-en-forme-de-empreinte-de-coeur\/\",\"name\":\"Collier en forme de Empreinte de C\u0153ur - Yasmin\",\"isPartOf\":{\"@id\":\"https:\/\/joyasyasmin.com\/fr\/#website\"},\"primaryImageOfPage\":{\"@id\":\"https:\/\/joyasyasmin.com\/fr\/producto\/collier-en-forme-de-empreinte-de-coeur\/#primaryimage\"},\"image\":{\"@id\":\"https:\/\/joyasyasmin.com\/fr\/producto\/collier-en-forme-de-empreinte-de-coeur\/#primaryimage\"},\"thumbnailUrl\":\"https:\/\/joyasyasmin.com\/wp-content\/uploads\/2026\/02\/collar-huella-de-corazon.jpg\",\"datePublished\":\"2026-02-02T21:05:23+00:00\",\"description\":\"Empreinte en \u00e9tranglement en forme de 925 pi\u00e8ces d\u2019argent mesure 17 mm et une empreinte en zircons. Cha\u00eene de 42 + 3 cm, design tendre qui symbolise l\u2019amour des animaux.\",\"breadcrumb\":{\"@id\":\"https:\/\/joyasyasmin.com\/fr\/producto\/collier-en-forme-de-empreinte-de-coeur\/#breadcrumb\"},\"inLanguage\":\"fr-FR\",\"potentialAction\":[{\"@type\":\"ReadAction\",\"target\":[\"https:\/\/joyasyasmin.com\/fr\/producto\/collier-en-forme-de-empreinte-de-coeur\/\"]}]},{\"@type\":\"ImageObject\",\"inLanguage\":\"fr-FR\",\"@id\":\"https:\/\/joyasyasmin.com\/fr\/producto\/collier-en-forme-de-empreinte-de-coeur\/#primaryimage\",\"url\":\"https:\/\/joyasyasmin.com\/wp-content\/uploads\/2026\/02\/collar-huella-de-corazon.jpg\",\"contentUrl\":\"https:\/\/joyasyasmin.com\/wp-content\/uploads\/2026\/02\/collar-huella-de-corazon.jpg\",\"width\":1000,\"height\":1000,\"caption\":\"Vente du collier en forme de c\u0153ur \u00e0 empreintes argent\u00e9es 925\"},{\"@type\":\"BreadcrumbList\",\"@id\":\"https:\/\/joyasyasmin.com\/fr\/producto\/collier-en-forme-de-empreinte-de-coeur\/#breadcrumb\",\"itemListElement\":[{\"@type\":\"ListItem\",\"position\":1,\"name\":\"Portada\",\"item\":\"https:\/\/joyasyasmin.com\/fr\/domicile\/\"},{\"@type\":\"ListItem\",\"position\":2,\"name\":\"Boutique\",\"item\":\"https:\/\/joyasyasmin.com\/fr\/boutique\/\"},{\"@type\":\"ListItem\",\"position\":3,\"name\":\"Collier en forme de Empreinte de C\u0153ur\"}]},{\"@type\":\"WebSite\",\"@id\":\"https:\/\/joyasyasmin.com\/fr\/#website\",\"url\":\"https:\/\/joyasyasmin.com\/fr\/\",\"name\":\"Yasmin\",\"description\":\"Joyer\u00eda de Plata 925 - Pendientes, pulseras, anillos, colgantes y m\u00e1s!\",\"publisher\":{\"@id\":\"https:\/\/joyasyasmin.com\/fr\/#organization\"},\"potentialAction\":[{\"@type\":\"SearchAction\",\"target\":{\"@type\":\"EntryPoint\",\"urlTemplate\":\"https:\/\/joyasyasmin.com\/fr\/?s={search_term_string}\"},\"query-input\":{\"@type\":\"PropertyValueSpecification\",\"valueRequired\":true,\"valueName\":\"search_term_string\"}}],\"inLanguage\":\"fr-FR\"},{\"@type\":\"Organization\",\"@id\":\"https:\/\/joyasyasmin.com\/fr\/#organization\",\"name\":\"joyas yasmin\",\"url\":\"https:\/\/joyasyasmin.com\/fr\/\",\"logo\":{\"@type\":\"ImageObject\",\"inLanguage\":\"fr-FR\",\"@id\":\"https:\/\/joyasyasmin.com\/fr\/#\/schema\/logo\/image\/\",\"url\":\"https:\/\/joyasyasmin.com\/wp-content\/uploads\/2017\/06\/IMG-20200429-WA0051.jpg\",\"contentUrl\":\"https:\/\/joyasyasmin.com\/wp-content\/uploads\/2017\/06\/IMG-20200429-WA0051.jpg\",\"width\":1080,\"height\":545,\"caption\":\"joyas yasmin\"},\"image\":{\"@id\":\"https:\/\/joyasyasmin.com\/fr\/#\/schema\/logo\/image\/\"},\"sameAs\":[\"https:\/\/www.facebook.com\/Joyas-Yasmin-217664058934169\/\",\"https:\/\/www.instagram.com\/invites\/contact\/\"]}]}<\/script>\n<!-- \/ Yoast SEO plugin. -->","yoast_head_json":{"title":"Collier en forme de Empreinte de C\u0153ur - Yasmin","description":"Empreinte en \u00e9tranglement en forme de 925 pi\u00e8ces d\u2019argent mesure 17 mm et une empreinte en zircons. Cha\u00eene de 42 + 3 cm, design tendre qui symbolise l\u2019amour des animaux.","robots":{"index":"index","follow":"follow","max-snippet":"max-snippet:-1","max-image-preview":"max-image-preview:large","max-video-preview":"max-video-preview:-1"},"canonical":"https:\/\/joyasyasmin.com\/fr\/producto\/collier-en-forme-de-empreinte-de-coeur\/","og_locale":"fr_FR","og_title":"Collier en forme de Empreinte de C\u0153ur - Yasmin","og_description":"Empreinte en \u00e9tranglement en forme de 925 pi\u00e8ces d\u2019argent mesure 17 mm et une empreinte en zircons. Cha\u00eene de 42 + 3 cm, design tendre qui symbolise l\u2019amour des animaux.","og_url":"https:\/\/joyasyasmin.com\/fr\/producto\/collier-en-forme-de-empreinte-de-coeur\/","og_site_name":"Yasmin","article_publisher":"https:\/\/www.facebook.com\/Joyas-Yasmin-217664058934169\/","og_image":[{"width":1000,"height":1000,"url":"https:\/\/joyasyasmin.com\/wp-content\/uploads\/2026\/02\/collar-huella-de-corazon.jpg","type":"image\/jpeg"}],"twitter_card":"summary_large_image","schema":{"@context":"https:\/\/schema.org","@graph":[{"@type":["WebPage","ItemPage"],"@id":"https:\/\/joyasyasmin.com\/fr\/producto\/collier-en-forme-de-empreinte-de-coeur\/","url":"https:\/\/joyasyasmin.com\/fr\/producto\/collier-en-forme-de-empreinte-de-coeur\/","name":"Collier en forme de Empreinte de C\u0153ur - Yasmin","isPartOf":{"@id":"https:\/\/joyasyasmin.com\/fr\/#website"},"primaryImageOfPage":{"@id":"https:\/\/joyasyasmin.com\/fr\/producto\/collier-en-forme-de-empreinte-de-coeur\/#primaryimage"},"image":{"@id":"https:\/\/joyasyasmin.com\/fr\/producto\/collier-en-forme-de-empreinte-de-coeur\/#primaryimage"},"thumbnailUrl":"https:\/\/joyasyasmin.com\/wp-content\/uploads\/2026\/02\/collar-huella-de-corazon.jpg","datePublished":"2026-02-02T21:05:23+00:00","description":"Empreinte en \u00e9tranglement en forme de 925 pi\u00e8ces d\u2019argent mesure 17 mm et une empreinte en zircons. Cha\u00eene de 42 + 3 cm, design tendre qui symbolise l\u2019amour des animaux.","breadcrumb":{"@id":"https:\/\/joyasyasmin.com\/fr\/producto\/collier-en-forme-de-empreinte-de-coeur\/#breadcrumb"},"inLanguage":"fr-FR","potentialAction":[{"@type":"ReadAction","target":["https:\/\/joyasyasmin.com\/fr\/producto\/collier-en-forme-de-empreinte-de-coeur\/"]}]},{"@type":"ImageObject","inLanguage":"fr-FR","@id":"https:\/\/joyasyasmin.com\/fr\/producto\/collier-en-forme-de-empreinte-de-coeur\/#primaryimage","url":"https:\/\/joyasyasmin.com\/wp-content\/uploads\/2026\/02\/collar-huella-de-corazon.jpg","contentUrl":"https:\/\/joyasyasmin.com\/wp-content\/uploads\/2026\/02\/collar-huella-de-corazon.jpg","width":1000,"height":1000,"caption":"Vente du collier en forme de c\u0153ur \u00e0 empreintes argent\u00e9es 925"},{"@type":"BreadcrumbList","@id":"https:\/\/joyasyasmin.com\/fr\/producto\/collier-en-forme-de-empreinte-de-coeur\/#breadcrumb","itemListElement":[{"@type":"ListItem","position":1,"name":"Portada","item":"https:\/\/joyasyasmin.com\/fr\/domicile\/"},{"@type":"ListItem","position":2,"name":"Boutique","item":"https:\/\/joyasyasmin.com\/fr\/boutique\/"},{"@type":"ListItem","position":3,"name":"Collier en forme de Empreinte de C\u0153ur"}]},{"@type":"WebSite","@id":"https:\/\/joyasyasmin.com\/fr\/#website","url":"https:\/\/joyasyasmin.com\/fr\/","name":"Yasmin","description":"Joyer\u00eda de Plata 925 - Pendientes, pulseras, anillos, colgantes y m\u00e1s!","publisher":{"@id":"https:\/\/joyasyasmin.com\/fr\/#organization"},"potentialAction":[{"@type":"SearchAction","target":{"@type":"EntryPoint","urlTemplate":"https:\/\/joyasyasmin.com\/fr\/?s={search_term_string}"},"query-input":{"@type":"PropertyValueSpecification","valueRequired":true,"valueName":"search_term_string"}}],"inLanguage":"fr-FR"},{"@type":"Organization","@id":"https:\/\/joyasyasmin.com\/fr\/#organization","name":"joyas yasmin","url":"https:\/\/joyasyasmin.com\/fr\/","logo":{"@type":"ImageObject","inLanguage":"fr-FR","@id":"https:\/\/joyasyasmin.com\/fr\/#\/schema\/logo\/image\/","url":"https:\/\/joyasyasmin.com\/wp-content\/uploads\/2017\/06\/IMG-20200429-WA0051.jpg","contentUrl":"https:\/\/joyasyasmin.com\/wp-content\/uploads\/2017\/06\/IMG-20200429-WA0051.jpg","width":1080,"height":545,"caption":"joyas yasmin"},"image":{"@id":"https:\/\/joyasyasmin.com\/fr\/#\/schema\/logo\/image\/"},"sameAs":["https:\/\/www.facebook.com\/Joyas-Yasmin-217664058934169\/","https:\/\/www.instagram.com\/invites\/contact\/"]}]}},"_links":{"self":[{"href":"https:\/\/joyasyasmin.com\/fr\/wp-json\/wp\/v2\/product\/37867","targetHints":{"allow":["GET"]}}],"collection":[{"href":"https:\/\/joyasyasmin.com\/fr\/wp-json\/wp\/v2\/product"}],"about":[{"href":"https:\/\/joyasyasmin.com\/fr\/wp-json\/wp\/v2\/types\/product"}],"replies":[{"embeddable":true,"href":"https:\/\/joyasyasmin.com\/fr\/wp-json\/wp\/v2\/comments?post=37867"}],"version-history":[{"count":0,"href":"https:\/\/joyasyasmin.com\/fr\/wp-json\/wp\/v2\/product\/37867\/revisions"}],"wp:featuredmedia":[{"embeddable":true,"href":"https:\/\/joyasyasmin.com\/fr\/wp-json\/wp\/v2\/media\/37811"}],"wp:attachment":[{"href":"https:\/\/joyasyasmin.com\/fr\/wp-json\/wp\/v2\/media?parent=37867"}],"wp:term":[{"taxonomy":"product_brand","embeddable":true,"href":"https:\/\/joyasyasmin.com\/fr\/wp-json\/wp\/v2\/product_brand?post=37867"},{"taxonomy":"product_cat","embeddable":true,"href":"https:\/\/joyasyasmin.com\/fr\/wp-json\/wp\/v2\/product_cat?post=37867"},{"taxonomy":"product_tag","embeddable":true,"href":"https:\/\/joyasyasmin.com\/fr\/wp-json\/wp\/v2\/product_tag?post=37867"}],"curies":[{"name":"wp","href":"https:\/\/api.w.org\/{rel}","templated":true}]}}