{"id":37887,"date":"2026-01-28T12:44:46","date_gmt":"2026-01-28T12:44:46","guid":{"rendered":"https:\/\/joyasyasmin.com\/producto\/coquille-de-perle-double-collier\/"},"modified":"2026-01-28T12:44:46","modified_gmt":"2026-01-28T12:44:46","slug":"coquille-de-perle-double-collier","status":"publish","type":"product","link":"https:\/\/joyasyasmin.com\/fr\/producto\/coquille-de-perle-double-collier\/","title":{"rendered":"Coquille de perle double collier"},"content":{"rendered":"","protected":false},"excerpt":{"rendered":"<p>Double collier en argent 925, compos\u00e9 d\u2019une rang\u00e9e d\u00e9licate de perles en coquillage de 2 mm et d\u2019une fine cha\u00eene de 1 mm orn\u00e9e de trois zirconias cristallins de diff\u00e9rentes couleurs. Sa longueur r\u00e9glable de 40 + 3 cm offre un ajustement confortable et \u00e9l\u00e9gant. Un design moderne et sophistiqu\u00e9, id\u00e9al pour ajouter une touche de brillance et de fra\u00eecheur \u00e0 n\u2019importe quel look.  <\/p>\n","protected":false},"featured_media":37740,"comment_status":"open","ping_status":"closed","template":"","meta":{"_acf_changed":false,"_joinchat":[]},"product_brand":[],"product_cat":[1819],"product_tag":[],"class_list":{"0":"post-37887","1":"product","2":"type-product","3":"status-publish","4":"has-post-thumbnail","6":"product_cat-colliers","8":"first","9":"instock","10":"shipping-taxable","11":"purchasable","12":"product-type-variable"},"acf":[],"yoast_head":"<!-- This site is optimized with the Yoast SEO plugin v27.2 - https:\/\/yoast.com\/product\/yoast-seo-wordpress\/ -->\n<title>Coquille de perle double collier - Yasmin<\/title>\n<meta name=\"description\" content=\"Double collier en argent 925 avec coquillage de 2 mm en coquille de 2 mm en perle et fine cha\u00eene avec trois zirconias color\u00e9s. Longueur r\u00e9glable de 40 + 3 cm, \u00e9l\u00e9gante et moderne.\" \/>\n<meta name=\"robots\" content=\"index, follow, max-snippet:-1, max-image-preview:large, max-video-preview:-1\" \/>\n<link rel=\"canonical\" href=\"https:\/\/joyasyasmin.com\/fr\/producto\/coquille-de-perle-double-collier\/\" \/>\n<meta property=\"og:locale\" content=\"fr_FR\" \/>\n<meta property=\"og:title\" content=\"Coquille de perle double collier - Yasmin\" \/>\n<meta property=\"og:description\" content=\"Double collier en argent 925 avec coquillage de 2 mm en coquille de 2 mm en perle et fine cha\u00eene avec trois zirconias color\u00e9s. Longueur r\u00e9glable de 40 + 3 cm, \u00e9l\u00e9gante et moderne.\" \/>\n<meta property=\"og:url\" content=\"https:\/\/joyasyasmin.com\/fr\/producto\/coquille-de-perle-double-collier\/\" \/>\n<meta property=\"og:site_name\" content=\"Yasmin\" \/>\n<meta property=\"article:publisher\" content=\"https:\/\/www.facebook.com\/Joyas-Yasmin-217664058934169\/\" \/>\n<meta property=\"og:image\" content=\"https:\/\/joyasyasmin.com\/wp-content\/uploads\/2026\/01\/collar-doble-cadena-con-perla-shell.jpg\" \/>\n\t<meta property=\"og:image:width\" content=\"1000\" \/>\n\t<meta property=\"og:image:height\" content=\"1000\" \/>\n\t<meta property=\"og:image:type\" content=\"image\/jpeg\" \/>\n<meta name=\"twitter:card\" content=\"summary_large_image\" \/>\n<script type=\"application\/ld+json\" class=\"yoast-schema-graph\">{\"@context\":\"https:\/\/schema.org\",\"@graph\":[{\"@type\":[\"WebPage\",\"ItemPage\"],\"@id\":\"https:\/\/joyasyasmin.com\/fr\/producto\/coquille-de-perle-double-collier\/\",\"url\":\"https:\/\/joyasyasmin.com\/fr\/producto\/coquille-de-perle-double-collier\/\",\"name\":\"Coquille de perle double collier - Yasmin\",\"isPartOf\":{\"@id\":\"https:\/\/joyasyasmin.com\/fr\/#website\"},\"primaryImageOfPage\":{\"@id\":\"https:\/\/joyasyasmin.com\/fr\/producto\/coquille-de-perle-double-collier\/#primaryimage\"},\"image\":{\"@id\":\"https:\/\/joyasyasmin.com\/fr\/producto\/coquille-de-perle-double-collier\/#primaryimage\"},\"thumbnailUrl\":\"https:\/\/joyasyasmin.com\/wp-content\/uploads\/2026\/01\/collar-doble-cadena-con-perla-shell.jpg\",\"datePublished\":\"2026-01-28T12:44:46+00:00\",\"description\":\"Double collier en argent 925 avec coquillage de 2 mm en coquille de 2 mm en perle et fine cha\u00eene avec trois zirconias color\u00e9s. Longueur r\u00e9glable de 40 + 3 cm, \u00e9l\u00e9gante et moderne.\",\"breadcrumb\":{\"@id\":\"https:\/\/joyasyasmin.com\/fr\/producto\/coquille-de-perle-double-collier\/#breadcrumb\"},\"inLanguage\":\"fr-FR\",\"potentialAction\":[{\"@type\":\"ReadAction\",\"target\":[\"https:\/\/joyasyasmin.com\/fr\/producto\/coquille-de-perle-double-collier\/\"]}]},{\"@type\":\"ImageObject\",\"inLanguage\":\"fr-FR\",\"@id\":\"https:\/\/joyasyasmin.com\/fr\/producto\/coquille-de-perle-double-collier\/#primaryimage\",\"url\":\"https:\/\/joyasyasmin.com\/wp-content\/uploads\/2026\/01\/collar-doble-cadena-con-perla-shell.jpg\",\"contentUrl\":\"https:\/\/joyasyasmin.com\/wp-content\/uploads\/2026\/01\/collar-doble-cadena-con-perla-shell.jpg\",\"width\":1000,\"height\":1000,\"caption\":\"Cha\u00eene de perles en promotion en solde\"},{\"@type\":\"BreadcrumbList\",\"@id\":\"https:\/\/joyasyasmin.com\/fr\/producto\/coquille-de-perle-double-collier\/#breadcrumb\",\"itemListElement\":[{\"@type\":\"ListItem\",\"position\":1,\"name\":\"Portada\",\"item\":\"https:\/\/joyasyasmin.com\/fr\/domicile\/\"},{\"@type\":\"ListItem\",\"position\":2,\"name\":\"Boutique\",\"item\":\"https:\/\/joyasyasmin.com\/fr\/boutique\/\"},{\"@type\":\"ListItem\",\"position\":3,\"name\":\"Coquille de perle double collier\"}]},{\"@type\":\"WebSite\",\"@id\":\"https:\/\/joyasyasmin.com\/fr\/#website\",\"url\":\"https:\/\/joyasyasmin.com\/fr\/\",\"name\":\"Yasmin\",\"description\":\"Joyer\u00eda de Plata 925 - Pendientes, pulseras, anillos, colgantes y m\u00e1s!\",\"publisher\":{\"@id\":\"https:\/\/joyasyasmin.com\/fr\/#organization\"},\"potentialAction\":[{\"@type\":\"SearchAction\",\"target\":{\"@type\":\"EntryPoint\",\"urlTemplate\":\"https:\/\/joyasyasmin.com\/fr\/?s={search_term_string}\"},\"query-input\":{\"@type\":\"PropertyValueSpecification\",\"valueRequired\":true,\"valueName\":\"search_term_string\"}}],\"inLanguage\":\"fr-FR\"},{\"@type\":\"Organization\",\"@id\":\"https:\/\/joyasyasmin.com\/fr\/#organization\",\"name\":\"joyas yasmin\",\"url\":\"https:\/\/joyasyasmin.com\/fr\/\",\"logo\":{\"@type\":\"ImageObject\",\"inLanguage\":\"fr-FR\",\"@id\":\"https:\/\/joyasyasmin.com\/fr\/#\/schema\/logo\/image\/\",\"url\":\"https:\/\/joyasyasmin.com\/wp-content\/uploads\/2017\/06\/IMG-20200429-WA0051.jpg\",\"contentUrl\":\"https:\/\/joyasyasmin.com\/wp-content\/uploads\/2017\/06\/IMG-20200429-WA0051.jpg\",\"width\":1080,\"height\":545,\"caption\":\"joyas yasmin\"},\"image\":{\"@id\":\"https:\/\/joyasyasmin.com\/fr\/#\/schema\/logo\/image\/\"},\"sameAs\":[\"https:\/\/www.facebook.com\/Joyas-Yasmin-217664058934169\/\",\"https:\/\/www.instagram.com\/invites\/contact\/\"]}]}<\/script>\n<!-- \/ Yoast SEO plugin. -->","yoast_head_json":{"title":"Coquille de perle double collier - Yasmin","description":"Double collier en argent 925 avec coquillage de 2 mm en coquille de 2 mm en perle et fine cha\u00eene avec trois zirconias color\u00e9s. Longueur r\u00e9glable de 40 + 3 cm, \u00e9l\u00e9gante et moderne.","robots":{"index":"index","follow":"follow","max-snippet":"max-snippet:-1","max-image-preview":"max-image-preview:large","max-video-preview":"max-video-preview:-1"},"canonical":"https:\/\/joyasyasmin.com\/fr\/producto\/coquille-de-perle-double-collier\/","og_locale":"fr_FR","og_title":"Coquille de perle double collier - Yasmin","og_description":"Double collier en argent 925 avec coquillage de 2 mm en coquille de 2 mm en perle et fine cha\u00eene avec trois zirconias color\u00e9s. Longueur r\u00e9glable de 40 + 3 cm, \u00e9l\u00e9gante et moderne.","og_url":"https:\/\/joyasyasmin.com\/fr\/producto\/coquille-de-perle-double-collier\/","og_site_name":"Yasmin","article_publisher":"https:\/\/www.facebook.com\/Joyas-Yasmin-217664058934169\/","og_image":[{"width":1000,"height":1000,"url":"https:\/\/joyasyasmin.com\/wp-content\/uploads\/2026\/01\/collar-doble-cadena-con-perla-shell.jpg","type":"image\/jpeg"}],"twitter_card":"summary_large_image","schema":{"@context":"https:\/\/schema.org","@graph":[{"@type":["WebPage","ItemPage"],"@id":"https:\/\/joyasyasmin.com\/fr\/producto\/coquille-de-perle-double-collier\/","url":"https:\/\/joyasyasmin.com\/fr\/producto\/coquille-de-perle-double-collier\/","name":"Coquille de perle double collier - Yasmin","isPartOf":{"@id":"https:\/\/joyasyasmin.com\/fr\/#website"},"primaryImageOfPage":{"@id":"https:\/\/joyasyasmin.com\/fr\/producto\/coquille-de-perle-double-collier\/#primaryimage"},"image":{"@id":"https:\/\/joyasyasmin.com\/fr\/producto\/coquille-de-perle-double-collier\/#primaryimage"},"thumbnailUrl":"https:\/\/joyasyasmin.com\/wp-content\/uploads\/2026\/01\/collar-doble-cadena-con-perla-shell.jpg","datePublished":"2026-01-28T12:44:46+00:00","description":"Double collier en argent 925 avec coquillage de 2 mm en coquille de 2 mm en perle et fine cha\u00eene avec trois zirconias color\u00e9s. Longueur r\u00e9glable de 40 + 3 cm, \u00e9l\u00e9gante et moderne.","breadcrumb":{"@id":"https:\/\/joyasyasmin.com\/fr\/producto\/coquille-de-perle-double-collier\/#breadcrumb"},"inLanguage":"fr-FR","potentialAction":[{"@type":"ReadAction","target":["https:\/\/joyasyasmin.com\/fr\/producto\/coquille-de-perle-double-collier\/"]}]},{"@type":"ImageObject","inLanguage":"fr-FR","@id":"https:\/\/joyasyasmin.com\/fr\/producto\/coquille-de-perle-double-collier\/#primaryimage","url":"https:\/\/joyasyasmin.com\/wp-content\/uploads\/2026\/01\/collar-doble-cadena-con-perla-shell.jpg","contentUrl":"https:\/\/joyasyasmin.com\/wp-content\/uploads\/2026\/01\/collar-doble-cadena-con-perla-shell.jpg","width":1000,"height":1000,"caption":"Cha\u00eene de perles en promotion en solde"},{"@type":"BreadcrumbList","@id":"https:\/\/joyasyasmin.com\/fr\/producto\/coquille-de-perle-double-collier\/#breadcrumb","itemListElement":[{"@type":"ListItem","position":1,"name":"Portada","item":"https:\/\/joyasyasmin.com\/fr\/domicile\/"},{"@type":"ListItem","position":2,"name":"Boutique","item":"https:\/\/joyasyasmin.com\/fr\/boutique\/"},{"@type":"ListItem","position":3,"name":"Coquille de perle double collier"}]},{"@type":"WebSite","@id":"https:\/\/joyasyasmin.com\/fr\/#website","url":"https:\/\/joyasyasmin.com\/fr\/","name":"Yasmin","description":"Joyer\u00eda de Plata 925 - Pendientes, pulseras, anillos, colgantes y m\u00e1s!","publisher":{"@id":"https:\/\/joyasyasmin.com\/fr\/#organization"},"potentialAction":[{"@type":"SearchAction","target":{"@type":"EntryPoint","urlTemplate":"https:\/\/joyasyasmin.com\/fr\/?s={search_term_string}"},"query-input":{"@type":"PropertyValueSpecification","valueRequired":true,"valueName":"search_term_string"}}],"inLanguage":"fr-FR"},{"@type":"Organization","@id":"https:\/\/joyasyasmin.com\/fr\/#organization","name":"joyas yasmin","url":"https:\/\/joyasyasmin.com\/fr\/","logo":{"@type":"ImageObject","inLanguage":"fr-FR","@id":"https:\/\/joyasyasmin.com\/fr\/#\/schema\/logo\/image\/","url":"https:\/\/joyasyasmin.com\/wp-content\/uploads\/2017\/06\/IMG-20200429-WA0051.jpg","contentUrl":"https:\/\/joyasyasmin.com\/wp-content\/uploads\/2017\/06\/IMG-20200429-WA0051.jpg","width":1080,"height":545,"caption":"joyas yasmin"},"image":{"@id":"https:\/\/joyasyasmin.com\/fr\/#\/schema\/logo\/image\/"},"sameAs":["https:\/\/www.facebook.com\/Joyas-Yasmin-217664058934169\/","https:\/\/www.instagram.com\/invites\/contact\/"]}]}},"_links":{"self":[{"href":"https:\/\/joyasyasmin.com\/fr\/wp-json\/wp\/v2\/product\/37887","targetHints":{"allow":["GET"]}}],"collection":[{"href":"https:\/\/joyasyasmin.com\/fr\/wp-json\/wp\/v2\/product"}],"about":[{"href":"https:\/\/joyasyasmin.com\/fr\/wp-json\/wp\/v2\/types\/product"}],"replies":[{"embeddable":true,"href":"https:\/\/joyasyasmin.com\/fr\/wp-json\/wp\/v2\/comments?post=37887"}],"version-history":[{"count":0,"href":"https:\/\/joyasyasmin.com\/fr\/wp-json\/wp\/v2\/product\/37887\/revisions"}],"wp:featuredmedia":[{"embeddable":true,"href":"https:\/\/joyasyasmin.com\/fr\/wp-json\/wp\/v2\/media\/37740"}],"wp:attachment":[{"href":"https:\/\/joyasyasmin.com\/fr\/wp-json\/wp\/v2\/media?parent=37887"}],"wp:term":[{"taxonomy":"product_brand","embeddable":true,"href":"https:\/\/joyasyasmin.com\/fr\/wp-json\/wp\/v2\/product_brand?post=37887"},{"taxonomy":"product_cat","embeddable":true,"href":"https:\/\/joyasyasmin.com\/fr\/wp-json\/wp\/v2\/product_cat?post=37887"},{"taxonomy":"product_tag","embeddable":true,"href":"https:\/\/joyasyasmin.com\/fr\/wp-json\/wp\/v2\/product_tag?post=37887"}],"curies":[{"name":"wp","href":"https:\/\/api.w.org\/{rel}","templated":true}]}}