{"id":37892,"date":"2026-01-28T12:22:00","date_gmt":"2026-01-28T12:22:00","guid":{"rendered":"https:\/\/joyasyasmin.com\/producto\/pendentif-damulette-de-gotland\/"},"modified":"2026-01-28T12:22:00","modified_gmt":"2026-01-28T12:22:00","slug":"pendentif-damulette-de-gotland","status":"publish","type":"product","link":"https:\/\/joyasyasmin.com\/fr\/producto\/pendentif-damulette-de-gotland\/","title":{"rendered":"Pendentif d\u2019amulette de Gotland"},"content":{"rendered":"","protected":false},"excerpt":{"rendered":"<p>Amulette Gotland en argent, avec un pendentif de 12 mm et une cha\u00eene de 45 cm de long, disponible avec de la citrine ou du quartz. Ce symbole ancestral repr\u00e9sente la protection, l\u2019\u00e9quilibre et la connexion spirituelle, traditionnellement utilis\u00e9 comme talisman d\u2019\u00e9nergie positive. La citrine est associ\u00e9e \u00e0 l\u2019abondance et \u00e0 la vitalit\u00e9, tandis que le quartz symbolise l\u2019harmonie et la clart\u00e9 int\u00e9rieure.  <\/p>\n","protected":false},"featured_media":37715,"comment_status":"open","ping_status":"closed","template":"","meta":{"_acf_changed":false,"_joinchat":[]},"product_brand":[],"product_cat":[1875],"product_tag":[],"class_list":{"0":"post-37892","1":"product","2":"type-product","3":"status-publish","4":"has-post-thumbnail","6":"product_cat-pendentifs","8":"first","9":"instock","10":"shipping-taxable","11":"purchasable","12":"product-type-variable"},"acf":[],"yoast_head":"<!-- This site is optimized with the Yoast SEO plugin v27.2 - https:\/\/yoast.com\/product\/yoast-seo-wordpress\/ -->\n<title>Pendentif d\u2019amulette de Gotland - Yasmin<\/title>\n<meta name=\"description\" content=\"Amulette Gotland en argent de 12 mm avec cha\u00eene de 45 cm, disponible en citrine ou quartz. Symbole de protection, d\u2019\u00e9quilibre et d\u2019\u00e9nergie positive.\" \/>\n<meta name=\"robots\" content=\"index, follow, max-snippet:-1, max-image-preview:large, max-video-preview:-1\" \/>\n<link rel=\"canonical\" href=\"https:\/\/joyasyasmin.com\/fr\/producto\/pendentif-damulette-de-gotland\/\" \/>\n<meta property=\"og:locale\" content=\"fr_FR\" \/>\n<meta property=\"og:title\" content=\"Pendentif d\u2019amulette de Gotland - Yasmin\" \/>\n<meta property=\"og:description\" content=\"Amulette Gotland en argent de 12 mm avec cha\u00eene de 45 cm, disponible en citrine ou quartz. Symbole de protection, d\u2019\u00e9quilibre et d\u2019\u00e9nergie positive.\" \/>\n<meta property=\"og:url\" content=\"https:\/\/joyasyasmin.com\/fr\/producto\/pendentif-damulette-de-gotland\/\" \/>\n<meta property=\"og:site_name\" content=\"Yasmin\" \/>\n<meta property=\"article:publisher\" content=\"https:\/\/www.facebook.com\/Joyas-Yasmin-217664058934169\/\" \/>\n<meta property=\"og:image\" content=\"https:\/\/joyasyasmin.com\/wp-content\/uploads\/2026\/01\/colgante-goltrand-cuarzo.jpg\" \/>\n\t<meta property=\"og:image:width\" content=\"1000\" \/>\n\t<meta property=\"og:image:height\" content=\"1000\" \/>\n\t<meta property=\"og:image:type\" content=\"image\/jpeg\" \/>\n<meta name=\"twitter:card\" content=\"summary_large_image\" \/>\n<script type=\"application\/ld+json\" class=\"yoast-schema-graph\">{\"@context\":\"https:\/\/schema.org\",\"@graph\":[{\"@type\":[\"WebPage\",\"ItemPage\"],\"@id\":\"https:\/\/joyasyasmin.com\/fr\/producto\/pendentif-damulette-de-gotland\/\",\"url\":\"https:\/\/joyasyasmin.com\/fr\/producto\/pendentif-damulette-de-gotland\/\",\"name\":\"Pendentif d\u2019amulette de Gotland - Yasmin\",\"isPartOf\":{\"@id\":\"https:\/\/joyasyasmin.com\/fr\/#website\"},\"primaryImageOfPage\":{\"@id\":\"https:\/\/joyasyasmin.com\/fr\/producto\/pendentif-damulette-de-gotland\/#primaryimage\"},\"image\":{\"@id\":\"https:\/\/joyasyasmin.com\/fr\/producto\/pendentif-damulette-de-gotland\/#primaryimage\"},\"thumbnailUrl\":\"https:\/\/joyasyasmin.com\/wp-content\/uploads\/2026\/01\/colgante-goltrand-cuarzo.jpg\",\"datePublished\":\"2026-01-28T12:22:00+00:00\",\"description\":\"Amulette Gotland en argent de 12 mm avec cha\u00eene de 45 cm, disponible en citrine ou quartz. Symbole de protection, d\u2019\u00e9quilibre et d\u2019\u00e9nergie positive.\",\"breadcrumb\":{\"@id\":\"https:\/\/joyasyasmin.com\/fr\/producto\/pendentif-damulette-de-gotland\/#breadcrumb\"},\"inLanguage\":\"fr-FR\",\"potentialAction\":[{\"@type\":\"ReadAction\",\"target\":[\"https:\/\/joyasyasmin.com\/fr\/producto\/pendentif-damulette-de-gotland\/\"]}]},{\"@type\":\"ImageObject\",\"inLanguage\":\"fr-FR\",\"@id\":\"https:\/\/joyasyasmin.com\/fr\/producto\/pendentif-damulette-de-gotland\/#primaryimage\",\"url\":\"https:\/\/joyasyasmin.com\/wp-content\/uploads\/2026\/01\/colgante-goltrand-cuarzo.jpg\",\"contentUrl\":\"https:\/\/joyasyasmin.com\/wp-content\/uploads\/2026\/01\/colgante-goltrand-cuarzo.jpg\",\"width\":1000,\"height\":1000,\"caption\":\"Pendentif en argent Gotland 925 \u00e0 vendre\"},{\"@type\":\"BreadcrumbList\",\"@id\":\"https:\/\/joyasyasmin.com\/fr\/producto\/pendentif-damulette-de-gotland\/#breadcrumb\",\"itemListElement\":[{\"@type\":\"ListItem\",\"position\":1,\"name\":\"Portada\",\"item\":\"https:\/\/joyasyasmin.com\/fr\/domicile\/\"},{\"@type\":\"ListItem\",\"position\":2,\"name\":\"Boutique\",\"item\":\"https:\/\/joyasyasmin.com\/fr\/boutique\/\"},{\"@type\":\"ListItem\",\"position\":3,\"name\":\"Pendentif d\u2019amulette de Gotland\"}]},{\"@type\":\"WebSite\",\"@id\":\"https:\/\/joyasyasmin.com\/fr\/#website\",\"url\":\"https:\/\/joyasyasmin.com\/fr\/\",\"name\":\"Yasmin\",\"description\":\"Joyer\u00eda de Plata 925 - Pendientes, pulseras, anillos, colgantes y m\u00e1s!\",\"publisher\":{\"@id\":\"https:\/\/joyasyasmin.com\/fr\/#organization\"},\"potentialAction\":[{\"@type\":\"SearchAction\",\"target\":{\"@type\":\"EntryPoint\",\"urlTemplate\":\"https:\/\/joyasyasmin.com\/fr\/?s={search_term_string}\"},\"query-input\":{\"@type\":\"PropertyValueSpecification\",\"valueRequired\":true,\"valueName\":\"search_term_string\"}}],\"inLanguage\":\"fr-FR\"},{\"@type\":\"Organization\",\"@id\":\"https:\/\/joyasyasmin.com\/fr\/#organization\",\"name\":\"joyas yasmin\",\"url\":\"https:\/\/joyasyasmin.com\/fr\/\",\"logo\":{\"@type\":\"ImageObject\",\"inLanguage\":\"fr-FR\",\"@id\":\"https:\/\/joyasyasmin.com\/fr\/#\/schema\/logo\/image\/\",\"url\":\"https:\/\/joyasyasmin.com\/wp-content\/uploads\/2017\/06\/IMG-20200429-WA0051.jpg\",\"contentUrl\":\"https:\/\/joyasyasmin.com\/wp-content\/uploads\/2017\/06\/IMG-20200429-WA0051.jpg\",\"width\":1080,\"height\":545,\"caption\":\"joyas yasmin\"},\"image\":{\"@id\":\"https:\/\/joyasyasmin.com\/fr\/#\/schema\/logo\/image\/\"},\"sameAs\":[\"https:\/\/www.facebook.com\/Joyas-Yasmin-217664058934169\/\",\"https:\/\/www.instagram.com\/invites\/contact\/\"]}]}<\/script>\n<!-- \/ Yoast SEO plugin. -->","yoast_head_json":{"title":"Pendentif d\u2019amulette de Gotland - Yasmin","description":"Amulette Gotland en argent de 12 mm avec cha\u00eene de 45 cm, disponible en citrine ou quartz. Symbole de protection, d\u2019\u00e9quilibre et d\u2019\u00e9nergie positive.","robots":{"index":"index","follow":"follow","max-snippet":"max-snippet:-1","max-image-preview":"max-image-preview:large","max-video-preview":"max-video-preview:-1"},"canonical":"https:\/\/joyasyasmin.com\/fr\/producto\/pendentif-damulette-de-gotland\/","og_locale":"fr_FR","og_title":"Pendentif d\u2019amulette de Gotland - Yasmin","og_description":"Amulette Gotland en argent de 12 mm avec cha\u00eene de 45 cm, disponible en citrine ou quartz. Symbole de protection, d\u2019\u00e9quilibre et d\u2019\u00e9nergie positive.","og_url":"https:\/\/joyasyasmin.com\/fr\/producto\/pendentif-damulette-de-gotland\/","og_site_name":"Yasmin","article_publisher":"https:\/\/www.facebook.com\/Joyas-Yasmin-217664058934169\/","og_image":[{"width":1000,"height":1000,"url":"https:\/\/joyasyasmin.com\/wp-content\/uploads\/2026\/01\/colgante-goltrand-cuarzo.jpg","type":"image\/jpeg"}],"twitter_card":"summary_large_image","schema":{"@context":"https:\/\/schema.org","@graph":[{"@type":["WebPage","ItemPage"],"@id":"https:\/\/joyasyasmin.com\/fr\/producto\/pendentif-damulette-de-gotland\/","url":"https:\/\/joyasyasmin.com\/fr\/producto\/pendentif-damulette-de-gotland\/","name":"Pendentif d\u2019amulette de Gotland - Yasmin","isPartOf":{"@id":"https:\/\/joyasyasmin.com\/fr\/#website"},"primaryImageOfPage":{"@id":"https:\/\/joyasyasmin.com\/fr\/producto\/pendentif-damulette-de-gotland\/#primaryimage"},"image":{"@id":"https:\/\/joyasyasmin.com\/fr\/producto\/pendentif-damulette-de-gotland\/#primaryimage"},"thumbnailUrl":"https:\/\/joyasyasmin.com\/wp-content\/uploads\/2026\/01\/colgante-goltrand-cuarzo.jpg","datePublished":"2026-01-28T12:22:00+00:00","description":"Amulette Gotland en argent de 12 mm avec cha\u00eene de 45 cm, disponible en citrine ou quartz. Symbole de protection, d\u2019\u00e9quilibre et d\u2019\u00e9nergie positive.","breadcrumb":{"@id":"https:\/\/joyasyasmin.com\/fr\/producto\/pendentif-damulette-de-gotland\/#breadcrumb"},"inLanguage":"fr-FR","potentialAction":[{"@type":"ReadAction","target":["https:\/\/joyasyasmin.com\/fr\/producto\/pendentif-damulette-de-gotland\/"]}]},{"@type":"ImageObject","inLanguage":"fr-FR","@id":"https:\/\/joyasyasmin.com\/fr\/producto\/pendentif-damulette-de-gotland\/#primaryimage","url":"https:\/\/joyasyasmin.com\/wp-content\/uploads\/2026\/01\/colgante-goltrand-cuarzo.jpg","contentUrl":"https:\/\/joyasyasmin.com\/wp-content\/uploads\/2026\/01\/colgante-goltrand-cuarzo.jpg","width":1000,"height":1000,"caption":"Pendentif en argent Gotland 925 \u00e0 vendre"},{"@type":"BreadcrumbList","@id":"https:\/\/joyasyasmin.com\/fr\/producto\/pendentif-damulette-de-gotland\/#breadcrumb","itemListElement":[{"@type":"ListItem","position":1,"name":"Portada","item":"https:\/\/joyasyasmin.com\/fr\/domicile\/"},{"@type":"ListItem","position":2,"name":"Boutique","item":"https:\/\/joyasyasmin.com\/fr\/boutique\/"},{"@type":"ListItem","position":3,"name":"Pendentif d\u2019amulette de Gotland"}]},{"@type":"WebSite","@id":"https:\/\/joyasyasmin.com\/fr\/#website","url":"https:\/\/joyasyasmin.com\/fr\/","name":"Yasmin","description":"Joyer\u00eda de Plata 925 - Pendientes, pulseras, anillos, colgantes y m\u00e1s!","publisher":{"@id":"https:\/\/joyasyasmin.com\/fr\/#organization"},"potentialAction":[{"@type":"SearchAction","target":{"@type":"EntryPoint","urlTemplate":"https:\/\/joyasyasmin.com\/fr\/?s={search_term_string}"},"query-input":{"@type":"PropertyValueSpecification","valueRequired":true,"valueName":"search_term_string"}}],"inLanguage":"fr-FR"},{"@type":"Organization","@id":"https:\/\/joyasyasmin.com\/fr\/#organization","name":"joyas yasmin","url":"https:\/\/joyasyasmin.com\/fr\/","logo":{"@type":"ImageObject","inLanguage":"fr-FR","@id":"https:\/\/joyasyasmin.com\/fr\/#\/schema\/logo\/image\/","url":"https:\/\/joyasyasmin.com\/wp-content\/uploads\/2017\/06\/IMG-20200429-WA0051.jpg","contentUrl":"https:\/\/joyasyasmin.com\/wp-content\/uploads\/2017\/06\/IMG-20200429-WA0051.jpg","width":1080,"height":545,"caption":"joyas yasmin"},"image":{"@id":"https:\/\/joyasyasmin.com\/fr\/#\/schema\/logo\/image\/"},"sameAs":["https:\/\/www.facebook.com\/Joyas-Yasmin-217664058934169\/","https:\/\/www.instagram.com\/invites\/contact\/"]}]}},"_links":{"self":[{"href":"https:\/\/joyasyasmin.com\/fr\/wp-json\/wp\/v2\/product\/37892","targetHints":{"allow":["GET"]}}],"collection":[{"href":"https:\/\/joyasyasmin.com\/fr\/wp-json\/wp\/v2\/product"}],"about":[{"href":"https:\/\/joyasyasmin.com\/fr\/wp-json\/wp\/v2\/types\/product"}],"replies":[{"embeddable":true,"href":"https:\/\/joyasyasmin.com\/fr\/wp-json\/wp\/v2\/comments?post=37892"}],"version-history":[{"count":0,"href":"https:\/\/joyasyasmin.com\/fr\/wp-json\/wp\/v2\/product\/37892\/revisions"}],"wp:featuredmedia":[{"embeddable":true,"href":"https:\/\/joyasyasmin.com\/fr\/wp-json\/wp\/v2\/media\/37715"}],"wp:attachment":[{"href":"https:\/\/joyasyasmin.com\/fr\/wp-json\/wp\/v2\/media?parent=37892"}],"wp:term":[{"taxonomy":"product_brand","embeddable":true,"href":"https:\/\/joyasyasmin.com\/fr\/wp-json\/wp\/v2\/product_brand?post=37892"},{"taxonomy":"product_cat","embeddable":true,"href":"https:\/\/joyasyasmin.com\/fr\/wp-json\/wp\/v2\/product_cat?post=37892"},{"taxonomy":"product_tag","embeddable":true,"href":"https:\/\/joyasyasmin.com\/fr\/wp-json\/wp\/v2\/product_tag?post=37892"}],"curies":[{"name":"wp","href":"https:\/\/api.w.org\/{rel}","templated":true}]}}