{"id":38139,"date":"2026-02-04T19:08:22","date_gmt":"2026-02-04T19:08:22","guid":{"rendered":"https:\/\/joyasyasmin.com\/producto\/collier-des-deux-coeurs\/"},"modified":"2026-02-04T19:08:22","modified_gmt":"2026-02-04T19:08:22","slug":"collier-des-deux-coeurs","status":"publish","type":"product","link":"https:\/\/joyasyasmin.com\/fr\/producto\/collier-des-deux-coeurs\/","title":{"rendered":"Collier des Deux C\u0153urs"},"content":{"rendered":"","protected":false},"excerpt":{"rendered":"<p>Collier deux c\u0153urs en argent 925, l\u2019un avec du zircone rouge et l\u2019autre avec du zircone blanc, qui ensemble cr\u00e9ent un design d\u00e9licat et \u00e9quilibr\u00e9. Le pendentif mesure 15 mm et est suspendu \u00e0 une fine cha\u00eene d\u2019environ 1 mm d\u2019\u00e9paisseur avec une longueur r\u00e9glable de 43 + 3 cm. Disponible \u00e9galement avec des boucles d\u2019oreilles assorties, c\u2019est une pi\u00e8ce \u00e9l\u00e9gante et romantique, id\u00e9ale pour le quotidien ou en cadeau.  <\/p>\n","protected":false},"featured_media":37965,"comment_status":"open","ping_status":"closed","template":"","meta":{"_acf_changed":false,"_joinchat":[]},"product_brand":[],"product_cat":[1870],"product_tag":[],"class_list":{"0":"post-38139","1":"product","2":"type-product","3":"status-publish","4":"has-post-thumbnail","6":"product_cat-colliers-fr","8":"first","9":"instock","10":"shipping-taxable","11":"purchasable","12":"product-type-variable"},"acf":[],"yoast_head":"<!-- This site is optimized with the Yoast SEO plugin v27.2 - https:\/\/yoast.com\/product\/yoast-seo-wordpress\/ -->\n<title>Collier des Deux C\u0153urs - Yasmin<\/title>\n<meta name=\"description\" content=\"Ras-du-cou argent\u00e9 avec deux c\u0153urs en zircone rouge et blanc, pendentif de 15 mm et cha\u00eene de 43 + 3 cm. Disponible avec des boucles d\u2019oreilles assorties.\" \/>\n<meta name=\"robots\" content=\"index, follow, max-snippet:-1, max-image-preview:large, max-video-preview:-1\" \/>\n<link rel=\"canonical\" href=\"https:\/\/joyasyasmin.com\/fr\/producto\/collier-des-deux-coeurs\/\" \/>\n<meta property=\"og:locale\" content=\"fr_FR\" \/>\n<meta property=\"og:title\" content=\"Collier des Deux C\u0153urs - Yasmin\" \/>\n<meta property=\"og:description\" content=\"Ras-du-cou argent\u00e9 avec deux c\u0153urs en zircone rouge et blanc, pendentif de 15 mm et cha\u00eene de 43 + 3 cm. Disponible avec des boucles d\u2019oreilles assorties.\" \/>\n<meta property=\"og:url\" content=\"https:\/\/joyasyasmin.com\/fr\/producto\/collier-des-deux-coeurs\/\" \/>\n<meta property=\"og:site_name\" content=\"Yasmin\" \/>\n<meta property=\"article:publisher\" content=\"https:\/\/www.facebook.com\/Joyas-Yasmin-217664058934169\/\" \/>\n<meta property=\"og:image\" content=\"https:\/\/joyasyasmin.com\/wp-content\/uploads\/2026\/02\/colar-corazon-rojo-con-circonita.jpg\" \/>\n\t<meta property=\"og:image:width\" content=\"1000\" \/>\n\t<meta property=\"og:image:height\" content=\"1000\" \/>\n\t<meta property=\"og:image:type\" content=\"image\/jpeg\" \/>\n<meta name=\"twitter:card\" content=\"summary_large_image\" \/>\n<script type=\"application\/ld+json\" class=\"yoast-schema-graph\">{\"@context\":\"https:\/\/schema.org\",\"@graph\":[{\"@type\":[\"WebPage\",\"ItemPage\"],\"@id\":\"https:\/\/joyasyasmin.com\/fr\/producto\/collier-des-deux-coeurs\/\",\"url\":\"https:\/\/joyasyasmin.com\/fr\/producto\/collier-des-deux-coeurs\/\",\"name\":\"Collier des Deux C\u0153urs - Yasmin\",\"isPartOf\":{\"@id\":\"https:\/\/joyasyasmin.com\/fr\/#website\"},\"primaryImageOfPage\":{\"@id\":\"https:\/\/joyasyasmin.com\/fr\/producto\/collier-des-deux-coeurs\/#primaryimage\"},\"image\":{\"@id\":\"https:\/\/joyasyasmin.com\/fr\/producto\/collier-des-deux-coeurs\/#primaryimage\"},\"thumbnailUrl\":\"https:\/\/joyasyasmin.com\/wp-content\/uploads\/2026\/02\/colar-corazon-rojo-con-circonita.jpg\",\"datePublished\":\"2026-02-04T19:08:22+00:00\",\"description\":\"Ras-du-cou argent\u00e9 avec deux c\u0153urs en zircone rouge et blanc, pendentif de 15 mm et cha\u00eene de 43 + 3 cm. Disponible avec des boucles d\u2019oreilles assorties.\",\"breadcrumb\":{\"@id\":\"https:\/\/joyasyasmin.com\/fr\/producto\/collier-des-deux-coeurs\/#breadcrumb\"},\"inLanguage\":\"fr-FR\",\"potentialAction\":[{\"@type\":\"ReadAction\",\"target\":[\"https:\/\/joyasyasmin.com\/fr\/producto\/collier-des-deux-coeurs\/\"]}]},{\"@type\":\"ImageObject\",\"inLanguage\":\"fr-FR\",\"@id\":\"https:\/\/joyasyasmin.com\/fr\/producto\/collier-des-deux-coeurs\/#primaryimage\",\"url\":\"https:\/\/joyasyasmin.com\/wp-content\/uploads\/2026\/02\/colar-corazon-rojo-con-circonita.jpg\",\"contentUrl\":\"https:\/\/joyasyasmin.com\/wp-content\/uploads\/2026\/02\/colar-corazon-rojo-con-circonita.jpg\",\"width\":1000,\"height\":1000,\"caption\":\"Vente d\u2019un collier \u00e0 deux c\u0153urs en argent 925\"},{\"@type\":\"BreadcrumbList\",\"@id\":\"https:\/\/joyasyasmin.com\/fr\/producto\/collier-des-deux-coeurs\/#breadcrumb\",\"itemListElement\":[{\"@type\":\"ListItem\",\"position\":1,\"name\":\"Portada\",\"item\":\"https:\/\/joyasyasmin.com\/fr\/domicile\/\"},{\"@type\":\"ListItem\",\"position\":2,\"name\":\"Boutique\",\"item\":\"https:\/\/joyasyasmin.com\/fr\/boutique\/\"},{\"@type\":\"ListItem\",\"position\":3,\"name\":\"Collier des Deux C\u0153urs\"}]},{\"@type\":\"WebSite\",\"@id\":\"https:\/\/joyasyasmin.com\/fr\/#website\",\"url\":\"https:\/\/joyasyasmin.com\/fr\/\",\"name\":\"Yasmin\",\"description\":\"Joyer\u00eda de Plata 925 - Pendientes, pulseras, anillos, colgantes y m\u00e1s!\",\"publisher\":{\"@id\":\"https:\/\/joyasyasmin.com\/fr\/#organization\"},\"potentialAction\":[{\"@type\":\"SearchAction\",\"target\":{\"@type\":\"EntryPoint\",\"urlTemplate\":\"https:\/\/joyasyasmin.com\/fr\/?s={search_term_string}\"},\"query-input\":{\"@type\":\"PropertyValueSpecification\",\"valueRequired\":true,\"valueName\":\"search_term_string\"}}],\"inLanguage\":\"fr-FR\"},{\"@type\":\"Organization\",\"@id\":\"https:\/\/joyasyasmin.com\/fr\/#organization\",\"name\":\"joyas yasmin\",\"url\":\"https:\/\/joyasyasmin.com\/fr\/\",\"logo\":{\"@type\":\"ImageObject\",\"inLanguage\":\"fr-FR\",\"@id\":\"https:\/\/joyasyasmin.com\/fr\/#\/schema\/logo\/image\/\",\"url\":\"https:\/\/joyasyasmin.com\/wp-content\/uploads\/2017\/06\/IMG-20200429-WA0051.jpg\",\"contentUrl\":\"https:\/\/joyasyasmin.com\/wp-content\/uploads\/2017\/06\/IMG-20200429-WA0051.jpg\",\"width\":1080,\"height\":545,\"caption\":\"joyas yasmin\"},\"image\":{\"@id\":\"https:\/\/joyasyasmin.com\/fr\/#\/schema\/logo\/image\/\"},\"sameAs\":[\"https:\/\/www.facebook.com\/Joyas-Yasmin-217664058934169\/\",\"https:\/\/www.instagram.com\/invites\/contact\/\"]}]}<\/script>\n<!-- \/ Yoast SEO plugin. -->","yoast_head_json":{"title":"Collier des Deux C\u0153urs - Yasmin","description":"Ras-du-cou argent\u00e9 avec deux c\u0153urs en zircone rouge et blanc, pendentif de 15 mm et cha\u00eene de 43 + 3 cm. Disponible avec des boucles d\u2019oreilles assorties.","robots":{"index":"index","follow":"follow","max-snippet":"max-snippet:-1","max-image-preview":"max-image-preview:large","max-video-preview":"max-video-preview:-1"},"canonical":"https:\/\/joyasyasmin.com\/fr\/producto\/collier-des-deux-coeurs\/","og_locale":"fr_FR","og_title":"Collier des Deux C\u0153urs - Yasmin","og_description":"Ras-du-cou argent\u00e9 avec deux c\u0153urs en zircone rouge et blanc, pendentif de 15 mm et cha\u00eene de 43 + 3 cm. Disponible avec des boucles d\u2019oreilles assorties.","og_url":"https:\/\/joyasyasmin.com\/fr\/producto\/collier-des-deux-coeurs\/","og_site_name":"Yasmin","article_publisher":"https:\/\/www.facebook.com\/Joyas-Yasmin-217664058934169\/","og_image":[{"width":1000,"height":1000,"url":"https:\/\/joyasyasmin.com\/wp-content\/uploads\/2026\/02\/colar-corazon-rojo-con-circonita.jpg","type":"image\/jpeg"}],"twitter_card":"summary_large_image","schema":{"@context":"https:\/\/schema.org","@graph":[{"@type":["WebPage","ItemPage"],"@id":"https:\/\/joyasyasmin.com\/fr\/producto\/collier-des-deux-coeurs\/","url":"https:\/\/joyasyasmin.com\/fr\/producto\/collier-des-deux-coeurs\/","name":"Collier des Deux C\u0153urs - Yasmin","isPartOf":{"@id":"https:\/\/joyasyasmin.com\/fr\/#website"},"primaryImageOfPage":{"@id":"https:\/\/joyasyasmin.com\/fr\/producto\/collier-des-deux-coeurs\/#primaryimage"},"image":{"@id":"https:\/\/joyasyasmin.com\/fr\/producto\/collier-des-deux-coeurs\/#primaryimage"},"thumbnailUrl":"https:\/\/joyasyasmin.com\/wp-content\/uploads\/2026\/02\/colar-corazon-rojo-con-circonita.jpg","datePublished":"2026-02-04T19:08:22+00:00","description":"Ras-du-cou argent\u00e9 avec deux c\u0153urs en zircone rouge et blanc, pendentif de 15 mm et cha\u00eene de 43 + 3 cm. Disponible avec des boucles d\u2019oreilles assorties.","breadcrumb":{"@id":"https:\/\/joyasyasmin.com\/fr\/producto\/collier-des-deux-coeurs\/#breadcrumb"},"inLanguage":"fr-FR","potentialAction":[{"@type":"ReadAction","target":["https:\/\/joyasyasmin.com\/fr\/producto\/collier-des-deux-coeurs\/"]}]},{"@type":"ImageObject","inLanguage":"fr-FR","@id":"https:\/\/joyasyasmin.com\/fr\/producto\/collier-des-deux-coeurs\/#primaryimage","url":"https:\/\/joyasyasmin.com\/wp-content\/uploads\/2026\/02\/colar-corazon-rojo-con-circonita.jpg","contentUrl":"https:\/\/joyasyasmin.com\/wp-content\/uploads\/2026\/02\/colar-corazon-rojo-con-circonita.jpg","width":1000,"height":1000,"caption":"Vente d\u2019un collier \u00e0 deux c\u0153urs en argent 925"},{"@type":"BreadcrumbList","@id":"https:\/\/joyasyasmin.com\/fr\/producto\/collier-des-deux-coeurs\/#breadcrumb","itemListElement":[{"@type":"ListItem","position":1,"name":"Portada","item":"https:\/\/joyasyasmin.com\/fr\/domicile\/"},{"@type":"ListItem","position":2,"name":"Boutique","item":"https:\/\/joyasyasmin.com\/fr\/boutique\/"},{"@type":"ListItem","position":3,"name":"Collier des Deux C\u0153urs"}]},{"@type":"WebSite","@id":"https:\/\/joyasyasmin.com\/fr\/#website","url":"https:\/\/joyasyasmin.com\/fr\/","name":"Yasmin","description":"Joyer\u00eda de Plata 925 - Pendientes, pulseras, anillos, colgantes y m\u00e1s!","publisher":{"@id":"https:\/\/joyasyasmin.com\/fr\/#organization"},"potentialAction":[{"@type":"SearchAction","target":{"@type":"EntryPoint","urlTemplate":"https:\/\/joyasyasmin.com\/fr\/?s={search_term_string}"},"query-input":{"@type":"PropertyValueSpecification","valueRequired":true,"valueName":"search_term_string"}}],"inLanguage":"fr-FR"},{"@type":"Organization","@id":"https:\/\/joyasyasmin.com\/fr\/#organization","name":"joyas yasmin","url":"https:\/\/joyasyasmin.com\/fr\/","logo":{"@type":"ImageObject","inLanguage":"fr-FR","@id":"https:\/\/joyasyasmin.com\/fr\/#\/schema\/logo\/image\/","url":"https:\/\/joyasyasmin.com\/wp-content\/uploads\/2017\/06\/IMG-20200429-WA0051.jpg","contentUrl":"https:\/\/joyasyasmin.com\/wp-content\/uploads\/2017\/06\/IMG-20200429-WA0051.jpg","width":1080,"height":545,"caption":"joyas yasmin"},"image":{"@id":"https:\/\/joyasyasmin.com\/fr\/#\/schema\/logo\/image\/"},"sameAs":["https:\/\/www.facebook.com\/Joyas-Yasmin-217664058934169\/","https:\/\/www.instagram.com\/invites\/contact\/"]}]}},"_links":{"self":[{"href":"https:\/\/joyasyasmin.com\/fr\/wp-json\/wp\/v2\/product\/38139","targetHints":{"allow":["GET"]}}],"collection":[{"href":"https:\/\/joyasyasmin.com\/fr\/wp-json\/wp\/v2\/product"}],"about":[{"href":"https:\/\/joyasyasmin.com\/fr\/wp-json\/wp\/v2\/types\/product"}],"replies":[{"embeddable":true,"href":"https:\/\/joyasyasmin.com\/fr\/wp-json\/wp\/v2\/comments?post=38139"}],"version-history":[{"count":0,"href":"https:\/\/joyasyasmin.com\/fr\/wp-json\/wp\/v2\/product\/38139\/revisions"}],"wp:featuredmedia":[{"embeddable":true,"href":"https:\/\/joyasyasmin.com\/fr\/wp-json\/wp\/v2\/media\/37965"}],"wp:attachment":[{"href":"https:\/\/joyasyasmin.com\/fr\/wp-json\/wp\/v2\/media?parent=38139"}],"wp:term":[{"taxonomy":"product_brand","embeddable":true,"href":"https:\/\/joyasyasmin.com\/fr\/wp-json\/wp\/v2\/product_brand?post=38139"},{"taxonomy":"product_cat","embeddable":true,"href":"https:\/\/joyasyasmin.com\/fr\/wp-json\/wp\/v2\/product_cat?post=38139"},{"taxonomy":"product_tag","embeddable":true,"href":"https:\/\/joyasyasmin.com\/fr\/wp-json\/wp\/v2\/product_tag?post=38139"}],"curies":[{"name":"wp","href":"https:\/\/api.w.org\/{rel}","templated":true}]}}