{"id":19797,"date":"2024-09-21T21:17:55","date_gmt":"2024-09-21T21:17:55","guid":{"rendered":"https:\/\/joyasyasmin.com\/producto\/lanello-ovale-brilla-con-la-pietra\/"},"modified":"2025-09-02T00:06:02","modified_gmt":"2025-09-02T00:06:02","slug":"lanello-ovale-brilla-con-la-pietra","status":"publish","type":"product","link":"https:\/\/joyasyasmin.com\/it\/producto\/lanello-ovale-brilla-con-la-pietra\/","title":{"rendered":"L&#8217;anello ovale brilla con la pietra"},"content":{"rendered":"","protected":false},"excerpt":{"rendered":"<p>L&#8217;Anello Ovale Scintilla di Pietre \u00e8 molto pi\u00f9 di un semplice gioiello; \u00c8 una dichiarazione di stile. Con il suo design ovale e la larghezza di 24 mm, questo anello diventa il protagonista di qualsiasi outfit, ideale per chi apprezza gli accessori di grande impatto senza perdere la raffinatezza. Il pezzo \u00e8 disponibile in tre abbaglianti opzioni di pietra: opale opalescente, noto per le sue tonalit\u00e0 cangianti che riflettono la luce in tonalit\u00e0 magiche, la serena e misteriosa pietra di luna, che evoca l&#8217;energia femminile e l&#8217;introspezione, e il vibrante turchese sintetico, che porta una nota di freschezza e modernit\u00e0 con la sua caratteristica tonalit\u00e0 blu.  <\/p>\n","protected":false},"featured_media":18646,"comment_status":"open","ping_status":"closed","template":"","meta":{"_acf_changed":false,"_joinchat":[]},"product_brand":[],"product_cat":[1845],"product_tag":[],"class_list":{"0":"post-19797","1":"product","2":"type-product","3":"status-publish","4":"has-post-thumbnail","6":"product_cat-anelli-e-anelli","8":"first","9":"instock","10":"shipping-taxable","11":"purchasable","12":"product-type-variable"},"acf":[],"yoast_head":"<!-- This site is optimized with the Yoast SEO plugin v27.2 - https:\/\/yoast.com\/product\/yoast-seo-wordpress\/ -->\n<title>L&#039;anello ovale brilla con la pietra - Yasmin<\/title>\n<meta name=\"description\" content=\"L&#039;anello ovale brilla con le pietre non solo aggiunge distinzione, ma ti permette anche di esprimere la tua individualit\u00e0, opalo in pietra naturale, pietra di luna.\" \/>\n<meta name=\"robots\" content=\"index, follow, max-snippet:-1, max-image-preview:large, max-video-preview:-1\" \/>\n<link rel=\"canonical\" href=\"https:\/\/joyasyasmin.com\/it\/producto\/lanello-ovale-brilla-con-la-pietra\/\" \/>\n<meta property=\"og:locale\" content=\"it_IT\" \/>\n<meta property=\"og:title\" content=\"L&#039;anello ovale brilla con la pietra - Yasmin\" \/>\n<meta property=\"og:description\" content=\"L&#039;anello ovale brilla con le pietre non solo aggiunge distinzione, ma ti permette anche di esprimere la tua individualit\u00e0, opalo in pietra naturale, pietra di luna.\" \/>\n<meta property=\"og:url\" content=\"https:\/\/joyasyasmin.com\/it\/producto\/lanello-ovale-brilla-con-la-pietra\/\" \/>\n<meta property=\"og:site_name\" content=\"Yasmin\" \/>\n<meta property=\"article:publisher\" content=\"https:\/\/www.facebook.com\/Joyas-Yasmin-217664058934169\/\" \/>\n<meta property=\"article:modified_time\" content=\"2025-09-02T00:06:02+00:00\" \/>\n<meta property=\"og:image\" content=\"https:\/\/joyasyasmin.com\/wp-content\/uploads\/2024\/09\/anillo-piedra-luna-natural.jpg\" \/>\n\t<meta property=\"og:image:width\" content=\"1000\" \/>\n\t<meta property=\"og:image:height\" content=\"1000\" \/>\n\t<meta property=\"og:image:type\" content=\"image\/jpeg\" \/>\n<meta name=\"twitter:card\" content=\"summary_large_image\" \/>\n<script type=\"application\/ld+json\" class=\"yoast-schema-graph\">{\"@context\":\"https:\/\/schema.org\",\"@graph\":[{\"@type\":[\"WebPage\",\"ItemPage\"],\"@id\":\"https:\/\/joyasyasmin.com\/it\/producto\/lanello-ovale-brilla-con-la-pietra\/\",\"url\":\"https:\/\/joyasyasmin.com\/it\/producto\/lanello-ovale-brilla-con-la-pietra\/\",\"name\":\"L'anello ovale brilla con la pietra - Yasmin\",\"isPartOf\":{\"@id\":\"https:\/\/joyasyasmin.com\/it\/#website\"},\"primaryImageOfPage\":{\"@id\":\"https:\/\/joyasyasmin.com\/it\/producto\/lanello-ovale-brilla-con-la-pietra\/#primaryimage\"},\"image\":{\"@id\":\"https:\/\/joyasyasmin.com\/it\/producto\/lanello-ovale-brilla-con-la-pietra\/#primaryimage\"},\"thumbnailUrl\":\"https:\/\/joyasyasmin.com\/wp-content\/uploads\/2024\/09\/anillo-piedra-luna-natural.jpg\",\"datePublished\":\"2024-09-21T21:17:55+00:00\",\"dateModified\":\"2025-09-02T00:06:02+00:00\",\"description\":\"L'anello ovale brilla con le pietre non solo aggiunge distinzione, ma ti permette anche di esprimere la tua individualit\u00e0, opalo in pietra naturale, pietra di luna.\",\"breadcrumb\":{\"@id\":\"https:\/\/joyasyasmin.com\/it\/producto\/lanello-ovale-brilla-con-la-pietra\/#breadcrumb\"},\"inLanguage\":\"it-IT\",\"potentialAction\":[{\"@type\":\"ReadAction\",\"target\":[\"https:\/\/joyasyasmin.com\/it\/producto\/lanello-ovale-brilla-con-la-pietra\/\"]}]},{\"@type\":\"ImageObject\",\"inLanguage\":\"it-IT\",\"@id\":\"https:\/\/joyasyasmin.com\/it\/producto\/lanello-ovale-brilla-con-la-pietra\/#primaryimage\",\"url\":\"https:\/\/joyasyasmin.com\/wp-content\/uploads\/2024\/09\/anillo-piedra-luna-natural.jpg\",\"contentUrl\":\"https:\/\/joyasyasmin.com\/wp-content\/uploads\/2024\/09\/anillo-piedra-luna-natural.jpg\",\"width\":1000,\"height\":1000,\"caption\":\"anello di pietra di luna vendita scintille di pietra in argento sterling 925\"},{\"@type\":\"BreadcrumbList\",\"@id\":\"https:\/\/joyasyasmin.com\/it\/producto\/lanello-ovale-brilla-con-la-pietra\/#breadcrumb\",\"itemListElement\":[{\"@type\":\"ListItem\",\"position\":1,\"name\":\"Portada\",\"item\":\"https:\/\/joyasyasmin.com\/it\/casa\/\"},{\"@type\":\"ListItem\",\"position\":2,\"name\":\"Negozio\",\"item\":\"https:\/\/joyasyasmin.com\/it\/negozio\/\"},{\"@type\":\"ListItem\",\"position\":3,\"name\":\"L&#8217;anello ovale brilla con la pietra\"}]},{\"@type\":\"WebSite\",\"@id\":\"https:\/\/joyasyasmin.com\/it\/#website\",\"url\":\"https:\/\/joyasyasmin.com\/it\/\",\"name\":\"Yasmin\",\"description\":\"Joyer\u00eda de Plata 925 - Pendientes, pulseras, anillos, colgantes y m\u00e1s!\",\"publisher\":{\"@id\":\"https:\/\/joyasyasmin.com\/it\/#organization\"},\"potentialAction\":[{\"@type\":\"SearchAction\",\"target\":{\"@type\":\"EntryPoint\",\"urlTemplate\":\"https:\/\/joyasyasmin.com\/it\/?s={search_term_string}\"},\"query-input\":{\"@type\":\"PropertyValueSpecification\",\"valueRequired\":true,\"valueName\":\"search_term_string\"}}],\"inLanguage\":\"it-IT\"},{\"@type\":\"Organization\",\"@id\":\"https:\/\/joyasyasmin.com\/it\/#organization\",\"name\":\"joyas yasmin\",\"url\":\"https:\/\/joyasyasmin.com\/it\/\",\"logo\":{\"@type\":\"ImageObject\",\"inLanguage\":\"it-IT\",\"@id\":\"https:\/\/joyasyasmin.com\/it\/#\/schema\/logo\/image\/\",\"url\":\"https:\/\/joyasyasmin.com\/wp-content\/uploads\/2017\/06\/IMG-20200429-WA0051.jpg\",\"contentUrl\":\"https:\/\/joyasyasmin.com\/wp-content\/uploads\/2017\/06\/IMG-20200429-WA0051.jpg\",\"width\":1080,\"height\":545,\"caption\":\"joyas yasmin\"},\"image\":{\"@id\":\"https:\/\/joyasyasmin.com\/it\/#\/schema\/logo\/image\/\"},\"sameAs\":[\"https:\/\/www.facebook.com\/Joyas-Yasmin-217664058934169\/\",\"https:\/\/www.instagram.com\/invites\/contact\/\"]}]}<\/script>\n<!-- \/ Yoast SEO plugin. -->","yoast_head_json":{"title":"L'anello ovale brilla con la pietra - Yasmin","description":"L'anello ovale brilla con le pietre non solo aggiunge distinzione, ma ti permette anche di esprimere la tua individualit\u00e0, opalo in pietra naturale, pietra di luna.","robots":{"index":"index","follow":"follow","max-snippet":"max-snippet:-1","max-image-preview":"max-image-preview:large","max-video-preview":"max-video-preview:-1"},"canonical":"https:\/\/joyasyasmin.com\/it\/producto\/lanello-ovale-brilla-con-la-pietra\/","og_locale":"it_IT","og_title":"L'anello ovale brilla con la pietra - Yasmin","og_description":"L'anello ovale brilla con le pietre non solo aggiunge distinzione, ma ti permette anche di esprimere la tua individualit\u00e0, opalo in pietra naturale, pietra di luna.","og_url":"https:\/\/joyasyasmin.com\/it\/producto\/lanello-ovale-brilla-con-la-pietra\/","og_site_name":"Yasmin","article_publisher":"https:\/\/www.facebook.com\/Joyas-Yasmin-217664058934169\/","article_modified_time":"2025-09-02T00:06:02+00:00","og_image":[{"width":1000,"height":1000,"url":"https:\/\/joyasyasmin.com\/wp-content\/uploads\/2024\/09\/anillo-piedra-luna-natural.jpg","type":"image\/jpeg"}],"twitter_card":"summary_large_image","schema":{"@context":"https:\/\/schema.org","@graph":[{"@type":["WebPage","ItemPage"],"@id":"https:\/\/joyasyasmin.com\/it\/producto\/lanello-ovale-brilla-con-la-pietra\/","url":"https:\/\/joyasyasmin.com\/it\/producto\/lanello-ovale-brilla-con-la-pietra\/","name":"L'anello ovale brilla con la pietra - Yasmin","isPartOf":{"@id":"https:\/\/joyasyasmin.com\/it\/#website"},"primaryImageOfPage":{"@id":"https:\/\/joyasyasmin.com\/it\/producto\/lanello-ovale-brilla-con-la-pietra\/#primaryimage"},"image":{"@id":"https:\/\/joyasyasmin.com\/it\/producto\/lanello-ovale-brilla-con-la-pietra\/#primaryimage"},"thumbnailUrl":"https:\/\/joyasyasmin.com\/wp-content\/uploads\/2024\/09\/anillo-piedra-luna-natural.jpg","datePublished":"2024-09-21T21:17:55+00:00","dateModified":"2025-09-02T00:06:02+00:00","description":"L'anello ovale brilla con le pietre non solo aggiunge distinzione, ma ti permette anche di esprimere la tua individualit\u00e0, opalo in pietra naturale, pietra di luna.","breadcrumb":{"@id":"https:\/\/joyasyasmin.com\/it\/producto\/lanello-ovale-brilla-con-la-pietra\/#breadcrumb"},"inLanguage":"it-IT","potentialAction":[{"@type":"ReadAction","target":["https:\/\/joyasyasmin.com\/it\/producto\/lanello-ovale-brilla-con-la-pietra\/"]}]},{"@type":"ImageObject","inLanguage":"it-IT","@id":"https:\/\/joyasyasmin.com\/it\/producto\/lanello-ovale-brilla-con-la-pietra\/#primaryimage","url":"https:\/\/joyasyasmin.com\/wp-content\/uploads\/2024\/09\/anillo-piedra-luna-natural.jpg","contentUrl":"https:\/\/joyasyasmin.com\/wp-content\/uploads\/2024\/09\/anillo-piedra-luna-natural.jpg","width":1000,"height":1000,"caption":"anello di pietra di luna vendita scintille di pietra in argento sterling 925"},{"@type":"BreadcrumbList","@id":"https:\/\/joyasyasmin.com\/it\/producto\/lanello-ovale-brilla-con-la-pietra\/#breadcrumb","itemListElement":[{"@type":"ListItem","position":1,"name":"Portada","item":"https:\/\/joyasyasmin.com\/it\/casa\/"},{"@type":"ListItem","position":2,"name":"Negozio","item":"https:\/\/joyasyasmin.com\/it\/negozio\/"},{"@type":"ListItem","position":3,"name":"L&#8217;anello ovale brilla con la pietra"}]},{"@type":"WebSite","@id":"https:\/\/joyasyasmin.com\/it\/#website","url":"https:\/\/joyasyasmin.com\/it\/","name":"Yasmin","description":"Joyer\u00eda de Plata 925 - Pendientes, pulseras, anillos, colgantes y m\u00e1s!","publisher":{"@id":"https:\/\/joyasyasmin.com\/it\/#organization"},"potentialAction":[{"@type":"SearchAction","target":{"@type":"EntryPoint","urlTemplate":"https:\/\/joyasyasmin.com\/it\/?s={search_term_string}"},"query-input":{"@type":"PropertyValueSpecification","valueRequired":true,"valueName":"search_term_string"}}],"inLanguage":"it-IT"},{"@type":"Organization","@id":"https:\/\/joyasyasmin.com\/it\/#organization","name":"joyas yasmin","url":"https:\/\/joyasyasmin.com\/it\/","logo":{"@type":"ImageObject","inLanguage":"it-IT","@id":"https:\/\/joyasyasmin.com\/it\/#\/schema\/logo\/image\/","url":"https:\/\/joyasyasmin.com\/wp-content\/uploads\/2017\/06\/IMG-20200429-WA0051.jpg","contentUrl":"https:\/\/joyasyasmin.com\/wp-content\/uploads\/2017\/06\/IMG-20200429-WA0051.jpg","width":1080,"height":545,"caption":"joyas yasmin"},"image":{"@id":"https:\/\/joyasyasmin.com\/it\/#\/schema\/logo\/image\/"},"sameAs":["https:\/\/www.facebook.com\/Joyas-Yasmin-217664058934169\/","https:\/\/www.instagram.com\/invites\/contact\/"]}]}},"_links":{"self":[{"href":"https:\/\/joyasyasmin.com\/it\/wp-json\/wp\/v2\/product\/19797","targetHints":{"allow":["GET"]}}],"collection":[{"href":"https:\/\/joyasyasmin.com\/it\/wp-json\/wp\/v2\/product"}],"about":[{"href":"https:\/\/joyasyasmin.com\/it\/wp-json\/wp\/v2\/types\/product"}],"replies":[{"embeddable":true,"href":"https:\/\/joyasyasmin.com\/it\/wp-json\/wp\/v2\/comments?post=19797"}],"version-history":[{"count":1,"href":"https:\/\/joyasyasmin.com\/it\/wp-json\/wp\/v2\/product\/19797\/revisions"}],"predecessor-version":[{"id":29626,"href":"https:\/\/joyasyasmin.com\/it\/wp-json\/wp\/v2\/product\/19797\/revisions\/29626"}],"wp:featuredmedia":[{"embeddable":true,"href":"https:\/\/joyasyasmin.com\/it\/wp-json\/wp\/v2\/media\/18646"}],"wp:attachment":[{"href":"https:\/\/joyasyasmin.com\/it\/wp-json\/wp\/v2\/media?parent=19797"}],"wp:term":[{"taxonomy":"product_brand","embeddable":true,"href":"https:\/\/joyasyasmin.com\/it\/wp-json\/wp\/v2\/product_brand?post=19797"},{"taxonomy":"product_cat","embeddable":true,"href":"https:\/\/joyasyasmin.com\/it\/wp-json\/wp\/v2\/product_cat?post=19797"},{"taxonomy":"product_tag","embeddable":true,"href":"https:\/\/joyasyasmin.com\/it\/wp-json\/wp\/v2\/product_tag?post=19797"}],"curies":[{"name":"wp","href":"https:\/\/api.w.org\/{rel}","templated":true}]}}