{"id":20295,"date":"2024-07-22T12:38:29","date_gmt":"2024-07-22T12:38:29","guid":{"rendered":"https:\/\/joyasyasmin.com\/producto\/bracciale-da-sogno-2\/"},"modified":"2025-05-13T11:08:20","modified_gmt":"2025-05-13T11:08:20","slug":"bracciale-da-sogno-2","status":"publish","type":"product","link":"https:\/\/joyasyasmin.com\/it\/producto\/bracciale-da-sogno-2\/","title":{"rendered":"Bracciale da sogno"},"content":{"rendered":"","protected":false},"excerpt":{"rendered":"<p>Scopri l&#8217;eleganza e il simbolismo nel nostro braccialetto sognatore fatto a mano, che combina pietre sintetiche da 2 mm in una variet\u00e0 di colori chiari con delicate perline d&#8217;argento da 1 mm. Questo pezzo, lungo 17 cm pi\u00f9 un&#8217;estensione di 3 cm, offre versatilit\u00e0 nella sua regolazione per adattarsi perfettamente al polso. <\/p>\n<p>Il design \u00e8 disponibile sia nella sua forma semplice che con una bellissima croce Caravaca, che aggiunge un tocco di spiritualit\u00e0 e protezione. La croce di Caravaca \u00e8 nota per essere un simbolo di fede e protezione, ideale per chi cerca un legame speciale con i propri gioielli. <\/p>\n<p>Tra i colori evidenziati, il turchese si distingue per il suo significato di serenit\u00e0, equilibrio e protezione. Questa pietra \u00e8 apprezzata per la sua capacit\u00e0 di portare calma e chiarezza mentale, rendendola perfetta per chi cerca la pace interiore e una mente lucida. <\/p>\n","protected":false},"featured_media":18474,"comment_status":"open","ping_status":"closed","template":"","meta":{"_acf_changed":false,"_joinchat":[]},"product_brand":[],"product_cat":[1784],"product_tag":[],"class_list":{"0":"post-20295","1":"product","2":"type-product","3":"status-publish","4":"has-post-thumbnail","6":"product_cat-bracciali","8":"first","9":"instock","10":"shipping-taxable","11":"purchasable","12":"product-type-variable"},"acf":[],"yoast_head":"<!-- This site is optimized with the Yoast SEO plugin v27.3 - https:\/\/yoast.com\/product\/yoast-seo-wordpress\/ -->\n<title>Bracciale da sogno - Yasmin<\/title>\n<meta name=\"description\" content=\"Bracciale fatto a mano da sogno, che combina pietre sintetiche da 2 mm di vari colori chiari con delicate palline d&#039;argento da 1 mm. Argento 925.\" \/>\n<meta name=\"robots\" content=\"index, follow, max-snippet:-1, max-image-preview:large, max-video-preview:-1\" \/>\n<link rel=\"canonical\" href=\"https:\/\/joyasyasmin.com\/it\/producto\/bracciale-da-sogno-2\/\" \/>\n<meta property=\"og:locale\" content=\"it_IT\" \/>\n<meta property=\"og:title\" content=\"Bracciale da sogno - Yasmin\" \/>\n<meta property=\"og:description\" content=\"Bracciale fatto a mano da sogno, che combina pietre sintetiche da 2 mm di vari colori chiari con delicate palline d&#039;argento da 1 mm. Argento 925.\" \/>\n<meta property=\"og:url\" content=\"https:\/\/joyasyasmin.com\/it\/producto\/bracciale-da-sogno-2\/\" \/>\n<meta property=\"og:site_name\" content=\"Yasmin\" \/>\n<meta property=\"article:publisher\" content=\"https:\/\/www.facebook.com\/Joyas-Yasmin-217664058934169\/\" \/>\n<meta property=\"article:modified_time\" content=\"2025-05-13T11:08:20+00:00\" \/>\n<meta property=\"og:image\" content=\"https:\/\/joyasyasmin.com\/wp-content\/uploads\/2024\/07\/pulsera-sonadora-con-piedras-.jpg\" \/>\n\t<meta property=\"og:image:width\" content=\"1000\" \/>\n\t<meta property=\"og:image:height\" content=\"1000\" \/>\n\t<meta property=\"og:image:type\" content=\"image\/jpeg\" \/>\n<meta name=\"twitter:card\" content=\"summary_large_image\" \/>\n<script type=\"application\/ld+json\" class=\"yoast-schema-graph\">{\"@context\":\"https:\\\/\\\/schema.org\",\"@graph\":[{\"@type\":[\"WebPage\",\"ItemPage\"],\"@id\":\"https:\\\/\\\/joyasyasmin.com\\\/it\\\/producto\\\/bracciale-da-sogno-2\\\/\",\"url\":\"https:\\\/\\\/joyasyasmin.com\\\/it\\\/producto\\\/bracciale-da-sogno-2\\\/\",\"name\":\"Bracciale da sogno - Yasmin\",\"isPartOf\":{\"@id\":\"https:\\\/\\\/joyasyasmin.com\\\/it\\\/#website\"},\"primaryImageOfPage\":{\"@id\":\"https:\\\/\\\/joyasyasmin.com\\\/it\\\/producto\\\/bracciale-da-sogno-2\\\/#primaryimage\"},\"image\":{\"@id\":\"https:\\\/\\\/joyasyasmin.com\\\/it\\\/producto\\\/bracciale-da-sogno-2\\\/#primaryimage\"},\"thumbnailUrl\":\"https:\\\/\\\/joyasyasmin.com\\\/wp-content\\\/uploads\\\/2024\\\/07\\\/pulsera-sonadora-con-piedras-.jpg\",\"datePublished\":\"2024-07-22T12:38:29+00:00\",\"dateModified\":\"2025-05-13T11:08:20+00:00\",\"description\":\"Bracciale fatto a mano da sogno, che combina pietre sintetiche da 2 mm di vari colori chiari con delicate palline d'argento da 1 mm. Argento 925.\",\"breadcrumb\":{\"@id\":\"https:\\\/\\\/joyasyasmin.com\\\/it\\\/producto\\\/bracciale-da-sogno-2\\\/#breadcrumb\"},\"inLanguage\":\"it-IT\",\"potentialAction\":[{\"@type\":\"ReadAction\",\"target\":[\"https:\\\/\\\/joyasyasmin.com\\\/it\\\/producto\\\/bracciale-da-sogno-2\\\/\"]}]},{\"@type\":\"ImageObject\",\"inLanguage\":\"it-IT\",\"@id\":\"https:\\\/\\\/joyasyasmin.com\\\/it\\\/producto\\\/bracciale-da-sogno-2\\\/#primaryimage\",\"url\":\"https:\\\/\\\/joyasyasmin.com\\\/wp-content\\\/uploads\\\/2024\\\/07\\\/pulsera-sonadora-con-piedras-.jpg\",\"contentUrl\":\"https:\\\/\\\/joyasyasmin.com\\\/wp-content\\\/uploads\\\/2024\\\/07\\\/pulsera-sonadora-con-piedras-.jpg\",\"width\":1000,\"height\":1000,\"caption\":\"Bracciale Dreamer in argento sterling 925 in vendita\"},{\"@type\":\"BreadcrumbList\",\"@id\":\"https:\\\/\\\/joyasyasmin.com\\\/it\\\/producto\\\/bracciale-da-sogno-2\\\/#breadcrumb\",\"itemListElement\":[{\"@type\":\"ListItem\",\"position\":1,\"name\":\"Portada\",\"item\":\"https:\\\/\\\/joyasyasmin.com\\\/it\\\/casa\\\/\"},{\"@type\":\"ListItem\",\"position\":2,\"name\":\"Negozio\",\"item\":\"https:\\\/\\\/joyasyasmin.com\\\/it\\\/negozio\\\/\"},{\"@type\":\"ListItem\",\"position\":3,\"name\":\"Bracciale da sogno\"}]},{\"@type\":\"WebSite\",\"@id\":\"https:\\\/\\\/joyasyasmin.com\\\/it\\\/#website\",\"url\":\"https:\\\/\\\/joyasyasmin.com\\\/it\\\/\",\"name\":\"Yasmin\",\"description\":\"Joyer\u00eda de Plata 925 - Pendientes, pulseras, anillos, colgantes y m\u00e1s!\",\"publisher\":{\"@id\":\"https:\\\/\\\/joyasyasmin.com\\\/it\\\/#organization\"},\"potentialAction\":[{\"@type\":\"SearchAction\",\"target\":{\"@type\":\"EntryPoint\",\"urlTemplate\":\"https:\\\/\\\/joyasyasmin.com\\\/it\\\/?s={search_term_string}\"},\"query-input\":{\"@type\":\"PropertyValueSpecification\",\"valueRequired\":true,\"valueName\":\"search_term_string\"}}],\"inLanguage\":\"it-IT\"},{\"@type\":\"Organization\",\"@id\":\"https:\\\/\\\/joyasyasmin.com\\\/it\\\/#organization\",\"name\":\"joyas yasmin\",\"url\":\"https:\\\/\\\/joyasyasmin.com\\\/it\\\/\",\"logo\":{\"@type\":\"ImageObject\",\"inLanguage\":\"it-IT\",\"@id\":\"https:\\\/\\\/joyasyasmin.com\\\/it\\\/#\\\/schema\\\/logo\\\/image\\\/\",\"url\":\"https:\\\/\\\/joyasyasmin.com\\\/wp-content\\\/uploads\\\/2017\\\/06\\\/IMG-20200429-WA0051.jpg\",\"contentUrl\":\"https:\\\/\\\/joyasyasmin.com\\\/wp-content\\\/uploads\\\/2017\\\/06\\\/IMG-20200429-WA0051.jpg\",\"width\":1080,\"height\":545,\"caption\":\"joyas yasmin\"},\"image\":{\"@id\":\"https:\\\/\\\/joyasyasmin.com\\\/it\\\/#\\\/schema\\\/logo\\\/image\\\/\"},\"sameAs\":[\"https:\\\/\\\/www.facebook.com\\\/Joyas-Yasmin-217664058934169\\\/\",\"https:\\\/\\\/www.instagram.com\\\/invites\\\/contact\\\/\"]}]}<\/script>\n<!-- \/ Yoast SEO plugin. -->","yoast_head_json":{"title":"Bracciale da sogno - Yasmin","description":"Bracciale fatto a mano da sogno, che combina pietre sintetiche da 2 mm di vari colori chiari con delicate palline d'argento da 1 mm. Argento 925.","robots":{"index":"index","follow":"follow","max-snippet":"max-snippet:-1","max-image-preview":"max-image-preview:large","max-video-preview":"max-video-preview:-1"},"canonical":"https:\/\/joyasyasmin.com\/it\/producto\/bracciale-da-sogno-2\/","og_locale":"it_IT","og_title":"Bracciale da sogno - Yasmin","og_description":"Bracciale fatto a mano da sogno, che combina pietre sintetiche da 2 mm di vari colori chiari con delicate palline d'argento da 1 mm. Argento 925.","og_url":"https:\/\/joyasyasmin.com\/it\/producto\/bracciale-da-sogno-2\/","og_site_name":"Yasmin","article_publisher":"https:\/\/www.facebook.com\/Joyas-Yasmin-217664058934169\/","article_modified_time":"2025-05-13T11:08:20+00:00","og_image":[{"width":1000,"height":1000,"url":"https:\/\/joyasyasmin.com\/wp-content\/uploads\/2024\/07\/pulsera-sonadora-con-piedras-.jpg","type":"image\/jpeg"}],"twitter_card":"summary_large_image","schema":{"@context":"https:\/\/schema.org","@graph":[{"@type":["WebPage","ItemPage"],"@id":"https:\/\/joyasyasmin.com\/it\/producto\/bracciale-da-sogno-2\/","url":"https:\/\/joyasyasmin.com\/it\/producto\/bracciale-da-sogno-2\/","name":"Bracciale da sogno - Yasmin","isPartOf":{"@id":"https:\/\/joyasyasmin.com\/it\/#website"},"primaryImageOfPage":{"@id":"https:\/\/joyasyasmin.com\/it\/producto\/bracciale-da-sogno-2\/#primaryimage"},"image":{"@id":"https:\/\/joyasyasmin.com\/it\/producto\/bracciale-da-sogno-2\/#primaryimage"},"thumbnailUrl":"https:\/\/joyasyasmin.com\/wp-content\/uploads\/2024\/07\/pulsera-sonadora-con-piedras-.jpg","datePublished":"2024-07-22T12:38:29+00:00","dateModified":"2025-05-13T11:08:20+00:00","description":"Bracciale fatto a mano da sogno, che combina pietre sintetiche da 2 mm di vari colori chiari con delicate palline d'argento da 1 mm. Argento 925.","breadcrumb":{"@id":"https:\/\/joyasyasmin.com\/it\/producto\/bracciale-da-sogno-2\/#breadcrumb"},"inLanguage":"it-IT","potentialAction":[{"@type":"ReadAction","target":["https:\/\/joyasyasmin.com\/it\/producto\/bracciale-da-sogno-2\/"]}]},{"@type":"ImageObject","inLanguage":"it-IT","@id":"https:\/\/joyasyasmin.com\/it\/producto\/bracciale-da-sogno-2\/#primaryimage","url":"https:\/\/joyasyasmin.com\/wp-content\/uploads\/2024\/07\/pulsera-sonadora-con-piedras-.jpg","contentUrl":"https:\/\/joyasyasmin.com\/wp-content\/uploads\/2024\/07\/pulsera-sonadora-con-piedras-.jpg","width":1000,"height":1000,"caption":"Bracciale Dreamer in argento sterling 925 in vendita"},{"@type":"BreadcrumbList","@id":"https:\/\/joyasyasmin.com\/it\/producto\/bracciale-da-sogno-2\/#breadcrumb","itemListElement":[{"@type":"ListItem","position":1,"name":"Portada","item":"https:\/\/joyasyasmin.com\/it\/casa\/"},{"@type":"ListItem","position":2,"name":"Negozio","item":"https:\/\/joyasyasmin.com\/it\/negozio\/"},{"@type":"ListItem","position":3,"name":"Bracciale da sogno"}]},{"@type":"WebSite","@id":"https:\/\/joyasyasmin.com\/it\/#website","url":"https:\/\/joyasyasmin.com\/it\/","name":"Yasmin","description":"Joyer\u00eda de Plata 925 - Pendientes, pulseras, anillos, colgantes y m\u00e1s!","publisher":{"@id":"https:\/\/joyasyasmin.com\/it\/#organization"},"potentialAction":[{"@type":"SearchAction","target":{"@type":"EntryPoint","urlTemplate":"https:\/\/joyasyasmin.com\/it\/?s={search_term_string}"},"query-input":{"@type":"PropertyValueSpecification","valueRequired":true,"valueName":"search_term_string"}}],"inLanguage":"it-IT"},{"@type":"Organization","@id":"https:\/\/joyasyasmin.com\/it\/#organization","name":"joyas yasmin","url":"https:\/\/joyasyasmin.com\/it\/","logo":{"@type":"ImageObject","inLanguage":"it-IT","@id":"https:\/\/joyasyasmin.com\/it\/#\/schema\/logo\/image\/","url":"https:\/\/joyasyasmin.com\/wp-content\/uploads\/2017\/06\/IMG-20200429-WA0051.jpg","contentUrl":"https:\/\/joyasyasmin.com\/wp-content\/uploads\/2017\/06\/IMG-20200429-WA0051.jpg","width":1080,"height":545,"caption":"joyas yasmin"},"image":{"@id":"https:\/\/joyasyasmin.com\/it\/#\/schema\/logo\/image\/"},"sameAs":["https:\/\/www.facebook.com\/Joyas-Yasmin-217664058934169\/","https:\/\/www.instagram.com\/invites\/contact\/"]}]}},"_links":{"self":[{"href":"https:\/\/joyasyasmin.com\/it\/wp-json\/wp\/v2\/product\/20295","targetHints":{"allow":["GET"]}}],"collection":[{"href":"https:\/\/joyasyasmin.com\/it\/wp-json\/wp\/v2\/product"}],"about":[{"href":"https:\/\/joyasyasmin.com\/it\/wp-json\/wp\/v2\/types\/product"}],"replies":[{"embeddable":true,"href":"https:\/\/joyasyasmin.com\/it\/wp-json\/wp\/v2\/comments?post=20295"}],"version-history":[{"count":1,"href":"https:\/\/joyasyasmin.com\/it\/wp-json\/wp\/v2\/product\/20295\/revisions"}],"predecessor-version":[{"id":32471,"href":"https:\/\/joyasyasmin.com\/it\/wp-json\/wp\/v2\/product\/20295\/revisions\/32471"}],"wp:featuredmedia":[{"embeddable":true,"href":"https:\/\/joyasyasmin.com\/it\/wp-json\/wp\/v2\/media\/18474"}],"wp:attachment":[{"href":"https:\/\/joyasyasmin.com\/it\/wp-json\/wp\/v2\/media?parent=20295"}],"wp:term":[{"taxonomy":"product_brand","embeddable":true,"href":"https:\/\/joyasyasmin.com\/it\/wp-json\/wp\/v2\/product_brand?post=20295"},{"taxonomy":"product_cat","embeddable":true,"href":"https:\/\/joyasyasmin.com\/it\/wp-json\/wp\/v2\/product_cat?post=20295"},{"taxonomy":"product_tag","embeddable":true,"href":"https:\/\/joyasyasmin.com\/it\/wp-json\/wp\/v2\/product_tag?post=20295"}],"curies":[{"name":"wp","href":"https:\/\/api.w.org\/{rel}","templated":true}]}}