{"id":20461,"date":"2024-08-23T16:44:24","date_gmt":"2024-08-23T16:44:24","guid":{"rendered":"https:\/\/joyasyasmin.com\/producto\/medaglia-ragazza-vergine\/"},"modified":"2024-08-23T16:44:24","modified_gmt":"2024-08-23T16:44:24","slug":"medaglia-ragazza-vergine","status":"publish","type":"product","link":"https:\/\/joyasyasmin.com\/it\/producto\/medaglia-ragazza-vergine\/","title":{"rendered":"Medaglia Ragazza Vergine"},"content":{"rendered":"","protected":false},"excerpt":{"rendered":"<p>Scopri l&#8217;eleganza e il simbolismo spirituale con questa bellissima medaglia della Vergine del Bambino, realizzata in argento liscio di alta qualit\u00e0. La medaglia ha una misura delicata di 15 mm, ideale da indossare con discrezione e devozione in ogni occasione. L&#8217;immagine della Vergine Bambina \u00e8 finemente incisa, riflettendo la sua purezza e innocenza, qualit\u00e0 che evocano un senso di protezione e di amore materno. La medaglia \u00e8 accompagnata da una catena rol\u00f2 spessa 1 mm e lunga 45 cm, perfetta per una vestibilit\u00e0 comoda e sicura. Questa catena, anch&#8217;essa in argento, completa la medaglia con un design classico e senza tempo, adatta sia per l&#8217;uso quotidiano che per le occasioni speciali.  <\/p>\n","protected":false},"featured_media":18510,"comment_status":"open","ping_status":"closed","template":"","meta":{"_acf_changed":false,"_joinchat":[]},"product_brand":[],"product_cat":[1873],"product_tag":[],"class_list":{"0":"post-20461","1":"product","2":"type-product","3":"status-publish","4":"has-post-thumbnail","6":"product_cat-pendenti","8":"first","9":"instock","10":"shipping-taxable","11":"purchasable","12":"product-type-simple"},"acf":[],"yoast_head":"<!-- This site is optimized with the Yoast SEO plugin v27.2 - https:\/\/yoast.com\/product\/yoast-seo-wordpress\/ -->\n<title>Medaglia Ragazza Vergine - Yasmin<\/title>\n<meta name=\"description\" content=\"La Medaglia della Vergine del Bambino \u00e8 finemente incisa, riflettendo la sua purezza e innocenza, qualit\u00e0 che evocano un senso di protezione e amore materno. Argento 925.\" \/>\n<meta name=\"robots\" content=\"index, follow, max-snippet:-1, max-image-preview:large, max-video-preview:-1\" \/>\n<link rel=\"canonical\" href=\"https:\/\/joyasyasmin.com\/it\/producto\/medaglia-ragazza-vergine\/\" \/>\n<meta property=\"og:locale\" content=\"it_IT\" \/>\n<meta property=\"og:title\" content=\"Medaglia Ragazza Vergine - Yasmin\" \/>\n<meta property=\"og:description\" content=\"La Medaglia della Vergine del Bambino \u00e8 finemente incisa, riflettendo la sua purezza e innocenza, qualit\u00e0 che evocano un senso di protezione e amore materno. Argento 925.\" \/>\n<meta property=\"og:url\" content=\"https:\/\/joyasyasmin.com\/it\/producto\/medaglia-ragazza-vergine\/\" \/>\n<meta property=\"og:site_name\" content=\"Yasmin\" \/>\n<meta property=\"article:publisher\" content=\"https:\/\/www.facebook.com\/Joyas-Yasmin-217664058934169\/\" \/>\n<meta property=\"og:image\" content=\"https:\/\/joyasyasmin.com\/wp-content\/uploads\/2024\/08\/medalla-redonda-virgen-nina.jpg\" \/>\n\t<meta property=\"og:image:width\" content=\"1000\" \/>\n\t<meta property=\"og:image:height\" content=\"1000\" \/>\n\t<meta property=\"og:image:type\" content=\"image\/jpeg\" \/>\n<meta name=\"twitter:card\" content=\"summary_large_image\" \/>\n<script type=\"application\/ld+json\" class=\"yoast-schema-graph\">{\"@context\":\"https:\/\/schema.org\",\"@graph\":[{\"@type\":[\"WebPage\",\"ItemPage\"],\"@id\":\"https:\/\/joyasyasmin.com\/it\/producto\/medaglia-ragazza-vergine\/\",\"url\":\"https:\/\/joyasyasmin.com\/it\/producto\/medaglia-ragazza-vergine\/\",\"name\":\"Medaglia Ragazza Vergine - Yasmin\",\"isPartOf\":{\"@id\":\"https:\/\/joyasyasmin.com\/it\/#website\"},\"primaryImageOfPage\":{\"@id\":\"https:\/\/joyasyasmin.com\/it\/producto\/medaglia-ragazza-vergine\/#primaryimage\"},\"image\":{\"@id\":\"https:\/\/joyasyasmin.com\/it\/producto\/medaglia-ragazza-vergine\/#primaryimage\"},\"thumbnailUrl\":\"https:\/\/joyasyasmin.com\/wp-content\/uploads\/2024\/08\/medalla-redonda-virgen-nina.jpg\",\"datePublished\":\"2024-08-23T16:44:24+00:00\",\"description\":\"La Medaglia della Vergine del Bambino \u00e8 finemente incisa, riflettendo la sua purezza e innocenza, qualit\u00e0 che evocano un senso di protezione e amore materno. Argento 925.\",\"breadcrumb\":{\"@id\":\"https:\/\/joyasyasmin.com\/it\/producto\/medaglia-ragazza-vergine\/#breadcrumb\"},\"inLanguage\":\"it-IT\",\"potentialAction\":[{\"@type\":\"ReadAction\",\"target\":[\"https:\/\/joyasyasmin.com\/it\/producto\/medaglia-ragazza-vergine\/\"]}]},{\"@type\":\"ImageObject\",\"inLanguage\":\"it-IT\",\"@id\":\"https:\/\/joyasyasmin.com\/it\/producto\/medaglia-ragazza-vergine\/#primaryimage\",\"url\":\"https:\/\/joyasyasmin.com\/wp-content\/uploads\/2024\/08\/medalla-redonda-virgen-nina.jpg\",\"contentUrl\":\"https:\/\/joyasyasmin.com\/wp-content\/uploads\/2024\/08\/medalla-redonda-virgen-nina.jpg\",\"width\":1000,\"height\":1000,\"caption\":\"Vendita Medaglia Vergine Ragazza in Argento 925\"},{\"@type\":\"BreadcrumbList\",\"@id\":\"https:\/\/joyasyasmin.com\/it\/producto\/medaglia-ragazza-vergine\/#breadcrumb\",\"itemListElement\":[{\"@type\":\"ListItem\",\"position\":1,\"name\":\"Portada\",\"item\":\"https:\/\/joyasyasmin.com\/it\/casa\/\"},{\"@type\":\"ListItem\",\"position\":2,\"name\":\"Negozio\",\"item\":\"https:\/\/joyasyasmin.com\/it\/negozio\/\"},{\"@type\":\"ListItem\",\"position\":3,\"name\":\"Medaglia Ragazza Vergine\"}]},{\"@type\":\"WebSite\",\"@id\":\"https:\/\/joyasyasmin.com\/it\/#website\",\"url\":\"https:\/\/joyasyasmin.com\/it\/\",\"name\":\"Yasmin\",\"description\":\"Joyer\u00eda de Plata 925 - Pendientes, pulseras, anillos, colgantes y m\u00e1s!\",\"publisher\":{\"@id\":\"https:\/\/joyasyasmin.com\/it\/#organization\"},\"potentialAction\":[{\"@type\":\"SearchAction\",\"target\":{\"@type\":\"EntryPoint\",\"urlTemplate\":\"https:\/\/joyasyasmin.com\/it\/?s={search_term_string}\"},\"query-input\":{\"@type\":\"PropertyValueSpecification\",\"valueRequired\":true,\"valueName\":\"search_term_string\"}}],\"inLanguage\":\"it-IT\"},{\"@type\":\"Organization\",\"@id\":\"https:\/\/joyasyasmin.com\/it\/#organization\",\"name\":\"joyas yasmin\",\"url\":\"https:\/\/joyasyasmin.com\/it\/\",\"logo\":{\"@type\":\"ImageObject\",\"inLanguage\":\"it-IT\",\"@id\":\"https:\/\/joyasyasmin.com\/it\/#\/schema\/logo\/image\/\",\"url\":\"https:\/\/joyasyasmin.com\/wp-content\/uploads\/2017\/06\/IMG-20200429-WA0051.jpg\",\"contentUrl\":\"https:\/\/joyasyasmin.com\/wp-content\/uploads\/2017\/06\/IMG-20200429-WA0051.jpg\",\"width\":1080,\"height\":545,\"caption\":\"joyas yasmin\"},\"image\":{\"@id\":\"https:\/\/joyasyasmin.com\/it\/#\/schema\/logo\/image\/\"},\"sameAs\":[\"https:\/\/www.facebook.com\/Joyas-Yasmin-217664058934169\/\",\"https:\/\/www.instagram.com\/invites\/contact\/\"]}]}<\/script>\n<!-- \/ Yoast SEO plugin. -->","yoast_head_json":{"title":"Medaglia Ragazza Vergine - Yasmin","description":"La Medaglia della Vergine del Bambino \u00e8 finemente incisa, riflettendo la sua purezza e innocenza, qualit\u00e0 che evocano un senso di protezione e amore materno. Argento 925.","robots":{"index":"index","follow":"follow","max-snippet":"max-snippet:-1","max-image-preview":"max-image-preview:large","max-video-preview":"max-video-preview:-1"},"canonical":"https:\/\/joyasyasmin.com\/it\/producto\/medaglia-ragazza-vergine\/","og_locale":"it_IT","og_title":"Medaglia Ragazza Vergine - Yasmin","og_description":"La Medaglia della Vergine del Bambino \u00e8 finemente incisa, riflettendo la sua purezza e innocenza, qualit\u00e0 che evocano un senso di protezione e amore materno. Argento 925.","og_url":"https:\/\/joyasyasmin.com\/it\/producto\/medaglia-ragazza-vergine\/","og_site_name":"Yasmin","article_publisher":"https:\/\/www.facebook.com\/Joyas-Yasmin-217664058934169\/","og_image":[{"width":1000,"height":1000,"url":"https:\/\/joyasyasmin.com\/wp-content\/uploads\/2024\/08\/medalla-redonda-virgen-nina.jpg","type":"image\/jpeg"}],"twitter_card":"summary_large_image","schema":{"@context":"https:\/\/schema.org","@graph":[{"@type":["WebPage","ItemPage"],"@id":"https:\/\/joyasyasmin.com\/it\/producto\/medaglia-ragazza-vergine\/","url":"https:\/\/joyasyasmin.com\/it\/producto\/medaglia-ragazza-vergine\/","name":"Medaglia Ragazza Vergine - Yasmin","isPartOf":{"@id":"https:\/\/joyasyasmin.com\/it\/#website"},"primaryImageOfPage":{"@id":"https:\/\/joyasyasmin.com\/it\/producto\/medaglia-ragazza-vergine\/#primaryimage"},"image":{"@id":"https:\/\/joyasyasmin.com\/it\/producto\/medaglia-ragazza-vergine\/#primaryimage"},"thumbnailUrl":"https:\/\/joyasyasmin.com\/wp-content\/uploads\/2024\/08\/medalla-redonda-virgen-nina.jpg","datePublished":"2024-08-23T16:44:24+00:00","description":"La Medaglia della Vergine del Bambino \u00e8 finemente incisa, riflettendo la sua purezza e innocenza, qualit\u00e0 che evocano un senso di protezione e amore materno. Argento 925.","breadcrumb":{"@id":"https:\/\/joyasyasmin.com\/it\/producto\/medaglia-ragazza-vergine\/#breadcrumb"},"inLanguage":"it-IT","potentialAction":[{"@type":"ReadAction","target":["https:\/\/joyasyasmin.com\/it\/producto\/medaglia-ragazza-vergine\/"]}]},{"@type":"ImageObject","inLanguage":"it-IT","@id":"https:\/\/joyasyasmin.com\/it\/producto\/medaglia-ragazza-vergine\/#primaryimage","url":"https:\/\/joyasyasmin.com\/wp-content\/uploads\/2024\/08\/medalla-redonda-virgen-nina.jpg","contentUrl":"https:\/\/joyasyasmin.com\/wp-content\/uploads\/2024\/08\/medalla-redonda-virgen-nina.jpg","width":1000,"height":1000,"caption":"Vendita Medaglia Vergine Ragazza in Argento 925"},{"@type":"BreadcrumbList","@id":"https:\/\/joyasyasmin.com\/it\/producto\/medaglia-ragazza-vergine\/#breadcrumb","itemListElement":[{"@type":"ListItem","position":1,"name":"Portada","item":"https:\/\/joyasyasmin.com\/it\/casa\/"},{"@type":"ListItem","position":2,"name":"Negozio","item":"https:\/\/joyasyasmin.com\/it\/negozio\/"},{"@type":"ListItem","position":3,"name":"Medaglia Ragazza Vergine"}]},{"@type":"WebSite","@id":"https:\/\/joyasyasmin.com\/it\/#website","url":"https:\/\/joyasyasmin.com\/it\/","name":"Yasmin","description":"Joyer\u00eda de Plata 925 - Pendientes, pulseras, anillos, colgantes y m\u00e1s!","publisher":{"@id":"https:\/\/joyasyasmin.com\/it\/#organization"},"potentialAction":[{"@type":"SearchAction","target":{"@type":"EntryPoint","urlTemplate":"https:\/\/joyasyasmin.com\/it\/?s={search_term_string}"},"query-input":{"@type":"PropertyValueSpecification","valueRequired":true,"valueName":"search_term_string"}}],"inLanguage":"it-IT"},{"@type":"Organization","@id":"https:\/\/joyasyasmin.com\/it\/#organization","name":"joyas yasmin","url":"https:\/\/joyasyasmin.com\/it\/","logo":{"@type":"ImageObject","inLanguage":"it-IT","@id":"https:\/\/joyasyasmin.com\/it\/#\/schema\/logo\/image\/","url":"https:\/\/joyasyasmin.com\/wp-content\/uploads\/2017\/06\/IMG-20200429-WA0051.jpg","contentUrl":"https:\/\/joyasyasmin.com\/wp-content\/uploads\/2017\/06\/IMG-20200429-WA0051.jpg","width":1080,"height":545,"caption":"joyas yasmin"},"image":{"@id":"https:\/\/joyasyasmin.com\/it\/#\/schema\/logo\/image\/"},"sameAs":["https:\/\/www.facebook.com\/Joyas-Yasmin-217664058934169\/","https:\/\/www.instagram.com\/invites\/contact\/"]}]}},"_links":{"self":[{"href":"https:\/\/joyasyasmin.com\/it\/wp-json\/wp\/v2\/product\/20461","targetHints":{"allow":["GET"]}}],"collection":[{"href":"https:\/\/joyasyasmin.com\/it\/wp-json\/wp\/v2\/product"}],"about":[{"href":"https:\/\/joyasyasmin.com\/it\/wp-json\/wp\/v2\/types\/product"}],"replies":[{"embeddable":true,"href":"https:\/\/joyasyasmin.com\/it\/wp-json\/wp\/v2\/comments?post=20461"}],"version-history":[{"count":0,"href":"https:\/\/joyasyasmin.com\/it\/wp-json\/wp\/v2\/product\/20461\/revisions"}],"wp:featuredmedia":[{"embeddable":true,"href":"https:\/\/joyasyasmin.com\/it\/wp-json\/wp\/v2\/media\/18510"}],"wp:attachment":[{"href":"https:\/\/joyasyasmin.com\/it\/wp-json\/wp\/v2\/media?parent=20461"}],"wp:term":[{"taxonomy":"product_brand","embeddable":true,"href":"https:\/\/joyasyasmin.com\/it\/wp-json\/wp\/v2\/product_brand?post=20461"},{"taxonomy":"product_cat","embeddable":true,"href":"https:\/\/joyasyasmin.com\/it\/wp-json\/wp\/v2\/product_cat?post=20461"},{"taxonomy":"product_tag","embeddable":true,"href":"https:\/\/joyasyasmin.com\/it\/wp-json\/wp\/v2\/product_tag?post=20461"}],"curies":[{"name":"wp","href":"https:\/\/api.w.org\/{rel}","templated":true}]}}