{"id":20790,"date":"2024-06-16T15:10:29","date_gmt":"2024-06-16T15:10:29","guid":{"rendered":"https:\/\/joyasyasmin.com\/producto\/bracciale-in-argento-con-vergine-miracolosa\/"},"modified":"2025-09-01T07:43:56","modified_gmt":"2025-09-01T07:43:56","slug":"bracciale-in-argento-con-vergine-miracolosa","status":"publish","type":"product","link":"https:\/\/joyasyasmin.com\/it\/producto\/bracciale-in-argento-con-vergine-miracolosa\/","title":{"rendered":"Bracciale in argento con Vergine Miracolosa"},"content":{"rendered":"","protected":false},"excerpt":{"rendered":"<p>Questo elegante Bracciale in Argento con Maglie della Vergine Miracolosa e del Calabrot \u00e8 un pezzo unico e significativo, ideale per chi \u00e8 alla ricerca di un accessorio che unisca fede e stile. Realizzato in argento sterling 925, garantisce una qualit\u00e0 e una durata eccezionali. Il bracciale \u00e8 dotato di maglie a scatto che misurano 9 mm di larghezza per 12 mm di lunghezza, offrendo un design robusto e accattivante.  <\/p>\n<p>Il punto focale di questo bracciale \u00e8 la medaglia della Madonna Miracolosa, accuratamente dettagliata e larga 15 mm. Questo ornamento distintivo non \u00e8 solo un simbolo di protezione e fede, ma aggiunge anche un tocco di eleganza e raffinatezza al design. <\/p>\n<p>Con una lunghezza totale di 19,5 cm pi\u00f9 un&#8217;estensione di 3 cm, il bracciale \u00e8 regolabile, garantendo una vestibilit\u00e0 perfetta per qualsiasi polso. La combinazione dei legami del calabrot e della Vergine Miracolosa crea un perfetto equilibrio tra modernit\u00e0 e tradizione. <\/p>\n","protected":false},"featured_media":18348,"comment_status":"open","ping_status":"closed","template":"","meta":{"_acf_changed":false,"_joinchat":[]},"product_brand":[],"product_cat":[1784],"product_tag":[1918],"class_list":{"0":"post-20790","1":"product","2":"type-product","3":"status-publish","4":"has-post-thumbnail","6":"product_cat-bracciali","7":"product_tag-notizie","9":"first","10":"instock","11":"shipping-taxable","12":"purchasable","13":"product-type-simple"},"acf":[],"yoast_head":"<!-- This site is optimized with the Yoast SEO plugin v27.2 - https:\/\/yoast.com\/product\/yoast-seo-wordpress\/ -->\n<title>Bracciale in argento con Vergine Miracolosa - Yasmin<\/title>\n<meta name=\"description\" content=\"il Bracciale in Argento con Vergine Miracolosa e Maglie di Calabrot \u00e8 pi\u00f9 di un gioiello, \u00e8 espressione di fede e stile. \u00c8 realizzato in argento 925.\" \/>\n<meta name=\"robots\" content=\"index, follow, max-snippet:-1, max-image-preview:large, max-video-preview:-1\" \/>\n<link rel=\"canonical\" href=\"https:\/\/joyasyasmin.com\/it\/producto\/bracciale-in-argento-con-vergine-miracolosa\/\" \/>\n<meta property=\"og:locale\" content=\"it_IT\" \/>\n<meta property=\"og:title\" content=\"Bracciale in argento con Vergine Miracolosa - Yasmin\" \/>\n<meta property=\"og:description\" content=\"il Bracciale in Argento con Vergine Miracolosa e Maglie di Calabrot \u00e8 pi\u00f9 di un gioiello, \u00e8 espressione di fede e stile. \u00c8 realizzato in argento 925.\" \/>\n<meta property=\"og:url\" content=\"https:\/\/joyasyasmin.com\/it\/producto\/bracciale-in-argento-con-vergine-miracolosa\/\" \/>\n<meta property=\"og:site_name\" content=\"Yasmin\" \/>\n<meta property=\"article:publisher\" content=\"https:\/\/www.facebook.com\/Joyas-Yasmin-217664058934169\/\" \/>\n<meta property=\"article:modified_time\" content=\"2025-09-01T07:43:56+00:00\" \/>\n<meta property=\"og:image\" content=\"https:\/\/joyasyasmin.com\/wp-content\/uploads\/2024\/06\/pulsera-calabrote-virgen-milagrosa-de-plata.jpg\" \/>\n\t<meta property=\"og:image:width\" content=\"1000\" \/>\n\t<meta property=\"og:image:height\" content=\"1000\" \/>\n\t<meta property=\"og:image:type\" content=\"image\/jpeg\" \/>\n<meta name=\"twitter:card\" content=\"summary_large_image\" \/>\n<script type=\"application\/ld+json\" class=\"yoast-schema-graph\">{\"@context\":\"https:\/\/schema.org\",\"@graph\":[{\"@type\":[\"WebPage\",\"ItemPage\"],\"@id\":\"https:\/\/joyasyasmin.com\/it\/producto\/bracciale-in-argento-con-vergine-miracolosa\/\",\"url\":\"https:\/\/joyasyasmin.com\/it\/producto\/bracciale-in-argento-con-vergine-miracolosa\/\",\"name\":\"Bracciale in argento con Vergine Miracolosa - Yasmin\",\"isPartOf\":{\"@id\":\"https:\/\/joyasyasmin.com\/it\/#website\"},\"primaryImageOfPage\":{\"@id\":\"https:\/\/joyasyasmin.com\/it\/producto\/bracciale-in-argento-con-vergine-miracolosa\/#primaryimage\"},\"image\":{\"@id\":\"https:\/\/joyasyasmin.com\/it\/producto\/bracciale-in-argento-con-vergine-miracolosa\/#primaryimage\"},\"thumbnailUrl\":\"https:\/\/joyasyasmin.com\/wp-content\/uploads\/2024\/06\/pulsera-calabrote-virgen-milagrosa-de-plata.jpg\",\"datePublished\":\"2024-06-16T15:10:29+00:00\",\"dateModified\":\"2025-09-01T07:43:56+00:00\",\"description\":\"il Bracciale in Argento con Vergine Miracolosa e Maglie di Calabrot \u00e8 pi\u00f9 di un gioiello, \u00e8 espressione di fede e stile. \u00c8 realizzato in argento 925.\",\"breadcrumb\":{\"@id\":\"https:\/\/joyasyasmin.com\/it\/producto\/bracciale-in-argento-con-vergine-miracolosa\/#breadcrumb\"},\"inLanguage\":\"it-IT\",\"potentialAction\":[{\"@type\":\"ReadAction\",\"target\":[\"https:\/\/joyasyasmin.com\/it\/producto\/bracciale-in-argento-con-vergine-miracolosa\/\"]}]},{\"@type\":\"ImageObject\",\"inLanguage\":\"it-IT\",\"@id\":\"https:\/\/joyasyasmin.com\/it\/producto\/bracciale-in-argento-con-vergine-miracolosa\/#primaryimage\",\"url\":\"https:\/\/joyasyasmin.com\/wp-content\/uploads\/2024\/06\/pulsera-calabrote-virgen-milagrosa-de-plata.jpg\",\"contentUrl\":\"https:\/\/joyasyasmin.com\/wp-content\/uploads\/2024\/06\/pulsera-calabrote-virgen-milagrosa-de-plata.jpg\",\"width\":1000,\"height\":1000,\"caption\":\"Bracciale in argento con la vergine miracolosa e calabrot in argento 925 in vendita\"},{\"@type\":\"BreadcrumbList\",\"@id\":\"https:\/\/joyasyasmin.com\/it\/producto\/bracciale-in-argento-con-vergine-miracolosa\/#breadcrumb\",\"itemListElement\":[{\"@type\":\"ListItem\",\"position\":1,\"name\":\"Portada\",\"item\":\"https:\/\/joyasyasmin.com\/it\/casa\/\"},{\"@type\":\"ListItem\",\"position\":2,\"name\":\"Negozio\",\"item\":\"https:\/\/joyasyasmin.com\/it\/negozio\/\"},{\"@type\":\"ListItem\",\"position\":3,\"name\":\"Bracciale in argento con Vergine Miracolosa\"}]},{\"@type\":\"WebSite\",\"@id\":\"https:\/\/joyasyasmin.com\/it\/#website\",\"url\":\"https:\/\/joyasyasmin.com\/it\/\",\"name\":\"Yasmin\",\"description\":\"Joyer\u00eda de Plata 925 - Pendientes, pulseras, anillos, colgantes y m\u00e1s!\",\"publisher\":{\"@id\":\"https:\/\/joyasyasmin.com\/it\/#organization\"},\"potentialAction\":[{\"@type\":\"SearchAction\",\"target\":{\"@type\":\"EntryPoint\",\"urlTemplate\":\"https:\/\/joyasyasmin.com\/it\/?s={search_term_string}\"},\"query-input\":{\"@type\":\"PropertyValueSpecification\",\"valueRequired\":true,\"valueName\":\"search_term_string\"}}],\"inLanguage\":\"it-IT\"},{\"@type\":\"Organization\",\"@id\":\"https:\/\/joyasyasmin.com\/it\/#organization\",\"name\":\"joyas yasmin\",\"url\":\"https:\/\/joyasyasmin.com\/it\/\",\"logo\":{\"@type\":\"ImageObject\",\"inLanguage\":\"it-IT\",\"@id\":\"https:\/\/joyasyasmin.com\/it\/#\/schema\/logo\/image\/\",\"url\":\"https:\/\/joyasyasmin.com\/wp-content\/uploads\/2017\/06\/IMG-20200429-WA0051.jpg\",\"contentUrl\":\"https:\/\/joyasyasmin.com\/wp-content\/uploads\/2017\/06\/IMG-20200429-WA0051.jpg\",\"width\":1080,\"height\":545,\"caption\":\"joyas yasmin\"},\"image\":{\"@id\":\"https:\/\/joyasyasmin.com\/it\/#\/schema\/logo\/image\/\"},\"sameAs\":[\"https:\/\/www.facebook.com\/Joyas-Yasmin-217664058934169\/\",\"https:\/\/www.instagram.com\/invites\/contact\/\"]}]}<\/script>\n<!-- \/ Yoast SEO plugin. -->","yoast_head_json":{"title":"Bracciale in argento con Vergine Miracolosa - Yasmin","description":"il Bracciale in Argento con Vergine Miracolosa e Maglie di Calabrot \u00e8 pi\u00f9 di un gioiello, \u00e8 espressione di fede e stile. \u00c8 realizzato in argento 925.","robots":{"index":"index","follow":"follow","max-snippet":"max-snippet:-1","max-image-preview":"max-image-preview:large","max-video-preview":"max-video-preview:-1"},"canonical":"https:\/\/joyasyasmin.com\/it\/producto\/bracciale-in-argento-con-vergine-miracolosa\/","og_locale":"it_IT","og_title":"Bracciale in argento con Vergine Miracolosa - Yasmin","og_description":"il Bracciale in Argento con Vergine Miracolosa e Maglie di Calabrot \u00e8 pi\u00f9 di un gioiello, \u00e8 espressione di fede e stile. \u00c8 realizzato in argento 925.","og_url":"https:\/\/joyasyasmin.com\/it\/producto\/bracciale-in-argento-con-vergine-miracolosa\/","og_site_name":"Yasmin","article_publisher":"https:\/\/www.facebook.com\/Joyas-Yasmin-217664058934169\/","article_modified_time":"2025-09-01T07:43:56+00:00","og_image":[{"width":1000,"height":1000,"url":"https:\/\/joyasyasmin.com\/wp-content\/uploads\/2024\/06\/pulsera-calabrote-virgen-milagrosa-de-plata.jpg","type":"image\/jpeg"}],"twitter_card":"summary_large_image","schema":{"@context":"https:\/\/schema.org","@graph":[{"@type":["WebPage","ItemPage"],"@id":"https:\/\/joyasyasmin.com\/it\/producto\/bracciale-in-argento-con-vergine-miracolosa\/","url":"https:\/\/joyasyasmin.com\/it\/producto\/bracciale-in-argento-con-vergine-miracolosa\/","name":"Bracciale in argento con Vergine Miracolosa - Yasmin","isPartOf":{"@id":"https:\/\/joyasyasmin.com\/it\/#website"},"primaryImageOfPage":{"@id":"https:\/\/joyasyasmin.com\/it\/producto\/bracciale-in-argento-con-vergine-miracolosa\/#primaryimage"},"image":{"@id":"https:\/\/joyasyasmin.com\/it\/producto\/bracciale-in-argento-con-vergine-miracolosa\/#primaryimage"},"thumbnailUrl":"https:\/\/joyasyasmin.com\/wp-content\/uploads\/2024\/06\/pulsera-calabrote-virgen-milagrosa-de-plata.jpg","datePublished":"2024-06-16T15:10:29+00:00","dateModified":"2025-09-01T07:43:56+00:00","description":"il Bracciale in Argento con Vergine Miracolosa e Maglie di Calabrot \u00e8 pi\u00f9 di un gioiello, \u00e8 espressione di fede e stile. \u00c8 realizzato in argento 925.","breadcrumb":{"@id":"https:\/\/joyasyasmin.com\/it\/producto\/bracciale-in-argento-con-vergine-miracolosa\/#breadcrumb"},"inLanguage":"it-IT","potentialAction":[{"@type":"ReadAction","target":["https:\/\/joyasyasmin.com\/it\/producto\/bracciale-in-argento-con-vergine-miracolosa\/"]}]},{"@type":"ImageObject","inLanguage":"it-IT","@id":"https:\/\/joyasyasmin.com\/it\/producto\/bracciale-in-argento-con-vergine-miracolosa\/#primaryimage","url":"https:\/\/joyasyasmin.com\/wp-content\/uploads\/2024\/06\/pulsera-calabrote-virgen-milagrosa-de-plata.jpg","contentUrl":"https:\/\/joyasyasmin.com\/wp-content\/uploads\/2024\/06\/pulsera-calabrote-virgen-milagrosa-de-plata.jpg","width":1000,"height":1000,"caption":"Bracciale in argento con la vergine miracolosa e calabrot in argento 925 in vendita"},{"@type":"BreadcrumbList","@id":"https:\/\/joyasyasmin.com\/it\/producto\/bracciale-in-argento-con-vergine-miracolosa\/#breadcrumb","itemListElement":[{"@type":"ListItem","position":1,"name":"Portada","item":"https:\/\/joyasyasmin.com\/it\/casa\/"},{"@type":"ListItem","position":2,"name":"Negozio","item":"https:\/\/joyasyasmin.com\/it\/negozio\/"},{"@type":"ListItem","position":3,"name":"Bracciale in argento con Vergine Miracolosa"}]},{"@type":"WebSite","@id":"https:\/\/joyasyasmin.com\/it\/#website","url":"https:\/\/joyasyasmin.com\/it\/","name":"Yasmin","description":"Joyer\u00eda de Plata 925 - Pendientes, pulseras, anillos, colgantes y m\u00e1s!","publisher":{"@id":"https:\/\/joyasyasmin.com\/it\/#organization"},"potentialAction":[{"@type":"SearchAction","target":{"@type":"EntryPoint","urlTemplate":"https:\/\/joyasyasmin.com\/it\/?s={search_term_string}"},"query-input":{"@type":"PropertyValueSpecification","valueRequired":true,"valueName":"search_term_string"}}],"inLanguage":"it-IT"},{"@type":"Organization","@id":"https:\/\/joyasyasmin.com\/it\/#organization","name":"joyas yasmin","url":"https:\/\/joyasyasmin.com\/it\/","logo":{"@type":"ImageObject","inLanguage":"it-IT","@id":"https:\/\/joyasyasmin.com\/it\/#\/schema\/logo\/image\/","url":"https:\/\/joyasyasmin.com\/wp-content\/uploads\/2017\/06\/IMG-20200429-WA0051.jpg","contentUrl":"https:\/\/joyasyasmin.com\/wp-content\/uploads\/2017\/06\/IMG-20200429-WA0051.jpg","width":1080,"height":545,"caption":"joyas yasmin"},"image":{"@id":"https:\/\/joyasyasmin.com\/it\/#\/schema\/logo\/image\/"},"sameAs":["https:\/\/www.facebook.com\/Joyas-Yasmin-217664058934169\/","https:\/\/www.instagram.com\/invites\/contact\/"]}]}},"_links":{"self":[{"href":"https:\/\/joyasyasmin.com\/it\/wp-json\/wp\/v2\/product\/20790","targetHints":{"allow":["GET"]}}],"collection":[{"href":"https:\/\/joyasyasmin.com\/it\/wp-json\/wp\/v2\/product"}],"about":[{"href":"https:\/\/joyasyasmin.com\/it\/wp-json\/wp\/v2\/types\/product"}],"replies":[{"embeddable":true,"href":"https:\/\/joyasyasmin.com\/it\/wp-json\/wp\/v2\/comments?post=20790"}],"version-history":[{"count":2,"href":"https:\/\/joyasyasmin.com\/it\/wp-json\/wp\/v2\/product\/20790\/revisions"}],"predecessor-version":[{"id":34559,"href":"https:\/\/joyasyasmin.com\/it\/wp-json\/wp\/v2\/product\/20790\/revisions\/34559"}],"wp:featuredmedia":[{"embeddable":true,"href":"https:\/\/joyasyasmin.com\/it\/wp-json\/wp\/v2\/media\/18348"}],"wp:attachment":[{"href":"https:\/\/joyasyasmin.com\/it\/wp-json\/wp\/v2\/media?parent=20790"}],"wp:term":[{"taxonomy":"product_brand","embeddable":true,"href":"https:\/\/joyasyasmin.com\/it\/wp-json\/wp\/v2\/product_brand?post=20790"},{"taxonomy":"product_cat","embeddable":true,"href":"https:\/\/joyasyasmin.com\/it\/wp-json\/wp\/v2\/product_cat?post=20790"},{"taxonomy":"product_tag","embeddable":true,"href":"https:\/\/joyasyasmin.com\/it\/wp-json\/wp\/v2\/product_tag?post=20790"}],"curies":[{"name":"wp","href":"https:\/\/api.w.org\/{rel}","templated":true}]}}