{"id":20955,"date":"2024-01-15T19:57:42","date_gmt":"2024-01-15T19:57:42","guid":{"rendered":"https:\/\/joyasyasmin.com\/producto\/vergine-della-medaglia-miracolosa\/"},"modified":"2024-01-15T19:57:42","modified_gmt":"2024-01-15T19:57:42","slug":"vergine-della-medaglia-miracolosa","status":"publish","type":"product","link":"https:\/\/joyasyasmin.com\/it\/producto\/vergine-della-medaglia-miracolosa\/","title":{"rendered":"Vergine della Medaglia Miracolosa"},"content":{"rendered":"","protected":false},"excerpt":{"rendered":"<p>Immergiti nella maestosit\u00e0 celeste con la nostra sublime Medaglia della Vergine Miracolosa in Argento Sterling 925! Capolavoro di spiritualit\u00e0 ed eleganza, questa medaglia \u00e8 disponibile in varie dimensioni, la pi\u00f9 impressionante delle quali \u00e8 di 3 cm, catturando l&#8217;attenzione con il suo design raffinato. <\/p>\n","protected":false},"featured_media":17938,"comment_status":"open","ping_status":"closed","template":"","meta":{"_acf_changed":false,"_joinchat":[]},"product_brand":[],"product_cat":[1873],"product_tag":[1948,1947],"class_list":{"0":"post-20955","1":"product","2":"type-product","3":"status-publish","4":"has-post-thumbnail","6":"product_cat-pendenti","7":"product_tag-ciondolo-madonna-miracolosa-in-argento","8":"product_tag-vergine-della-medaglia-miracolosa","10":"first","11":"instock","12":"shipping-taxable","13":"purchasable","14":"product-type-variable"},"acf":[],"yoast_head":"<!-- This site is optimized with the Yoast SEO plugin v27.2 - https:\/\/yoast.com\/product\/yoast-seo-wordpress\/ -->\n<title>Vergine della Medaglia Miracolosa - Yasmin<\/title>\n<meta name=\"description\" content=\"Medaglia della Madonna Miracolosa in argento 925. Un capolavoro di spiritualit\u00e0 ed eleganza, ideale per chi vuole avere un simbolo di fede.\" \/>\n<meta name=\"robots\" content=\"index, follow, max-snippet:-1, max-image-preview:large, max-video-preview:-1\" \/>\n<link rel=\"canonical\" href=\"https:\/\/joyasyasmin.com\/it\/producto\/vergine-della-medaglia-miracolosa\/\" \/>\n<meta property=\"og:locale\" content=\"it_IT\" \/>\n<meta property=\"og:title\" content=\"Vergine della Medaglia Miracolosa - Yasmin\" \/>\n<meta property=\"og:description\" content=\"Medaglia della Madonna Miracolosa in argento 925. Un capolavoro di spiritualit\u00e0 ed eleganza, ideale per chi vuole avere un simbolo di fede.\" \/>\n<meta property=\"og:url\" content=\"https:\/\/joyasyasmin.com\/it\/producto\/vergine-della-medaglia-miracolosa\/\" \/>\n<meta property=\"og:site_name\" content=\"Yasmin\" \/>\n<meta property=\"article:publisher\" content=\"https:\/\/www.facebook.com\/Joyas-Yasmin-217664058934169\/\" \/>\n<meta property=\"og:image\" content=\"https:\/\/joyasyasmin.com\/wp-content\/uploads\/2024\/01\/colgante-medalla-virgen-milagrosa.jpg\" \/>\n\t<meta property=\"og:image:width\" content=\"1000\" \/>\n\t<meta property=\"og:image:height\" content=\"1000\" \/>\n\t<meta property=\"og:image:type\" content=\"image\/jpeg\" \/>\n<meta name=\"twitter:card\" content=\"summary_large_image\" \/>\n<script type=\"application\/ld+json\" class=\"yoast-schema-graph\">{\"@context\":\"https:\/\/schema.org\",\"@graph\":[{\"@type\":[\"WebPage\",\"ItemPage\"],\"@id\":\"https:\/\/joyasyasmin.com\/it\/producto\/vergine-della-medaglia-miracolosa\/\",\"url\":\"https:\/\/joyasyasmin.com\/it\/producto\/vergine-della-medaglia-miracolosa\/\",\"name\":\"Vergine della Medaglia Miracolosa - Yasmin\",\"isPartOf\":{\"@id\":\"https:\/\/joyasyasmin.com\/it\/#website\"},\"primaryImageOfPage\":{\"@id\":\"https:\/\/joyasyasmin.com\/it\/producto\/vergine-della-medaglia-miracolosa\/#primaryimage\"},\"image\":{\"@id\":\"https:\/\/joyasyasmin.com\/it\/producto\/vergine-della-medaglia-miracolosa\/#primaryimage\"},\"thumbnailUrl\":\"https:\/\/joyasyasmin.com\/wp-content\/uploads\/2024\/01\/colgante-medalla-virgen-milagrosa.jpg\",\"datePublished\":\"2024-01-15T19:57:42+00:00\",\"description\":\"Medaglia della Madonna Miracolosa in argento 925. Un capolavoro di spiritualit\u00e0 ed eleganza, ideale per chi vuole avere un simbolo di fede.\",\"breadcrumb\":{\"@id\":\"https:\/\/joyasyasmin.com\/it\/producto\/vergine-della-medaglia-miracolosa\/#breadcrumb\"},\"inLanguage\":\"it-IT\",\"potentialAction\":[{\"@type\":\"ReadAction\",\"target\":[\"https:\/\/joyasyasmin.com\/it\/producto\/vergine-della-medaglia-miracolosa\/\"]}]},{\"@type\":\"ImageObject\",\"inLanguage\":\"it-IT\",\"@id\":\"https:\/\/joyasyasmin.com\/it\/producto\/vergine-della-medaglia-miracolosa\/#primaryimage\",\"url\":\"https:\/\/joyasyasmin.com\/wp-content\/uploads\/2024\/01\/colgante-medalla-virgen-milagrosa.jpg\",\"contentUrl\":\"https:\/\/joyasyasmin.com\/wp-content\/uploads\/2024\/01\/colgante-medalla-virgen-milagrosa.jpg\",\"width\":1000,\"height\":1000,\"caption\":\"925 Sterling Silver Medaglia Vergine Miracolosa Pendente in Vendita\"},{\"@type\":\"BreadcrumbList\",\"@id\":\"https:\/\/joyasyasmin.com\/it\/producto\/vergine-della-medaglia-miracolosa\/#breadcrumb\",\"itemListElement\":[{\"@type\":\"ListItem\",\"position\":1,\"name\":\"Portada\",\"item\":\"https:\/\/joyasyasmin.com\/it\/casa\/\"},{\"@type\":\"ListItem\",\"position\":2,\"name\":\"Negozio\",\"item\":\"https:\/\/joyasyasmin.com\/it\/negozio\/\"},{\"@type\":\"ListItem\",\"position\":3,\"name\":\"Vergine della Medaglia Miracolosa\"}]},{\"@type\":\"WebSite\",\"@id\":\"https:\/\/joyasyasmin.com\/it\/#website\",\"url\":\"https:\/\/joyasyasmin.com\/it\/\",\"name\":\"Yasmin\",\"description\":\"Joyer\u00eda de Plata 925 - Pendientes, pulseras, anillos, colgantes y m\u00e1s!\",\"publisher\":{\"@id\":\"https:\/\/joyasyasmin.com\/it\/#organization\"},\"potentialAction\":[{\"@type\":\"SearchAction\",\"target\":{\"@type\":\"EntryPoint\",\"urlTemplate\":\"https:\/\/joyasyasmin.com\/it\/?s={search_term_string}\"},\"query-input\":{\"@type\":\"PropertyValueSpecification\",\"valueRequired\":true,\"valueName\":\"search_term_string\"}}],\"inLanguage\":\"it-IT\"},{\"@type\":\"Organization\",\"@id\":\"https:\/\/joyasyasmin.com\/it\/#organization\",\"name\":\"joyas yasmin\",\"url\":\"https:\/\/joyasyasmin.com\/it\/\",\"logo\":{\"@type\":\"ImageObject\",\"inLanguage\":\"it-IT\",\"@id\":\"https:\/\/joyasyasmin.com\/it\/#\/schema\/logo\/image\/\",\"url\":\"https:\/\/joyasyasmin.com\/wp-content\/uploads\/2017\/06\/IMG-20200429-WA0051.jpg\",\"contentUrl\":\"https:\/\/joyasyasmin.com\/wp-content\/uploads\/2017\/06\/IMG-20200429-WA0051.jpg\",\"width\":1080,\"height\":545,\"caption\":\"joyas yasmin\"},\"image\":{\"@id\":\"https:\/\/joyasyasmin.com\/it\/#\/schema\/logo\/image\/\"},\"sameAs\":[\"https:\/\/www.facebook.com\/Joyas-Yasmin-217664058934169\/\",\"https:\/\/www.instagram.com\/invites\/contact\/\"]}]}<\/script>\n<!-- \/ Yoast SEO plugin. -->","yoast_head_json":{"title":"Vergine della Medaglia Miracolosa - Yasmin","description":"Medaglia della Madonna Miracolosa in argento 925. Un capolavoro di spiritualit\u00e0 ed eleganza, ideale per chi vuole avere un simbolo di fede.","robots":{"index":"index","follow":"follow","max-snippet":"max-snippet:-1","max-image-preview":"max-image-preview:large","max-video-preview":"max-video-preview:-1"},"canonical":"https:\/\/joyasyasmin.com\/it\/producto\/vergine-della-medaglia-miracolosa\/","og_locale":"it_IT","og_title":"Vergine della Medaglia Miracolosa - Yasmin","og_description":"Medaglia della Madonna Miracolosa in argento 925. Un capolavoro di spiritualit\u00e0 ed eleganza, ideale per chi vuole avere un simbolo di fede.","og_url":"https:\/\/joyasyasmin.com\/it\/producto\/vergine-della-medaglia-miracolosa\/","og_site_name":"Yasmin","article_publisher":"https:\/\/www.facebook.com\/Joyas-Yasmin-217664058934169\/","og_image":[{"width":1000,"height":1000,"url":"https:\/\/joyasyasmin.com\/wp-content\/uploads\/2024\/01\/colgante-medalla-virgen-milagrosa.jpg","type":"image\/jpeg"}],"twitter_card":"summary_large_image","schema":{"@context":"https:\/\/schema.org","@graph":[{"@type":["WebPage","ItemPage"],"@id":"https:\/\/joyasyasmin.com\/it\/producto\/vergine-della-medaglia-miracolosa\/","url":"https:\/\/joyasyasmin.com\/it\/producto\/vergine-della-medaglia-miracolosa\/","name":"Vergine della Medaglia Miracolosa - Yasmin","isPartOf":{"@id":"https:\/\/joyasyasmin.com\/it\/#website"},"primaryImageOfPage":{"@id":"https:\/\/joyasyasmin.com\/it\/producto\/vergine-della-medaglia-miracolosa\/#primaryimage"},"image":{"@id":"https:\/\/joyasyasmin.com\/it\/producto\/vergine-della-medaglia-miracolosa\/#primaryimage"},"thumbnailUrl":"https:\/\/joyasyasmin.com\/wp-content\/uploads\/2024\/01\/colgante-medalla-virgen-milagrosa.jpg","datePublished":"2024-01-15T19:57:42+00:00","description":"Medaglia della Madonna Miracolosa in argento 925. Un capolavoro di spiritualit\u00e0 ed eleganza, ideale per chi vuole avere un simbolo di fede.","breadcrumb":{"@id":"https:\/\/joyasyasmin.com\/it\/producto\/vergine-della-medaglia-miracolosa\/#breadcrumb"},"inLanguage":"it-IT","potentialAction":[{"@type":"ReadAction","target":["https:\/\/joyasyasmin.com\/it\/producto\/vergine-della-medaglia-miracolosa\/"]}]},{"@type":"ImageObject","inLanguage":"it-IT","@id":"https:\/\/joyasyasmin.com\/it\/producto\/vergine-della-medaglia-miracolosa\/#primaryimage","url":"https:\/\/joyasyasmin.com\/wp-content\/uploads\/2024\/01\/colgante-medalla-virgen-milagrosa.jpg","contentUrl":"https:\/\/joyasyasmin.com\/wp-content\/uploads\/2024\/01\/colgante-medalla-virgen-milagrosa.jpg","width":1000,"height":1000,"caption":"925 Sterling Silver Medaglia Vergine Miracolosa Pendente in Vendita"},{"@type":"BreadcrumbList","@id":"https:\/\/joyasyasmin.com\/it\/producto\/vergine-della-medaglia-miracolosa\/#breadcrumb","itemListElement":[{"@type":"ListItem","position":1,"name":"Portada","item":"https:\/\/joyasyasmin.com\/it\/casa\/"},{"@type":"ListItem","position":2,"name":"Negozio","item":"https:\/\/joyasyasmin.com\/it\/negozio\/"},{"@type":"ListItem","position":3,"name":"Vergine della Medaglia Miracolosa"}]},{"@type":"WebSite","@id":"https:\/\/joyasyasmin.com\/it\/#website","url":"https:\/\/joyasyasmin.com\/it\/","name":"Yasmin","description":"Joyer\u00eda de Plata 925 - Pendientes, pulseras, anillos, colgantes y m\u00e1s!","publisher":{"@id":"https:\/\/joyasyasmin.com\/it\/#organization"},"potentialAction":[{"@type":"SearchAction","target":{"@type":"EntryPoint","urlTemplate":"https:\/\/joyasyasmin.com\/it\/?s={search_term_string}"},"query-input":{"@type":"PropertyValueSpecification","valueRequired":true,"valueName":"search_term_string"}}],"inLanguage":"it-IT"},{"@type":"Organization","@id":"https:\/\/joyasyasmin.com\/it\/#organization","name":"joyas yasmin","url":"https:\/\/joyasyasmin.com\/it\/","logo":{"@type":"ImageObject","inLanguage":"it-IT","@id":"https:\/\/joyasyasmin.com\/it\/#\/schema\/logo\/image\/","url":"https:\/\/joyasyasmin.com\/wp-content\/uploads\/2017\/06\/IMG-20200429-WA0051.jpg","contentUrl":"https:\/\/joyasyasmin.com\/wp-content\/uploads\/2017\/06\/IMG-20200429-WA0051.jpg","width":1080,"height":545,"caption":"joyas yasmin"},"image":{"@id":"https:\/\/joyasyasmin.com\/it\/#\/schema\/logo\/image\/"},"sameAs":["https:\/\/www.facebook.com\/Joyas-Yasmin-217664058934169\/","https:\/\/www.instagram.com\/invites\/contact\/"]}]}},"_links":{"self":[{"href":"https:\/\/joyasyasmin.com\/it\/wp-json\/wp\/v2\/product\/20955","targetHints":{"allow":["GET"]}}],"collection":[{"href":"https:\/\/joyasyasmin.com\/it\/wp-json\/wp\/v2\/product"}],"about":[{"href":"https:\/\/joyasyasmin.com\/it\/wp-json\/wp\/v2\/types\/product"}],"replies":[{"embeddable":true,"href":"https:\/\/joyasyasmin.com\/it\/wp-json\/wp\/v2\/comments?post=20955"}],"version-history":[{"count":0,"href":"https:\/\/joyasyasmin.com\/it\/wp-json\/wp\/v2\/product\/20955\/revisions"}],"wp:featuredmedia":[{"embeddable":true,"href":"https:\/\/joyasyasmin.com\/it\/wp-json\/wp\/v2\/media\/17938"}],"wp:attachment":[{"href":"https:\/\/joyasyasmin.com\/it\/wp-json\/wp\/v2\/media?parent=20955"}],"wp:term":[{"taxonomy":"product_brand","embeddable":true,"href":"https:\/\/joyasyasmin.com\/it\/wp-json\/wp\/v2\/product_brand?post=20955"},{"taxonomy":"product_cat","embeddable":true,"href":"https:\/\/joyasyasmin.com\/it\/wp-json\/wp\/v2\/product_cat?post=20955"},{"taxonomy":"product_tag","embeddable":true,"href":"https:\/\/joyasyasmin.com\/it\/wp-json\/wp\/v2\/product_tag?post=20955"}],"curies":[{"name":"wp","href":"https:\/\/api.w.org\/{rel}","templated":true}]}}