{"id":21241,"date":"2024-02-01T21:08:46","date_gmt":"2024-02-01T21:08:46","guid":{"rendered":"https:\/\/joyasyasmin.com\/producto\/girocollo-a-coda-di-balena\/"},"modified":"2025-11-10T11:36:24","modified_gmt":"2025-11-10T11:36:24","slug":"girocollo-a-coda-di-balena","status":"publish","type":"product","link":"https:\/\/joyasyasmin.com\/it\/producto\/girocollo-a-coda-di-balena\/","title":{"rendered":"Girocollo a coda di balena"},"content":{"rendered":"","protected":false},"excerpt":{"rendered":"<p>Il girocollo a coda di balena e zirconi non \u00e8 semplicemente un gioiello; \u00c8 un&#8217;esperienza. Immagina come diventer\u00e0 un&#8217;estensione del tuo stile, accentuando la tua eleganza e attirando sguardi ammirati in ogni occasione. Scegliendo questo capo, ti immergi nella profondit\u00e0 della moda e dell&#8217;artigianato, portando con te un pezzo della maestosit\u00e0 dell&#8217;oceano ad ogni passo. I nostri gioielli sono realizzati in argento sterling 925 e la sua lunghezza \u00e8 di 42 +3 cm.   <\/p>\n","protected":false},"featured_media":18024,"comment_status":"open","ping_status":"closed","template":"","meta":{"_acf_changed":false,"_joinchat":[]},"product_brand":[],"product_cat":[1868],"product_tag":[2106,2107],"class_list":{"0":"post-21241","1":"product","2":"type-product","3":"status-publish","4":"has-post-thumbnail","6":"product_cat-collane-it","7":"product_tag-girocollo-a-coda-di-balena","8":"product_tag-si-coordina-con-la-coda-della-balena","10":"first","11":"instock","12":"shipping-taxable","13":"purchasable","14":"product-type-simple"},"acf":[],"yoast_head":"<!-- This site is optimized with the Yoast SEO plugin v27.2 - https:\/\/yoast.com\/product\/yoast-seo-wordpress\/ -->\n<title>Girocollo a coda di balena - Yasmin<\/title>\n<meta name=\"description\" content=\"Il girocollo a coda di balena e zirconi non \u00e8 semplicemente un gioiello; \u00c8 un&#039;esperienza. Immagina come diventer\u00e0 il tuo stile e la tua eleganza, \u00e8 realizzato in argento sterling.\" \/>\n<meta name=\"robots\" content=\"index, follow, max-snippet:-1, max-image-preview:large, max-video-preview:-1\" \/>\n<link rel=\"canonical\" href=\"https:\/\/joyasyasmin.com\/it\/producto\/girocollo-a-coda-di-balena\/\" \/>\n<meta property=\"og:locale\" content=\"it_IT\" \/>\n<meta property=\"og:title\" content=\"Girocollo a coda di balena - Yasmin\" \/>\n<meta property=\"og:description\" content=\"Il girocollo a coda di balena e zirconi non \u00e8 semplicemente un gioiello; \u00c8 un&#039;esperienza. Immagina come diventer\u00e0 il tuo stile e la tua eleganza, \u00e8 realizzato in argento sterling.\" \/>\n<meta property=\"og:url\" content=\"https:\/\/joyasyasmin.com\/it\/producto\/girocollo-a-coda-di-balena\/\" \/>\n<meta property=\"og:site_name\" content=\"Yasmin\" \/>\n<meta property=\"article:publisher\" content=\"https:\/\/www.facebook.com\/Joyas-Yasmin-217664058934169\/\" \/>\n<meta property=\"article:modified_time\" content=\"2025-11-10T11:36:24+00:00\" \/>\n<meta property=\"og:image\" content=\"https:\/\/joyasyasmin.com\/wp-content\/uploads\/2024\/02\/gargantilla-cola-de-ballena.jpg\" \/>\n\t<meta property=\"og:image:width\" content=\"1000\" \/>\n\t<meta property=\"og:image:height\" content=\"1000\" \/>\n\t<meta property=\"og:image:type\" content=\"image\/jpeg\" \/>\n<meta name=\"twitter:card\" content=\"summary_large_image\" \/>\n<script type=\"application\/ld+json\" class=\"yoast-schema-graph\">{\"@context\":\"https:\/\/schema.org\",\"@graph\":[{\"@type\":[\"WebPage\",\"ItemPage\"],\"@id\":\"https:\/\/joyasyasmin.com\/it\/producto\/girocollo-a-coda-di-balena\/\",\"url\":\"https:\/\/joyasyasmin.com\/it\/producto\/girocollo-a-coda-di-balena\/\",\"name\":\"Girocollo a coda di balena - Yasmin\",\"isPartOf\":{\"@id\":\"https:\/\/joyasyasmin.com\/it\/#website\"},\"primaryImageOfPage\":{\"@id\":\"https:\/\/joyasyasmin.com\/it\/producto\/girocollo-a-coda-di-balena\/#primaryimage\"},\"image\":{\"@id\":\"https:\/\/joyasyasmin.com\/it\/producto\/girocollo-a-coda-di-balena\/#primaryimage\"},\"thumbnailUrl\":\"https:\/\/joyasyasmin.com\/wp-content\/uploads\/2024\/02\/gargantilla-cola-de-ballena.jpg\",\"datePublished\":\"2024-02-01T21:08:46+00:00\",\"dateModified\":\"2025-11-10T11:36:24+00:00\",\"description\":\"Il girocollo a coda di balena e zirconi non \u00e8 semplicemente un gioiello; \u00c8 un'esperienza. Immagina come diventer\u00e0 il tuo stile e la tua eleganza, \u00e8 realizzato in argento sterling.\",\"breadcrumb\":{\"@id\":\"https:\/\/joyasyasmin.com\/it\/producto\/girocollo-a-coda-di-balena\/#breadcrumb\"},\"inLanguage\":\"it-IT\",\"potentialAction\":[{\"@type\":\"ReadAction\",\"target\":[\"https:\/\/joyasyasmin.com\/it\/producto\/girocollo-a-coda-di-balena\/\"]}]},{\"@type\":\"ImageObject\",\"inLanguage\":\"it-IT\",\"@id\":\"https:\/\/joyasyasmin.com\/it\/producto\/girocollo-a-coda-di-balena\/#primaryimage\",\"url\":\"https:\/\/joyasyasmin.com\/wp-content\/uploads\/2024\/02\/gargantilla-cola-de-ballena.jpg\",\"contentUrl\":\"https:\/\/joyasyasmin.com\/wp-content\/uploads\/2024\/02\/gargantilla-cola-de-ballena.jpg\",\"width\":1000,\"height\":1000,\"caption\":\"Girocollo a coda di balena in vendita con zirconi in argento sterling 925\"},{\"@type\":\"BreadcrumbList\",\"@id\":\"https:\/\/joyasyasmin.com\/it\/producto\/girocollo-a-coda-di-balena\/#breadcrumb\",\"itemListElement\":[{\"@type\":\"ListItem\",\"position\":1,\"name\":\"Portada\",\"item\":\"https:\/\/joyasyasmin.com\/it\/casa\/\"},{\"@type\":\"ListItem\",\"position\":2,\"name\":\"Negozio\",\"item\":\"https:\/\/joyasyasmin.com\/it\/negozio\/\"},{\"@type\":\"ListItem\",\"position\":3,\"name\":\"Girocollo a coda di balena\"}]},{\"@type\":\"WebSite\",\"@id\":\"https:\/\/joyasyasmin.com\/it\/#website\",\"url\":\"https:\/\/joyasyasmin.com\/it\/\",\"name\":\"Yasmin\",\"description\":\"Joyer\u00eda de Plata 925 - Pendientes, pulseras, anillos, colgantes y m\u00e1s!\",\"publisher\":{\"@id\":\"https:\/\/joyasyasmin.com\/it\/#organization\"},\"potentialAction\":[{\"@type\":\"SearchAction\",\"target\":{\"@type\":\"EntryPoint\",\"urlTemplate\":\"https:\/\/joyasyasmin.com\/it\/?s={search_term_string}\"},\"query-input\":{\"@type\":\"PropertyValueSpecification\",\"valueRequired\":true,\"valueName\":\"search_term_string\"}}],\"inLanguage\":\"it-IT\"},{\"@type\":\"Organization\",\"@id\":\"https:\/\/joyasyasmin.com\/it\/#organization\",\"name\":\"joyas yasmin\",\"url\":\"https:\/\/joyasyasmin.com\/it\/\",\"logo\":{\"@type\":\"ImageObject\",\"inLanguage\":\"it-IT\",\"@id\":\"https:\/\/joyasyasmin.com\/it\/#\/schema\/logo\/image\/\",\"url\":\"https:\/\/joyasyasmin.com\/wp-content\/uploads\/2017\/06\/IMG-20200429-WA0051.jpg\",\"contentUrl\":\"https:\/\/joyasyasmin.com\/wp-content\/uploads\/2017\/06\/IMG-20200429-WA0051.jpg\",\"width\":1080,\"height\":545,\"caption\":\"joyas yasmin\"},\"image\":{\"@id\":\"https:\/\/joyasyasmin.com\/it\/#\/schema\/logo\/image\/\"},\"sameAs\":[\"https:\/\/www.facebook.com\/Joyas-Yasmin-217664058934169\/\",\"https:\/\/www.instagram.com\/invites\/contact\/\"]}]}<\/script>\n<!-- \/ Yoast SEO plugin. -->","yoast_head_json":{"title":"Girocollo a coda di balena - Yasmin","description":"Il girocollo a coda di balena e zirconi non \u00e8 semplicemente un gioiello; \u00c8 un'esperienza. Immagina come diventer\u00e0 il tuo stile e la tua eleganza, \u00e8 realizzato in argento sterling.","robots":{"index":"index","follow":"follow","max-snippet":"max-snippet:-1","max-image-preview":"max-image-preview:large","max-video-preview":"max-video-preview:-1"},"canonical":"https:\/\/joyasyasmin.com\/it\/producto\/girocollo-a-coda-di-balena\/","og_locale":"it_IT","og_title":"Girocollo a coda di balena - Yasmin","og_description":"Il girocollo a coda di balena e zirconi non \u00e8 semplicemente un gioiello; \u00c8 un'esperienza. Immagina come diventer\u00e0 il tuo stile e la tua eleganza, \u00e8 realizzato in argento sterling.","og_url":"https:\/\/joyasyasmin.com\/it\/producto\/girocollo-a-coda-di-balena\/","og_site_name":"Yasmin","article_publisher":"https:\/\/www.facebook.com\/Joyas-Yasmin-217664058934169\/","article_modified_time":"2025-11-10T11:36:24+00:00","og_image":[{"width":1000,"height":1000,"url":"https:\/\/joyasyasmin.com\/wp-content\/uploads\/2024\/02\/gargantilla-cola-de-ballena.jpg","type":"image\/jpeg"}],"twitter_card":"summary_large_image","schema":{"@context":"https:\/\/schema.org","@graph":[{"@type":["WebPage","ItemPage"],"@id":"https:\/\/joyasyasmin.com\/it\/producto\/girocollo-a-coda-di-balena\/","url":"https:\/\/joyasyasmin.com\/it\/producto\/girocollo-a-coda-di-balena\/","name":"Girocollo a coda di balena - Yasmin","isPartOf":{"@id":"https:\/\/joyasyasmin.com\/it\/#website"},"primaryImageOfPage":{"@id":"https:\/\/joyasyasmin.com\/it\/producto\/girocollo-a-coda-di-balena\/#primaryimage"},"image":{"@id":"https:\/\/joyasyasmin.com\/it\/producto\/girocollo-a-coda-di-balena\/#primaryimage"},"thumbnailUrl":"https:\/\/joyasyasmin.com\/wp-content\/uploads\/2024\/02\/gargantilla-cola-de-ballena.jpg","datePublished":"2024-02-01T21:08:46+00:00","dateModified":"2025-11-10T11:36:24+00:00","description":"Il girocollo a coda di balena e zirconi non \u00e8 semplicemente un gioiello; \u00c8 un'esperienza. Immagina come diventer\u00e0 il tuo stile e la tua eleganza, \u00e8 realizzato in argento sterling.","breadcrumb":{"@id":"https:\/\/joyasyasmin.com\/it\/producto\/girocollo-a-coda-di-balena\/#breadcrumb"},"inLanguage":"it-IT","potentialAction":[{"@type":"ReadAction","target":["https:\/\/joyasyasmin.com\/it\/producto\/girocollo-a-coda-di-balena\/"]}]},{"@type":"ImageObject","inLanguage":"it-IT","@id":"https:\/\/joyasyasmin.com\/it\/producto\/girocollo-a-coda-di-balena\/#primaryimage","url":"https:\/\/joyasyasmin.com\/wp-content\/uploads\/2024\/02\/gargantilla-cola-de-ballena.jpg","contentUrl":"https:\/\/joyasyasmin.com\/wp-content\/uploads\/2024\/02\/gargantilla-cola-de-ballena.jpg","width":1000,"height":1000,"caption":"Girocollo a coda di balena in vendita con zirconi in argento sterling 925"},{"@type":"BreadcrumbList","@id":"https:\/\/joyasyasmin.com\/it\/producto\/girocollo-a-coda-di-balena\/#breadcrumb","itemListElement":[{"@type":"ListItem","position":1,"name":"Portada","item":"https:\/\/joyasyasmin.com\/it\/casa\/"},{"@type":"ListItem","position":2,"name":"Negozio","item":"https:\/\/joyasyasmin.com\/it\/negozio\/"},{"@type":"ListItem","position":3,"name":"Girocollo a coda di balena"}]},{"@type":"WebSite","@id":"https:\/\/joyasyasmin.com\/it\/#website","url":"https:\/\/joyasyasmin.com\/it\/","name":"Yasmin","description":"Joyer\u00eda de Plata 925 - Pendientes, pulseras, anillos, colgantes y m\u00e1s!","publisher":{"@id":"https:\/\/joyasyasmin.com\/it\/#organization"},"potentialAction":[{"@type":"SearchAction","target":{"@type":"EntryPoint","urlTemplate":"https:\/\/joyasyasmin.com\/it\/?s={search_term_string}"},"query-input":{"@type":"PropertyValueSpecification","valueRequired":true,"valueName":"search_term_string"}}],"inLanguage":"it-IT"},{"@type":"Organization","@id":"https:\/\/joyasyasmin.com\/it\/#organization","name":"joyas yasmin","url":"https:\/\/joyasyasmin.com\/it\/","logo":{"@type":"ImageObject","inLanguage":"it-IT","@id":"https:\/\/joyasyasmin.com\/it\/#\/schema\/logo\/image\/","url":"https:\/\/joyasyasmin.com\/wp-content\/uploads\/2017\/06\/IMG-20200429-WA0051.jpg","contentUrl":"https:\/\/joyasyasmin.com\/wp-content\/uploads\/2017\/06\/IMG-20200429-WA0051.jpg","width":1080,"height":545,"caption":"joyas yasmin"},"image":{"@id":"https:\/\/joyasyasmin.com\/it\/#\/schema\/logo\/image\/"},"sameAs":["https:\/\/www.facebook.com\/Joyas-Yasmin-217664058934169\/","https:\/\/www.instagram.com\/invites\/contact\/"]}]}},"_links":{"self":[{"href":"https:\/\/joyasyasmin.com\/it\/wp-json\/wp\/v2\/product\/21241","targetHints":{"allow":["GET"]}}],"collection":[{"href":"https:\/\/joyasyasmin.com\/it\/wp-json\/wp\/v2\/product"}],"about":[{"href":"https:\/\/joyasyasmin.com\/it\/wp-json\/wp\/v2\/types\/product"}],"replies":[{"embeddable":true,"href":"https:\/\/joyasyasmin.com\/it\/wp-json\/wp\/v2\/comments?post=21241"}],"version-history":[{"count":1,"href":"https:\/\/joyasyasmin.com\/it\/wp-json\/wp\/v2\/product\/21241\/revisions"}],"predecessor-version":[{"id":35889,"href":"https:\/\/joyasyasmin.com\/it\/wp-json\/wp\/v2\/product\/21241\/revisions\/35889"}],"wp:featuredmedia":[{"embeddable":true,"href":"https:\/\/joyasyasmin.com\/it\/wp-json\/wp\/v2\/media\/18024"}],"wp:attachment":[{"href":"https:\/\/joyasyasmin.com\/it\/wp-json\/wp\/v2\/media?parent=21241"}],"wp:term":[{"taxonomy":"product_brand","embeddable":true,"href":"https:\/\/joyasyasmin.com\/it\/wp-json\/wp\/v2\/product_brand?post=21241"},{"taxonomy":"product_cat","embeddable":true,"href":"https:\/\/joyasyasmin.com\/it\/wp-json\/wp\/v2\/product_cat?post=21241"},{"taxonomy":"product_tag","embeddable":true,"href":"https:\/\/joyasyasmin.com\/it\/wp-json\/wp\/v2\/product_tag?post=21241"}],"curies":[{"name":"wp","href":"https:\/\/api.w.org\/{rel}","templated":true}]}}