{"id":21635,"date":"2024-04-19T20:29:46","date_gmt":"2024-04-19T20:29:46","guid":{"rendered":"https:\/\/joyasyasmin.com\/producto\/bracciale-macrame-nodo-della-strega\/"},"modified":"2025-11-10T11:30:59","modified_gmt":"2025-11-10T11:30:59","slug":"bracciale-macrame-nodo-della-strega","status":"publish","type":"product","link":"https:\/\/joyasyasmin.com\/it\/producto\/bracciale-macrame-nodo-della-strega\/","title":{"rendered":"Bracciale Macram\u00e8 Nodo della Strega"},"content":{"rendered":"","protected":false},"excerpt":{"rendered":"<p>Il nodo della strega, noto anche come nodo dell&#8217;eternit\u00e0, \u00e8 un antico simbolo di protezione e buona fortuna. Si dice che questo nodo abbia il potere di suggellare l&#8217;amore eterno e la lealt\u00e0. Incorporando questo nodo significativo nel nostro braccialetto, non solo aggiungiamo un tocco di misticismo, ma portiamo anche con noi la promessa di protezione e legami duraturi.<\/p>\n<p>Ogni dettaglio di questo bracciale \u00e8 stato accuratamente progettato per esaltarne la bellezza e il significato. Il nodo centrale della strega, con un&#8217;impressionante dimensione di 14 mm, diventa il punto focale del pezzo, attirando tutti gli sguardi su di esso. Su ciascun lato del nodo, cinque sfere in argento sterling 925 aggiungono un sottile scintillio e un tocco di eleganza.<\/p>\n","protected":false},"featured_media":18158,"comment_status":"open","ping_status":"closed","template":"","meta":{"_acf_changed":false,"_joinchat":[]},"product_brand":[],"product_cat":[1784],"product_tag":[],"class_list":{"0":"post-21635","1":"product","2":"type-product","3":"status-publish","4":"has-post-thumbnail","6":"product_cat-bracciali","8":"first","9":"instock","10":"shipping-taxable","11":"purchasable","12":"product-type-simple"},"acf":[],"yoast_head":"<!-- This site is optimized with the Yoast SEO plugin v27.2 - https:\/\/yoast.com\/product\/yoast-seo-wordpress\/ -->\n<title>Bracciale Macram\u00e8 Nodo della Strega - Yasmin<\/title>\n<meta name=\"description\" content=\"Il braccialetto del nodo della strega in macram\u00e8, noto anche come nodo dell&#039;eternit\u00e0, \u00e8 un antico simbolo di protezione e buona fortuna. Argento 925.\" \/>\n<meta name=\"robots\" content=\"index, follow, max-snippet:-1, max-image-preview:large, max-video-preview:-1\" \/>\n<link rel=\"canonical\" href=\"https:\/\/joyasyasmin.com\/it\/producto\/bracciale-macrame-nodo-della-strega\/\" \/>\n<meta property=\"og:locale\" content=\"it_IT\" \/>\n<meta property=\"og:title\" content=\"Bracciale Macram\u00e8 Nodo della Strega - Yasmin\" \/>\n<meta property=\"og:description\" content=\"Il braccialetto del nodo della strega in macram\u00e8, noto anche come nodo dell&#039;eternit\u00e0, \u00e8 un antico simbolo di protezione e buona fortuna. Argento 925.\" \/>\n<meta property=\"og:url\" content=\"https:\/\/joyasyasmin.com\/it\/producto\/bracciale-macrame-nodo-della-strega\/\" \/>\n<meta property=\"og:site_name\" content=\"Yasmin\" \/>\n<meta property=\"article:publisher\" content=\"https:\/\/www.facebook.com\/Joyas-Yasmin-217664058934169\/\" \/>\n<meta property=\"article:modified_time\" content=\"2025-11-10T11:30:59+00:00\" \/>\n<meta property=\"og:image\" content=\"https:\/\/joyasyasmin.com\/wp-content\/uploads\/2024\/04\/pulsera-macrame-con-nudo-de-bruja-en-plata.jpg\" \/>\n\t<meta property=\"og:image:width\" content=\"1000\" \/>\n\t<meta property=\"og:image:height\" content=\"1000\" \/>\n\t<meta property=\"og:image:type\" content=\"image\/jpeg\" \/>\n<meta name=\"twitter:card\" content=\"summary_large_image\" \/>\n<script type=\"application\/ld+json\" class=\"yoast-schema-graph\">{\"@context\":\"https:\/\/schema.org\",\"@graph\":[{\"@type\":[\"WebPage\",\"ItemPage\"],\"@id\":\"https:\/\/joyasyasmin.com\/it\/producto\/bracciale-macrame-nodo-della-strega\/\",\"url\":\"https:\/\/joyasyasmin.com\/it\/producto\/bracciale-macrame-nodo-della-strega\/\",\"name\":\"Bracciale Macram\u00e8 Nodo della Strega - Yasmin\",\"isPartOf\":{\"@id\":\"https:\/\/joyasyasmin.com\/it\/#website\"},\"primaryImageOfPage\":{\"@id\":\"https:\/\/joyasyasmin.com\/it\/producto\/bracciale-macrame-nodo-della-strega\/#primaryimage\"},\"image\":{\"@id\":\"https:\/\/joyasyasmin.com\/it\/producto\/bracciale-macrame-nodo-della-strega\/#primaryimage\"},\"thumbnailUrl\":\"https:\/\/joyasyasmin.com\/wp-content\/uploads\/2024\/04\/pulsera-macrame-con-nudo-de-bruja-en-plata.jpg\",\"datePublished\":\"2024-04-19T20:29:46+00:00\",\"dateModified\":\"2025-11-10T11:30:59+00:00\",\"description\":\"Il braccialetto del nodo della strega in macram\u00e8, noto anche come nodo dell'eternit\u00e0, \u00e8 un antico simbolo di protezione e buona fortuna. Argento 925.\",\"breadcrumb\":{\"@id\":\"https:\/\/joyasyasmin.com\/it\/producto\/bracciale-macrame-nodo-della-strega\/#breadcrumb\"},\"inLanguage\":\"it-IT\",\"potentialAction\":[{\"@type\":\"ReadAction\",\"target\":[\"https:\/\/joyasyasmin.com\/it\/producto\/bracciale-macrame-nodo-della-strega\/\"]}]},{\"@type\":\"ImageObject\",\"inLanguage\":\"it-IT\",\"@id\":\"https:\/\/joyasyasmin.com\/it\/producto\/bracciale-macrame-nodo-della-strega\/#primaryimage\",\"url\":\"https:\/\/joyasyasmin.com\/wp-content\/uploads\/2024\/04\/pulsera-macrame-con-nudo-de-bruja-en-plata.jpg\",\"contentUrl\":\"https:\/\/joyasyasmin.com\/wp-content\/uploads\/2024\/04\/pulsera-macrame-con-nudo-de-bruja-en-plata.jpg\",\"width\":1000,\"height\":1000,\"caption\":\"Vendita Bracciale Macram\u00e8 in Argento Sterling 925 con nodo della strega\"},{\"@type\":\"BreadcrumbList\",\"@id\":\"https:\/\/joyasyasmin.com\/it\/producto\/bracciale-macrame-nodo-della-strega\/#breadcrumb\",\"itemListElement\":[{\"@type\":\"ListItem\",\"position\":1,\"name\":\"Portada\",\"item\":\"https:\/\/joyasyasmin.com\/it\/casa\/\"},{\"@type\":\"ListItem\",\"position\":2,\"name\":\"Negozio\",\"item\":\"https:\/\/joyasyasmin.com\/it\/negozio\/\"},{\"@type\":\"ListItem\",\"position\":3,\"name\":\"Bracciale Macram\u00e8 Nodo della Strega\"}]},{\"@type\":\"WebSite\",\"@id\":\"https:\/\/joyasyasmin.com\/it\/#website\",\"url\":\"https:\/\/joyasyasmin.com\/it\/\",\"name\":\"Yasmin\",\"description\":\"Joyer\u00eda de Plata 925 - Pendientes, pulseras, anillos, colgantes y m\u00e1s!\",\"publisher\":{\"@id\":\"https:\/\/joyasyasmin.com\/it\/#organization\"},\"potentialAction\":[{\"@type\":\"SearchAction\",\"target\":{\"@type\":\"EntryPoint\",\"urlTemplate\":\"https:\/\/joyasyasmin.com\/it\/?s={search_term_string}\"},\"query-input\":{\"@type\":\"PropertyValueSpecification\",\"valueRequired\":true,\"valueName\":\"search_term_string\"}}],\"inLanguage\":\"it-IT\"},{\"@type\":\"Organization\",\"@id\":\"https:\/\/joyasyasmin.com\/it\/#organization\",\"name\":\"joyas yasmin\",\"url\":\"https:\/\/joyasyasmin.com\/it\/\",\"logo\":{\"@type\":\"ImageObject\",\"inLanguage\":\"it-IT\",\"@id\":\"https:\/\/joyasyasmin.com\/it\/#\/schema\/logo\/image\/\",\"url\":\"https:\/\/joyasyasmin.com\/wp-content\/uploads\/2017\/06\/IMG-20200429-WA0051.jpg\",\"contentUrl\":\"https:\/\/joyasyasmin.com\/wp-content\/uploads\/2017\/06\/IMG-20200429-WA0051.jpg\",\"width\":1080,\"height\":545,\"caption\":\"joyas yasmin\"},\"image\":{\"@id\":\"https:\/\/joyasyasmin.com\/it\/#\/schema\/logo\/image\/\"},\"sameAs\":[\"https:\/\/www.facebook.com\/Joyas-Yasmin-217664058934169\/\",\"https:\/\/www.instagram.com\/invites\/contact\/\"]}]}<\/script>\n<!-- \/ Yoast SEO plugin. -->","yoast_head_json":{"title":"Bracciale Macram\u00e8 Nodo della Strega - Yasmin","description":"Il braccialetto del nodo della strega in macram\u00e8, noto anche come nodo dell'eternit\u00e0, \u00e8 un antico simbolo di protezione e buona fortuna. Argento 925.","robots":{"index":"index","follow":"follow","max-snippet":"max-snippet:-1","max-image-preview":"max-image-preview:large","max-video-preview":"max-video-preview:-1"},"canonical":"https:\/\/joyasyasmin.com\/it\/producto\/bracciale-macrame-nodo-della-strega\/","og_locale":"it_IT","og_title":"Bracciale Macram\u00e8 Nodo della Strega - Yasmin","og_description":"Il braccialetto del nodo della strega in macram\u00e8, noto anche come nodo dell'eternit\u00e0, \u00e8 un antico simbolo di protezione e buona fortuna. Argento 925.","og_url":"https:\/\/joyasyasmin.com\/it\/producto\/bracciale-macrame-nodo-della-strega\/","og_site_name":"Yasmin","article_publisher":"https:\/\/www.facebook.com\/Joyas-Yasmin-217664058934169\/","article_modified_time":"2025-11-10T11:30:59+00:00","og_image":[{"width":1000,"height":1000,"url":"https:\/\/joyasyasmin.com\/wp-content\/uploads\/2024\/04\/pulsera-macrame-con-nudo-de-bruja-en-plata.jpg","type":"image\/jpeg"}],"twitter_card":"summary_large_image","schema":{"@context":"https:\/\/schema.org","@graph":[{"@type":["WebPage","ItemPage"],"@id":"https:\/\/joyasyasmin.com\/it\/producto\/bracciale-macrame-nodo-della-strega\/","url":"https:\/\/joyasyasmin.com\/it\/producto\/bracciale-macrame-nodo-della-strega\/","name":"Bracciale Macram\u00e8 Nodo della Strega - Yasmin","isPartOf":{"@id":"https:\/\/joyasyasmin.com\/it\/#website"},"primaryImageOfPage":{"@id":"https:\/\/joyasyasmin.com\/it\/producto\/bracciale-macrame-nodo-della-strega\/#primaryimage"},"image":{"@id":"https:\/\/joyasyasmin.com\/it\/producto\/bracciale-macrame-nodo-della-strega\/#primaryimage"},"thumbnailUrl":"https:\/\/joyasyasmin.com\/wp-content\/uploads\/2024\/04\/pulsera-macrame-con-nudo-de-bruja-en-plata.jpg","datePublished":"2024-04-19T20:29:46+00:00","dateModified":"2025-11-10T11:30:59+00:00","description":"Il braccialetto del nodo della strega in macram\u00e8, noto anche come nodo dell'eternit\u00e0, \u00e8 un antico simbolo di protezione e buona fortuna. Argento 925.","breadcrumb":{"@id":"https:\/\/joyasyasmin.com\/it\/producto\/bracciale-macrame-nodo-della-strega\/#breadcrumb"},"inLanguage":"it-IT","potentialAction":[{"@type":"ReadAction","target":["https:\/\/joyasyasmin.com\/it\/producto\/bracciale-macrame-nodo-della-strega\/"]}]},{"@type":"ImageObject","inLanguage":"it-IT","@id":"https:\/\/joyasyasmin.com\/it\/producto\/bracciale-macrame-nodo-della-strega\/#primaryimage","url":"https:\/\/joyasyasmin.com\/wp-content\/uploads\/2024\/04\/pulsera-macrame-con-nudo-de-bruja-en-plata.jpg","contentUrl":"https:\/\/joyasyasmin.com\/wp-content\/uploads\/2024\/04\/pulsera-macrame-con-nudo-de-bruja-en-plata.jpg","width":1000,"height":1000,"caption":"Vendita Bracciale Macram\u00e8 in Argento Sterling 925 con nodo della strega"},{"@type":"BreadcrumbList","@id":"https:\/\/joyasyasmin.com\/it\/producto\/bracciale-macrame-nodo-della-strega\/#breadcrumb","itemListElement":[{"@type":"ListItem","position":1,"name":"Portada","item":"https:\/\/joyasyasmin.com\/it\/casa\/"},{"@type":"ListItem","position":2,"name":"Negozio","item":"https:\/\/joyasyasmin.com\/it\/negozio\/"},{"@type":"ListItem","position":3,"name":"Bracciale Macram\u00e8 Nodo della Strega"}]},{"@type":"WebSite","@id":"https:\/\/joyasyasmin.com\/it\/#website","url":"https:\/\/joyasyasmin.com\/it\/","name":"Yasmin","description":"Joyer\u00eda de Plata 925 - Pendientes, pulseras, anillos, colgantes y m\u00e1s!","publisher":{"@id":"https:\/\/joyasyasmin.com\/it\/#organization"},"potentialAction":[{"@type":"SearchAction","target":{"@type":"EntryPoint","urlTemplate":"https:\/\/joyasyasmin.com\/it\/?s={search_term_string}"},"query-input":{"@type":"PropertyValueSpecification","valueRequired":true,"valueName":"search_term_string"}}],"inLanguage":"it-IT"},{"@type":"Organization","@id":"https:\/\/joyasyasmin.com\/it\/#organization","name":"joyas yasmin","url":"https:\/\/joyasyasmin.com\/it\/","logo":{"@type":"ImageObject","inLanguage":"it-IT","@id":"https:\/\/joyasyasmin.com\/it\/#\/schema\/logo\/image\/","url":"https:\/\/joyasyasmin.com\/wp-content\/uploads\/2017\/06\/IMG-20200429-WA0051.jpg","contentUrl":"https:\/\/joyasyasmin.com\/wp-content\/uploads\/2017\/06\/IMG-20200429-WA0051.jpg","width":1080,"height":545,"caption":"joyas yasmin"},"image":{"@id":"https:\/\/joyasyasmin.com\/it\/#\/schema\/logo\/image\/"},"sameAs":["https:\/\/www.facebook.com\/Joyas-Yasmin-217664058934169\/","https:\/\/www.instagram.com\/invites\/contact\/"]}]}},"_links":{"self":[{"href":"https:\/\/joyasyasmin.com\/it\/wp-json\/wp\/v2\/product\/21635","targetHints":{"allow":["GET"]}}],"collection":[{"href":"https:\/\/joyasyasmin.com\/it\/wp-json\/wp\/v2\/product"}],"about":[{"href":"https:\/\/joyasyasmin.com\/it\/wp-json\/wp\/v2\/types\/product"}],"replies":[{"embeddable":true,"href":"https:\/\/joyasyasmin.com\/it\/wp-json\/wp\/v2\/comments?post=21635"}],"version-history":[{"count":2,"href":"https:\/\/joyasyasmin.com\/it\/wp-json\/wp\/v2\/product\/21635\/revisions"}],"predecessor-version":[{"id":35734,"href":"https:\/\/joyasyasmin.com\/it\/wp-json\/wp\/v2\/product\/21635\/revisions\/35734"}],"wp:featuredmedia":[{"embeddable":true,"href":"https:\/\/joyasyasmin.com\/it\/wp-json\/wp\/v2\/media\/18158"}],"wp:attachment":[{"href":"https:\/\/joyasyasmin.com\/it\/wp-json\/wp\/v2\/media?parent=21635"}],"wp:term":[{"taxonomy":"product_brand","embeddable":true,"href":"https:\/\/joyasyasmin.com\/it\/wp-json\/wp\/v2\/product_brand?post=21635"},{"taxonomy":"product_cat","embeddable":true,"href":"https:\/\/joyasyasmin.com\/it\/wp-json\/wp\/v2\/product_cat?post=21635"},{"taxonomy":"product_tag","embeddable":true,"href":"https:\/\/joyasyasmin.com\/it\/wp-json\/wp\/v2\/product_tag?post=21635"}],"curies":[{"name":"wp","href":"https:\/\/api.w.org\/{rel}","templated":true}]}}