{"id":21900,"date":"2024-05-19T14:57:36","date_gmt":"2024-05-19T14:57:36","guid":{"rendered":"https:\/\/joyasyasmin.com\/producto\/bracciale-vergine-miracolosa-celeste\/"},"modified":"2025-09-01T07:43:48","modified_gmt":"2025-09-01T07:43:48","slug":"bracciale-vergine-miracolosa-celeste","status":"publish","type":"product","link":"https:\/\/joyasyasmin.com\/it\/producto\/bracciale-vergine-miracolosa-celeste\/","title":{"rendered":"Bracciale Vergine Miracolosa Celeste"},"content":{"rendered":"","protected":false},"excerpt":{"rendered":"<p>Scopri il nostro squisito Bracciale Vergine Miracolosa Celeste, un gioiello che fonde delicatezza, spiritualit\u00e0 ed eleganza senza tempo per esaltare il tuo stile con un tocco celestiale. Questo braccialetto \u00e8 progettato per affascinare, con sei delicate perline di 3 mm di diametro che adornano la sua catena, creando un pezzo sottile e affascinante che aggiunge un tocco di brillantezza al polso. La sua lunghezza di 16 cm, pi\u00f9 un&#8217;estensione di 3 cm, garantisce una vestibilit\u00e0 perfetta per qualsiasi dimensione del polso, offrendo comfort e versatilit\u00e0.  <\/p>\n<p>Al centro di questo bracciale brilla una medaglia della Vergine Miracolosa di 1 x 14 mm, circondata da zirconi brillanti che aggiungono uno scintillio celeste al pezzo. La medaglia della Vergine Miracolosa, simbolo di fede e protezione, infonde a questo braccialetto un significato speciale, rendendolo perfetto per coloro che cercano una connessione spirituale nella loro vita quotidiana. <\/p>\n","protected":false},"featured_media":18264,"comment_status":"open","ping_status":"closed","template":"","meta":{"_acf_changed":false,"_joinchat":[]},"product_brand":[],"product_cat":[1784],"product_tag":[],"class_list":{"0":"post-21900","1":"product","2":"type-product","3":"status-publish","4":"has-post-thumbnail","6":"product_cat-bracciali","8":"first","9":"instock","10":"shipping-taxable","11":"purchasable","12":"product-type-variable"},"acf":[],"yoast_head":"<!-- This site is optimized with the Yoast SEO plugin v27.3 - https:\/\/yoast.com\/product\/yoast-seo-wordpress\/ -->\n<title>Bracciale Vergine Miracolosa Celeste - Yasmin<\/title>\n<meta name=\"description\" content=\"La medaglia della Vergine Miracolosa Celeste, simbolo di fede e protezione, con un significato speciale, per coloro che cercano una connessione spirituale.\" \/>\n<meta name=\"robots\" content=\"index, follow, max-snippet:-1, max-image-preview:large, max-video-preview:-1\" \/>\n<link rel=\"canonical\" href=\"https:\/\/joyasyasmin.com\/it\/producto\/bracciale-vergine-miracolosa-celeste\/\" \/>\n<meta property=\"og:locale\" content=\"it_IT\" \/>\n<meta property=\"og:title\" content=\"Bracciale Vergine Miracolosa Celeste - Yasmin\" \/>\n<meta property=\"og:description\" content=\"La medaglia della Vergine Miracolosa Celeste, simbolo di fede e protezione, con un significato speciale, per coloro che cercano una connessione spirituale.\" \/>\n<meta property=\"og:url\" content=\"https:\/\/joyasyasmin.com\/it\/producto\/bracciale-vergine-miracolosa-celeste\/\" \/>\n<meta property=\"og:site_name\" content=\"Yasmin\" \/>\n<meta property=\"article:publisher\" content=\"https:\/\/www.facebook.com\/Joyas-Yasmin-217664058934169\/\" \/>\n<meta property=\"article:modified_time\" content=\"2025-09-01T07:43:48+00:00\" \/>\n<meta property=\"og:image\" content=\"https:\/\/joyasyasmin.com\/wp-content\/uploads\/2024\/05\/pulsera-virgen-milagrosa-circonita-plata.jpg\" \/>\n\t<meta property=\"og:image:width\" content=\"1000\" \/>\n\t<meta property=\"og:image:height\" content=\"1000\" \/>\n\t<meta property=\"og:image:type\" content=\"image\/jpeg\" \/>\n<meta name=\"twitter:card\" content=\"summary_large_image\" \/>\n<script type=\"application\/ld+json\" class=\"yoast-schema-graph\">{\"@context\":\"https:\\\/\\\/schema.org\",\"@graph\":[{\"@type\":[\"WebPage\",\"ItemPage\"],\"@id\":\"https:\\\/\\\/joyasyasmin.com\\\/it\\\/producto\\\/bracciale-vergine-miracolosa-celeste\\\/\",\"url\":\"https:\\\/\\\/joyasyasmin.com\\\/it\\\/producto\\\/bracciale-vergine-miracolosa-celeste\\\/\",\"name\":\"Bracciale Vergine Miracolosa Celeste - Yasmin\",\"isPartOf\":{\"@id\":\"https:\\\/\\\/joyasyasmin.com\\\/it\\\/#website\"},\"primaryImageOfPage\":{\"@id\":\"https:\\\/\\\/joyasyasmin.com\\\/it\\\/producto\\\/bracciale-vergine-miracolosa-celeste\\\/#primaryimage\"},\"image\":{\"@id\":\"https:\\\/\\\/joyasyasmin.com\\\/it\\\/producto\\\/bracciale-vergine-miracolosa-celeste\\\/#primaryimage\"},\"thumbnailUrl\":\"https:\\\/\\\/joyasyasmin.com\\\/wp-content\\\/uploads\\\/2024\\\/05\\\/pulsera-virgen-milagrosa-circonita-plata.jpg\",\"datePublished\":\"2024-05-19T14:57:36+00:00\",\"dateModified\":\"2025-09-01T07:43:48+00:00\",\"description\":\"La medaglia della Vergine Miracolosa Celeste, simbolo di fede e protezione, con un significato speciale, per coloro che cercano una connessione spirituale.\",\"breadcrumb\":{\"@id\":\"https:\\\/\\\/joyasyasmin.com\\\/it\\\/producto\\\/bracciale-vergine-miracolosa-celeste\\\/#breadcrumb\"},\"inLanguage\":\"it-IT\",\"potentialAction\":[{\"@type\":\"ReadAction\",\"target\":[\"https:\\\/\\\/joyasyasmin.com\\\/it\\\/producto\\\/bracciale-vergine-miracolosa-celeste\\\/\"]}]},{\"@type\":\"ImageObject\",\"inLanguage\":\"it-IT\",\"@id\":\"https:\\\/\\\/joyasyasmin.com\\\/it\\\/producto\\\/bracciale-vergine-miracolosa-celeste\\\/#primaryimage\",\"url\":\"https:\\\/\\\/joyasyasmin.com\\\/wp-content\\\/uploads\\\/2024\\\/05\\\/pulsera-virgen-milagrosa-circonita-plata.jpg\",\"contentUrl\":\"https:\\\/\\\/joyasyasmin.com\\\/wp-content\\\/uploads\\\/2024\\\/05\\\/pulsera-virgen-milagrosa-circonita-plata.jpg\",\"width\":1000,\"height\":1000,\"caption\":\"Vendita di Bracciale Vergine Miracolosa con Zirconi in Argento Sterling 925\"},{\"@type\":\"BreadcrumbList\",\"@id\":\"https:\\\/\\\/joyasyasmin.com\\\/it\\\/producto\\\/bracciale-vergine-miracolosa-celeste\\\/#breadcrumb\",\"itemListElement\":[{\"@type\":\"ListItem\",\"position\":1,\"name\":\"Portada\",\"item\":\"https:\\\/\\\/joyasyasmin.com\\\/it\\\/casa\\\/\"},{\"@type\":\"ListItem\",\"position\":2,\"name\":\"Negozio\",\"item\":\"https:\\\/\\\/joyasyasmin.com\\\/it\\\/negozio\\\/\"},{\"@type\":\"ListItem\",\"position\":3,\"name\":\"Bracciale Vergine Miracolosa Celeste\"}]},{\"@type\":\"WebSite\",\"@id\":\"https:\\\/\\\/joyasyasmin.com\\\/it\\\/#website\",\"url\":\"https:\\\/\\\/joyasyasmin.com\\\/it\\\/\",\"name\":\"Yasmin\",\"description\":\"Joyer\u00eda de Plata 925 - Pendientes, pulseras, anillos, colgantes y m\u00e1s!\",\"publisher\":{\"@id\":\"https:\\\/\\\/joyasyasmin.com\\\/it\\\/#organization\"},\"potentialAction\":[{\"@type\":\"SearchAction\",\"target\":{\"@type\":\"EntryPoint\",\"urlTemplate\":\"https:\\\/\\\/joyasyasmin.com\\\/it\\\/?s={search_term_string}\"},\"query-input\":{\"@type\":\"PropertyValueSpecification\",\"valueRequired\":true,\"valueName\":\"search_term_string\"}}],\"inLanguage\":\"it-IT\"},{\"@type\":\"Organization\",\"@id\":\"https:\\\/\\\/joyasyasmin.com\\\/it\\\/#organization\",\"name\":\"joyas yasmin\",\"url\":\"https:\\\/\\\/joyasyasmin.com\\\/it\\\/\",\"logo\":{\"@type\":\"ImageObject\",\"inLanguage\":\"it-IT\",\"@id\":\"https:\\\/\\\/joyasyasmin.com\\\/it\\\/#\\\/schema\\\/logo\\\/image\\\/\",\"url\":\"https:\\\/\\\/joyasyasmin.com\\\/wp-content\\\/uploads\\\/2017\\\/06\\\/IMG-20200429-WA0051.jpg\",\"contentUrl\":\"https:\\\/\\\/joyasyasmin.com\\\/wp-content\\\/uploads\\\/2017\\\/06\\\/IMG-20200429-WA0051.jpg\",\"width\":1080,\"height\":545,\"caption\":\"joyas yasmin\"},\"image\":{\"@id\":\"https:\\\/\\\/joyasyasmin.com\\\/it\\\/#\\\/schema\\\/logo\\\/image\\\/\"},\"sameAs\":[\"https:\\\/\\\/www.facebook.com\\\/Joyas-Yasmin-217664058934169\\\/\",\"https:\\\/\\\/www.instagram.com\\\/invites\\\/contact\\\/\"]}]}<\/script>\n<!-- \/ Yoast SEO plugin. -->","yoast_head_json":{"title":"Bracciale Vergine Miracolosa Celeste - Yasmin","description":"La medaglia della Vergine Miracolosa Celeste, simbolo di fede e protezione, con un significato speciale, per coloro che cercano una connessione spirituale.","robots":{"index":"index","follow":"follow","max-snippet":"max-snippet:-1","max-image-preview":"max-image-preview:large","max-video-preview":"max-video-preview:-1"},"canonical":"https:\/\/joyasyasmin.com\/it\/producto\/bracciale-vergine-miracolosa-celeste\/","og_locale":"it_IT","og_title":"Bracciale Vergine Miracolosa Celeste - Yasmin","og_description":"La medaglia della Vergine Miracolosa Celeste, simbolo di fede e protezione, con un significato speciale, per coloro che cercano una connessione spirituale.","og_url":"https:\/\/joyasyasmin.com\/it\/producto\/bracciale-vergine-miracolosa-celeste\/","og_site_name":"Yasmin","article_publisher":"https:\/\/www.facebook.com\/Joyas-Yasmin-217664058934169\/","article_modified_time":"2025-09-01T07:43:48+00:00","og_image":[{"width":1000,"height":1000,"url":"https:\/\/joyasyasmin.com\/wp-content\/uploads\/2024\/05\/pulsera-virgen-milagrosa-circonita-plata.jpg","type":"image\/jpeg"}],"twitter_card":"summary_large_image","schema":{"@context":"https:\/\/schema.org","@graph":[{"@type":["WebPage","ItemPage"],"@id":"https:\/\/joyasyasmin.com\/it\/producto\/bracciale-vergine-miracolosa-celeste\/","url":"https:\/\/joyasyasmin.com\/it\/producto\/bracciale-vergine-miracolosa-celeste\/","name":"Bracciale Vergine Miracolosa Celeste - Yasmin","isPartOf":{"@id":"https:\/\/joyasyasmin.com\/it\/#website"},"primaryImageOfPage":{"@id":"https:\/\/joyasyasmin.com\/it\/producto\/bracciale-vergine-miracolosa-celeste\/#primaryimage"},"image":{"@id":"https:\/\/joyasyasmin.com\/it\/producto\/bracciale-vergine-miracolosa-celeste\/#primaryimage"},"thumbnailUrl":"https:\/\/joyasyasmin.com\/wp-content\/uploads\/2024\/05\/pulsera-virgen-milagrosa-circonita-plata.jpg","datePublished":"2024-05-19T14:57:36+00:00","dateModified":"2025-09-01T07:43:48+00:00","description":"La medaglia della Vergine Miracolosa Celeste, simbolo di fede e protezione, con un significato speciale, per coloro che cercano una connessione spirituale.","breadcrumb":{"@id":"https:\/\/joyasyasmin.com\/it\/producto\/bracciale-vergine-miracolosa-celeste\/#breadcrumb"},"inLanguage":"it-IT","potentialAction":[{"@type":"ReadAction","target":["https:\/\/joyasyasmin.com\/it\/producto\/bracciale-vergine-miracolosa-celeste\/"]}]},{"@type":"ImageObject","inLanguage":"it-IT","@id":"https:\/\/joyasyasmin.com\/it\/producto\/bracciale-vergine-miracolosa-celeste\/#primaryimage","url":"https:\/\/joyasyasmin.com\/wp-content\/uploads\/2024\/05\/pulsera-virgen-milagrosa-circonita-plata.jpg","contentUrl":"https:\/\/joyasyasmin.com\/wp-content\/uploads\/2024\/05\/pulsera-virgen-milagrosa-circonita-plata.jpg","width":1000,"height":1000,"caption":"Vendita di Bracciale Vergine Miracolosa con Zirconi in Argento Sterling 925"},{"@type":"BreadcrumbList","@id":"https:\/\/joyasyasmin.com\/it\/producto\/bracciale-vergine-miracolosa-celeste\/#breadcrumb","itemListElement":[{"@type":"ListItem","position":1,"name":"Portada","item":"https:\/\/joyasyasmin.com\/it\/casa\/"},{"@type":"ListItem","position":2,"name":"Negozio","item":"https:\/\/joyasyasmin.com\/it\/negozio\/"},{"@type":"ListItem","position":3,"name":"Bracciale Vergine Miracolosa Celeste"}]},{"@type":"WebSite","@id":"https:\/\/joyasyasmin.com\/it\/#website","url":"https:\/\/joyasyasmin.com\/it\/","name":"Yasmin","description":"Joyer\u00eda de Plata 925 - Pendientes, pulseras, anillos, colgantes y m\u00e1s!","publisher":{"@id":"https:\/\/joyasyasmin.com\/it\/#organization"},"potentialAction":[{"@type":"SearchAction","target":{"@type":"EntryPoint","urlTemplate":"https:\/\/joyasyasmin.com\/it\/?s={search_term_string}"},"query-input":{"@type":"PropertyValueSpecification","valueRequired":true,"valueName":"search_term_string"}}],"inLanguage":"it-IT"},{"@type":"Organization","@id":"https:\/\/joyasyasmin.com\/it\/#organization","name":"joyas yasmin","url":"https:\/\/joyasyasmin.com\/it\/","logo":{"@type":"ImageObject","inLanguage":"it-IT","@id":"https:\/\/joyasyasmin.com\/it\/#\/schema\/logo\/image\/","url":"https:\/\/joyasyasmin.com\/wp-content\/uploads\/2017\/06\/IMG-20200429-WA0051.jpg","contentUrl":"https:\/\/joyasyasmin.com\/wp-content\/uploads\/2017\/06\/IMG-20200429-WA0051.jpg","width":1080,"height":545,"caption":"joyas yasmin"},"image":{"@id":"https:\/\/joyasyasmin.com\/it\/#\/schema\/logo\/image\/"},"sameAs":["https:\/\/www.facebook.com\/Joyas-Yasmin-217664058934169\/","https:\/\/www.instagram.com\/invites\/contact\/"]}]}},"_links":{"self":[{"href":"https:\/\/joyasyasmin.com\/it\/wp-json\/wp\/v2\/product\/21900","targetHints":{"allow":["GET"]}}],"collection":[{"href":"https:\/\/joyasyasmin.com\/it\/wp-json\/wp\/v2\/product"}],"about":[{"href":"https:\/\/joyasyasmin.com\/it\/wp-json\/wp\/v2\/types\/product"}],"replies":[{"embeddable":true,"href":"https:\/\/joyasyasmin.com\/it\/wp-json\/wp\/v2\/comments?post=21900"}],"version-history":[{"count":1,"href":"https:\/\/joyasyasmin.com\/it\/wp-json\/wp\/v2\/product\/21900\/revisions"}],"predecessor-version":[{"id":34549,"href":"https:\/\/joyasyasmin.com\/it\/wp-json\/wp\/v2\/product\/21900\/revisions\/34549"}],"wp:featuredmedia":[{"embeddable":true,"href":"https:\/\/joyasyasmin.com\/it\/wp-json\/wp\/v2\/media\/18264"}],"wp:attachment":[{"href":"https:\/\/joyasyasmin.com\/it\/wp-json\/wp\/v2\/media?parent=21900"}],"wp:term":[{"taxonomy":"product_brand","embeddable":true,"href":"https:\/\/joyasyasmin.com\/it\/wp-json\/wp\/v2\/product_brand?post=21900"},{"taxonomy":"product_cat","embeddable":true,"href":"https:\/\/joyasyasmin.com\/it\/wp-json\/wp\/v2\/product_cat?post=21900"},{"taxonomy":"product_tag","embeddable":true,"href":"https:\/\/joyasyasmin.com\/it\/wp-json\/wp\/v2\/product_tag?post=21900"}],"curies":[{"name":"wp","href":"https:\/\/api.w.org\/{rel}","templated":true}]}}