{"id":22612,"date":"2023-09-26T20:18:39","date_gmt":"2023-09-26T20:18:39","guid":{"rendered":"https:\/\/joyasyasmin.com\/producto\/virgen-del-rocio-design-coreano\/"},"modified":"2025-11-10T11:35:02","modified_gmt":"2025-11-10T11:35:02","slug":"virgen-del-rocio-design-coreano","status":"publish","type":"product","link":"https:\/\/joyasyasmin.com\/it\/producto\/virgen-del-rocio-design-coreano\/","title":{"rendered":"Virgen del Roc\u00edo design coreano"},"content":{"rendered":"","protected":false},"excerpt":{"rendered":"<p>Scopri la bellezza e la spiritualit\u00e0 con il bracciale dal design coreano Virgen del Roc\u00edo in un accessorio in argento sterling 925. Questo squisito bracciale combina l&#8217;eleganza della Virgen del Roc\u00edo con il fascino del design coreano, creando un pezzo unico che ti accompagner\u00e0 in ogni momento della tua vita. <\/p>\n<p><strong>Dettagli del bracciale:<\/strong><\/p>\n<ul>\n<li>Materiale: Argento Sterling 925<\/li>\n<li>Misura ciondolo: 15 mm<\/li>\n<li>Lunghezza bracciale: 17 cm + 3 cm Extender<\/li>\n<li>Design: Il bracciale presenta una delicata rappresentazione della Virgen del Roc\u00edo, simbolo di devozione e protezione. Il design coreano della catena aggiunge un tocco di moda contemporanea e versatilit\u00e0. <\/li>\n<\/ul>\n","protected":false},"featured_media":17782,"comment_status":"open","ping_status":"closed","template":"","meta":{"_acf_changed":false,"_joinchat":[]},"product_brand":[],"product_cat":[1784],"product_tag":[2482,2481],"class_list":{"0":"post-22612","1":"product","2":"type-product","3":"status-publish","4":"has-post-thumbnail","6":"product_cat-bracciali","7":"product_tag-bracciale-della-vergine-di-el-rocio-in-argento","8":"product_tag-bracciale-virgen-del-rocio-design-coreano","10":"first","11":"instock","12":"shipping-taxable","13":"purchasable","14":"product-type-simple"},"acf":[],"yoast_head":"<!-- This site is optimized with the Yoast SEO plugin v27.2 - https:\/\/yoast.com\/product\/yoast-seo-wordpress\/ -->\n<title>Virgen del Roc\u00edo design coreano - Yasmin<\/title>\n<meta name=\"description\" content=\"Il bracciale di design coreano Virgen del Roc\u00edo \u00e8 un accessorio in argento sterling 925, lungo 17 +3 cm, combina eleganza e stile con questo bellissimo gioiello.\" \/>\n<meta name=\"robots\" content=\"index, follow, max-snippet:-1, max-image-preview:large, max-video-preview:-1\" \/>\n<link rel=\"canonical\" href=\"https:\/\/joyasyasmin.com\/it\/producto\/virgen-del-rocio-design-coreano\/\" \/>\n<meta property=\"og:locale\" content=\"it_IT\" \/>\n<meta property=\"og:title\" content=\"Virgen del Roc\u00edo design coreano - Yasmin\" \/>\n<meta property=\"og:description\" content=\"Il bracciale di design coreano Virgen del Roc\u00edo \u00e8 un accessorio in argento sterling 925, lungo 17 +3 cm, combina eleganza e stile con questo bellissimo gioiello.\" \/>\n<meta property=\"og:url\" content=\"https:\/\/joyasyasmin.com\/it\/producto\/virgen-del-rocio-design-coreano\/\" \/>\n<meta property=\"og:site_name\" content=\"Yasmin\" \/>\n<meta property=\"article:publisher\" content=\"https:\/\/www.facebook.com\/Joyas-Yasmin-217664058934169\/\" \/>\n<meta property=\"article:modified_time\" content=\"2025-11-10T11:35:02+00:00\" \/>\n<meta property=\"og:image\" content=\"https:\/\/joyasyasmin.com\/wp-content\/uploads\/2023\/09\/pulsera-virgen-del-rocio-coreana.jpg\" \/>\n\t<meta property=\"og:image:width\" content=\"1000\" \/>\n\t<meta property=\"og:image:height\" content=\"1000\" \/>\n\t<meta property=\"og:image:type\" content=\"image\/jpeg\" \/>\n<meta name=\"twitter:card\" content=\"summary_large_image\" \/>\n<script type=\"application\/ld+json\" class=\"yoast-schema-graph\">{\"@context\":\"https:\/\/schema.org\",\"@graph\":[{\"@type\":[\"WebPage\",\"ItemPage\"],\"@id\":\"https:\/\/joyasyasmin.com\/it\/producto\/virgen-del-rocio-design-coreano\/\",\"url\":\"https:\/\/joyasyasmin.com\/it\/producto\/virgen-del-rocio-design-coreano\/\",\"name\":\"Virgen del Roc\u00edo design coreano - Yasmin\",\"isPartOf\":{\"@id\":\"https:\/\/joyasyasmin.com\/it\/#website\"},\"primaryImageOfPage\":{\"@id\":\"https:\/\/joyasyasmin.com\/it\/producto\/virgen-del-rocio-design-coreano\/#primaryimage\"},\"image\":{\"@id\":\"https:\/\/joyasyasmin.com\/it\/producto\/virgen-del-rocio-design-coreano\/#primaryimage\"},\"thumbnailUrl\":\"https:\/\/joyasyasmin.com\/wp-content\/uploads\/2023\/09\/pulsera-virgen-del-rocio-coreana.jpg\",\"datePublished\":\"2023-09-26T20:18:39+00:00\",\"dateModified\":\"2025-11-10T11:35:02+00:00\",\"description\":\"Il bracciale di design coreano Virgen del Roc\u00edo \u00e8 un accessorio in argento sterling 925, lungo 17 +3 cm, combina eleganza e stile con questo bellissimo gioiello.\",\"breadcrumb\":{\"@id\":\"https:\/\/joyasyasmin.com\/it\/producto\/virgen-del-rocio-design-coreano\/#breadcrumb\"},\"inLanguage\":\"it-IT\",\"potentialAction\":[{\"@type\":\"ReadAction\",\"target\":[\"https:\/\/joyasyasmin.com\/it\/producto\/virgen-del-rocio-design-coreano\/\"]}]},{\"@type\":\"ImageObject\",\"inLanguage\":\"it-IT\",\"@id\":\"https:\/\/joyasyasmin.com\/it\/producto\/virgen-del-rocio-design-coreano\/#primaryimage\",\"url\":\"https:\/\/joyasyasmin.com\/wp-content\/uploads\/2023\/09\/pulsera-virgen-del-rocio-coreana.jpg\",\"contentUrl\":\"https:\/\/joyasyasmin.com\/wp-content\/uploads\/2023\/09\/pulsera-virgen-del-rocio-coreana.jpg\",\"width\":1000,\"height\":1000,\"caption\":\"Vendita di bracciale coreano Virgen del Roc\u00edo realizzato in argento sterling 925 e lungo 19 cm\"},{\"@type\":\"BreadcrumbList\",\"@id\":\"https:\/\/joyasyasmin.com\/it\/producto\/virgen-del-rocio-design-coreano\/#breadcrumb\",\"itemListElement\":[{\"@type\":\"ListItem\",\"position\":1,\"name\":\"Portada\",\"item\":\"https:\/\/joyasyasmin.com\/it\/casa\/\"},{\"@type\":\"ListItem\",\"position\":2,\"name\":\"Negozio\",\"item\":\"https:\/\/joyasyasmin.com\/it\/negozio\/\"},{\"@type\":\"ListItem\",\"position\":3,\"name\":\"Virgen del Roc\u00edo design coreano\"}]},{\"@type\":\"WebSite\",\"@id\":\"https:\/\/joyasyasmin.com\/it\/#website\",\"url\":\"https:\/\/joyasyasmin.com\/it\/\",\"name\":\"Yasmin\",\"description\":\"Joyer\u00eda de Plata 925 - Pendientes, pulseras, anillos, colgantes y m\u00e1s!\",\"publisher\":{\"@id\":\"https:\/\/joyasyasmin.com\/it\/#organization\"},\"potentialAction\":[{\"@type\":\"SearchAction\",\"target\":{\"@type\":\"EntryPoint\",\"urlTemplate\":\"https:\/\/joyasyasmin.com\/it\/?s={search_term_string}\"},\"query-input\":{\"@type\":\"PropertyValueSpecification\",\"valueRequired\":true,\"valueName\":\"search_term_string\"}}],\"inLanguage\":\"it-IT\"},{\"@type\":\"Organization\",\"@id\":\"https:\/\/joyasyasmin.com\/it\/#organization\",\"name\":\"joyas yasmin\",\"url\":\"https:\/\/joyasyasmin.com\/it\/\",\"logo\":{\"@type\":\"ImageObject\",\"inLanguage\":\"it-IT\",\"@id\":\"https:\/\/joyasyasmin.com\/it\/#\/schema\/logo\/image\/\",\"url\":\"https:\/\/joyasyasmin.com\/wp-content\/uploads\/2017\/06\/IMG-20200429-WA0051.jpg\",\"contentUrl\":\"https:\/\/joyasyasmin.com\/wp-content\/uploads\/2017\/06\/IMG-20200429-WA0051.jpg\",\"width\":1080,\"height\":545,\"caption\":\"joyas yasmin\"},\"image\":{\"@id\":\"https:\/\/joyasyasmin.com\/it\/#\/schema\/logo\/image\/\"},\"sameAs\":[\"https:\/\/www.facebook.com\/Joyas-Yasmin-217664058934169\/\",\"https:\/\/www.instagram.com\/invites\/contact\/\"]}]}<\/script>\n<!-- \/ Yoast SEO plugin. -->","yoast_head_json":{"title":"Virgen del Roc\u00edo design coreano - Yasmin","description":"Il bracciale di design coreano Virgen del Roc\u00edo \u00e8 un accessorio in argento sterling 925, lungo 17 +3 cm, combina eleganza e stile con questo bellissimo gioiello.","robots":{"index":"index","follow":"follow","max-snippet":"max-snippet:-1","max-image-preview":"max-image-preview:large","max-video-preview":"max-video-preview:-1"},"canonical":"https:\/\/joyasyasmin.com\/it\/producto\/virgen-del-rocio-design-coreano\/","og_locale":"it_IT","og_title":"Virgen del Roc\u00edo design coreano - Yasmin","og_description":"Il bracciale di design coreano Virgen del Roc\u00edo \u00e8 un accessorio in argento sterling 925, lungo 17 +3 cm, combina eleganza e stile con questo bellissimo gioiello.","og_url":"https:\/\/joyasyasmin.com\/it\/producto\/virgen-del-rocio-design-coreano\/","og_site_name":"Yasmin","article_publisher":"https:\/\/www.facebook.com\/Joyas-Yasmin-217664058934169\/","article_modified_time":"2025-11-10T11:35:02+00:00","og_image":[{"width":1000,"height":1000,"url":"https:\/\/joyasyasmin.com\/wp-content\/uploads\/2023\/09\/pulsera-virgen-del-rocio-coreana.jpg","type":"image\/jpeg"}],"twitter_card":"summary_large_image","schema":{"@context":"https:\/\/schema.org","@graph":[{"@type":["WebPage","ItemPage"],"@id":"https:\/\/joyasyasmin.com\/it\/producto\/virgen-del-rocio-design-coreano\/","url":"https:\/\/joyasyasmin.com\/it\/producto\/virgen-del-rocio-design-coreano\/","name":"Virgen del Roc\u00edo design coreano - Yasmin","isPartOf":{"@id":"https:\/\/joyasyasmin.com\/it\/#website"},"primaryImageOfPage":{"@id":"https:\/\/joyasyasmin.com\/it\/producto\/virgen-del-rocio-design-coreano\/#primaryimage"},"image":{"@id":"https:\/\/joyasyasmin.com\/it\/producto\/virgen-del-rocio-design-coreano\/#primaryimage"},"thumbnailUrl":"https:\/\/joyasyasmin.com\/wp-content\/uploads\/2023\/09\/pulsera-virgen-del-rocio-coreana.jpg","datePublished":"2023-09-26T20:18:39+00:00","dateModified":"2025-11-10T11:35:02+00:00","description":"Il bracciale di design coreano Virgen del Roc\u00edo \u00e8 un accessorio in argento sterling 925, lungo 17 +3 cm, combina eleganza e stile con questo bellissimo gioiello.","breadcrumb":{"@id":"https:\/\/joyasyasmin.com\/it\/producto\/virgen-del-rocio-design-coreano\/#breadcrumb"},"inLanguage":"it-IT","potentialAction":[{"@type":"ReadAction","target":["https:\/\/joyasyasmin.com\/it\/producto\/virgen-del-rocio-design-coreano\/"]}]},{"@type":"ImageObject","inLanguage":"it-IT","@id":"https:\/\/joyasyasmin.com\/it\/producto\/virgen-del-rocio-design-coreano\/#primaryimage","url":"https:\/\/joyasyasmin.com\/wp-content\/uploads\/2023\/09\/pulsera-virgen-del-rocio-coreana.jpg","contentUrl":"https:\/\/joyasyasmin.com\/wp-content\/uploads\/2023\/09\/pulsera-virgen-del-rocio-coreana.jpg","width":1000,"height":1000,"caption":"Vendita di bracciale coreano Virgen del Roc\u00edo realizzato in argento sterling 925 e lungo 19 cm"},{"@type":"BreadcrumbList","@id":"https:\/\/joyasyasmin.com\/it\/producto\/virgen-del-rocio-design-coreano\/#breadcrumb","itemListElement":[{"@type":"ListItem","position":1,"name":"Portada","item":"https:\/\/joyasyasmin.com\/it\/casa\/"},{"@type":"ListItem","position":2,"name":"Negozio","item":"https:\/\/joyasyasmin.com\/it\/negozio\/"},{"@type":"ListItem","position":3,"name":"Virgen del Roc\u00edo design coreano"}]},{"@type":"WebSite","@id":"https:\/\/joyasyasmin.com\/it\/#website","url":"https:\/\/joyasyasmin.com\/it\/","name":"Yasmin","description":"Joyer\u00eda de Plata 925 - Pendientes, pulseras, anillos, colgantes y m\u00e1s!","publisher":{"@id":"https:\/\/joyasyasmin.com\/it\/#organization"},"potentialAction":[{"@type":"SearchAction","target":{"@type":"EntryPoint","urlTemplate":"https:\/\/joyasyasmin.com\/it\/?s={search_term_string}"},"query-input":{"@type":"PropertyValueSpecification","valueRequired":true,"valueName":"search_term_string"}}],"inLanguage":"it-IT"},{"@type":"Organization","@id":"https:\/\/joyasyasmin.com\/it\/#organization","name":"joyas yasmin","url":"https:\/\/joyasyasmin.com\/it\/","logo":{"@type":"ImageObject","inLanguage":"it-IT","@id":"https:\/\/joyasyasmin.com\/it\/#\/schema\/logo\/image\/","url":"https:\/\/joyasyasmin.com\/wp-content\/uploads\/2017\/06\/IMG-20200429-WA0051.jpg","contentUrl":"https:\/\/joyasyasmin.com\/wp-content\/uploads\/2017\/06\/IMG-20200429-WA0051.jpg","width":1080,"height":545,"caption":"joyas yasmin"},"image":{"@id":"https:\/\/joyasyasmin.com\/it\/#\/schema\/logo\/image\/"},"sameAs":["https:\/\/www.facebook.com\/Joyas-Yasmin-217664058934169\/","https:\/\/www.instagram.com\/invites\/contact\/"]}]}},"_links":{"self":[{"href":"https:\/\/joyasyasmin.com\/it\/wp-json\/wp\/v2\/product\/22612","targetHints":{"allow":["GET"]}}],"collection":[{"href":"https:\/\/joyasyasmin.com\/it\/wp-json\/wp\/v2\/product"}],"about":[{"href":"https:\/\/joyasyasmin.com\/it\/wp-json\/wp\/v2\/types\/product"}],"replies":[{"embeddable":true,"href":"https:\/\/joyasyasmin.com\/it\/wp-json\/wp\/v2\/comments?post=22612"}],"version-history":[{"count":1,"href":"https:\/\/joyasyasmin.com\/it\/wp-json\/wp\/v2\/product\/22612\/revisions"}],"predecessor-version":[{"id":35841,"href":"https:\/\/joyasyasmin.com\/it\/wp-json\/wp\/v2\/product\/22612\/revisions\/35841"}],"wp:featuredmedia":[{"embeddable":true,"href":"https:\/\/joyasyasmin.com\/it\/wp-json\/wp\/v2\/media\/17782"}],"wp:attachment":[{"href":"https:\/\/joyasyasmin.com\/it\/wp-json\/wp\/v2\/media?parent=22612"}],"wp:term":[{"taxonomy":"product_brand","embeddable":true,"href":"https:\/\/joyasyasmin.com\/it\/wp-json\/wp\/v2\/product_brand?post=22612"},{"taxonomy":"product_cat","embeddable":true,"href":"https:\/\/joyasyasmin.com\/it\/wp-json\/wp\/v2\/product_cat?post=22612"},{"taxonomy":"product_tag","embeddable":true,"href":"https:\/\/joyasyasmin.com\/it\/wp-json\/wp\/v2\/product_tag?post=22612"}],"curies":[{"name":"wp","href":"https:\/\/api.w.org\/{rel}","templated":true}]}}