{"id":22758,"date":"2023-11-05T12:49:45","date_gmt":"2023-11-05T12:49:45","guid":{"rendered":"https:\/\/joyasyasmin.com\/producto\/bracciale-con-nodo-della-strega\/"},"modified":"2026-01-02T10:20:50","modified_gmt":"2026-01-02T10:20:50","slug":"bracciale-con-nodo-della-strega","status":"publish","type":"product","link":"https:\/\/joyasyasmin.com\/it\/producto\/bracciale-con-nodo-della-strega\/","title":{"rendered":"Bracciale con Nodo della Strega"},"content":{"rendered":"","protected":false},"excerpt":{"rendered":"<p>Scopri il nostro squisito braccialetto con nodo da strega, un accessorio affascinante che combina stile e significato in un design unico. Questo bracciale \u00e8 meticolosamente realizzato con un intricato nodo da strega di 15 mm, che dona un tocco di eleganza al tuo polso.<\/p>\n<p>Il nodo della strega, accuratamente intrecciato con filo di argento sterling 925 di alta qualit\u00e0 con uno spessore di 2 mm, garantisce durata e resistenza. Il bracciale coreano ha una lunghezza di 17 cm, con un&#8217;estensione di 3 cm per adattarsi comodamente alle diverse dimensioni del polso, offrendo versatilit\u00e0 e comfort a chi lo indossa.<\/p>\n","protected":false},"featured_media":17850,"comment_status":"open","ping_status":"closed","template":"","meta":{"_acf_changed":false,"_joinchat":[]},"product_brand":[],"product_cat":[1784],"product_tag":[2558,2559],"class_list":{"0":"post-22758","1":"product","2":"type-product","3":"status-publish","4":"has-post-thumbnail","6":"product_cat-bracciali","7":"product_tag-bracciale-nodo-strega-it","8":"product_tag-bracciale-nodo-strega-dargento","10":"first","11":"instock","12":"shipping-taxable","13":"purchasable","14":"product-type-simple"},"acf":[],"yoast_head":"<!-- This site is optimized with the Yoast SEO plugin v27.2 - https:\/\/yoast.com\/product\/yoast-seo-wordpress\/ -->\n<title>Bracciale con Nodo della Strega - Yasmin<\/title>\n<meta name=\"description\" content=\"Il bracciale Witch&#039;s Knot \u00e8 un gioiello in argento sterling 925, con questo simbolo porterai protezione e spiritualit\u00e0, la sua lunghezza \u00e8 di 17 + 3 cm.\" \/>\n<meta name=\"robots\" content=\"index, follow, max-snippet:-1, max-image-preview:large, max-video-preview:-1\" \/>\n<link rel=\"canonical\" href=\"https:\/\/joyasyasmin.com\/it\/producto\/bracciale-con-nodo-della-strega\/\" \/>\n<meta property=\"og:locale\" content=\"it_IT\" \/>\n<meta property=\"og:title\" content=\"Bracciale con Nodo della Strega - Yasmin\" \/>\n<meta property=\"og:description\" content=\"Il bracciale Witch&#039;s Knot \u00e8 un gioiello in argento sterling 925, con questo simbolo porterai protezione e spiritualit\u00e0, la sua lunghezza \u00e8 di 17 + 3 cm.\" \/>\n<meta property=\"og:url\" content=\"https:\/\/joyasyasmin.com\/it\/producto\/bracciale-con-nodo-della-strega\/\" \/>\n<meta property=\"og:site_name\" content=\"Yasmin\" \/>\n<meta property=\"article:publisher\" content=\"https:\/\/www.facebook.com\/Joyas-Yasmin-217664058934169\/\" \/>\n<meta property=\"article:modified_time\" content=\"2026-01-02T10:20:50+00:00\" \/>\n<meta property=\"og:image\" content=\"https:\/\/joyasyasmin.com\/wp-content\/uploads\/2023\/11\/pulsera-nudo-de-bruja-de-plata-925.jpg\" \/>\n\t<meta property=\"og:image:width\" content=\"1000\" \/>\n\t<meta property=\"og:image:height\" content=\"1000\" \/>\n\t<meta property=\"og:image:type\" content=\"image\/jpeg\" \/>\n<meta name=\"twitter:card\" content=\"summary_large_image\" \/>\n<script type=\"application\/ld+json\" class=\"yoast-schema-graph\">{\"@context\":\"https:\/\/schema.org\",\"@graph\":[{\"@type\":[\"WebPage\",\"ItemPage\"],\"@id\":\"https:\/\/joyasyasmin.com\/it\/producto\/bracciale-con-nodo-della-strega\/\",\"url\":\"https:\/\/joyasyasmin.com\/it\/producto\/bracciale-con-nodo-della-strega\/\",\"name\":\"Bracciale con Nodo della Strega - Yasmin\",\"isPartOf\":{\"@id\":\"https:\/\/joyasyasmin.com\/it\/#website\"},\"primaryImageOfPage\":{\"@id\":\"https:\/\/joyasyasmin.com\/it\/producto\/bracciale-con-nodo-della-strega\/#primaryimage\"},\"image\":{\"@id\":\"https:\/\/joyasyasmin.com\/it\/producto\/bracciale-con-nodo-della-strega\/#primaryimage\"},\"thumbnailUrl\":\"https:\/\/joyasyasmin.com\/wp-content\/uploads\/2023\/11\/pulsera-nudo-de-bruja-de-plata-925.jpg\",\"datePublished\":\"2023-11-05T12:49:45+00:00\",\"dateModified\":\"2026-01-02T10:20:50+00:00\",\"description\":\"Il bracciale Witch's Knot \u00e8 un gioiello in argento sterling 925, con questo simbolo porterai protezione e spiritualit\u00e0, la sua lunghezza \u00e8 di 17 + 3 cm.\",\"breadcrumb\":{\"@id\":\"https:\/\/joyasyasmin.com\/it\/producto\/bracciale-con-nodo-della-strega\/#breadcrumb\"},\"inLanguage\":\"it-IT\",\"potentialAction\":[{\"@type\":\"ReadAction\",\"target\":[\"https:\/\/joyasyasmin.com\/it\/producto\/bracciale-con-nodo-della-strega\/\"]}]},{\"@type\":\"ImageObject\",\"inLanguage\":\"it-IT\",\"@id\":\"https:\/\/joyasyasmin.com\/it\/producto\/bracciale-con-nodo-della-strega\/#primaryimage\",\"url\":\"https:\/\/joyasyasmin.com\/wp-content\/uploads\/2023\/11\/pulsera-nudo-de-bruja-de-plata-925.jpg\",\"contentUrl\":\"https:\/\/joyasyasmin.com\/wp-content\/uploads\/2023\/11\/pulsera-nudo-de-bruja-de-plata-925.jpg\",\"width\":1000,\"height\":1000,\"caption\":\"925 Bracciale con nodo strega in argento in vendita, la sua lunghezza 17 + 3 cm\"},{\"@type\":\"BreadcrumbList\",\"@id\":\"https:\/\/joyasyasmin.com\/it\/producto\/bracciale-con-nodo-della-strega\/#breadcrumb\",\"itemListElement\":[{\"@type\":\"ListItem\",\"position\":1,\"name\":\"Portada\",\"item\":\"https:\/\/joyasyasmin.com\/it\/casa\/\"},{\"@type\":\"ListItem\",\"position\":2,\"name\":\"Negozio\",\"item\":\"https:\/\/joyasyasmin.com\/it\/negozio\/\"},{\"@type\":\"ListItem\",\"position\":3,\"name\":\"Bracciale con Nodo della Strega\"}]},{\"@type\":\"WebSite\",\"@id\":\"https:\/\/joyasyasmin.com\/it\/#website\",\"url\":\"https:\/\/joyasyasmin.com\/it\/\",\"name\":\"Yasmin\",\"description\":\"Joyer\u00eda de Plata 925 - Pendientes, pulseras, anillos, colgantes y m\u00e1s!\",\"publisher\":{\"@id\":\"https:\/\/joyasyasmin.com\/it\/#organization\"},\"potentialAction\":[{\"@type\":\"SearchAction\",\"target\":{\"@type\":\"EntryPoint\",\"urlTemplate\":\"https:\/\/joyasyasmin.com\/it\/?s={search_term_string}\"},\"query-input\":{\"@type\":\"PropertyValueSpecification\",\"valueRequired\":true,\"valueName\":\"search_term_string\"}}],\"inLanguage\":\"it-IT\"},{\"@type\":\"Organization\",\"@id\":\"https:\/\/joyasyasmin.com\/it\/#organization\",\"name\":\"joyas yasmin\",\"url\":\"https:\/\/joyasyasmin.com\/it\/\",\"logo\":{\"@type\":\"ImageObject\",\"inLanguage\":\"it-IT\",\"@id\":\"https:\/\/joyasyasmin.com\/it\/#\/schema\/logo\/image\/\",\"url\":\"https:\/\/joyasyasmin.com\/wp-content\/uploads\/2017\/06\/IMG-20200429-WA0051.jpg\",\"contentUrl\":\"https:\/\/joyasyasmin.com\/wp-content\/uploads\/2017\/06\/IMG-20200429-WA0051.jpg\",\"width\":1080,\"height\":545,\"caption\":\"joyas yasmin\"},\"image\":{\"@id\":\"https:\/\/joyasyasmin.com\/it\/#\/schema\/logo\/image\/\"},\"sameAs\":[\"https:\/\/www.facebook.com\/Joyas-Yasmin-217664058934169\/\",\"https:\/\/www.instagram.com\/invites\/contact\/\"]}]}<\/script>\n<!-- \/ Yoast SEO plugin. -->","yoast_head_json":{"title":"Bracciale con Nodo della Strega - Yasmin","description":"Il bracciale Witch's Knot \u00e8 un gioiello in argento sterling 925, con questo simbolo porterai protezione e spiritualit\u00e0, la sua lunghezza \u00e8 di 17 + 3 cm.","robots":{"index":"index","follow":"follow","max-snippet":"max-snippet:-1","max-image-preview":"max-image-preview:large","max-video-preview":"max-video-preview:-1"},"canonical":"https:\/\/joyasyasmin.com\/it\/producto\/bracciale-con-nodo-della-strega\/","og_locale":"it_IT","og_title":"Bracciale con Nodo della Strega - Yasmin","og_description":"Il bracciale Witch's Knot \u00e8 un gioiello in argento sterling 925, con questo simbolo porterai protezione e spiritualit\u00e0, la sua lunghezza \u00e8 di 17 + 3 cm.","og_url":"https:\/\/joyasyasmin.com\/it\/producto\/bracciale-con-nodo-della-strega\/","og_site_name":"Yasmin","article_publisher":"https:\/\/www.facebook.com\/Joyas-Yasmin-217664058934169\/","article_modified_time":"2026-01-02T10:20:50+00:00","og_image":[{"width":1000,"height":1000,"url":"https:\/\/joyasyasmin.com\/wp-content\/uploads\/2023\/11\/pulsera-nudo-de-bruja-de-plata-925.jpg","type":"image\/jpeg"}],"twitter_card":"summary_large_image","schema":{"@context":"https:\/\/schema.org","@graph":[{"@type":["WebPage","ItemPage"],"@id":"https:\/\/joyasyasmin.com\/it\/producto\/bracciale-con-nodo-della-strega\/","url":"https:\/\/joyasyasmin.com\/it\/producto\/bracciale-con-nodo-della-strega\/","name":"Bracciale con Nodo della Strega - Yasmin","isPartOf":{"@id":"https:\/\/joyasyasmin.com\/it\/#website"},"primaryImageOfPage":{"@id":"https:\/\/joyasyasmin.com\/it\/producto\/bracciale-con-nodo-della-strega\/#primaryimage"},"image":{"@id":"https:\/\/joyasyasmin.com\/it\/producto\/bracciale-con-nodo-della-strega\/#primaryimage"},"thumbnailUrl":"https:\/\/joyasyasmin.com\/wp-content\/uploads\/2023\/11\/pulsera-nudo-de-bruja-de-plata-925.jpg","datePublished":"2023-11-05T12:49:45+00:00","dateModified":"2026-01-02T10:20:50+00:00","description":"Il bracciale Witch's Knot \u00e8 un gioiello in argento sterling 925, con questo simbolo porterai protezione e spiritualit\u00e0, la sua lunghezza \u00e8 di 17 + 3 cm.","breadcrumb":{"@id":"https:\/\/joyasyasmin.com\/it\/producto\/bracciale-con-nodo-della-strega\/#breadcrumb"},"inLanguage":"it-IT","potentialAction":[{"@type":"ReadAction","target":["https:\/\/joyasyasmin.com\/it\/producto\/bracciale-con-nodo-della-strega\/"]}]},{"@type":"ImageObject","inLanguage":"it-IT","@id":"https:\/\/joyasyasmin.com\/it\/producto\/bracciale-con-nodo-della-strega\/#primaryimage","url":"https:\/\/joyasyasmin.com\/wp-content\/uploads\/2023\/11\/pulsera-nudo-de-bruja-de-plata-925.jpg","contentUrl":"https:\/\/joyasyasmin.com\/wp-content\/uploads\/2023\/11\/pulsera-nudo-de-bruja-de-plata-925.jpg","width":1000,"height":1000,"caption":"925 Bracciale con nodo strega in argento in vendita, la sua lunghezza 17 + 3 cm"},{"@type":"BreadcrumbList","@id":"https:\/\/joyasyasmin.com\/it\/producto\/bracciale-con-nodo-della-strega\/#breadcrumb","itemListElement":[{"@type":"ListItem","position":1,"name":"Portada","item":"https:\/\/joyasyasmin.com\/it\/casa\/"},{"@type":"ListItem","position":2,"name":"Negozio","item":"https:\/\/joyasyasmin.com\/it\/negozio\/"},{"@type":"ListItem","position":3,"name":"Bracciale con Nodo della Strega"}]},{"@type":"WebSite","@id":"https:\/\/joyasyasmin.com\/it\/#website","url":"https:\/\/joyasyasmin.com\/it\/","name":"Yasmin","description":"Joyer\u00eda de Plata 925 - Pendientes, pulseras, anillos, colgantes y m\u00e1s!","publisher":{"@id":"https:\/\/joyasyasmin.com\/it\/#organization"},"potentialAction":[{"@type":"SearchAction","target":{"@type":"EntryPoint","urlTemplate":"https:\/\/joyasyasmin.com\/it\/?s={search_term_string}"},"query-input":{"@type":"PropertyValueSpecification","valueRequired":true,"valueName":"search_term_string"}}],"inLanguage":"it-IT"},{"@type":"Organization","@id":"https:\/\/joyasyasmin.com\/it\/#organization","name":"joyas yasmin","url":"https:\/\/joyasyasmin.com\/it\/","logo":{"@type":"ImageObject","inLanguage":"it-IT","@id":"https:\/\/joyasyasmin.com\/it\/#\/schema\/logo\/image\/","url":"https:\/\/joyasyasmin.com\/wp-content\/uploads\/2017\/06\/IMG-20200429-WA0051.jpg","contentUrl":"https:\/\/joyasyasmin.com\/wp-content\/uploads\/2017\/06\/IMG-20200429-WA0051.jpg","width":1080,"height":545,"caption":"joyas yasmin"},"image":{"@id":"https:\/\/joyasyasmin.com\/it\/#\/schema\/logo\/image\/"},"sameAs":["https:\/\/www.facebook.com\/Joyas-Yasmin-217664058934169\/","https:\/\/www.instagram.com\/invites\/contact\/"]}]}},"_links":{"self":[{"href":"https:\/\/joyasyasmin.com\/it\/wp-json\/wp\/v2\/product\/22758","targetHints":{"allow":["GET"]}}],"collection":[{"href":"https:\/\/joyasyasmin.com\/it\/wp-json\/wp\/v2\/product"}],"about":[{"href":"https:\/\/joyasyasmin.com\/it\/wp-json\/wp\/v2\/types\/product"}],"replies":[{"embeddable":true,"href":"https:\/\/joyasyasmin.com\/it\/wp-json\/wp\/v2\/comments?post=22758"}],"version-history":[{"count":2,"href":"https:\/\/joyasyasmin.com\/it\/wp-json\/wp\/v2\/product\/22758\/revisions"}],"predecessor-version":[{"id":35865,"href":"https:\/\/joyasyasmin.com\/it\/wp-json\/wp\/v2\/product\/22758\/revisions\/35865"}],"wp:featuredmedia":[{"embeddable":true,"href":"https:\/\/joyasyasmin.com\/it\/wp-json\/wp\/v2\/media\/17850"}],"wp:attachment":[{"href":"https:\/\/joyasyasmin.com\/it\/wp-json\/wp\/v2\/media?parent=22758"}],"wp:term":[{"taxonomy":"product_brand","embeddable":true,"href":"https:\/\/joyasyasmin.com\/it\/wp-json\/wp\/v2\/product_brand?post=22758"},{"taxonomy":"product_cat","embeddable":true,"href":"https:\/\/joyasyasmin.com\/it\/wp-json\/wp\/v2\/product_cat?post=22758"},{"taxonomy":"product_tag","embeddable":true,"href":"https:\/\/joyasyasmin.com\/it\/wp-json\/wp\/v2\/product_tag?post=22758"}],"curies":[{"name":"wp","href":"https:\/\/api.w.org\/{rel}","templated":true}]}}