{"id":23339,"date":"2023-02-07T20:38:56","date_gmt":"2023-02-07T20:38:56","guid":{"rendered":"https:\/\/joyasyasmin.com\/producto\/anello-settimanale\/"},"modified":"2024-11-19T14:47:01","modified_gmt":"2024-11-19T14:47:01","slug":"anello-settimanale","status":"publish","type":"product","link":"https:\/\/joyasyasmin.com\/it\/producto\/anello-settimanale\/","title":{"rendered":"Anello settimanale"},"content":{"rendered":"","protected":false},"excerpt":{"rendered":"<p>Ring Weekly \u00e8 un gioiello realizzato in argento sterling 925, il suo design \u00e8 costituito da sette fedi nuziali di 1 mm di spessore, per una larghezza dell&#8217;anello di 7 mm. Progettato in argento liscio, ci ricorda i sette giorni della settimana o qualcosa che si ripete ogni sette. Nelle scatole che vanno i nostri accessori sono realizzati in cartone riciclato aiutando l&#8217;ambiente.  <\/p>\n","protected":false},"featured_media":17248,"comment_status":"open","ping_status":"closed","template":"","meta":{"_acf_changed":false,"_joinchat":[]},"product_brand":[],"product_cat":[1845],"product_tag":[2820,2821],"class_list":{"0":"post-23339","1":"product","2":"type-product","3":"status-publish","4":"has-post-thumbnail","6":"product_cat-anelli-e-anelli","7":"product_tag-anello-settimanale","8":"product_tag-anello-settimanale-in-argento-sterling-925n","10":"first","11":"instock","12":"shipping-taxable","13":"purchasable","14":"product-type-variable"},"acf":[],"yoast_head":"<!-- This site is optimized with the Yoast SEO plugin v27.2 - https:\/\/yoast.com\/product\/yoast-seo-wordpress\/ -->\n<title>Anello settimanale - Yasmin<\/title>\n<meta name=\"description\" content=\"Weekly Ring \u00e8 un accessorio in argento sterling 925, il suo design che ha sette fedi nuziali sottili da 1 mm, sar\u00e0 l&#039;ideale per qualsiasi dito. Ti piacer\u00e0!\" \/>\n<meta name=\"robots\" content=\"index, follow, max-snippet:-1, max-image-preview:large, max-video-preview:-1\" \/>\n<link rel=\"canonical\" href=\"https:\/\/joyasyasmin.com\/it\/producto\/anello-settimanale\/\" \/>\n<meta property=\"og:locale\" content=\"it_IT\" \/>\n<meta property=\"og:title\" content=\"Anello settimanale - Yasmin\" \/>\n<meta property=\"og:description\" content=\"Weekly Ring \u00e8 un accessorio in argento sterling 925, il suo design che ha sette fedi nuziali sottili da 1 mm, sar\u00e0 l&#039;ideale per qualsiasi dito. Ti piacer\u00e0!\" \/>\n<meta property=\"og:url\" content=\"https:\/\/joyasyasmin.com\/it\/producto\/anello-settimanale\/\" \/>\n<meta property=\"og:site_name\" content=\"Yasmin\" \/>\n<meta property=\"article:publisher\" content=\"https:\/\/www.facebook.com\/Joyas-Yasmin-217664058934169\/\" \/>\n<meta property=\"article:modified_time\" content=\"2024-11-19T14:47:01+00:00\" \/>\n<meta property=\"og:image\" content=\"https:\/\/joyasyasmin.com\/wp-content\/uploads\/2023\/02\/sortija-semanario-plata.jpg\" \/>\n\t<meta property=\"og:image:width\" content=\"1000\" \/>\n\t<meta property=\"og:image:height\" content=\"1000\" \/>\n\t<meta property=\"og:image:type\" content=\"image\/jpeg\" \/>\n<meta name=\"twitter:card\" content=\"summary_large_image\" \/>\n<script type=\"application\/ld+json\" class=\"yoast-schema-graph\">{\"@context\":\"https:\/\/schema.org\",\"@graph\":[{\"@type\":[\"WebPage\",\"ItemPage\"],\"@id\":\"https:\/\/joyasyasmin.com\/it\/producto\/anello-settimanale\/\",\"url\":\"https:\/\/joyasyasmin.com\/it\/producto\/anello-settimanale\/\",\"name\":\"Anello settimanale - Yasmin\",\"isPartOf\":{\"@id\":\"https:\/\/joyasyasmin.com\/it\/#website\"},\"primaryImageOfPage\":{\"@id\":\"https:\/\/joyasyasmin.com\/it\/producto\/anello-settimanale\/#primaryimage\"},\"image\":{\"@id\":\"https:\/\/joyasyasmin.com\/it\/producto\/anello-settimanale\/#primaryimage\"},\"thumbnailUrl\":\"https:\/\/joyasyasmin.com\/wp-content\/uploads\/2023\/02\/sortija-semanario-plata.jpg\",\"datePublished\":\"2023-02-07T20:38:56+00:00\",\"dateModified\":\"2024-11-19T14:47:01+00:00\",\"description\":\"Weekly Ring \u00e8 un accessorio in argento sterling 925, il suo design che ha sette fedi nuziali sottili da 1 mm, sar\u00e0 l'ideale per qualsiasi dito. Ti piacer\u00e0!\",\"breadcrumb\":{\"@id\":\"https:\/\/joyasyasmin.com\/it\/producto\/anello-settimanale\/#breadcrumb\"},\"inLanguage\":\"it-IT\",\"potentialAction\":[{\"@type\":\"ReadAction\",\"target\":[\"https:\/\/joyasyasmin.com\/it\/producto\/anello-settimanale\/\"]}]},{\"@type\":\"ImageObject\",\"inLanguage\":\"it-IT\",\"@id\":\"https:\/\/joyasyasmin.com\/it\/producto\/anello-settimanale\/#primaryimage\",\"url\":\"https:\/\/joyasyasmin.com\/wp-content\/uploads\/2023\/02\/sortija-semanario-plata.jpg\",\"contentUrl\":\"https:\/\/joyasyasmin.com\/wp-content\/uploads\/2023\/02\/sortija-semanario-plata.jpg\",\"width\":1000,\"height\":1000,\"caption\":\"Vendita di Anello Settimanale in Argento Sterling 925\"},{\"@type\":\"BreadcrumbList\",\"@id\":\"https:\/\/joyasyasmin.com\/it\/producto\/anello-settimanale\/#breadcrumb\",\"itemListElement\":[{\"@type\":\"ListItem\",\"position\":1,\"name\":\"Portada\",\"item\":\"https:\/\/joyasyasmin.com\/it\/casa\/\"},{\"@type\":\"ListItem\",\"position\":2,\"name\":\"Negozio\",\"item\":\"https:\/\/joyasyasmin.com\/it\/negozio\/\"},{\"@type\":\"ListItem\",\"position\":3,\"name\":\"Anello settimanale\"}]},{\"@type\":\"WebSite\",\"@id\":\"https:\/\/joyasyasmin.com\/it\/#website\",\"url\":\"https:\/\/joyasyasmin.com\/it\/\",\"name\":\"Yasmin\",\"description\":\"Joyer\u00eda de Plata 925 - Pendientes, pulseras, anillos, colgantes y m\u00e1s!\",\"publisher\":{\"@id\":\"https:\/\/joyasyasmin.com\/it\/#organization\"},\"potentialAction\":[{\"@type\":\"SearchAction\",\"target\":{\"@type\":\"EntryPoint\",\"urlTemplate\":\"https:\/\/joyasyasmin.com\/it\/?s={search_term_string}\"},\"query-input\":{\"@type\":\"PropertyValueSpecification\",\"valueRequired\":true,\"valueName\":\"search_term_string\"}}],\"inLanguage\":\"it-IT\"},{\"@type\":\"Organization\",\"@id\":\"https:\/\/joyasyasmin.com\/it\/#organization\",\"name\":\"joyas yasmin\",\"url\":\"https:\/\/joyasyasmin.com\/it\/\",\"logo\":{\"@type\":\"ImageObject\",\"inLanguage\":\"it-IT\",\"@id\":\"https:\/\/joyasyasmin.com\/it\/#\/schema\/logo\/image\/\",\"url\":\"https:\/\/joyasyasmin.com\/wp-content\/uploads\/2017\/06\/IMG-20200429-WA0051.jpg\",\"contentUrl\":\"https:\/\/joyasyasmin.com\/wp-content\/uploads\/2017\/06\/IMG-20200429-WA0051.jpg\",\"width\":1080,\"height\":545,\"caption\":\"joyas yasmin\"},\"image\":{\"@id\":\"https:\/\/joyasyasmin.com\/it\/#\/schema\/logo\/image\/\"},\"sameAs\":[\"https:\/\/www.facebook.com\/Joyas-Yasmin-217664058934169\/\",\"https:\/\/www.instagram.com\/invites\/contact\/\"]}]}<\/script>\n<!-- \/ Yoast SEO plugin. -->","yoast_head_json":{"title":"Anello settimanale - Yasmin","description":"Weekly Ring \u00e8 un accessorio in argento sterling 925, il suo design che ha sette fedi nuziali sottili da 1 mm, sar\u00e0 l'ideale per qualsiasi dito. Ti piacer\u00e0!","robots":{"index":"index","follow":"follow","max-snippet":"max-snippet:-1","max-image-preview":"max-image-preview:large","max-video-preview":"max-video-preview:-1"},"canonical":"https:\/\/joyasyasmin.com\/it\/producto\/anello-settimanale\/","og_locale":"it_IT","og_title":"Anello settimanale - Yasmin","og_description":"Weekly Ring \u00e8 un accessorio in argento sterling 925, il suo design che ha sette fedi nuziali sottili da 1 mm, sar\u00e0 l'ideale per qualsiasi dito. Ti piacer\u00e0!","og_url":"https:\/\/joyasyasmin.com\/it\/producto\/anello-settimanale\/","og_site_name":"Yasmin","article_publisher":"https:\/\/www.facebook.com\/Joyas-Yasmin-217664058934169\/","article_modified_time":"2024-11-19T14:47:01+00:00","og_image":[{"width":1000,"height":1000,"url":"https:\/\/joyasyasmin.com\/wp-content\/uploads\/2023\/02\/sortija-semanario-plata.jpg","type":"image\/jpeg"}],"twitter_card":"summary_large_image","schema":{"@context":"https:\/\/schema.org","@graph":[{"@type":["WebPage","ItemPage"],"@id":"https:\/\/joyasyasmin.com\/it\/producto\/anello-settimanale\/","url":"https:\/\/joyasyasmin.com\/it\/producto\/anello-settimanale\/","name":"Anello settimanale - Yasmin","isPartOf":{"@id":"https:\/\/joyasyasmin.com\/it\/#website"},"primaryImageOfPage":{"@id":"https:\/\/joyasyasmin.com\/it\/producto\/anello-settimanale\/#primaryimage"},"image":{"@id":"https:\/\/joyasyasmin.com\/it\/producto\/anello-settimanale\/#primaryimage"},"thumbnailUrl":"https:\/\/joyasyasmin.com\/wp-content\/uploads\/2023\/02\/sortija-semanario-plata.jpg","datePublished":"2023-02-07T20:38:56+00:00","dateModified":"2024-11-19T14:47:01+00:00","description":"Weekly Ring \u00e8 un accessorio in argento sterling 925, il suo design che ha sette fedi nuziali sottili da 1 mm, sar\u00e0 l'ideale per qualsiasi dito. Ti piacer\u00e0!","breadcrumb":{"@id":"https:\/\/joyasyasmin.com\/it\/producto\/anello-settimanale\/#breadcrumb"},"inLanguage":"it-IT","potentialAction":[{"@type":"ReadAction","target":["https:\/\/joyasyasmin.com\/it\/producto\/anello-settimanale\/"]}]},{"@type":"ImageObject","inLanguage":"it-IT","@id":"https:\/\/joyasyasmin.com\/it\/producto\/anello-settimanale\/#primaryimage","url":"https:\/\/joyasyasmin.com\/wp-content\/uploads\/2023\/02\/sortija-semanario-plata.jpg","contentUrl":"https:\/\/joyasyasmin.com\/wp-content\/uploads\/2023\/02\/sortija-semanario-plata.jpg","width":1000,"height":1000,"caption":"Vendita di Anello Settimanale in Argento Sterling 925"},{"@type":"BreadcrumbList","@id":"https:\/\/joyasyasmin.com\/it\/producto\/anello-settimanale\/#breadcrumb","itemListElement":[{"@type":"ListItem","position":1,"name":"Portada","item":"https:\/\/joyasyasmin.com\/it\/casa\/"},{"@type":"ListItem","position":2,"name":"Negozio","item":"https:\/\/joyasyasmin.com\/it\/negozio\/"},{"@type":"ListItem","position":3,"name":"Anello settimanale"}]},{"@type":"WebSite","@id":"https:\/\/joyasyasmin.com\/it\/#website","url":"https:\/\/joyasyasmin.com\/it\/","name":"Yasmin","description":"Joyer\u00eda de Plata 925 - Pendientes, pulseras, anillos, colgantes y m\u00e1s!","publisher":{"@id":"https:\/\/joyasyasmin.com\/it\/#organization"},"potentialAction":[{"@type":"SearchAction","target":{"@type":"EntryPoint","urlTemplate":"https:\/\/joyasyasmin.com\/it\/?s={search_term_string}"},"query-input":{"@type":"PropertyValueSpecification","valueRequired":true,"valueName":"search_term_string"}}],"inLanguage":"it-IT"},{"@type":"Organization","@id":"https:\/\/joyasyasmin.com\/it\/#organization","name":"joyas yasmin","url":"https:\/\/joyasyasmin.com\/it\/","logo":{"@type":"ImageObject","inLanguage":"it-IT","@id":"https:\/\/joyasyasmin.com\/it\/#\/schema\/logo\/image\/","url":"https:\/\/joyasyasmin.com\/wp-content\/uploads\/2017\/06\/IMG-20200429-WA0051.jpg","contentUrl":"https:\/\/joyasyasmin.com\/wp-content\/uploads\/2017\/06\/IMG-20200429-WA0051.jpg","width":1080,"height":545,"caption":"joyas yasmin"},"image":{"@id":"https:\/\/joyasyasmin.com\/it\/#\/schema\/logo\/image\/"},"sameAs":["https:\/\/www.facebook.com\/Joyas-Yasmin-217664058934169\/","https:\/\/www.instagram.com\/invites\/contact\/"]}]}},"_links":{"self":[{"href":"https:\/\/joyasyasmin.com\/it\/wp-json\/wp\/v2\/product\/23339","targetHints":{"allow":["GET"]}}],"collection":[{"href":"https:\/\/joyasyasmin.com\/it\/wp-json\/wp\/v2\/product"}],"about":[{"href":"https:\/\/joyasyasmin.com\/it\/wp-json\/wp\/v2\/types\/product"}],"replies":[{"embeddable":true,"href":"https:\/\/joyasyasmin.com\/it\/wp-json\/wp\/v2\/comments?post=23339"}],"version-history":[{"count":0,"href":"https:\/\/joyasyasmin.com\/it\/wp-json\/wp\/v2\/product\/23339\/revisions"}],"wp:featuredmedia":[{"embeddable":true,"href":"https:\/\/joyasyasmin.com\/it\/wp-json\/wp\/v2\/media\/17248"}],"wp:attachment":[{"href":"https:\/\/joyasyasmin.com\/it\/wp-json\/wp\/v2\/media?parent=23339"}],"wp:term":[{"taxonomy":"product_brand","embeddable":true,"href":"https:\/\/joyasyasmin.com\/it\/wp-json\/wp\/v2\/product_brand?post=23339"},{"taxonomy":"product_cat","embeddable":true,"href":"https:\/\/joyasyasmin.com\/it\/wp-json\/wp\/v2\/product_cat?post=23339"},{"taxonomy":"product_tag","embeddable":true,"href":"https:\/\/joyasyasmin.com\/it\/wp-json\/wp\/v2\/product_tag?post=23339"}],"curies":[{"name":"wp","href":"https:\/\/api.w.org\/{rel}","templated":true}]}}