{"id":23782,"date":"2023-04-02T16:29:00","date_gmt":"2023-04-02T16:29:00","guid":{"rendered":"https:\/\/joyasyasmin.com\/producto\/anello-barbuto-semplice\/"},"modified":"2023-04-02T16:29:00","modified_gmt":"2023-04-02T16:29:00","slug":"anello-barbuto-semplice","status":"publish","type":"product","link":"https:\/\/joyasyasmin.com\/it\/producto\/anello-barbuto-semplice\/","title":{"rendered":"Anello barbuto semplice"},"content":{"rendered":"","protected":false},"excerpt":{"rendered":"<p>L&#8217;anello Barbada Lisa \u00e8 un gioiello in argento sterling 925, il suo design a forma di catena con una maglia pi\u00f9 grande al centro (19 mm) seguita da due maglie pi\u00f9 piccole, \u00e8 un anello di elettroformatura che significa pezzi grandi ma cavi. \u00c8 ideale da indossare da solo o da abbinare ad altri anelli. <\/p>\n","protected":false},"featured_media":17418,"comment_status":"open","ping_status":"closed","template":"","meta":{"_acf_changed":false,"_joinchat":[]},"product_brand":[],"product_cat":[1845],"product_tag":[2338,3049,3048,2166],"class_list":{"0":"post-23782","1":"product","2":"type-product","3":"status-publish","4":"has-post-thumbnail","6":"product_cat-anelli-e-anelli","7":"product_tag-anelli-in-argento-sterling","8":"product_tag-anelli-per-elettroformina","9":"product_tag-anello-barbuto-semplice","10":"product_tag-novita-del-2023","12":"first","13":"instock","14":"shipping-taxable","15":"purchasable","16":"product-type-variable"},"acf":[],"yoast_head":"<!-- This site is optimized with the Yoast SEO plugin v27.3 - https:\/\/yoast.com\/product\/yoast-seo-wordpress\/ -->\n<title>Anello barbuto semplice - Yasmin<\/title>\n<meta name=\"description\" content=\"Anello Barbada liscio realizzato in argento sterling 925, il suo design \u00e8 super bello che dar\u00e0 eleganza e stile al tuo look, il suo design \u00e8 ampio ma cavo lo adorerai.\" \/>\n<meta name=\"robots\" content=\"index, follow, max-snippet:-1, max-image-preview:large, max-video-preview:-1\" \/>\n<link rel=\"canonical\" href=\"https:\/\/joyasyasmin.com\/it\/producto\/anello-barbuto-semplice\/\" \/>\n<meta property=\"og:locale\" content=\"it_IT\" \/>\n<meta property=\"og:title\" content=\"Anello barbuto semplice - Yasmin\" \/>\n<meta property=\"og:description\" content=\"Anello Barbada liscio realizzato in argento sterling 925, il suo design \u00e8 super bello che dar\u00e0 eleganza e stile al tuo look, il suo design \u00e8 ampio ma cavo lo adorerai.\" \/>\n<meta property=\"og:url\" content=\"https:\/\/joyasyasmin.com\/it\/producto\/anello-barbuto-semplice\/\" \/>\n<meta property=\"og:site_name\" content=\"Yasmin\" \/>\n<meta property=\"article:publisher\" content=\"https:\/\/www.facebook.com\/Joyas-Yasmin-217664058934169\/\" \/>\n<meta property=\"og:image\" content=\"https:\/\/joyasyasmin.com\/wp-content\/uploads\/2023\/04\/anillo-barbada-lisa-plata.jpg\" \/>\n\t<meta property=\"og:image:width\" content=\"943\" \/>\n\t<meta property=\"og:image:height\" content=\"943\" \/>\n\t<meta property=\"og:image:type\" content=\"image\/jpeg\" \/>\n<meta name=\"twitter:card\" content=\"summary_large_image\" \/>\n<script type=\"application\/ld+json\" class=\"yoast-schema-graph\">{\"@context\":\"https:\\\/\\\/schema.org\",\"@graph\":[{\"@type\":[\"WebPage\",\"ItemPage\"],\"@id\":\"https:\\\/\\\/joyasyasmin.com\\\/it\\\/producto\\\/anello-barbuto-semplice\\\/\",\"url\":\"https:\\\/\\\/joyasyasmin.com\\\/it\\\/producto\\\/anello-barbuto-semplice\\\/\",\"name\":\"Anello barbuto semplice - Yasmin\",\"isPartOf\":{\"@id\":\"https:\\\/\\\/joyasyasmin.com\\\/it\\\/#website\"},\"primaryImageOfPage\":{\"@id\":\"https:\\\/\\\/joyasyasmin.com\\\/it\\\/producto\\\/anello-barbuto-semplice\\\/#primaryimage\"},\"image\":{\"@id\":\"https:\\\/\\\/joyasyasmin.com\\\/it\\\/producto\\\/anello-barbuto-semplice\\\/#primaryimage\"},\"thumbnailUrl\":\"https:\\\/\\\/joyasyasmin.com\\\/wp-content\\\/uploads\\\/2023\\\/04\\\/anillo-barbada-lisa-plata.jpg\",\"datePublished\":\"2023-04-02T16:29:00+00:00\",\"description\":\"Anello Barbada liscio realizzato in argento sterling 925, il suo design \u00e8 super bello che dar\u00e0 eleganza e stile al tuo look, il suo design \u00e8 ampio ma cavo lo adorerai.\",\"breadcrumb\":{\"@id\":\"https:\\\/\\\/joyasyasmin.com\\\/it\\\/producto\\\/anello-barbuto-semplice\\\/#breadcrumb\"},\"inLanguage\":\"it-IT\",\"potentialAction\":[{\"@type\":\"ReadAction\",\"target\":[\"https:\\\/\\\/joyasyasmin.com\\\/it\\\/producto\\\/anello-barbuto-semplice\\\/\"]}]},{\"@type\":\"ImageObject\",\"inLanguage\":\"it-IT\",\"@id\":\"https:\\\/\\\/joyasyasmin.com\\\/it\\\/producto\\\/anello-barbuto-semplice\\\/#primaryimage\",\"url\":\"https:\\\/\\\/joyasyasmin.com\\\/wp-content\\\/uploads\\\/2023\\\/04\\\/anillo-barbada-lisa-plata.jpg\",\"contentUrl\":\"https:\\\/\\\/joyasyasmin.com\\\/wp-content\\\/uploads\\\/2023\\\/04\\\/anillo-barbada-lisa-plata.jpg\",\"width\":943,\"height\":943,\"caption\":\"Vendita di anello barbada liscio in argento sterling 925\"},{\"@type\":\"BreadcrumbList\",\"@id\":\"https:\\\/\\\/joyasyasmin.com\\\/it\\\/producto\\\/anello-barbuto-semplice\\\/#breadcrumb\",\"itemListElement\":[{\"@type\":\"ListItem\",\"position\":1,\"name\":\"Portada\",\"item\":\"https:\\\/\\\/joyasyasmin.com\\\/it\\\/casa\\\/\"},{\"@type\":\"ListItem\",\"position\":2,\"name\":\"Negozio\",\"item\":\"https:\\\/\\\/joyasyasmin.com\\\/it\\\/negozio\\\/\"},{\"@type\":\"ListItem\",\"position\":3,\"name\":\"Anello barbuto semplice\"}]},{\"@type\":\"WebSite\",\"@id\":\"https:\\\/\\\/joyasyasmin.com\\\/it\\\/#website\",\"url\":\"https:\\\/\\\/joyasyasmin.com\\\/it\\\/\",\"name\":\"Yasmin\",\"description\":\"Joyer\u00eda de Plata 925 - Pendientes, pulseras, anillos, colgantes y m\u00e1s!\",\"publisher\":{\"@id\":\"https:\\\/\\\/joyasyasmin.com\\\/it\\\/#organization\"},\"potentialAction\":[{\"@type\":\"SearchAction\",\"target\":{\"@type\":\"EntryPoint\",\"urlTemplate\":\"https:\\\/\\\/joyasyasmin.com\\\/it\\\/?s={search_term_string}\"},\"query-input\":{\"@type\":\"PropertyValueSpecification\",\"valueRequired\":true,\"valueName\":\"search_term_string\"}}],\"inLanguage\":\"it-IT\"},{\"@type\":\"Organization\",\"@id\":\"https:\\\/\\\/joyasyasmin.com\\\/it\\\/#organization\",\"name\":\"joyas yasmin\",\"url\":\"https:\\\/\\\/joyasyasmin.com\\\/it\\\/\",\"logo\":{\"@type\":\"ImageObject\",\"inLanguage\":\"it-IT\",\"@id\":\"https:\\\/\\\/joyasyasmin.com\\\/it\\\/#\\\/schema\\\/logo\\\/image\\\/\",\"url\":\"https:\\\/\\\/joyasyasmin.com\\\/wp-content\\\/uploads\\\/2017\\\/06\\\/IMG-20200429-WA0051.jpg\",\"contentUrl\":\"https:\\\/\\\/joyasyasmin.com\\\/wp-content\\\/uploads\\\/2017\\\/06\\\/IMG-20200429-WA0051.jpg\",\"width\":1080,\"height\":545,\"caption\":\"joyas yasmin\"},\"image\":{\"@id\":\"https:\\\/\\\/joyasyasmin.com\\\/it\\\/#\\\/schema\\\/logo\\\/image\\\/\"},\"sameAs\":[\"https:\\\/\\\/www.facebook.com\\\/Joyas-Yasmin-217664058934169\\\/\",\"https:\\\/\\\/www.instagram.com\\\/invites\\\/contact\\\/\"]}]}<\/script>\n<!-- \/ Yoast SEO plugin. -->","yoast_head_json":{"title":"Anello barbuto semplice - Yasmin","description":"Anello Barbada liscio realizzato in argento sterling 925, il suo design \u00e8 super bello che dar\u00e0 eleganza e stile al tuo look, il suo design \u00e8 ampio ma cavo lo adorerai.","robots":{"index":"index","follow":"follow","max-snippet":"max-snippet:-1","max-image-preview":"max-image-preview:large","max-video-preview":"max-video-preview:-1"},"canonical":"https:\/\/joyasyasmin.com\/it\/producto\/anello-barbuto-semplice\/","og_locale":"it_IT","og_title":"Anello barbuto semplice - Yasmin","og_description":"Anello Barbada liscio realizzato in argento sterling 925, il suo design \u00e8 super bello che dar\u00e0 eleganza e stile al tuo look, il suo design \u00e8 ampio ma cavo lo adorerai.","og_url":"https:\/\/joyasyasmin.com\/it\/producto\/anello-barbuto-semplice\/","og_site_name":"Yasmin","article_publisher":"https:\/\/www.facebook.com\/Joyas-Yasmin-217664058934169\/","og_image":[{"width":943,"height":943,"url":"https:\/\/joyasyasmin.com\/wp-content\/uploads\/2023\/04\/anillo-barbada-lisa-plata.jpg","type":"image\/jpeg"}],"twitter_card":"summary_large_image","schema":{"@context":"https:\/\/schema.org","@graph":[{"@type":["WebPage","ItemPage"],"@id":"https:\/\/joyasyasmin.com\/it\/producto\/anello-barbuto-semplice\/","url":"https:\/\/joyasyasmin.com\/it\/producto\/anello-barbuto-semplice\/","name":"Anello barbuto semplice - Yasmin","isPartOf":{"@id":"https:\/\/joyasyasmin.com\/it\/#website"},"primaryImageOfPage":{"@id":"https:\/\/joyasyasmin.com\/it\/producto\/anello-barbuto-semplice\/#primaryimage"},"image":{"@id":"https:\/\/joyasyasmin.com\/it\/producto\/anello-barbuto-semplice\/#primaryimage"},"thumbnailUrl":"https:\/\/joyasyasmin.com\/wp-content\/uploads\/2023\/04\/anillo-barbada-lisa-plata.jpg","datePublished":"2023-04-02T16:29:00+00:00","description":"Anello Barbada liscio realizzato in argento sterling 925, il suo design \u00e8 super bello che dar\u00e0 eleganza e stile al tuo look, il suo design \u00e8 ampio ma cavo lo adorerai.","breadcrumb":{"@id":"https:\/\/joyasyasmin.com\/it\/producto\/anello-barbuto-semplice\/#breadcrumb"},"inLanguage":"it-IT","potentialAction":[{"@type":"ReadAction","target":["https:\/\/joyasyasmin.com\/it\/producto\/anello-barbuto-semplice\/"]}]},{"@type":"ImageObject","inLanguage":"it-IT","@id":"https:\/\/joyasyasmin.com\/it\/producto\/anello-barbuto-semplice\/#primaryimage","url":"https:\/\/joyasyasmin.com\/wp-content\/uploads\/2023\/04\/anillo-barbada-lisa-plata.jpg","contentUrl":"https:\/\/joyasyasmin.com\/wp-content\/uploads\/2023\/04\/anillo-barbada-lisa-plata.jpg","width":943,"height":943,"caption":"Vendita di anello barbada liscio in argento sterling 925"},{"@type":"BreadcrumbList","@id":"https:\/\/joyasyasmin.com\/it\/producto\/anello-barbuto-semplice\/#breadcrumb","itemListElement":[{"@type":"ListItem","position":1,"name":"Portada","item":"https:\/\/joyasyasmin.com\/it\/casa\/"},{"@type":"ListItem","position":2,"name":"Negozio","item":"https:\/\/joyasyasmin.com\/it\/negozio\/"},{"@type":"ListItem","position":3,"name":"Anello barbuto semplice"}]},{"@type":"WebSite","@id":"https:\/\/joyasyasmin.com\/it\/#website","url":"https:\/\/joyasyasmin.com\/it\/","name":"Yasmin","description":"Joyer\u00eda de Plata 925 - Pendientes, pulseras, anillos, colgantes y m\u00e1s!","publisher":{"@id":"https:\/\/joyasyasmin.com\/it\/#organization"},"potentialAction":[{"@type":"SearchAction","target":{"@type":"EntryPoint","urlTemplate":"https:\/\/joyasyasmin.com\/it\/?s={search_term_string}"},"query-input":{"@type":"PropertyValueSpecification","valueRequired":true,"valueName":"search_term_string"}}],"inLanguage":"it-IT"},{"@type":"Organization","@id":"https:\/\/joyasyasmin.com\/it\/#organization","name":"joyas yasmin","url":"https:\/\/joyasyasmin.com\/it\/","logo":{"@type":"ImageObject","inLanguage":"it-IT","@id":"https:\/\/joyasyasmin.com\/it\/#\/schema\/logo\/image\/","url":"https:\/\/joyasyasmin.com\/wp-content\/uploads\/2017\/06\/IMG-20200429-WA0051.jpg","contentUrl":"https:\/\/joyasyasmin.com\/wp-content\/uploads\/2017\/06\/IMG-20200429-WA0051.jpg","width":1080,"height":545,"caption":"joyas yasmin"},"image":{"@id":"https:\/\/joyasyasmin.com\/it\/#\/schema\/logo\/image\/"},"sameAs":["https:\/\/www.facebook.com\/Joyas-Yasmin-217664058934169\/","https:\/\/www.instagram.com\/invites\/contact\/"]}]}},"_links":{"self":[{"href":"https:\/\/joyasyasmin.com\/it\/wp-json\/wp\/v2\/product\/23782","targetHints":{"allow":["GET"]}}],"collection":[{"href":"https:\/\/joyasyasmin.com\/it\/wp-json\/wp\/v2\/product"}],"about":[{"href":"https:\/\/joyasyasmin.com\/it\/wp-json\/wp\/v2\/types\/product"}],"replies":[{"embeddable":true,"href":"https:\/\/joyasyasmin.com\/it\/wp-json\/wp\/v2\/comments?post=23782"}],"version-history":[{"count":0,"href":"https:\/\/joyasyasmin.com\/it\/wp-json\/wp\/v2\/product\/23782\/revisions"}],"wp:featuredmedia":[{"embeddable":true,"href":"https:\/\/joyasyasmin.com\/it\/wp-json\/wp\/v2\/media\/17418"}],"wp:attachment":[{"href":"https:\/\/joyasyasmin.com\/it\/wp-json\/wp\/v2\/media?parent=23782"}],"wp:term":[{"taxonomy":"product_brand","embeddable":true,"href":"https:\/\/joyasyasmin.com\/it\/wp-json\/wp\/v2\/product_brand?post=23782"},{"taxonomy":"product_cat","embeddable":true,"href":"https:\/\/joyasyasmin.com\/it\/wp-json\/wp\/v2\/product_cat?post=23782"},{"taxonomy":"product_tag","embeddable":true,"href":"https:\/\/joyasyasmin.com\/it\/wp-json\/wp\/v2\/product_tag?post=23782"}],"curies":[{"name":"wp","href":"https:\/\/api.w.org\/{rel}","templated":true}]}}