{"id":24050,"date":"2023-04-16T11:25:25","date_gmt":"2023-04-16T11:25:25","guid":{"rendered":"https:\/\/joyasyasmin.com\/producto\/girocollo-mamma-catena-perline\/"},"modified":"2025-11-10T11:46:44","modified_gmt":"2025-11-10T11:46:44","slug":"girocollo-mamma-catena-perline","status":"publish","type":"product","link":"https:\/\/joyasyasmin.com\/it\/producto\/girocollo-mamma-catena-perline\/","title":{"rendered":"Girocollo Mamma Catena Perline"},"content":{"rendered":"","protected":false},"excerpt":{"rendered":"<p>Choker Mom Chain Beads \u00e8 una bellissima catena d&#8217;argento per la mamma \u00e8 il regalo perfetto per esprimere il tuo amore e la tua gratitudine verso la donna pi\u00f9 speciale della tua vita. Con una lunghezza di 40 cm, pi\u00f9 un&#8217;estensione di 3 cm per adattarsi a diverse misure di collo, la dimensione della frase \u00e8 di 35 mm, questo gioiello \u00e8 elegante e versatile.<\/p>\n<p>Il girocollo Mom Chain Beads \u00e8 realizzato in argento sterling 925 di alta qualit\u00e0, che lo rende durevole e resistente all&#8217;usura. Il design del girocollo \u00e8 caratterizzato da una catena di perline sottile e lucida che avvolge delicatamente il collo, esaltando la bellezza e l&#8217;eleganza di chi lo indossa.<\/p>\n","protected":false},"featured_media":17508,"comment_status":"open","ping_status":"closed","template":"","meta":{"_acf_changed":false,"_joinchat":[]},"product_brand":[],"product_cat":[1868],"product_tag":[3186,3185,2166],"class_list":{"0":"post-24050","1":"product","2":"type-product","3":"status-publish","4":"has-post-thumbnail","6":"product_cat-collane-it","7":"product_tag-catena-mamma-dargento","8":"product_tag-girocollo-mamma-catena-perline","9":"product_tag-novita-del-2023","11":"first","12":"instock","13":"shipping-taxable","14":"purchasable","15":"product-type-simple"},"acf":[],"yoast_head":"<!-- This site is optimized with the Yoast SEO plugin v27.2 - https:\/\/yoast.com\/product\/yoast-seo-wordpress\/ -->\n<title>Girocollo Mamma Catena Perline - Yasmin<\/title>\n<meta name=\"description\" content=\"Choker Mom Chain Beads \u00e8 realizzato in argento sterling 925 di alta qualit\u00e0, che lo rende durevole e resistente all&#039;usura. Spedizione gratuita.\" \/>\n<meta name=\"robots\" content=\"index, follow, max-snippet:-1, max-image-preview:large, max-video-preview:-1\" \/>\n<link rel=\"canonical\" href=\"https:\/\/joyasyasmin.com\/it\/producto\/girocollo-mamma-catena-perline\/\" \/>\n<meta property=\"og:locale\" content=\"it_IT\" \/>\n<meta property=\"og:title\" content=\"Girocollo Mamma Catena Perline - Yasmin\" \/>\n<meta property=\"og:description\" content=\"Choker Mom Chain Beads \u00e8 realizzato in argento sterling 925 di alta qualit\u00e0, che lo rende durevole e resistente all&#039;usura. Spedizione gratuita.\" \/>\n<meta property=\"og:url\" content=\"https:\/\/joyasyasmin.com\/it\/producto\/girocollo-mamma-catena-perline\/\" \/>\n<meta property=\"og:site_name\" content=\"Yasmin\" \/>\n<meta property=\"article:publisher\" content=\"https:\/\/www.facebook.com\/Joyas-Yasmin-217664058934169\/\" \/>\n<meta property=\"article:modified_time\" content=\"2025-11-10T11:46:44+00:00\" \/>\n<meta property=\"og:image\" content=\"https:\/\/joyasyasmin.com\/wp-content\/uploads\/2023\/04\/gargantilla-mama-cadena-bolitas.jpg\" \/>\n\t<meta property=\"og:image:width\" content=\"1000\" \/>\n\t<meta property=\"og:image:height\" content=\"1000\" \/>\n\t<meta property=\"og:image:type\" content=\"image\/jpeg\" \/>\n<meta name=\"twitter:card\" content=\"summary_large_image\" \/>\n<script type=\"application\/ld+json\" class=\"yoast-schema-graph\">{\"@context\":\"https:\/\/schema.org\",\"@graph\":[{\"@type\":[\"WebPage\",\"ItemPage\"],\"@id\":\"https:\/\/joyasyasmin.com\/it\/producto\/girocollo-mamma-catena-perline\/\",\"url\":\"https:\/\/joyasyasmin.com\/it\/producto\/girocollo-mamma-catena-perline\/\",\"name\":\"Girocollo Mamma Catena Perline - Yasmin\",\"isPartOf\":{\"@id\":\"https:\/\/joyasyasmin.com\/it\/#website\"},\"primaryImageOfPage\":{\"@id\":\"https:\/\/joyasyasmin.com\/it\/producto\/girocollo-mamma-catena-perline\/#primaryimage\"},\"image\":{\"@id\":\"https:\/\/joyasyasmin.com\/it\/producto\/girocollo-mamma-catena-perline\/#primaryimage\"},\"thumbnailUrl\":\"https:\/\/joyasyasmin.com\/wp-content\/uploads\/2023\/04\/gargantilla-mama-cadena-bolitas.jpg\",\"datePublished\":\"2023-04-16T11:25:25+00:00\",\"dateModified\":\"2025-11-10T11:46:44+00:00\",\"description\":\"Choker Mom Chain Beads \u00e8 realizzato in argento sterling 925 di alta qualit\u00e0, che lo rende durevole e resistente all'usura. Spedizione gratuita.\",\"breadcrumb\":{\"@id\":\"https:\/\/joyasyasmin.com\/it\/producto\/girocollo-mamma-catena-perline\/#breadcrumb\"},\"inLanguage\":\"it-IT\",\"potentialAction\":[{\"@type\":\"ReadAction\",\"target\":[\"https:\/\/joyasyasmin.com\/it\/producto\/girocollo-mamma-catena-perline\/\"]}]},{\"@type\":\"ImageObject\",\"inLanguage\":\"it-IT\",\"@id\":\"https:\/\/joyasyasmin.com\/it\/producto\/girocollo-mamma-catena-perline\/#primaryimage\",\"url\":\"https:\/\/joyasyasmin.com\/wp-content\/uploads\/2023\/04\/gargantilla-mama-cadena-bolitas.jpg\",\"contentUrl\":\"https:\/\/joyasyasmin.com\/wp-content\/uploads\/2023\/04\/gargantilla-mama-cadena-bolitas.jpg\",\"width\":1000,\"height\":1000,\"caption\":\"Vendita di catena con perline con la frase mamma in argento 925\"},{\"@type\":\"BreadcrumbList\",\"@id\":\"https:\/\/joyasyasmin.com\/it\/producto\/girocollo-mamma-catena-perline\/#breadcrumb\",\"itemListElement\":[{\"@type\":\"ListItem\",\"position\":1,\"name\":\"Portada\",\"item\":\"https:\/\/joyasyasmin.com\/it\/casa\/\"},{\"@type\":\"ListItem\",\"position\":2,\"name\":\"Negozio\",\"item\":\"https:\/\/joyasyasmin.com\/it\/negozio\/\"},{\"@type\":\"ListItem\",\"position\":3,\"name\":\"Girocollo Mamma Catena Perline\"}]},{\"@type\":\"WebSite\",\"@id\":\"https:\/\/joyasyasmin.com\/it\/#website\",\"url\":\"https:\/\/joyasyasmin.com\/it\/\",\"name\":\"Yasmin\",\"description\":\"Joyer\u00eda de Plata 925 - Pendientes, pulseras, anillos, colgantes y m\u00e1s!\",\"publisher\":{\"@id\":\"https:\/\/joyasyasmin.com\/it\/#organization\"},\"potentialAction\":[{\"@type\":\"SearchAction\",\"target\":{\"@type\":\"EntryPoint\",\"urlTemplate\":\"https:\/\/joyasyasmin.com\/it\/?s={search_term_string}\"},\"query-input\":{\"@type\":\"PropertyValueSpecification\",\"valueRequired\":true,\"valueName\":\"search_term_string\"}}],\"inLanguage\":\"it-IT\"},{\"@type\":\"Organization\",\"@id\":\"https:\/\/joyasyasmin.com\/it\/#organization\",\"name\":\"joyas yasmin\",\"url\":\"https:\/\/joyasyasmin.com\/it\/\",\"logo\":{\"@type\":\"ImageObject\",\"inLanguage\":\"it-IT\",\"@id\":\"https:\/\/joyasyasmin.com\/it\/#\/schema\/logo\/image\/\",\"url\":\"https:\/\/joyasyasmin.com\/wp-content\/uploads\/2017\/06\/IMG-20200429-WA0051.jpg\",\"contentUrl\":\"https:\/\/joyasyasmin.com\/wp-content\/uploads\/2017\/06\/IMG-20200429-WA0051.jpg\",\"width\":1080,\"height\":545,\"caption\":\"joyas yasmin\"},\"image\":{\"@id\":\"https:\/\/joyasyasmin.com\/it\/#\/schema\/logo\/image\/\"},\"sameAs\":[\"https:\/\/www.facebook.com\/Joyas-Yasmin-217664058934169\/\",\"https:\/\/www.instagram.com\/invites\/contact\/\"]}]}<\/script>\n<!-- \/ Yoast SEO plugin. -->","yoast_head_json":{"title":"Girocollo Mamma Catena Perline - Yasmin","description":"Choker Mom Chain Beads \u00e8 realizzato in argento sterling 925 di alta qualit\u00e0, che lo rende durevole e resistente all'usura. Spedizione gratuita.","robots":{"index":"index","follow":"follow","max-snippet":"max-snippet:-1","max-image-preview":"max-image-preview:large","max-video-preview":"max-video-preview:-1"},"canonical":"https:\/\/joyasyasmin.com\/it\/producto\/girocollo-mamma-catena-perline\/","og_locale":"it_IT","og_title":"Girocollo Mamma Catena Perline - Yasmin","og_description":"Choker Mom Chain Beads \u00e8 realizzato in argento sterling 925 di alta qualit\u00e0, che lo rende durevole e resistente all'usura. Spedizione gratuita.","og_url":"https:\/\/joyasyasmin.com\/it\/producto\/girocollo-mamma-catena-perline\/","og_site_name":"Yasmin","article_publisher":"https:\/\/www.facebook.com\/Joyas-Yasmin-217664058934169\/","article_modified_time":"2025-11-10T11:46:44+00:00","og_image":[{"width":1000,"height":1000,"url":"https:\/\/joyasyasmin.com\/wp-content\/uploads\/2023\/04\/gargantilla-mama-cadena-bolitas.jpg","type":"image\/jpeg"}],"twitter_card":"summary_large_image","schema":{"@context":"https:\/\/schema.org","@graph":[{"@type":["WebPage","ItemPage"],"@id":"https:\/\/joyasyasmin.com\/it\/producto\/girocollo-mamma-catena-perline\/","url":"https:\/\/joyasyasmin.com\/it\/producto\/girocollo-mamma-catena-perline\/","name":"Girocollo Mamma Catena Perline - Yasmin","isPartOf":{"@id":"https:\/\/joyasyasmin.com\/it\/#website"},"primaryImageOfPage":{"@id":"https:\/\/joyasyasmin.com\/it\/producto\/girocollo-mamma-catena-perline\/#primaryimage"},"image":{"@id":"https:\/\/joyasyasmin.com\/it\/producto\/girocollo-mamma-catena-perline\/#primaryimage"},"thumbnailUrl":"https:\/\/joyasyasmin.com\/wp-content\/uploads\/2023\/04\/gargantilla-mama-cadena-bolitas.jpg","datePublished":"2023-04-16T11:25:25+00:00","dateModified":"2025-11-10T11:46:44+00:00","description":"Choker Mom Chain Beads \u00e8 realizzato in argento sterling 925 di alta qualit\u00e0, che lo rende durevole e resistente all'usura. Spedizione gratuita.","breadcrumb":{"@id":"https:\/\/joyasyasmin.com\/it\/producto\/girocollo-mamma-catena-perline\/#breadcrumb"},"inLanguage":"it-IT","potentialAction":[{"@type":"ReadAction","target":["https:\/\/joyasyasmin.com\/it\/producto\/girocollo-mamma-catena-perline\/"]}]},{"@type":"ImageObject","inLanguage":"it-IT","@id":"https:\/\/joyasyasmin.com\/it\/producto\/girocollo-mamma-catena-perline\/#primaryimage","url":"https:\/\/joyasyasmin.com\/wp-content\/uploads\/2023\/04\/gargantilla-mama-cadena-bolitas.jpg","contentUrl":"https:\/\/joyasyasmin.com\/wp-content\/uploads\/2023\/04\/gargantilla-mama-cadena-bolitas.jpg","width":1000,"height":1000,"caption":"Vendita di catena con perline con la frase mamma in argento 925"},{"@type":"BreadcrumbList","@id":"https:\/\/joyasyasmin.com\/it\/producto\/girocollo-mamma-catena-perline\/#breadcrumb","itemListElement":[{"@type":"ListItem","position":1,"name":"Portada","item":"https:\/\/joyasyasmin.com\/it\/casa\/"},{"@type":"ListItem","position":2,"name":"Negozio","item":"https:\/\/joyasyasmin.com\/it\/negozio\/"},{"@type":"ListItem","position":3,"name":"Girocollo Mamma Catena Perline"}]},{"@type":"WebSite","@id":"https:\/\/joyasyasmin.com\/it\/#website","url":"https:\/\/joyasyasmin.com\/it\/","name":"Yasmin","description":"Joyer\u00eda de Plata 925 - Pendientes, pulseras, anillos, colgantes y m\u00e1s!","publisher":{"@id":"https:\/\/joyasyasmin.com\/it\/#organization"},"potentialAction":[{"@type":"SearchAction","target":{"@type":"EntryPoint","urlTemplate":"https:\/\/joyasyasmin.com\/it\/?s={search_term_string}"},"query-input":{"@type":"PropertyValueSpecification","valueRequired":true,"valueName":"search_term_string"}}],"inLanguage":"it-IT"},{"@type":"Organization","@id":"https:\/\/joyasyasmin.com\/it\/#organization","name":"joyas yasmin","url":"https:\/\/joyasyasmin.com\/it\/","logo":{"@type":"ImageObject","inLanguage":"it-IT","@id":"https:\/\/joyasyasmin.com\/it\/#\/schema\/logo\/image\/","url":"https:\/\/joyasyasmin.com\/wp-content\/uploads\/2017\/06\/IMG-20200429-WA0051.jpg","contentUrl":"https:\/\/joyasyasmin.com\/wp-content\/uploads\/2017\/06\/IMG-20200429-WA0051.jpg","width":1080,"height":545,"caption":"joyas yasmin"},"image":{"@id":"https:\/\/joyasyasmin.com\/it\/#\/schema\/logo\/image\/"},"sameAs":["https:\/\/www.facebook.com\/Joyas-Yasmin-217664058934169\/","https:\/\/www.instagram.com\/invites\/contact\/"]}]}},"_links":{"self":[{"href":"https:\/\/joyasyasmin.com\/it\/wp-json\/wp\/v2\/product\/24050","targetHints":{"allow":["GET"]}}],"collection":[{"href":"https:\/\/joyasyasmin.com\/it\/wp-json\/wp\/v2\/product"}],"about":[{"href":"https:\/\/joyasyasmin.com\/it\/wp-json\/wp\/v2\/types\/product"}],"replies":[{"embeddable":true,"href":"https:\/\/joyasyasmin.com\/it\/wp-json\/wp\/v2\/comments?post=24050"}],"version-history":[{"count":1,"href":"https:\/\/joyasyasmin.com\/it\/wp-json\/wp\/v2\/product\/24050\/revisions"}],"predecessor-version":[{"id":35996,"href":"https:\/\/joyasyasmin.com\/it\/wp-json\/wp\/v2\/product\/24050\/revisions\/35996"}],"wp:featuredmedia":[{"embeddable":true,"href":"https:\/\/joyasyasmin.com\/it\/wp-json\/wp\/v2\/media\/17508"}],"wp:attachment":[{"href":"https:\/\/joyasyasmin.com\/it\/wp-json\/wp\/v2\/media?parent=24050"}],"wp:term":[{"taxonomy":"product_brand","embeddable":true,"href":"https:\/\/joyasyasmin.com\/it\/wp-json\/wp\/v2\/product_brand?post=24050"},{"taxonomy":"product_cat","embeddable":true,"href":"https:\/\/joyasyasmin.com\/it\/wp-json\/wp\/v2\/product_cat?post=24050"},{"taxonomy":"product_tag","embeddable":true,"href":"https:\/\/joyasyasmin.com\/it\/wp-json\/wp\/v2\/product_tag?post=24050"}],"curies":[{"name":"wp","href":"https:\/\/api.w.org\/{rel}","templated":true}]}}