{"id":25205,"date":"2022-10-16T22:06:16","date_gmt":"2022-10-16T22:06:16","guid":{"rendered":"https:\/\/joyasyasmin.com\/producto\/orecchino-geometrico-di-perle-2\/"},"modified":"2025-11-10T11:58:49","modified_gmt":"2025-11-10T11:58:49","slug":"orecchino-geometrico-di-perle-2","status":"publish","type":"product","link":"https:\/\/joyasyasmin.com\/it\/producto\/orecchino-geometrico-di-perle-2\/","title":{"rendered":"Orecchino geometrico di perle"},"content":{"rendered":"","protected":false},"excerpt":{"rendered":"<p>Orecchino geometrico di conchiglie di perle, \u00e8 uno di quei disegni molto diversi con due corpi geometrici di diverse dimensioni uniti da un manico, dal disegno pi\u00f9 grande pende una perla di conchiglia, la sua lunghezza \u00e8 di 26 mm, la sua chiusura \u00e8 un dado a scatto e il materiale \u00e8 in argento sterling 925. Questo stesso design pu\u00f2 essere trovato in Dorado, che \u00e8 una placcatura di tre micron in oro 18 carati. <\/p>\n","protected":false},"featured_media":16972,"comment_status":"open","ping_status":"closed","template":"","meta":{"_acf_changed":false,"_joinchat":[]},"product_brand":[],"product_cat":[1765],"product_tag":[3134,3731,2219],"class_list":{"0":"post-25205","1":"product","2":"type-product","3":"status-publish","4":"has-post-thumbnail","6":"product_cat-orecchini-e-orecchini","7":"product_tag-novita-del-2022","8":"product_tag-orecchini-in-argento-con-perla","9":"product_tag-orecchino-geometrico-di-perle","11":"first","12":"instock","13":"shipping-taxable","14":"purchasable","15":"product-type-variable"},"acf":[],"yoast_head":"<!-- This site is optimized with the Yoast SEO plugin v27.2 - https:\/\/yoast.com\/product\/yoast-seo-wordpress\/ -->\n<title>Orecchino geometrico di perle - Yasmin<\/title>\n<meta name=\"description\" content=\"L&#039;orecchino geometrico a conchiglia di perle \u00e8 un gioiello in argento sterling 925, che porter\u00e0 eleganza e stile ai tuoi look. Indossalo nella tua quotidianit\u00e0 e sentiti unico.\" \/>\n<meta name=\"robots\" content=\"index, follow, max-snippet:-1, max-image-preview:large, max-video-preview:-1\" \/>\n<link rel=\"canonical\" href=\"https:\/\/joyasyasmin.com\/it\/producto\/orecchino-geometrico-di-perle-2\/\" \/>\n<meta property=\"og:locale\" content=\"it_IT\" \/>\n<meta property=\"og:title\" content=\"Orecchino geometrico di perle - Yasmin\" \/>\n<meta property=\"og:description\" content=\"L&#039;orecchino geometrico a conchiglia di perle \u00e8 un gioiello in argento sterling 925, che porter\u00e0 eleganza e stile ai tuoi look. Indossalo nella tua quotidianit\u00e0 e sentiti unico.\" \/>\n<meta property=\"og:url\" content=\"https:\/\/joyasyasmin.com\/it\/producto\/orecchino-geometrico-di-perle-2\/\" \/>\n<meta property=\"og:site_name\" content=\"Yasmin\" \/>\n<meta property=\"article:publisher\" content=\"https:\/\/www.facebook.com\/Joyas-Yasmin-217664058934169\/\" \/>\n<meta property=\"article:modified_time\" content=\"2025-11-10T11:58:49+00:00\" \/>\n<meta property=\"og:image\" content=\"https:\/\/joyasyasmin.com\/wp-content\/uploads\/2022\/10\/pendiente-geometrico-con-perla-scaled.jpg\" \/>\n\t<meta property=\"og:image:width\" content=\"2560\" \/>\n\t<meta property=\"og:image:height\" content=\"2560\" \/>\n\t<meta property=\"og:image:type\" content=\"image\/jpeg\" \/>\n<meta name=\"twitter:card\" content=\"summary_large_image\" \/>\n<script type=\"application\/ld+json\" class=\"yoast-schema-graph\">{\"@context\":\"https:\/\/schema.org\",\"@graph\":[{\"@type\":[\"WebPage\",\"ItemPage\"],\"@id\":\"https:\/\/joyasyasmin.com\/it\/producto\/orecchino-geometrico-di-perle-2\/\",\"url\":\"https:\/\/joyasyasmin.com\/it\/producto\/orecchino-geometrico-di-perle-2\/\",\"name\":\"Orecchino geometrico di perle - Yasmin\",\"isPartOf\":{\"@id\":\"https:\/\/joyasyasmin.com\/it\/#website\"},\"primaryImageOfPage\":{\"@id\":\"https:\/\/joyasyasmin.com\/it\/producto\/orecchino-geometrico-di-perle-2\/#primaryimage\"},\"image\":{\"@id\":\"https:\/\/joyasyasmin.com\/it\/producto\/orecchino-geometrico-di-perle-2\/#primaryimage\"},\"thumbnailUrl\":\"https:\/\/joyasyasmin.com\/wp-content\/uploads\/2022\/10\/pendiente-geometrico-con-perla-scaled.jpg\",\"datePublished\":\"2022-10-16T22:06:16+00:00\",\"dateModified\":\"2025-11-10T11:58:49+00:00\",\"description\":\"L'orecchino geometrico a conchiglia di perle \u00e8 un gioiello in argento sterling 925, che porter\u00e0 eleganza e stile ai tuoi look. Indossalo nella tua quotidianit\u00e0 e sentiti unico.\",\"breadcrumb\":{\"@id\":\"https:\/\/joyasyasmin.com\/it\/producto\/orecchino-geometrico-di-perle-2\/#breadcrumb\"},\"inLanguage\":\"it-IT\",\"potentialAction\":[{\"@type\":\"ReadAction\",\"target\":[\"https:\/\/joyasyasmin.com\/it\/producto\/orecchino-geometrico-di-perle-2\/\"]}]},{\"@type\":\"ImageObject\",\"inLanguage\":\"it-IT\",\"@id\":\"https:\/\/joyasyasmin.com\/it\/producto\/orecchino-geometrico-di-perle-2\/#primaryimage\",\"url\":\"https:\/\/joyasyasmin.com\/wp-content\/uploads\/2022\/10\/pendiente-geometrico-con-perla-scaled.jpg\",\"contentUrl\":\"https:\/\/joyasyasmin.com\/wp-content\/uploads\/2022\/10\/pendiente-geometrico-con-perla-scaled.jpg\",\"width\":2560,\"height\":2560,\"caption\":\"Orecchino geometrico con conchiglia di perla coltivata Vendita in argento sterling 925\"},{\"@type\":\"BreadcrumbList\",\"@id\":\"https:\/\/joyasyasmin.com\/it\/producto\/orecchino-geometrico-di-perle-2\/#breadcrumb\",\"itemListElement\":[{\"@type\":\"ListItem\",\"position\":1,\"name\":\"Portada\",\"item\":\"https:\/\/joyasyasmin.com\/it\/casa\/\"},{\"@type\":\"ListItem\",\"position\":2,\"name\":\"Negozio\",\"item\":\"https:\/\/joyasyasmin.com\/it\/negozio\/\"},{\"@type\":\"ListItem\",\"position\":3,\"name\":\"Orecchino geometrico di perle\"}]},{\"@type\":\"WebSite\",\"@id\":\"https:\/\/joyasyasmin.com\/it\/#website\",\"url\":\"https:\/\/joyasyasmin.com\/it\/\",\"name\":\"Yasmin\",\"description\":\"Joyer\u00eda de Plata 925 - Pendientes, pulseras, anillos, colgantes y m\u00e1s!\",\"publisher\":{\"@id\":\"https:\/\/joyasyasmin.com\/it\/#organization\"},\"potentialAction\":[{\"@type\":\"SearchAction\",\"target\":{\"@type\":\"EntryPoint\",\"urlTemplate\":\"https:\/\/joyasyasmin.com\/it\/?s={search_term_string}\"},\"query-input\":{\"@type\":\"PropertyValueSpecification\",\"valueRequired\":true,\"valueName\":\"search_term_string\"}}],\"inLanguage\":\"it-IT\"},{\"@type\":\"Organization\",\"@id\":\"https:\/\/joyasyasmin.com\/it\/#organization\",\"name\":\"joyas yasmin\",\"url\":\"https:\/\/joyasyasmin.com\/it\/\",\"logo\":{\"@type\":\"ImageObject\",\"inLanguage\":\"it-IT\",\"@id\":\"https:\/\/joyasyasmin.com\/it\/#\/schema\/logo\/image\/\",\"url\":\"https:\/\/joyasyasmin.com\/wp-content\/uploads\/2017\/06\/IMG-20200429-WA0051.jpg\",\"contentUrl\":\"https:\/\/joyasyasmin.com\/wp-content\/uploads\/2017\/06\/IMG-20200429-WA0051.jpg\",\"width\":1080,\"height\":545,\"caption\":\"joyas yasmin\"},\"image\":{\"@id\":\"https:\/\/joyasyasmin.com\/it\/#\/schema\/logo\/image\/\"},\"sameAs\":[\"https:\/\/www.facebook.com\/Joyas-Yasmin-217664058934169\/\",\"https:\/\/www.instagram.com\/invites\/contact\/\"]}]}<\/script>\n<!-- \/ Yoast SEO plugin. -->","yoast_head_json":{"title":"Orecchino geometrico di perle - Yasmin","description":"L'orecchino geometrico a conchiglia di perle \u00e8 un gioiello in argento sterling 925, che porter\u00e0 eleganza e stile ai tuoi look. Indossalo nella tua quotidianit\u00e0 e sentiti unico.","robots":{"index":"index","follow":"follow","max-snippet":"max-snippet:-1","max-image-preview":"max-image-preview:large","max-video-preview":"max-video-preview:-1"},"canonical":"https:\/\/joyasyasmin.com\/it\/producto\/orecchino-geometrico-di-perle-2\/","og_locale":"it_IT","og_title":"Orecchino geometrico di perle - Yasmin","og_description":"L'orecchino geometrico a conchiglia di perle \u00e8 un gioiello in argento sterling 925, che porter\u00e0 eleganza e stile ai tuoi look. Indossalo nella tua quotidianit\u00e0 e sentiti unico.","og_url":"https:\/\/joyasyasmin.com\/it\/producto\/orecchino-geometrico-di-perle-2\/","og_site_name":"Yasmin","article_publisher":"https:\/\/www.facebook.com\/Joyas-Yasmin-217664058934169\/","article_modified_time":"2025-11-10T11:58:49+00:00","og_image":[{"width":2560,"height":2560,"url":"https:\/\/joyasyasmin.com\/wp-content\/uploads\/2022\/10\/pendiente-geometrico-con-perla-scaled.jpg","type":"image\/jpeg"}],"twitter_card":"summary_large_image","schema":{"@context":"https:\/\/schema.org","@graph":[{"@type":["WebPage","ItemPage"],"@id":"https:\/\/joyasyasmin.com\/it\/producto\/orecchino-geometrico-di-perle-2\/","url":"https:\/\/joyasyasmin.com\/it\/producto\/orecchino-geometrico-di-perle-2\/","name":"Orecchino geometrico di perle - Yasmin","isPartOf":{"@id":"https:\/\/joyasyasmin.com\/it\/#website"},"primaryImageOfPage":{"@id":"https:\/\/joyasyasmin.com\/it\/producto\/orecchino-geometrico-di-perle-2\/#primaryimage"},"image":{"@id":"https:\/\/joyasyasmin.com\/it\/producto\/orecchino-geometrico-di-perle-2\/#primaryimage"},"thumbnailUrl":"https:\/\/joyasyasmin.com\/wp-content\/uploads\/2022\/10\/pendiente-geometrico-con-perla-scaled.jpg","datePublished":"2022-10-16T22:06:16+00:00","dateModified":"2025-11-10T11:58:49+00:00","description":"L'orecchino geometrico a conchiglia di perle \u00e8 un gioiello in argento sterling 925, che porter\u00e0 eleganza e stile ai tuoi look. Indossalo nella tua quotidianit\u00e0 e sentiti unico.","breadcrumb":{"@id":"https:\/\/joyasyasmin.com\/it\/producto\/orecchino-geometrico-di-perle-2\/#breadcrumb"},"inLanguage":"it-IT","potentialAction":[{"@type":"ReadAction","target":["https:\/\/joyasyasmin.com\/it\/producto\/orecchino-geometrico-di-perle-2\/"]}]},{"@type":"ImageObject","inLanguage":"it-IT","@id":"https:\/\/joyasyasmin.com\/it\/producto\/orecchino-geometrico-di-perle-2\/#primaryimage","url":"https:\/\/joyasyasmin.com\/wp-content\/uploads\/2022\/10\/pendiente-geometrico-con-perla-scaled.jpg","contentUrl":"https:\/\/joyasyasmin.com\/wp-content\/uploads\/2022\/10\/pendiente-geometrico-con-perla-scaled.jpg","width":2560,"height":2560,"caption":"Orecchino geometrico con conchiglia di perla coltivata Vendita in argento sterling 925"},{"@type":"BreadcrumbList","@id":"https:\/\/joyasyasmin.com\/it\/producto\/orecchino-geometrico-di-perle-2\/#breadcrumb","itemListElement":[{"@type":"ListItem","position":1,"name":"Portada","item":"https:\/\/joyasyasmin.com\/it\/casa\/"},{"@type":"ListItem","position":2,"name":"Negozio","item":"https:\/\/joyasyasmin.com\/it\/negozio\/"},{"@type":"ListItem","position":3,"name":"Orecchino geometrico di perle"}]},{"@type":"WebSite","@id":"https:\/\/joyasyasmin.com\/it\/#website","url":"https:\/\/joyasyasmin.com\/it\/","name":"Yasmin","description":"Joyer\u00eda de Plata 925 - Pendientes, pulseras, anillos, colgantes y m\u00e1s!","publisher":{"@id":"https:\/\/joyasyasmin.com\/it\/#organization"},"potentialAction":[{"@type":"SearchAction","target":{"@type":"EntryPoint","urlTemplate":"https:\/\/joyasyasmin.com\/it\/?s={search_term_string}"},"query-input":{"@type":"PropertyValueSpecification","valueRequired":true,"valueName":"search_term_string"}}],"inLanguage":"it-IT"},{"@type":"Organization","@id":"https:\/\/joyasyasmin.com\/it\/#organization","name":"joyas yasmin","url":"https:\/\/joyasyasmin.com\/it\/","logo":{"@type":"ImageObject","inLanguage":"it-IT","@id":"https:\/\/joyasyasmin.com\/it\/#\/schema\/logo\/image\/","url":"https:\/\/joyasyasmin.com\/wp-content\/uploads\/2017\/06\/IMG-20200429-WA0051.jpg","contentUrl":"https:\/\/joyasyasmin.com\/wp-content\/uploads\/2017\/06\/IMG-20200429-WA0051.jpg","width":1080,"height":545,"caption":"joyas yasmin"},"image":{"@id":"https:\/\/joyasyasmin.com\/it\/#\/schema\/logo\/image\/"},"sameAs":["https:\/\/www.facebook.com\/Joyas-Yasmin-217664058934169\/","https:\/\/www.instagram.com\/invites\/contact\/"]}]}},"_links":{"self":[{"href":"https:\/\/joyasyasmin.com\/it\/wp-json\/wp\/v2\/product\/25205","targetHints":{"allow":["GET"]}}],"collection":[{"href":"https:\/\/joyasyasmin.com\/it\/wp-json\/wp\/v2\/product"}],"about":[{"href":"https:\/\/joyasyasmin.com\/it\/wp-json\/wp\/v2\/types\/product"}],"replies":[{"embeddable":true,"href":"https:\/\/joyasyasmin.com\/it\/wp-json\/wp\/v2\/comments?post=25205"}],"version-history":[{"count":1,"href":"https:\/\/joyasyasmin.com\/it\/wp-json\/wp\/v2\/product\/25205\/revisions"}],"predecessor-version":[{"id":36086,"href":"https:\/\/joyasyasmin.com\/it\/wp-json\/wp\/v2\/product\/25205\/revisions\/36086"}],"wp:featuredmedia":[{"embeddable":true,"href":"https:\/\/joyasyasmin.com\/it\/wp-json\/wp\/v2\/media\/16972"}],"wp:attachment":[{"href":"https:\/\/joyasyasmin.com\/it\/wp-json\/wp\/v2\/media?parent=25205"}],"wp:term":[{"taxonomy":"product_brand","embeddable":true,"href":"https:\/\/joyasyasmin.com\/it\/wp-json\/wp\/v2\/product_brand?post=25205"},{"taxonomy":"product_cat","embeddable":true,"href":"https:\/\/joyasyasmin.com\/it\/wp-json\/wp\/v2\/product_cat?post=25205"},{"taxonomy":"product_tag","embeddable":true,"href":"https:\/\/joyasyasmin.com\/it\/wp-json\/wp\/v2\/product_tag?post=25205"}],"curies":[{"name":"wp","href":"https:\/\/api.w.org\/{rel}","templated":true}]}}