{"id":25889,"date":"2022-08-05T15:37:08","date_gmt":"2022-08-05T15:37:08","guid":{"rendered":"https:\/\/joyasyasmin.com\/producto\/orecchino-a-goccia\/"},"modified":"2025-11-24T08:03:58","modified_gmt":"2025-11-24T08:03:58","slug":"orecchino-a-goccia","status":"publish","type":"product","link":"https:\/\/joyasyasmin.com\/it\/producto\/orecchino-a-goccia\/","title":{"rendered":"Orecchino a goccia"},"content":{"rendered":"","protected":false},"excerpt":{"rendered":"<p>L&#8217;orecchino a goccia \u00e8 un gioiello di alta qualit\u00e0 progettato per te che porter\u00e0 eleganza e stile al tuo look, \u00e8 realizzato in argento sterling 925 il suo design di due corpi che formano una lacrima \u00e8 originale e ci accompagner\u00e0 in quei momenti speciali della nostra vita. La lunghezza del primo corpo \u00e8 di 1 m e il secondo corpo misura 17 mm, per formare la lunghezza dell&#8217;orecchino 27 mm, la sua chiusura a dado a scatto, ci sono due tipi di zirconi ma ricoperti di piccoli zirconi. <\/p>\n","protected":false},"featured_media":16682,"comment_status":"open","ping_status":"closed","template":"","meta":{"_acf_changed":false,"_joinchat":[]},"product_brand":[],"product_cat":[1765],"product_tag":[3134,4099,4101],"class_list":{"0":"post-25889","1":"product","2":"type-product","3":"status-publish","4":"has-post-thumbnail","6":"product_cat-orecchini-e-orecchini","7":"product_tag-novita-del-2022","8":"product_tag-orecchino-a-goccia","9":"product_tag-orecchino-da-sposa-it-2","11":"first","12":"instock","13":"shipping-taxable","14":"purchasable","15":"product-type-variable"},"acf":[],"yoast_head":"<!-- This site is optimized with the Yoast SEO plugin v27.3 - https:\/\/yoast.com\/product\/yoast-seo-wordpress\/ -->\n<title>Orecchino a goccia - Yasmin<\/title>\n<meta name=\"description\" content=\"L&#039;orecchino a goccia \u00e8 un gioiello progettato per te, per offrirti eleganza e stile. Sar\u00e0 il tuo compagno ideale per quell&#039;appuntamento speciale. Gioielli di legge.\" \/>\n<meta name=\"robots\" content=\"index, follow, max-snippet:-1, max-image-preview:large, max-video-preview:-1\" \/>\n<link rel=\"canonical\" href=\"https:\/\/joyasyasmin.com\/it\/producto\/orecchino-a-goccia\/\" \/>\n<meta property=\"og:locale\" content=\"it_IT\" \/>\n<meta property=\"og:title\" content=\"Orecchino a goccia - Yasmin\" \/>\n<meta property=\"og:description\" content=\"L&#039;orecchino a goccia \u00e8 un gioiello progettato per te, per offrirti eleganza e stile. Sar\u00e0 il tuo compagno ideale per quell&#039;appuntamento speciale. Gioielli di legge.\" \/>\n<meta property=\"og:url\" content=\"https:\/\/joyasyasmin.com\/it\/producto\/orecchino-a-goccia\/\" \/>\n<meta property=\"og:site_name\" content=\"Yasmin\" \/>\n<meta property=\"article:publisher\" content=\"https:\/\/www.facebook.com\/Joyas-Yasmin-217664058934169\/\" \/>\n<meta property=\"article:modified_time\" content=\"2025-11-24T08:03:58+00:00\" \/>\n<meta property=\"og:image\" content=\"https:\/\/joyasyasmin.com\/wp-content\/uploads\/2022\/08\/pendiente-lagrima-plata.jpg\" \/>\n\t<meta property=\"og:image:width\" content=\"1960\" \/>\n\t<meta property=\"og:image:height\" content=\"1960\" \/>\n\t<meta property=\"og:image:type\" content=\"image\/jpeg\" \/>\n<meta name=\"twitter:card\" content=\"summary_large_image\" \/>\n<script type=\"application\/ld+json\" class=\"yoast-schema-graph\">{\"@context\":\"https:\\\/\\\/schema.org\",\"@graph\":[{\"@type\":[\"WebPage\",\"ItemPage\"],\"@id\":\"https:\\\/\\\/joyasyasmin.com\\\/it\\\/producto\\\/orecchino-a-goccia\\\/\",\"url\":\"https:\\\/\\\/joyasyasmin.com\\\/it\\\/producto\\\/orecchino-a-goccia\\\/\",\"name\":\"Orecchino a goccia - Yasmin\",\"isPartOf\":{\"@id\":\"https:\\\/\\\/joyasyasmin.com\\\/it\\\/#website\"},\"primaryImageOfPage\":{\"@id\":\"https:\\\/\\\/joyasyasmin.com\\\/it\\\/producto\\\/orecchino-a-goccia\\\/#primaryimage\"},\"image\":{\"@id\":\"https:\\\/\\\/joyasyasmin.com\\\/it\\\/producto\\\/orecchino-a-goccia\\\/#primaryimage\"},\"thumbnailUrl\":\"https:\\\/\\\/joyasyasmin.com\\\/wp-content\\\/uploads\\\/2022\\\/08\\\/pendiente-lagrima-plata.jpg\",\"datePublished\":\"2022-08-05T15:37:08+00:00\",\"dateModified\":\"2025-11-24T08:03:58+00:00\",\"description\":\"L'orecchino a goccia \u00e8 un gioiello progettato per te, per offrirti eleganza e stile. Sar\u00e0 il tuo compagno ideale per quell'appuntamento speciale. Gioielli di legge.\",\"breadcrumb\":{\"@id\":\"https:\\\/\\\/joyasyasmin.com\\\/it\\\/producto\\\/orecchino-a-goccia\\\/#breadcrumb\"},\"inLanguage\":\"it-IT\",\"potentialAction\":[{\"@type\":\"ReadAction\",\"target\":[\"https:\\\/\\\/joyasyasmin.com\\\/it\\\/producto\\\/orecchino-a-goccia\\\/\"]}]},{\"@type\":\"ImageObject\",\"inLanguage\":\"it-IT\",\"@id\":\"https:\\\/\\\/joyasyasmin.com\\\/it\\\/producto\\\/orecchino-a-goccia\\\/#primaryimage\",\"url\":\"https:\\\/\\\/joyasyasmin.com\\\/wp-content\\\/uploads\\\/2022\\\/08\\\/pendiente-lagrima-plata.jpg\",\"contentUrl\":\"https:\\\/\\\/joyasyasmin.com\\\/wp-content\\\/uploads\\\/2022\\\/08\\\/pendiente-lagrima-plata.jpg\",\"width\":1960,\"height\":1960,\"caption\":\"Orecchino a goccia in argento con zirconi bianchi in vendita\"},{\"@type\":\"BreadcrumbList\",\"@id\":\"https:\\\/\\\/joyasyasmin.com\\\/it\\\/producto\\\/orecchino-a-goccia\\\/#breadcrumb\",\"itemListElement\":[{\"@type\":\"ListItem\",\"position\":1,\"name\":\"Portada\",\"item\":\"https:\\\/\\\/joyasyasmin.com\\\/it\\\/casa\\\/\"},{\"@type\":\"ListItem\",\"position\":2,\"name\":\"Negozio\",\"item\":\"https:\\\/\\\/joyasyasmin.com\\\/it\\\/negozio\\\/\"},{\"@type\":\"ListItem\",\"position\":3,\"name\":\"Orecchino a goccia\"}]},{\"@type\":\"WebSite\",\"@id\":\"https:\\\/\\\/joyasyasmin.com\\\/it\\\/#website\",\"url\":\"https:\\\/\\\/joyasyasmin.com\\\/it\\\/\",\"name\":\"Yasmin\",\"description\":\"Joyer\u00eda de Plata 925 - Pendientes, pulseras, anillos, colgantes y m\u00e1s!\",\"publisher\":{\"@id\":\"https:\\\/\\\/joyasyasmin.com\\\/it\\\/#organization\"},\"potentialAction\":[{\"@type\":\"SearchAction\",\"target\":{\"@type\":\"EntryPoint\",\"urlTemplate\":\"https:\\\/\\\/joyasyasmin.com\\\/it\\\/?s={search_term_string}\"},\"query-input\":{\"@type\":\"PropertyValueSpecification\",\"valueRequired\":true,\"valueName\":\"search_term_string\"}}],\"inLanguage\":\"it-IT\"},{\"@type\":\"Organization\",\"@id\":\"https:\\\/\\\/joyasyasmin.com\\\/it\\\/#organization\",\"name\":\"joyas yasmin\",\"url\":\"https:\\\/\\\/joyasyasmin.com\\\/it\\\/\",\"logo\":{\"@type\":\"ImageObject\",\"inLanguage\":\"it-IT\",\"@id\":\"https:\\\/\\\/joyasyasmin.com\\\/it\\\/#\\\/schema\\\/logo\\\/image\\\/\",\"url\":\"https:\\\/\\\/joyasyasmin.com\\\/wp-content\\\/uploads\\\/2017\\\/06\\\/IMG-20200429-WA0051.jpg\",\"contentUrl\":\"https:\\\/\\\/joyasyasmin.com\\\/wp-content\\\/uploads\\\/2017\\\/06\\\/IMG-20200429-WA0051.jpg\",\"width\":1080,\"height\":545,\"caption\":\"joyas yasmin\"},\"image\":{\"@id\":\"https:\\\/\\\/joyasyasmin.com\\\/it\\\/#\\\/schema\\\/logo\\\/image\\\/\"},\"sameAs\":[\"https:\\\/\\\/www.facebook.com\\\/Joyas-Yasmin-217664058934169\\\/\",\"https:\\\/\\\/www.instagram.com\\\/invites\\\/contact\\\/\"]}]}<\/script>\n<!-- \/ Yoast SEO plugin. -->","yoast_head_json":{"title":"Orecchino a goccia - Yasmin","description":"L'orecchino a goccia \u00e8 un gioiello progettato per te, per offrirti eleganza e stile. Sar\u00e0 il tuo compagno ideale per quell'appuntamento speciale. Gioielli di legge.","robots":{"index":"index","follow":"follow","max-snippet":"max-snippet:-1","max-image-preview":"max-image-preview:large","max-video-preview":"max-video-preview:-1"},"canonical":"https:\/\/joyasyasmin.com\/it\/producto\/orecchino-a-goccia\/","og_locale":"it_IT","og_title":"Orecchino a goccia - Yasmin","og_description":"L'orecchino a goccia \u00e8 un gioiello progettato per te, per offrirti eleganza e stile. Sar\u00e0 il tuo compagno ideale per quell'appuntamento speciale. Gioielli di legge.","og_url":"https:\/\/joyasyasmin.com\/it\/producto\/orecchino-a-goccia\/","og_site_name":"Yasmin","article_publisher":"https:\/\/www.facebook.com\/Joyas-Yasmin-217664058934169\/","article_modified_time":"2025-11-24T08:03:58+00:00","og_image":[{"width":1960,"height":1960,"url":"https:\/\/joyasyasmin.com\/wp-content\/uploads\/2022\/08\/pendiente-lagrima-plata.jpg","type":"image\/jpeg"}],"twitter_card":"summary_large_image","schema":{"@context":"https:\/\/schema.org","@graph":[{"@type":["WebPage","ItemPage"],"@id":"https:\/\/joyasyasmin.com\/it\/producto\/orecchino-a-goccia\/","url":"https:\/\/joyasyasmin.com\/it\/producto\/orecchino-a-goccia\/","name":"Orecchino a goccia - Yasmin","isPartOf":{"@id":"https:\/\/joyasyasmin.com\/it\/#website"},"primaryImageOfPage":{"@id":"https:\/\/joyasyasmin.com\/it\/producto\/orecchino-a-goccia\/#primaryimage"},"image":{"@id":"https:\/\/joyasyasmin.com\/it\/producto\/orecchino-a-goccia\/#primaryimage"},"thumbnailUrl":"https:\/\/joyasyasmin.com\/wp-content\/uploads\/2022\/08\/pendiente-lagrima-plata.jpg","datePublished":"2022-08-05T15:37:08+00:00","dateModified":"2025-11-24T08:03:58+00:00","description":"L'orecchino a goccia \u00e8 un gioiello progettato per te, per offrirti eleganza e stile. Sar\u00e0 il tuo compagno ideale per quell'appuntamento speciale. Gioielli di legge.","breadcrumb":{"@id":"https:\/\/joyasyasmin.com\/it\/producto\/orecchino-a-goccia\/#breadcrumb"},"inLanguage":"it-IT","potentialAction":[{"@type":"ReadAction","target":["https:\/\/joyasyasmin.com\/it\/producto\/orecchino-a-goccia\/"]}]},{"@type":"ImageObject","inLanguage":"it-IT","@id":"https:\/\/joyasyasmin.com\/it\/producto\/orecchino-a-goccia\/#primaryimage","url":"https:\/\/joyasyasmin.com\/wp-content\/uploads\/2022\/08\/pendiente-lagrima-plata.jpg","contentUrl":"https:\/\/joyasyasmin.com\/wp-content\/uploads\/2022\/08\/pendiente-lagrima-plata.jpg","width":1960,"height":1960,"caption":"Orecchino a goccia in argento con zirconi bianchi in vendita"},{"@type":"BreadcrumbList","@id":"https:\/\/joyasyasmin.com\/it\/producto\/orecchino-a-goccia\/#breadcrumb","itemListElement":[{"@type":"ListItem","position":1,"name":"Portada","item":"https:\/\/joyasyasmin.com\/it\/casa\/"},{"@type":"ListItem","position":2,"name":"Negozio","item":"https:\/\/joyasyasmin.com\/it\/negozio\/"},{"@type":"ListItem","position":3,"name":"Orecchino a goccia"}]},{"@type":"WebSite","@id":"https:\/\/joyasyasmin.com\/it\/#website","url":"https:\/\/joyasyasmin.com\/it\/","name":"Yasmin","description":"Joyer\u00eda de Plata 925 - Pendientes, pulseras, anillos, colgantes y m\u00e1s!","publisher":{"@id":"https:\/\/joyasyasmin.com\/it\/#organization"},"potentialAction":[{"@type":"SearchAction","target":{"@type":"EntryPoint","urlTemplate":"https:\/\/joyasyasmin.com\/it\/?s={search_term_string}"},"query-input":{"@type":"PropertyValueSpecification","valueRequired":true,"valueName":"search_term_string"}}],"inLanguage":"it-IT"},{"@type":"Organization","@id":"https:\/\/joyasyasmin.com\/it\/#organization","name":"joyas yasmin","url":"https:\/\/joyasyasmin.com\/it\/","logo":{"@type":"ImageObject","inLanguage":"it-IT","@id":"https:\/\/joyasyasmin.com\/it\/#\/schema\/logo\/image\/","url":"https:\/\/joyasyasmin.com\/wp-content\/uploads\/2017\/06\/IMG-20200429-WA0051.jpg","contentUrl":"https:\/\/joyasyasmin.com\/wp-content\/uploads\/2017\/06\/IMG-20200429-WA0051.jpg","width":1080,"height":545,"caption":"joyas yasmin"},"image":{"@id":"https:\/\/joyasyasmin.com\/it\/#\/schema\/logo\/image\/"},"sameAs":["https:\/\/www.facebook.com\/Joyas-Yasmin-217664058934169\/","https:\/\/www.instagram.com\/invites\/contact\/"]}]}},"_links":{"self":[{"href":"https:\/\/joyasyasmin.com\/it\/wp-json\/wp\/v2\/product\/25889","targetHints":{"allow":["GET"]}}],"collection":[{"href":"https:\/\/joyasyasmin.com\/it\/wp-json\/wp\/v2\/product"}],"about":[{"href":"https:\/\/joyasyasmin.com\/it\/wp-json\/wp\/v2\/types\/product"}],"replies":[{"embeddable":true,"href":"https:\/\/joyasyasmin.com\/it\/wp-json\/wp\/v2\/comments?post=25889"}],"version-history":[{"count":1,"href":"https:\/\/joyasyasmin.com\/it\/wp-json\/wp\/v2\/product\/25889\/revisions"}],"predecessor-version":[{"id":36320,"href":"https:\/\/joyasyasmin.com\/it\/wp-json\/wp\/v2\/product\/25889\/revisions\/36320"}],"wp:featuredmedia":[{"embeddable":true,"href":"https:\/\/joyasyasmin.com\/it\/wp-json\/wp\/v2\/media\/16682"}],"wp:attachment":[{"href":"https:\/\/joyasyasmin.com\/it\/wp-json\/wp\/v2\/media?parent=25889"}],"wp:term":[{"taxonomy":"product_brand","embeddable":true,"href":"https:\/\/joyasyasmin.com\/it\/wp-json\/wp\/v2\/product_brand?post=25889"},{"taxonomy":"product_cat","embeddable":true,"href":"https:\/\/joyasyasmin.com\/it\/wp-json\/wp\/v2\/product_cat?post=25889"},{"taxonomy":"product_tag","embeddable":true,"href":"https:\/\/joyasyasmin.com\/it\/wp-json\/wp\/v2\/product_tag?post=25889"}],"curies":[{"name":"wp","href":"https:\/\/api.w.org\/{rel}","templated":true}]}}