{"id":27090,"date":"2022-03-16T20:51:52","date_gmt":"2022-03-16T20:51:52","guid":{"rendered":"https:\/\/joyasyasmin.com\/producto\/orecchino-renata-airplane\/"},"modified":"2026-01-26T07:18:56","modified_gmt":"2026-01-26T07:18:56","slug":"orecchino-renata-airplane","status":"publish","type":"product","link":"https:\/\/joyasyasmin.com\/it\/producto\/orecchino-renata-airplane\/","title":{"rendered":"Orecchino Renata Airplane"},"content":{"rendered":"","protected":false},"excerpt":{"rendered":"<p>L&#8217;Orecchino Aeroplano Renata (9mm) realizzato in argento sterling 925 fa parte della nostra collezione da viaggio, una collezione pensata per gli amanti dei viaggi, il suo design con zirconi sulle ali e l&#8217;altra parte dell&#8217;aereo \u00e8 in argento liscio, questo design \u00e8 semplice e prezioso. Questo modello \u00e8 disponibile anche in oro placcato in tre micron di oro 18 carati. <\/p>\n","protected":false},"featured_media":16166,"comment_status":"open","ping_status":"closed","template":"","meta":{"_acf_changed":false,"_joinchat":[]},"product_brand":[],"product_cat":[1765],"product_tag":[4844,4843,4842],"class_list":{"0":"post-27090","1":"product","2":"type-product","3":"status-publish","4":"has-post-thumbnail","6":"product_cat-orecchini-e-orecchini","7":"product_tag-orecchini-da-viaggio-in-argento","8":"product_tag-pista-a-forma-di-aeroplano","9":"product_tag-renata-aereo-in-attesa","11":"first","12":"instock","13":"shipping-taxable","14":"purchasable","15":"product-type-variable"},"acf":[],"yoast_head":"<!-- This site is optimized with the Yoast SEO plugin v27.3 - https:\/\/yoast.com\/product\/yoast-seo-wordpress\/ -->\n<title>Orecchino Renata Airplane - Yasmin<\/title>\n<meta name=\"description\" content=\"Orecchino aeroplano Renata (9mm). Anche questo design \u00e8 in oro, \u00e8 in argento sterling 925, ideale per gli amanti dei viaggi.\" \/>\n<meta name=\"robots\" content=\"index, follow, max-snippet:-1, max-image-preview:large, max-video-preview:-1\" \/>\n<link rel=\"canonical\" href=\"https:\/\/joyasyasmin.com\/it\/producto\/orecchino-renata-airplane\/\" \/>\n<meta property=\"og:locale\" content=\"it_IT\" \/>\n<meta property=\"og:title\" content=\"Orecchino Renata Airplane - Yasmin\" \/>\n<meta property=\"og:description\" content=\"Orecchino aeroplano Renata (9mm). Anche questo design \u00e8 in oro, \u00e8 in argento sterling 925, ideale per gli amanti dei viaggi.\" \/>\n<meta property=\"og:url\" content=\"https:\/\/joyasyasmin.com\/it\/producto\/orecchino-renata-airplane\/\" \/>\n<meta property=\"og:site_name\" content=\"Yasmin\" \/>\n<meta property=\"article:publisher\" content=\"https:\/\/www.facebook.com\/Joyas-Yasmin-217664058934169\/\" \/>\n<meta property=\"article:modified_time\" content=\"2026-01-26T07:18:56+00:00\" \/>\n<meta property=\"og:image\" content=\"https:\/\/joyasyasmin.com\/wp-content\/uploads\/2022\/03\/pendiente-avion.jpg\" \/>\n\t<meta property=\"og:image:width\" content=\"1960\" \/>\n\t<meta property=\"og:image:height\" content=\"1960\" \/>\n\t<meta property=\"og:image:type\" content=\"image\/jpeg\" \/>\n<meta name=\"twitter:card\" content=\"summary_large_image\" \/>\n<script type=\"application\/ld+json\" class=\"yoast-schema-graph\">{\"@context\":\"https:\\\/\\\/schema.org\",\"@graph\":[{\"@type\":[\"WebPage\",\"ItemPage\"],\"@id\":\"https:\\\/\\\/joyasyasmin.com\\\/it\\\/producto\\\/orecchino-renata-airplane\\\/\",\"url\":\"https:\\\/\\\/joyasyasmin.com\\\/it\\\/producto\\\/orecchino-renata-airplane\\\/\",\"name\":\"Orecchino Renata Airplane - Yasmin\",\"isPartOf\":{\"@id\":\"https:\\\/\\\/joyasyasmin.com\\\/it\\\/#website\"},\"primaryImageOfPage\":{\"@id\":\"https:\\\/\\\/joyasyasmin.com\\\/it\\\/producto\\\/orecchino-renata-airplane\\\/#primaryimage\"},\"image\":{\"@id\":\"https:\\\/\\\/joyasyasmin.com\\\/it\\\/producto\\\/orecchino-renata-airplane\\\/#primaryimage\"},\"thumbnailUrl\":\"https:\\\/\\\/joyasyasmin.com\\\/wp-content\\\/uploads\\\/2022\\\/03\\\/pendiente-avion.jpg\",\"datePublished\":\"2022-03-16T20:51:52+00:00\",\"dateModified\":\"2026-01-26T07:18:56+00:00\",\"description\":\"Orecchino aeroplano Renata (9mm). Anche questo design \u00e8 in oro, \u00e8 in argento sterling 925, ideale per gli amanti dei viaggi.\",\"breadcrumb\":{\"@id\":\"https:\\\/\\\/joyasyasmin.com\\\/it\\\/producto\\\/orecchino-renata-airplane\\\/#breadcrumb\"},\"inLanguage\":\"it-IT\",\"potentialAction\":[{\"@type\":\"ReadAction\",\"target\":[\"https:\\\/\\\/joyasyasmin.com\\\/it\\\/producto\\\/orecchino-renata-airplane\\\/\"]}]},{\"@type\":\"ImageObject\",\"inLanguage\":\"it-IT\",\"@id\":\"https:\\\/\\\/joyasyasmin.com\\\/it\\\/producto\\\/orecchino-renata-airplane\\\/#primaryimage\",\"url\":\"https:\\\/\\\/joyasyasmin.com\\\/wp-content\\\/uploads\\\/2022\\\/03\\\/pendiente-avion.jpg\",\"contentUrl\":\"https:\\\/\\\/joyasyasmin.com\\\/wp-content\\\/uploads\\\/2022\\\/03\\\/pendiente-avion.jpg\",\"width\":1960,\"height\":1960,\"caption\":\"Vendita Orecchino a forma di aeroplano in argento\"},{\"@type\":\"BreadcrumbList\",\"@id\":\"https:\\\/\\\/joyasyasmin.com\\\/it\\\/producto\\\/orecchino-renata-airplane\\\/#breadcrumb\",\"itemListElement\":[{\"@type\":\"ListItem\",\"position\":1,\"name\":\"Portada\",\"item\":\"https:\\\/\\\/joyasyasmin.com\\\/it\\\/casa\\\/\"},{\"@type\":\"ListItem\",\"position\":2,\"name\":\"Negozio\",\"item\":\"https:\\\/\\\/joyasyasmin.com\\\/it\\\/negozio\\\/\"},{\"@type\":\"ListItem\",\"position\":3,\"name\":\"Orecchino Renata Airplane\"}]},{\"@type\":\"WebSite\",\"@id\":\"https:\\\/\\\/joyasyasmin.com\\\/it\\\/#website\",\"url\":\"https:\\\/\\\/joyasyasmin.com\\\/it\\\/\",\"name\":\"Yasmin\",\"description\":\"Joyer\u00eda de Plata 925 - Pendientes, pulseras, anillos, colgantes y m\u00e1s!\",\"publisher\":{\"@id\":\"https:\\\/\\\/joyasyasmin.com\\\/it\\\/#organization\"},\"potentialAction\":[{\"@type\":\"SearchAction\",\"target\":{\"@type\":\"EntryPoint\",\"urlTemplate\":\"https:\\\/\\\/joyasyasmin.com\\\/it\\\/?s={search_term_string}\"},\"query-input\":{\"@type\":\"PropertyValueSpecification\",\"valueRequired\":true,\"valueName\":\"search_term_string\"}}],\"inLanguage\":\"it-IT\"},{\"@type\":\"Organization\",\"@id\":\"https:\\\/\\\/joyasyasmin.com\\\/it\\\/#organization\",\"name\":\"joyas yasmin\",\"url\":\"https:\\\/\\\/joyasyasmin.com\\\/it\\\/\",\"logo\":{\"@type\":\"ImageObject\",\"inLanguage\":\"it-IT\",\"@id\":\"https:\\\/\\\/joyasyasmin.com\\\/it\\\/#\\\/schema\\\/logo\\\/image\\\/\",\"url\":\"https:\\\/\\\/joyasyasmin.com\\\/wp-content\\\/uploads\\\/2017\\\/06\\\/IMG-20200429-WA0051.jpg\",\"contentUrl\":\"https:\\\/\\\/joyasyasmin.com\\\/wp-content\\\/uploads\\\/2017\\\/06\\\/IMG-20200429-WA0051.jpg\",\"width\":1080,\"height\":545,\"caption\":\"joyas yasmin\"},\"image\":{\"@id\":\"https:\\\/\\\/joyasyasmin.com\\\/it\\\/#\\\/schema\\\/logo\\\/image\\\/\"},\"sameAs\":[\"https:\\\/\\\/www.facebook.com\\\/Joyas-Yasmin-217664058934169\\\/\",\"https:\\\/\\\/www.instagram.com\\\/invites\\\/contact\\\/\"]}]}<\/script>\n<!-- \/ Yoast SEO plugin. -->","yoast_head_json":{"title":"Orecchino Renata Airplane - Yasmin","description":"Orecchino aeroplano Renata (9mm). Anche questo design \u00e8 in oro, \u00e8 in argento sterling 925, ideale per gli amanti dei viaggi.","robots":{"index":"index","follow":"follow","max-snippet":"max-snippet:-1","max-image-preview":"max-image-preview:large","max-video-preview":"max-video-preview:-1"},"canonical":"https:\/\/joyasyasmin.com\/it\/producto\/orecchino-renata-airplane\/","og_locale":"it_IT","og_title":"Orecchino Renata Airplane - Yasmin","og_description":"Orecchino aeroplano Renata (9mm). Anche questo design \u00e8 in oro, \u00e8 in argento sterling 925, ideale per gli amanti dei viaggi.","og_url":"https:\/\/joyasyasmin.com\/it\/producto\/orecchino-renata-airplane\/","og_site_name":"Yasmin","article_publisher":"https:\/\/www.facebook.com\/Joyas-Yasmin-217664058934169\/","article_modified_time":"2026-01-26T07:18:56+00:00","og_image":[{"width":1960,"height":1960,"url":"https:\/\/joyasyasmin.com\/wp-content\/uploads\/2022\/03\/pendiente-avion.jpg","type":"image\/jpeg"}],"twitter_card":"summary_large_image","schema":{"@context":"https:\/\/schema.org","@graph":[{"@type":["WebPage","ItemPage"],"@id":"https:\/\/joyasyasmin.com\/it\/producto\/orecchino-renata-airplane\/","url":"https:\/\/joyasyasmin.com\/it\/producto\/orecchino-renata-airplane\/","name":"Orecchino Renata Airplane - Yasmin","isPartOf":{"@id":"https:\/\/joyasyasmin.com\/it\/#website"},"primaryImageOfPage":{"@id":"https:\/\/joyasyasmin.com\/it\/producto\/orecchino-renata-airplane\/#primaryimage"},"image":{"@id":"https:\/\/joyasyasmin.com\/it\/producto\/orecchino-renata-airplane\/#primaryimage"},"thumbnailUrl":"https:\/\/joyasyasmin.com\/wp-content\/uploads\/2022\/03\/pendiente-avion.jpg","datePublished":"2022-03-16T20:51:52+00:00","dateModified":"2026-01-26T07:18:56+00:00","description":"Orecchino aeroplano Renata (9mm). Anche questo design \u00e8 in oro, \u00e8 in argento sterling 925, ideale per gli amanti dei viaggi.","breadcrumb":{"@id":"https:\/\/joyasyasmin.com\/it\/producto\/orecchino-renata-airplane\/#breadcrumb"},"inLanguage":"it-IT","potentialAction":[{"@type":"ReadAction","target":["https:\/\/joyasyasmin.com\/it\/producto\/orecchino-renata-airplane\/"]}]},{"@type":"ImageObject","inLanguage":"it-IT","@id":"https:\/\/joyasyasmin.com\/it\/producto\/orecchino-renata-airplane\/#primaryimage","url":"https:\/\/joyasyasmin.com\/wp-content\/uploads\/2022\/03\/pendiente-avion.jpg","contentUrl":"https:\/\/joyasyasmin.com\/wp-content\/uploads\/2022\/03\/pendiente-avion.jpg","width":1960,"height":1960,"caption":"Vendita Orecchino a forma di aeroplano in argento"},{"@type":"BreadcrumbList","@id":"https:\/\/joyasyasmin.com\/it\/producto\/orecchino-renata-airplane\/#breadcrumb","itemListElement":[{"@type":"ListItem","position":1,"name":"Portada","item":"https:\/\/joyasyasmin.com\/it\/casa\/"},{"@type":"ListItem","position":2,"name":"Negozio","item":"https:\/\/joyasyasmin.com\/it\/negozio\/"},{"@type":"ListItem","position":3,"name":"Orecchino Renata Airplane"}]},{"@type":"WebSite","@id":"https:\/\/joyasyasmin.com\/it\/#website","url":"https:\/\/joyasyasmin.com\/it\/","name":"Yasmin","description":"Joyer\u00eda de Plata 925 - Pendientes, pulseras, anillos, colgantes y m\u00e1s!","publisher":{"@id":"https:\/\/joyasyasmin.com\/it\/#organization"},"potentialAction":[{"@type":"SearchAction","target":{"@type":"EntryPoint","urlTemplate":"https:\/\/joyasyasmin.com\/it\/?s={search_term_string}"},"query-input":{"@type":"PropertyValueSpecification","valueRequired":true,"valueName":"search_term_string"}}],"inLanguage":"it-IT"},{"@type":"Organization","@id":"https:\/\/joyasyasmin.com\/it\/#organization","name":"joyas yasmin","url":"https:\/\/joyasyasmin.com\/it\/","logo":{"@type":"ImageObject","inLanguage":"it-IT","@id":"https:\/\/joyasyasmin.com\/it\/#\/schema\/logo\/image\/","url":"https:\/\/joyasyasmin.com\/wp-content\/uploads\/2017\/06\/IMG-20200429-WA0051.jpg","contentUrl":"https:\/\/joyasyasmin.com\/wp-content\/uploads\/2017\/06\/IMG-20200429-WA0051.jpg","width":1080,"height":545,"caption":"joyas yasmin"},"image":{"@id":"https:\/\/joyasyasmin.com\/it\/#\/schema\/logo\/image\/"},"sameAs":["https:\/\/www.facebook.com\/Joyas-Yasmin-217664058934169\/","https:\/\/www.instagram.com\/invites\/contact\/"]}]}},"_links":{"self":[{"href":"https:\/\/joyasyasmin.com\/it\/wp-json\/wp\/v2\/product\/27090","targetHints":{"allow":["GET"]}}],"collection":[{"href":"https:\/\/joyasyasmin.com\/it\/wp-json\/wp\/v2\/product"}],"about":[{"href":"https:\/\/joyasyasmin.com\/it\/wp-json\/wp\/v2\/types\/product"}],"replies":[{"embeddable":true,"href":"https:\/\/joyasyasmin.com\/it\/wp-json\/wp\/v2\/comments?post=27090"}],"version-history":[{"count":1,"href":"https:\/\/joyasyasmin.com\/it\/wp-json\/wp\/v2\/product\/27090\/revisions"}],"predecessor-version":[{"id":37442,"href":"https:\/\/joyasyasmin.com\/it\/wp-json\/wp\/v2\/product\/27090\/revisions\/37442"}],"wp:featuredmedia":[{"embeddable":true,"href":"https:\/\/joyasyasmin.com\/it\/wp-json\/wp\/v2\/media\/16166"}],"wp:attachment":[{"href":"https:\/\/joyasyasmin.com\/it\/wp-json\/wp\/v2\/media?parent=27090"}],"wp:term":[{"taxonomy":"product_brand","embeddable":true,"href":"https:\/\/joyasyasmin.com\/it\/wp-json\/wp\/v2\/product_brand?post=27090"},{"taxonomy":"product_cat","embeddable":true,"href":"https:\/\/joyasyasmin.com\/it\/wp-json\/wp\/v2\/product_cat?post=27090"},{"taxonomy":"product_tag","embeddable":true,"href":"https:\/\/joyasyasmin.com\/it\/wp-json\/wp\/v2\/product_tag?post=27090"}],"curies":[{"name":"wp","href":"https:\/\/api.w.org\/{rel}","templated":true}]}}