{"id":38448,"date":"2026-03-10T17:25:02","date_gmt":"2026-03-10T17:25:02","guid":{"rendered":"https:\/\/joyasyasmin.com\/?post_type=product&#038;p=38448"},"modified":"2026-03-10T18:02:16","modified_gmt":"2026-03-10T18:02:16","slug":"pulsera-eterna-love","status":"publish","type":"product","link":"https:\/\/joyasyasmin.com\/it\/producto\/pulsera-eterna-love\/","title":{"rendered":"Pulsera Eterna Love"},"content":{"rendered":"","protected":false},"excerpt":{"rendered":"<p>Pulsera Eterna Love elaborada en plata 925 con delicada cadena rolo de 1 mm. Presenta tres s\u00edmbolos llenos de significado: un coraz\u00f3n liso que representa el amor, un infinito s\u00edmbolo de uni\u00f3n eterna y una circonita que aporta un toque de brillo. Su largo ajustable de 17 + 3 cm ofrece un ajuste c\u00f3modo y elegante, ideal para llevar a diario.<\/p>\n","protected":false},"featured_media":38449,"comment_status":"open","ping_status":"closed","template":"","meta":{"_acf_changed":false,"_joinchat":[]},"product_brand":[],"product_cat":[66],"product_tag":[1714],"class_list":{"0":"post-38448","1":"product","2":"type-product","3":"status-publish","4":"has-post-thumbnail","6":"product_cat-pulseras","7":"product_tag-novedades","9":"first","10":"instock","11":"shipping-taxable","12":"purchasable","13":"product-type-simple"},"acf":[],"yoast_head":"<!-- This site is optimized with the Yoast SEO plugin v27.2 - https:\/\/yoast.com\/product\/yoast-seo-wordpress\/ -->\n<title>Pulsera Eterna Love - Yasmin<\/title>\n<meta name=\"description\" content=\"Pulsera Eterna Love de plata 925 con cadena rolo de 1 mm, coraz\u00f3n, s\u00edmbolo infinito y circonita. Pulsera elegante de 17 + 3 cm ideal para regalo o para ti.\" \/>\n<meta name=\"robots\" content=\"index, follow, max-snippet:-1, max-image-preview:large, max-video-preview:-1\" \/>\n<link rel=\"canonical\" href=\"https:\/\/joyasyasmin.com\/it\/producto\/pulsera-eterna-love\/\" \/>\n<meta property=\"og:locale\" content=\"it_IT\" \/>\n<meta property=\"og:title\" content=\"Pulsera Eterna Love - Yasmin\" \/>\n<meta property=\"og:description\" content=\"Pulsera Eterna Love de plata 925 con cadena rolo de 1 mm, coraz\u00f3n, s\u00edmbolo infinito y circonita. Pulsera elegante de 17 + 3 cm ideal para regalo o para ti.\" \/>\n<meta property=\"og:url\" content=\"https:\/\/joyasyasmin.com\/it\/producto\/pulsera-eterna-love\/\" \/>\n<meta property=\"og:site_name\" content=\"Yasmin\" \/>\n<meta property=\"article:publisher\" content=\"https:\/\/www.facebook.com\/Joyas-Yasmin-217664058934169\/\" \/>\n<meta property=\"article:modified_time\" content=\"2026-03-10T18:02:16+00:00\" \/>\n<meta property=\"og:image\" content=\"https:\/\/joyasyasmin.com\/wp-content\/uploads\/2026\/03\/pulsera-corazon-infinito.jpg\" \/>\n\t<meta property=\"og:image:width\" content=\"1000\" \/>\n\t<meta property=\"og:image:height\" content=\"1000\" \/>\n\t<meta property=\"og:image:type\" content=\"image\/jpeg\" \/>\n<meta name=\"twitter:card\" content=\"summary_large_image\" \/>\n<script type=\"application\/ld+json\" class=\"yoast-schema-graph\">{\"@context\":\"https:\/\/schema.org\",\"@graph\":[{\"@type\":[\"WebPage\",\"ItemPage\"],\"@id\":\"https:\/\/joyasyasmin.com\/it\/producto\/pulsera-eterna-love\/\",\"url\":\"https:\/\/joyasyasmin.com\/it\/producto\/pulsera-eterna-love\/\",\"name\":\"Pulsera Eterna Love - Yasmin\",\"isPartOf\":{\"@id\":\"https:\/\/joyasyasmin.com\/it\/#website\"},\"primaryImageOfPage\":{\"@id\":\"https:\/\/joyasyasmin.com\/it\/producto\/pulsera-eterna-love\/#primaryimage\"},\"image\":{\"@id\":\"https:\/\/joyasyasmin.com\/it\/producto\/pulsera-eterna-love\/#primaryimage\"},\"thumbnailUrl\":\"https:\/\/joyasyasmin.com\/wp-content\/uploads\/2026\/03\/pulsera-corazon-infinito.jpg\",\"datePublished\":\"2026-03-10T17:25:02+00:00\",\"dateModified\":\"2026-03-10T18:02:16+00:00\",\"description\":\"Pulsera Eterna Love de plata 925 con cadena rolo de 1 mm, coraz\u00f3n, s\u00edmbolo infinito y circonita. Pulsera elegante de 17 + 3 cm ideal para regalo o para ti.\",\"breadcrumb\":{\"@id\":\"https:\/\/joyasyasmin.com\/it\/producto\/pulsera-eterna-love\/#breadcrumb\"},\"inLanguage\":\"it-IT\",\"potentialAction\":[{\"@type\":\"ReadAction\",\"target\":[\"https:\/\/joyasyasmin.com\/it\/producto\/pulsera-eterna-love\/\"]}]},{\"@type\":\"ImageObject\",\"inLanguage\":\"it-IT\",\"@id\":\"https:\/\/joyasyasmin.com\/it\/producto\/pulsera-eterna-love\/#primaryimage\",\"url\":\"https:\/\/joyasyasmin.com\/wp-content\/uploads\/2026\/03\/pulsera-corazon-infinito.jpg\",\"contentUrl\":\"https:\/\/joyasyasmin.com\/wp-content\/uploads\/2026\/03\/pulsera-corazon-infinito.jpg\",\"width\":1000,\"height\":1000,\"caption\":\"venta de pulsera eterna love de plata 925\"},{\"@type\":\"BreadcrumbList\",\"@id\":\"https:\/\/joyasyasmin.com\/it\/producto\/pulsera-eterna-love\/#breadcrumb\",\"itemListElement\":[{\"@type\":\"ListItem\",\"position\":1,\"name\":\"Portada\",\"item\":\"https:\/\/joyasyasmin.com\/it\/casa\/\"},{\"@type\":\"ListItem\",\"position\":2,\"name\":\"Negozio\",\"item\":\"https:\/\/joyasyasmin.com\/it\/negozio\/\"},{\"@type\":\"ListItem\",\"position\":3,\"name\":\"Pulsera Eterna Love\"}]},{\"@type\":\"WebSite\",\"@id\":\"https:\/\/joyasyasmin.com\/it\/#website\",\"url\":\"https:\/\/joyasyasmin.com\/it\/\",\"name\":\"Yasmin\",\"description\":\"Joyer\u00eda de Plata 925 - Pendientes, pulseras, anillos, colgantes y m\u00e1s!\",\"publisher\":{\"@id\":\"https:\/\/joyasyasmin.com\/it\/#organization\"},\"potentialAction\":[{\"@type\":\"SearchAction\",\"target\":{\"@type\":\"EntryPoint\",\"urlTemplate\":\"https:\/\/joyasyasmin.com\/it\/?s={search_term_string}\"},\"query-input\":{\"@type\":\"PropertyValueSpecification\",\"valueRequired\":true,\"valueName\":\"search_term_string\"}}],\"inLanguage\":\"it-IT\"},{\"@type\":\"Organization\",\"@id\":\"https:\/\/joyasyasmin.com\/it\/#organization\",\"name\":\"joyas yasmin\",\"url\":\"https:\/\/joyasyasmin.com\/it\/\",\"logo\":{\"@type\":\"ImageObject\",\"inLanguage\":\"it-IT\",\"@id\":\"https:\/\/joyasyasmin.com\/it\/#\/schema\/logo\/image\/\",\"url\":\"https:\/\/joyasyasmin.com\/wp-content\/uploads\/2017\/06\/IMG-20200429-WA0051.jpg\",\"contentUrl\":\"https:\/\/joyasyasmin.com\/wp-content\/uploads\/2017\/06\/IMG-20200429-WA0051.jpg\",\"width\":1080,\"height\":545,\"caption\":\"joyas yasmin\"},\"image\":{\"@id\":\"https:\/\/joyasyasmin.com\/it\/#\/schema\/logo\/image\/\"},\"sameAs\":[\"https:\/\/www.facebook.com\/Joyas-Yasmin-217664058934169\/\",\"https:\/\/www.instagram.com\/invites\/contact\/\"]}]}<\/script>\n<!-- \/ Yoast SEO plugin. -->","yoast_head_json":{"title":"Pulsera Eterna Love - Yasmin","description":"Pulsera Eterna Love de plata 925 con cadena rolo de 1 mm, coraz\u00f3n, s\u00edmbolo infinito y circonita. Pulsera elegante de 17 + 3 cm ideal para regalo o para ti.","robots":{"index":"index","follow":"follow","max-snippet":"max-snippet:-1","max-image-preview":"max-image-preview:large","max-video-preview":"max-video-preview:-1"},"canonical":"https:\/\/joyasyasmin.com\/it\/producto\/pulsera-eterna-love\/","og_locale":"it_IT","og_title":"Pulsera Eterna Love - Yasmin","og_description":"Pulsera Eterna Love de plata 925 con cadena rolo de 1 mm, coraz\u00f3n, s\u00edmbolo infinito y circonita. Pulsera elegante de 17 + 3 cm ideal para regalo o para ti.","og_url":"https:\/\/joyasyasmin.com\/it\/producto\/pulsera-eterna-love\/","og_site_name":"Yasmin","article_publisher":"https:\/\/www.facebook.com\/Joyas-Yasmin-217664058934169\/","article_modified_time":"2026-03-10T18:02:16+00:00","og_image":[{"width":1000,"height":1000,"url":"https:\/\/joyasyasmin.com\/wp-content\/uploads\/2026\/03\/pulsera-corazon-infinito.jpg","type":"image\/jpeg"}],"twitter_card":"summary_large_image","schema":{"@context":"https:\/\/schema.org","@graph":[{"@type":["WebPage","ItemPage"],"@id":"https:\/\/joyasyasmin.com\/it\/producto\/pulsera-eterna-love\/","url":"https:\/\/joyasyasmin.com\/it\/producto\/pulsera-eterna-love\/","name":"Pulsera Eterna Love - Yasmin","isPartOf":{"@id":"https:\/\/joyasyasmin.com\/it\/#website"},"primaryImageOfPage":{"@id":"https:\/\/joyasyasmin.com\/it\/producto\/pulsera-eterna-love\/#primaryimage"},"image":{"@id":"https:\/\/joyasyasmin.com\/it\/producto\/pulsera-eterna-love\/#primaryimage"},"thumbnailUrl":"https:\/\/joyasyasmin.com\/wp-content\/uploads\/2026\/03\/pulsera-corazon-infinito.jpg","datePublished":"2026-03-10T17:25:02+00:00","dateModified":"2026-03-10T18:02:16+00:00","description":"Pulsera Eterna Love de plata 925 con cadena rolo de 1 mm, coraz\u00f3n, s\u00edmbolo infinito y circonita. Pulsera elegante de 17 + 3 cm ideal para regalo o para ti.","breadcrumb":{"@id":"https:\/\/joyasyasmin.com\/it\/producto\/pulsera-eterna-love\/#breadcrumb"},"inLanguage":"it-IT","potentialAction":[{"@type":"ReadAction","target":["https:\/\/joyasyasmin.com\/it\/producto\/pulsera-eterna-love\/"]}]},{"@type":"ImageObject","inLanguage":"it-IT","@id":"https:\/\/joyasyasmin.com\/it\/producto\/pulsera-eterna-love\/#primaryimage","url":"https:\/\/joyasyasmin.com\/wp-content\/uploads\/2026\/03\/pulsera-corazon-infinito.jpg","contentUrl":"https:\/\/joyasyasmin.com\/wp-content\/uploads\/2026\/03\/pulsera-corazon-infinito.jpg","width":1000,"height":1000,"caption":"venta de pulsera eterna love de plata 925"},{"@type":"BreadcrumbList","@id":"https:\/\/joyasyasmin.com\/it\/producto\/pulsera-eterna-love\/#breadcrumb","itemListElement":[{"@type":"ListItem","position":1,"name":"Portada","item":"https:\/\/joyasyasmin.com\/it\/casa\/"},{"@type":"ListItem","position":2,"name":"Negozio","item":"https:\/\/joyasyasmin.com\/it\/negozio\/"},{"@type":"ListItem","position":3,"name":"Pulsera Eterna Love"}]},{"@type":"WebSite","@id":"https:\/\/joyasyasmin.com\/it\/#website","url":"https:\/\/joyasyasmin.com\/it\/","name":"Yasmin","description":"Joyer\u00eda de Plata 925 - Pendientes, pulseras, anillos, colgantes y m\u00e1s!","publisher":{"@id":"https:\/\/joyasyasmin.com\/it\/#organization"},"potentialAction":[{"@type":"SearchAction","target":{"@type":"EntryPoint","urlTemplate":"https:\/\/joyasyasmin.com\/it\/?s={search_term_string}"},"query-input":{"@type":"PropertyValueSpecification","valueRequired":true,"valueName":"search_term_string"}}],"inLanguage":"it-IT"},{"@type":"Organization","@id":"https:\/\/joyasyasmin.com\/it\/#organization","name":"joyas yasmin","url":"https:\/\/joyasyasmin.com\/it\/","logo":{"@type":"ImageObject","inLanguage":"it-IT","@id":"https:\/\/joyasyasmin.com\/it\/#\/schema\/logo\/image\/","url":"https:\/\/joyasyasmin.com\/wp-content\/uploads\/2017\/06\/IMG-20200429-WA0051.jpg","contentUrl":"https:\/\/joyasyasmin.com\/wp-content\/uploads\/2017\/06\/IMG-20200429-WA0051.jpg","width":1080,"height":545,"caption":"joyas yasmin"},"image":{"@id":"https:\/\/joyasyasmin.com\/it\/#\/schema\/logo\/image\/"},"sameAs":["https:\/\/www.facebook.com\/Joyas-Yasmin-217664058934169\/","https:\/\/www.instagram.com\/invites\/contact\/"]}]}},"_links":{"self":[{"href":"https:\/\/joyasyasmin.com\/it\/wp-json\/wp\/v2\/product\/38448","targetHints":{"allow":["GET"]}}],"collection":[{"href":"https:\/\/joyasyasmin.com\/it\/wp-json\/wp\/v2\/product"}],"about":[{"href":"https:\/\/joyasyasmin.com\/it\/wp-json\/wp\/v2\/types\/product"}],"replies":[{"embeddable":true,"href":"https:\/\/joyasyasmin.com\/it\/wp-json\/wp\/v2\/comments?post=38448"}],"version-history":[{"count":1,"href":"https:\/\/joyasyasmin.com\/it\/wp-json\/wp\/v2\/product\/38448\/revisions"}],"predecessor-version":[{"id":38462,"href":"https:\/\/joyasyasmin.com\/it\/wp-json\/wp\/v2\/product\/38448\/revisions\/38462"}],"wp:featuredmedia":[{"embeddable":true,"href":"https:\/\/joyasyasmin.com\/it\/wp-json\/wp\/v2\/media\/38449"}],"wp:attachment":[{"href":"https:\/\/joyasyasmin.com\/it\/wp-json\/wp\/v2\/media?parent=38448"}],"wp:term":[{"taxonomy":"product_brand","embeddable":true,"href":"https:\/\/joyasyasmin.com\/it\/wp-json\/wp\/v2\/product_brand?post=38448"},{"taxonomy":"product_cat","embeddable":true,"href":"https:\/\/joyasyasmin.com\/it\/wp-json\/wp\/v2\/product_cat?post=38448"},{"taxonomy":"product_tag","embeddable":true,"href":"https:\/\/joyasyasmin.com\/it\/wp-json\/wp\/v2\/product_tag?post=38448"}],"curies":[{"name":"wp","href":"https:\/\/api.w.org\/{rel}","templated":true}]}}