{"id":38485,"date":"2026-03-10T17:52:52","date_gmt":"2026-03-10T17:52:52","guid":{"rendered":"https:\/\/joyasyasmin.com\/?post_type=product&#038;p=38485"},"modified":"2026-03-10T18:01:36","modified_gmt":"2026-03-10T18:01:36","slug":"pendiente-corazon-ilusion","status":"publish","type":"product","link":"https:\/\/joyasyasmin.com\/it\/producto\/pendiente-corazon-ilusion\/","title":{"rendered":"Pendiente Coraz\u00f3n Ilusi\u00f3n"},"content":{"rendered":"","protected":false},"excerpt":{"rendered":"<p>Pendiente Coraz\u00f3n Ilusi\u00f3n elaborado en plata, con delicado dise\u00f1o de coraz\u00f3n de 7 mm disponible con circonita roja o azul que aporta un brillo elegante y juvenil. Cuenta con cierre de tuerca a presi\u00f3n para un ajuste c\u00f3modo y seguro. Una joya peque\u00f1a y vers\u00e1til ideal para uso diario o para combinar con otros pendientes.<\/p>\n","protected":false},"featured_media":38486,"comment_status":"open","ping_status":"closed","template":"","meta":{"_acf_changed":false,"_joinchat":[]},"product_brand":[],"product_cat":[64],"product_tag":[],"class_list":{"0":"post-38485","1":"product","2":"type-product","3":"status-publish","4":"has-post-thumbnail","6":"product_cat-aros-pendientes","8":"first","9":"instock","10":"shipping-taxable","11":"purchasable","12":"product-type-variable"},"acf":[],"yoast_head":"<!-- This site is optimized with the Yoast SEO plugin v27.2 - https:\/\/yoast.com\/product\/yoast-seo-wordpress\/ -->\n<title>Pendiente Coraz\u00f3n Ilusi\u00f3n - Yasmin<\/title>\n<meta name=\"description\" content=\"Pendiente Coraz\u00f3n Ilusi\u00f3n de 7 mm en plata con circonita roja o azul y cierre de tuerca a presi\u00f3n. Dise\u00f1o delicado y brillante ideal para uso diario.\" \/>\n<meta name=\"robots\" content=\"index, follow, max-snippet:-1, max-image-preview:large, max-video-preview:-1\" \/>\n<link rel=\"canonical\" href=\"https:\/\/joyasyasmin.com\/it\/producto\/pendiente-corazon-ilusion\/\" \/>\n<meta property=\"og:locale\" content=\"it_IT\" \/>\n<meta property=\"og:title\" content=\"Pendiente Coraz\u00f3n Ilusi\u00f3n - Yasmin\" \/>\n<meta property=\"og:description\" content=\"Pendiente Coraz\u00f3n Ilusi\u00f3n de 7 mm en plata con circonita roja o azul y cierre de tuerca a presi\u00f3n. Dise\u00f1o delicado y brillante ideal para uso diario.\" \/>\n<meta property=\"og:url\" content=\"https:\/\/joyasyasmin.com\/it\/producto\/pendiente-corazon-ilusion\/\" \/>\n<meta property=\"og:site_name\" content=\"Yasmin\" \/>\n<meta property=\"article:publisher\" content=\"https:\/\/www.facebook.com\/Joyas-Yasmin-217664058934169\/\" \/>\n<meta property=\"article:modified_time\" content=\"2026-03-10T18:01:36+00:00\" \/>\n<meta property=\"og:image\" content=\"https:\/\/joyasyasmin.com\/wp-content\/uploads\/2026\/03\/pendiente-corazon-azul.jpg\" \/>\n\t<meta property=\"og:image:width\" content=\"1000\" \/>\n\t<meta property=\"og:image:height\" content=\"1000\" \/>\n\t<meta property=\"og:image:type\" content=\"image\/jpeg\" \/>\n<meta name=\"twitter:card\" content=\"summary_large_image\" \/>\n<script type=\"application\/ld+json\" class=\"yoast-schema-graph\">{\"@context\":\"https:\/\/schema.org\",\"@graph\":[{\"@type\":[\"WebPage\",\"ItemPage\"],\"@id\":\"https:\/\/joyasyasmin.com\/it\/producto\/pendiente-corazon-ilusion\/\",\"url\":\"https:\/\/joyasyasmin.com\/it\/producto\/pendiente-corazon-ilusion\/\",\"name\":\"Pendiente Coraz\u00f3n Ilusi\u00f3n - Yasmin\",\"isPartOf\":{\"@id\":\"https:\/\/joyasyasmin.com\/it\/#website\"},\"primaryImageOfPage\":{\"@id\":\"https:\/\/joyasyasmin.com\/it\/producto\/pendiente-corazon-ilusion\/#primaryimage\"},\"image\":{\"@id\":\"https:\/\/joyasyasmin.com\/it\/producto\/pendiente-corazon-ilusion\/#primaryimage\"},\"thumbnailUrl\":\"https:\/\/joyasyasmin.com\/wp-content\/uploads\/2026\/03\/pendiente-corazon-azul.jpg\",\"datePublished\":\"2026-03-10T17:52:52+00:00\",\"dateModified\":\"2026-03-10T18:01:36+00:00\",\"description\":\"Pendiente Coraz\u00f3n Ilusi\u00f3n de 7 mm en plata con circonita roja o azul y cierre de tuerca a presi\u00f3n. Dise\u00f1o delicado y brillante ideal para uso diario.\",\"breadcrumb\":{\"@id\":\"https:\/\/joyasyasmin.com\/it\/producto\/pendiente-corazon-ilusion\/#breadcrumb\"},\"inLanguage\":\"it-IT\",\"potentialAction\":[{\"@type\":\"ReadAction\",\"target\":[\"https:\/\/joyasyasmin.com\/it\/producto\/pendiente-corazon-ilusion\/\"]}]},{\"@type\":\"ImageObject\",\"inLanguage\":\"it-IT\",\"@id\":\"https:\/\/joyasyasmin.com\/it\/producto\/pendiente-corazon-ilusion\/#primaryimage\",\"url\":\"https:\/\/joyasyasmin.com\/wp-content\/uploads\/2026\/03\/pendiente-corazon-azul.jpg\",\"contentUrl\":\"https:\/\/joyasyasmin.com\/wp-content\/uploads\/2026\/03\/pendiente-corazon-azul.jpg\",\"width\":1000,\"height\":1000,\"caption\":\"venta pendiente coraz\u00f3n azul ilusion de plata 925\"},{\"@type\":\"BreadcrumbList\",\"@id\":\"https:\/\/joyasyasmin.com\/it\/producto\/pendiente-corazon-ilusion\/#breadcrumb\",\"itemListElement\":[{\"@type\":\"ListItem\",\"position\":1,\"name\":\"Portada\",\"item\":\"https:\/\/joyasyasmin.com\/it\/casa\/\"},{\"@type\":\"ListItem\",\"position\":2,\"name\":\"Negozio\",\"item\":\"https:\/\/joyasyasmin.com\/it\/negozio\/\"},{\"@type\":\"ListItem\",\"position\":3,\"name\":\"Pendiente Coraz\u00f3n Ilusi\u00f3n\"}]},{\"@type\":\"WebSite\",\"@id\":\"https:\/\/joyasyasmin.com\/it\/#website\",\"url\":\"https:\/\/joyasyasmin.com\/it\/\",\"name\":\"Yasmin\",\"description\":\"Joyer\u00eda de Plata 925 - Pendientes, pulseras, anillos, colgantes y m\u00e1s!\",\"publisher\":{\"@id\":\"https:\/\/joyasyasmin.com\/it\/#organization\"},\"potentialAction\":[{\"@type\":\"SearchAction\",\"target\":{\"@type\":\"EntryPoint\",\"urlTemplate\":\"https:\/\/joyasyasmin.com\/it\/?s={search_term_string}\"},\"query-input\":{\"@type\":\"PropertyValueSpecification\",\"valueRequired\":true,\"valueName\":\"search_term_string\"}}],\"inLanguage\":\"it-IT\"},{\"@type\":\"Organization\",\"@id\":\"https:\/\/joyasyasmin.com\/it\/#organization\",\"name\":\"joyas yasmin\",\"url\":\"https:\/\/joyasyasmin.com\/it\/\",\"logo\":{\"@type\":\"ImageObject\",\"inLanguage\":\"it-IT\",\"@id\":\"https:\/\/joyasyasmin.com\/it\/#\/schema\/logo\/image\/\",\"url\":\"https:\/\/joyasyasmin.com\/wp-content\/uploads\/2017\/06\/IMG-20200429-WA0051.jpg\",\"contentUrl\":\"https:\/\/joyasyasmin.com\/wp-content\/uploads\/2017\/06\/IMG-20200429-WA0051.jpg\",\"width\":1080,\"height\":545,\"caption\":\"joyas yasmin\"},\"image\":{\"@id\":\"https:\/\/joyasyasmin.com\/it\/#\/schema\/logo\/image\/\"},\"sameAs\":[\"https:\/\/www.facebook.com\/Joyas-Yasmin-217664058934169\/\",\"https:\/\/www.instagram.com\/invites\/contact\/\"]}]}<\/script>\n<!-- \/ Yoast SEO plugin. -->","yoast_head_json":{"title":"Pendiente Coraz\u00f3n Ilusi\u00f3n - Yasmin","description":"Pendiente Coraz\u00f3n Ilusi\u00f3n de 7 mm en plata con circonita roja o azul y cierre de tuerca a presi\u00f3n. Dise\u00f1o delicado y brillante ideal para uso diario.","robots":{"index":"index","follow":"follow","max-snippet":"max-snippet:-1","max-image-preview":"max-image-preview:large","max-video-preview":"max-video-preview:-1"},"canonical":"https:\/\/joyasyasmin.com\/it\/producto\/pendiente-corazon-ilusion\/","og_locale":"it_IT","og_title":"Pendiente Coraz\u00f3n Ilusi\u00f3n - Yasmin","og_description":"Pendiente Coraz\u00f3n Ilusi\u00f3n de 7 mm en plata con circonita roja o azul y cierre de tuerca a presi\u00f3n. Dise\u00f1o delicado y brillante ideal para uso diario.","og_url":"https:\/\/joyasyasmin.com\/it\/producto\/pendiente-corazon-ilusion\/","og_site_name":"Yasmin","article_publisher":"https:\/\/www.facebook.com\/Joyas-Yasmin-217664058934169\/","article_modified_time":"2026-03-10T18:01:36+00:00","og_image":[{"width":1000,"height":1000,"url":"https:\/\/joyasyasmin.com\/wp-content\/uploads\/2026\/03\/pendiente-corazon-azul.jpg","type":"image\/jpeg"}],"twitter_card":"summary_large_image","schema":{"@context":"https:\/\/schema.org","@graph":[{"@type":["WebPage","ItemPage"],"@id":"https:\/\/joyasyasmin.com\/it\/producto\/pendiente-corazon-ilusion\/","url":"https:\/\/joyasyasmin.com\/it\/producto\/pendiente-corazon-ilusion\/","name":"Pendiente Coraz\u00f3n Ilusi\u00f3n - Yasmin","isPartOf":{"@id":"https:\/\/joyasyasmin.com\/it\/#website"},"primaryImageOfPage":{"@id":"https:\/\/joyasyasmin.com\/it\/producto\/pendiente-corazon-ilusion\/#primaryimage"},"image":{"@id":"https:\/\/joyasyasmin.com\/it\/producto\/pendiente-corazon-ilusion\/#primaryimage"},"thumbnailUrl":"https:\/\/joyasyasmin.com\/wp-content\/uploads\/2026\/03\/pendiente-corazon-azul.jpg","datePublished":"2026-03-10T17:52:52+00:00","dateModified":"2026-03-10T18:01:36+00:00","description":"Pendiente Coraz\u00f3n Ilusi\u00f3n de 7 mm en plata con circonita roja o azul y cierre de tuerca a presi\u00f3n. Dise\u00f1o delicado y brillante ideal para uso diario.","breadcrumb":{"@id":"https:\/\/joyasyasmin.com\/it\/producto\/pendiente-corazon-ilusion\/#breadcrumb"},"inLanguage":"it-IT","potentialAction":[{"@type":"ReadAction","target":["https:\/\/joyasyasmin.com\/it\/producto\/pendiente-corazon-ilusion\/"]}]},{"@type":"ImageObject","inLanguage":"it-IT","@id":"https:\/\/joyasyasmin.com\/it\/producto\/pendiente-corazon-ilusion\/#primaryimage","url":"https:\/\/joyasyasmin.com\/wp-content\/uploads\/2026\/03\/pendiente-corazon-azul.jpg","contentUrl":"https:\/\/joyasyasmin.com\/wp-content\/uploads\/2026\/03\/pendiente-corazon-azul.jpg","width":1000,"height":1000,"caption":"venta pendiente coraz\u00f3n azul ilusion de plata 925"},{"@type":"BreadcrumbList","@id":"https:\/\/joyasyasmin.com\/it\/producto\/pendiente-corazon-ilusion\/#breadcrumb","itemListElement":[{"@type":"ListItem","position":1,"name":"Portada","item":"https:\/\/joyasyasmin.com\/it\/casa\/"},{"@type":"ListItem","position":2,"name":"Negozio","item":"https:\/\/joyasyasmin.com\/it\/negozio\/"},{"@type":"ListItem","position":3,"name":"Pendiente Coraz\u00f3n Ilusi\u00f3n"}]},{"@type":"WebSite","@id":"https:\/\/joyasyasmin.com\/it\/#website","url":"https:\/\/joyasyasmin.com\/it\/","name":"Yasmin","description":"Joyer\u00eda de Plata 925 - Pendientes, pulseras, anillos, colgantes y m\u00e1s!","publisher":{"@id":"https:\/\/joyasyasmin.com\/it\/#organization"},"potentialAction":[{"@type":"SearchAction","target":{"@type":"EntryPoint","urlTemplate":"https:\/\/joyasyasmin.com\/it\/?s={search_term_string}"},"query-input":{"@type":"PropertyValueSpecification","valueRequired":true,"valueName":"search_term_string"}}],"inLanguage":"it-IT"},{"@type":"Organization","@id":"https:\/\/joyasyasmin.com\/it\/#organization","name":"joyas yasmin","url":"https:\/\/joyasyasmin.com\/it\/","logo":{"@type":"ImageObject","inLanguage":"it-IT","@id":"https:\/\/joyasyasmin.com\/it\/#\/schema\/logo\/image\/","url":"https:\/\/joyasyasmin.com\/wp-content\/uploads\/2017\/06\/IMG-20200429-WA0051.jpg","contentUrl":"https:\/\/joyasyasmin.com\/wp-content\/uploads\/2017\/06\/IMG-20200429-WA0051.jpg","width":1080,"height":545,"caption":"joyas yasmin"},"image":{"@id":"https:\/\/joyasyasmin.com\/it\/#\/schema\/logo\/image\/"},"sameAs":["https:\/\/www.facebook.com\/Joyas-Yasmin-217664058934169\/","https:\/\/www.instagram.com\/invites\/contact\/"]}]}},"_links":{"self":[{"href":"https:\/\/joyasyasmin.com\/it\/wp-json\/wp\/v2\/product\/38485","targetHints":{"allow":["GET"]}}],"collection":[{"href":"https:\/\/joyasyasmin.com\/it\/wp-json\/wp\/v2\/product"}],"about":[{"href":"https:\/\/joyasyasmin.com\/it\/wp-json\/wp\/v2\/types\/product"}],"replies":[{"embeddable":true,"href":"https:\/\/joyasyasmin.com\/it\/wp-json\/wp\/v2\/comments?post=38485"}],"version-history":[{"count":1,"href":"https:\/\/joyasyasmin.com\/it\/wp-json\/wp\/v2\/product\/38485\/revisions"}],"predecessor-version":[{"id":38506,"href":"https:\/\/joyasyasmin.com\/it\/wp-json\/wp\/v2\/product\/38485\/revisions\/38506"}],"wp:featuredmedia":[{"embeddable":true,"href":"https:\/\/joyasyasmin.com\/it\/wp-json\/wp\/v2\/media\/38486"}],"wp:attachment":[{"href":"https:\/\/joyasyasmin.com\/it\/wp-json\/wp\/v2\/media?parent=38485"}],"wp:term":[{"taxonomy":"product_brand","embeddable":true,"href":"https:\/\/joyasyasmin.com\/it\/wp-json\/wp\/v2\/product_brand?post=38485"},{"taxonomy":"product_cat","embeddable":true,"href":"https:\/\/joyasyasmin.com\/it\/wp-json\/wp\/v2\/product_cat?post=38485"},{"taxonomy":"product_tag","embeddable":true,"href":"https:\/\/joyasyasmin.com\/it\/wp-json\/wp\/v2\/product_tag?post=38485"}],"curies":[{"name":"wp","href":"https:\/\/api.w.org\/{rel}","templated":true}]}}