{"id":39123,"date":"2026-04-28T20:15:42","date_gmt":"2026-04-28T20:15:42","guid":{"rendered":"https:\/\/joyasyasmin.com\/?post_type=product&#038;p=39123"},"modified":"2026-04-28T21:52:11","modified_gmt":"2026-04-28T21:52:11","slug":"anillo-alas-arcangel-san-miguel","status":"publish","type":"product","link":"https:\/\/joyasyasmin.com\/it\/producto\/anillo-alas-arcangel-san-miguel\/","title":{"rendered":"Anillo Alas Arc\u00e1ngel San Miguel"},"content":{"rendered":"","protected":false},"excerpt":{"rendered":"<p>Anillo Alas Arc\u00e1ngel San Miguel elaborado en plata 925, con dise\u00f1o abierto que representa las alas protectoras del arc\u00e1ngel como s\u00edmbolo de defensa, fuerza y gu\u00eda espiritual. Su formato ajustable lo hace talla \u00fanica, equivalente hasta una talla 18, ofreciendo comodidad y versatilidad. Una pieza con gran significado ideal para llevar protecci\u00f3n y estilo en el d\u00eda a d\u00eda.<\/p>\n","protected":false},"featured_media":39124,"comment_status":"open","ping_status":"closed","template":"","meta":{"_acf_changed":false,"_joinchat":[]},"product_brand":[],"product_cat":[67],"product_tag":[],"class_list":{"0":"post-39123","1":"product","2":"type-product","3":"status-publish","4":"has-post-thumbnail","6":"product_cat-anillos-sortijas","8":"first","9":"instock","10":"shipping-taxable","11":"purchasable","12":"product-type-simple"},"acf":[],"yoast_head":"<!-- This site is optimized with the Yoast SEO plugin v27.3 - https:\/\/yoast.com\/product\/yoast-seo-wordpress\/ -->\n<title>Anillo Alas Arc\u00e1ngel San Miguel - Yasmin<\/title>\n<meta name=\"description\" content=\"Anillo Alas Arc\u00e1ngel San Miguel de plata 925, ajustable talla \u00fanica hasta talla 18. Dise\u00f1o abierto, s\u00edmbolo de protecci\u00f3n, fuerza y gu\u00eda espiritual.\" \/>\n<meta name=\"robots\" content=\"index, follow, max-snippet:-1, max-image-preview:large, max-video-preview:-1\" \/>\n<link rel=\"canonical\" href=\"https:\/\/joyasyasmin.com\/it\/producto\/anillo-alas-arcangel-san-miguel\/\" \/>\n<meta property=\"og:locale\" content=\"it_IT\" \/>\n<meta property=\"og:title\" content=\"Anillo Alas Arc\u00e1ngel San Miguel - Yasmin\" \/>\n<meta property=\"og:description\" content=\"Anillo Alas Arc\u00e1ngel San Miguel de plata 925, ajustable talla \u00fanica hasta talla 18. Dise\u00f1o abierto, s\u00edmbolo de protecci\u00f3n, fuerza y gu\u00eda espiritual.\" \/>\n<meta property=\"og:url\" content=\"https:\/\/joyasyasmin.com\/it\/producto\/anillo-alas-arcangel-san-miguel\/\" \/>\n<meta property=\"og:site_name\" content=\"Yasmin\" \/>\n<meta property=\"article:publisher\" content=\"https:\/\/www.facebook.com\/Joyas-Yasmin-217664058934169\/\" \/>\n<meta property=\"article:modified_time\" content=\"2026-04-28T21:52:11+00:00\" \/>\n<meta property=\"og:image\" content=\"https:\/\/joyasyasmin.com\/wp-content\/uploads\/2026\/04\/anillo-alas-san-miguel.jpg\" \/>\n\t<meta property=\"og:image:width\" content=\"1000\" \/>\n\t<meta property=\"og:image:height\" content=\"1000\" \/>\n\t<meta property=\"og:image:type\" content=\"image\/jpeg\" \/>\n<meta name=\"twitter:card\" content=\"summary_large_image\" \/>\n<script type=\"application\/ld+json\" class=\"yoast-schema-graph\">{\"@context\":\"https:\\\/\\\/schema.org\",\"@graph\":[{\"@type\":[\"WebPage\",\"ItemPage\"],\"@id\":\"https:\\\/\\\/joyasyasmin.com\\\/it\\\/producto\\\/anillo-alas-arcangel-san-miguel\\\/\",\"url\":\"https:\\\/\\\/joyasyasmin.com\\\/it\\\/producto\\\/anillo-alas-arcangel-san-miguel\\\/\",\"name\":\"Anillo Alas Arc\u00e1ngel San Miguel - Yasmin\",\"isPartOf\":{\"@id\":\"https:\\\/\\\/joyasyasmin.com\\\/it\\\/#website\"},\"primaryImageOfPage\":{\"@id\":\"https:\\\/\\\/joyasyasmin.com\\\/it\\\/producto\\\/anillo-alas-arcangel-san-miguel\\\/#primaryimage\"},\"image\":{\"@id\":\"https:\\\/\\\/joyasyasmin.com\\\/it\\\/producto\\\/anillo-alas-arcangel-san-miguel\\\/#primaryimage\"},\"thumbnailUrl\":\"https:\\\/\\\/joyasyasmin.com\\\/wp-content\\\/uploads\\\/2026\\\/04\\\/anillo-alas-san-miguel.jpg\",\"datePublished\":\"2026-04-28T20:15:42+00:00\",\"dateModified\":\"2026-04-28T21:52:11+00:00\",\"description\":\"Anillo Alas Arc\u00e1ngel San Miguel de plata 925, ajustable talla \u00fanica hasta talla 18. Dise\u00f1o abierto, s\u00edmbolo de protecci\u00f3n, fuerza y gu\u00eda espiritual.\",\"breadcrumb\":{\"@id\":\"https:\\\/\\\/joyasyasmin.com\\\/it\\\/producto\\\/anillo-alas-arcangel-san-miguel\\\/#breadcrumb\"},\"inLanguage\":\"it-IT\",\"potentialAction\":[{\"@type\":\"ReadAction\",\"target\":[\"https:\\\/\\\/joyasyasmin.com\\\/it\\\/producto\\\/anillo-alas-arcangel-san-miguel\\\/\"]}]},{\"@type\":\"ImageObject\",\"inLanguage\":\"it-IT\",\"@id\":\"https:\\\/\\\/joyasyasmin.com\\\/it\\\/producto\\\/anillo-alas-arcangel-san-miguel\\\/#primaryimage\",\"url\":\"https:\\\/\\\/joyasyasmin.com\\\/wp-content\\\/uploads\\\/2026\\\/04\\\/anillo-alas-san-miguel.jpg\",\"contentUrl\":\"https:\\\/\\\/joyasyasmin.com\\\/wp-content\\\/uploads\\\/2026\\\/04\\\/anillo-alas-san-miguel.jpg\",\"width\":1000,\"height\":1000,\"caption\":\"venta de anillo alas arcangel san miguel de plata 925\"},{\"@type\":\"BreadcrumbList\",\"@id\":\"https:\\\/\\\/joyasyasmin.com\\\/it\\\/producto\\\/anillo-alas-arcangel-san-miguel\\\/#breadcrumb\",\"itemListElement\":[{\"@type\":\"ListItem\",\"position\":1,\"name\":\"Portada\",\"item\":\"https:\\\/\\\/joyasyasmin.com\\\/it\\\/casa\\\/\"},{\"@type\":\"ListItem\",\"position\":2,\"name\":\"Negozio\",\"item\":\"https:\\\/\\\/joyasyasmin.com\\\/it\\\/negozio\\\/\"},{\"@type\":\"ListItem\",\"position\":3,\"name\":\"Anillo Alas Arc\u00e1ngel San Miguel\"}]},{\"@type\":\"WebSite\",\"@id\":\"https:\\\/\\\/joyasyasmin.com\\\/it\\\/#website\",\"url\":\"https:\\\/\\\/joyasyasmin.com\\\/it\\\/\",\"name\":\"Yasmin\",\"description\":\"Joyer\u00eda de Plata 925 - Pendientes, pulseras, anillos, colgantes y m\u00e1s!\",\"publisher\":{\"@id\":\"https:\\\/\\\/joyasyasmin.com\\\/it\\\/#organization\"},\"potentialAction\":[{\"@type\":\"SearchAction\",\"target\":{\"@type\":\"EntryPoint\",\"urlTemplate\":\"https:\\\/\\\/joyasyasmin.com\\\/it\\\/?s={search_term_string}\"},\"query-input\":{\"@type\":\"PropertyValueSpecification\",\"valueRequired\":true,\"valueName\":\"search_term_string\"}}],\"inLanguage\":\"it-IT\"},{\"@type\":\"Organization\",\"@id\":\"https:\\\/\\\/joyasyasmin.com\\\/it\\\/#organization\",\"name\":\"joyas yasmin\",\"url\":\"https:\\\/\\\/joyasyasmin.com\\\/it\\\/\",\"logo\":{\"@type\":\"ImageObject\",\"inLanguage\":\"it-IT\",\"@id\":\"https:\\\/\\\/joyasyasmin.com\\\/it\\\/#\\\/schema\\\/logo\\\/image\\\/\",\"url\":\"https:\\\/\\\/joyasyasmin.com\\\/wp-content\\\/uploads\\\/2017\\\/06\\\/IMG-20200429-WA0051.jpg\",\"contentUrl\":\"https:\\\/\\\/joyasyasmin.com\\\/wp-content\\\/uploads\\\/2017\\\/06\\\/IMG-20200429-WA0051.jpg\",\"width\":1080,\"height\":545,\"caption\":\"joyas yasmin\"},\"image\":{\"@id\":\"https:\\\/\\\/joyasyasmin.com\\\/it\\\/#\\\/schema\\\/logo\\\/image\\\/\"},\"sameAs\":[\"https:\\\/\\\/www.facebook.com\\\/Joyas-Yasmin-217664058934169\\\/\",\"https:\\\/\\\/www.instagram.com\\\/invites\\\/contact\\\/\"]}]}<\/script>\n<!-- \/ Yoast SEO plugin. -->","yoast_head_json":{"title":"Anillo Alas Arc\u00e1ngel San Miguel - Yasmin","description":"Anillo Alas Arc\u00e1ngel San Miguel de plata 925, ajustable talla \u00fanica hasta talla 18. Dise\u00f1o abierto, s\u00edmbolo de protecci\u00f3n, fuerza y gu\u00eda espiritual.","robots":{"index":"index","follow":"follow","max-snippet":"max-snippet:-1","max-image-preview":"max-image-preview:large","max-video-preview":"max-video-preview:-1"},"canonical":"https:\/\/joyasyasmin.com\/it\/producto\/anillo-alas-arcangel-san-miguel\/","og_locale":"it_IT","og_title":"Anillo Alas Arc\u00e1ngel San Miguel - Yasmin","og_description":"Anillo Alas Arc\u00e1ngel San Miguel de plata 925, ajustable talla \u00fanica hasta talla 18. Dise\u00f1o abierto, s\u00edmbolo de protecci\u00f3n, fuerza y gu\u00eda espiritual.","og_url":"https:\/\/joyasyasmin.com\/it\/producto\/anillo-alas-arcangel-san-miguel\/","og_site_name":"Yasmin","article_publisher":"https:\/\/www.facebook.com\/Joyas-Yasmin-217664058934169\/","article_modified_time":"2026-04-28T21:52:11+00:00","og_image":[{"width":1000,"height":1000,"url":"https:\/\/joyasyasmin.com\/wp-content\/uploads\/2026\/04\/anillo-alas-san-miguel.jpg","type":"image\/jpeg"}],"twitter_card":"summary_large_image","schema":{"@context":"https:\/\/schema.org","@graph":[{"@type":["WebPage","ItemPage"],"@id":"https:\/\/joyasyasmin.com\/it\/producto\/anillo-alas-arcangel-san-miguel\/","url":"https:\/\/joyasyasmin.com\/it\/producto\/anillo-alas-arcangel-san-miguel\/","name":"Anillo Alas Arc\u00e1ngel San Miguel - Yasmin","isPartOf":{"@id":"https:\/\/joyasyasmin.com\/it\/#website"},"primaryImageOfPage":{"@id":"https:\/\/joyasyasmin.com\/it\/producto\/anillo-alas-arcangel-san-miguel\/#primaryimage"},"image":{"@id":"https:\/\/joyasyasmin.com\/it\/producto\/anillo-alas-arcangel-san-miguel\/#primaryimage"},"thumbnailUrl":"https:\/\/joyasyasmin.com\/wp-content\/uploads\/2026\/04\/anillo-alas-san-miguel.jpg","datePublished":"2026-04-28T20:15:42+00:00","dateModified":"2026-04-28T21:52:11+00:00","description":"Anillo Alas Arc\u00e1ngel San Miguel de plata 925, ajustable talla \u00fanica hasta talla 18. Dise\u00f1o abierto, s\u00edmbolo de protecci\u00f3n, fuerza y gu\u00eda espiritual.","breadcrumb":{"@id":"https:\/\/joyasyasmin.com\/it\/producto\/anillo-alas-arcangel-san-miguel\/#breadcrumb"},"inLanguage":"it-IT","potentialAction":[{"@type":"ReadAction","target":["https:\/\/joyasyasmin.com\/it\/producto\/anillo-alas-arcangel-san-miguel\/"]}]},{"@type":"ImageObject","inLanguage":"it-IT","@id":"https:\/\/joyasyasmin.com\/it\/producto\/anillo-alas-arcangel-san-miguel\/#primaryimage","url":"https:\/\/joyasyasmin.com\/wp-content\/uploads\/2026\/04\/anillo-alas-san-miguel.jpg","contentUrl":"https:\/\/joyasyasmin.com\/wp-content\/uploads\/2026\/04\/anillo-alas-san-miguel.jpg","width":1000,"height":1000,"caption":"venta de anillo alas arcangel san miguel de plata 925"},{"@type":"BreadcrumbList","@id":"https:\/\/joyasyasmin.com\/it\/producto\/anillo-alas-arcangel-san-miguel\/#breadcrumb","itemListElement":[{"@type":"ListItem","position":1,"name":"Portada","item":"https:\/\/joyasyasmin.com\/it\/casa\/"},{"@type":"ListItem","position":2,"name":"Negozio","item":"https:\/\/joyasyasmin.com\/it\/negozio\/"},{"@type":"ListItem","position":3,"name":"Anillo Alas Arc\u00e1ngel San Miguel"}]},{"@type":"WebSite","@id":"https:\/\/joyasyasmin.com\/it\/#website","url":"https:\/\/joyasyasmin.com\/it\/","name":"Yasmin","description":"Joyer\u00eda de Plata 925 - Pendientes, pulseras, anillos, colgantes y m\u00e1s!","publisher":{"@id":"https:\/\/joyasyasmin.com\/it\/#organization"},"potentialAction":[{"@type":"SearchAction","target":{"@type":"EntryPoint","urlTemplate":"https:\/\/joyasyasmin.com\/it\/?s={search_term_string}"},"query-input":{"@type":"PropertyValueSpecification","valueRequired":true,"valueName":"search_term_string"}}],"inLanguage":"it-IT"},{"@type":"Organization","@id":"https:\/\/joyasyasmin.com\/it\/#organization","name":"joyas yasmin","url":"https:\/\/joyasyasmin.com\/it\/","logo":{"@type":"ImageObject","inLanguage":"it-IT","@id":"https:\/\/joyasyasmin.com\/it\/#\/schema\/logo\/image\/","url":"https:\/\/joyasyasmin.com\/wp-content\/uploads\/2017\/06\/IMG-20200429-WA0051.jpg","contentUrl":"https:\/\/joyasyasmin.com\/wp-content\/uploads\/2017\/06\/IMG-20200429-WA0051.jpg","width":1080,"height":545,"caption":"joyas yasmin"},"image":{"@id":"https:\/\/joyasyasmin.com\/it\/#\/schema\/logo\/image\/"},"sameAs":["https:\/\/www.facebook.com\/Joyas-Yasmin-217664058934169\/","https:\/\/www.instagram.com\/invites\/contact\/"]}]}},"_links":{"self":[{"href":"https:\/\/joyasyasmin.com\/it\/wp-json\/wp\/v2\/product\/39123","targetHints":{"allow":["GET"]}}],"collection":[{"href":"https:\/\/joyasyasmin.com\/it\/wp-json\/wp\/v2\/product"}],"about":[{"href":"https:\/\/joyasyasmin.com\/it\/wp-json\/wp\/v2\/types\/product"}],"replies":[{"embeddable":true,"href":"https:\/\/joyasyasmin.com\/it\/wp-json\/wp\/v2\/comments?post=39123"}],"version-history":[{"count":1,"href":"https:\/\/joyasyasmin.com\/it\/wp-json\/wp\/v2\/product\/39123\/revisions"}],"predecessor-version":[{"id":39142,"href":"https:\/\/joyasyasmin.com\/it\/wp-json\/wp\/v2\/product\/39123\/revisions\/39142"}],"wp:featuredmedia":[{"embeddable":true,"href":"https:\/\/joyasyasmin.com\/it\/wp-json\/wp\/v2\/media\/39124"}],"wp:attachment":[{"href":"https:\/\/joyasyasmin.com\/it\/wp-json\/wp\/v2\/media?parent=39123"}],"wp:term":[{"taxonomy":"product_brand","embeddable":true,"href":"https:\/\/joyasyasmin.com\/it\/wp-json\/wp\/v2\/product_brand?post=39123"},{"taxonomy":"product_cat","embeddable":true,"href":"https:\/\/joyasyasmin.com\/it\/wp-json\/wp\/v2\/product_cat?post=39123"},{"taxonomy":"product_tag","embeddable":true,"href":"https:\/\/joyasyasmin.com\/it\/wp-json\/wp\/v2\/product_tag?post=39123"}],"curies":[{"name":"wp","href":"https:\/\/api.w.org\/{rel}","templated":true}]}}