{"id":19345,"date":"2020-09-22T13:54:12","date_gmt":"2020-09-22T13:54:12","guid":{"rendered":"https:\/\/joyasyasmin.com\/politica-de-privacidade\/"},"modified":"2024-11-19T13:47:42","modified_gmt":"2024-11-19T13:47:42","slug":"politica-de-privacidade","status":"publish","type":"page","link":"https:\/\/joyasyasmin.com\/pt-pt\/politica-de-privacidade\/","title":{"rendered":"Pol\u00edtica de Privacidade"},"content":{"rendered":"\n<h2 class=\"wp-block-heading\">Quem somos<\/h2>\n\n<p>O endere\u00e7o do nosso site \u00e9: https:\/\/joyasyasmin.com.<\/p>\n\n<p>A privacidade \u00e9 de grande import\u00e2ncia para YASMIN ELIANA MARIN RODRIGUEZ e queremos manter uma atitude aberta e transparente ao processar seus dados pessoais. Por isso, temos uma pol\u00edtica que define a forma como os seus dados pessoais s\u00e3o tratados e protegidos.<\/p>\n\n<p><strong>Quem \u00e9 respons\u00e1vel pelo tratamento dos seus dados?<\/strong><\/p>\n\n<p>YASMIN ELIANA MARIN RODRIGUEZ &#8211; ESPANHA | N\u00famero de IVA: 79110822E | Endere\u00e7o postal: FUENGIROLA (MALAGA), C.P. 29640, AVENIDA ACAPULCO No 6 | E-mail:administracion@joyasyasmin.com<\/p>\n\n<p><strong>Com que finalidade tratamos os seus dados pessoais?<\/strong><\/p>\n\n<p>Na YASMIN ELIANA MARIN RODRIGUEZ processamos as informa\u00e7\u00f5es fornecidas pelas partes interessadas para realizar a gest\u00e3o administrativa, cont\u00e1bil e fiscal dos servi\u00e7os solicitados, bem como para enviar comunica\u00e7\u00f5es comerciais sobre nossos produtos e servi\u00e7os, para os quais voc\u00ea deu consentimento.<\/p>\n\n<p><strong>Durante quanto tempo conservaremos os seus dados?<\/strong><\/p>\n\n<p>Os dados ser\u00e3o conservados enquanto se mantiver a rela\u00e7\u00e3o comercial e, se for caso disso, durante os anos necess\u00e1rios para cumprir as obriga\u00e7\u00f5es legais aplic\u00e1veis.<\/p>\n\n<p><strong>Qual \u00e9 a legitimidade para o tratamento dos seus dados?<\/strong><\/p>\n\n<p>Indicamos a base legal para o tratamento dos seus dados:<\/p>\n\n<p>&#8211; Execu\u00e7\u00e3o de um contrato: Presta\u00e7\u00e3o dos servi\u00e7os solicitados<\/p>\n\n<p>&#8211; Consentimento da parte interessada: Envio de comunica\u00e7\u00f5es comerciais.<\/p>\n\n<p><strong>A quem ser\u00e3o comunicados os seus dados<\/strong>?<\/p>\n\n<p>Os seus dados apenas ser\u00e3o transferidos para terceiros para os quais tenhamos obtido devidamente o seu consentimento, bem como para cumprimento de obriga\u00e7\u00f5es legais.<\/p>\n\n<p><strong>Transfer\u00eancias de dados para pa\u00edses terceiros<\/strong><\/p>\n\n<p>N\u00e3o est\u00e3o previstas transfer\u00eancias de dados para pa\u00edses terceiros.<\/p>\n\n<p><strong>Quais s\u00e3o os seus direitos quando nos fornece os seus dados?<\/strong><\/p>\n\n<p>Qualquer pessoa tem o direito de obter confirma\u00e7\u00e3o sobre se YASMIN ELIANA MARIN RODRIGUEZ est\u00e1 ou n\u00e3o processando dados pessoais que lhe digam respeito.<\/p>\n\n<p>Os titulares dos dados t\u00eam o direito de aceder aos seus dados pessoais, bem como de solicitar a retifica\u00e7\u00e3o dos dados inexatos ou, se for caso disso, de solicitar a sua elimina\u00e7\u00e3o quando, entre outros motivos, os dados j\u00e1 n\u00e3o sejam necess\u00e1rios para as finalidades para as quais foram recolhidos.<\/p>\n\n<p>Em determinadas circunst\u00e2ncias, os interessados poder\u00e3o solicitar a limita\u00e7\u00e3o do tratamento dos seus dados, caso em que apenas os conservaremos para o exerc\u00edcio ou defesa de reclama\u00e7\u00f5es.<\/p>\n\n<p>Em determinadas circunst\u00e2ncias e por motivos relacionados com a sua situa\u00e7\u00e3o particular, os titulares dos dados podem opor-se ao tratamento dos seus dados. Neste caso, YASMIN ELIANA MARIN RODRIGUEZ deixar\u00e1 de processar os dados, exceto por motivos leg\u00edtimos imperiosos, ou o exerc\u00edcio ou defesa de poss\u00edveis reivindica\u00e7\u00f5es.<\/p>\n\n<p>Pode exercer os seus direitos da seguinte forma: contactando o endere\u00e7o de e-mail do respons\u00e1vel pelo tratamento dos dados acima mencionado, anexando uma c\u00f3pia do seu bilhete de identidade ou documento de identidade.<\/p>\n\n<p>Se tiver dado o seu consentimento para uma finalidade espec\u00edfica, tem o direito de retirar o consentimento dado a qualquer momento, sem afetar a licitude do tratamento baseado no consentimento anterior \u00e0 sua retirada.<\/p>\n\n<p>Se considerar que os seus direitos relativos \u00e0 prote\u00e7\u00e3o dos seus dados pessoais foram violados, especialmente quando n\u00e3o foi satisfeito no exerc\u00edcio dos seus direitos, pode apresentar uma reclama\u00e7\u00e3o junto da Autoridade de Controlo de Prote\u00e7\u00e3o de Dados competente atrav\u00e9s do seu website:<\/p>\n\n<p><strong>Como obtivemos os seus dados?<\/strong><\/p>\n\n<p>Os dados pessoais que tratamos na YASMIN ELIANA MARIN RODRIGUEZ foram fornecidos diretamente pela parte interessada.<\/p>\n\n<p>As categorias de dados que s\u00e3o tratados s\u00e3o:<\/p>\n\n<p>&#8211; Dados de identifica\u00e7\u00e3o<\/p>\n\n<p>&#8211; Endere\u00e7os postais e de e-mail<\/p>\n\n<p>&#8211; Informa\u00e7\u00e3o comercial<\/p>\n","protected":false},"excerpt":{"rendered":"<p>Quem somos O endere\u00e7o do nosso site \u00e9: https:\/\/joyasyasmin.com. A privacidade \u00e9 de grande import\u00e2ncia para YASMIN ELIANA MARIN RODRIGUEZ e queremos manter uma atitude aberta e transparente ao processar seus dados pessoais. Por isso, temos uma pol\u00edtica que define a forma como os seus dados pessoais s\u00e3o tratados e protegidos. Quem \u00e9 respons\u00e1vel pelo [&hellip;]<\/p>\n","protected":false},"author":1,"featured_media":0,"parent":0,"menu_order":0,"comment_status":"closed","ping_status":"open","template":"","meta":{"_acf_changed":false,"_joinchat":[],"footnotes":""},"class_list":["post-19345","page","type-page","status-publish","hentry"],"acf":[],"yoast_head":"<!-- This site is optimized with the Yoast SEO plugin v27.5 - https:\/\/yoast.com\/product\/yoast-seo-wordpress\/ -->\n<title>Pol\u00edtica de Privacidade - Yasmin<\/title>\n<meta name=\"robots\" content=\"index, follow, max-snippet:-1, max-image-preview:large, max-video-preview:-1\" \/>\n<link rel=\"canonical\" href=\"https:\/\/joyasyasmin.com\/pt-pt\/politica-de-privacidade\/\" \/>\n<meta property=\"og:locale\" content=\"pt_PT\" \/>\n<meta property=\"og:title\" content=\"Pol\u00edtica de Privacidade - Yasmin\" \/>\n<meta property=\"og:description\" content=\"Quem somos O endere\u00e7o do nosso site \u00e9: https:\/\/joyasyasmin.com. A privacidade \u00e9 de grande import\u00e2ncia para YASMIN ELIANA MARIN RODRIGUEZ e queremos manter uma atitude aberta e transparente ao processar seus dados pessoais. Por isso, temos uma pol\u00edtica que define a forma como os seus dados pessoais s\u00e3o tratados e protegidos. Quem \u00e9 respons\u00e1vel pelo [&hellip;]\" \/>\n<meta property=\"og:url\" content=\"https:\/\/joyasyasmin.com\/pt-pt\/politica-de-privacidade\/\" \/>\n<meta property=\"og:site_name\" content=\"Yasmin\" \/>\n<meta property=\"article:publisher\" content=\"https:\/\/www.facebook.com\/Joyas-Yasmin-217664058934169\/\" \/>\n<meta property=\"article:modified_time\" content=\"2024-11-19T13:47:42+00:00\" \/>\n<meta name=\"twitter:card\" content=\"summary_large_image\" \/>\n<meta name=\"twitter:label1\" content=\"Tempo estimado de leitura\" \/>\n\t<meta name=\"twitter:data1\" content=\"3 minutos\" \/>\n<script type=\"application\/ld+json\" class=\"yoast-schema-graph\">{\"@context\":\"https:\\\/\\\/schema.org\",\"@graph\":[{\"@type\":\"WebPage\",\"@id\":\"https:\\\/\\\/joyasyasmin.com\\\/pt-pt\\\/politica-de-privacidade\\\/\",\"url\":\"https:\\\/\\\/joyasyasmin.com\\\/pt-pt\\\/politica-de-privacidade\\\/\",\"name\":\"Pol\u00edtica de Privacidade - Yasmin\",\"isPartOf\":{\"@id\":\"https:\\\/\\\/joyasyasmin.com\\\/pt-pt\\\/#website\"},\"datePublished\":\"2020-09-22T13:54:12+00:00\",\"dateModified\":\"2024-11-19T13:47:42+00:00\",\"breadcrumb\":{\"@id\":\"https:\\\/\\\/joyasyasmin.com\\\/pt-pt\\\/politica-de-privacidade\\\/#breadcrumb\"},\"inLanguage\":\"pt-PT\",\"potentialAction\":[{\"@type\":\"ReadAction\",\"target\":[\"https:\\\/\\\/joyasyasmin.com\\\/pt-pt\\\/politica-de-privacidade\\\/\"]}]},{\"@type\":\"BreadcrumbList\",\"@id\":\"https:\\\/\\\/joyasyasmin.com\\\/pt-pt\\\/politica-de-privacidade\\\/#breadcrumb\",\"itemListElement\":[{\"@type\":\"ListItem\",\"position\":1,\"name\":\"Portada\",\"item\":\"https:\\\/\\\/joyasyasmin.com\\\/pt-pt\\\/casa\\\/\"},{\"@type\":\"ListItem\",\"position\":2,\"name\":\"Pol\u00edtica de Privacidade\"}]},{\"@type\":\"WebSite\",\"@id\":\"https:\\\/\\\/joyasyasmin.com\\\/pt-pt\\\/#website\",\"url\":\"https:\\\/\\\/joyasyasmin.com\\\/pt-pt\\\/\",\"name\":\"Yasmin\",\"description\":\"Joyer\u00eda de Plata 925 - Pendientes, pulseras, anillos, colgantes y m\u00e1s!\",\"publisher\":{\"@id\":\"https:\\\/\\\/joyasyasmin.com\\\/pt-pt\\\/#organization\"},\"potentialAction\":[{\"@type\":\"SearchAction\",\"target\":{\"@type\":\"EntryPoint\",\"urlTemplate\":\"https:\\\/\\\/joyasyasmin.com\\\/pt-pt\\\/?s={search_term_string}\"},\"query-input\":{\"@type\":\"PropertyValueSpecification\",\"valueRequired\":true,\"valueName\":\"search_term_string\"}}],\"inLanguage\":\"pt-PT\"},{\"@type\":\"Organization\",\"@id\":\"https:\\\/\\\/joyasyasmin.com\\\/pt-pt\\\/#organization\",\"name\":\"joyas yasmin\",\"url\":\"https:\\\/\\\/joyasyasmin.com\\\/pt-pt\\\/\",\"logo\":{\"@type\":\"ImageObject\",\"inLanguage\":\"pt-PT\",\"@id\":\"https:\\\/\\\/joyasyasmin.com\\\/pt-pt\\\/#\\\/schema\\\/logo\\\/image\\\/\",\"url\":\"https:\\\/\\\/joyasyasmin.com\\\/wp-content\\\/uploads\\\/2017\\\/06\\\/IMG-20200429-WA0051.jpg\",\"contentUrl\":\"https:\\\/\\\/joyasyasmin.com\\\/wp-content\\\/uploads\\\/2017\\\/06\\\/IMG-20200429-WA0051.jpg\",\"width\":1080,\"height\":545,\"caption\":\"joyas yasmin\"},\"image\":{\"@id\":\"https:\\\/\\\/joyasyasmin.com\\\/pt-pt\\\/#\\\/schema\\\/logo\\\/image\\\/\"},\"sameAs\":[\"https:\\\/\\\/www.facebook.com\\\/Joyas-Yasmin-217664058934169\\\/\",\"https:\\\/\\\/www.instagram.com\\\/invites\\\/contact\\\/\"]}]}<\/script>\n<!-- \/ Yoast SEO plugin. -->","yoast_head_json":{"title":"Pol\u00edtica de Privacidade - Yasmin","robots":{"index":"index","follow":"follow","max-snippet":"max-snippet:-1","max-image-preview":"max-image-preview:large","max-video-preview":"max-video-preview:-1"},"canonical":"https:\/\/joyasyasmin.com\/pt-pt\/politica-de-privacidade\/","og_locale":"pt_PT","og_title":"Pol\u00edtica de Privacidade - Yasmin","og_description":"Quem somos O endere\u00e7o do nosso site \u00e9: https:\/\/joyasyasmin.com. A privacidade \u00e9 de grande import\u00e2ncia para YASMIN ELIANA MARIN RODRIGUEZ e queremos manter uma atitude aberta e transparente ao processar seus dados pessoais. Por isso, temos uma pol\u00edtica que define a forma como os seus dados pessoais s\u00e3o tratados e protegidos. Quem \u00e9 respons\u00e1vel pelo [&hellip;]","og_url":"https:\/\/joyasyasmin.com\/pt-pt\/politica-de-privacidade\/","og_site_name":"Yasmin","article_publisher":"https:\/\/www.facebook.com\/Joyas-Yasmin-217664058934169\/","article_modified_time":"2024-11-19T13:47:42+00:00","twitter_card":"summary_large_image","twitter_misc":{"Tempo estimado de leitura":"3 minutos"},"schema":{"@context":"https:\/\/schema.org","@graph":[{"@type":"WebPage","@id":"https:\/\/joyasyasmin.com\/pt-pt\/politica-de-privacidade\/","url":"https:\/\/joyasyasmin.com\/pt-pt\/politica-de-privacidade\/","name":"Pol\u00edtica de Privacidade - Yasmin","isPartOf":{"@id":"https:\/\/joyasyasmin.com\/pt-pt\/#website"},"datePublished":"2020-09-22T13:54:12+00:00","dateModified":"2024-11-19T13:47:42+00:00","breadcrumb":{"@id":"https:\/\/joyasyasmin.com\/pt-pt\/politica-de-privacidade\/#breadcrumb"},"inLanguage":"pt-PT","potentialAction":[{"@type":"ReadAction","target":["https:\/\/joyasyasmin.com\/pt-pt\/politica-de-privacidade\/"]}]},{"@type":"BreadcrumbList","@id":"https:\/\/joyasyasmin.com\/pt-pt\/politica-de-privacidade\/#breadcrumb","itemListElement":[{"@type":"ListItem","position":1,"name":"Portada","item":"https:\/\/joyasyasmin.com\/pt-pt\/casa\/"},{"@type":"ListItem","position":2,"name":"Pol\u00edtica de Privacidade"}]},{"@type":"WebSite","@id":"https:\/\/joyasyasmin.com\/pt-pt\/#website","url":"https:\/\/joyasyasmin.com\/pt-pt\/","name":"Yasmin","description":"Joyer\u00eda de Plata 925 - Pendientes, pulseras, anillos, colgantes y m\u00e1s!","publisher":{"@id":"https:\/\/joyasyasmin.com\/pt-pt\/#organization"},"potentialAction":[{"@type":"SearchAction","target":{"@type":"EntryPoint","urlTemplate":"https:\/\/joyasyasmin.com\/pt-pt\/?s={search_term_string}"},"query-input":{"@type":"PropertyValueSpecification","valueRequired":true,"valueName":"search_term_string"}}],"inLanguage":"pt-PT"},{"@type":"Organization","@id":"https:\/\/joyasyasmin.com\/pt-pt\/#organization","name":"joyas yasmin","url":"https:\/\/joyasyasmin.com\/pt-pt\/","logo":{"@type":"ImageObject","inLanguage":"pt-PT","@id":"https:\/\/joyasyasmin.com\/pt-pt\/#\/schema\/logo\/image\/","url":"https:\/\/joyasyasmin.com\/wp-content\/uploads\/2017\/06\/IMG-20200429-WA0051.jpg","contentUrl":"https:\/\/joyasyasmin.com\/wp-content\/uploads\/2017\/06\/IMG-20200429-WA0051.jpg","width":1080,"height":545,"caption":"joyas yasmin"},"image":{"@id":"https:\/\/joyasyasmin.com\/pt-pt\/#\/schema\/logo\/image\/"},"sameAs":["https:\/\/www.facebook.com\/Joyas-Yasmin-217664058934169\/","https:\/\/www.instagram.com\/invites\/contact\/"]}]}},"_links":{"self":[{"href":"https:\/\/joyasyasmin.com\/pt-pt\/wp-json\/wp\/v2\/pages\/19345","targetHints":{"allow":["GET"]}}],"collection":[{"href":"https:\/\/joyasyasmin.com\/pt-pt\/wp-json\/wp\/v2\/pages"}],"about":[{"href":"https:\/\/joyasyasmin.com\/pt-pt\/wp-json\/wp\/v2\/types\/page"}],"author":[{"embeddable":true,"href":"https:\/\/joyasyasmin.com\/pt-pt\/wp-json\/wp\/v2\/users\/1"}],"replies":[{"embeddable":true,"href":"https:\/\/joyasyasmin.com\/pt-pt\/wp-json\/wp\/v2\/comments?post=19345"}],"version-history":[{"count":1,"href":"https:\/\/joyasyasmin.com\/pt-pt\/wp-json\/wp\/v2\/pages\/19345\/revisions"}],"predecessor-version":[{"id":19346,"href":"https:\/\/joyasyasmin.com\/pt-pt\/wp-json\/wp\/v2\/pages\/19345\/revisions\/19346"}],"wp:attachment":[{"href":"https:\/\/joyasyasmin.com\/pt-pt\/wp-json\/wp\/v2\/media?parent=19345"}],"curies":[{"name":"wp","href":"https:\/\/api.w.org\/{rel}","templated":true}]}}