{"id":19667,"date":"2024-09-19T18:10:31","date_gmt":"2024-09-19T18:10:31","guid":{"rendered":"https:\/\/joyasyasmin.com\/producto\/colar-de-flores-da-sorte\/"},"modified":"2025-05-13T11:08:26","modified_gmt":"2025-05-13T11:08:26","slug":"colar-de-flores-da-sorte","status":"publish","type":"product","link":"https:\/\/joyasyasmin.com\/pt-pt\/producto\/colar-de-flores-da-sorte\/","title":{"rendered":"Colar de flores da sorte"},"content":{"rendered":"","protected":false},"excerpt":{"rendered":"<p>O Colar de Flores da Sorte \u00e9 uma pe\u00e7a \u00fanica que combina simbolismo e estilo num \u00fanico acess\u00f3rio. Inspirado na forma cl\u00e1ssica de um trevo ou flor de 4 p\u00e9talas, este colar \u00e9 perfeito para quem procura um toque de sofistica\u00e7\u00e3o e um charme de boa sorte. <\/p>\n<p>O pendente, feito de **925 prata esterlina**, tem um di\u00e2metro de 12mm, oferecendo o tamanho ideal para um visual discreto e elegante. O seu design minimalista e delicado torna-a uma pe\u00e7a intemporal que pode usar em qualquer ocasi\u00e3o, desde o uso di\u00e1rio a eventos especiais. Al\u00e9m disso, est\u00e1 dispon\u00edvel em uma variedade de cores: preto, madrep\u00e9rola, azul, vermelho e verde, para que voc\u00ea possa escolher a que melhor se adapta ao seu estilo ou humor.  <\/p>\n<p>A corrente, em estilo rolo de 2mm, garante durabilidade e resist\u00eancia, sem perder a delicadeza que caracteriza esta joia. Com um comprimento de 45 cm + 3 cm de extens\u00e3o, encaixa-se confortavelmente \u00e0 volta do pesco\u00e7o e permite-lhe usar o pendente \u00e0 altura que preferir. <\/p>\n","protected":false},"featured_media":19681,"comment_status":"open","ping_status":"closed","template":"","meta":{"_acf_changed":false,"_joinchat":[]},"product_brand":[],"product_cat":[1806],"product_tag":[],"class_list":{"0":"post-19667","1":"product","2":"type-product","3":"status-publish","4":"has-post-thumbnail","6":"product_cat-colares","8":"first","9":"instock","10":"shipping-taxable","11":"purchasable","12":"product-type-variable"},"acf":[],"yoast_head":"<!-- This site is optimized with the Yoast SEO plugin v27.2 - https:\/\/yoast.com\/product\/yoast-seo-wordpress\/ -->\n<title>Colar de flores da sorte - Yasmin<\/title>\n<meta name=\"description\" content=\"O Colar de Flores da Sorte \u00e9 uma pe\u00e7a \u00fanica que combina simbolismo e estilo num \u00fanico acess\u00f3rio. Inspirado na forma cl\u00e1ssica de um trevo ou flor.\" \/>\n<meta name=\"robots\" content=\"index, follow, max-snippet:-1, max-image-preview:large, max-video-preview:-1\" \/>\n<link rel=\"canonical\" href=\"https:\/\/joyasyasmin.com\/pt-pt\/producto\/colar-de-flores-da-sorte\/\" \/>\n<meta property=\"og:locale\" content=\"pt_PT\" \/>\n<meta property=\"og:title\" content=\"Colar de flores da sorte - Yasmin\" \/>\n<meta property=\"og:description\" content=\"O Colar de Flores da Sorte \u00e9 uma pe\u00e7a \u00fanica que combina simbolismo e estilo num \u00fanico acess\u00f3rio. Inspirado na forma cl\u00e1ssica de um trevo ou flor.\" \/>\n<meta property=\"og:url\" content=\"https:\/\/joyasyasmin.com\/pt-pt\/producto\/colar-de-flores-da-sorte\/\" \/>\n<meta property=\"og:site_name\" content=\"Yasmin\" \/>\n<meta property=\"article:publisher\" content=\"https:\/\/www.facebook.com\/Joyas-Yasmin-217664058934169\/\" \/>\n<meta property=\"article:modified_time\" content=\"2025-05-13T11:08:26+00:00\" \/>\n<meta property=\"og:image\" content=\"https:\/\/joyasyasmin.com\/wp-content\/uploads\/2024\/09\/collar-onix-con-plata.jpg\" \/>\n\t<meta property=\"og:image:width\" content=\"1000\" \/>\n\t<meta property=\"og:image:height\" content=\"1000\" \/>\n\t<meta property=\"og:image:type\" content=\"image\/jpeg\" \/>\n<meta name=\"twitter:card\" content=\"summary_large_image\" \/>\n<script type=\"application\/ld+json\" class=\"yoast-schema-graph\">{\"@context\":\"https:\/\/schema.org\",\"@graph\":[{\"@type\":[\"WebPage\",\"ItemPage\"],\"@id\":\"https:\/\/joyasyasmin.com\/pt-pt\/producto\/colar-de-flores-da-sorte\/\",\"url\":\"https:\/\/joyasyasmin.com\/pt-pt\/producto\/colar-de-flores-da-sorte\/\",\"name\":\"Colar de flores da sorte - Yasmin\",\"isPartOf\":{\"@id\":\"https:\/\/joyasyasmin.com\/pt-pt\/#website\"},\"primaryImageOfPage\":{\"@id\":\"https:\/\/joyasyasmin.com\/pt-pt\/producto\/colar-de-flores-da-sorte\/#primaryimage\"},\"image\":{\"@id\":\"https:\/\/joyasyasmin.com\/pt-pt\/producto\/colar-de-flores-da-sorte\/#primaryimage\"},\"thumbnailUrl\":\"https:\/\/joyasyasmin.com\/wp-content\/uploads\/2024\/09\/collar-onix-con-plata.jpg\",\"datePublished\":\"2024-09-19T18:10:31+00:00\",\"dateModified\":\"2025-05-13T11:08:26+00:00\",\"description\":\"O Colar de Flores da Sorte \u00e9 uma pe\u00e7a \u00fanica que combina simbolismo e estilo num \u00fanico acess\u00f3rio. Inspirado na forma cl\u00e1ssica de um trevo ou flor.\",\"breadcrumb\":{\"@id\":\"https:\/\/joyasyasmin.com\/pt-pt\/producto\/colar-de-flores-da-sorte\/#breadcrumb\"},\"inLanguage\":\"pt-PT\",\"potentialAction\":[{\"@type\":\"ReadAction\",\"target\":[\"https:\/\/joyasyasmin.com\/pt-pt\/producto\/colar-de-flores-da-sorte\/\"]}]},{\"@type\":\"ImageObject\",\"inLanguage\":\"pt-PT\",\"@id\":\"https:\/\/joyasyasmin.com\/pt-pt\/producto\/colar-de-flores-da-sorte\/#primaryimage\",\"url\":\"https:\/\/joyasyasmin.com\/wp-content\/uploads\/2024\/09\/collar-onix-con-plata.jpg\",\"contentUrl\":\"https:\/\/joyasyasmin.com\/wp-content\/uploads\/2024\/09\/collar-onix-con-plata.jpg\",\"width\":1000,\"height\":1000,\"caption\":\"Colar de \u00f4nix estilo trevo para venda com prata esterlina 925\"},{\"@type\":\"BreadcrumbList\",\"@id\":\"https:\/\/joyasyasmin.com\/pt-pt\/producto\/colar-de-flores-da-sorte\/#breadcrumb\",\"itemListElement\":[{\"@type\":\"ListItem\",\"position\":1,\"name\":\"Portada\",\"item\":\"https:\/\/joyasyasmin.com\/pt-pt\/casa\/\"},{\"@type\":\"ListItem\",\"position\":2,\"name\":\"Shop\",\"item\":\"https:\/\/joyasyasmin.com\/pt-pt\/shop\/\"},{\"@type\":\"ListItem\",\"position\":3,\"name\":\"Colar de flores da sorte\"}]},{\"@type\":\"WebSite\",\"@id\":\"https:\/\/joyasyasmin.com\/pt-pt\/#website\",\"url\":\"https:\/\/joyasyasmin.com\/pt-pt\/\",\"name\":\"Yasmin\",\"description\":\"Joyer\u00eda de Plata 925 - Pendientes, pulseras, anillos, colgantes y m\u00e1s!\",\"publisher\":{\"@id\":\"https:\/\/joyasyasmin.com\/pt-pt\/#organization\"},\"potentialAction\":[{\"@type\":\"SearchAction\",\"target\":{\"@type\":\"EntryPoint\",\"urlTemplate\":\"https:\/\/joyasyasmin.com\/pt-pt\/?s={search_term_string}\"},\"query-input\":{\"@type\":\"PropertyValueSpecification\",\"valueRequired\":true,\"valueName\":\"search_term_string\"}}],\"inLanguage\":\"pt-PT\"},{\"@type\":\"Organization\",\"@id\":\"https:\/\/joyasyasmin.com\/pt-pt\/#organization\",\"name\":\"joyas yasmin\",\"url\":\"https:\/\/joyasyasmin.com\/pt-pt\/\",\"logo\":{\"@type\":\"ImageObject\",\"inLanguage\":\"pt-PT\",\"@id\":\"https:\/\/joyasyasmin.com\/pt-pt\/#\/schema\/logo\/image\/\",\"url\":\"https:\/\/joyasyasmin.com\/wp-content\/uploads\/2017\/06\/IMG-20200429-WA0051.jpg\",\"contentUrl\":\"https:\/\/joyasyasmin.com\/wp-content\/uploads\/2017\/06\/IMG-20200429-WA0051.jpg\",\"width\":1080,\"height\":545,\"caption\":\"joyas yasmin\"},\"image\":{\"@id\":\"https:\/\/joyasyasmin.com\/pt-pt\/#\/schema\/logo\/image\/\"},\"sameAs\":[\"https:\/\/www.facebook.com\/Joyas-Yasmin-217664058934169\/\",\"https:\/\/www.instagram.com\/invites\/contact\/\"]}]}<\/script>\n<!-- \/ Yoast SEO plugin. -->","yoast_head_json":{"title":"Colar de flores da sorte - Yasmin","description":"O Colar de Flores da Sorte \u00e9 uma pe\u00e7a \u00fanica que combina simbolismo e estilo num \u00fanico acess\u00f3rio. Inspirado na forma cl\u00e1ssica de um trevo ou flor.","robots":{"index":"index","follow":"follow","max-snippet":"max-snippet:-1","max-image-preview":"max-image-preview:large","max-video-preview":"max-video-preview:-1"},"canonical":"https:\/\/joyasyasmin.com\/pt-pt\/producto\/colar-de-flores-da-sorte\/","og_locale":"pt_PT","og_title":"Colar de flores da sorte - Yasmin","og_description":"O Colar de Flores da Sorte \u00e9 uma pe\u00e7a \u00fanica que combina simbolismo e estilo num \u00fanico acess\u00f3rio. Inspirado na forma cl\u00e1ssica de um trevo ou flor.","og_url":"https:\/\/joyasyasmin.com\/pt-pt\/producto\/colar-de-flores-da-sorte\/","og_site_name":"Yasmin","article_publisher":"https:\/\/www.facebook.com\/Joyas-Yasmin-217664058934169\/","article_modified_time":"2025-05-13T11:08:26+00:00","og_image":[{"width":1000,"height":1000,"url":"https:\/\/joyasyasmin.com\/wp-content\/uploads\/2024\/09\/collar-onix-con-plata.jpg","type":"image\/jpeg"}],"twitter_card":"summary_large_image","schema":{"@context":"https:\/\/schema.org","@graph":[{"@type":["WebPage","ItemPage"],"@id":"https:\/\/joyasyasmin.com\/pt-pt\/producto\/colar-de-flores-da-sorte\/","url":"https:\/\/joyasyasmin.com\/pt-pt\/producto\/colar-de-flores-da-sorte\/","name":"Colar de flores da sorte - Yasmin","isPartOf":{"@id":"https:\/\/joyasyasmin.com\/pt-pt\/#website"},"primaryImageOfPage":{"@id":"https:\/\/joyasyasmin.com\/pt-pt\/producto\/colar-de-flores-da-sorte\/#primaryimage"},"image":{"@id":"https:\/\/joyasyasmin.com\/pt-pt\/producto\/colar-de-flores-da-sorte\/#primaryimage"},"thumbnailUrl":"https:\/\/joyasyasmin.com\/wp-content\/uploads\/2024\/09\/collar-onix-con-plata.jpg","datePublished":"2024-09-19T18:10:31+00:00","dateModified":"2025-05-13T11:08:26+00:00","description":"O Colar de Flores da Sorte \u00e9 uma pe\u00e7a \u00fanica que combina simbolismo e estilo num \u00fanico acess\u00f3rio. Inspirado na forma cl\u00e1ssica de um trevo ou flor.","breadcrumb":{"@id":"https:\/\/joyasyasmin.com\/pt-pt\/producto\/colar-de-flores-da-sorte\/#breadcrumb"},"inLanguage":"pt-PT","potentialAction":[{"@type":"ReadAction","target":["https:\/\/joyasyasmin.com\/pt-pt\/producto\/colar-de-flores-da-sorte\/"]}]},{"@type":"ImageObject","inLanguage":"pt-PT","@id":"https:\/\/joyasyasmin.com\/pt-pt\/producto\/colar-de-flores-da-sorte\/#primaryimage","url":"https:\/\/joyasyasmin.com\/wp-content\/uploads\/2024\/09\/collar-onix-con-plata.jpg","contentUrl":"https:\/\/joyasyasmin.com\/wp-content\/uploads\/2024\/09\/collar-onix-con-plata.jpg","width":1000,"height":1000,"caption":"Colar de \u00f4nix estilo trevo para venda com prata esterlina 925"},{"@type":"BreadcrumbList","@id":"https:\/\/joyasyasmin.com\/pt-pt\/producto\/colar-de-flores-da-sorte\/#breadcrumb","itemListElement":[{"@type":"ListItem","position":1,"name":"Portada","item":"https:\/\/joyasyasmin.com\/pt-pt\/casa\/"},{"@type":"ListItem","position":2,"name":"Shop","item":"https:\/\/joyasyasmin.com\/pt-pt\/shop\/"},{"@type":"ListItem","position":3,"name":"Colar de flores da sorte"}]},{"@type":"WebSite","@id":"https:\/\/joyasyasmin.com\/pt-pt\/#website","url":"https:\/\/joyasyasmin.com\/pt-pt\/","name":"Yasmin","description":"Joyer\u00eda de Plata 925 - Pendientes, pulseras, anillos, colgantes y m\u00e1s!","publisher":{"@id":"https:\/\/joyasyasmin.com\/pt-pt\/#organization"},"potentialAction":[{"@type":"SearchAction","target":{"@type":"EntryPoint","urlTemplate":"https:\/\/joyasyasmin.com\/pt-pt\/?s={search_term_string}"},"query-input":{"@type":"PropertyValueSpecification","valueRequired":true,"valueName":"search_term_string"}}],"inLanguage":"pt-PT"},{"@type":"Organization","@id":"https:\/\/joyasyasmin.com\/pt-pt\/#organization","name":"joyas yasmin","url":"https:\/\/joyasyasmin.com\/pt-pt\/","logo":{"@type":"ImageObject","inLanguage":"pt-PT","@id":"https:\/\/joyasyasmin.com\/pt-pt\/#\/schema\/logo\/image\/","url":"https:\/\/joyasyasmin.com\/wp-content\/uploads\/2017\/06\/IMG-20200429-WA0051.jpg","contentUrl":"https:\/\/joyasyasmin.com\/wp-content\/uploads\/2017\/06\/IMG-20200429-WA0051.jpg","width":1080,"height":545,"caption":"joyas yasmin"},"image":{"@id":"https:\/\/joyasyasmin.com\/pt-pt\/#\/schema\/logo\/image\/"},"sameAs":["https:\/\/www.facebook.com\/Joyas-Yasmin-217664058934169\/","https:\/\/www.instagram.com\/invites\/contact\/"]}]}},"_links":{"self":[{"href":"https:\/\/joyasyasmin.com\/pt-pt\/wp-json\/wp\/v2\/product\/19667","targetHints":{"allow":["GET"]}}],"collection":[{"href":"https:\/\/joyasyasmin.com\/pt-pt\/wp-json\/wp\/v2\/product"}],"about":[{"href":"https:\/\/joyasyasmin.com\/pt-pt\/wp-json\/wp\/v2\/types\/product"}],"replies":[{"embeddable":true,"href":"https:\/\/joyasyasmin.com\/pt-pt\/wp-json\/wp\/v2\/comments?post=19667"}],"version-history":[{"count":1,"href":"https:\/\/joyasyasmin.com\/pt-pt\/wp-json\/wp\/v2\/product\/19667\/revisions"}],"predecessor-version":[{"id":32476,"href":"https:\/\/joyasyasmin.com\/pt-pt\/wp-json\/wp\/v2\/product\/19667\/revisions\/32476"}],"wp:featuredmedia":[{"embeddable":true,"href":"https:\/\/joyasyasmin.com\/pt-pt\/wp-json\/wp\/v2\/media\/19681"}],"wp:attachment":[{"href":"https:\/\/joyasyasmin.com\/pt-pt\/wp-json\/wp\/v2\/media?parent=19667"}],"wp:term":[{"taxonomy":"product_brand","embeddable":true,"href":"https:\/\/joyasyasmin.com\/pt-pt\/wp-json\/wp\/v2\/product_brand?post=19667"},{"taxonomy":"product_cat","embeddable":true,"href":"https:\/\/joyasyasmin.com\/pt-pt\/wp-json\/wp\/v2\/product_cat?post=19667"},{"taxonomy":"product_tag","embeddable":true,"href":"https:\/\/joyasyasmin.com\/pt-pt\/wp-json\/wp\/v2\/product_tag?post=19667"}],"curies":[{"name":"wp","href":"https:\/\/api.w.org\/{rel}","templated":true}]}}