{"id":19668,"date":"2024-09-19T17:32:32","date_gmt":"2024-09-19T17:32:32","guid":{"rendered":"https:\/\/joyasyasmin.com\/producto\/colar-com-pedras-essencia-natural\/"},"modified":"2025-09-01T07:45:11","modified_gmt":"2025-09-01T07:45:11","slug":"colar-com-pedras-essencia-natural","status":"publish","type":"product","link":"https:\/\/joyasyasmin.com\/pt-pt\/producto\/colar-com-pedras-essencia-natural\/","title":{"rendered":"Colar com Pedras Ess\u00eancia Natural"},"content":{"rendered":"","protected":false},"excerpt":{"rendered":"<p>Descubra o nosso lindo colar com pedras de ess\u00eancia natural feitas de prata esterlina 925, projetado para aqueles que procuram harmonia, estilo e uma conex\u00e3o especial com a natureza. Este colar combina a pureza da prata esterlina 925 com a energia \u00fanica das pedras naturais, criando uma pe\u00e7a \u00fanica e poderosa. <\/p>\n<p>Caracter\u00edsticas do colar:<br \/>\n-Material: prata esterlina 925, garantindo durabilidade e brilho.<br \/>\n-Design da corrente: corrente de rolo de 1mm, delicada mas resistente, ideal para parecer elegante em qualquer ocasi\u00e3o.<br \/>\n&#8211; Largura total das pedras: 5 cm, proporcionando um aspeto equilibrado e sofisticado.<br \/>\n&#8211; Largura individual da pedra: 8mm, com pedras perfeitamente esculpidas para um acabamento impec\u00e1vel.<\/p>\n","protected":false},"featured_media":19677,"comment_status":"open","ping_status":"closed","template":"","meta":{"_acf_changed":false,"_joinchat":[]},"product_brand":[],"product_cat":[1806],"product_tag":[],"class_list":{"0":"post-19668","1":"product","2":"type-product","3":"status-publish","4":"has-post-thumbnail","6":"product_cat-colares","8":"first","9":"instock","10":"shipping-taxable","11":"purchasable","12":"product-type-variable"},"acf":[],"yoast_head":"<!-- This site is optimized with the Yoast SEO plugin v27.2 - https:\/\/yoast.com\/product\/yoast-seo-wordpress\/ -->\n<title>Colar com Pedras Ess\u00eancia Natural - Yasmin<\/title>\n<meta name=\"description\" content=\"Colar com Pedras de Ess\u00eancia Natural, projetado para aqueles que procuram harmonia, estilo e uma conex\u00e3o especial com a natureza \u00e9 feito de prata esterlina 925.\" \/>\n<meta name=\"robots\" content=\"index, follow, max-snippet:-1, max-image-preview:large, max-video-preview:-1\" \/>\n<link rel=\"canonical\" href=\"https:\/\/joyasyasmin.com\/pt-pt\/producto\/colar-com-pedras-essencia-natural\/\" \/>\n<meta property=\"og:locale\" content=\"pt_PT\" \/>\n<meta property=\"og:title\" content=\"Colar com Pedras Ess\u00eancia Natural - Yasmin\" \/>\n<meta property=\"og:description\" content=\"Colar com Pedras de Ess\u00eancia Natural, projetado para aqueles que procuram harmonia, estilo e uma conex\u00e3o especial com a natureza \u00e9 feito de prata esterlina 925.\" \/>\n<meta property=\"og:url\" content=\"https:\/\/joyasyasmin.com\/pt-pt\/producto\/colar-com-pedras-essencia-natural\/\" \/>\n<meta property=\"og:site_name\" content=\"Yasmin\" \/>\n<meta property=\"article:publisher\" content=\"https:\/\/www.facebook.com\/Joyas-Yasmin-217664058934169\/\" \/>\n<meta property=\"article:modified_time\" content=\"2025-09-01T07:45:11+00:00\" \/>\n<meta property=\"og:image\" content=\"https:\/\/joyasyasmin.com\/wp-content\/uploads\/2024\/09\/collar-esencia-natural-de-chacras.jpg\" \/>\n\t<meta property=\"og:image:width\" content=\"1000\" \/>\n\t<meta property=\"og:image:height\" content=\"1000\" \/>\n\t<meta property=\"og:image:type\" content=\"image\/jpeg\" \/>\n<meta name=\"twitter:card\" content=\"summary_large_image\" \/>\n<script type=\"application\/ld+json\" class=\"yoast-schema-graph\">{\"@context\":\"https:\/\/schema.org\",\"@graph\":[{\"@type\":[\"WebPage\",\"ItemPage\"],\"@id\":\"https:\/\/joyasyasmin.com\/pt-pt\/producto\/colar-com-pedras-essencia-natural\/\",\"url\":\"https:\/\/joyasyasmin.com\/pt-pt\/producto\/colar-com-pedras-essencia-natural\/\",\"name\":\"Colar com Pedras Ess\u00eancia Natural - Yasmin\",\"isPartOf\":{\"@id\":\"https:\/\/joyasyasmin.com\/pt-pt\/#website\"},\"primaryImageOfPage\":{\"@id\":\"https:\/\/joyasyasmin.com\/pt-pt\/producto\/colar-com-pedras-essencia-natural\/#primaryimage\"},\"image\":{\"@id\":\"https:\/\/joyasyasmin.com\/pt-pt\/producto\/colar-com-pedras-essencia-natural\/#primaryimage\"},\"thumbnailUrl\":\"https:\/\/joyasyasmin.com\/wp-content\/uploads\/2024\/09\/collar-esencia-natural-de-chacras.jpg\",\"datePublished\":\"2024-09-19T17:32:32+00:00\",\"dateModified\":\"2025-09-01T07:45:11+00:00\",\"description\":\"Colar com Pedras de Ess\u00eancia Natural, projetado para aqueles que procuram harmonia, estilo e uma conex\u00e3o especial com a natureza \u00e9 feito de prata esterlina 925.\",\"breadcrumb\":{\"@id\":\"https:\/\/joyasyasmin.com\/pt-pt\/producto\/colar-com-pedras-essencia-natural\/#breadcrumb\"},\"inLanguage\":\"pt-PT\",\"potentialAction\":[{\"@type\":\"ReadAction\",\"target\":[\"https:\/\/joyasyasmin.com\/pt-pt\/producto\/colar-com-pedras-essencia-natural\/\"]}]},{\"@type\":\"ImageObject\",\"inLanguage\":\"pt-PT\",\"@id\":\"https:\/\/joyasyasmin.com\/pt-pt\/producto\/colar-com-pedras-essencia-natural\/#primaryimage\",\"url\":\"https:\/\/joyasyasmin.com\/wp-content\/uploads\/2024\/09\/collar-esencia-natural-de-chacras.jpg\",\"contentUrl\":\"https:\/\/joyasyasmin.com\/wp-content\/uploads\/2024\/09\/collar-esencia-natural-de-chacras.jpg\",\"width\":1000,\"height\":1000,\"caption\":\"Colar de Ess\u00eancia Natural de 925 Chakras de Prata Esterlina\"},{\"@type\":\"BreadcrumbList\",\"@id\":\"https:\/\/joyasyasmin.com\/pt-pt\/producto\/colar-com-pedras-essencia-natural\/#breadcrumb\",\"itemListElement\":[{\"@type\":\"ListItem\",\"position\":1,\"name\":\"Portada\",\"item\":\"https:\/\/joyasyasmin.com\/pt-pt\/casa\/\"},{\"@type\":\"ListItem\",\"position\":2,\"name\":\"Shop\",\"item\":\"https:\/\/joyasyasmin.com\/pt-pt\/shop\/\"},{\"@type\":\"ListItem\",\"position\":3,\"name\":\"Colar com Pedras Ess\u00eancia Natural\"}]},{\"@type\":\"WebSite\",\"@id\":\"https:\/\/joyasyasmin.com\/pt-pt\/#website\",\"url\":\"https:\/\/joyasyasmin.com\/pt-pt\/\",\"name\":\"Yasmin\",\"description\":\"Joyer\u00eda de Plata 925 - Pendientes, pulseras, anillos, colgantes y m\u00e1s!\",\"publisher\":{\"@id\":\"https:\/\/joyasyasmin.com\/pt-pt\/#organization\"},\"potentialAction\":[{\"@type\":\"SearchAction\",\"target\":{\"@type\":\"EntryPoint\",\"urlTemplate\":\"https:\/\/joyasyasmin.com\/pt-pt\/?s={search_term_string}\"},\"query-input\":{\"@type\":\"PropertyValueSpecification\",\"valueRequired\":true,\"valueName\":\"search_term_string\"}}],\"inLanguage\":\"pt-PT\"},{\"@type\":\"Organization\",\"@id\":\"https:\/\/joyasyasmin.com\/pt-pt\/#organization\",\"name\":\"joyas yasmin\",\"url\":\"https:\/\/joyasyasmin.com\/pt-pt\/\",\"logo\":{\"@type\":\"ImageObject\",\"inLanguage\":\"pt-PT\",\"@id\":\"https:\/\/joyasyasmin.com\/pt-pt\/#\/schema\/logo\/image\/\",\"url\":\"https:\/\/joyasyasmin.com\/wp-content\/uploads\/2017\/06\/IMG-20200429-WA0051.jpg\",\"contentUrl\":\"https:\/\/joyasyasmin.com\/wp-content\/uploads\/2017\/06\/IMG-20200429-WA0051.jpg\",\"width\":1080,\"height\":545,\"caption\":\"joyas yasmin\"},\"image\":{\"@id\":\"https:\/\/joyasyasmin.com\/pt-pt\/#\/schema\/logo\/image\/\"},\"sameAs\":[\"https:\/\/www.facebook.com\/Joyas-Yasmin-217664058934169\/\",\"https:\/\/www.instagram.com\/invites\/contact\/\"]}]}<\/script>\n<!-- \/ Yoast SEO plugin. -->","yoast_head_json":{"title":"Colar com Pedras Ess\u00eancia Natural - Yasmin","description":"Colar com Pedras de Ess\u00eancia Natural, projetado para aqueles que procuram harmonia, estilo e uma conex\u00e3o especial com a natureza \u00e9 feito de prata esterlina 925.","robots":{"index":"index","follow":"follow","max-snippet":"max-snippet:-1","max-image-preview":"max-image-preview:large","max-video-preview":"max-video-preview:-1"},"canonical":"https:\/\/joyasyasmin.com\/pt-pt\/producto\/colar-com-pedras-essencia-natural\/","og_locale":"pt_PT","og_title":"Colar com Pedras Ess\u00eancia Natural - Yasmin","og_description":"Colar com Pedras de Ess\u00eancia Natural, projetado para aqueles que procuram harmonia, estilo e uma conex\u00e3o especial com a natureza \u00e9 feito de prata esterlina 925.","og_url":"https:\/\/joyasyasmin.com\/pt-pt\/producto\/colar-com-pedras-essencia-natural\/","og_site_name":"Yasmin","article_publisher":"https:\/\/www.facebook.com\/Joyas-Yasmin-217664058934169\/","article_modified_time":"2025-09-01T07:45:11+00:00","og_image":[{"width":1000,"height":1000,"url":"https:\/\/joyasyasmin.com\/wp-content\/uploads\/2024\/09\/collar-esencia-natural-de-chacras.jpg","type":"image\/jpeg"}],"twitter_card":"summary_large_image","schema":{"@context":"https:\/\/schema.org","@graph":[{"@type":["WebPage","ItemPage"],"@id":"https:\/\/joyasyasmin.com\/pt-pt\/producto\/colar-com-pedras-essencia-natural\/","url":"https:\/\/joyasyasmin.com\/pt-pt\/producto\/colar-com-pedras-essencia-natural\/","name":"Colar com Pedras Ess\u00eancia Natural - Yasmin","isPartOf":{"@id":"https:\/\/joyasyasmin.com\/pt-pt\/#website"},"primaryImageOfPage":{"@id":"https:\/\/joyasyasmin.com\/pt-pt\/producto\/colar-com-pedras-essencia-natural\/#primaryimage"},"image":{"@id":"https:\/\/joyasyasmin.com\/pt-pt\/producto\/colar-com-pedras-essencia-natural\/#primaryimage"},"thumbnailUrl":"https:\/\/joyasyasmin.com\/wp-content\/uploads\/2024\/09\/collar-esencia-natural-de-chacras.jpg","datePublished":"2024-09-19T17:32:32+00:00","dateModified":"2025-09-01T07:45:11+00:00","description":"Colar com Pedras de Ess\u00eancia Natural, projetado para aqueles que procuram harmonia, estilo e uma conex\u00e3o especial com a natureza \u00e9 feito de prata esterlina 925.","breadcrumb":{"@id":"https:\/\/joyasyasmin.com\/pt-pt\/producto\/colar-com-pedras-essencia-natural\/#breadcrumb"},"inLanguage":"pt-PT","potentialAction":[{"@type":"ReadAction","target":["https:\/\/joyasyasmin.com\/pt-pt\/producto\/colar-com-pedras-essencia-natural\/"]}]},{"@type":"ImageObject","inLanguage":"pt-PT","@id":"https:\/\/joyasyasmin.com\/pt-pt\/producto\/colar-com-pedras-essencia-natural\/#primaryimage","url":"https:\/\/joyasyasmin.com\/wp-content\/uploads\/2024\/09\/collar-esencia-natural-de-chacras.jpg","contentUrl":"https:\/\/joyasyasmin.com\/wp-content\/uploads\/2024\/09\/collar-esencia-natural-de-chacras.jpg","width":1000,"height":1000,"caption":"Colar de Ess\u00eancia Natural de 925 Chakras de Prata Esterlina"},{"@type":"BreadcrumbList","@id":"https:\/\/joyasyasmin.com\/pt-pt\/producto\/colar-com-pedras-essencia-natural\/#breadcrumb","itemListElement":[{"@type":"ListItem","position":1,"name":"Portada","item":"https:\/\/joyasyasmin.com\/pt-pt\/casa\/"},{"@type":"ListItem","position":2,"name":"Shop","item":"https:\/\/joyasyasmin.com\/pt-pt\/shop\/"},{"@type":"ListItem","position":3,"name":"Colar com Pedras Ess\u00eancia Natural"}]},{"@type":"WebSite","@id":"https:\/\/joyasyasmin.com\/pt-pt\/#website","url":"https:\/\/joyasyasmin.com\/pt-pt\/","name":"Yasmin","description":"Joyer\u00eda de Plata 925 - Pendientes, pulseras, anillos, colgantes y m\u00e1s!","publisher":{"@id":"https:\/\/joyasyasmin.com\/pt-pt\/#organization"},"potentialAction":[{"@type":"SearchAction","target":{"@type":"EntryPoint","urlTemplate":"https:\/\/joyasyasmin.com\/pt-pt\/?s={search_term_string}"},"query-input":{"@type":"PropertyValueSpecification","valueRequired":true,"valueName":"search_term_string"}}],"inLanguage":"pt-PT"},{"@type":"Organization","@id":"https:\/\/joyasyasmin.com\/pt-pt\/#organization","name":"joyas yasmin","url":"https:\/\/joyasyasmin.com\/pt-pt\/","logo":{"@type":"ImageObject","inLanguage":"pt-PT","@id":"https:\/\/joyasyasmin.com\/pt-pt\/#\/schema\/logo\/image\/","url":"https:\/\/joyasyasmin.com\/wp-content\/uploads\/2017\/06\/IMG-20200429-WA0051.jpg","contentUrl":"https:\/\/joyasyasmin.com\/wp-content\/uploads\/2017\/06\/IMG-20200429-WA0051.jpg","width":1080,"height":545,"caption":"joyas yasmin"},"image":{"@id":"https:\/\/joyasyasmin.com\/pt-pt\/#\/schema\/logo\/image\/"},"sameAs":["https:\/\/www.facebook.com\/Joyas-Yasmin-217664058934169\/","https:\/\/www.instagram.com\/invites\/contact\/"]}]}},"_links":{"self":[{"href":"https:\/\/joyasyasmin.com\/pt-pt\/wp-json\/wp\/v2\/product\/19668","targetHints":{"allow":["GET"]}}],"collection":[{"href":"https:\/\/joyasyasmin.com\/pt-pt\/wp-json\/wp\/v2\/product"}],"about":[{"href":"https:\/\/joyasyasmin.com\/pt-pt\/wp-json\/wp\/v2\/types\/product"}],"replies":[{"embeddable":true,"href":"https:\/\/joyasyasmin.com\/pt-pt\/wp-json\/wp\/v2\/comments?post=19668"}],"version-history":[{"count":2,"href":"https:\/\/joyasyasmin.com\/pt-pt\/wp-json\/wp\/v2\/product\/19668\/revisions"}],"predecessor-version":[{"id":34616,"href":"https:\/\/joyasyasmin.com\/pt-pt\/wp-json\/wp\/v2\/product\/19668\/revisions\/34616"}],"wp:featuredmedia":[{"embeddable":true,"href":"https:\/\/joyasyasmin.com\/pt-pt\/wp-json\/wp\/v2\/media\/19677"}],"wp:attachment":[{"href":"https:\/\/joyasyasmin.com\/pt-pt\/wp-json\/wp\/v2\/media?parent=19668"}],"wp:term":[{"taxonomy":"product_brand","embeddable":true,"href":"https:\/\/joyasyasmin.com\/pt-pt\/wp-json\/wp\/v2\/product_brand?post=19668"},{"taxonomy":"product_cat","embeddable":true,"href":"https:\/\/joyasyasmin.com\/pt-pt\/wp-json\/wp\/v2\/product_cat?post=19668"},{"taxonomy":"product_tag","embeddable":true,"href":"https:\/\/joyasyasmin.com\/pt-pt\/wp-json\/wp\/v2\/product_tag?post=19668"}],"curies":[{"name":"wp","href":"https:\/\/api.w.org\/{rel}","templated":true}]}}