{"id":19738,"date":"2024-09-19T18:27:43","date_gmt":"2024-09-19T18:27:43","guid":{"rendered":"https:\/\/joyasyasmin.com\/producto\/clover-colar-elegancia-e-sorte\/"},"modified":"2025-05-13T11:08:42","modified_gmt":"2025-05-13T11:08:42","slug":"clover-colar-elegancia-e-sorte","status":"publish","type":"product","link":"https:\/\/joyasyasmin.com\/pt-pt\/producto\/clover-colar-elegancia-e-sorte\/","title":{"rendered":"Clover Colar Eleg\u00e2ncia e Sorte"},"content":{"rendered":"","protected":false},"excerpt":{"rendered":"<p>O Clover Elegance and Luck Necklace \u00e9 uma encantadora joia que combina estilo e simbolismo numa pe\u00e7a especial. Este belo design apresenta tr\u00eas trevos ou flores de 4 p\u00e9talas, representando boa sorte e prote\u00e7\u00e3o multiplicada. Fabricado em prata esterlina 925, este colar n\u00e3o s\u00f3 se destaca pelo seu design sofisticado, mas tamb\u00e9m pela sua durabilidade e qualidade.  <\/p>\n<p>Cada trevo tem um di\u00e2metro de 12mm, criando um equil\u00edbrio perfeito entre delicadeza e destaque. Al\u00e9m disso, pode escolher a cor de cada trevo entre o preto e o vermelho, permitindo que este acess\u00f3rio se adapte ao seu estilo pessoal ou \u00e0s suas emo\u00e7\u00f5es. <\/p>\n<p>A corrente rolo de 2 mm de espessura foi cuidadosamente concebida para garantir conforto e resist\u00eancia, e o seu comprimento de 45 cm + 3 cm de extens\u00e3o permite-lhe ajust\u00e1-la de acordo com as suas prefer\u00eancias. Este colar \u00e9 perfeito tanto para o uso di\u00e1rio como para ocasi\u00f5es especiais, gra\u00e7as ao seu design vers\u00e1til e intemporal. <\/p>\n","protected":false},"featured_media":19742,"comment_status":"open","ping_status":"closed","template":"","meta":{"_acf_changed":false,"_joinchat":[]},"product_brand":[],"product_cat":[1806],"product_tag":[],"class_list":{"0":"post-19738","1":"product","2":"type-product","3":"status-publish","4":"has-post-thumbnail","6":"product_cat-colares","8":"first","9":"instock","10":"shipping-taxable","11":"purchasable","12":"product-type-variable"},"acf":[],"yoast_head":"<!-- This site is optimized with the Yoast SEO plugin v27.2 - https:\/\/yoast.com\/product\/yoast-seo-wordpress\/ -->\n<title>Clover Colar Eleg\u00e2ncia e Sorte - Yasmin<\/title>\n<meta name=\"description\" content=\"O Clover Elegance and Luck Necklace \u00e9 uma encantadora joia que combina estilo e simbolismo numa pe\u00e7a especial. 925 prata.\" \/>\n<meta name=\"robots\" content=\"index, follow, max-snippet:-1, max-image-preview:large, max-video-preview:-1\" \/>\n<link rel=\"canonical\" href=\"https:\/\/joyasyasmin.com\/pt-pt\/producto\/clover-colar-elegancia-e-sorte\/\" \/>\n<meta property=\"og:locale\" content=\"pt_PT\" \/>\n<meta property=\"og:title\" content=\"Clover Colar Eleg\u00e2ncia e Sorte - Yasmin\" \/>\n<meta property=\"og:description\" content=\"O Clover Elegance and Luck Necklace \u00e9 uma encantadora joia que combina estilo e simbolismo numa pe\u00e7a especial. 925 prata.\" \/>\n<meta property=\"og:url\" content=\"https:\/\/joyasyasmin.com\/pt-pt\/producto\/clover-colar-elegancia-e-sorte\/\" \/>\n<meta property=\"og:site_name\" content=\"Yasmin\" \/>\n<meta property=\"article:publisher\" content=\"https:\/\/www.facebook.com\/Joyas-Yasmin-217664058934169\/\" \/>\n<meta property=\"article:modified_time\" content=\"2025-05-13T11:08:42+00:00\" \/>\n<meta property=\"og:image\" content=\"https:\/\/joyasyasmin.com\/wp-content\/uploads\/2024\/09\/collar-trebol-onix.jpg\" \/>\n\t<meta property=\"og:image:width\" content=\"1000\" \/>\n\t<meta property=\"og:image:height\" content=\"1000\" \/>\n\t<meta property=\"og:image:type\" content=\"image\/jpeg\" \/>\n<meta name=\"twitter:card\" content=\"summary_large_image\" \/>\n<script type=\"application\/ld+json\" class=\"yoast-schema-graph\">{\"@context\":\"https:\/\/schema.org\",\"@graph\":[{\"@type\":[\"WebPage\",\"ItemPage\"],\"@id\":\"https:\/\/joyasyasmin.com\/pt-pt\/producto\/clover-colar-elegancia-e-sorte\/\",\"url\":\"https:\/\/joyasyasmin.com\/pt-pt\/producto\/clover-colar-elegancia-e-sorte\/\",\"name\":\"Clover Colar Eleg\u00e2ncia e Sorte - Yasmin\",\"isPartOf\":{\"@id\":\"https:\/\/joyasyasmin.com\/pt-pt\/#website\"},\"primaryImageOfPage\":{\"@id\":\"https:\/\/joyasyasmin.com\/pt-pt\/producto\/clover-colar-elegancia-e-sorte\/#primaryimage\"},\"image\":{\"@id\":\"https:\/\/joyasyasmin.com\/pt-pt\/producto\/clover-colar-elegancia-e-sorte\/#primaryimage\"},\"thumbnailUrl\":\"https:\/\/joyasyasmin.com\/wp-content\/uploads\/2024\/09\/collar-trebol-onix.jpg\",\"datePublished\":\"2024-09-19T18:27:43+00:00\",\"dateModified\":\"2025-05-13T11:08:42+00:00\",\"description\":\"O Clover Elegance and Luck Necklace \u00e9 uma encantadora joia que combina estilo e simbolismo numa pe\u00e7a especial. 925 prata.\",\"breadcrumb\":{\"@id\":\"https:\/\/joyasyasmin.com\/pt-pt\/producto\/clover-colar-elegancia-e-sorte\/#breadcrumb\"},\"inLanguage\":\"pt-PT\",\"potentialAction\":[{\"@type\":\"ReadAction\",\"target\":[\"https:\/\/joyasyasmin.com\/pt-pt\/producto\/clover-colar-elegancia-e-sorte\/\"]}]},{\"@type\":\"ImageObject\",\"inLanguage\":\"pt-PT\",\"@id\":\"https:\/\/joyasyasmin.com\/pt-pt\/producto\/clover-colar-elegancia-e-sorte\/#primaryimage\",\"url\":\"https:\/\/joyasyasmin.com\/wp-content\/uploads\/2024\/09\/collar-trebol-onix.jpg\",\"contentUrl\":\"https:\/\/joyasyasmin.com\/wp-content\/uploads\/2024\/09\/collar-trebol-onix.jpg\",\"width\":1000,\"height\":1000,\"caption\":\"Venda de Colar Onis Clover em Prata Esterlina 925\"},{\"@type\":\"BreadcrumbList\",\"@id\":\"https:\/\/joyasyasmin.com\/pt-pt\/producto\/clover-colar-elegancia-e-sorte\/#breadcrumb\",\"itemListElement\":[{\"@type\":\"ListItem\",\"position\":1,\"name\":\"Portada\",\"item\":\"https:\/\/joyasyasmin.com\/pt-pt\/casa\/\"},{\"@type\":\"ListItem\",\"position\":2,\"name\":\"Shop\",\"item\":\"https:\/\/joyasyasmin.com\/pt-pt\/shop\/\"},{\"@type\":\"ListItem\",\"position\":3,\"name\":\"Clover Colar Eleg\u00e2ncia e Sorte\"}]},{\"@type\":\"WebSite\",\"@id\":\"https:\/\/joyasyasmin.com\/pt-pt\/#website\",\"url\":\"https:\/\/joyasyasmin.com\/pt-pt\/\",\"name\":\"Yasmin\",\"description\":\"Joyer\u00eda de Plata 925 - Pendientes, pulseras, anillos, colgantes y m\u00e1s!\",\"publisher\":{\"@id\":\"https:\/\/joyasyasmin.com\/pt-pt\/#organization\"},\"potentialAction\":[{\"@type\":\"SearchAction\",\"target\":{\"@type\":\"EntryPoint\",\"urlTemplate\":\"https:\/\/joyasyasmin.com\/pt-pt\/?s={search_term_string}\"},\"query-input\":{\"@type\":\"PropertyValueSpecification\",\"valueRequired\":true,\"valueName\":\"search_term_string\"}}],\"inLanguage\":\"pt-PT\"},{\"@type\":\"Organization\",\"@id\":\"https:\/\/joyasyasmin.com\/pt-pt\/#organization\",\"name\":\"joyas yasmin\",\"url\":\"https:\/\/joyasyasmin.com\/pt-pt\/\",\"logo\":{\"@type\":\"ImageObject\",\"inLanguage\":\"pt-PT\",\"@id\":\"https:\/\/joyasyasmin.com\/pt-pt\/#\/schema\/logo\/image\/\",\"url\":\"https:\/\/joyasyasmin.com\/wp-content\/uploads\/2017\/06\/IMG-20200429-WA0051.jpg\",\"contentUrl\":\"https:\/\/joyasyasmin.com\/wp-content\/uploads\/2017\/06\/IMG-20200429-WA0051.jpg\",\"width\":1080,\"height\":545,\"caption\":\"joyas yasmin\"},\"image\":{\"@id\":\"https:\/\/joyasyasmin.com\/pt-pt\/#\/schema\/logo\/image\/\"},\"sameAs\":[\"https:\/\/www.facebook.com\/Joyas-Yasmin-217664058934169\/\",\"https:\/\/www.instagram.com\/invites\/contact\/\"]}]}<\/script>\n<!-- \/ Yoast SEO plugin. -->","yoast_head_json":{"title":"Clover Colar Eleg\u00e2ncia e Sorte - Yasmin","description":"O Clover Elegance and Luck Necklace \u00e9 uma encantadora joia que combina estilo e simbolismo numa pe\u00e7a especial. 925 prata.","robots":{"index":"index","follow":"follow","max-snippet":"max-snippet:-1","max-image-preview":"max-image-preview:large","max-video-preview":"max-video-preview:-1"},"canonical":"https:\/\/joyasyasmin.com\/pt-pt\/producto\/clover-colar-elegancia-e-sorte\/","og_locale":"pt_PT","og_title":"Clover Colar Eleg\u00e2ncia e Sorte - Yasmin","og_description":"O Clover Elegance and Luck Necklace \u00e9 uma encantadora joia que combina estilo e simbolismo numa pe\u00e7a especial. 925 prata.","og_url":"https:\/\/joyasyasmin.com\/pt-pt\/producto\/clover-colar-elegancia-e-sorte\/","og_site_name":"Yasmin","article_publisher":"https:\/\/www.facebook.com\/Joyas-Yasmin-217664058934169\/","article_modified_time":"2025-05-13T11:08:42+00:00","og_image":[{"width":1000,"height":1000,"url":"https:\/\/joyasyasmin.com\/wp-content\/uploads\/2024\/09\/collar-trebol-onix.jpg","type":"image\/jpeg"}],"twitter_card":"summary_large_image","schema":{"@context":"https:\/\/schema.org","@graph":[{"@type":["WebPage","ItemPage"],"@id":"https:\/\/joyasyasmin.com\/pt-pt\/producto\/clover-colar-elegancia-e-sorte\/","url":"https:\/\/joyasyasmin.com\/pt-pt\/producto\/clover-colar-elegancia-e-sorte\/","name":"Clover Colar Eleg\u00e2ncia e Sorte - Yasmin","isPartOf":{"@id":"https:\/\/joyasyasmin.com\/pt-pt\/#website"},"primaryImageOfPage":{"@id":"https:\/\/joyasyasmin.com\/pt-pt\/producto\/clover-colar-elegancia-e-sorte\/#primaryimage"},"image":{"@id":"https:\/\/joyasyasmin.com\/pt-pt\/producto\/clover-colar-elegancia-e-sorte\/#primaryimage"},"thumbnailUrl":"https:\/\/joyasyasmin.com\/wp-content\/uploads\/2024\/09\/collar-trebol-onix.jpg","datePublished":"2024-09-19T18:27:43+00:00","dateModified":"2025-05-13T11:08:42+00:00","description":"O Clover Elegance and Luck Necklace \u00e9 uma encantadora joia que combina estilo e simbolismo numa pe\u00e7a especial. 925 prata.","breadcrumb":{"@id":"https:\/\/joyasyasmin.com\/pt-pt\/producto\/clover-colar-elegancia-e-sorte\/#breadcrumb"},"inLanguage":"pt-PT","potentialAction":[{"@type":"ReadAction","target":["https:\/\/joyasyasmin.com\/pt-pt\/producto\/clover-colar-elegancia-e-sorte\/"]}]},{"@type":"ImageObject","inLanguage":"pt-PT","@id":"https:\/\/joyasyasmin.com\/pt-pt\/producto\/clover-colar-elegancia-e-sorte\/#primaryimage","url":"https:\/\/joyasyasmin.com\/wp-content\/uploads\/2024\/09\/collar-trebol-onix.jpg","contentUrl":"https:\/\/joyasyasmin.com\/wp-content\/uploads\/2024\/09\/collar-trebol-onix.jpg","width":1000,"height":1000,"caption":"Venda de Colar Onis Clover em Prata Esterlina 925"},{"@type":"BreadcrumbList","@id":"https:\/\/joyasyasmin.com\/pt-pt\/producto\/clover-colar-elegancia-e-sorte\/#breadcrumb","itemListElement":[{"@type":"ListItem","position":1,"name":"Portada","item":"https:\/\/joyasyasmin.com\/pt-pt\/casa\/"},{"@type":"ListItem","position":2,"name":"Shop","item":"https:\/\/joyasyasmin.com\/pt-pt\/shop\/"},{"@type":"ListItem","position":3,"name":"Clover Colar Eleg\u00e2ncia e Sorte"}]},{"@type":"WebSite","@id":"https:\/\/joyasyasmin.com\/pt-pt\/#website","url":"https:\/\/joyasyasmin.com\/pt-pt\/","name":"Yasmin","description":"Joyer\u00eda de Plata 925 - Pendientes, pulseras, anillos, colgantes y m\u00e1s!","publisher":{"@id":"https:\/\/joyasyasmin.com\/pt-pt\/#organization"},"potentialAction":[{"@type":"SearchAction","target":{"@type":"EntryPoint","urlTemplate":"https:\/\/joyasyasmin.com\/pt-pt\/?s={search_term_string}"},"query-input":{"@type":"PropertyValueSpecification","valueRequired":true,"valueName":"search_term_string"}}],"inLanguage":"pt-PT"},{"@type":"Organization","@id":"https:\/\/joyasyasmin.com\/pt-pt\/#organization","name":"joyas yasmin","url":"https:\/\/joyasyasmin.com\/pt-pt\/","logo":{"@type":"ImageObject","inLanguage":"pt-PT","@id":"https:\/\/joyasyasmin.com\/pt-pt\/#\/schema\/logo\/image\/","url":"https:\/\/joyasyasmin.com\/wp-content\/uploads\/2017\/06\/IMG-20200429-WA0051.jpg","contentUrl":"https:\/\/joyasyasmin.com\/wp-content\/uploads\/2017\/06\/IMG-20200429-WA0051.jpg","width":1080,"height":545,"caption":"joyas yasmin"},"image":{"@id":"https:\/\/joyasyasmin.com\/pt-pt\/#\/schema\/logo\/image\/"},"sameAs":["https:\/\/www.facebook.com\/Joyas-Yasmin-217664058934169\/","https:\/\/www.instagram.com\/invites\/contact\/"]}]}},"_links":{"self":[{"href":"https:\/\/joyasyasmin.com\/pt-pt\/wp-json\/wp\/v2\/product\/19738","targetHints":{"allow":["GET"]}}],"collection":[{"href":"https:\/\/joyasyasmin.com\/pt-pt\/wp-json\/wp\/v2\/product"}],"about":[{"href":"https:\/\/joyasyasmin.com\/pt-pt\/wp-json\/wp\/v2\/types\/product"}],"replies":[{"embeddable":true,"href":"https:\/\/joyasyasmin.com\/pt-pt\/wp-json\/wp\/v2\/comments?post=19738"}],"version-history":[{"count":1,"href":"https:\/\/joyasyasmin.com\/pt-pt\/wp-json\/wp\/v2\/product\/19738\/revisions"}],"predecessor-version":[{"id":32487,"href":"https:\/\/joyasyasmin.com\/pt-pt\/wp-json\/wp\/v2\/product\/19738\/revisions\/32487"}],"wp:featuredmedia":[{"embeddable":true,"href":"https:\/\/joyasyasmin.com\/pt-pt\/wp-json\/wp\/v2\/media\/19742"}],"wp:attachment":[{"href":"https:\/\/joyasyasmin.com\/pt-pt\/wp-json\/wp\/v2\/media?parent=19738"}],"wp:term":[{"taxonomy":"product_brand","embeddable":true,"href":"https:\/\/joyasyasmin.com\/pt-pt\/wp-json\/wp\/v2\/product_brand?post=19738"},{"taxonomy":"product_cat","embeddable":true,"href":"https:\/\/joyasyasmin.com\/pt-pt\/wp-json\/wp\/v2\/product_cat?post=19738"},{"taxonomy":"product_tag","embeddable":true,"href":"https:\/\/joyasyasmin.com\/pt-pt\/wp-json\/wp\/v2\/product_tag?post=19738"}],"curies":[{"name":"wp","href":"https:\/\/api.w.org\/{rel}","templated":true}]}}