{"id":19777,"date":"2024-09-21T21:17:55","date_gmt":"2024-09-21T21:17:55","guid":{"rendered":"https:\/\/joyasyasmin.com\/producto\/cintilantes-do-anel-oval-com-pedra\/"},"modified":"2025-08-06T07:31:35","modified_gmt":"2025-08-06T07:31:35","slug":"cintilantes-do-anel-oval-com-pedra","status":"publish","type":"product","link":"https:\/\/joyasyasmin.com\/pt-pt\/producto\/cintilantes-do-anel-oval-com-pedra\/","title":{"rendered":"Cintilantes do anel oval com pedra"},"content":{"rendered":"","protected":false},"excerpt":{"rendered":"<p>O Anel Oval Brilha com Pedras \u00e9 muito mais do que apenas uma joia; \u00c9 uma declara\u00e7\u00e3o de estilo. Com o seu design oval e 24 mm de largura, este anel torna-se o protagonista de qualquer look, ideal para quem aprecia acess\u00f3rios marcantes sem perder a sofistica\u00e7\u00e3o. A pe\u00e7a est\u00e1 dispon\u00edvel em tr\u00eas op\u00e7\u00f5es de pedra deslumbrante: opala opalescente, conhecida por suas tonalidades mut\u00e1veis que refletem a luz em tons m\u00e1gicos, pedra da lua serena e misteriosa, que evoca energia feminina e introspe\u00e7\u00e3o, e turquesa sint\u00e9tica vibrante, que traz uma nota de frescor e modernidade com sua tonalidade azul exclusiva.  <\/p>\n","protected":false},"featured_media":19793,"comment_status":"open","ping_status":"closed","template":"","meta":{"_acf_changed":false,"_joinchat":[]},"product_brand":[],"product_cat":[1840],"product_tag":[],"class_list":{"0":"post-19777","1":"product","2":"type-product","3":"status-publish","4":"has-post-thumbnail","6":"product_cat-aneis-aneis","8":"first","9":"instock","10":"shipping-taxable","11":"purchasable","12":"product-type-variable"},"acf":[],"yoast_head":"<!-- This site is optimized with the Yoast SEO plugin v27.2 - https:\/\/yoast.com\/product\/yoast-seo-wordpress\/ -->\n<title>Cintilantes do anel oval com pedra - Yasmin<\/title>\n<meta name=\"description\" content=\"O Anel Oval Brilha com Pedras n\u00e3o s\u00f3 acrescenta distin\u00e7\u00e3o, mas tamb\u00e9m permite que voc\u00ea expresse sua individualidade, pedra natural opalus, pedra da lua.\" \/>\n<meta name=\"robots\" content=\"index, follow, max-snippet:-1, max-image-preview:large, max-video-preview:-1\" \/>\n<link rel=\"canonical\" href=\"https:\/\/joyasyasmin.com\/pt-pt\/producto\/cintilantes-do-anel-oval-com-pedra\/\" \/>\n<meta property=\"og:locale\" content=\"pt_PT\" \/>\n<meta property=\"og:title\" content=\"Cintilantes do anel oval com pedra - Yasmin\" \/>\n<meta property=\"og:description\" content=\"O Anel Oval Brilha com Pedras n\u00e3o s\u00f3 acrescenta distin\u00e7\u00e3o, mas tamb\u00e9m permite que voc\u00ea expresse sua individualidade, pedra natural opalus, pedra da lua.\" \/>\n<meta property=\"og:url\" content=\"https:\/\/joyasyasmin.com\/pt-pt\/producto\/cintilantes-do-anel-oval-com-pedra\/\" \/>\n<meta property=\"og:site_name\" content=\"Yasmin\" \/>\n<meta property=\"article:publisher\" content=\"https:\/\/www.facebook.com\/Joyas-Yasmin-217664058934169\/\" \/>\n<meta property=\"article:modified_time\" content=\"2025-08-06T07:31:35+00:00\" \/>\n<meta property=\"og:image\" content=\"https:\/\/joyasyasmin.com\/wp-content\/uploads\/2024\/09\/anillo-piedra-luna-natural.jpg\" \/>\n\t<meta property=\"og:image:width\" content=\"1000\" \/>\n\t<meta property=\"og:image:height\" content=\"1000\" \/>\n\t<meta property=\"og:image:type\" content=\"image\/jpeg\" \/>\n<meta name=\"twitter:card\" content=\"summary_large_image\" \/>\n<script type=\"application\/ld+json\" class=\"yoast-schema-graph\">{\"@context\":\"https:\/\/schema.org\",\"@graph\":[{\"@type\":[\"WebPage\",\"ItemPage\"],\"@id\":\"https:\/\/joyasyasmin.com\/pt-pt\/producto\/cintilantes-do-anel-oval-com-pedra\/\",\"url\":\"https:\/\/joyasyasmin.com\/pt-pt\/producto\/cintilantes-do-anel-oval-com-pedra\/\",\"name\":\"Cintilantes do anel oval com pedra - Yasmin\",\"isPartOf\":{\"@id\":\"https:\/\/joyasyasmin.com\/pt-pt\/#website\"},\"primaryImageOfPage\":{\"@id\":\"https:\/\/joyasyasmin.com\/pt-pt\/producto\/cintilantes-do-anel-oval-com-pedra\/#primaryimage\"},\"image\":{\"@id\":\"https:\/\/joyasyasmin.com\/pt-pt\/producto\/cintilantes-do-anel-oval-com-pedra\/#primaryimage\"},\"thumbnailUrl\":\"https:\/\/joyasyasmin.com\/wp-content\/uploads\/2024\/09\/anillo-piedra-luna-natural.jpg\",\"datePublished\":\"2024-09-21T21:17:55+00:00\",\"dateModified\":\"2025-08-06T07:31:35+00:00\",\"description\":\"O Anel Oval Brilha com Pedras n\u00e3o s\u00f3 acrescenta distin\u00e7\u00e3o, mas tamb\u00e9m permite que voc\u00ea expresse sua individualidade, pedra natural opalus, pedra da lua.\",\"breadcrumb\":{\"@id\":\"https:\/\/joyasyasmin.com\/pt-pt\/producto\/cintilantes-do-anel-oval-com-pedra\/#breadcrumb\"},\"inLanguage\":\"pt-PT\",\"potentialAction\":[{\"@type\":\"ReadAction\",\"target\":[\"https:\/\/joyasyasmin.com\/pt-pt\/producto\/cintilantes-do-anel-oval-com-pedra\/\"]}]},{\"@type\":\"ImageObject\",\"inLanguage\":\"pt-PT\",\"@id\":\"https:\/\/joyasyasmin.com\/pt-pt\/producto\/cintilantes-do-anel-oval-com-pedra\/#primaryimage\",\"url\":\"https:\/\/joyasyasmin.com\/wp-content\/uploads\/2024\/09\/anillo-piedra-luna-natural.jpg\",\"contentUrl\":\"https:\/\/joyasyasmin.com\/wp-content\/uploads\/2024\/09\/anillo-piedra-luna-natural.jpg\",\"width\":1000,\"height\":1000,\"caption\":\"Anel de Pedra da Lua Venda Fa\u00edscas de 925 Pedra de Prata Esterlina\"},{\"@type\":\"BreadcrumbList\",\"@id\":\"https:\/\/joyasyasmin.com\/pt-pt\/producto\/cintilantes-do-anel-oval-com-pedra\/#breadcrumb\",\"itemListElement\":[{\"@type\":\"ListItem\",\"position\":1,\"name\":\"Portada\",\"item\":\"https:\/\/joyasyasmin.com\/pt-pt\/casa\/\"},{\"@type\":\"ListItem\",\"position\":2,\"name\":\"Shop\",\"item\":\"https:\/\/joyasyasmin.com\/pt-pt\/shop\/\"},{\"@type\":\"ListItem\",\"position\":3,\"name\":\"Cintilantes do anel oval com pedra\"}]},{\"@type\":\"WebSite\",\"@id\":\"https:\/\/joyasyasmin.com\/pt-pt\/#website\",\"url\":\"https:\/\/joyasyasmin.com\/pt-pt\/\",\"name\":\"Yasmin\",\"description\":\"Joyer\u00eda de Plata 925 - Pendientes, pulseras, anillos, colgantes y m\u00e1s!\",\"publisher\":{\"@id\":\"https:\/\/joyasyasmin.com\/pt-pt\/#organization\"},\"potentialAction\":[{\"@type\":\"SearchAction\",\"target\":{\"@type\":\"EntryPoint\",\"urlTemplate\":\"https:\/\/joyasyasmin.com\/pt-pt\/?s={search_term_string}\"},\"query-input\":{\"@type\":\"PropertyValueSpecification\",\"valueRequired\":true,\"valueName\":\"search_term_string\"}}],\"inLanguage\":\"pt-PT\"},{\"@type\":\"Organization\",\"@id\":\"https:\/\/joyasyasmin.com\/pt-pt\/#organization\",\"name\":\"joyas yasmin\",\"url\":\"https:\/\/joyasyasmin.com\/pt-pt\/\",\"logo\":{\"@type\":\"ImageObject\",\"inLanguage\":\"pt-PT\",\"@id\":\"https:\/\/joyasyasmin.com\/pt-pt\/#\/schema\/logo\/image\/\",\"url\":\"https:\/\/joyasyasmin.com\/wp-content\/uploads\/2017\/06\/IMG-20200429-WA0051.jpg\",\"contentUrl\":\"https:\/\/joyasyasmin.com\/wp-content\/uploads\/2017\/06\/IMG-20200429-WA0051.jpg\",\"width\":1080,\"height\":545,\"caption\":\"joyas yasmin\"},\"image\":{\"@id\":\"https:\/\/joyasyasmin.com\/pt-pt\/#\/schema\/logo\/image\/\"},\"sameAs\":[\"https:\/\/www.facebook.com\/Joyas-Yasmin-217664058934169\/\",\"https:\/\/www.instagram.com\/invites\/contact\/\"]}]}<\/script>\n<!-- \/ Yoast SEO plugin. -->","yoast_head_json":{"title":"Cintilantes do anel oval com pedra - Yasmin","description":"O Anel Oval Brilha com Pedras n\u00e3o s\u00f3 acrescenta distin\u00e7\u00e3o, mas tamb\u00e9m permite que voc\u00ea expresse sua individualidade, pedra natural opalus, pedra da lua.","robots":{"index":"index","follow":"follow","max-snippet":"max-snippet:-1","max-image-preview":"max-image-preview:large","max-video-preview":"max-video-preview:-1"},"canonical":"https:\/\/joyasyasmin.com\/pt-pt\/producto\/cintilantes-do-anel-oval-com-pedra\/","og_locale":"pt_PT","og_title":"Cintilantes do anel oval com pedra - Yasmin","og_description":"O Anel Oval Brilha com Pedras n\u00e3o s\u00f3 acrescenta distin\u00e7\u00e3o, mas tamb\u00e9m permite que voc\u00ea expresse sua individualidade, pedra natural opalus, pedra da lua.","og_url":"https:\/\/joyasyasmin.com\/pt-pt\/producto\/cintilantes-do-anel-oval-com-pedra\/","og_site_name":"Yasmin","article_publisher":"https:\/\/www.facebook.com\/Joyas-Yasmin-217664058934169\/","article_modified_time":"2025-08-06T07:31:35+00:00","og_image":[{"width":1000,"height":1000,"url":"https:\/\/joyasyasmin.com\/wp-content\/uploads\/2024\/09\/anillo-piedra-luna-natural.jpg","type":"image\/jpeg"}],"twitter_card":"summary_large_image","schema":{"@context":"https:\/\/schema.org","@graph":[{"@type":["WebPage","ItemPage"],"@id":"https:\/\/joyasyasmin.com\/pt-pt\/producto\/cintilantes-do-anel-oval-com-pedra\/","url":"https:\/\/joyasyasmin.com\/pt-pt\/producto\/cintilantes-do-anel-oval-com-pedra\/","name":"Cintilantes do anel oval com pedra - Yasmin","isPartOf":{"@id":"https:\/\/joyasyasmin.com\/pt-pt\/#website"},"primaryImageOfPage":{"@id":"https:\/\/joyasyasmin.com\/pt-pt\/producto\/cintilantes-do-anel-oval-com-pedra\/#primaryimage"},"image":{"@id":"https:\/\/joyasyasmin.com\/pt-pt\/producto\/cintilantes-do-anel-oval-com-pedra\/#primaryimage"},"thumbnailUrl":"https:\/\/joyasyasmin.com\/wp-content\/uploads\/2024\/09\/anillo-piedra-luna-natural.jpg","datePublished":"2024-09-21T21:17:55+00:00","dateModified":"2025-08-06T07:31:35+00:00","description":"O Anel Oval Brilha com Pedras n\u00e3o s\u00f3 acrescenta distin\u00e7\u00e3o, mas tamb\u00e9m permite que voc\u00ea expresse sua individualidade, pedra natural opalus, pedra da lua.","breadcrumb":{"@id":"https:\/\/joyasyasmin.com\/pt-pt\/producto\/cintilantes-do-anel-oval-com-pedra\/#breadcrumb"},"inLanguage":"pt-PT","potentialAction":[{"@type":"ReadAction","target":["https:\/\/joyasyasmin.com\/pt-pt\/producto\/cintilantes-do-anel-oval-com-pedra\/"]}]},{"@type":"ImageObject","inLanguage":"pt-PT","@id":"https:\/\/joyasyasmin.com\/pt-pt\/producto\/cintilantes-do-anel-oval-com-pedra\/#primaryimage","url":"https:\/\/joyasyasmin.com\/wp-content\/uploads\/2024\/09\/anillo-piedra-luna-natural.jpg","contentUrl":"https:\/\/joyasyasmin.com\/wp-content\/uploads\/2024\/09\/anillo-piedra-luna-natural.jpg","width":1000,"height":1000,"caption":"Anel de Pedra da Lua Venda Fa\u00edscas de 925 Pedra de Prata Esterlina"},{"@type":"BreadcrumbList","@id":"https:\/\/joyasyasmin.com\/pt-pt\/producto\/cintilantes-do-anel-oval-com-pedra\/#breadcrumb","itemListElement":[{"@type":"ListItem","position":1,"name":"Portada","item":"https:\/\/joyasyasmin.com\/pt-pt\/casa\/"},{"@type":"ListItem","position":2,"name":"Shop","item":"https:\/\/joyasyasmin.com\/pt-pt\/shop\/"},{"@type":"ListItem","position":3,"name":"Cintilantes do anel oval com pedra"}]},{"@type":"WebSite","@id":"https:\/\/joyasyasmin.com\/pt-pt\/#website","url":"https:\/\/joyasyasmin.com\/pt-pt\/","name":"Yasmin","description":"Joyer\u00eda de Plata 925 - Pendientes, pulseras, anillos, colgantes y m\u00e1s!","publisher":{"@id":"https:\/\/joyasyasmin.com\/pt-pt\/#organization"},"potentialAction":[{"@type":"SearchAction","target":{"@type":"EntryPoint","urlTemplate":"https:\/\/joyasyasmin.com\/pt-pt\/?s={search_term_string}"},"query-input":{"@type":"PropertyValueSpecification","valueRequired":true,"valueName":"search_term_string"}}],"inLanguage":"pt-PT"},{"@type":"Organization","@id":"https:\/\/joyasyasmin.com\/pt-pt\/#organization","name":"joyas yasmin","url":"https:\/\/joyasyasmin.com\/pt-pt\/","logo":{"@type":"ImageObject","inLanguage":"pt-PT","@id":"https:\/\/joyasyasmin.com\/pt-pt\/#\/schema\/logo\/image\/","url":"https:\/\/joyasyasmin.com\/wp-content\/uploads\/2017\/06\/IMG-20200429-WA0051.jpg","contentUrl":"https:\/\/joyasyasmin.com\/wp-content\/uploads\/2017\/06\/IMG-20200429-WA0051.jpg","width":1080,"height":545,"caption":"joyas yasmin"},"image":{"@id":"https:\/\/joyasyasmin.com\/pt-pt\/#\/schema\/logo\/image\/"},"sameAs":["https:\/\/www.facebook.com\/Joyas-Yasmin-217664058934169\/","https:\/\/www.instagram.com\/invites\/contact\/"]}]}},"_links":{"self":[{"href":"https:\/\/joyasyasmin.com\/pt-pt\/wp-json\/wp\/v2\/product\/19777","targetHints":{"allow":["GET"]}}],"collection":[{"href":"https:\/\/joyasyasmin.com\/pt-pt\/wp-json\/wp\/v2\/product"}],"about":[{"href":"https:\/\/joyasyasmin.com\/pt-pt\/wp-json\/wp\/v2\/types\/product"}],"replies":[{"embeddable":true,"href":"https:\/\/joyasyasmin.com\/pt-pt\/wp-json\/wp\/v2\/comments?post=19777"}],"version-history":[{"count":1,"href":"https:\/\/joyasyasmin.com\/pt-pt\/wp-json\/wp\/v2\/product\/19777\/revisions"}],"predecessor-version":[{"id":29624,"href":"https:\/\/joyasyasmin.com\/pt-pt\/wp-json\/wp\/v2\/product\/19777\/revisions\/29624"}],"wp:featuredmedia":[{"embeddable":true,"href":"https:\/\/joyasyasmin.com\/pt-pt\/wp-json\/wp\/v2\/media\/19793"}],"wp:attachment":[{"href":"https:\/\/joyasyasmin.com\/pt-pt\/wp-json\/wp\/v2\/media?parent=19777"}],"wp:term":[{"taxonomy":"product_brand","embeddable":true,"href":"https:\/\/joyasyasmin.com\/pt-pt\/wp-json\/wp\/v2\/product_brand?post=19777"},{"taxonomy":"product_cat","embeddable":true,"href":"https:\/\/joyasyasmin.com\/pt-pt\/wp-json\/wp\/v2\/product_cat?post=19777"},{"taxonomy":"product_tag","embeddable":true,"href":"https:\/\/joyasyasmin.com\/pt-pt\/wp-json\/wp\/v2\/product_tag?post=19777"}],"curies":[{"name":"wp","href":"https:\/\/api.w.org\/{rel}","templated":true}]}}