{"id":20033,"date":"2024-07-07T19:31:16","date_gmt":"2024-07-07T19:31:16","guid":{"rendered":"https:\/\/joyasyasmin.com\/producto\/witch-knot-bracelet-charme-protetor\/"},"modified":"2025-09-01T07:44:20","modified_gmt":"2025-09-01T07:44:20","slug":"witch-knot-bracelet-charme-protetor","status":"publish","type":"product","link":"https:\/\/joyasyasmin.com\/pt-pt\/producto\/witch-knot-bracelet-charme-protetor\/","title":{"rendered":"Witch Knot Bracelet Charme Protetor"},"content":{"rendered":"","protected":false},"excerpt":{"rendered":"<p>Explore o poder e a eleg\u00e2ncia da nossa Pulseira de N\u00f3 de Bruxa &#8220;Charme Protetor&#8221;. Esta pe\u00e7a requintada, trabalhada em prata esterlina 925, apresenta um intrincado n\u00f3 de bruxa de 15 mm de di\u00e2metro, um s\u00edmbolo de prote\u00e7\u00e3o e continuidade. O design detalhado do n\u00f3 destaca-se no centro da pulseira, capturando a ess\u00eancia da magia e do mist\u00e9rio.  <\/p>\n<p>A pulseira inclui uma delicada corrente de rolo de 16 cm de comprimento, com uma extens\u00e3o adicional de 3 cm, permitindo um ajuste perfeito para qualquer pulso. Esta combina\u00e7\u00e3o garante conforto e estilo, tornando a Pulseira de N\u00f3 de Bruxa &#8220;Encanto Protetor&#8221; um acess\u00f3rio vers\u00e1til e sofisticado. <\/p>\n","protected":false},"featured_media":20035,"comment_status":"open","ping_status":"closed","template":"","meta":{"_acf_changed":false,"_joinchat":[]},"product_brand":[],"product_cat":[1781],"product_tag":[],"class_list":{"0":"post-20033","1":"product","2":"type-product","3":"status-publish","4":"has-post-thumbnail","6":"product_cat-pulseiras","8":"first","9":"instock","10":"shipping-taxable","11":"purchasable","12":"product-type-simple"},"acf":[],"yoast_head":"<!-- This site is optimized with the Yoast SEO plugin v27.3 - https:\/\/yoast.com\/product\/yoast-seo-wordpress\/ -->\n<title>Witch Knot Bracelet Charme Protetor - Yasmin<\/title>\n<meta name=\"description\" content=\"Pulseira de n\u00f3 de bruxa charme protetor, \u00e9 um s\u00edmbolo ancestral, \u00e9 conhecida por sua prote\u00e7\u00e3o contra energias negativas e atrair boa sorte.\" \/>\n<meta name=\"robots\" content=\"index, follow, max-snippet:-1, max-image-preview:large, max-video-preview:-1\" \/>\n<link rel=\"canonical\" href=\"https:\/\/joyasyasmin.com\/pt-pt\/producto\/witch-knot-bracelet-charme-protetor\/\" \/>\n<meta property=\"og:locale\" content=\"pt_PT\" \/>\n<meta property=\"og:title\" content=\"Witch Knot Bracelet Charme Protetor - Yasmin\" \/>\n<meta property=\"og:description\" content=\"Pulseira de n\u00f3 de bruxa charme protetor, \u00e9 um s\u00edmbolo ancestral, \u00e9 conhecida por sua prote\u00e7\u00e3o contra energias negativas e atrair boa sorte.\" \/>\n<meta property=\"og:url\" content=\"https:\/\/joyasyasmin.com\/pt-pt\/producto\/witch-knot-bracelet-charme-protetor\/\" \/>\n<meta property=\"og:site_name\" content=\"Yasmin\" \/>\n<meta property=\"article:publisher\" content=\"https:\/\/www.facebook.com\/Joyas-Yasmin-217664058934169\/\" \/>\n<meta property=\"article:modified_time\" content=\"2025-09-01T07:44:20+00:00\" \/>\n<meta property=\"og:image\" content=\"https:\/\/joyasyasmin.com\/wp-content\/uploads\/2024\/07\/pulsera-nudo-de-bruja-de-rolo.jpg\" \/>\n\t<meta property=\"og:image:width\" content=\"1000\" \/>\n\t<meta property=\"og:image:height\" content=\"1000\" \/>\n\t<meta property=\"og:image:type\" content=\"image\/jpeg\" \/>\n<meta name=\"twitter:card\" content=\"summary_large_image\" \/>\n<script type=\"application\/ld+json\" class=\"yoast-schema-graph\">{\"@context\":\"https:\\\/\\\/schema.org\",\"@graph\":[{\"@type\":[\"WebPage\",\"ItemPage\"],\"@id\":\"https:\\\/\\\/joyasyasmin.com\\\/pt-pt\\\/producto\\\/witch-knot-bracelet-charme-protetor\\\/\",\"url\":\"https:\\\/\\\/joyasyasmin.com\\\/pt-pt\\\/producto\\\/witch-knot-bracelet-charme-protetor\\\/\",\"name\":\"Witch Knot Bracelet Charme Protetor - Yasmin\",\"isPartOf\":{\"@id\":\"https:\\\/\\\/joyasyasmin.com\\\/pt-pt\\\/#website\"},\"primaryImageOfPage\":{\"@id\":\"https:\\\/\\\/joyasyasmin.com\\\/pt-pt\\\/producto\\\/witch-knot-bracelet-charme-protetor\\\/#primaryimage\"},\"image\":{\"@id\":\"https:\\\/\\\/joyasyasmin.com\\\/pt-pt\\\/producto\\\/witch-knot-bracelet-charme-protetor\\\/#primaryimage\"},\"thumbnailUrl\":\"https:\\\/\\\/joyasyasmin.com\\\/wp-content\\\/uploads\\\/2024\\\/07\\\/pulsera-nudo-de-bruja-de-rolo.jpg\",\"datePublished\":\"2024-07-07T19:31:16+00:00\",\"dateModified\":\"2025-09-01T07:44:20+00:00\",\"description\":\"Pulseira de n\u00f3 de bruxa charme protetor, \u00e9 um s\u00edmbolo ancestral, \u00e9 conhecida por sua prote\u00e7\u00e3o contra energias negativas e atrair boa sorte.\",\"breadcrumb\":{\"@id\":\"https:\\\/\\\/joyasyasmin.com\\\/pt-pt\\\/producto\\\/witch-knot-bracelet-charme-protetor\\\/#breadcrumb\"},\"inLanguage\":\"pt-PT\",\"potentialAction\":[{\"@type\":\"ReadAction\",\"target\":[\"https:\\\/\\\/joyasyasmin.com\\\/pt-pt\\\/producto\\\/witch-knot-bracelet-charme-protetor\\\/\"]}]},{\"@type\":\"ImageObject\",\"inLanguage\":\"pt-PT\",\"@id\":\"https:\\\/\\\/joyasyasmin.com\\\/pt-pt\\\/producto\\\/witch-knot-bracelet-charme-protetor\\\/#primaryimage\",\"url\":\"https:\\\/\\\/joyasyasmin.com\\\/wp-content\\\/uploads\\\/2024\\\/07\\\/pulsera-nudo-de-bruja-de-rolo.jpg\",\"contentUrl\":\"https:\\\/\\\/joyasyasmin.com\\\/wp-content\\\/uploads\\\/2024\\\/07\\\/pulsera-nudo-de-bruja-de-rolo.jpg\",\"width\":1000,\"height\":1000,\"caption\":\"Witch Knot Bracelet Venda Charme Protetor 925 Prata Esterlina\"},{\"@type\":\"BreadcrumbList\",\"@id\":\"https:\\\/\\\/joyasyasmin.com\\\/pt-pt\\\/producto\\\/witch-knot-bracelet-charme-protetor\\\/#breadcrumb\",\"itemListElement\":[{\"@type\":\"ListItem\",\"position\":1,\"name\":\"Portada\",\"item\":\"https:\\\/\\\/joyasyasmin.com\\\/pt-pt\\\/casa\\\/\"},{\"@type\":\"ListItem\",\"position\":2,\"name\":\"Shop\",\"item\":\"https:\\\/\\\/joyasyasmin.com\\\/pt-pt\\\/shop\\\/\"},{\"@type\":\"ListItem\",\"position\":3,\"name\":\"Witch Knot Bracelet Charme Protetor\"}]},{\"@type\":\"WebSite\",\"@id\":\"https:\\\/\\\/joyasyasmin.com\\\/pt-pt\\\/#website\",\"url\":\"https:\\\/\\\/joyasyasmin.com\\\/pt-pt\\\/\",\"name\":\"Yasmin\",\"description\":\"Joyer\u00eda de Plata 925 - Pendientes, pulseras, anillos, colgantes y m\u00e1s!\",\"publisher\":{\"@id\":\"https:\\\/\\\/joyasyasmin.com\\\/pt-pt\\\/#organization\"},\"potentialAction\":[{\"@type\":\"SearchAction\",\"target\":{\"@type\":\"EntryPoint\",\"urlTemplate\":\"https:\\\/\\\/joyasyasmin.com\\\/pt-pt\\\/?s={search_term_string}\"},\"query-input\":{\"@type\":\"PropertyValueSpecification\",\"valueRequired\":true,\"valueName\":\"search_term_string\"}}],\"inLanguage\":\"pt-PT\"},{\"@type\":\"Organization\",\"@id\":\"https:\\\/\\\/joyasyasmin.com\\\/pt-pt\\\/#organization\",\"name\":\"joyas yasmin\",\"url\":\"https:\\\/\\\/joyasyasmin.com\\\/pt-pt\\\/\",\"logo\":{\"@type\":\"ImageObject\",\"inLanguage\":\"pt-PT\",\"@id\":\"https:\\\/\\\/joyasyasmin.com\\\/pt-pt\\\/#\\\/schema\\\/logo\\\/image\\\/\",\"url\":\"https:\\\/\\\/joyasyasmin.com\\\/wp-content\\\/uploads\\\/2017\\\/06\\\/IMG-20200429-WA0051.jpg\",\"contentUrl\":\"https:\\\/\\\/joyasyasmin.com\\\/wp-content\\\/uploads\\\/2017\\\/06\\\/IMG-20200429-WA0051.jpg\",\"width\":1080,\"height\":545,\"caption\":\"joyas yasmin\"},\"image\":{\"@id\":\"https:\\\/\\\/joyasyasmin.com\\\/pt-pt\\\/#\\\/schema\\\/logo\\\/image\\\/\"},\"sameAs\":[\"https:\\\/\\\/www.facebook.com\\\/Joyas-Yasmin-217664058934169\\\/\",\"https:\\\/\\\/www.instagram.com\\\/invites\\\/contact\\\/\"]}]}<\/script>\n<!-- \/ Yoast SEO plugin. -->","yoast_head_json":{"title":"Witch Knot Bracelet Charme Protetor - Yasmin","description":"Pulseira de n\u00f3 de bruxa charme protetor, \u00e9 um s\u00edmbolo ancestral, \u00e9 conhecida por sua prote\u00e7\u00e3o contra energias negativas e atrair boa sorte.","robots":{"index":"index","follow":"follow","max-snippet":"max-snippet:-1","max-image-preview":"max-image-preview:large","max-video-preview":"max-video-preview:-1"},"canonical":"https:\/\/joyasyasmin.com\/pt-pt\/producto\/witch-knot-bracelet-charme-protetor\/","og_locale":"pt_PT","og_title":"Witch Knot Bracelet Charme Protetor - Yasmin","og_description":"Pulseira de n\u00f3 de bruxa charme protetor, \u00e9 um s\u00edmbolo ancestral, \u00e9 conhecida por sua prote\u00e7\u00e3o contra energias negativas e atrair boa sorte.","og_url":"https:\/\/joyasyasmin.com\/pt-pt\/producto\/witch-knot-bracelet-charme-protetor\/","og_site_name":"Yasmin","article_publisher":"https:\/\/www.facebook.com\/Joyas-Yasmin-217664058934169\/","article_modified_time":"2025-09-01T07:44:20+00:00","og_image":[{"width":1000,"height":1000,"url":"https:\/\/joyasyasmin.com\/wp-content\/uploads\/2024\/07\/pulsera-nudo-de-bruja-de-rolo.jpg","type":"image\/jpeg"}],"twitter_card":"summary_large_image","schema":{"@context":"https:\/\/schema.org","@graph":[{"@type":["WebPage","ItemPage"],"@id":"https:\/\/joyasyasmin.com\/pt-pt\/producto\/witch-knot-bracelet-charme-protetor\/","url":"https:\/\/joyasyasmin.com\/pt-pt\/producto\/witch-knot-bracelet-charme-protetor\/","name":"Witch Knot Bracelet Charme Protetor - Yasmin","isPartOf":{"@id":"https:\/\/joyasyasmin.com\/pt-pt\/#website"},"primaryImageOfPage":{"@id":"https:\/\/joyasyasmin.com\/pt-pt\/producto\/witch-knot-bracelet-charme-protetor\/#primaryimage"},"image":{"@id":"https:\/\/joyasyasmin.com\/pt-pt\/producto\/witch-knot-bracelet-charme-protetor\/#primaryimage"},"thumbnailUrl":"https:\/\/joyasyasmin.com\/wp-content\/uploads\/2024\/07\/pulsera-nudo-de-bruja-de-rolo.jpg","datePublished":"2024-07-07T19:31:16+00:00","dateModified":"2025-09-01T07:44:20+00:00","description":"Pulseira de n\u00f3 de bruxa charme protetor, \u00e9 um s\u00edmbolo ancestral, \u00e9 conhecida por sua prote\u00e7\u00e3o contra energias negativas e atrair boa sorte.","breadcrumb":{"@id":"https:\/\/joyasyasmin.com\/pt-pt\/producto\/witch-knot-bracelet-charme-protetor\/#breadcrumb"},"inLanguage":"pt-PT","potentialAction":[{"@type":"ReadAction","target":["https:\/\/joyasyasmin.com\/pt-pt\/producto\/witch-knot-bracelet-charme-protetor\/"]}]},{"@type":"ImageObject","inLanguage":"pt-PT","@id":"https:\/\/joyasyasmin.com\/pt-pt\/producto\/witch-knot-bracelet-charme-protetor\/#primaryimage","url":"https:\/\/joyasyasmin.com\/wp-content\/uploads\/2024\/07\/pulsera-nudo-de-bruja-de-rolo.jpg","contentUrl":"https:\/\/joyasyasmin.com\/wp-content\/uploads\/2024\/07\/pulsera-nudo-de-bruja-de-rolo.jpg","width":1000,"height":1000,"caption":"Witch Knot Bracelet Venda Charme Protetor 925 Prata Esterlina"},{"@type":"BreadcrumbList","@id":"https:\/\/joyasyasmin.com\/pt-pt\/producto\/witch-knot-bracelet-charme-protetor\/#breadcrumb","itemListElement":[{"@type":"ListItem","position":1,"name":"Portada","item":"https:\/\/joyasyasmin.com\/pt-pt\/casa\/"},{"@type":"ListItem","position":2,"name":"Shop","item":"https:\/\/joyasyasmin.com\/pt-pt\/shop\/"},{"@type":"ListItem","position":3,"name":"Witch Knot Bracelet Charme Protetor"}]},{"@type":"WebSite","@id":"https:\/\/joyasyasmin.com\/pt-pt\/#website","url":"https:\/\/joyasyasmin.com\/pt-pt\/","name":"Yasmin","description":"Joyer\u00eda de Plata 925 - Pendientes, pulseras, anillos, colgantes y m\u00e1s!","publisher":{"@id":"https:\/\/joyasyasmin.com\/pt-pt\/#organization"},"potentialAction":[{"@type":"SearchAction","target":{"@type":"EntryPoint","urlTemplate":"https:\/\/joyasyasmin.com\/pt-pt\/?s={search_term_string}"},"query-input":{"@type":"PropertyValueSpecification","valueRequired":true,"valueName":"search_term_string"}}],"inLanguage":"pt-PT"},{"@type":"Organization","@id":"https:\/\/joyasyasmin.com\/pt-pt\/#organization","name":"joyas yasmin","url":"https:\/\/joyasyasmin.com\/pt-pt\/","logo":{"@type":"ImageObject","inLanguage":"pt-PT","@id":"https:\/\/joyasyasmin.com\/pt-pt\/#\/schema\/logo\/image\/","url":"https:\/\/joyasyasmin.com\/wp-content\/uploads\/2017\/06\/IMG-20200429-WA0051.jpg","contentUrl":"https:\/\/joyasyasmin.com\/wp-content\/uploads\/2017\/06\/IMG-20200429-WA0051.jpg","width":1080,"height":545,"caption":"joyas yasmin"},"image":{"@id":"https:\/\/joyasyasmin.com\/pt-pt\/#\/schema\/logo\/image\/"},"sameAs":["https:\/\/www.facebook.com\/Joyas-Yasmin-217664058934169\/","https:\/\/www.instagram.com\/invites\/contact\/"]}]}},"_links":{"self":[{"href":"https:\/\/joyasyasmin.com\/pt-pt\/wp-json\/wp\/v2\/product\/20033","targetHints":{"allow":["GET"]}}],"collection":[{"href":"https:\/\/joyasyasmin.com\/pt-pt\/wp-json\/wp\/v2\/product"}],"about":[{"href":"https:\/\/joyasyasmin.com\/pt-pt\/wp-json\/wp\/v2\/types\/product"}],"replies":[{"embeddable":true,"href":"https:\/\/joyasyasmin.com\/pt-pt\/wp-json\/wp\/v2\/comments?post=20033"}],"version-history":[{"count":2,"href":"https:\/\/joyasyasmin.com\/pt-pt\/wp-json\/wp\/v2\/product\/20033\/revisions"}],"predecessor-version":[{"id":34586,"href":"https:\/\/joyasyasmin.com\/pt-pt\/wp-json\/wp\/v2\/product\/20033\/revisions\/34586"}],"wp:featuredmedia":[{"embeddable":true,"href":"https:\/\/joyasyasmin.com\/pt-pt\/wp-json\/wp\/v2\/media\/20035"}],"wp:attachment":[{"href":"https:\/\/joyasyasmin.com\/pt-pt\/wp-json\/wp\/v2\/media?parent=20033"}],"wp:term":[{"taxonomy":"product_brand","embeddable":true,"href":"https:\/\/joyasyasmin.com\/pt-pt\/wp-json\/wp\/v2\/product_brand?post=20033"},{"taxonomy":"product_cat","embeddable":true,"href":"https:\/\/joyasyasmin.com\/pt-pt\/wp-json\/wp\/v2\/product_cat?post=20033"},{"taxonomy":"product_tag","embeddable":true,"href":"https:\/\/joyasyasmin.com\/pt-pt\/wp-json\/wp\/v2\/product_tag?post=20033"}],"curies":[{"name":"wp","href":"https:\/\/api.w.org\/{rel}","templated":true}]}}