{"id":20253,"date":"2024-07-07T12:37:25","date_gmt":"2024-07-07T12:37:25","guid":{"rendered":"https:\/\/joyasyasmin.com\/producto\/magia-do-no-da-bruxa-eterna\/"},"modified":"2025-05-20T09:00:59","modified_gmt":"2025-05-20T09:00:59","slug":"magia-do-no-da-bruxa-eterna","status":"publish","type":"product","link":"https:\/\/joyasyasmin.com\/pt-pt\/producto\/magia-do-no-da-bruxa-eterna\/","title":{"rendered":"Magia do N\u00f3 da Bruxa Eterna"},"content":{"rendered":"","protected":false},"excerpt":{"rendered":"<p>Descubra o mist\u00e9rio e a eleg\u00e2ncia com o nosso pingente &#8220;Magia Eterna&#8221;. Este requintado pendente, com um comprimento de 3,5cm e uma largura de 3cm, \u00e9 projetado com uma pedra central que voc\u00ea pode personalizar em tr\u00eas op\u00e7\u00f5es deslumbrantes: rubi, turquesa ou pedra da lua. A pe\u00e7a \u00e9 fabricada em prata esterlina 925, garantindo qualidade e durabilidade.  <\/p>\n<p>O pingente &#8220;Eternal Magic&#8221; do Witch&#8217;s Knot vem com uma delicada corrente de rolo de 45 cm, que complementa perfeitamente o seu design encantador. O n\u00f3 da bruxa, s\u00edmbolo ancestral de prote\u00e7\u00e3o e poder, representa a conex\u00e3o infinita e a continuidade da vida, proporcionando n\u00e3o s\u00f3 beleza, mas tamb\u00e9m profundo significado m\u00edstico. <\/p>\n<p>Ideal para qualquer ocasi\u00e3o, este pendente \u00e9 perfeito para aqueles que procuram adicionar um toque de magia e significado ao seu estilo di\u00e1rio. N\u00e3o espere mais para tornar este s\u00edmbolo de prote\u00e7\u00e3o e eleg\u00e2ncia seu. <\/p>\n","protected":false},"featured_media":31366,"comment_status":"open","ping_status":"closed","template":"","meta":{"_acf_changed":false,"_joinchat":[]},"product_brand":[],"product_cat":[1872],"product_tag":[],"class_list":{"0":"post-20253","1":"product","2":"type-product","3":"status-publish","4":"has-post-thumbnail","6":"product_cat-pingentes","8":"first","9":"instock","10":"shipping-taxable","11":"purchasable","12":"product-type-variable"},"acf":[],"yoast_head":"<!-- This site is optimized with the Yoast SEO plugin v27.3 - https:\/\/yoast.com\/product\/yoast-seo-wordpress\/ -->\n<title>Magia do N\u00f3 da Bruxa Eterna - Yasmin<\/title>\n<meta name=\"description\" content=\"O Pingente de N\u00f3 de Bruxa Magia Eterna \u00e9 um poderoso charme de prote\u00e7\u00e3o, usado para proteger contra o mal e atrair energias positivas.\" \/>\n<meta name=\"robots\" content=\"index, follow, max-snippet:-1, max-image-preview:large, max-video-preview:-1\" \/>\n<link rel=\"canonical\" href=\"https:\/\/joyasyasmin.com\/pt-pt\/producto\/magia-do-no-da-bruxa-eterna\/\" \/>\n<meta property=\"og:locale\" content=\"pt_PT\" \/>\n<meta property=\"og:title\" content=\"Magia do N\u00f3 da Bruxa Eterna - Yasmin\" \/>\n<meta property=\"og:description\" content=\"O Pingente de N\u00f3 de Bruxa Magia Eterna \u00e9 um poderoso charme de prote\u00e7\u00e3o, usado para proteger contra o mal e atrair energias positivas.\" \/>\n<meta property=\"og:url\" content=\"https:\/\/joyasyasmin.com\/pt-pt\/producto\/magia-do-no-da-bruxa-eterna\/\" \/>\n<meta property=\"og:site_name\" content=\"Yasmin\" \/>\n<meta property=\"article:publisher\" content=\"https:\/\/www.facebook.com\/Joyas-Yasmin-217664058934169\/\" \/>\n<meta property=\"article:modified_time\" content=\"2025-05-20T09:00:59+00:00\" \/>\n<meta property=\"og:image\" content=\"https:\/\/joyasyasmin.com\/wp-content\/uploads\/2024\/07\/coglante-turquesa-nudo-de-bruja.jpg\" \/>\n\t<meta property=\"og:image:width\" content=\"1000\" \/>\n\t<meta property=\"og:image:height\" content=\"1000\" \/>\n\t<meta property=\"og:image:type\" content=\"image\/jpeg\" \/>\n<meta name=\"twitter:card\" content=\"summary_large_image\" \/>\n<script type=\"application\/ld+json\" class=\"yoast-schema-graph\">{\"@context\":\"https:\\\/\\\/schema.org\",\"@graph\":[{\"@type\":[\"WebPage\",\"ItemPage\"],\"@id\":\"https:\\\/\\\/joyasyasmin.com\\\/pt-pt\\\/producto\\\/magia-do-no-da-bruxa-eterna\\\/\",\"url\":\"https:\\\/\\\/joyasyasmin.com\\\/pt-pt\\\/producto\\\/magia-do-no-da-bruxa-eterna\\\/\",\"name\":\"Magia do N\u00f3 da Bruxa Eterna - Yasmin\",\"isPartOf\":{\"@id\":\"https:\\\/\\\/joyasyasmin.com\\\/pt-pt\\\/#website\"},\"primaryImageOfPage\":{\"@id\":\"https:\\\/\\\/joyasyasmin.com\\\/pt-pt\\\/producto\\\/magia-do-no-da-bruxa-eterna\\\/#primaryimage\"},\"image\":{\"@id\":\"https:\\\/\\\/joyasyasmin.com\\\/pt-pt\\\/producto\\\/magia-do-no-da-bruxa-eterna\\\/#primaryimage\"},\"thumbnailUrl\":\"https:\\\/\\\/joyasyasmin.com\\\/wp-content\\\/uploads\\\/2024\\\/07\\\/coglante-turquesa-nudo-de-bruja.jpg\",\"datePublished\":\"2024-07-07T12:37:25+00:00\",\"dateModified\":\"2025-05-20T09:00:59+00:00\",\"description\":\"O Pingente de N\u00f3 de Bruxa Magia Eterna \u00e9 um poderoso charme de prote\u00e7\u00e3o, usado para proteger contra o mal e atrair energias positivas.\",\"breadcrumb\":{\"@id\":\"https:\\\/\\\/joyasyasmin.com\\\/pt-pt\\\/producto\\\/magia-do-no-da-bruxa-eterna\\\/#breadcrumb\"},\"inLanguage\":\"pt-PT\",\"potentialAction\":[{\"@type\":\"ReadAction\",\"target\":[\"https:\\\/\\\/joyasyasmin.com\\\/pt-pt\\\/producto\\\/magia-do-no-da-bruxa-eterna\\\/\"]}]},{\"@type\":\"ImageObject\",\"inLanguage\":\"pt-PT\",\"@id\":\"https:\\\/\\\/joyasyasmin.com\\\/pt-pt\\\/producto\\\/magia-do-no-da-bruxa-eterna\\\/#primaryimage\",\"url\":\"https:\\\/\\\/joyasyasmin.com\\\/wp-content\\\/uploads\\\/2024\\\/07\\\/coglante-turquesa-nudo-de-bruja.jpg\",\"contentUrl\":\"https:\\\/\\\/joyasyasmin.com\\\/wp-content\\\/uploads\\\/2024\\\/07\\\/coglante-turquesa-nudo-de-bruja.jpg\",\"width\":1000,\"height\":1000,\"caption\":\"Venda Witch Knot Pingente com Turquesa\"},{\"@type\":\"BreadcrumbList\",\"@id\":\"https:\\\/\\\/joyasyasmin.com\\\/pt-pt\\\/producto\\\/magia-do-no-da-bruxa-eterna\\\/#breadcrumb\",\"itemListElement\":[{\"@type\":\"ListItem\",\"position\":1,\"name\":\"Portada\",\"item\":\"https:\\\/\\\/joyasyasmin.com\\\/pt-pt\\\/casa\\\/\"},{\"@type\":\"ListItem\",\"position\":2,\"name\":\"Shop\",\"item\":\"https:\\\/\\\/joyasyasmin.com\\\/pt-pt\\\/shop\\\/\"},{\"@type\":\"ListItem\",\"position\":3,\"name\":\"Magia do N\u00f3 da Bruxa Eterna\"}]},{\"@type\":\"WebSite\",\"@id\":\"https:\\\/\\\/joyasyasmin.com\\\/pt-pt\\\/#website\",\"url\":\"https:\\\/\\\/joyasyasmin.com\\\/pt-pt\\\/\",\"name\":\"Yasmin\",\"description\":\"Joyer\u00eda de Plata 925 - Pendientes, pulseras, anillos, colgantes y m\u00e1s!\",\"publisher\":{\"@id\":\"https:\\\/\\\/joyasyasmin.com\\\/pt-pt\\\/#organization\"},\"potentialAction\":[{\"@type\":\"SearchAction\",\"target\":{\"@type\":\"EntryPoint\",\"urlTemplate\":\"https:\\\/\\\/joyasyasmin.com\\\/pt-pt\\\/?s={search_term_string}\"},\"query-input\":{\"@type\":\"PropertyValueSpecification\",\"valueRequired\":true,\"valueName\":\"search_term_string\"}}],\"inLanguage\":\"pt-PT\"},{\"@type\":\"Organization\",\"@id\":\"https:\\\/\\\/joyasyasmin.com\\\/pt-pt\\\/#organization\",\"name\":\"joyas yasmin\",\"url\":\"https:\\\/\\\/joyasyasmin.com\\\/pt-pt\\\/\",\"logo\":{\"@type\":\"ImageObject\",\"inLanguage\":\"pt-PT\",\"@id\":\"https:\\\/\\\/joyasyasmin.com\\\/pt-pt\\\/#\\\/schema\\\/logo\\\/image\\\/\",\"url\":\"https:\\\/\\\/joyasyasmin.com\\\/wp-content\\\/uploads\\\/2017\\\/06\\\/IMG-20200429-WA0051.jpg\",\"contentUrl\":\"https:\\\/\\\/joyasyasmin.com\\\/wp-content\\\/uploads\\\/2017\\\/06\\\/IMG-20200429-WA0051.jpg\",\"width\":1080,\"height\":545,\"caption\":\"joyas yasmin\"},\"image\":{\"@id\":\"https:\\\/\\\/joyasyasmin.com\\\/pt-pt\\\/#\\\/schema\\\/logo\\\/image\\\/\"},\"sameAs\":[\"https:\\\/\\\/www.facebook.com\\\/Joyas-Yasmin-217664058934169\\\/\",\"https:\\\/\\\/www.instagram.com\\\/invites\\\/contact\\\/\"]}]}<\/script>\n<!-- \/ Yoast SEO plugin. -->","yoast_head_json":{"title":"Magia do N\u00f3 da Bruxa Eterna - Yasmin","description":"O Pingente de N\u00f3 de Bruxa Magia Eterna \u00e9 um poderoso charme de prote\u00e7\u00e3o, usado para proteger contra o mal e atrair energias positivas.","robots":{"index":"index","follow":"follow","max-snippet":"max-snippet:-1","max-image-preview":"max-image-preview:large","max-video-preview":"max-video-preview:-1"},"canonical":"https:\/\/joyasyasmin.com\/pt-pt\/producto\/magia-do-no-da-bruxa-eterna\/","og_locale":"pt_PT","og_title":"Magia do N\u00f3 da Bruxa Eterna - Yasmin","og_description":"O Pingente de N\u00f3 de Bruxa Magia Eterna \u00e9 um poderoso charme de prote\u00e7\u00e3o, usado para proteger contra o mal e atrair energias positivas.","og_url":"https:\/\/joyasyasmin.com\/pt-pt\/producto\/magia-do-no-da-bruxa-eterna\/","og_site_name":"Yasmin","article_publisher":"https:\/\/www.facebook.com\/Joyas-Yasmin-217664058934169\/","article_modified_time":"2025-05-20T09:00:59+00:00","og_image":[{"width":1000,"height":1000,"url":"https:\/\/joyasyasmin.com\/wp-content\/uploads\/2024\/07\/coglante-turquesa-nudo-de-bruja.jpg","type":"image\/jpeg"}],"twitter_card":"summary_large_image","schema":{"@context":"https:\/\/schema.org","@graph":[{"@type":["WebPage","ItemPage"],"@id":"https:\/\/joyasyasmin.com\/pt-pt\/producto\/magia-do-no-da-bruxa-eterna\/","url":"https:\/\/joyasyasmin.com\/pt-pt\/producto\/magia-do-no-da-bruxa-eterna\/","name":"Magia do N\u00f3 da Bruxa Eterna - Yasmin","isPartOf":{"@id":"https:\/\/joyasyasmin.com\/pt-pt\/#website"},"primaryImageOfPage":{"@id":"https:\/\/joyasyasmin.com\/pt-pt\/producto\/magia-do-no-da-bruxa-eterna\/#primaryimage"},"image":{"@id":"https:\/\/joyasyasmin.com\/pt-pt\/producto\/magia-do-no-da-bruxa-eterna\/#primaryimage"},"thumbnailUrl":"https:\/\/joyasyasmin.com\/wp-content\/uploads\/2024\/07\/coglante-turquesa-nudo-de-bruja.jpg","datePublished":"2024-07-07T12:37:25+00:00","dateModified":"2025-05-20T09:00:59+00:00","description":"O Pingente de N\u00f3 de Bruxa Magia Eterna \u00e9 um poderoso charme de prote\u00e7\u00e3o, usado para proteger contra o mal e atrair energias positivas.","breadcrumb":{"@id":"https:\/\/joyasyasmin.com\/pt-pt\/producto\/magia-do-no-da-bruxa-eterna\/#breadcrumb"},"inLanguage":"pt-PT","potentialAction":[{"@type":"ReadAction","target":["https:\/\/joyasyasmin.com\/pt-pt\/producto\/magia-do-no-da-bruxa-eterna\/"]}]},{"@type":"ImageObject","inLanguage":"pt-PT","@id":"https:\/\/joyasyasmin.com\/pt-pt\/producto\/magia-do-no-da-bruxa-eterna\/#primaryimage","url":"https:\/\/joyasyasmin.com\/wp-content\/uploads\/2024\/07\/coglante-turquesa-nudo-de-bruja.jpg","contentUrl":"https:\/\/joyasyasmin.com\/wp-content\/uploads\/2024\/07\/coglante-turquesa-nudo-de-bruja.jpg","width":1000,"height":1000,"caption":"Venda Witch Knot Pingente com Turquesa"},{"@type":"BreadcrumbList","@id":"https:\/\/joyasyasmin.com\/pt-pt\/producto\/magia-do-no-da-bruxa-eterna\/#breadcrumb","itemListElement":[{"@type":"ListItem","position":1,"name":"Portada","item":"https:\/\/joyasyasmin.com\/pt-pt\/casa\/"},{"@type":"ListItem","position":2,"name":"Shop","item":"https:\/\/joyasyasmin.com\/pt-pt\/shop\/"},{"@type":"ListItem","position":3,"name":"Magia do N\u00f3 da Bruxa Eterna"}]},{"@type":"WebSite","@id":"https:\/\/joyasyasmin.com\/pt-pt\/#website","url":"https:\/\/joyasyasmin.com\/pt-pt\/","name":"Yasmin","description":"Joyer\u00eda de Plata 925 - Pendientes, pulseras, anillos, colgantes y m\u00e1s!","publisher":{"@id":"https:\/\/joyasyasmin.com\/pt-pt\/#organization"},"potentialAction":[{"@type":"SearchAction","target":{"@type":"EntryPoint","urlTemplate":"https:\/\/joyasyasmin.com\/pt-pt\/?s={search_term_string}"},"query-input":{"@type":"PropertyValueSpecification","valueRequired":true,"valueName":"search_term_string"}}],"inLanguage":"pt-PT"},{"@type":"Organization","@id":"https:\/\/joyasyasmin.com\/pt-pt\/#organization","name":"joyas yasmin","url":"https:\/\/joyasyasmin.com\/pt-pt\/","logo":{"@type":"ImageObject","inLanguage":"pt-PT","@id":"https:\/\/joyasyasmin.com\/pt-pt\/#\/schema\/logo\/image\/","url":"https:\/\/joyasyasmin.com\/wp-content\/uploads\/2017\/06\/IMG-20200429-WA0051.jpg","contentUrl":"https:\/\/joyasyasmin.com\/wp-content\/uploads\/2017\/06\/IMG-20200429-WA0051.jpg","width":1080,"height":545,"caption":"joyas yasmin"},"image":{"@id":"https:\/\/joyasyasmin.com\/pt-pt\/#\/schema\/logo\/image\/"},"sameAs":["https:\/\/www.facebook.com\/Joyas-Yasmin-217664058934169\/","https:\/\/www.instagram.com\/invites\/contact\/"]}]}},"_links":{"self":[{"href":"https:\/\/joyasyasmin.com\/pt-pt\/wp-json\/wp\/v2\/product\/20253","targetHints":{"allow":["GET"]}}],"collection":[{"href":"https:\/\/joyasyasmin.com\/pt-pt\/wp-json\/wp\/v2\/product"}],"about":[{"href":"https:\/\/joyasyasmin.com\/pt-pt\/wp-json\/wp\/v2\/types\/product"}],"replies":[{"embeddable":true,"href":"https:\/\/joyasyasmin.com\/pt-pt\/wp-json\/wp\/v2\/comments?post=20253"}],"version-history":[{"count":2,"href":"https:\/\/joyasyasmin.com\/pt-pt\/wp-json\/wp\/v2\/product\/20253\/revisions"}],"predecessor-version":[{"id":32506,"href":"https:\/\/joyasyasmin.com\/pt-pt\/wp-json\/wp\/v2\/product\/20253\/revisions\/32506"}],"wp:featuredmedia":[{"embeddable":true,"href":"https:\/\/joyasyasmin.com\/pt-pt\/wp-json\/wp\/v2\/media\/31366"}],"wp:attachment":[{"href":"https:\/\/joyasyasmin.com\/pt-pt\/wp-json\/wp\/v2\/media?parent=20253"}],"wp:term":[{"taxonomy":"product_brand","embeddable":true,"href":"https:\/\/joyasyasmin.com\/pt-pt\/wp-json\/wp\/v2\/product_brand?post=20253"},{"taxonomy":"product_cat","embeddable":true,"href":"https:\/\/joyasyasmin.com\/pt-pt\/wp-json\/wp\/v2\/product_cat?post=20253"},{"taxonomy":"product_tag","embeddable":true,"href":"https:\/\/joyasyasmin.com\/pt-pt\/wp-json\/wp\/v2\/product_tag?post=20253"}],"curies":[{"name":"wp","href":"https:\/\/api.w.org\/{rel}","templated":true}]}}