{"id":20321,"date":"2024-07-24T19:43:50","date_gmt":"2024-07-24T19:43:50","guid":{"rendered":"https:\/\/joyasyasmin.com\/producto\/gargantilha-de-corrente-de-gota-fina\/"},"modified":"2025-11-10T11:31:53","modified_gmt":"2025-11-10T11:31:53","slug":"gargantilha-de-corrente-de-gota-fina","status":"publish","type":"product","link":"https:\/\/joyasyasmin.com\/pt-pt\/producto\/gargantilha-de-corrente-de-gota-fina\/","title":{"rendered":"gargantilha de corrente de gota fina"},"content":{"rendered":"","protected":false},"excerpt":{"rendered":"<p>Adicione um toque de eleg\u00e2ncia e significado ao seu look com a nossa gargantilha de corrente fina com gota, perfeita para qualquer ocasi\u00e3o. Esta delicada joia, feita de prata esterlina 925, apresenta um pendente em forma de gota dispon\u00edvel em tr\u00eas pedras preciosas: ametista, quartzo verde e olho de tigre. A corrente de 45 cm inclui um fecho deslizante que permite ajustar o comprimento para alcan\u00e7ar o estilo desejado.  <\/p>\n<p><strong>Caracter\u00edsticas do pendente:<\/strong><\/p>\n<ul>\n<li><strong>Ametista:<\/strong> Conhecida por sua capacidade de acalmar a mente e promover a paz interior, a ametista \u00e9 uma pedra de prote\u00e7\u00e3o e espiritualidade. Sua cor roxa vibrante adiciona um toque de sofistica\u00e7\u00e3o e serenidade. <\/li>\n<li><strong>Quartzo Verde:<\/strong> Este cristal est\u00e1 associado \u00e0 sa\u00fade e ao equil\u00edbrio emocional. Diz-se que o quartzo verde promove a harmonia e o bem-estar geral, sendo um talism\u00e3 de prosperidade e crescimento. <\/li>\n<li><strong>Olho de Tigre:<\/strong> Uma pedra de for\u00e7a e coragem, o olho de tigre \u00e9 famoso por sua capacidade de aumentar a confian\u00e7a e proteger contra a negatividade. O seu distinto padr\u00e3o castanho dourado \u00e9 poderoso e cativante. <\/li>\n<\/ul>\n<p><strong>Especifica\u00e7\u00f5es do produto:<\/strong><\/p>\n<ul>\n<li><strong>Material:<\/strong> 925 Prata esterlina<\/li>\n<li><strong>Comprimento da corrente:<\/strong> 45 cm ajust\u00e1vel<\/li>\n<li><strong>Tamanho do pendente:<\/strong> 18mm de comprimento x 10mm de largura<\/li>\n<li><strong>Tipo de fecho:<\/strong> Corredi\u00e7a ajust\u00e1vel<\/li>\n<\/ul>\n","protected":false},"featured_media":20332,"comment_status":"open","ping_status":"closed","template":"","meta":{"_acf_changed":false,"_joinchat":[]},"product_brand":[],"product_cat":[1866],"product_tag":[],"class_list":{"0":"post-20321","1":"product","2":"type-product","3":"status-publish","4":"has-post-thumbnail","6":"product_cat-colares-pt-pt","8":"first","9":"instock","10":"shipping-taxable","11":"purchasable","12":"product-type-variable"},"acf":[],"yoast_head":"<!-- This site is optimized with the Yoast SEO plugin v27.2 - https:\/\/yoast.com\/product\/yoast-seo-wordpress\/ -->\n<title>gargantilha de corrente de gota fina - Yasmin<\/title>\n<meta name=\"description\" content=\"Descubra a nossa gargantilha de gota fina de prata 925 com pingente de gota. Dispon\u00edvel em ametista, quartzo verde ou olho de tigre.\" \/>\n<meta name=\"robots\" content=\"index, follow, max-snippet:-1, max-image-preview:large, max-video-preview:-1\" \/>\n<link rel=\"canonical\" href=\"https:\/\/joyasyasmin.com\/pt-pt\/producto\/gargantilha-de-corrente-de-gota-fina\/\" \/>\n<meta property=\"og:locale\" content=\"pt_PT\" \/>\n<meta property=\"og:title\" content=\"gargantilha de corrente de gota fina - Yasmin\" \/>\n<meta property=\"og:description\" content=\"Descubra a nossa gargantilha de gota fina de prata 925 com pingente de gota. Dispon\u00edvel em ametista, quartzo verde ou olho de tigre.\" \/>\n<meta property=\"og:url\" content=\"https:\/\/joyasyasmin.com\/pt-pt\/producto\/gargantilha-de-corrente-de-gota-fina\/\" \/>\n<meta property=\"og:site_name\" content=\"Yasmin\" \/>\n<meta property=\"article:publisher\" content=\"https:\/\/www.facebook.com\/Joyas-Yasmin-217664058934169\/\" \/>\n<meta property=\"article:modified_time\" content=\"2025-11-10T11:31:53+00:00\" \/>\n<meta property=\"og:image\" content=\"https:\/\/joyasyasmin.com\/wp-content\/uploads\/2024\/07\/colgante-gota-ojo-de-tigre.jpg\" \/>\n\t<meta property=\"og:image:width\" content=\"1000\" \/>\n\t<meta property=\"og:image:height\" content=\"1000\" \/>\n\t<meta property=\"og:image:type\" content=\"image\/jpeg\" \/>\n<meta name=\"twitter:card\" content=\"summary_large_image\" \/>\n<script type=\"application\/ld+json\" class=\"yoast-schema-graph\">{\"@context\":\"https:\/\/schema.org\",\"@graph\":[{\"@type\":[\"WebPage\",\"ItemPage\"],\"@id\":\"https:\/\/joyasyasmin.com\/pt-pt\/producto\/gargantilha-de-corrente-de-gota-fina\/\",\"url\":\"https:\/\/joyasyasmin.com\/pt-pt\/producto\/gargantilha-de-corrente-de-gota-fina\/\",\"name\":\"gargantilha de corrente de gota fina - Yasmin\",\"isPartOf\":{\"@id\":\"https:\/\/joyasyasmin.com\/pt-pt\/#website\"},\"primaryImageOfPage\":{\"@id\":\"https:\/\/joyasyasmin.com\/pt-pt\/producto\/gargantilha-de-corrente-de-gota-fina\/#primaryimage\"},\"image\":{\"@id\":\"https:\/\/joyasyasmin.com\/pt-pt\/producto\/gargantilha-de-corrente-de-gota-fina\/#primaryimage\"},\"thumbnailUrl\":\"https:\/\/joyasyasmin.com\/wp-content\/uploads\/2024\/07\/colgante-gota-ojo-de-tigre.jpg\",\"datePublished\":\"2024-07-24T19:43:50+00:00\",\"dateModified\":\"2025-11-10T11:31:53+00:00\",\"description\":\"Descubra a nossa gargantilha de gota fina de prata 925 com pingente de gota. Dispon\u00edvel em ametista, quartzo verde ou olho de tigre.\",\"breadcrumb\":{\"@id\":\"https:\/\/joyasyasmin.com\/pt-pt\/producto\/gargantilha-de-corrente-de-gota-fina\/#breadcrumb\"},\"inLanguage\":\"pt-PT\",\"potentialAction\":[{\"@type\":\"ReadAction\",\"target\":[\"https:\/\/joyasyasmin.com\/pt-pt\/producto\/gargantilha-de-corrente-de-gota-fina\/\"]}]},{\"@type\":\"ImageObject\",\"inLanguage\":\"pt-PT\",\"@id\":\"https:\/\/joyasyasmin.com\/pt-pt\/producto\/gargantilha-de-corrente-de-gota-fina\/#primaryimage\",\"url\":\"https:\/\/joyasyasmin.com\/wp-content\/uploads\/2024\/07\/colgante-gota-ojo-de-tigre.jpg\",\"contentUrl\":\"https:\/\/joyasyasmin.com\/wp-content\/uploads\/2024\/07\/colgante-gota-ojo-de-tigre.jpg\",\"width\":1000,\"height\":1000,\"caption\":\"Collider e Choker Fine Tiger Eye Natural Stone Drop Chain 925 Prata Esterlina\"},{\"@type\":\"BreadcrumbList\",\"@id\":\"https:\/\/joyasyasmin.com\/pt-pt\/producto\/gargantilha-de-corrente-de-gota-fina\/#breadcrumb\",\"itemListElement\":[{\"@type\":\"ListItem\",\"position\":1,\"name\":\"Portada\",\"item\":\"https:\/\/joyasyasmin.com\/pt-pt\/casa\/\"},{\"@type\":\"ListItem\",\"position\":2,\"name\":\"Shop\",\"item\":\"https:\/\/joyasyasmin.com\/pt-pt\/shop\/\"},{\"@type\":\"ListItem\",\"position\":3,\"name\":\"gargantilha de corrente de gota fina\"}]},{\"@type\":\"WebSite\",\"@id\":\"https:\/\/joyasyasmin.com\/pt-pt\/#website\",\"url\":\"https:\/\/joyasyasmin.com\/pt-pt\/\",\"name\":\"Yasmin\",\"description\":\"Joyer\u00eda de Plata 925 - Pendientes, pulseras, anillos, colgantes y m\u00e1s!\",\"publisher\":{\"@id\":\"https:\/\/joyasyasmin.com\/pt-pt\/#organization\"},\"potentialAction\":[{\"@type\":\"SearchAction\",\"target\":{\"@type\":\"EntryPoint\",\"urlTemplate\":\"https:\/\/joyasyasmin.com\/pt-pt\/?s={search_term_string}\"},\"query-input\":{\"@type\":\"PropertyValueSpecification\",\"valueRequired\":true,\"valueName\":\"search_term_string\"}}],\"inLanguage\":\"pt-PT\"},{\"@type\":\"Organization\",\"@id\":\"https:\/\/joyasyasmin.com\/pt-pt\/#organization\",\"name\":\"joyas yasmin\",\"url\":\"https:\/\/joyasyasmin.com\/pt-pt\/\",\"logo\":{\"@type\":\"ImageObject\",\"inLanguage\":\"pt-PT\",\"@id\":\"https:\/\/joyasyasmin.com\/pt-pt\/#\/schema\/logo\/image\/\",\"url\":\"https:\/\/joyasyasmin.com\/wp-content\/uploads\/2017\/06\/IMG-20200429-WA0051.jpg\",\"contentUrl\":\"https:\/\/joyasyasmin.com\/wp-content\/uploads\/2017\/06\/IMG-20200429-WA0051.jpg\",\"width\":1080,\"height\":545,\"caption\":\"joyas yasmin\"},\"image\":{\"@id\":\"https:\/\/joyasyasmin.com\/pt-pt\/#\/schema\/logo\/image\/\"},\"sameAs\":[\"https:\/\/www.facebook.com\/Joyas-Yasmin-217664058934169\/\",\"https:\/\/www.instagram.com\/invites\/contact\/\"]}]}<\/script>\n<!-- \/ Yoast SEO plugin. -->","yoast_head_json":{"title":"gargantilha de corrente de gota fina - Yasmin","description":"Descubra a nossa gargantilha de gota fina de prata 925 com pingente de gota. Dispon\u00edvel em ametista, quartzo verde ou olho de tigre.","robots":{"index":"index","follow":"follow","max-snippet":"max-snippet:-1","max-image-preview":"max-image-preview:large","max-video-preview":"max-video-preview:-1"},"canonical":"https:\/\/joyasyasmin.com\/pt-pt\/producto\/gargantilha-de-corrente-de-gota-fina\/","og_locale":"pt_PT","og_title":"gargantilha de corrente de gota fina - Yasmin","og_description":"Descubra a nossa gargantilha de gota fina de prata 925 com pingente de gota. Dispon\u00edvel em ametista, quartzo verde ou olho de tigre.","og_url":"https:\/\/joyasyasmin.com\/pt-pt\/producto\/gargantilha-de-corrente-de-gota-fina\/","og_site_name":"Yasmin","article_publisher":"https:\/\/www.facebook.com\/Joyas-Yasmin-217664058934169\/","article_modified_time":"2025-11-10T11:31:53+00:00","og_image":[{"width":1000,"height":1000,"url":"https:\/\/joyasyasmin.com\/wp-content\/uploads\/2024\/07\/colgante-gota-ojo-de-tigre.jpg","type":"image\/jpeg"}],"twitter_card":"summary_large_image","schema":{"@context":"https:\/\/schema.org","@graph":[{"@type":["WebPage","ItemPage"],"@id":"https:\/\/joyasyasmin.com\/pt-pt\/producto\/gargantilha-de-corrente-de-gota-fina\/","url":"https:\/\/joyasyasmin.com\/pt-pt\/producto\/gargantilha-de-corrente-de-gota-fina\/","name":"gargantilha de corrente de gota fina - Yasmin","isPartOf":{"@id":"https:\/\/joyasyasmin.com\/pt-pt\/#website"},"primaryImageOfPage":{"@id":"https:\/\/joyasyasmin.com\/pt-pt\/producto\/gargantilha-de-corrente-de-gota-fina\/#primaryimage"},"image":{"@id":"https:\/\/joyasyasmin.com\/pt-pt\/producto\/gargantilha-de-corrente-de-gota-fina\/#primaryimage"},"thumbnailUrl":"https:\/\/joyasyasmin.com\/wp-content\/uploads\/2024\/07\/colgante-gota-ojo-de-tigre.jpg","datePublished":"2024-07-24T19:43:50+00:00","dateModified":"2025-11-10T11:31:53+00:00","description":"Descubra a nossa gargantilha de gota fina de prata 925 com pingente de gota. Dispon\u00edvel em ametista, quartzo verde ou olho de tigre.","breadcrumb":{"@id":"https:\/\/joyasyasmin.com\/pt-pt\/producto\/gargantilha-de-corrente-de-gota-fina\/#breadcrumb"},"inLanguage":"pt-PT","potentialAction":[{"@type":"ReadAction","target":["https:\/\/joyasyasmin.com\/pt-pt\/producto\/gargantilha-de-corrente-de-gota-fina\/"]}]},{"@type":"ImageObject","inLanguage":"pt-PT","@id":"https:\/\/joyasyasmin.com\/pt-pt\/producto\/gargantilha-de-corrente-de-gota-fina\/#primaryimage","url":"https:\/\/joyasyasmin.com\/wp-content\/uploads\/2024\/07\/colgante-gota-ojo-de-tigre.jpg","contentUrl":"https:\/\/joyasyasmin.com\/wp-content\/uploads\/2024\/07\/colgante-gota-ojo-de-tigre.jpg","width":1000,"height":1000,"caption":"Collider e Choker Fine Tiger Eye Natural Stone Drop Chain 925 Prata Esterlina"},{"@type":"BreadcrumbList","@id":"https:\/\/joyasyasmin.com\/pt-pt\/producto\/gargantilha-de-corrente-de-gota-fina\/#breadcrumb","itemListElement":[{"@type":"ListItem","position":1,"name":"Portada","item":"https:\/\/joyasyasmin.com\/pt-pt\/casa\/"},{"@type":"ListItem","position":2,"name":"Shop","item":"https:\/\/joyasyasmin.com\/pt-pt\/shop\/"},{"@type":"ListItem","position":3,"name":"gargantilha de corrente de gota fina"}]},{"@type":"WebSite","@id":"https:\/\/joyasyasmin.com\/pt-pt\/#website","url":"https:\/\/joyasyasmin.com\/pt-pt\/","name":"Yasmin","description":"Joyer\u00eda de Plata 925 - Pendientes, pulseras, anillos, colgantes y m\u00e1s!","publisher":{"@id":"https:\/\/joyasyasmin.com\/pt-pt\/#organization"},"potentialAction":[{"@type":"SearchAction","target":{"@type":"EntryPoint","urlTemplate":"https:\/\/joyasyasmin.com\/pt-pt\/?s={search_term_string}"},"query-input":{"@type":"PropertyValueSpecification","valueRequired":true,"valueName":"search_term_string"}}],"inLanguage":"pt-PT"},{"@type":"Organization","@id":"https:\/\/joyasyasmin.com\/pt-pt\/#organization","name":"joyas yasmin","url":"https:\/\/joyasyasmin.com\/pt-pt\/","logo":{"@type":"ImageObject","inLanguage":"pt-PT","@id":"https:\/\/joyasyasmin.com\/pt-pt\/#\/schema\/logo\/image\/","url":"https:\/\/joyasyasmin.com\/wp-content\/uploads\/2017\/06\/IMG-20200429-WA0051.jpg","contentUrl":"https:\/\/joyasyasmin.com\/wp-content\/uploads\/2017\/06\/IMG-20200429-WA0051.jpg","width":1080,"height":545,"caption":"joyas yasmin"},"image":{"@id":"https:\/\/joyasyasmin.com\/pt-pt\/#\/schema\/logo\/image\/"},"sameAs":["https:\/\/www.facebook.com\/Joyas-Yasmin-217664058934169\/","https:\/\/www.instagram.com\/invites\/contact\/"]}]}},"_links":{"self":[{"href":"https:\/\/joyasyasmin.com\/pt-pt\/wp-json\/wp\/v2\/product\/20321","targetHints":{"allow":["GET"]}}],"collection":[{"href":"https:\/\/joyasyasmin.com\/pt-pt\/wp-json\/wp\/v2\/product"}],"about":[{"href":"https:\/\/joyasyasmin.com\/pt-pt\/wp-json\/wp\/v2\/types\/product"}],"replies":[{"embeddable":true,"href":"https:\/\/joyasyasmin.com\/pt-pt\/wp-json\/wp\/v2\/comments?post=20321"}],"version-history":[{"count":1,"href":"https:\/\/joyasyasmin.com\/pt-pt\/wp-json\/wp\/v2\/product\/20321\/revisions"}],"predecessor-version":[{"id":35777,"href":"https:\/\/joyasyasmin.com\/pt-pt\/wp-json\/wp\/v2\/product\/20321\/revisions\/35777"}],"wp:featuredmedia":[{"embeddable":true,"href":"https:\/\/joyasyasmin.com\/pt-pt\/wp-json\/wp\/v2\/media\/20332"}],"wp:attachment":[{"href":"https:\/\/joyasyasmin.com\/pt-pt\/wp-json\/wp\/v2\/media?parent=20321"}],"wp:term":[{"taxonomy":"product_brand","embeddable":true,"href":"https:\/\/joyasyasmin.com\/pt-pt\/wp-json\/wp\/v2\/product_brand?post=20321"},{"taxonomy":"product_cat","embeddable":true,"href":"https:\/\/joyasyasmin.com\/pt-pt\/wp-json\/wp\/v2\/product_cat?post=20321"},{"taxonomy":"product_tag","embeddable":true,"href":"https:\/\/joyasyasmin.com\/pt-pt\/wp-json\/wp\/v2\/product_tag?post=20321"}],"curies":[{"name":"wp","href":"https:\/\/api.w.org\/{rel}","templated":true}]}}