{"id":20500,"date":"2024-08-23T18:25:18","date_gmt":"2024-08-23T18:25:18","guid":{"rendered":"https:\/\/joyasyasmin.com\/producto\/tornozeleira-perola-do-mar\/"},"modified":"2025-09-18T20:54:25","modified_gmt":"2025-09-18T20:54:25","slug":"tornozeleira-perola-do-mar","status":"publish","type":"product","link":"https:\/\/joyasyasmin.com\/pt-pt\/producto\/tornozeleira-perola-do-mar\/","title":{"rendered":"Tornozeleira P\u00e9rola do Mar"},"content":{"rendered":"","protected":false},"excerpt":{"rendered":"<p>A Tornozeleira P\u00e9rola do Mar \u00e9 uma pe\u00e7a requintada que combina eleg\u00e2ncia e estilo, perfeita para real\u00e7ar a beleza dos seus tornozelos com um toque sofisticado. Esta tornozeleira destaca-se pela sua delicada altern\u00e2ncia de p\u00e9rolas cultivadas em concha de 4 mm, que proporcionam um brilho subtil e natural, juntamente com uma fina corrente de elo de 1 mm, fabricada em prata 925. Este material, reconhecido pela sua durabilidade e brilho, garante que a tornozeleira mant\u00e9m o seu esplendor ao longo do tempo. <\/p>\n<p>Com um comprimento ajust\u00e1vel de 23 cm mais uma extens\u00e3o de 3 cm, a Chave de Tornozelo P\u00e9rola do Mar adapta-se perfeitamente a diferentes tamanhos de tornozelo, garantindo um ajuste seguro e personalizado. A combina\u00e7\u00e3o de p\u00e9rolas e a corrente de prata 925 cria um equil\u00edbrio harmonioso entre suavidade e delicadeza, tornando esta tornozeleira um acess\u00f3rio obrigat\u00f3rio para qualquer cole\u00e7\u00e3o de joias. <\/p>\n","protected":false},"featured_media":20508,"comment_status":"open","ping_status":"closed","template":"","meta":{"_acf_changed":false,"_joinchat":[]},"product_brand":[],"product_cat":[1902],"product_tag":[],"class_list":{"0":"post-20500","1":"product","2":"type-product","3":"status-publish","4":"has-post-thumbnail","6":"product_cat-tornozeleiras","8":"first","9":"instock","10":"shipping-taxable","11":"purchasable","12":"product-type-simple"},"acf":[],"yoast_head":"<!-- This site is optimized with the Yoast SEO plugin v27.2 - https:\/\/yoast.com\/product\/yoast-seo-wordpress\/ -->\n<title>Tornozeleira P\u00e9rola do Mar - Yasmin<\/title>\n<meta name=\"description\" content=\"A Tornozeleira P\u00e9rola do Mar \u00e9 uma pe\u00e7a requintada que combina eleg\u00e2ncia e estilo, perfeita para real\u00e7ar a beleza dos seus tornozelos com um toque sofisticado.\" \/>\n<meta name=\"robots\" content=\"index, follow, max-snippet:-1, max-image-preview:large, max-video-preview:-1\" \/>\n<link rel=\"canonical\" href=\"https:\/\/joyasyasmin.com\/pt-pt\/producto\/tornozeleira-perola-do-mar\/\" \/>\n<meta property=\"og:locale\" content=\"pt_PT\" \/>\n<meta property=\"og:title\" content=\"Tornozeleira P\u00e9rola do Mar - Yasmin\" \/>\n<meta property=\"og:description\" content=\"A Tornozeleira P\u00e9rola do Mar \u00e9 uma pe\u00e7a requintada que combina eleg\u00e2ncia e estilo, perfeita para real\u00e7ar a beleza dos seus tornozelos com um toque sofisticado.\" \/>\n<meta property=\"og:url\" content=\"https:\/\/joyasyasmin.com\/pt-pt\/producto\/tornozeleira-perola-do-mar\/\" \/>\n<meta property=\"og:site_name\" content=\"Yasmin\" \/>\n<meta property=\"article:publisher\" content=\"https:\/\/www.facebook.com\/Joyas-Yasmin-217664058934169\/\" \/>\n<meta property=\"article:modified_time\" content=\"2025-09-18T20:54:25+00:00\" \/>\n<meta property=\"og:image\" content=\"https:\/\/joyasyasmin.com\/wp-content\/uploads\/2024\/08\/tobillera-de-plata-con-perla.jpg\" \/>\n\t<meta property=\"og:image:width\" content=\"1000\" \/>\n\t<meta property=\"og:image:height\" content=\"1000\" \/>\n\t<meta property=\"og:image:type\" content=\"image\/jpeg\" \/>\n<meta name=\"twitter:card\" content=\"summary_large_image\" \/>\n<script type=\"application\/ld+json\" class=\"yoast-schema-graph\">{\"@context\":\"https:\/\/schema.org\",\"@graph\":[{\"@type\":[\"WebPage\",\"ItemPage\"],\"@id\":\"https:\/\/joyasyasmin.com\/pt-pt\/producto\/tornozeleira-perola-do-mar\/\",\"url\":\"https:\/\/joyasyasmin.com\/pt-pt\/producto\/tornozeleira-perola-do-mar\/\",\"name\":\"Tornozeleira P\u00e9rola do Mar - Yasmin\",\"isPartOf\":{\"@id\":\"https:\/\/joyasyasmin.com\/pt-pt\/#website\"},\"primaryImageOfPage\":{\"@id\":\"https:\/\/joyasyasmin.com\/pt-pt\/producto\/tornozeleira-perola-do-mar\/#primaryimage\"},\"image\":{\"@id\":\"https:\/\/joyasyasmin.com\/pt-pt\/producto\/tornozeleira-perola-do-mar\/#primaryimage\"},\"thumbnailUrl\":\"https:\/\/joyasyasmin.com\/wp-content\/uploads\/2024\/08\/tobillera-de-plata-con-perla.jpg\",\"datePublished\":\"2024-08-23T18:25:18+00:00\",\"dateModified\":\"2025-09-18T20:54:25+00:00\",\"description\":\"A Tornozeleira P\u00e9rola do Mar \u00e9 uma pe\u00e7a requintada que combina eleg\u00e2ncia e estilo, perfeita para real\u00e7ar a beleza dos seus tornozelos com um toque sofisticado.\",\"breadcrumb\":{\"@id\":\"https:\/\/joyasyasmin.com\/pt-pt\/producto\/tornozeleira-perola-do-mar\/#breadcrumb\"},\"inLanguage\":\"pt-PT\",\"potentialAction\":[{\"@type\":\"ReadAction\",\"target\":[\"https:\/\/joyasyasmin.com\/pt-pt\/producto\/tornozeleira-perola-do-mar\/\"]}]},{\"@type\":\"ImageObject\",\"inLanguage\":\"pt-PT\",\"@id\":\"https:\/\/joyasyasmin.com\/pt-pt\/producto\/tornozeleira-perola-do-mar\/#primaryimage\",\"url\":\"https:\/\/joyasyasmin.com\/wp-content\/uploads\/2024\/08\/tobillera-de-plata-con-perla.jpg\",\"contentUrl\":\"https:\/\/joyasyasmin.com\/wp-content\/uploads\/2024\/08\/tobillera-de-plata-con-perla.jpg\",\"width\":1000,\"height\":1000,\"caption\":\"925 Sterling Silver Sea Pearl Anklet para venda\"},{\"@type\":\"BreadcrumbList\",\"@id\":\"https:\/\/joyasyasmin.com\/pt-pt\/producto\/tornozeleira-perola-do-mar\/#breadcrumb\",\"itemListElement\":[{\"@type\":\"ListItem\",\"position\":1,\"name\":\"Portada\",\"item\":\"https:\/\/joyasyasmin.com\/pt-pt\/casa\/\"},{\"@type\":\"ListItem\",\"position\":2,\"name\":\"Shop\",\"item\":\"https:\/\/joyasyasmin.com\/pt-pt\/shop\/\"},{\"@type\":\"ListItem\",\"position\":3,\"name\":\"Tornozeleira P\u00e9rola do Mar\"}]},{\"@type\":\"WebSite\",\"@id\":\"https:\/\/joyasyasmin.com\/pt-pt\/#website\",\"url\":\"https:\/\/joyasyasmin.com\/pt-pt\/\",\"name\":\"Yasmin\",\"description\":\"Joyer\u00eda de Plata 925 - Pendientes, pulseras, anillos, colgantes y m\u00e1s!\",\"publisher\":{\"@id\":\"https:\/\/joyasyasmin.com\/pt-pt\/#organization\"},\"potentialAction\":[{\"@type\":\"SearchAction\",\"target\":{\"@type\":\"EntryPoint\",\"urlTemplate\":\"https:\/\/joyasyasmin.com\/pt-pt\/?s={search_term_string}\"},\"query-input\":{\"@type\":\"PropertyValueSpecification\",\"valueRequired\":true,\"valueName\":\"search_term_string\"}}],\"inLanguage\":\"pt-PT\"},{\"@type\":\"Organization\",\"@id\":\"https:\/\/joyasyasmin.com\/pt-pt\/#organization\",\"name\":\"joyas yasmin\",\"url\":\"https:\/\/joyasyasmin.com\/pt-pt\/\",\"logo\":{\"@type\":\"ImageObject\",\"inLanguage\":\"pt-PT\",\"@id\":\"https:\/\/joyasyasmin.com\/pt-pt\/#\/schema\/logo\/image\/\",\"url\":\"https:\/\/joyasyasmin.com\/wp-content\/uploads\/2017\/06\/IMG-20200429-WA0051.jpg\",\"contentUrl\":\"https:\/\/joyasyasmin.com\/wp-content\/uploads\/2017\/06\/IMG-20200429-WA0051.jpg\",\"width\":1080,\"height\":545,\"caption\":\"joyas yasmin\"},\"image\":{\"@id\":\"https:\/\/joyasyasmin.com\/pt-pt\/#\/schema\/logo\/image\/\"},\"sameAs\":[\"https:\/\/www.facebook.com\/Joyas-Yasmin-217664058934169\/\",\"https:\/\/www.instagram.com\/invites\/contact\/\"]}]}<\/script>\n<!-- \/ Yoast SEO plugin. -->","yoast_head_json":{"title":"Tornozeleira P\u00e9rola do Mar - Yasmin","description":"A Tornozeleira P\u00e9rola do Mar \u00e9 uma pe\u00e7a requintada que combina eleg\u00e2ncia e estilo, perfeita para real\u00e7ar a beleza dos seus tornozelos com um toque sofisticado.","robots":{"index":"index","follow":"follow","max-snippet":"max-snippet:-1","max-image-preview":"max-image-preview:large","max-video-preview":"max-video-preview:-1"},"canonical":"https:\/\/joyasyasmin.com\/pt-pt\/producto\/tornozeleira-perola-do-mar\/","og_locale":"pt_PT","og_title":"Tornozeleira P\u00e9rola do Mar - Yasmin","og_description":"A Tornozeleira P\u00e9rola do Mar \u00e9 uma pe\u00e7a requintada que combina eleg\u00e2ncia e estilo, perfeita para real\u00e7ar a beleza dos seus tornozelos com um toque sofisticado.","og_url":"https:\/\/joyasyasmin.com\/pt-pt\/producto\/tornozeleira-perola-do-mar\/","og_site_name":"Yasmin","article_publisher":"https:\/\/www.facebook.com\/Joyas-Yasmin-217664058934169\/","article_modified_time":"2025-09-18T20:54:25+00:00","og_image":[{"width":1000,"height":1000,"url":"https:\/\/joyasyasmin.com\/wp-content\/uploads\/2024\/08\/tobillera-de-plata-con-perla.jpg","type":"image\/jpeg"}],"twitter_card":"summary_large_image","schema":{"@context":"https:\/\/schema.org","@graph":[{"@type":["WebPage","ItemPage"],"@id":"https:\/\/joyasyasmin.com\/pt-pt\/producto\/tornozeleira-perola-do-mar\/","url":"https:\/\/joyasyasmin.com\/pt-pt\/producto\/tornozeleira-perola-do-mar\/","name":"Tornozeleira P\u00e9rola do Mar - Yasmin","isPartOf":{"@id":"https:\/\/joyasyasmin.com\/pt-pt\/#website"},"primaryImageOfPage":{"@id":"https:\/\/joyasyasmin.com\/pt-pt\/producto\/tornozeleira-perola-do-mar\/#primaryimage"},"image":{"@id":"https:\/\/joyasyasmin.com\/pt-pt\/producto\/tornozeleira-perola-do-mar\/#primaryimage"},"thumbnailUrl":"https:\/\/joyasyasmin.com\/wp-content\/uploads\/2024\/08\/tobillera-de-plata-con-perla.jpg","datePublished":"2024-08-23T18:25:18+00:00","dateModified":"2025-09-18T20:54:25+00:00","description":"A Tornozeleira P\u00e9rola do Mar \u00e9 uma pe\u00e7a requintada que combina eleg\u00e2ncia e estilo, perfeita para real\u00e7ar a beleza dos seus tornozelos com um toque sofisticado.","breadcrumb":{"@id":"https:\/\/joyasyasmin.com\/pt-pt\/producto\/tornozeleira-perola-do-mar\/#breadcrumb"},"inLanguage":"pt-PT","potentialAction":[{"@type":"ReadAction","target":["https:\/\/joyasyasmin.com\/pt-pt\/producto\/tornozeleira-perola-do-mar\/"]}]},{"@type":"ImageObject","inLanguage":"pt-PT","@id":"https:\/\/joyasyasmin.com\/pt-pt\/producto\/tornozeleira-perola-do-mar\/#primaryimage","url":"https:\/\/joyasyasmin.com\/wp-content\/uploads\/2024\/08\/tobillera-de-plata-con-perla.jpg","contentUrl":"https:\/\/joyasyasmin.com\/wp-content\/uploads\/2024\/08\/tobillera-de-plata-con-perla.jpg","width":1000,"height":1000,"caption":"925 Sterling Silver Sea Pearl Anklet para venda"},{"@type":"BreadcrumbList","@id":"https:\/\/joyasyasmin.com\/pt-pt\/producto\/tornozeleira-perola-do-mar\/#breadcrumb","itemListElement":[{"@type":"ListItem","position":1,"name":"Portada","item":"https:\/\/joyasyasmin.com\/pt-pt\/casa\/"},{"@type":"ListItem","position":2,"name":"Shop","item":"https:\/\/joyasyasmin.com\/pt-pt\/shop\/"},{"@type":"ListItem","position":3,"name":"Tornozeleira P\u00e9rola do Mar"}]},{"@type":"WebSite","@id":"https:\/\/joyasyasmin.com\/pt-pt\/#website","url":"https:\/\/joyasyasmin.com\/pt-pt\/","name":"Yasmin","description":"Joyer\u00eda de Plata 925 - Pendientes, pulseras, anillos, colgantes y m\u00e1s!","publisher":{"@id":"https:\/\/joyasyasmin.com\/pt-pt\/#organization"},"potentialAction":[{"@type":"SearchAction","target":{"@type":"EntryPoint","urlTemplate":"https:\/\/joyasyasmin.com\/pt-pt\/?s={search_term_string}"},"query-input":{"@type":"PropertyValueSpecification","valueRequired":true,"valueName":"search_term_string"}}],"inLanguage":"pt-PT"},{"@type":"Organization","@id":"https:\/\/joyasyasmin.com\/pt-pt\/#organization","name":"joyas yasmin","url":"https:\/\/joyasyasmin.com\/pt-pt\/","logo":{"@type":"ImageObject","inLanguage":"pt-PT","@id":"https:\/\/joyasyasmin.com\/pt-pt\/#\/schema\/logo\/image\/","url":"https:\/\/joyasyasmin.com\/wp-content\/uploads\/2017\/06\/IMG-20200429-WA0051.jpg","contentUrl":"https:\/\/joyasyasmin.com\/wp-content\/uploads\/2017\/06\/IMG-20200429-WA0051.jpg","width":1080,"height":545,"caption":"joyas yasmin"},"image":{"@id":"https:\/\/joyasyasmin.com\/pt-pt\/#\/schema\/logo\/image\/"},"sameAs":["https:\/\/www.facebook.com\/Joyas-Yasmin-217664058934169\/","https:\/\/www.instagram.com\/invites\/contact\/"]}]}},"_links":{"self":[{"href":"https:\/\/joyasyasmin.com\/pt-pt\/wp-json\/wp\/v2\/product\/20500","targetHints":{"allow":["GET"]}}],"collection":[{"href":"https:\/\/joyasyasmin.com\/pt-pt\/wp-json\/wp\/v2\/product"}],"about":[{"href":"https:\/\/joyasyasmin.com\/pt-pt\/wp-json\/wp\/v2\/types\/product"}],"replies":[{"embeddable":true,"href":"https:\/\/joyasyasmin.com\/pt-pt\/wp-json\/wp\/v2\/comments?post=20500"}],"version-history":[{"count":1,"href":"https:\/\/joyasyasmin.com\/pt-pt\/wp-json\/wp\/v2\/product\/20500\/revisions"}],"predecessor-version":[{"id":34606,"href":"https:\/\/joyasyasmin.com\/pt-pt\/wp-json\/wp\/v2\/product\/20500\/revisions\/34606"}],"wp:featuredmedia":[{"embeddable":true,"href":"https:\/\/joyasyasmin.com\/pt-pt\/wp-json\/wp\/v2\/media\/20508"}],"wp:attachment":[{"href":"https:\/\/joyasyasmin.com\/pt-pt\/wp-json\/wp\/v2\/media?parent=20500"}],"wp:term":[{"taxonomy":"product_brand","embeddable":true,"href":"https:\/\/joyasyasmin.com\/pt-pt\/wp-json\/wp\/v2\/product_brand?post=20500"},{"taxonomy":"product_cat","embeddable":true,"href":"https:\/\/joyasyasmin.com\/pt-pt\/wp-json\/wp\/v2\/product_cat?post=20500"},{"taxonomy":"product_tag","embeddable":true,"href":"https:\/\/joyasyasmin.com\/pt-pt\/wp-json\/wp\/v2\/product_tag?post=20500"}],"curies":[{"name":"wp","href":"https:\/\/api.w.org\/{rel}","templated":true}]}}