{"id":20588,"date":"2024-06-24T20:19:13","date_gmt":"2024-06-24T20:19:13","guid":{"rendered":"https:\/\/joyasyasmin.com\/producto\/virgen-del-carmen-pulseira\/"},"modified":"2025-11-10T11:31:36","modified_gmt":"2025-11-10T11:31:36","slug":"virgen-del-carmen-pulseira","status":"publish","type":"product","link":"https:\/\/joyasyasmin.com\/pt-pt\/producto\/virgen-del-carmen-pulseira\/","title":{"rendered":"Virgen del Carmen Pulseira"},"content":{"rendered":"","protected":false},"excerpt":{"rendered":"<p>A pulseira mostrada na imagem \u00e9 uma joia delicada e elegante feita de prata esterlina 925. Apresenta um design sofisticado com contas prateadas medindo 4 mm, intercaladas com pequenas contas de v\u00e1rias cores que adicionam um toque de vibra\u00e7\u00e3o e cor \u00e0 pe\u00e7a. O comprimento da pulseira \u00e9 de 17 cm, com uma extens\u00e3o adicional de 3 cm que permite ajustar o tamanho de acordo com a prefer\u00eancia do utilizador, garantindo um ajuste confort\u00e1vel e seguro.<\/p>\n<p>Um detalhe distintivo desta pulseira \u00e9 a medalha pendente, que mede 15 mm e tamb\u00e9m \u00e9 feita de prata esterlina 925. A medalha parece representar uma figura religiosa, especificamente a Virgen del Carmen, o que lhe confere um significado especial e simb\u00f3lico, ideal para aqueles que buscam uma conex\u00e3o espiritual em seus acess\u00f3rios.<\/p>\n","protected":false},"featured_media":20589,"comment_status":"open","ping_status":"closed","template":"","meta":{"_acf_changed":false,"_joinchat":[]},"product_brand":[],"product_cat":[1781],"product_tag":[],"class_list":{"0":"post-20588","1":"product","2":"type-product","3":"status-publish","4":"has-post-thumbnail","6":"product_cat-pulseiras","8":"first","9":"instock","10":"shipping-taxable","11":"purchasable","12":"product-type-simple"},"acf":[],"yoast_head":"<!-- This site is optimized with the Yoast SEO plugin v27.2 - https:\/\/yoast.com\/product\/yoast-seo-wordpress\/ -->\n<title>Virgen del Carmen Pulseira - Yasmin<\/title>\n<meta name=\"description\" content=\"Pulseira da Virgem do Carmo \u00e9 uma pe\u00e7a que reflete a sua beleza, bem como o seu significado espiritual. \u00c9 uma joia delicada e elegante. 925 prata esterlina.\" \/>\n<meta name=\"robots\" content=\"index, follow, max-snippet:-1, max-image-preview:large, max-video-preview:-1\" \/>\n<link rel=\"canonical\" href=\"https:\/\/joyasyasmin.com\/pt-pt\/producto\/virgen-del-carmen-pulseira\/\" \/>\n<meta property=\"og:locale\" content=\"pt_PT\" \/>\n<meta property=\"og:title\" content=\"Virgen del Carmen Pulseira - Yasmin\" \/>\n<meta property=\"og:description\" content=\"Pulseira da Virgem do Carmo \u00e9 uma pe\u00e7a que reflete a sua beleza, bem como o seu significado espiritual. \u00c9 uma joia delicada e elegante. 925 prata esterlina.\" \/>\n<meta property=\"og:url\" content=\"https:\/\/joyasyasmin.com\/pt-pt\/producto\/virgen-del-carmen-pulseira\/\" \/>\n<meta property=\"og:site_name\" content=\"Yasmin\" \/>\n<meta property=\"article:publisher\" content=\"https:\/\/www.facebook.com\/Joyas-Yasmin-217664058934169\/\" \/>\n<meta property=\"article:modified_time\" content=\"2025-11-10T11:31:36+00:00\" \/>\n<meta property=\"og:image\" content=\"https:\/\/joyasyasmin.com\/wp-content\/uploads\/2024\/06\/Pulsera-Virgen-del-Carmen.jpg\" \/>\n\t<meta property=\"og:image:width\" content=\"1000\" \/>\n\t<meta property=\"og:image:height\" content=\"1000\" \/>\n\t<meta property=\"og:image:type\" content=\"image\/jpeg\" \/>\n<meta name=\"twitter:card\" content=\"summary_large_image\" \/>\n<script type=\"application\/ld+json\" class=\"yoast-schema-graph\">{\"@context\":\"https:\/\/schema.org\",\"@graph\":[{\"@type\":[\"WebPage\",\"ItemPage\"],\"@id\":\"https:\/\/joyasyasmin.com\/pt-pt\/producto\/virgen-del-carmen-pulseira\/\",\"url\":\"https:\/\/joyasyasmin.com\/pt-pt\/producto\/virgen-del-carmen-pulseira\/\",\"name\":\"Virgen del Carmen Pulseira - Yasmin\",\"isPartOf\":{\"@id\":\"https:\/\/joyasyasmin.com\/pt-pt\/#website\"},\"primaryImageOfPage\":{\"@id\":\"https:\/\/joyasyasmin.com\/pt-pt\/producto\/virgen-del-carmen-pulseira\/#primaryimage\"},\"image\":{\"@id\":\"https:\/\/joyasyasmin.com\/pt-pt\/producto\/virgen-del-carmen-pulseira\/#primaryimage\"},\"thumbnailUrl\":\"https:\/\/joyasyasmin.com\/wp-content\/uploads\/2024\/06\/Pulsera-Virgen-del-Carmen.jpg\",\"datePublished\":\"2024-06-24T20:19:13+00:00\",\"dateModified\":\"2025-11-10T11:31:36+00:00\",\"description\":\"Pulseira da Virgem do Carmo \u00e9 uma pe\u00e7a que reflete a sua beleza, bem como o seu significado espiritual. \u00c9 uma joia delicada e elegante. 925 prata esterlina.\",\"breadcrumb\":{\"@id\":\"https:\/\/joyasyasmin.com\/pt-pt\/producto\/virgen-del-carmen-pulseira\/#breadcrumb\"},\"inLanguage\":\"pt-PT\",\"potentialAction\":[{\"@type\":\"ReadAction\",\"target\":[\"https:\/\/joyasyasmin.com\/pt-pt\/producto\/virgen-del-carmen-pulseira\/\"]}]},{\"@type\":\"ImageObject\",\"inLanguage\":\"pt-PT\",\"@id\":\"https:\/\/joyasyasmin.com\/pt-pt\/producto\/virgen-del-carmen-pulseira\/#primaryimage\",\"url\":\"https:\/\/joyasyasmin.com\/wp-content\/uploads\/2024\/06\/Pulsera-Virgen-del-Carmen.jpg\",\"contentUrl\":\"https:\/\/joyasyasmin.com\/wp-content\/uploads\/2024\/06\/Pulsera-Virgen-del-Carmen.jpg\",\"width\":1000,\"height\":1000,\"caption\":\"Venda de Virgen del Carmen 925 Sterling Silver Bracelet\"},{\"@type\":\"BreadcrumbList\",\"@id\":\"https:\/\/joyasyasmin.com\/pt-pt\/producto\/virgen-del-carmen-pulseira\/#breadcrumb\",\"itemListElement\":[{\"@type\":\"ListItem\",\"position\":1,\"name\":\"Portada\",\"item\":\"https:\/\/joyasyasmin.com\/pt-pt\/casa\/\"},{\"@type\":\"ListItem\",\"position\":2,\"name\":\"Shop\",\"item\":\"https:\/\/joyasyasmin.com\/pt-pt\/shop\/\"},{\"@type\":\"ListItem\",\"position\":3,\"name\":\"Virgen del Carmen Pulseira\"}]},{\"@type\":\"WebSite\",\"@id\":\"https:\/\/joyasyasmin.com\/pt-pt\/#website\",\"url\":\"https:\/\/joyasyasmin.com\/pt-pt\/\",\"name\":\"Yasmin\",\"description\":\"Joyer\u00eda de Plata 925 - Pendientes, pulseras, anillos, colgantes y m\u00e1s!\",\"publisher\":{\"@id\":\"https:\/\/joyasyasmin.com\/pt-pt\/#organization\"},\"potentialAction\":[{\"@type\":\"SearchAction\",\"target\":{\"@type\":\"EntryPoint\",\"urlTemplate\":\"https:\/\/joyasyasmin.com\/pt-pt\/?s={search_term_string}\"},\"query-input\":{\"@type\":\"PropertyValueSpecification\",\"valueRequired\":true,\"valueName\":\"search_term_string\"}}],\"inLanguage\":\"pt-PT\"},{\"@type\":\"Organization\",\"@id\":\"https:\/\/joyasyasmin.com\/pt-pt\/#organization\",\"name\":\"joyas yasmin\",\"url\":\"https:\/\/joyasyasmin.com\/pt-pt\/\",\"logo\":{\"@type\":\"ImageObject\",\"inLanguage\":\"pt-PT\",\"@id\":\"https:\/\/joyasyasmin.com\/pt-pt\/#\/schema\/logo\/image\/\",\"url\":\"https:\/\/joyasyasmin.com\/wp-content\/uploads\/2017\/06\/IMG-20200429-WA0051.jpg\",\"contentUrl\":\"https:\/\/joyasyasmin.com\/wp-content\/uploads\/2017\/06\/IMG-20200429-WA0051.jpg\",\"width\":1080,\"height\":545,\"caption\":\"joyas yasmin\"},\"image\":{\"@id\":\"https:\/\/joyasyasmin.com\/pt-pt\/#\/schema\/logo\/image\/\"},\"sameAs\":[\"https:\/\/www.facebook.com\/Joyas-Yasmin-217664058934169\/\",\"https:\/\/www.instagram.com\/invites\/contact\/\"]}]}<\/script>\n<!-- \/ Yoast SEO plugin. -->","yoast_head_json":{"title":"Virgen del Carmen Pulseira - Yasmin","description":"Pulseira da Virgem do Carmo \u00e9 uma pe\u00e7a que reflete a sua beleza, bem como o seu significado espiritual. \u00c9 uma joia delicada e elegante. 925 prata esterlina.","robots":{"index":"index","follow":"follow","max-snippet":"max-snippet:-1","max-image-preview":"max-image-preview:large","max-video-preview":"max-video-preview:-1"},"canonical":"https:\/\/joyasyasmin.com\/pt-pt\/producto\/virgen-del-carmen-pulseira\/","og_locale":"pt_PT","og_title":"Virgen del Carmen Pulseira - Yasmin","og_description":"Pulseira da Virgem do Carmo \u00e9 uma pe\u00e7a que reflete a sua beleza, bem como o seu significado espiritual. \u00c9 uma joia delicada e elegante. 925 prata esterlina.","og_url":"https:\/\/joyasyasmin.com\/pt-pt\/producto\/virgen-del-carmen-pulseira\/","og_site_name":"Yasmin","article_publisher":"https:\/\/www.facebook.com\/Joyas-Yasmin-217664058934169\/","article_modified_time":"2025-11-10T11:31:36+00:00","og_image":[{"width":1000,"height":1000,"url":"https:\/\/joyasyasmin.com\/wp-content\/uploads\/2024\/06\/Pulsera-Virgen-del-Carmen.jpg","type":"image\/jpeg"}],"twitter_card":"summary_large_image","schema":{"@context":"https:\/\/schema.org","@graph":[{"@type":["WebPage","ItemPage"],"@id":"https:\/\/joyasyasmin.com\/pt-pt\/producto\/virgen-del-carmen-pulseira\/","url":"https:\/\/joyasyasmin.com\/pt-pt\/producto\/virgen-del-carmen-pulseira\/","name":"Virgen del Carmen Pulseira - Yasmin","isPartOf":{"@id":"https:\/\/joyasyasmin.com\/pt-pt\/#website"},"primaryImageOfPage":{"@id":"https:\/\/joyasyasmin.com\/pt-pt\/producto\/virgen-del-carmen-pulseira\/#primaryimage"},"image":{"@id":"https:\/\/joyasyasmin.com\/pt-pt\/producto\/virgen-del-carmen-pulseira\/#primaryimage"},"thumbnailUrl":"https:\/\/joyasyasmin.com\/wp-content\/uploads\/2024\/06\/Pulsera-Virgen-del-Carmen.jpg","datePublished":"2024-06-24T20:19:13+00:00","dateModified":"2025-11-10T11:31:36+00:00","description":"Pulseira da Virgem do Carmo \u00e9 uma pe\u00e7a que reflete a sua beleza, bem como o seu significado espiritual. \u00c9 uma joia delicada e elegante. 925 prata esterlina.","breadcrumb":{"@id":"https:\/\/joyasyasmin.com\/pt-pt\/producto\/virgen-del-carmen-pulseira\/#breadcrumb"},"inLanguage":"pt-PT","potentialAction":[{"@type":"ReadAction","target":["https:\/\/joyasyasmin.com\/pt-pt\/producto\/virgen-del-carmen-pulseira\/"]}]},{"@type":"ImageObject","inLanguage":"pt-PT","@id":"https:\/\/joyasyasmin.com\/pt-pt\/producto\/virgen-del-carmen-pulseira\/#primaryimage","url":"https:\/\/joyasyasmin.com\/wp-content\/uploads\/2024\/06\/Pulsera-Virgen-del-Carmen.jpg","contentUrl":"https:\/\/joyasyasmin.com\/wp-content\/uploads\/2024\/06\/Pulsera-Virgen-del-Carmen.jpg","width":1000,"height":1000,"caption":"Venda de Virgen del Carmen 925 Sterling Silver Bracelet"},{"@type":"BreadcrumbList","@id":"https:\/\/joyasyasmin.com\/pt-pt\/producto\/virgen-del-carmen-pulseira\/#breadcrumb","itemListElement":[{"@type":"ListItem","position":1,"name":"Portada","item":"https:\/\/joyasyasmin.com\/pt-pt\/casa\/"},{"@type":"ListItem","position":2,"name":"Shop","item":"https:\/\/joyasyasmin.com\/pt-pt\/shop\/"},{"@type":"ListItem","position":3,"name":"Virgen del Carmen Pulseira"}]},{"@type":"WebSite","@id":"https:\/\/joyasyasmin.com\/pt-pt\/#website","url":"https:\/\/joyasyasmin.com\/pt-pt\/","name":"Yasmin","description":"Joyer\u00eda de Plata 925 - Pendientes, pulseras, anillos, colgantes y m\u00e1s!","publisher":{"@id":"https:\/\/joyasyasmin.com\/pt-pt\/#organization"},"potentialAction":[{"@type":"SearchAction","target":{"@type":"EntryPoint","urlTemplate":"https:\/\/joyasyasmin.com\/pt-pt\/?s={search_term_string}"},"query-input":{"@type":"PropertyValueSpecification","valueRequired":true,"valueName":"search_term_string"}}],"inLanguage":"pt-PT"},{"@type":"Organization","@id":"https:\/\/joyasyasmin.com\/pt-pt\/#organization","name":"joyas yasmin","url":"https:\/\/joyasyasmin.com\/pt-pt\/","logo":{"@type":"ImageObject","inLanguage":"pt-PT","@id":"https:\/\/joyasyasmin.com\/pt-pt\/#\/schema\/logo\/image\/","url":"https:\/\/joyasyasmin.com\/wp-content\/uploads\/2017\/06\/IMG-20200429-WA0051.jpg","contentUrl":"https:\/\/joyasyasmin.com\/wp-content\/uploads\/2017\/06\/IMG-20200429-WA0051.jpg","width":1080,"height":545,"caption":"joyas yasmin"},"image":{"@id":"https:\/\/joyasyasmin.com\/pt-pt\/#\/schema\/logo\/image\/"},"sameAs":["https:\/\/www.facebook.com\/Joyas-Yasmin-217664058934169\/","https:\/\/www.instagram.com\/invites\/contact\/"]}]}},"_links":{"self":[{"href":"https:\/\/joyasyasmin.com\/pt-pt\/wp-json\/wp\/v2\/product\/20588","targetHints":{"allow":["GET"]}}],"collection":[{"href":"https:\/\/joyasyasmin.com\/pt-pt\/wp-json\/wp\/v2\/product"}],"about":[{"href":"https:\/\/joyasyasmin.com\/pt-pt\/wp-json\/wp\/v2\/types\/product"}],"replies":[{"embeddable":true,"href":"https:\/\/joyasyasmin.com\/pt-pt\/wp-json\/wp\/v2\/comments?post=20588"}],"version-history":[{"count":1,"href":"https:\/\/joyasyasmin.com\/pt-pt\/wp-json\/wp\/v2\/product\/20588\/revisions"}],"predecessor-version":[{"id":35763,"href":"https:\/\/joyasyasmin.com\/pt-pt\/wp-json\/wp\/v2\/product\/20588\/revisions\/35763"}],"wp:featuredmedia":[{"embeddable":true,"href":"https:\/\/joyasyasmin.com\/pt-pt\/wp-json\/wp\/v2\/media\/20589"}],"wp:attachment":[{"href":"https:\/\/joyasyasmin.com\/pt-pt\/wp-json\/wp\/v2\/media?parent=20588"}],"wp:term":[{"taxonomy":"product_brand","embeddable":true,"href":"https:\/\/joyasyasmin.com\/pt-pt\/wp-json\/wp\/v2\/product_brand?post=20588"},{"taxonomy":"product_cat","embeddable":true,"href":"https:\/\/joyasyasmin.com\/pt-pt\/wp-json\/wp\/v2\/product_cat?post=20588"},{"taxonomy":"product_tag","embeddable":true,"href":"https:\/\/joyasyasmin.com\/pt-pt\/wp-json\/wp\/v2\/product_tag?post=20588"}],"curies":[{"name":"wp","href":"https:\/\/api.w.org\/{rel}","templated":true}]}}