{"id":20778,"date":"2024-06-16T15:10:29","date_gmt":"2024-06-16T15:10:29","guid":{"rendered":"https:\/\/joyasyasmin.com\/producto\/pulseira-de-prata-com-virgem-milagrosa\/"},"modified":"2025-09-01T07:43:55","modified_gmt":"2025-09-01T07:43:55","slug":"pulseira-de-prata-com-virgem-milagrosa","status":"publish","type":"product","link":"https:\/\/joyasyasmin.com\/pt-pt\/producto\/pulseira-de-prata-com-virgem-milagrosa\/","title":{"rendered":"Pulseira de Prata com Virgem Milagrosa"},"content":{"rendered":"","protected":false},"excerpt":{"rendered":"<p>Esta elegante Pulseira de Prata com Miraculous Virgin e Calabrot Links \u00e9 uma pe\u00e7a \u00fanica e significativa, ideal para quem procura um acess\u00f3rio que combine f\u00e9 e estilo. Fabricado em prata esterlina 925, garante uma qualidade e durabilidade excecionais. A pulseira possui elos de encaixe que medem 9mm de largura por 12mm de comprimento, oferecendo um design robusto e atraente.  <\/p>\n<p>O ponto focal desta pulseira \u00e9 a medalha da Madona Milagrosa, cuidadosamente detalhada e medindo 15 mm de largura. Este ornamento distinto n\u00e3o \u00e9 apenas um s\u00edmbolo de prote\u00e7\u00e3o e f\u00e9, mas tamb\u00e9m adiciona um toque de eleg\u00e2ncia e sofistica\u00e7\u00e3o ao design. <\/p>\n<p>Com um comprimento total de 19,5 cm mais uma extens\u00e3o de 3 cm, a pulseira \u00e9 ajust\u00e1vel, garantindo um ajuste perfeito para qualquer pulso. A combina\u00e7\u00e3o dos elos de calabrot e da Virgem Milagrosa cria um equil\u00edbrio perfeito entre modernidade e tradi\u00e7\u00e3o. <\/p>\n","protected":false},"featured_media":20784,"comment_status":"open","ping_status":"closed","template":"","meta":{"_acf_changed":false,"_joinchat":[]},"product_brand":[],"product_cat":[1781],"product_tag":[1917],"class_list":{"0":"post-20778","1":"product","2":"type-product","3":"status-publish","4":"has-post-thumbnail","6":"product_cat-pulseiras","7":"product_tag-noticias","9":"first","10":"instock","11":"shipping-taxable","12":"purchasable","13":"product-type-simple"},"acf":[],"yoast_head":"<!-- This site is optimized with the Yoast SEO plugin v27.2 - https:\/\/yoast.com\/product\/yoast-seo-wordpress\/ -->\n<title>Pulseira de Prata com Virgem Milagrosa - Yasmin<\/title>\n<meta name=\"description\" content=\"a Pulseira de Prata com Virgem Milagrosa e Calabrot Links \u00e9 mais do que uma joia, \u00e9 uma express\u00e3o de f\u00e9 e estilo. \u00c9 feito de prata 925.\" \/>\n<meta name=\"robots\" content=\"index, follow, max-snippet:-1, max-image-preview:large, max-video-preview:-1\" \/>\n<link rel=\"canonical\" href=\"https:\/\/joyasyasmin.com\/pt-pt\/producto\/pulseira-de-prata-com-virgem-milagrosa\/\" \/>\n<meta property=\"og:locale\" content=\"pt_PT\" \/>\n<meta property=\"og:title\" content=\"Pulseira de Prata com Virgem Milagrosa - Yasmin\" \/>\n<meta property=\"og:description\" content=\"a Pulseira de Prata com Virgem Milagrosa e Calabrot Links \u00e9 mais do que uma joia, \u00e9 uma express\u00e3o de f\u00e9 e estilo. \u00c9 feito de prata 925.\" \/>\n<meta property=\"og:url\" content=\"https:\/\/joyasyasmin.com\/pt-pt\/producto\/pulseira-de-prata-com-virgem-milagrosa\/\" \/>\n<meta property=\"og:site_name\" content=\"Yasmin\" \/>\n<meta property=\"article:publisher\" content=\"https:\/\/www.facebook.com\/Joyas-Yasmin-217664058934169\/\" \/>\n<meta property=\"article:modified_time\" content=\"2025-09-01T07:43:55+00:00\" \/>\n<meta property=\"og:image\" content=\"https:\/\/joyasyasmin.com\/wp-content\/uploads\/2024\/06\/pulsera-calabrote-virgen-milagrosa-de-plata.jpg\" \/>\n\t<meta property=\"og:image:width\" content=\"1000\" \/>\n\t<meta property=\"og:image:height\" content=\"1000\" \/>\n\t<meta property=\"og:image:type\" content=\"image\/jpeg\" \/>\n<meta name=\"twitter:card\" content=\"summary_large_image\" \/>\n<script type=\"application\/ld+json\" class=\"yoast-schema-graph\">{\"@context\":\"https:\/\/schema.org\",\"@graph\":[{\"@type\":[\"WebPage\",\"ItemPage\"],\"@id\":\"https:\/\/joyasyasmin.com\/pt-pt\/producto\/pulseira-de-prata-com-virgem-milagrosa\/\",\"url\":\"https:\/\/joyasyasmin.com\/pt-pt\/producto\/pulseira-de-prata-com-virgem-milagrosa\/\",\"name\":\"Pulseira de Prata com Virgem Milagrosa - Yasmin\",\"isPartOf\":{\"@id\":\"https:\/\/joyasyasmin.com\/pt-pt\/#website\"},\"primaryImageOfPage\":{\"@id\":\"https:\/\/joyasyasmin.com\/pt-pt\/producto\/pulseira-de-prata-com-virgem-milagrosa\/#primaryimage\"},\"image\":{\"@id\":\"https:\/\/joyasyasmin.com\/pt-pt\/producto\/pulseira-de-prata-com-virgem-milagrosa\/#primaryimage\"},\"thumbnailUrl\":\"https:\/\/joyasyasmin.com\/wp-content\/uploads\/2024\/06\/pulsera-calabrote-virgen-milagrosa-de-plata.jpg\",\"datePublished\":\"2024-06-16T15:10:29+00:00\",\"dateModified\":\"2025-09-01T07:43:55+00:00\",\"description\":\"a Pulseira de Prata com Virgem Milagrosa e Calabrot Links \u00e9 mais do que uma joia, \u00e9 uma express\u00e3o de f\u00e9 e estilo. \u00c9 feito de prata 925.\",\"breadcrumb\":{\"@id\":\"https:\/\/joyasyasmin.com\/pt-pt\/producto\/pulseira-de-prata-com-virgem-milagrosa\/#breadcrumb\"},\"inLanguage\":\"pt-PT\",\"potentialAction\":[{\"@type\":\"ReadAction\",\"target\":[\"https:\/\/joyasyasmin.com\/pt-pt\/producto\/pulseira-de-prata-com-virgem-milagrosa\/\"]}]},{\"@type\":\"ImageObject\",\"inLanguage\":\"pt-PT\",\"@id\":\"https:\/\/joyasyasmin.com\/pt-pt\/producto\/pulseira-de-prata-com-virgem-milagrosa\/#primaryimage\",\"url\":\"https:\/\/joyasyasmin.com\/wp-content\/uploads\/2024\/06\/pulsera-calabrote-virgen-milagrosa-de-plata.jpg\",\"contentUrl\":\"https:\/\/joyasyasmin.com\/wp-content\/uploads\/2024\/06\/pulsera-calabrote-virgen-milagrosa-de-plata.jpg\",\"width\":1000,\"height\":1000,\"caption\":\"Pulseira de prata com a virgem milagrosa e calabrot de prata esterlina 925 para venda\"},{\"@type\":\"BreadcrumbList\",\"@id\":\"https:\/\/joyasyasmin.com\/pt-pt\/producto\/pulseira-de-prata-com-virgem-milagrosa\/#breadcrumb\",\"itemListElement\":[{\"@type\":\"ListItem\",\"position\":1,\"name\":\"Portada\",\"item\":\"https:\/\/joyasyasmin.com\/pt-pt\/casa\/\"},{\"@type\":\"ListItem\",\"position\":2,\"name\":\"Shop\",\"item\":\"https:\/\/joyasyasmin.com\/pt-pt\/shop\/\"},{\"@type\":\"ListItem\",\"position\":3,\"name\":\"Pulseira de Prata com Virgem Milagrosa\"}]},{\"@type\":\"WebSite\",\"@id\":\"https:\/\/joyasyasmin.com\/pt-pt\/#website\",\"url\":\"https:\/\/joyasyasmin.com\/pt-pt\/\",\"name\":\"Yasmin\",\"description\":\"Joyer\u00eda de Plata 925 - Pendientes, pulseras, anillos, colgantes y m\u00e1s!\",\"publisher\":{\"@id\":\"https:\/\/joyasyasmin.com\/pt-pt\/#organization\"},\"potentialAction\":[{\"@type\":\"SearchAction\",\"target\":{\"@type\":\"EntryPoint\",\"urlTemplate\":\"https:\/\/joyasyasmin.com\/pt-pt\/?s={search_term_string}\"},\"query-input\":{\"@type\":\"PropertyValueSpecification\",\"valueRequired\":true,\"valueName\":\"search_term_string\"}}],\"inLanguage\":\"pt-PT\"},{\"@type\":\"Organization\",\"@id\":\"https:\/\/joyasyasmin.com\/pt-pt\/#organization\",\"name\":\"joyas yasmin\",\"url\":\"https:\/\/joyasyasmin.com\/pt-pt\/\",\"logo\":{\"@type\":\"ImageObject\",\"inLanguage\":\"pt-PT\",\"@id\":\"https:\/\/joyasyasmin.com\/pt-pt\/#\/schema\/logo\/image\/\",\"url\":\"https:\/\/joyasyasmin.com\/wp-content\/uploads\/2017\/06\/IMG-20200429-WA0051.jpg\",\"contentUrl\":\"https:\/\/joyasyasmin.com\/wp-content\/uploads\/2017\/06\/IMG-20200429-WA0051.jpg\",\"width\":1080,\"height\":545,\"caption\":\"joyas yasmin\"},\"image\":{\"@id\":\"https:\/\/joyasyasmin.com\/pt-pt\/#\/schema\/logo\/image\/\"},\"sameAs\":[\"https:\/\/www.facebook.com\/Joyas-Yasmin-217664058934169\/\",\"https:\/\/www.instagram.com\/invites\/contact\/\"]}]}<\/script>\n<!-- \/ Yoast SEO plugin. -->","yoast_head_json":{"title":"Pulseira de Prata com Virgem Milagrosa - Yasmin","description":"a Pulseira de Prata com Virgem Milagrosa e Calabrot Links \u00e9 mais do que uma joia, \u00e9 uma express\u00e3o de f\u00e9 e estilo. \u00c9 feito de prata 925.","robots":{"index":"index","follow":"follow","max-snippet":"max-snippet:-1","max-image-preview":"max-image-preview:large","max-video-preview":"max-video-preview:-1"},"canonical":"https:\/\/joyasyasmin.com\/pt-pt\/producto\/pulseira-de-prata-com-virgem-milagrosa\/","og_locale":"pt_PT","og_title":"Pulseira de Prata com Virgem Milagrosa - Yasmin","og_description":"a Pulseira de Prata com Virgem Milagrosa e Calabrot Links \u00e9 mais do que uma joia, \u00e9 uma express\u00e3o de f\u00e9 e estilo. \u00c9 feito de prata 925.","og_url":"https:\/\/joyasyasmin.com\/pt-pt\/producto\/pulseira-de-prata-com-virgem-milagrosa\/","og_site_name":"Yasmin","article_publisher":"https:\/\/www.facebook.com\/Joyas-Yasmin-217664058934169\/","article_modified_time":"2025-09-01T07:43:55+00:00","og_image":[{"width":1000,"height":1000,"url":"https:\/\/joyasyasmin.com\/wp-content\/uploads\/2024\/06\/pulsera-calabrote-virgen-milagrosa-de-plata.jpg","type":"image\/jpeg"}],"twitter_card":"summary_large_image","schema":{"@context":"https:\/\/schema.org","@graph":[{"@type":["WebPage","ItemPage"],"@id":"https:\/\/joyasyasmin.com\/pt-pt\/producto\/pulseira-de-prata-com-virgem-milagrosa\/","url":"https:\/\/joyasyasmin.com\/pt-pt\/producto\/pulseira-de-prata-com-virgem-milagrosa\/","name":"Pulseira de Prata com Virgem Milagrosa - Yasmin","isPartOf":{"@id":"https:\/\/joyasyasmin.com\/pt-pt\/#website"},"primaryImageOfPage":{"@id":"https:\/\/joyasyasmin.com\/pt-pt\/producto\/pulseira-de-prata-com-virgem-milagrosa\/#primaryimage"},"image":{"@id":"https:\/\/joyasyasmin.com\/pt-pt\/producto\/pulseira-de-prata-com-virgem-milagrosa\/#primaryimage"},"thumbnailUrl":"https:\/\/joyasyasmin.com\/wp-content\/uploads\/2024\/06\/pulsera-calabrote-virgen-milagrosa-de-plata.jpg","datePublished":"2024-06-16T15:10:29+00:00","dateModified":"2025-09-01T07:43:55+00:00","description":"a Pulseira de Prata com Virgem Milagrosa e Calabrot Links \u00e9 mais do que uma joia, \u00e9 uma express\u00e3o de f\u00e9 e estilo. \u00c9 feito de prata 925.","breadcrumb":{"@id":"https:\/\/joyasyasmin.com\/pt-pt\/producto\/pulseira-de-prata-com-virgem-milagrosa\/#breadcrumb"},"inLanguage":"pt-PT","potentialAction":[{"@type":"ReadAction","target":["https:\/\/joyasyasmin.com\/pt-pt\/producto\/pulseira-de-prata-com-virgem-milagrosa\/"]}]},{"@type":"ImageObject","inLanguage":"pt-PT","@id":"https:\/\/joyasyasmin.com\/pt-pt\/producto\/pulseira-de-prata-com-virgem-milagrosa\/#primaryimage","url":"https:\/\/joyasyasmin.com\/wp-content\/uploads\/2024\/06\/pulsera-calabrote-virgen-milagrosa-de-plata.jpg","contentUrl":"https:\/\/joyasyasmin.com\/wp-content\/uploads\/2024\/06\/pulsera-calabrote-virgen-milagrosa-de-plata.jpg","width":1000,"height":1000,"caption":"Pulseira de prata com a virgem milagrosa e calabrot de prata esterlina 925 para venda"},{"@type":"BreadcrumbList","@id":"https:\/\/joyasyasmin.com\/pt-pt\/producto\/pulseira-de-prata-com-virgem-milagrosa\/#breadcrumb","itemListElement":[{"@type":"ListItem","position":1,"name":"Portada","item":"https:\/\/joyasyasmin.com\/pt-pt\/casa\/"},{"@type":"ListItem","position":2,"name":"Shop","item":"https:\/\/joyasyasmin.com\/pt-pt\/shop\/"},{"@type":"ListItem","position":3,"name":"Pulseira de Prata com Virgem Milagrosa"}]},{"@type":"WebSite","@id":"https:\/\/joyasyasmin.com\/pt-pt\/#website","url":"https:\/\/joyasyasmin.com\/pt-pt\/","name":"Yasmin","description":"Joyer\u00eda de Plata 925 - Pendientes, pulseras, anillos, colgantes y m\u00e1s!","publisher":{"@id":"https:\/\/joyasyasmin.com\/pt-pt\/#organization"},"potentialAction":[{"@type":"SearchAction","target":{"@type":"EntryPoint","urlTemplate":"https:\/\/joyasyasmin.com\/pt-pt\/?s={search_term_string}"},"query-input":{"@type":"PropertyValueSpecification","valueRequired":true,"valueName":"search_term_string"}}],"inLanguage":"pt-PT"},{"@type":"Organization","@id":"https:\/\/joyasyasmin.com\/pt-pt\/#organization","name":"joyas yasmin","url":"https:\/\/joyasyasmin.com\/pt-pt\/","logo":{"@type":"ImageObject","inLanguage":"pt-PT","@id":"https:\/\/joyasyasmin.com\/pt-pt\/#\/schema\/logo\/image\/","url":"https:\/\/joyasyasmin.com\/wp-content\/uploads\/2017\/06\/IMG-20200429-WA0051.jpg","contentUrl":"https:\/\/joyasyasmin.com\/wp-content\/uploads\/2017\/06\/IMG-20200429-WA0051.jpg","width":1080,"height":545,"caption":"joyas yasmin"},"image":{"@id":"https:\/\/joyasyasmin.com\/pt-pt\/#\/schema\/logo\/image\/"},"sameAs":["https:\/\/www.facebook.com\/Joyas-Yasmin-217664058934169\/","https:\/\/www.instagram.com\/invites\/contact\/"]}]}},"_links":{"self":[{"href":"https:\/\/joyasyasmin.com\/pt-pt\/wp-json\/wp\/v2\/product\/20778","targetHints":{"allow":["GET"]}}],"collection":[{"href":"https:\/\/joyasyasmin.com\/pt-pt\/wp-json\/wp\/v2\/product"}],"about":[{"href":"https:\/\/joyasyasmin.com\/pt-pt\/wp-json\/wp\/v2\/types\/product"}],"replies":[{"embeddable":true,"href":"https:\/\/joyasyasmin.com\/pt-pt\/wp-json\/wp\/v2\/comments?post=20778"}],"version-history":[{"count":2,"href":"https:\/\/joyasyasmin.com\/pt-pt\/wp-json\/wp\/v2\/product\/20778\/revisions"}],"predecessor-version":[{"id":34556,"href":"https:\/\/joyasyasmin.com\/pt-pt\/wp-json\/wp\/v2\/product\/20778\/revisions\/34556"}],"wp:featuredmedia":[{"embeddable":true,"href":"https:\/\/joyasyasmin.com\/pt-pt\/wp-json\/wp\/v2\/media\/20784"}],"wp:attachment":[{"href":"https:\/\/joyasyasmin.com\/pt-pt\/wp-json\/wp\/v2\/media?parent=20778"}],"wp:term":[{"taxonomy":"product_brand","embeddable":true,"href":"https:\/\/joyasyasmin.com\/pt-pt\/wp-json\/wp\/v2\/product_brand?post=20778"},{"taxonomy":"product_cat","embeddable":true,"href":"https:\/\/joyasyasmin.com\/pt-pt\/wp-json\/wp\/v2\/product_cat?post=20778"},{"taxonomy":"product_tag","embeddable":true,"href":"https:\/\/joyasyasmin.com\/pt-pt\/wp-json\/wp\/v2\/product_tag?post=20778"}],"curies":[{"name":"wp","href":"https:\/\/api.w.org\/{rel}","templated":true}]}}