{"id":21558,"date":"2024-04-09T09:38:48","date_gmt":"2024-04-09T09:38:48","guid":{"rendered":"https:\/\/joyasyasmin.com\/producto\/pingente-porta-fotos-de-memoria-prateado\/"},"modified":"2025-11-10T11:30:50","modified_gmt":"2025-11-10T11:30:50","slug":"pingente-porta-fotos-de-memoria-prateado","status":"publish","type":"product","link":"https:\/\/joyasyasmin.com\/pt-pt\/producto\/pingente-porta-fotos-de-memoria-prateado\/","title":{"rendered":"Pingente Porta-Fotos de Mem\u00f3ria Prateado"},"content":{"rendered":"","protected":false},"excerpt":{"rendered":"<p>Apresentamos o requintado pingente fotogr\u00e1fico &#8220;Silver Memory&#8221;! Este delicado acess\u00f3rio em prata esterlina 925, com dimens\u00f5es de 2 cm, \u00e9 uma verdadeira joia que combina eleg\u00e2ncia e funcionalidade. Seu design exclusivo permite que ele seja facilmente aberto para inserir sua foto favorita, tornando-o um tesouro sentimental que voc\u00ea pode levar com voc\u00ea para todos os lugares.<\/p>\n<p>O pingente &#8220;Silver Memory&#8221; pode ser adquirido de duas formas: como uma pe\u00e7a \u00fanica ou acompanhada por uma corrente de 45 cm de comprimento. Esta op\u00e7\u00e3o adicional destaca a sua beleza e torna-a perfeita para usar em qualquer ocasi\u00e3o. Com o seu acabamento brilhante e polido, este pendente n\u00e3o \u00e9 apenas um acess\u00f3rio deslumbrante, mas tamb\u00e9m um presente significativo para os seus entes queridos.<\/p>\n","protected":false},"featured_media":21561,"comment_status":"open","ping_status":"closed","template":"","meta":{"_acf_changed":false,"_joinchat":[]},"product_brand":[],"product_cat":[1872],"product_tag":[],"class_list":{"0":"post-21558","1":"product","2":"type-product","3":"status-publish","4":"has-post-thumbnail","6":"product_cat-pingentes","8":"first","9":"instock","10":"shipping-taxable","11":"purchasable","12":"product-type-variable"},"acf":[],"yoast_head":"<!-- This site is optimized with the Yoast SEO plugin v27.2 - https:\/\/yoast.com\/product\/yoast-seo-wordpress\/ -->\n<title>Pingente Porta-Fotos de Mem\u00f3ria Prateado - Yasmin<\/title>\n<meta name=\"description\" content=\"Pingente Silver Memory Photo Holder Este delicado acess\u00f3rio de prata 925, com um tamanho de 2 cm, \u00e9 uma verdadeira joia que combina eleg\u00e2ncia e estilo.\" \/>\n<meta name=\"robots\" content=\"index, follow, max-snippet:-1, max-image-preview:large, max-video-preview:-1\" \/>\n<link rel=\"canonical\" href=\"https:\/\/joyasyasmin.com\/pt-pt\/producto\/pingente-porta-fotos-de-memoria-prateado\/\" \/>\n<meta property=\"og:locale\" content=\"pt_PT\" \/>\n<meta property=\"og:title\" content=\"Pingente Porta-Fotos de Mem\u00f3ria Prateado - Yasmin\" \/>\n<meta property=\"og:description\" content=\"Pingente Silver Memory Photo Holder Este delicado acess\u00f3rio de prata 925, com um tamanho de 2 cm, \u00e9 uma verdadeira joia que combina eleg\u00e2ncia e estilo.\" \/>\n<meta property=\"og:url\" content=\"https:\/\/joyasyasmin.com\/pt-pt\/producto\/pingente-porta-fotos-de-memoria-prateado\/\" \/>\n<meta property=\"og:site_name\" content=\"Yasmin\" \/>\n<meta property=\"article:publisher\" content=\"https:\/\/www.facebook.com\/Joyas-Yasmin-217664058934169\/\" \/>\n<meta property=\"article:modified_time\" content=\"2025-11-10T11:30:50+00:00\" \/>\n<meta property=\"og:image\" content=\"https:\/\/joyasyasmin.com\/wp-content\/uploads\/2024\/04\/portafoto-corazon-de-plata.jpg\" \/>\n\t<meta property=\"og:image:width\" content=\"1000\" \/>\n\t<meta property=\"og:image:height\" content=\"1000\" \/>\n\t<meta property=\"og:image:type\" content=\"image\/jpeg\" \/>\n<meta name=\"twitter:card\" content=\"summary_large_image\" \/>\n<script type=\"application\/ld+json\" class=\"yoast-schema-graph\">{\"@context\":\"https:\/\/schema.org\",\"@graph\":[{\"@type\":[\"WebPage\",\"ItemPage\"],\"@id\":\"https:\/\/joyasyasmin.com\/pt-pt\/producto\/pingente-porta-fotos-de-memoria-prateado\/\",\"url\":\"https:\/\/joyasyasmin.com\/pt-pt\/producto\/pingente-porta-fotos-de-memoria-prateado\/\",\"name\":\"Pingente Porta-Fotos de Mem\u00f3ria Prateado - Yasmin\",\"isPartOf\":{\"@id\":\"https:\/\/joyasyasmin.com\/pt-pt\/#website\"},\"primaryImageOfPage\":{\"@id\":\"https:\/\/joyasyasmin.com\/pt-pt\/producto\/pingente-porta-fotos-de-memoria-prateado\/#primaryimage\"},\"image\":{\"@id\":\"https:\/\/joyasyasmin.com\/pt-pt\/producto\/pingente-porta-fotos-de-memoria-prateado\/#primaryimage\"},\"thumbnailUrl\":\"https:\/\/joyasyasmin.com\/wp-content\/uploads\/2024\/04\/portafoto-corazon-de-plata.jpg\",\"datePublished\":\"2024-04-09T09:38:48+00:00\",\"dateModified\":\"2025-11-10T11:30:50+00:00\",\"description\":\"Pingente Silver Memory Photo Holder Este delicado acess\u00f3rio de prata 925, com um tamanho de 2 cm, \u00e9 uma verdadeira joia que combina eleg\u00e2ncia e estilo.\",\"breadcrumb\":{\"@id\":\"https:\/\/joyasyasmin.com\/pt-pt\/producto\/pingente-porta-fotos-de-memoria-prateado\/#breadcrumb\"},\"inLanguage\":\"pt-PT\",\"potentialAction\":[{\"@type\":\"ReadAction\",\"target\":[\"https:\/\/joyasyasmin.com\/pt-pt\/producto\/pingente-porta-fotos-de-memoria-prateado\/\"]}]},{\"@type\":\"ImageObject\",\"inLanguage\":\"pt-PT\",\"@id\":\"https:\/\/joyasyasmin.com\/pt-pt\/producto\/pingente-porta-fotos-de-memoria-prateado\/#primaryimage\",\"url\":\"https:\/\/joyasyasmin.com\/wp-content\/uploads\/2024\/04\/portafoto-corazon-de-plata.jpg\",\"contentUrl\":\"https:\/\/joyasyasmin.com\/wp-content\/uploads\/2024\/04\/portafoto-corazon-de-plata.jpg\",\"width\":1000,\"height\":1000,\"caption\":\"Pingente de foto pendente de mem\u00f3ria de prata \u00e9 uma joia de prata esterlina 925\"},{\"@type\":\"BreadcrumbList\",\"@id\":\"https:\/\/joyasyasmin.com\/pt-pt\/producto\/pingente-porta-fotos-de-memoria-prateado\/#breadcrumb\",\"itemListElement\":[{\"@type\":\"ListItem\",\"position\":1,\"name\":\"Portada\",\"item\":\"https:\/\/joyasyasmin.com\/pt-pt\/casa\/\"},{\"@type\":\"ListItem\",\"position\":2,\"name\":\"Shop\",\"item\":\"https:\/\/joyasyasmin.com\/pt-pt\/shop\/\"},{\"@type\":\"ListItem\",\"position\":3,\"name\":\"Pingente Porta-Fotos de Mem\u00f3ria Prateado\"}]},{\"@type\":\"WebSite\",\"@id\":\"https:\/\/joyasyasmin.com\/pt-pt\/#website\",\"url\":\"https:\/\/joyasyasmin.com\/pt-pt\/\",\"name\":\"Yasmin\",\"description\":\"Joyer\u00eda de Plata 925 - Pendientes, pulseras, anillos, colgantes y m\u00e1s!\",\"publisher\":{\"@id\":\"https:\/\/joyasyasmin.com\/pt-pt\/#organization\"},\"potentialAction\":[{\"@type\":\"SearchAction\",\"target\":{\"@type\":\"EntryPoint\",\"urlTemplate\":\"https:\/\/joyasyasmin.com\/pt-pt\/?s={search_term_string}\"},\"query-input\":{\"@type\":\"PropertyValueSpecification\",\"valueRequired\":true,\"valueName\":\"search_term_string\"}}],\"inLanguage\":\"pt-PT\"},{\"@type\":\"Organization\",\"@id\":\"https:\/\/joyasyasmin.com\/pt-pt\/#organization\",\"name\":\"joyas yasmin\",\"url\":\"https:\/\/joyasyasmin.com\/pt-pt\/\",\"logo\":{\"@type\":\"ImageObject\",\"inLanguage\":\"pt-PT\",\"@id\":\"https:\/\/joyasyasmin.com\/pt-pt\/#\/schema\/logo\/image\/\",\"url\":\"https:\/\/joyasyasmin.com\/wp-content\/uploads\/2017\/06\/IMG-20200429-WA0051.jpg\",\"contentUrl\":\"https:\/\/joyasyasmin.com\/wp-content\/uploads\/2017\/06\/IMG-20200429-WA0051.jpg\",\"width\":1080,\"height\":545,\"caption\":\"joyas yasmin\"},\"image\":{\"@id\":\"https:\/\/joyasyasmin.com\/pt-pt\/#\/schema\/logo\/image\/\"},\"sameAs\":[\"https:\/\/www.facebook.com\/Joyas-Yasmin-217664058934169\/\",\"https:\/\/www.instagram.com\/invites\/contact\/\"]}]}<\/script>\n<!-- \/ Yoast SEO plugin. -->","yoast_head_json":{"title":"Pingente Porta-Fotos de Mem\u00f3ria Prateado - Yasmin","description":"Pingente Silver Memory Photo Holder Este delicado acess\u00f3rio de prata 925, com um tamanho de 2 cm, \u00e9 uma verdadeira joia que combina eleg\u00e2ncia e estilo.","robots":{"index":"index","follow":"follow","max-snippet":"max-snippet:-1","max-image-preview":"max-image-preview:large","max-video-preview":"max-video-preview:-1"},"canonical":"https:\/\/joyasyasmin.com\/pt-pt\/producto\/pingente-porta-fotos-de-memoria-prateado\/","og_locale":"pt_PT","og_title":"Pingente Porta-Fotos de Mem\u00f3ria Prateado - Yasmin","og_description":"Pingente Silver Memory Photo Holder Este delicado acess\u00f3rio de prata 925, com um tamanho de 2 cm, \u00e9 uma verdadeira joia que combina eleg\u00e2ncia e estilo.","og_url":"https:\/\/joyasyasmin.com\/pt-pt\/producto\/pingente-porta-fotos-de-memoria-prateado\/","og_site_name":"Yasmin","article_publisher":"https:\/\/www.facebook.com\/Joyas-Yasmin-217664058934169\/","article_modified_time":"2025-11-10T11:30:50+00:00","og_image":[{"width":1000,"height":1000,"url":"https:\/\/joyasyasmin.com\/wp-content\/uploads\/2024\/04\/portafoto-corazon-de-plata.jpg","type":"image\/jpeg"}],"twitter_card":"summary_large_image","schema":{"@context":"https:\/\/schema.org","@graph":[{"@type":["WebPage","ItemPage"],"@id":"https:\/\/joyasyasmin.com\/pt-pt\/producto\/pingente-porta-fotos-de-memoria-prateado\/","url":"https:\/\/joyasyasmin.com\/pt-pt\/producto\/pingente-porta-fotos-de-memoria-prateado\/","name":"Pingente Porta-Fotos de Mem\u00f3ria Prateado - Yasmin","isPartOf":{"@id":"https:\/\/joyasyasmin.com\/pt-pt\/#website"},"primaryImageOfPage":{"@id":"https:\/\/joyasyasmin.com\/pt-pt\/producto\/pingente-porta-fotos-de-memoria-prateado\/#primaryimage"},"image":{"@id":"https:\/\/joyasyasmin.com\/pt-pt\/producto\/pingente-porta-fotos-de-memoria-prateado\/#primaryimage"},"thumbnailUrl":"https:\/\/joyasyasmin.com\/wp-content\/uploads\/2024\/04\/portafoto-corazon-de-plata.jpg","datePublished":"2024-04-09T09:38:48+00:00","dateModified":"2025-11-10T11:30:50+00:00","description":"Pingente Silver Memory Photo Holder Este delicado acess\u00f3rio de prata 925, com um tamanho de 2 cm, \u00e9 uma verdadeira joia que combina eleg\u00e2ncia e estilo.","breadcrumb":{"@id":"https:\/\/joyasyasmin.com\/pt-pt\/producto\/pingente-porta-fotos-de-memoria-prateado\/#breadcrumb"},"inLanguage":"pt-PT","potentialAction":[{"@type":"ReadAction","target":["https:\/\/joyasyasmin.com\/pt-pt\/producto\/pingente-porta-fotos-de-memoria-prateado\/"]}]},{"@type":"ImageObject","inLanguage":"pt-PT","@id":"https:\/\/joyasyasmin.com\/pt-pt\/producto\/pingente-porta-fotos-de-memoria-prateado\/#primaryimage","url":"https:\/\/joyasyasmin.com\/wp-content\/uploads\/2024\/04\/portafoto-corazon-de-plata.jpg","contentUrl":"https:\/\/joyasyasmin.com\/wp-content\/uploads\/2024\/04\/portafoto-corazon-de-plata.jpg","width":1000,"height":1000,"caption":"Pingente de foto pendente de mem\u00f3ria de prata \u00e9 uma joia de prata esterlina 925"},{"@type":"BreadcrumbList","@id":"https:\/\/joyasyasmin.com\/pt-pt\/producto\/pingente-porta-fotos-de-memoria-prateado\/#breadcrumb","itemListElement":[{"@type":"ListItem","position":1,"name":"Portada","item":"https:\/\/joyasyasmin.com\/pt-pt\/casa\/"},{"@type":"ListItem","position":2,"name":"Shop","item":"https:\/\/joyasyasmin.com\/pt-pt\/shop\/"},{"@type":"ListItem","position":3,"name":"Pingente Porta-Fotos de Mem\u00f3ria Prateado"}]},{"@type":"WebSite","@id":"https:\/\/joyasyasmin.com\/pt-pt\/#website","url":"https:\/\/joyasyasmin.com\/pt-pt\/","name":"Yasmin","description":"Joyer\u00eda de Plata 925 - Pendientes, pulseras, anillos, colgantes y m\u00e1s!","publisher":{"@id":"https:\/\/joyasyasmin.com\/pt-pt\/#organization"},"potentialAction":[{"@type":"SearchAction","target":{"@type":"EntryPoint","urlTemplate":"https:\/\/joyasyasmin.com\/pt-pt\/?s={search_term_string}"},"query-input":{"@type":"PropertyValueSpecification","valueRequired":true,"valueName":"search_term_string"}}],"inLanguage":"pt-PT"},{"@type":"Organization","@id":"https:\/\/joyasyasmin.com\/pt-pt\/#organization","name":"joyas yasmin","url":"https:\/\/joyasyasmin.com\/pt-pt\/","logo":{"@type":"ImageObject","inLanguage":"pt-PT","@id":"https:\/\/joyasyasmin.com\/pt-pt\/#\/schema\/logo\/image\/","url":"https:\/\/joyasyasmin.com\/wp-content\/uploads\/2017\/06\/IMG-20200429-WA0051.jpg","contentUrl":"https:\/\/joyasyasmin.com\/wp-content\/uploads\/2017\/06\/IMG-20200429-WA0051.jpg","width":1080,"height":545,"caption":"joyas yasmin"},"image":{"@id":"https:\/\/joyasyasmin.com\/pt-pt\/#\/schema\/logo\/image\/"},"sameAs":["https:\/\/www.facebook.com\/Joyas-Yasmin-217664058934169\/","https:\/\/www.instagram.com\/invites\/contact\/"]}]}},"_links":{"self":[{"href":"https:\/\/joyasyasmin.com\/pt-pt\/wp-json\/wp\/v2\/product\/21558","targetHints":{"allow":["GET"]}}],"collection":[{"href":"https:\/\/joyasyasmin.com\/pt-pt\/wp-json\/wp\/v2\/product"}],"about":[{"href":"https:\/\/joyasyasmin.com\/pt-pt\/wp-json\/wp\/v2\/types\/product"}],"replies":[{"embeddable":true,"href":"https:\/\/joyasyasmin.com\/pt-pt\/wp-json\/wp\/v2\/comments?post=21558"}],"version-history":[{"count":1,"href":"https:\/\/joyasyasmin.com\/pt-pt\/wp-json\/wp\/v2\/product\/21558\/revisions"}],"predecessor-version":[{"id":35723,"href":"https:\/\/joyasyasmin.com\/pt-pt\/wp-json\/wp\/v2\/product\/21558\/revisions\/35723"}],"wp:featuredmedia":[{"embeddable":true,"href":"https:\/\/joyasyasmin.com\/pt-pt\/wp-json\/wp\/v2\/media\/21561"}],"wp:attachment":[{"href":"https:\/\/joyasyasmin.com\/pt-pt\/wp-json\/wp\/v2\/media?parent=21558"}],"wp:term":[{"taxonomy":"product_brand","embeddable":true,"href":"https:\/\/joyasyasmin.com\/pt-pt\/wp-json\/wp\/v2\/product_brand?post=21558"},{"taxonomy":"product_cat","embeddable":true,"href":"https:\/\/joyasyasmin.com\/pt-pt\/wp-json\/wp\/v2\/product_cat?post=21558"},{"taxonomy":"product_tag","embeddable":true,"href":"https:\/\/joyasyasmin.com\/pt-pt\/wp-json\/wp\/v2\/product_tag?post=21558"}],"curies":[{"name":"wp","href":"https:\/\/api.w.org\/{rel}","templated":true}]}}