{"id":21624,"date":"2024-04-19T20:29:46","date_gmt":"2024-04-19T20:29:46","guid":{"rendered":"https:\/\/joyasyasmin.com\/producto\/no-da-bruxa-da-pulseira-macrame\/"},"modified":"2026-01-20T09:47:42","modified_gmt":"2026-01-20T09:47:42","slug":"no-da-bruxa-da-pulseira-macrame","status":"publish","type":"product","link":"https:\/\/joyasyasmin.com\/pt-pt\/producto\/no-da-bruxa-da-pulseira-macrame\/","title":{"rendered":"N\u00f3 da Bruxa da Pulseira Macram\u00e9"},"content":{"rendered":"","protected":false},"excerpt":{"rendered":"<p>O n\u00f3 da bruxa, tamb\u00e9m conhecido como n\u00f3 da eternidade, \u00e9 um antigo s\u00edmbolo de prote\u00e7\u00e3o e boa sorte. Diz-se que este n\u00f3 tem o poder de selar o amor eterno e a lealdade. Ao incorporar este n\u00f3 significativo em nossa pulseira, n\u00e3o apenas adicionamos um toque de misticismo, mas tamb\u00e9m carregamos conosco a promessa de prote\u00e7\u00e3o e la\u00e7os duradouros.<\/p>\n<p>Cada detalhe desta pulseira foi cuidadosamente concebido para real\u00e7ar a sua beleza e significado. O n\u00f3 central da bruxa, com um tamanho impressionante de 14 mm, torna-se o ponto focal da pe\u00e7a, atraindo todos os olhos para ela. De cada lado do n\u00f3, cinco bolas de prata esterlina 925 adicionam um brilho sutil e um toque de eleg\u00e2ncia.<\/p>\n","protected":false},"featured_media":21630,"comment_status":"open","ping_status":"closed","template":"","meta":{"_acf_changed":false,"_joinchat":[]},"product_brand":[],"product_cat":[1781],"product_tag":[],"class_list":{"0":"post-21624","1":"product","2":"type-product","3":"status-publish","4":"has-post-thumbnail","6":"product_cat-pulseiras","8":"first","9":"instock","10":"shipping-taxable","11":"purchasable","12":"product-type-simple"},"acf":[],"yoast_head":"<!-- This site is optimized with the Yoast SEO plugin v27.2 - https:\/\/yoast.com\/product\/yoast-seo-wordpress\/ -->\n<title>N\u00f3 da Bruxa da Pulseira Macram\u00e9 - Yasmin<\/title>\n<meta name=\"description\" content=\"A Pulseira de N\u00f3 da Bruxa de Macram\u00e9, tamb\u00e9m conhecida como N\u00f3 da Eternidade, \u00e9 um antigo s\u00edmbolo de prote\u00e7\u00e3o e boa sorte. 925 prata.\" \/>\n<meta name=\"robots\" content=\"index, follow, max-snippet:-1, max-image-preview:large, max-video-preview:-1\" \/>\n<link rel=\"canonical\" href=\"https:\/\/joyasyasmin.com\/pt-pt\/producto\/no-da-bruxa-da-pulseira-macrame\/\" \/>\n<meta property=\"og:locale\" content=\"pt_PT\" \/>\n<meta property=\"og:title\" content=\"N\u00f3 da Bruxa da Pulseira Macram\u00e9 - Yasmin\" \/>\n<meta property=\"og:description\" content=\"A Pulseira de N\u00f3 da Bruxa de Macram\u00e9, tamb\u00e9m conhecida como N\u00f3 da Eternidade, \u00e9 um antigo s\u00edmbolo de prote\u00e7\u00e3o e boa sorte. 925 prata.\" \/>\n<meta property=\"og:url\" content=\"https:\/\/joyasyasmin.com\/pt-pt\/producto\/no-da-bruxa-da-pulseira-macrame\/\" \/>\n<meta property=\"og:site_name\" content=\"Yasmin\" \/>\n<meta property=\"article:publisher\" content=\"https:\/\/www.facebook.com\/Joyas-Yasmin-217664058934169\/\" \/>\n<meta property=\"article:modified_time\" content=\"2026-01-20T09:47:42+00:00\" \/>\n<meta property=\"og:image\" content=\"https:\/\/joyasyasmin.com\/wp-content\/uploads\/2024\/04\/pulsera-macrame-con-nudo-de-bruja-en-plata.jpg\" \/>\n\t<meta property=\"og:image:width\" content=\"1000\" \/>\n\t<meta property=\"og:image:height\" content=\"1000\" \/>\n\t<meta property=\"og:image:type\" content=\"image\/jpeg\" \/>\n<meta name=\"twitter:card\" content=\"summary_large_image\" \/>\n<script type=\"application\/ld+json\" class=\"yoast-schema-graph\">{\"@context\":\"https:\/\/schema.org\",\"@graph\":[{\"@type\":[\"WebPage\",\"ItemPage\"],\"@id\":\"https:\/\/joyasyasmin.com\/pt-pt\/producto\/no-da-bruxa-da-pulseira-macrame\/\",\"url\":\"https:\/\/joyasyasmin.com\/pt-pt\/producto\/no-da-bruxa-da-pulseira-macrame\/\",\"name\":\"N\u00f3 da Bruxa da Pulseira Macram\u00e9 - Yasmin\",\"isPartOf\":{\"@id\":\"https:\/\/joyasyasmin.com\/pt-pt\/#website\"},\"primaryImageOfPage\":{\"@id\":\"https:\/\/joyasyasmin.com\/pt-pt\/producto\/no-da-bruxa-da-pulseira-macrame\/#primaryimage\"},\"image\":{\"@id\":\"https:\/\/joyasyasmin.com\/pt-pt\/producto\/no-da-bruxa-da-pulseira-macrame\/#primaryimage\"},\"thumbnailUrl\":\"https:\/\/joyasyasmin.com\/wp-content\/uploads\/2024\/04\/pulsera-macrame-con-nudo-de-bruja-en-plata.jpg\",\"datePublished\":\"2024-04-19T20:29:46+00:00\",\"dateModified\":\"2026-01-20T09:47:42+00:00\",\"description\":\"A Pulseira de N\u00f3 da Bruxa de Macram\u00e9, tamb\u00e9m conhecida como N\u00f3 da Eternidade, \u00e9 um antigo s\u00edmbolo de prote\u00e7\u00e3o e boa sorte. 925 prata.\",\"breadcrumb\":{\"@id\":\"https:\/\/joyasyasmin.com\/pt-pt\/producto\/no-da-bruxa-da-pulseira-macrame\/#breadcrumb\"},\"inLanguage\":\"pt-PT\",\"potentialAction\":[{\"@type\":\"ReadAction\",\"target\":[\"https:\/\/joyasyasmin.com\/pt-pt\/producto\/no-da-bruxa-da-pulseira-macrame\/\"]}]},{\"@type\":\"ImageObject\",\"inLanguage\":\"pt-PT\",\"@id\":\"https:\/\/joyasyasmin.com\/pt-pt\/producto\/no-da-bruxa-da-pulseira-macrame\/#primaryimage\",\"url\":\"https:\/\/joyasyasmin.com\/wp-content\/uploads\/2024\/04\/pulsera-macrame-con-nudo-de-bruja-en-plata.jpg\",\"contentUrl\":\"https:\/\/joyasyasmin.com\/wp-content\/uploads\/2024\/04\/pulsera-macrame-con-nudo-de-bruja-en-plata.jpg\",\"width\":1000,\"height\":1000,\"caption\":\"Venda 925 Pulseira Macrame Prata Esterlina com N\u00f3 de Bruxa\"},{\"@type\":\"BreadcrumbList\",\"@id\":\"https:\/\/joyasyasmin.com\/pt-pt\/producto\/no-da-bruxa-da-pulseira-macrame\/#breadcrumb\",\"itemListElement\":[{\"@type\":\"ListItem\",\"position\":1,\"name\":\"Portada\",\"item\":\"https:\/\/joyasyasmin.com\/pt-pt\/casa\/\"},{\"@type\":\"ListItem\",\"position\":2,\"name\":\"Shop\",\"item\":\"https:\/\/joyasyasmin.com\/pt-pt\/shop\/\"},{\"@type\":\"ListItem\",\"position\":3,\"name\":\"N\u00f3 da Bruxa da Pulseira Macram\u00e9\"}]},{\"@type\":\"WebSite\",\"@id\":\"https:\/\/joyasyasmin.com\/pt-pt\/#website\",\"url\":\"https:\/\/joyasyasmin.com\/pt-pt\/\",\"name\":\"Yasmin\",\"description\":\"Joyer\u00eda de Plata 925 - Pendientes, pulseras, anillos, colgantes y m\u00e1s!\",\"publisher\":{\"@id\":\"https:\/\/joyasyasmin.com\/pt-pt\/#organization\"},\"potentialAction\":[{\"@type\":\"SearchAction\",\"target\":{\"@type\":\"EntryPoint\",\"urlTemplate\":\"https:\/\/joyasyasmin.com\/pt-pt\/?s={search_term_string}\"},\"query-input\":{\"@type\":\"PropertyValueSpecification\",\"valueRequired\":true,\"valueName\":\"search_term_string\"}}],\"inLanguage\":\"pt-PT\"},{\"@type\":\"Organization\",\"@id\":\"https:\/\/joyasyasmin.com\/pt-pt\/#organization\",\"name\":\"joyas yasmin\",\"url\":\"https:\/\/joyasyasmin.com\/pt-pt\/\",\"logo\":{\"@type\":\"ImageObject\",\"inLanguage\":\"pt-PT\",\"@id\":\"https:\/\/joyasyasmin.com\/pt-pt\/#\/schema\/logo\/image\/\",\"url\":\"https:\/\/joyasyasmin.com\/wp-content\/uploads\/2017\/06\/IMG-20200429-WA0051.jpg\",\"contentUrl\":\"https:\/\/joyasyasmin.com\/wp-content\/uploads\/2017\/06\/IMG-20200429-WA0051.jpg\",\"width\":1080,\"height\":545,\"caption\":\"joyas yasmin\"},\"image\":{\"@id\":\"https:\/\/joyasyasmin.com\/pt-pt\/#\/schema\/logo\/image\/\"},\"sameAs\":[\"https:\/\/www.facebook.com\/Joyas-Yasmin-217664058934169\/\",\"https:\/\/www.instagram.com\/invites\/contact\/\"]}]}<\/script>\n<!-- \/ Yoast SEO plugin. -->","yoast_head_json":{"title":"N\u00f3 da Bruxa da Pulseira Macram\u00e9 - Yasmin","description":"A Pulseira de N\u00f3 da Bruxa de Macram\u00e9, tamb\u00e9m conhecida como N\u00f3 da Eternidade, \u00e9 um antigo s\u00edmbolo de prote\u00e7\u00e3o e boa sorte. 925 prata.","robots":{"index":"index","follow":"follow","max-snippet":"max-snippet:-1","max-image-preview":"max-image-preview:large","max-video-preview":"max-video-preview:-1"},"canonical":"https:\/\/joyasyasmin.com\/pt-pt\/producto\/no-da-bruxa-da-pulseira-macrame\/","og_locale":"pt_PT","og_title":"N\u00f3 da Bruxa da Pulseira Macram\u00e9 - Yasmin","og_description":"A Pulseira de N\u00f3 da Bruxa de Macram\u00e9, tamb\u00e9m conhecida como N\u00f3 da Eternidade, \u00e9 um antigo s\u00edmbolo de prote\u00e7\u00e3o e boa sorte. 925 prata.","og_url":"https:\/\/joyasyasmin.com\/pt-pt\/producto\/no-da-bruxa-da-pulseira-macrame\/","og_site_name":"Yasmin","article_publisher":"https:\/\/www.facebook.com\/Joyas-Yasmin-217664058934169\/","article_modified_time":"2026-01-20T09:47:42+00:00","og_image":[{"width":1000,"height":1000,"url":"https:\/\/joyasyasmin.com\/wp-content\/uploads\/2024\/04\/pulsera-macrame-con-nudo-de-bruja-en-plata.jpg","type":"image\/jpeg"}],"twitter_card":"summary_large_image","schema":{"@context":"https:\/\/schema.org","@graph":[{"@type":["WebPage","ItemPage"],"@id":"https:\/\/joyasyasmin.com\/pt-pt\/producto\/no-da-bruxa-da-pulseira-macrame\/","url":"https:\/\/joyasyasmin.com\/pt-pt\/producto\/no-da-bruxa-da-pulseira-macrame\/","name":"N\u00f3 da Bruxa da Pulseira Macram\u00e9 - Yasmin","isPartOf":{"@id":"https:\/\/joyasyasmin.com\/pt-pt\/#website"},"primaryImageOfPage":{"@id":"https:\/\/joyasyasmin.com\/pt-pt\/producto\/no-da-bruxa-da-pulseira-macrame\/#primaryimage"},"image":{"@id":"https:\/\/joyasyasmin.com\/pt-pt\/producto\/no-da-bruxa-da-pulseira-macrame\/#primaryimage"},"thumbnailUrl":"https:\/\/joyasyasmin.com\/wp-content\/uploads\/2024\/04\/pulsera-macrame-con-nudo-de-bruja-en-plata.jpg","datePublished":"2024-04-19T20:29:46+00:00","dateModified":"2026-01-20T09:47:42+00:00","description":"A Pulseira de N\u00f3 da Bruxa de Macram\u00e9, tamb\u00e9m conhecida como N\u00f3 da Eternidade, \u00e9 um antigo s\u00edmbolo de prote\u00e7\u00e3o e boa sorte. 925 prata.","breadcrumb":{"@id":"https:\/\/joyasyasmin.com\/pt-pt\/producto\/no-da-bruxa-da-pulseira-macrame\/#breadcrumb"},"inLanguage":"pt-PT","potentialAction":[{"@type":"ReadAction","target":["https:\/\/joyasyasmin.com\/pt-pt\/producto\/no-da-bruxa-da-pulseira-macrame\/"]}]},{"@type":"ImageObject","inLanguage":"pt-PT","@id":"https:\/\/joyasyasmin.com\/pt-pt\/producto\/no-da-bruxa-da-pulseira-macrame\/#primaryimage","url":"https:\/\/joyasyasmin.com\/wp-content\/uploads\/2024\/04\/pulsera-macrame-con-nudo-de-bruja-en-plata.jpg","contentUrl":"https:\/\/joyasyasmin.com\/wp-content\/uploads\/2024\/04\/pulsera-macrame-con-nudo-de-bruja-en-plata.jpg","width":1000,"height":1000,"caption":"Venda 925 Pulseira Macrame Prata Esterlina com N\u00f3 de Bruxa"},{"@type":"BreadcrumbList","@id":"https:\/\/joyasyasmin.com\/pt-pt\/producto\/no-da-bruxa-da-pulseira-macrame\/#breadcrumb","itemListElement":[{"@type":"ListItem","position":1,"name":"Portada","item":"https:\/\/joyasyasmin.com\/pt-pt\/casa\/"},{"@type":"ListItem","position":2,"name":"Shop","item":"https:\/\/joyasyasmin.com\/pt-pt\/shop\/"},{"@type":"ListItem","position":3,"name":"N\u00f3 da Bruxa da Pulseira Macram\u00e9"}]},{"@type":"WebSite","@id":"https:\/\/joyasyasmin.com\/pt-pt\/#website","url":"https:\/\/joyasyasmin.com\/pt-pt\/","name":"Yasmin","description":"Joyer\u00eda de Plata 925 - Pendientes, pulseras, anillos, colgantes y m\u00e1s!","publisher":{"@id":"https:\/\/joyasyasmin.com\/pt-pt\/#organization"},"potentialAction":[{"@type":"SearchAction","target":{"@type":"EntryPoint","urlTemplate":"https:\/\/joyasyasmin.com\/pt-pt\/?s={search_term_string}"},"query-input":{"@type":"PropertyValueSpecification","valueRequired":true,"valueName":"search_term_string"}}],"inLanguage":"pt-PT"},{"@type":"Organization","@id":"https:\/\/joyasyasmin.com\/pt-pt\/#organization","name":"joyas yasmin","url":"https:\/\/joyasyasmin.com\/pt-pt\/","logo":{"@type":"ImageObject","inLanguage":"pt-PT","@id":"https:\/\/joyasyasmin.com\/pt-pt\/#\/schema\/logo\/image\/","url":"https:\/\/joyasyasmin.com\/wp-content\/uploads\/2017\/06\/IMG-20200429-WA0051.jpg","contentUrl":"https:\/\/joyasyasmin.com\/wp-content\/uploads\/2017\/06\/IMG-20200429-WA0051.jpg","width":1080,"height":545,"caption":"joyas yasmin"},"image":{"@id":"https:\/\/joyasyasmin.com\/pt-pt\/#\/schema\/logo\/image\/"},"sameAs":["https:\/\/www.facebook.com\/Joyas-Yasmin-217664058934169\/","https:\/\/www.instagram.com\/invites\/contact\/"]}]}},"_links":{"self":[{"href":"https:\/\/joyasyasmin.com\/pt-pt\/wp-json\/wp\/v2\/product\/21624","targetHints":{"allow":["GET"]}}],"collection":[{"href":"https:\/\/joyasyasmin.com\/pt-pt\/wp-json\/wp\/v2\/product"}],"about":[{"href":"https:\/\/joyasyasmin.com\/pt-pt\/wp-json\/wp\/v2\/types\/product"}],"replies":[{"embeddable":true,"href":"https:\/\/joyasyasmin.com\/pt-pt\/wp-json\/wp\/v2\/comments?post=21624"}],"version-history":[{"count":2,"href":"https:\/\/joyasyasmin.com\/pt-pt\/wp-json\/wp\/v2\/product\/21624\/revisions"}],"predecessor-version":[{"id":35732,"href":"https:\/\/joyasyasmin.com\/pt-pt\/wp-json\/wp\/v2\/product\/21624\/revisions\/35732"}],"wp:featuredmedia":[{"embeddable":true,"href":"https:\/\/joyasyasmin.com\/pt-pt\/wp-json\/wp\/v2\/media\/21630"}],"wp:attachment":[{"href":"https:\/\/joyasyasmin.com\/pt-pt\/wp-json\/wp\/v2\/media?parent=21624"}],"wp:term":[{"taxonomy":"product_brand","embeddable":true,"href":"https:\/\/joyasyasmin.com\/pt-pt\/wp-json\/wp\/v2\/product_brand?post=21624"},{"taxonomy":"product_cat","embeddable":true,"href":"https:\/\/joyasyasmin.com\/pt-pt\/wp-json\/wp\/v2\/product_cat?post=21624"},{"taxonomy":"product_tag","embeddable":true,"href":"https:\/\/joyasyasmin.com\/pt-pt\/wp-json\/wp\/v2\/product_tag?post=21624"}],"curies":[{"name":"wp","href":"https:\/\/api.w.org\/{rel}","templated":true}]}}