{"id":21729,"date":"2024-04-27T17:32:25","date_gmt":"2024-04-27T17:32:25","guid":{"rendered":"https:\/\/joyasyasmin.com\/producto\/voce-e-eu-pulseira-infinita\/"},"modified":"2025-09-01T07:43:39","modified_gmt":"2025-09-01T07:43:39","slug":"voce-e-eu-pulseira-infinita","status":"publish","type":"product","link":"https:\/\/joyasyasmin.com\/pt-pt\/producto\/voce-e-eu-pulseira-infinita\/","title":{"rendered":"Voc\u00ea e Eu Pulseira Infinita"},"content":{"rendered":"","protected":false},"excerpt":{"rendered":"<p>A corrente do infinito, com uma largura de 5 mm, \u00e9 composta por uma s\u00e9rie de s\u00edmbolos do infinito que se entrela\u00e7am infinitamente. A estas infinidades juntam-se c\u00edrculos prateados mates, criando uma composi\u00e7\u00e3o visualmente cativante que evoca a ideia de um ciclo sem fim, de eternidade e continuidade. <\/p>\n<p>Com um comprimento de 19 cm, esta pulseira cabe confortavelmente no pulso, enquanto a extens\u00e3o de 3 cm permite que seja facilmente adaptada a diferentes tamanhos. O fecho do mosquet\u00e3o garante um ajuste seguro, proporcionando tranquilidade e confian\u00e7a ao utilizador. <\/p>\n","protected":false},"featured_media":21732,"comment_status":"open","ping_status":"closed","template":"","meta":{"_acf_changed":false,"_joinchat":[]},"product_brand":[],"product_cat":[1781],"product_tag":[],"class_list":{"0":"post-21729","1":"product","2":"type-product","3":"status-publish","4":"has-post-thumbnail","6":"product_cat-pulseiras","8":"first","9":"instock","10":"shipping-taxable","11":"purchasable","12":"product-type-simple"},"acf":[],"yoast_head":"<!-- This site is optimized with the Yoast SEO plugin v27.2 - https:\/\/yoast.com\/product\/yoast-seo-wordpress\/ -->\n<title>Voc\u00ea e Eu Pulseira Infinita - Yasmin<\/title>\n<meta name=\"description\" content=\"A Pulseira do Infinito You and Me \u00e9 uma express\u00e3o sublime de conex\u00e3o e continuidade na vida. Sua elabora\u00e7\u00e3o requintada em prata esterlina 925 Gace que \u00e9 \u00fanica.\" \/>\n<meta name=\"robots\" content=\"index, follow, max-snippet:-1, max-image-preview:large, max-video-preview:-1\" \/>\n<link rel=\"canonical\" href=\"https:\/\/joyasyasmin.com\/pt-pt\/producto\/voce-e-eu-pulseira-infinita\/\" \/>\n<meta property=\"og:locale\" content=\"pt_PT\" \/>\n<meta property=\"og:title\" content=\"Voc\u00ea e Eu Pulseira Infinita - Yasmin\" \/>\n<meta property=\"og:description\" content=\"A Pulseira do Infinito You and Me \u00e9 uma express\u00e3o sublime de conex\u00e3o e continuidade na vida. Sua elabora\u00e7\u00e3o requintada em prata esterlina 925 Gace que \u00e9 \u00fanica.\" \/>\n<meta property=\"og:url\" content=\"https:\/\/joyasyasmin.com\/pt-pt\/producto\/voce-e-eu-pulseira-infinita\/\" \/>\n<meta property=\"og:site_name\" content=\"Yasmin\" \/>\n<meta property=\"article:publisher\" content=\"https:\/\/www.facebook.com\/Joyas-Yasmin-217664058934169\/\" \/>\n<meta property=\"article:modified_time\" content=\"2025-09-01T07:43:39+00:00\" \/>\n<meta property=\"og:image\" content=\"https:\/\/joyasyasmin.com\/wp-content\/uploads\/2024\/04\/pulsera-infinito-tu-y-yo-lisa.jpg\" \/>\n\t<meta property=\"og:image:width\" content=\"1000\" \/>\n\t<meta property=\"og:image:height\" content=\"1000\" \/>\n\t<meta property=\"og:image:type\" content=\"image\/jpeg\" \/>\n<meta name=\"twitter:card\" content=\"summary_large_image\" \/>\n<script type=\"application\/ld+json\" class=\"yoast-schema-graph\">{\"@context\":\"https:\/\/schema.org\",\"@graph\":[{\"@type\":[\"WebPage\",\"ItemPage\"],\"@id\":\"https:\/\/joyasyasmin.com\/pt-pt\/producto\/voce-e-eu-pulseira-infinita\/\",\"url\":\"https:\/\/joyasyasmin.com\/pt-pt\/producto\/voce-e-eu-pulseira-infinita\/\",\"name\":\"Voc\u00ea e Eu Pulseira Infinita - Yasmin\",\"isPartOf\":{\"@id\":\"https:\/\/joyasyasmin.com\/pt-pt\/#website\"},\"primaryImageOfPage\":{\"@id\":\"https:\/\/joyasyasmin.com\/pt-pt\/producto\/voce-e-eu-pulseira-infinita\/#primaryimage\"},\"image\":{\"@id\":\"https:\/\/joyasyasmin.com\/pt-pt\/producto\/voce-e-eu-pulseira-infinita\/#primaryimage\"},\"thumbnailUrl\":\"https:\/\/joyasyasmin.com\/wp-content\/uploads\/2024\/04\/pulsera-infinito-tu-y-yo-lisa.jpg\",\"datePublished\":\"2024-04-27T17:32:25+00:00\",\"dateModified\":\"2025-09-01T07:43:39+00:00\",\"description\":\"A Pulseira do Infinito You and Me \u00e9 uma express\u00e3o sublime de conex\u00e3o e continuidade na vida. Sua elabora\u00e7\u00e3o requintada em prata esterlina 925 Gace que \u00e9 \u00fanica.\",\"breadcrumb\":{\"@id\":\"https:\/\/joyasyasmin.com\/pt-pt\/producto\/voce-e-eu-pulseira-infinita\/#breadcrumb\"},\"inLanguage\":\"pt-PT\",\"potentialAction\":[{\"@type\":\"ReadAction\",\"target\":[\"https:\/\/joyasyasmin.com\/pt-pt\/producto\/voce-e-eu-pulseira-infinita\/\"]}]},{\"@type\":\"ImageObject\",\"inLanguage\":\"pt-PT\",\"@id\":\"https:\/\/joyasyasmin.com\/pt-pt\/producto\/voce-e-eu-pulseira-infinita\/#primaryimage\",\"url\":\"https:\/\/joyasyasmin.com\/wp-content\/uploads\/2024\/04\/pulsera-infinito-tu-y-yo-lisa.jpg\",\"contentUrl\":\"https:\/\/joyasyasmin.com\/wp-content\/uploads\/2024\/04\/pulsera-infinito-tu-y-yo-lisa.jpg\",\"width\":1000,\"height\":1000,\"caption\":\"Venda de 925 caixa infinita de prata esterlina com uma largura de 5mm\"},{\"@type\":\"BreadcrumbList\",\"@id\":\"https:\/\/joyasyasmin.com\/pt-pt\/producto\/voce-e-eu-pulseira-infinita\/#breadcrumb\",\"itemListElement\":[{\"@type\":\"ListItem\",\"position\":1,\"name\":\"Portada\",\"item\":\"https:\/\/joyasyasmin.com\/pt-pt\/casa\/\"},{\"@type\":\"ListItem\",\"position\":2,\"name\":\"Shop\",\"item\":\"https:\/\/joyasyasmin.com\/pt-pt\/shop\/\"},{\"@type\":\"ListItem\",\"position\":3,\"name\":\"Voc\u00ea e Eu Pulseira Infinita\"}]},{\"@type\":\"WebSite\",\"@id\":\"https:\/\/joyasyasmin.com\/pt-pt\/#website\",\"url\":\"https:\/\/joyasyasmin.com\/pt-pt\/\",\"name\":\"Yasmin\",\"description\":\"Joyer\u00eda de Plata 925 - Pendientes, pulseras, anillos, colgantes y m\u00e1s!\",\"publisher\":{\"@id\":\"https:\/\/joyasyasmin.com\/pt-pt\/#organization\"},\"potentialAction\":[{\"@type\":\"SearchAction\",\"target\":{\"@type\":\"EntryPoint\",\"urlTemplate\":\"https:\/\/joyasyasmin.com\/pt-pt\/?s={search_term_string}\"},\"query-input\":{\"@type\":\"PropertyValueSpecification\",\"valueRequired\":true,\"valueName\":\"search_term_string\"}}],\"inLanguage\":\"pt-PT\"},{\"@type\":\"Organization\",\"@id\":\"https:\/\/joyasyasmin.com\/pt-pt\/#organization\",\"name\":\"joyas yasmin\",\"url\":\"https:\/\/joyasyasmin.com\/pt-pt\/\",\"logo\":{\"@type\":\"ImageObject\",\"inLanguage\":\"pt-PT\",\"@id\":\"https:\/\/joyasyasmin.com\/pt-pt\/#\/schema\/logo\/image\/\",\"url\":\"https:\/\/joyasyasmin.com\/wp-content\/uploads\/2017\/06\/IMG-20200429-WA0051.jpg\",\"contentUrl\":\"https:\/\/joyasyasmin.com\/wp-content\/uploads\/2017\/06\/IMG-20200429-WA0051.jpg\",\"width\":1080,\"height\":545,\"caption\":\"joyas yasmin\"},\"image\":{\"@id\":\"https:\/\/joyasyasmin.com\/pt-pt\/#\/schema\/logo\/image\/\"},\"sameAs\":[\"https:\/\/www.facebook.com\/Joyas-Yasmin-217664058934169\/\",\"https:\/\/www.instagram.com\/invites\/contact\/\"]}]}<\/script>\n<!-- \/ Yoast SEO plugin. -->","yoast_head_json":{"title":"Voc\u00ea e Eu Pulseira Infinita - Yasmin","description":"A Pulseira do Infinito You and Me \u00e9 uma express\u00e3o sublime de conex\u00e3o e continuidade na vida. Sua elabora\u00e7\u00e3o requintada em prata esterlina 925 Gace que \u00e9 \u00fanica.","robots":{"index":"index","follow":"follow","max-snippet":"max-snippet:-1","max-image-preview":"max-image-preview:large","max-video-preview":"max-video-preview:-1"},"canonical":"https:\/\/joyasyasmin.com\/pt-pt\/producto\/voce-e-eu-pulseira-infinita\/","og_locale":"pt_PT","og_title":"Voc\u00ea e Eu Pulseira Infinita - Yasmin","og_description":"A Pulseira do Infinito You and Me \u00e9 uma express\u00e3o sublime de conex\u00e3o e continuidade na vida. Sua elabora\u00e7\u00e3o requintada em prata esterlina 925 Gace que \u00e9 \u00fanica.","og_url":"https:\/\/joyasyasmin.com\/pt-pt\/producto\/voce-e-eu-pulseira-infinita\/","og_site_name":"Yasmin","article_publisher":"https:\/\/www.facebook.com\/Joyas-Yasmin-217664058934169\/","article_modified_time":"2025-09-01T07:43:39+00:00","og_image":[{"width":1000,"height":1000,"url":"https:\/\/joyasyasmin.com\/wp-content\/uploads\/2024\/04\/pulsera-infinito-tu-y-yo-lisa.jpg","type":"image\/jpeg"}],"twitter_card":"summary_large_image","schema":{"@context":"https:\/\/schema.org","@graph":[{"@type":["WebPage","ItemPage"],"@id":"https:\/\/joyasyasmin.com\/pt-pt\/producto\/voce-e-eu-pulseira-infinita\/","url":"https:\/\/joyasyasmin.com\/pt-pt\/producto\/voce-e-eu-pulseira-infinita\/","name":"Voc\u00ea e Eu Pulseira Infinita - Yasmin","isPartOf":{"@id":"https:\/\/joyasyasmin.com\/pt-pt\/#website"},"primaryImageOfPage":{"@id":"https:\/\/joyasyasmin.com\/pt-pt\/producto\/voce-e-eu-pulseira-infinita\/#primaryimage"},"image":{"@id":"https:\/\/joyasyasmin.com\/pt-pt\/producto\/voce-e-eu-pulseira-infinita\/#primaryimage"},"thumbnailUrl":"https:\/\/joyasyasmin.com\/wp-content\/uploads\/2024\/04\/pulsera-infinito-tu-y-yo-lisa.jpg","datePublished":"2024-04-27T17:32:25+00:00","dateModified":"2025-09-01T07:43:39+00:00","description":"A Pulseira do Infinito You and Me \u00e9 uma express\u00e3o sublime de conex\u00e3o e continuidade na vida. Sua elabora\u00e7\u00e3o requintada em prata esterlina 925 Gace que \u00e9 \u00fanica.","breadcrumb":{"@id":"https:\/\/joyasyasmin.com\/pt-pt\/producto\/voce-e-eu-pulseira-infinita\/#breadcrumb"},"inLanguage":"pt-PT","potentialAction":[{"@type":"ReadAction","target":["https:\/\/joyasyasmin.com\/pt-pt\/producto\/voce-e-eu-pulseira-infinita\/"]}]},{"@type":"ImageObject","inLanguage":"pt-PT","@id":"https:\/\/joyasyasmin.com\/pt-pt\/producto\/voce-e-eu-pulseira-infinita\/#primaryimage","url":"https:\/\/joyasyasmin.com\/wp-content\/uploads\/2024\/04\/pulsera-infinito-tu-y-yo-lisa.jpg","contentUrl":"https:\/\/joyasyasmin.com\/wp-content\/uploads\/2024\/04\/pulsera-infinito-tu-y-yo-lisa.jpg","width":1000,"height":1000,"caption":"Venda de 925 caixa infinita de prata esterlina com uma largura de 5mm"},{"@type":"BreadcrumbList","@id":"https:\/\/joyasyasmin.com\/pt-pt\/producto\/voce-e-eu-pulseira-infinita\/#breadcrumb","itemListElement":[{"@type":"ListItem","position":1,"name":"Portada","item":"https:\/\/joyasyasmin.com\/pt-pt\/casa\/"},{"@type":"ListItem","position":2,"name":"Shop","item":"https:\/\/joyasyasmin.com\/pt-pt\/shop\/"},{"@type":"ListItem","position":3,"name":"Voc\u00ea e Eu Pulseira Infinita"}]},{"@type":"WebSite","@id":"https:\/\/joyasyasmin.com\/pt-pt\/#website","url":"https:\/\/joyasyasmin.com\/pt-pt\/","name":"Yasmin","description":"Joyer\u00eda de Plata 925 - Pendientes, pulseras, anillos, colgantes y m\u00e1s!","publisher":{"@id":"https:\/\/joyasyasmin.com\/pt-pt\/#organization"},"potentialAction":[{"@type":"SearchAction","target":{"@type":"EntryPoint","urlTemplate":"https:\/\/joyasyasmin.com\/pt-pt\/?s={search_term_string}"},"query-input":{"@type":"PropertyValueSpecification","valueRequired":true,"valueName":"search_term_string"}}],"inLanguage":"pt-PT"},{"@type":"Organization","@id":"https:\/\/joyasyasmin.com\/pt-pt\/#organization","name":"joyas yasmin","url":"https:\/\/joyasyasmin.com\/pt-pt\/","logo":{"@type":"ImageObject","inLanguage":"pt-PT","@id":"https:\/\/joyasyasmin.com\/pt-pt\/#\/schema\/logo\/image\/","url":"https:\/\/joyasyasmin.com\/wp-content\/uploads\/2017\/06\/IMG-20200429-WA0051.jpg","contentUrl":"https:\/\/joyasyasmin.com\/wp-content\/uploads\/2017\/06\/IMG-20200429-WA0051.jpg","width":1080,"height":545,"caption":"joyas yasmin"},"image":{"@id":"https:\/\/joyasyasmin.com\/pt-pt\/#\/schema\/logo\/image\/"},"sameAs":["https:\/\/www.facebook.com\/Joyas-Yasmin-217664058934169\/","https:\/\/www.instagram.com\/invites\/contact\/"]}]}},"_links":{"self":[{"href":"https:\/\/joyasyasmin.com\/pt-pt\/wp-json\/wp\/v2\/product\/21729","targetHints":{"allow":["GET"]}}],"collection":[{"href":"https:\/\/joyasyasmin.com\/pt-pt\/wp-json\/wp\/v2\/product"}],"about":[{"href":"https:\/\/joyasyasmin.com\/pt-pt\/wp-json\/wp\/v2\/types\/product"}],"replies":[{"embeddable":true,"href":"https:\/\/joyasyasmin.com\/pt-pt\/wp-json\/wp\/v2\/comments?post=21729"}],"version-history":[{"count":1,"href":"https:\/\/joyasyasmin.com\/pt-pt\/wp-json\/wp\/v2\/product\/21729\/revisions"}],"predecessor-version":[{"id":34537,"href":"https:\/\/joyasyasmin.com\/pt-pt\/wp-json\/wp\/v2\/product\/21729\/revisions\/34537"}],"wp:featuredmedia":[{"embeddable":true,"href":"https:\/\/joyasyasmin.com\/pt-pt\/wp-json\/wp\/v2\/media\/21732"}],"wp:attachment":[{"href":"https:\/\/joyasyasmin.com\/pt-pt\/wp-json\/wp\/v2\/media?parent=21729"}],"wp:term":[{"taxonomy":"product_brand","embeddable":true,"href":"https:\/\/joyasyasmin.com\/pt-pt\/wp-json\/wp\/v2\/product_brand?post=21729"},{"taxonomy":"product_cat","embeddable":true,"href":"https:\/\/joyasyasmin.com\/pt-pt\/wp-json\/wp\/v2\/product_cat?post=21729"},{"taxonomy":"product_tag","embeddable":true,"href":"https:\/\/joyasyasmin.com\/pt-pt\/wp-json\/wp\/v2\/product_tag?post=21729"}],"curies":[{"name":"wp","href":"https:\/\/api.w.org\/{rel}","templated":true}]}}