{"id":21928,"date":"2024-05-19T20:16:10","date_gmt":"2024-05-19T20:16:10","guid":{"rendered":"https:\/\/joyasyasmin.com\/producto\/gargantilha-de-no-de-bruxa\/"},"modified":"2025-11-10T11:31:06","modified_gmt":"2025-11-10T11:31:06","slug":"gargantilha-de-no-de-bruxa","status":"publish","type":"product","link":"https:\/\/joyasyasmin.com\/pt-pt\/producto\/gargantilha-de-no-de-bruxa\/","title":{"rendered":"Gargantilha de n\u00f3 de bruxa"},"content":{"rendered":"","protected":false},"excerpt":{"rendered":"<p>Descubra a nossa encantadora gargantilha de n\u00f3s de bruxa, uma pe\u00e7a que combina sofistica\u00e7\u00e3o e significado profundo para real\u00e7ar o seu estilo com um toque de magia. Esta gargantilha \u00e9 meticulosamente projetada com uma delicada corrente adornada com pequenas bolas de 2,5 mm de di\u00e2metro, adicionando um brilho sutil ao seu pesco\u00e7o. Com um comprimento de 40 cm mais uma extens\u00e3o de 3 cm, esta joia adapta-se perfeitamente a qualquer decote, proporcionando um conforto e versatilidade inigual\u00e1veis na sua utiliza\u00e7\u00e3o.  <\/p>\n<p>No centro desta gargantilha requintada brilha um n\u00f3 de bruxa de 15 mm, feito de prata esterlina 925, um s\u00edmbolo de prote\u00e7\u00e3o e poder. O n\u00f3 da bruxa, tamb\u00e9m conhecido como n\u00f3 da bruxa, tem suas ra\u00edzes em tradi\u00e7\u00f5es antigas e \u00e9 valorizado por sua capacidade de proteger contra energias negativas e atrair boas vibra\u00e7\u00f5es. Acredita-se que este amuleto guarda segredos ancestrais e sabedoria, tornando-se um item poderoso e significativo que n\u00e3o s\u00f3 adorna, mas tamb\u00e9m protege o usu\u00e1rio.  <\/p>\n","protected":false},"featured_media":21935,"comment_status":"open","ping_status":"closed","template":"","meta":{"_acf_changed":false,"_joinchat":[]},"product_brand":[],"product_cat":[1866],"product_tag":[],"class_list":{"0":"post-21928","1":"product","2":"type-product","3":"status-publish","4":"has-post-thumbnail","6":"product_cat-colares-pt-pt","8":"first","9":"instock","10":"shipping-taxable","11":"purchasable","12":"product-type-simple"},"acf":[],"yoast_head":"<!-- This site is optimized with the Yoast SEO plugin v27.2 - https:\/\/yoast.com\/product\/yoast-seo-wordpress\/ -->\n<title>Gargantilha de n\u00f3 de bruxa - Yasmin<\/title>\n<meta name=\"description\" content=\"A gargantilha do n\u00f3 da bruxa \u00e9 um s\u00edmbolo de prote\u00e7\u00e3o e poder. Proteja-se contra energias negativas e atraia boas vibra\u00e7\u00f5es. 925 prata.\" \/>\n<meta name=\"robots\" content=\"index, follow, max-snippet:-1, max-image-preview:large, max-video-preview:-1\" \/>\n<link rel=\"canonical\" href=\"https:\/\/joyasyasmin.com\/pt-pt\/producto\/gargantilha-de-no-de-bruxa\/\" \/>\n<meta property=\"og:locale\" content=\"pt_PT\" \/>\n<meta property=\"og:title\" content=\"Gargantilha de n\u00f3 de bruxa - Yasmin\" \/>\n<meta property=\"og:description\" content=\"A gargantilha do n\u00f3 da bruxa \u00e9 um s\u00edmbolo de prote\u00e7\u00e3o e poder. Proteja-se contra energias negativas e atraia boas vibra\u00e7\u00f5es. 925 prata.\" \/>\n<meta property=\"og:url\" content=\"https:\/\/joyasyasmin.com\/pt-pt\/producto\/gargantilha-de-no-de-bruxa\/\" \/>\n<meta property=\"og:site_name\" content=\"Yasmin\" \/>\n<meta property=\"article:publisher\" content=\"https:\/\/www.facebook.com\/Joyas-Yasmin-217664058934169\/\" \/>\n<meta property=\"article:modified_time\" content=\"2025-11-10T11:31:06+00:00\" \/>\n<meta property=\"og:image\" content=\"https:\/\/joyasyasmin.com\/wp-content\/uploads\/2024\/05\/gargantilla-nudo-de-bruja.jpg\" \/>\n\t<meta property=\"og:image:width\" content=\"1000\" \/>\n\t<meta property=\"og:image:height\" content=\"1000\" \/>\n\t<meta property=\"og:image:type\" content=\"image\/jpeg\" \/>\n<meta name=\"twitter:card\" content=\"summary_large_image\" \/>\n<script type=\"application\/ld+json\" class=\"yoast-schema-graph\">{\"@context\":\"https:\/\/schema.org\",\"@graph\":[{\"@type\":[\"WebPage\",\"ItemPage\"],\"@id\":\"https:\/\/joyasyasmin.com\/pt-pt\/producto\/gargantilha-de-no-de-bruxa\/\",\"url\":\"https:\/\/joyasyasmin.com\/pt-pt\/producto\/gargantilha-de-no-de-bruxa\/\",\"name\":\"Gargantilha de n\u00f3 de bruxa - Yasmin\",\"isPartOf\":{\"@id\":\"https:\/\/joyasyasmin.com\/pt-pt\/#website\"},\"primaryImageOfPage\":{\"@id\":\"https:\/\/joyasyasmin.com\/pt-pt\/producto\/gargantilha-de-no-de-bruxa\/#primaryimage\"},\"image\":{\"@id\":\"https:\/\/joyasyasmin.com\/pt-pt\/producto\/gargantilha-de-no-de-bruxa\/#primaryimage\"},\"thumbnailUrl\":\"https:\/\/joyasyasmin.com\/wp-content\/uploads\/2024\/05\/gargantilla-nudo-de-bruja.jpg\",\"datePublished\":\"2024-05-19T20:16:10+00:00\",\"dateModified\":\"2025-11-10T11:31:06+00:00\",\"description\":\"A gargantilha do n\u00f3 da bruxa \u00e9 um s\u00edmbolo de prote\u00e7\u00e3o e poder. Proteja-se contra energias negativas e atraia boas vibra\u00e7\u00f5es. 925 prata.\",\"breadcrumb\":{\"@id\":\"https:\/\/joyasyasmin.com\/pt-pt\/producto\/gargantilha-de-no-de-bruxa\/#breadcrumb\"},\"inLanguage\":\"pt-PT\",\"potentialAction\":[{\"@type\":\"ReadAction\",\"target\":[\"https:\/\/joyasyasmin.com\/pt-pt\/producto\/gargantilha-de-no-de-bruxa\/\"]}]},{\"@type\":\"ImageObject\",\"inLanguage\":\"pt-PT\",\"@id\":\"https:\/\/joyasyasmin.com\/pt-pt\/producto\/gargantilha-de-no-de-bruxa\/#primaryimage\",\"url\":\"https:\/\/joyasyasmin.com\/wp-content\/uploads\/2024\/05\/gargantilla-nudo-de-bruja.jpg\",\"contentUrl\":\"https:\/\/joyasyasmin.com\/wp-content\/uploads\/2024\/05\/gargantilla-nudo-de-bruja.jpg\",\"width\":1000,\"height\":1000,\"caption\":\"925 Sterling Silver Witch's Knot Gagantilla Venda\"},{\"@type\":\"BreadcrumbList\",\"@id\":\"https:\/\/joyasyasmin.com\/pt-pt\/producto\/gargantilha-de-no-de-bruxa\/#breadcrumb\",\"itemListElement\":[{\"@type\":\"ListItem\",\"position\":1,\"name\":\"Portada\",\"item\":\"https:\/\/joyasyasmin.com\/pt-pt\/casa\/\"},{\"@type\":\"ListItem\",\"position\":2,\"name\":\"Shop\",\"item\":\"https:\/\/joyasyasmin.com\/pt-pt\/shop\/\"},{\"@type\":\"ListItem\",\"position\":3,\"name\":\"Gargantilha de n\u00f3 de bruxa\"}]},{\"@type\":\"WebSite\",\"@id\":\"https:\/\/joyasyasmin.com\/pt-pt\/#website\",\"url\":\"https:\/\/joyasyasmin.com\/pt-pt\/\",\"name\":\"Yasmin\",\"description\":\"Joyer\u00eda de Plata 925 - Pendientes, pulseras, anillos, colgantes y m\u00e1s!\",\"publisher\":{\"@id\":\"https:\/\/joyasyasmin.com\/pt-pt\/#organization\"},\"potentialAction\":[{\"@type\":\"SearchAction\",\"target\":{\"@type\":\"EntryPoint\",\"urlTemplate\":\"https:\/\/joyasyasmin.com\/pt-pt\/?s={search_term_string}\"},\"query-input\":{\"@type\":\"PropertyValueSpecification\",\"valueRequired\":true,\"valueName\":\"search_term_string\"}}],\"inLanguage\":\"pt-PT\"},{\"@type\":\"Organization\",\"@id\":\"https:\/\/joyasyasmin.com\/pt-pt\/#organization\",\"name\":\"joyas yasmin\",\"url\":\"https:\/\/joyasyasmin.com\/pt-pt\/\",\"logo\":{\"@type\":\"ImageObject\",\"inLanguage\":\"pt-PT\",\"@id\":\"https:\/\/joyasyasmin.com\/pt-pt\/#\/schema\/logo\/image\/\",\"url\":\"https:\/\/joyasyasmin.com\/wp-content\/uploads\/2017\/06\/IMG-20200429-WA0051.jpg\",\"contentUrl\":\"https:\/\/joyasyasmin.com\/wp-content\/uploads\/2017\/06\/IMG-20200429-WA0051.jpg\",\"width\":1080,\"height\":545,\"caption\":\"joyas yasmin\"},\"image\":{\"@id\":\"https:\/\/joyasyasmin.com\/pt-pt\/#\/schema\/logo\/image\/\"},\"sameAs\":[\"https:\/\/www.facebook.com\/Joyas-Yasmin-217664058934169\/\",\"https:\/\/www.instagram.com\/invites\/contact\/\"]}]}<\/script>\n<!-- \/ Yoast SEO plugin. -->","yoast_head_json":{"title":"Gargantilha de n\u00f3 de bruxa - Yasmin","description":"A gargantilha do n\u00f3 da bruxa \u00e9 um s\u00edmbolo de prote\u00e7\u00e3o e poder. Proteja-se contra energias negativas e atraia boas vibra\u00e7\u00f5es. 925 prata.","robots":{"index":"index","follow":"follow","max-snippet":"max-snippet:-1","max-image-preview":"max-image-preview:large","max-video-preview":"max-video-preview:-1"},"canonical":"https:\/\/joyasyasmin.com\/pt-pt\/producto\/gargantilha-de-no-de-bruxa\/","og_locale":"pt_PT","og_title":"Gargantilha de n\u00f3 de bruxa - Yasmin","og_description":"A gargantilha do n\u00f3 da bruxa \u00e9 um s\u00edmbolo de prote\u00e7\u00e3o e poder. Proteja-se contra energias negativas e atraia boas vibra\u00e7\u00f5es. 925 prata.","og_url":"https:\/\/joyasyasmin.com\/pt-pt\/producto\/gargantilha-de-no-de-bruxa\/","og_site_name":"Yasmin","article_publisher":"https:\/\/www.facebook.com\/Joyas-Yasmin-217664058934169\/","article_modified_time":"2025-11-10T11:31:06+00:00","og_image":[{"width":1000,"height":1000,"url":"https:\/\/joyasyasmin.com\/wp-content\/uploads\/2024\/05\/gargantilla-nudo-de-bruja.jpg","type":"image\/jpeg"}],"twitter_card":"summary_large_image","schema":{"@context":"https:\/\/schema.org","@graph":[{"@type":["WebPage","ItemPage"],"@id":"https:\/\/joyasyasmin.com\/pt-pt\/producto\/gargantilha-de-no-de-bruxa\/","url":"https:\/\/joyasyasmin.com\/pt-pt\/producto\/gargantilha-de-no-de-bruxa\/","name":"Gargantilha de n\u00f3 de bruxa - Yasmin","isPartOf":{"@id":"https:\/\/joyasyasmin.com\/pt-pt\/#website"},"primaryImageOfPage":{"@id":"https:\/\/joyasyasmin.com\/pt-pt\/producto\/gargantilha-de-no-de-bruxa\/#primaryimage"},"image":{"@id":"https:\/\/joyasyasmin.com\/pt-pt\/producto\/gargantilha-de-no-de-bruxa\/#primaryimage"},"thumbnailUrl":"https:\/\/joyasyasmin.com\/wp-content\/uploads\/2024\/05\/gargantilla-nudo-de-bruja.jpg","datePublished":"2024-05-19T20:16:10+00:00","dateModified":"2025-11-10T11:31:06+00:00","description":"A gargantilha do n\u00f3 da bruxa \u00e9 um s\u00edmbolo de prote\u00e7\u00e3o e poder. Proteja-se contra energias negativas e atraia boas vibra\u00e7\u00f5es. 925 prata.","breadcrumb":{"@id":"https:\/\/joyasyasmin.com\/pt-pt\/producto\/gargantilha-de-no-de-bruxa\/#breadcrumb"},"inLanguage":"pt-PT","potentialAction":[{"@type":"ReadAction","target":["https:\/\/joyasyasmin.com\/pt-pt\/producto\/gargantilha-de-no-de-bruxa\/"]}]},{"@type":"ImageObject","inLanguage":"pt-PT","@id":"https:\/\/joyasyasmin.com\/pt-pt\/producto\/gargantilha-de-no-de-bruxa\/#primaryimage","url":"https:\/\/joyasyasmin.com\/wp-content\/uploads\/2024\/05\/gargantilla-nudo-de-bruja.jpg","contentUrl":"https:\/\/joyasyasmin.com\/wp-content\/uploads\/2024\/05\/gargantilla-nudo-de-bruja.jpg","width":1000,"height":1000,"caption":"925 Sterling Silver Witch's Knot Gagantilla Venda"},{"@type":"BreadcrumbList","@id":"https:\/\/joyasyasmin.com\/pt-pt\/producto\/gargantilha-de-no-de-bruxa\/#breadcrumb","itemListElement":[{"@type":"ListItem","position":1,"name":"Portada","item":"https:\/\/joyasyasmin.com\/pt-pt\/casa\/"},{"@type":"ListItem","position":2,"name":"Shop","item":"https:\/\/joyasyasmin.com\/pt-pt\/shop\/"},{"@type":"ListItem","position":3,"name":"Gargantilha de n\u00f3 de bruxa"}]},{"@type":"WebSite","@id":"https:\/\/joyasyasmin.com\/pt-pt\/#website","url":"https:\/\/joyasyasmin.com\/pt-pt\/","name":"Yasmin","description":"Joyer\u00eda de Plata 925 - Pendientes, pulseras, anillos, colgantes y m\u00e1s!","publisher":{"@id":"https:\/\/joyasyasmin.com\/pt-pt\/#organization"},"potentialAction":[{"@type":"SearchAction","target":{"@type":"EntryPoint","urlTemplate":"https:\/\/joyasyasmin.com\/pt-pt\/?s={search_term_string}"},"query-input":{"@type":"PropertyValueSpecification","valueRequired":true,"valueName":"search_term_string"}}],"inLanguage":"pt-PT"},{"@type":"Organization","@id":"https:\/\/joyasyasmin.com\/pt-pt\/#organization","name":"joyas yasmin","url":"https:\/\/joyasyasmin.com\/pt-pt\/","logo":{"@type":"ImageObject","inLanguage":"pt-PT","@id":"https:\/\/joyasyasmin.com\/pt-pt\/#\/schema\/logo\/image\/","url":"https:\/\/joyasyasmin.com\/wp-content\/uploads\/2017\/06\/IMG-20200429-WA0051.jpg","contentUrl":"https:\/\/joyasyasmin.com\/wp-content\/uploads\/2017\/06\/IMG-20200429-WA0051.jpg","width":1080,"height":545,"caption":"joyas yasmin"},"image":{"@id":"https:\/\/joyasyasmin.com\/pt-pt\/#\/schema\/logo\/image\/"},"sameAs":["https:\/\/www.facebook.com\/Joyas-Yasmin-217664058934169\/","https:\/\/www.instagram.com\/invites\/contact\/"]}]}},"_links":{"self":[{"href":"https:\/\/joyasyasmin.com\/pt-pt\/wp-json\/wp\/v2\/product\/21928","targetHints":{"allow":["GET"]}}],"collection":[{"href":"https:\/\/joyasyasmin.com\/pt-pt\/wp-json\/wp\/v2\/product"}],"about":[{"href":"https:\/\/joyasyasmin.com\/pt-pt\/wp-json\/wp\/v2\/types\/product"}],"replies":[{"embeddable":true,"href":"https:\/\/joyasyasmin.com\/pt-pt\/wp-json\/wp\/v2\/comments?post=21928"}],"version-history":[{"count":2,"href":"https:\/\/joyasyasmin.com\/pt-pt\/wp-json\/wp\/v2\/product\/21928\/revisions"}],"predecessor-version":[{"id":32451,"href":"https:\/\/joyasyasmin.com\/pt-pt\/wp-json\/wp\/v2\/product\/21928\/revisions\/32451"}],"wp:featuredmedia":[{"embeddable":true,"href":"https:\/\/joyasyasmin.com\/pt-pt\/wp-json\/wp\/v2\/media\/21935"}],"wp:attachment":[{"href":"https:\/\/joyasyasmin.com\/pt-pt\/wp-json\/wp\/v2\/media?parent=21928"}],"wp:term":[{"taxonomy":"product_brand","embeddable":true,"href":"https:\/\/joyasyasmin.com\/pt-pt\/wp-json\/wp\/v2\/product_brand?post=21928"},{"taxonomy":"product_cat","embeddable":true,"href":"https:\/\/joyasyasmin.com\/pt-pt\/wp-json\/wp\/v2\/product_cat?post=21928"},{"taxonomy":"product_tag","embeddable":true,"href":"https:\/\/joyasyasmin.com\/pt-pt\/wp-json\/wp\/v2\/product_tag?post=21928"}],"curies":[{"name":"wp","href":"https:\/\/api.w.org\/{rel}","templated":true}]}}