{"id":22219,"date":"2023-09-02T15:58:40","date_gmt":"2023-09-02T15:58:40","guid":{"rendered":"https:\/\/joyasyasmin.com\/producto\/brinco-de-sol-com-botoes-lisos\/"},"modified":"2023-09-02T15:58:40","modified_gmt":"2023-09-02T15:58:40","slug":"brinco-de-sol-com-botoes-lisos","status":"publish","type":"product","link":"https:\/\/joyasyasmin.com\/pt-pt\/producto\/brinco-de-sol-com-botoes-lisos\/","title":{"rendered":"Brinco de sol com bot\u00f5es lisos"},"content":{"rendered":"","protected":false},"excerpt":{"rendered":"<p>Descubra a beleza radiante do nosso Brinco de Prata Esterlina 925 com design Sun. Este elegante brinco de sol com bot\u00f5es simples apresenta um c\u00edrculo central prateado escuro de 11 mm de di\u00e2metro, rodeado por pequenos bot\u00f5es lisos que criam a ilus\u00e3o de um sol brilhante. Tamb\u00e9m se assemelha ao bot\u00e3o charro da salamanca.  <\/p>\n","protected":false},"featured_media":22224,"comment_status":"open","ping_status":"closed","template":"","meta":{"_acf_changed":false,"_joinchat":[]},"product_brand":[],"product_cat":[1760],"product_tag":[2353,2352,2354],"class_list":{"0":"post-22219","1":"product","2":"type-product","3":"status-publish","4":"has-post-thumbnail","6":"product_cat-brincos-e-brincos","7":"product_tag-brinco-de-prata-liso","8":"product_tag-brinco-de-sol-com-botoes-simples","9":"product_tag-salamanca-charro","11":"first","12":"instock","13":"shipping-taxable","14":"purchasable","15":"product-type-simple"},"acf":[],"yoast_head":"<!-- This site is optimized with the Yoast SEO plugin v27.2 - https:\/\/yoast.com\/product\/yoast-seo-wordpress\/ -->\n<title>Brinco de sol com bot\u00f5es lisos - Yasmin<\/title>\n<meta name=\"description\" content=\"Brinco de Sol com Bot\u00f5es Lisos \u00e9 uma joia de prata esterlina 925, seu design que parece formar um sol \u00e9 original e muito bonito para o seu dia a dia.\" \/>\n<meta name=\"robots\" content=\"index, follow, max-snippet:-1, max-image-preview:large, max-video-preview:-1\" \/>\n<link rel=\"canonical\" href=\"https:\/\/joyasyasmin.com\/pt-pt\/producto\/brinco-de-sol-com-botoes-lisos\/\" \/>\n<meta property=\"og:locale\" content=\"pt_PT\" \/>\n<meta property=\"og:title\" content=\"Brinco de sol com bot\u00f5es lisos - Yasmin\" \/>\n<meta property=\"og:description\" content=\"Brinco de Sol com Bot\u00f5es Lisos \u00e9 uma joia de prata esterlina 925, seu design que parece formar um sol \u00e9 original e muito bonito para o seu dia a dia.\" \/>\n<meta property=\"og:url\" content=\"https:\/\/joyasyasmin.com\/pt-pt\/producto\/brinco-de-sol-com-botoes-lisos\/\" \/>\n<meta property=\"og:site_name\" content=\"Yasmin\" \/>\n<meta property=\"article:publisher\" content=\"https:\/\/www.facebook.com\/Joyas-Yasmin-217664058934169\/\" \/>\n<meta property=\"og:image\" content=\"https:\/\/joyasyasmin.com\/wp-content\/uploads\/2023\/09\/pendiente-boton-charro-salamanca.jpg\" \/>\n\t<meta property=\"og:image:width\" content=\"1000\" \/>\n\t<meta property=\"og:image:height\" content=\"1000\" \/>\n\t<meta property=\"og:image:type\" content=\"image\/jpeg\" \/>\n<meta name=\"twitter:card\" content=\"summary_large_image\" \/>\n<script type=\"application\/ld+json\" class=\"yoast-schema-graph\">{\"@context\":\"https:\/\/schema.org\",\"@graph\":[{\"@type\":[\"WebPage\",\"ItemPage\"],\"@id\":\"https:\/\/joyasyasmin.com\/pt-pt\/producto\/brinco-de-sol-com-botoes-lisos\/\",\"url\":\"https:\/\/joyasyasmin.com\/pt-pt\/producto\/brinco-de-sol-com-botoes-lisos\/\",\"name\":\"Brinco de sol com bot\u00f5es lisos - Yasmin\",\"isPartOf\":{\"@id\":\"https:\/\/joyasyasmin.com\/pt-pt\/#website\"},\"primaryImageOfPage\":{\"@id\":\"https:\/\/joyasyasmin.com\/pt-pt\/producto\/brinco-de-sol-com-botoes-lisos\/#primaryimage\"},\"image\":{\"@id\":\"https:\/\/joyasyasmin.com\/pt-pt\/producto\/brinco-de-sol-com-botoes-lisos\/#primaryimage\"},\"thumbnailUrl\":\"https:\/\/joyasyasmin.com\/wp-content\/uploads\/2023\/09\/pendiente-boton-charro-salamanca.jpg\",\"datePublished\":\"2023-09-02T15:58:40+00:00\",\"description\":\"Brinco de Sol com Bot\u00f5es Lisos \u00e9 uma joia de prata esterlina 925, seu design que parece formar um sol \u00e9 original e muito bonito para o seu dia a dia.\",\"breadcrumb\":{\"@id\":\"https:\/\/joyasyasmin.com\/pt-pt\/producto\/brinco-de-sol-com-botoes-lisos\/#breadcrumb\"},\"inLanguage\":\"pt-PT\",\"potentialAction\":[{\"@type\":\"ReadAction\",\"target\":[\"https:\/\/joyasyasmin.com\/pt-pt\/producto\/brinco-de-sol-com-botoes-lisos\/\"]}]},{\"@type\":\"ImageObject\",\"inLanguage\":\"pt-PT\",\"@id\":\"https:\/\/joyasyasmin.com\/pt-pt\/producto\/brinco-de-sol-com-botoes-lisos\/#primaryimage\",\"url\":\"https:\/\/joyasyasmin.com\/wp-content\/uploads\/2023\/09\/pendiente-boton-charro-salamanca.jpg\",\"contentUrl\":\"https:\/\/joyasyasmin.com\/wp-content\/uploads\/2023\/09\/pendiente-boton-charro-salamanca.jpg\",\"width\":1000,\"height\":1000},{\"@type\":\"BreadcrumbList\",\"@id\":\"https:\/\/joyasyasmin.com\/pt-pt\/producto\/brinco-de-sol-com-botoes-lisos\/#breadcrumb\",\"itemListElement\":[{\"@type\":\"ListItem\",\"position\":1,\"name\":\"Portada\",\"item\":\"https:\/\/joyasyasmin.com\/pt-pt\/casa\/\"},{\"@type\":\"ListItem\",\"position\":2,\"name\":\"Shop\",\"item\":\"https:\/\/joyasyasmin.com\/pt-pt\/shop\/\"},{\"@type\":\"ListItem\",\"position\":3,\"name\":\"Brinco de sol com bot\u00f5es lisos\"}]},{\"@type\":\"WebSite\",\"@id\":\"https:\/\/joyasyasmin.com\/pt-pt\/#website\",\"url\":\"https:\/\/joyasyasmin.com\/pt-pt\/\",\"name\":\"Yasmin\",\"description\":\"Joyer\u00eda de Plata 925 - Pendientes, pulseras, anillos, colgantes y m\u00e1s!\",\"publisher\":{\"@id\":\"https:\/\/joyasyasmin.com\/pt-pt\/#organization\"},\"potentialAction\":[{\"@type\":\"SearchAction\",\"target\":{\"@type\":\"EntryPoint\",\"urlTemplate\":\"https:\/\/joyasyasmin.com\/pt-pt\/?s={search_term_string}\"},\"query-input\":{\"@type\":\"PropertyValueSpecification\",\"valueRequired\":true,\"valueName\":\"search_term_string\"}}],\"inLanguage\":\"pt-PT\"},{\"@type\":\"Organization\",\"@id\":\"https:\/\/joyasyasmin.com\/pt-pt\/#organization\",\"name\":\"joyas yasmin\",\"url\":\"https:\/\/joyasyasmin.com\/pt-pt\/\",\"logo\":{\"@type\":\"ImageObject\",\"inLanguage\":\"pt-PT\",\"@id\":\"https:\/\/joyasyasmin.com\/pt-pt\/#\/schema\/logo\/image\/\",\"url\":\"https:\/\/joyasyasmin.com\/wp-content\/uploads\/2017\/06\/IMG-20200429-WA0051.jpg\",\"contentUrl\":\"https:\/\/joyasyasmin.com\/wp-content\/uploads\/2017\/06\/IMG-20200429-WA0051.jpg\",\"width\":1080,\"height\":545,\"caption\":\"joyas yasmin\"},\"image\":{\"@id\":\"https:\/\/joyasyasmin.com\/pt-pt\/#\/schema\/logo\/image\/\"},\"sameAs\":[\"https:\/\/www.facebook.com\/Joyas-Yasmin-217664058934169\/\",\"https:\/\/www.instagram.com\/invites\/contact\/\"]}]}<\/script>\n<!-- \/ Yoast SEO plugin. -->","yoast_head_json":{"title":"Brinco de sol com bot\u00f5es lisos - Yasmin","description":"Brinco de Sol com Bot\u00f5es Lisos \u00e9 uma joia de prata esterlina 925, seu design que parece formar um sol \u00e9 original e muito bonito para o seu dia a dia.","robots":{"index":"index","follow":"follow","max-snippet":"max-snippet:-1","max-image-preview":"max-image-preview:large","max-video-preview":"max-video-preview:-1"},"canonical":"https:\/\/joyasyasmin.com\/pt-pt\/producto\/brinco-de-sol-com-botoes-lisos\/","og_locale":"pt_PT","og_title":"Brinco de sol com bot\u00f5es lisos - Yasmin","og_description":"Brinco de Sol com Bot\u00f5es Lisos \u00e9 uma joia de prata esterlina 925, seu design que parece formar um sol \u00e9 original e muito bonito para o seu dia a dia.","og_url":"https:\/\/joyasyasmin.com\/pt-pt\/producto\/brinco-de-sol-com-botoes-lisos\/","og_site_name":"Yasmin","article_publisher":"https:\/\/www.facebook.com\/Joyas-Yasmin-217664058934169\/","og_image":[{"width":1000,"height":1000,"url":"https:\/\/joyasyasmin.com\/wp-content\/uploads\/2023\/09\/pendiente-boton-charro-salamanca.jpg","type":"image\/jpeg"}],"twitter_card":"summary_large_image","schema":{"@context":"https:\/\/schema.org","@graph":[{"@type":["WebPage","ItemPage"],"@id":"https:\/\/joyasyasmin.com\/pt-pt\/producto\/brinco-de-sol-com-botoes-lisos\/","url":"https:\/\/joyasyasmin.com\/pt-pt\/producto\/brinco-de-sol-com-botoes-lisos\/","name":"Brinco de sol com bot\u00f5es lisos - Yasmin","isPartOf":{"@id":"https:\/\/joyasyasmin.com\/pt-pt\/#website"},"primaryImageOfPage":{"@id":"https:\/\/joyasyasmin.com\/pt-pt\/producto\/brinco-de-sol-com-botoes-lisos\/#primaryimage"},"image":{"@id":"https:\/\/joyasyasmin.com\/pt-pt\/producto\/brinco-de-sol-com-botoes-lisos\/#primaryimage"},"thumbnailUrl":"https:\/\/joyasyasmin.com\/wp-content\/uploads\/2023\/09\/pendiente-boton-charro-salamanca.jpg","datePublished":"2023-09-02T15:58:40+00:00","description":"Brinco de Sol com Bot\u00f5es Lisos \u00e9 uma joia de prata esterlina 925, seu design que parece formar um sol \u00e9 original e muito bonito para o seu dia a dia.","breadcrumb":{"@id":"https:\/\/joyasyasmin.com\/pt-pt\/producto\/brinco-de-sol-com-botoes-lisos\/#breadcrumb"},"inLanguage":"pt-PT","potentialAction":[{"@type":"ReadAction","target":["https:\/\/joyasyasmin.com\/pt-pt\/producto\/brinco-de-sol-com-botoes-lisos\/"]}]},{"@type":"ImageObject","inLanguage":"pt-PT","@id":"https:\/\/joyasyasmin.com\/pt-pt\/producto\/brinco-de-sol-com-botoes-lisos\/#primaryimage","url":"https:\/\/joyasyasmin.com\/wp-content\/uploads\/2023\/09\/pendiente-boton-charro-salamanca.jpg","contentUrl":"https:\/\/joyasyasmin.com\/wp-content\/uploads\/2023\/09\/pendiente-boton-charro-salamanca.jpg","width":1000,"height":1000},{"@type":"BreadcrumbList","@id":"https:\/\/joyasyasmin.com\/pt-pt\/producto\/brinco-de-sol-com-botoes-lisos\/#breadcrumb","itemListElement":[{"@type":"ListItem","position":1,"name":"Portada","item":"https:\/\/joyasyasmin.com\/pt-pt\/casa\/"},{"@type":"ListItem","position":2,"name":"Shop","item":"https:\/\/joyasyasmin.com\/pt-pt\/shop\/"},{"@type":"ListItem","position":3,"name":"Brinco de sol com bot\u00f5es lisos"}]},{"@type":"WebSite","@id":"https:\/\/joyasyasmin.com\/pt-pt\/#website","url":"https:\/\/joyasyasmin.com\/pt-pt\/","name":"Yasmin","description":"Joyer\u00eda de Plata 925 - Pendientes, pulseras, anillos, colgantes y m\u00e1s!","publisher":{"@id":"https:\/\/joyasyasmin.com\/pt-pt\/#organization"},"potentialAction":[{"@type":"SearchAction","target":{"@type":"EntryPoint","urlTemplate":"https:\/\/joyasyasmin.com\/pt-pt\/?s={search_term_string}"},"query-input":{"@type":"PropertyValueSpecification","valueRequired":true,"valueName":"search_term_string"}}],"inLanguage":"pt-PT"},{"@type":"Organization","@id":"https:\/\/joyasyasmin.com\/pt-pt\/#organization","name":"joyas yasmin","url":"https:\/\/joyasyasmin.com\/pt-pt\/","logo":{"@type":"ImageObject","inLanguage":"pt-PT","@id":"https:\/\/joyasyasmin.com\/pt-pt\/#\/schema\/logo\/image\/","url":"https:\/\/joyasyasmin.com\/wp-content\/uploads\/2017\/06\/IMG-20200429-WA0051.jpg","contentUrl":"https:\/\/joyasyasmin.com\/wp-content\/uploads\/2017\/06\/IMG-20200429-WA0051.jpg","width":1080,"height":545,"caption":"joyas yasmin"},"image":{"@id":"https:\/\/joyasyasmin.com\/pt-pt\/#\/schema\/logo\/image\/"},"sameAs":["https:\/\/www.facebook.com\/Joyas-Yasmin-217664058934169\/","https:\/\/www.instagram.com\/invites\/contact\/"]}]}},"_links":{"self":[{"href":"https:\/\/joyasyasmin.com\/pt-pt\/wp-json\/wp\/v2\/product\/22219","targetHints":{"allow":["GET"]}}],"collection":[{"href":"https:\/\/joyasyasmin.com\/pt-pt\/wp-json\/wp\/v2\/product"}],"about":[{"href":"https:\/\/joyasyasmin.com\/pt-pt\/wp-json\/wp\/v2\/types\/product"}],"replies":[{"embeddable":true,"href":"https:\/\/joyasyasmin.com\/pt-pt\/wp-json\/wp\/v2\/comments?post=22219"}],"version-history":[{"count":0,"href":"https:\/\/joyasyasmin.com\/pt-pt\/wp-json\/wp\/v2\/product\/22219\/revisions"}],"wp:featuredmedia":[{"embeddable":true,"href":"https:\/\/joyasyasmin.com\/pt-pt\/wp-json\/wp\/v2\/media\/22224"}],"wp:attachment":[{"href":"https:\/\/joyasyasmin.com\/pt-pt\/wp-json\/wp\/v2\/media?parent=22219"}],"wp:term":[{"taxonomy":"product_brand","embeddable":true,"href":"https:\/\/joyasyasmin.com\/pt-pt\/wp-json\/wp\/v2\/product_brand?post=22219"},{"taxonomy":"product_cat","embeddable":true,"href":"https:\/\/joyasyasmin.com\/pt-pt\/wp-json\/wp\/v2\/product_cat?post=22219"},{"taxonomy":"product_tag","embeddable":true,"href":"https:\/\/joyasyasmin.com\/pt-pt\/wp-json\/wp\/v2\/product_tag?post=22219"}],"curies":[{"name":"wp","href":"https:\/\/api.w.org\/{rel}","templated":true}]}}