{"id":22414,"date":"2023-09-17T10:32:24","date_gmt":"2023-09-17T10:32:24","guid":{"rendered":"https:\/\/joyasyasmin.com\/producto\/mao-de-fatima-pingente\/"},"modified":"2023-09-17T10:32:24","modified_gmt":"2023-09-17T10:32:24","slug":"mao-de-fatima-pingente","status":"publish","type":"product","link":"https:\/\/joyasyasmin.com\/pt-pt\/producto\/mao-de-fatima-pingente\/","title":{"rendered":"M\u00e3o de F\u00e1tima Pingente"},"content":{"rendered":"","protected":false},"excerpt":{"rendered":"<p>Descubra a magia e a prote\u00e7\u00e3o da M\u00e3o de F\u00e1tima com o nosso elegante Pingente de Prata Esterlina 925! Este pendente de 2,5 cm de altura e 18 mm de largura \u00e9 uma obra-prima do artesanato, projetado para refletir a ess\u00eancia da cultura e da beleza em uma joia que nunca sai de moda. <\/p>\n","protected":false},"featured_media":22417,"comment_status":"open","ping_status":"closed","template":"","meta":{"_acf_changed":false,"_joinchat":[]},"product_brand":[],"product_cat":[1872],"product_tag":[2439,2438],"class_list":{"0":"post-22414","1":"product","2":"type-product","3":"status-publish","4":"has-post-thumbnail","6":"product_cat-pingentes","7":"product_tag-mao-de-fatima-pingente-em-prata-esterlina-925","8":"product_tag-pingente-de-protecao-prateado","10":"first","11":"instock","12":"shipping-taxable","13":"purchasable","14":"product-type-variable"},"acf":[],"yoast_head":"<!-- This site is optimized with the Yoast SEO plugin v27.3 - https:\/\/yoast.com\/product\/yoast-seo-wordpress\/ -->\n<title>M\u00e3o de F\u00e1tima Pingente - Yasmin<\/title>\n<meta name=\"description\" content=\"M\u00e3o de F\u00e1tima Pingente em Prata Esterlina 925 \u00e9 uma joia que o acompanhar\u00e1 na sua prote\u00e7\u00e3o e estilo, escolha-a sozinha ou com uma corrente. Ele vai proteg\u00ea-lo!\" \/>\n<meta name=\"robots\" content=\"index, follow, max-snippet:-1, max-image-preview:large, max-video-preview:-1\" \/>\n<link rel=\"canonical\" href=\"https:\/\/joyasyasmin.com\/pt-pt\/producto\/mao-de-fatima-pingente\/\" \/>\n<meta property=\"og:locale\" content=\"pt_PT\" \/>\n<meta property=\"og:title\" content=\"M\u00e3o de F\u00e1tima Pingente - Yasmin\" \/>\n<meta property=\"og:description\" content=\"M\u00e3o de F\u00e1tima Pingente em Prata Esterlina 925 \u00e9 uma joia que o acompanhar\u00e1 na sua prote\u00e7\u00e3o e estilo, escolha-a sozinha ou com uma corrente. Ele vai proteg\u00ea-lo!\" \/>\n<meta property=\"og:url\" content=\"https:\/\/joyasyasmin.com\/pt-pt\/producto\/mao-de-fatima-pingente\/\" \/>\n<meta property=\"og:site_name\" content=\"Yasmin\" \/>\n<meta property=\"article:publisher\" content=\"https:\/\/www.facebook.com\/Joyas-Yasmin-217664058934169\/\" \/>\n<meta property=\"og:image\" content=\"https:\/\/joyasyasmin.com\/wp-content\/uploads\/2023\/09\/colgante-mano-de-fatima-de-plata.jpg\" \/>\n\t<meta property=\"og:image:width\" content=\"1000\" \/>\n\t<meta property=\"og:image:height\" content=\"1000\" \/>\n\t<meta property=\"og:image:type\" content=\"image\/jpeg\" \/>\n<meta name=\"twitter:card\" content=\"summary_large_image\" \/>\n<script type=\"application\/ld+json\" class=\"yoast-schema-graph\">{\"@context\":\"https:\\\/\\\/schema.org\",\"@graph\":[{\"@type\":[\"WebPage\",\"ItemPage\"],\"@id\":\"https:\\\/\\\/joyasyasmin.com\\\/pt-pt\\\/producto\\\/mao-de-fatima-pingente\\\/\",\"url\":\"https:\\\/\\\/joyasyasmin.com\\\/pt-pt\\\/producto\\\/mao-de-fatima-pingente\\\/\",\"name\":\"M\u00e3o de F\u00e1tima Pingente - Yasmin\",\"isPartOf\":{\"@id\":\"https:\\\/\\\/joyasyasmin.com\\\/pt-pt\\\/#website\"},\"primaryImageOfPage\":{\"@id\":\"https:\\\/\\\/joyasyasmin.com\\\/pt-pt\\\/producto\\\/mao-de-fatima-pingente\\\/#primaryimage\"},\"image\":{\"@id\":\"https:\\\/\\\/joyasyasmin.com\\\/pt-pt\\\/producto\\\/mao-de-fatima-pingente\\\/#primaryimage\"},\"thumbnailUrl\":\"https:\\\/\\\/joyasyasmin.com\\\/wp-content\\\/uploads\\\/2023\\\/09\\\/colgante-mano-de-fatima-de-plata.jpg\",\"datePublished\":\"2023-09-17T10:32:24+00:00\",\"description\":\"M\u00e3o de F\u00e1tima Pingente em Prata Esterlina 925 \u00e9 uma joia que o acompanhar\u00e1 na sua prote\u00e7\u00e3o e estilo, escolha-a sozinha ou com uma corrente. Ele vai proteg\u00ea-lo!\",\"breadcrumb\":{\"@id\":\"https:\\\/\\\/joyasyasmin.com\\\/pt-pt\\\/producto\\\/mao-de-fatima-pingente\\\/#breadcrumb\"},\"inLanguage\":\"pt-PT\",\"potentialAction\":[{\"@type\":\"ReadAction\",\"target\":[\"https:\\\/\\\/joyasyasmin.com\\\/pt-pt\\\/producto\\\/mao-de-fatima-pingente\\\/\"]}]},{\"@type\":\"ImageObject\",\"inLanguage\":\"pt-PT\",\"@id\":\"https:\\\/\\\/joyasyasmin.com\\\/pt-pt\\\/producto\\\/mao-de-fatima-pingente\\\/#primaryimage\",\"url\":\"https:\\\/\\\/joyasyasmin.com\\\/wp-content\\\/uploads\\\/2023\\\/09\\\/colgante-mano-de-fatima-de-plata.jpg\",\"contentUrl\":\"https:\\\/\\\/joyasyasmin.com\\\/wp-content\\\/uploads\\\/2023\\\/09\\\/colgante-mano-de-fatima-de-plata.jpg\",\"width\":1000,\"height\":1000},{\"@type\":\"BreadcrumbList\",\"@id\":\"https:\\\/\\\/joyasyasmin.com\\\/pt-pt\\\/producto\\\/mao-de-fatima-pingente\\\/#breadcrumb\",\"itemListElement\":[{\"@type\":\"ListItem\",\"position\":1,\"name\":\"Portada\",\"item\":\"https:\\\/\\\/joyasyasmin.com\\\/pt-pt\\\/casa\\\/\"},{\"@type\":\"ListItem\",\"position\":2,\"name\":\"Shop\",\"item\":\"https:\\\/\\\/joyasyasmin.com\\\/pt-pt\\\/shop\\\/\"},{\"@type\":\"ListItem\",\"position\":3,\"name\":\"M\u00e3o de F\u00e1tima Pingente\"}]},{\"@type\":\"WebSite\",\"@id\":\"https:\\\/\\\/joyasyasmin.com\\\/pt-pt\\\/#website\",\"url\":\"https:\\\/\\\/joyasyasmin.com\\\/pt-pt\\\/\",\"name\":\"Yasmin\",\"description\":\"Joyer\u00eda de Plata 925 - Pendientes, pulseras, anillos, colgantes y m\u00e1s!\",\"publisher\":{\"@id\":\"https:\\\/\\\/joyasyasmin.com\\\/pt-pt\\\/#organization\"},\"potentialAction\":[{\"@type\":\"SearchAction\",\"target\":{\"@type\":\"EntryPoint\",\"urlTemplate\":\"https:\\\/\\\/joyasyasmin.com\\\/pt-pt\\\/?s={search_term_string}\"},\"query-input\":{\"@type\":\"PropertyValueSpecification\",\"valueRequired\":true,\"valueName\":\"search_term_string\"}}],\"inLanguage\":\"pt-PT\"},{\"@type\":\"Organization\",\"@id\":\"https:\\\/\\\/joyasyasmin.com\\\/pt-pt\\\/#organization\",\"name\":\"joyas yasmin\",\"url\":\"https:\\\/\\\/joyasyasmin.com\\\/pt-pt\\\/\",\"logo\":{\"@type\":\"ImageObject\",\"inLanguage\":\"pt-PT\",\"@id\":\"https:\\\/\\\/joyasyasmin.com\\\/pt-pt\\\/#\\\/schema\\\/logo\\\/image\\\/\",\"url\":\"https:\\\/\\\/joyasyasmin.com\\\/wp-content\\\/uploads\\\/2017\\\/06\\\/IMG-20200429-WA0051.jpg\",\"contentUrl\":\"https:\\\/\\\/joyasyasmin.com\\\/wp-content\\\/uploads\\\/2017\\\/06\\\/IMG-20200429-WA0051.jpg\",\"width\":1080,\"height\":545,\"caption\":\"joyas yasmin\"},\"image\":{\"@id\":\"https:\\\/\\\/joyasyasmin.com\\\/pt-pt\\\/#\\\/schema\\\/logo\\\/image\\\/\"},\"sameAs\":[\"https:\\\/\\\/www.facebook.com\\\/Joyas-Yasmin-217664058934169\\\/\",\"https:\\\/\\\/www.instagram.com\\\/invites\\\/contact\\\/\"]}]}<\/script>\n<!-- \/ Yoast SEO plugin. -->","yoast_head_json":{"title":"M\u00e3o de F\u00e1tima Pingente - Yasmin","description":"M\u00e3o de F\u00e1tima Pingente em Prata Esterlina 925 \u00e9 uma joia que o acompanhar\u00e1 na sua prote\u00e7\u00e3o e estilo, escolha-a sozinha ou com uma corrente. Ele vai proteg\u00ea-lo!","robots":{"index":"index","follow":"follow","max-snippet":"max-snippet:-1","max-image-preview":"max-image-preview:large","max-video-preview":"max-video-preview:-1"},"canonical":"https:\/\/joyasyasmin.com\/pt-pt\/producto\/mao-de-fatima-pingente\/","og_locale":"pt_PT","og_title":"M\u00e3o de F\u00e1tima Pingente - Yasmin","og_description":"M\u00e3o de F\u00e1tima Pingente em Prata Esterlina 925 \u00e9 uma joia que o acompanhar\u00e1 na sua prote\u00e7\u00e3o e estilo, escolha-a sozinha ou com uma corrente. Ele vai proteg\u00ea-lo!","og_url":"https:\/\/joyasyasmin.com\/pt-pt\/producto\/mao-de-fatima-pingente\/","og_site_name":"Yasmin","article_publisher":"https:\/\/www.facebook.com\/Joyas-Yasmin-217664058934169\/","og_image":[{"width":1000,"height":1000,"url":"https:\/\/joyasyasmin.com\/wp-content\/uploads\/2023\/09\/colgante-mano-de-fatima-de-plata.jpg","type":"image\/jpeg"}],"twitter_card":"summary_large_image","schema":{"@context":"https:\/\/schema.org","@graph":[{"@type":["WebPage","ItemPage"],"@id":"https:\/\/joyasyasmin.com\/pt-pt\/producto\/mao-de-fatima-pingente\/","url":"https:\/\/joyasyasmin.com\/pt-pt\/producto\/mao-de-fatima-pingente\/","name":"M\u00e3o de F\u00e1tima Pingente - Yasmin","isPartOf":{"@id":"https:\/\/joyasyasmin.com\/pt-pt\/#website"},"primaryImageOfPage":{"@id":"https:\/\/joyasyasmin.com\/pt-pt\/producto\/mao-de-fatima-pingente\/#primaryimage"},"image":{"@id":"https:\/\/joyasyasmin.com\/pt-pt\/producto\/mao-de-fatima-pingente\/#primaryimage"},"thumbnailUrl":"https:\/\/joyasyasmin.com\/wp-content\/uploads\/2023\/09\/colgante-mano-de-fatima-de-plata.jpg","datePublished":"2023-09-17T10:32:24+00:00","description":"M\u00e3o de F\u00e1tima Pingente em Prata Esterlina 925 \u00e9 uma joia que o acompanhar\u00e1 na sua prote\u00e7\u00e3o e estilo, escolha-a sozinha ou com uma corrente. Ele vai proteg\u00ea-lo!","breadcrumb":{"@id":"https:\/\/joyasyasmin.com\/pt-pt\/producto\/mao-de-fatima-pingente\/#breadcrumb"},"inLanguage":"pt-PT","potentialAction":[{"@type":"ReadAction","target":["https:\/\/joyasyasmin.com\/pt-pt\/producto\/mao-de-fatima-pingente\/"]}]},{"@type":"ImageObject","inLanguage":"pt-PT","@id":"https:\/\/joyasyasmin.com\/pt-pt\/producto\/mao-de-fatima-pingente\/#primaryimage","url":"https:\/\/joyasyasmin.com\/wp-content\/uploads\/2023\/09\/colgante-mano-de-fatima-de-plata.jpg","contentUrl":"https:\/\/joyasyasmin.com\/wp-content\/uploads\/2023\/09\/colgante-mano-de-fatima-de-plata.jpg","width":1000,"height":1000},{"@type":"BreadcrumbList","@id":"https:\/\/joyasyasmin.com\/pt-pt\/producto\/mao-de-fatima-pingente\/#breadcrumb","itemListElement":[{"@type":"ListItem","position":1,"name":"Portada","item":"https:\/\/joyasyasmin.com\/pt-pt\/casa\/"},{"@type":"ListItem","position":2,"name":"Shop","item":"https:\/\/joyasyasmin.com\/pt-pt\/shop\/"},{"@type":"ListItem","position":3,"name":"M\u00e3o de F\u00e1tima Pingente"}]},{"@type":"WebSite","@id":"https:\/\/joyasyasmin.com\/pt-pt\/#website","url":"https:\/\/joyasyasmin.com\/pt-pt\/","name":"Yasmin","description":"Joyer\u00eda de Plata 925 - Pendientes, pulseras, anillos, colgantes y m\u00e1s!","publisher":{"@id":"https:\/\/joyasyasmin.com\/pt-pt\/#organization"},"potentialAction":[{"@type":"SearchAction","target":{"@type":"EntryPoint","urlTemplate":"https:\/\/joyasyasmin.com\/pt-pt\/?s={search_term_string}"},"query-input":{"@type":"PropertyValueSpecification","valueRequired":true,"valueName":"search_term_string"}}],"inLanguage":"pt-PT"},{"@type":"Organization","@id":"https:\/\/joyasyasmin.com\/pt-pt\/#organization","name":"joyas yasmin","url":"https:\/\/joyasyasmin.com\/pt-pt\/","logo":{"@type":"ImageObject","inLanguage":"pt-PT","@id":"https:\/\/joyasyasmin.com\/pt-pt\/#\/schema\/logo\/image\/","url":"https:\/\/joyasyasmin.com\/wp-content\/uploads\/2017\/06\/IMG-20200429-WA0051.jpg","contentUrl":"https:\/\/joyasyasmin.com\/wp-content\/uploads\/2017\/06\/IMG-20200429-WA0051.jpg","width":1080,"height":545,"caption":"joyas yasmin"},"image":{"@id":"https:\/\/joyasyasmin.com\/pt-pt\/#\/schema\/logo\/image\/"},"sameAs":["https:\/\/www.facebook.com\/Joyas-Yasmin-217664058934169\/","https:\/\/www.instagram.com\/invites\/contact\/"]}]}},"_links":{"self":[{"href":"https:\/\/joyasyasmin.com\/pt-pt\/wp-json\/wp\/v2\/product\/22414","targetHints":{"allow":["GET"]}}],"collection":[{"href":"https:\/\/joyasyasmin.com\/pt-pt\/wp-json\/wp\/v2\/product"}],"about":[{"href":"https:\/\/joyasyasmin.com\/pt-pt\/wp-json\/wp\/v2\/types\/product"}],"replies":[{"embeddable":true,"href":"https:\/\/joyasyasmin.com\/pt-pt\/wp-json\/wp\/v2\/comments?post=22414"}],"version-history":[{"count":0,"href":"https:\/\/joyasyasmin.com\/pt-pt\/wp-json\/wp\/v2\/product\/22414\/revisions"}],"wp:featuredmedia":[{"embeddable":true,"href":"https:\/\/joyasyasmin.com\/pt-pt\/wp-json\/wp\/v2\/media\/22417"}],"wp:attachment":[{"href":"https:\/\/joyasyasmin.com\/pt-pt\/wp-json\/wp\/v2\/media?parent=22414"}],"wp:term":[{"taxonomy":"product_brand","embeddable":true,"href":"https:\/\/joyasyasmin.com\/pt-pt\/wp-json\/wp\/v2\/product_brand?post=22414"},{"taxonomy":"product_cat","embeddable":true,"href":"https:\/\/joyasyasmin.com\/pt-pt\/wp-json\/wp\/v2\/product_cat?post=22414"},{"taxonomy":"product_tag","embeddable":true,"href":"https:\/\/joyasyasmin.com\/pt-pt\/wp-json\/wp\/v2\/product_tag?post=22414"}],"curies":[{"name":"wp","href":"https:\/\/api.w.org\/{rel}","templated":true}]}}