{"id":22713,"date":"2023-10-05T19:39:50","date_gmt":"2023-10-05T19:39:50","guid":{"rendered":"https:\/\/joyasyasmin.com\/producto\/pulseira-silhueta-virgen-del-rocio\/"},"modified":"2025-05-13T11:07:27","modified_gmt":"2025-05-13T11:07:27","slug":"pulseira-silhueta-virgen-del-rocio","status":"publish","type":"product","link":"https:\/\/joyasyasmin.com\/pt-pt\/producto\/pulseira-silhueta-virgen-del-rocio\/","title":{"rendered":"Pulseira Silhueta Virgen del Roc\u00edo"},"content":{"rendered":"","protected":false},"excerpt":{"rendered":"<p>A pulseira \u00e9 trabalhada a partir de uma fina corrente de esfera de 2 mm feita de prata esterlina 925, que brilha com um brilho celestial. O seu comprimento de 17 cm mais uma extens\u00e3o de 3 cm permite um ajuste confort\u00e1vel para diferentes tamanhos de pulso. Cada elo da corrente \u00e9 habilmente costurado para criar um design dur\u00e1vel e bonito que se encaixa perfeitamente para qualquer ocasi\u00e3o.  <\/p>\n","protected":false},"featured_media":22717,"comment_status":"open","ping_status":"closed","template":"","meta":{"_acf_changed":false,"_joinchat":[]},"product_brand":[],"product_cat":[1781],"product_tag":[2534,2532,1937],"class_list":{"0":"post-22713","1":"product","2":"type-product","3":"status-publish","4":"has-post-thumbnail","6":"product_cat-pulseiras","7":"product_tag-pulseira-da-virgem-de-el-rocio","8":"product_tag-pulseira-de-silhueta-virgen-del-rocio","9":"product_tag-pulseiras-de-prata","11":"first","12":"instock","13":"shipping-taxable","14":"purchasable","15":"product-type-simple"},"acf":[],"yoast_head":"<!-- This site is optimized with the Yoast SEO plugin v27.2 - https:\/\/yoast.com\/product\/yoast-seo-wordpress\/ -->\n<title>Pulseira Silhueta Virgen del Roc\u00edo - Yasmin<\/title>\n<meta name=\"description\" content=\"Silhouette Bracelet Virgen del Roc\u00edo \u00e9 uma bela joia que representa uma express\u00e3o de f\u00e9 e estilo, fundindo devo\u00e7\u00e3o e eleg\u00e2ncia em uma pe\u00e7a \u00fanica.\" \/>\n<meta name=\"robots\" content=\"index, follow, max-snippet:-1, max-image-preview:large, max-video-preview:-1\" \/>\n<link rel=\"canonical\" href=\"https:\/\/joyasyasmin.com\/pt-pt\/producto\/pulseira-silhueta-virgen-del-rocio\/\" \/>\n<meta property=\"og:locale\" content=\"pt_PT\" \/>\n<meta property=\"og:title\" content=\"Pulseira Silhueta Virgen del Roc\u00edo - Yasmin\" \/>\n<meta property=\"og:description\" content=\"Silhouette Bracelet Virgen del Roc\u00edo \u00e9 uma bela joia que representa uma express\u00e3o de f\u00e9 e estilo, fundindo devo\u00e7\u00e3o e eleg\u00e2ncia em uma pe\u00e7a \u00fanica.\" \/>\n<meta property=\"og:url\" content=\"https:\/\/joyasyasmin.com\/pt-pt\/producto\/pulseira-silhueta-virgen-del-rocio\/\" \/>\n<meta property=\"og:site_name\" content=\"Yasmin\" \/>\n<meta property=\"article:publisher\" content=\"https:\/\/www.facebook.com\/Joyas-Yasmin-217664058934169\/\" \/>\n<meta property=\"article:modified_time\" content=\"2025-05-13T11:07:27+00:00\" \/>\n<meta property=\"og:image\" content=\"https:\/\/joyasyasmin.com\/wp-content\/uploads\/2023\/10\/pulsera-virgen-del-rosio-con-bolitas.jpg\" \/>\n\t<meta property=\"og:image:width\" content=\"1000\" \/>\n\t<meta property=\"og:image:height\" content=\"1000\" \/>\n\t<meta property=\"og:image:type\" content=\"image\/jpeg\" \/>\n<meta name=\"twitter:card\" content=\"summary_large_image\" \/>\n<script type=\"application\/ld+json\" class=\"yoast-schema-graph\">{\"@context\":\"https:\/\/schema.org\",\"@graph\":[{\"@type\":[\"WebPage\",\"ItemPage\"],\"@id\":\"https:\/\/joyasyasmin.com\/pt-pt\/producto\/pulseira-silhueta-virgen-del-rocio\/\",\"url\":\"https:\/\/joyasyasmin.com\/pt-pt\/producto\/pulseira-silhueta-virgen-del-rocio\/\",\"name\":\"Pulseira Silhueta Virgen del Roc\u00edo - Yasmin\",\"isPartOf\":{\"@id\":\"https:\/\/joyasyasmin.com\/pt-pt\/#website\"},\"primaryImageOfPage\":{\"@id\":\"https:\/\/joyasyasmin.com\/pt-pt\/producto\/pulseira-silhueta-virgen-del-rocio\/#primaryimage\"},\"image\":{\"@id\":\"https:\/\/joyasyasmin.com\/pt-pt\/producto\/pulseira-silhueta-virgen-del-rocio\/#primaryimage\"},\"thumbnailUrl\":\"https:\/\/joyasyasmin.com\/wp-content\/uploads\/2023\/10\/pulsera-virgen-del-rosio-con-bolitas.jpg\",\"datePublished\":\"2023-10-05T19:39:50+00:00\",\"dateModified\":\"2025-05-13T11:07:27+00:00\",\"description\":\"Silhouette Bracelet Virgen del Roc\u00edo \u00e9 uma bela joia que representa uma express\u00e3o de f\u00e9 e estilo, fundindo devo\u00e7\u00e3o e eleg\u00e2ncia em uma pe\u00e7a \u00fanica.\",\"breadcrumb\":{\"@id\":\"https:\/\/joyasyasmin.com\/pt-pt\/producto\/pulseira-silhueta-virgen-del-rocio\/#breadcrumb\"},\"inLanguage\":\"pt-PT\",\"potentialAction\":[{\"@type\":\"ReadAction\",\"target\":[\"https:\/\/joyasyasmin.com\/pt-pt\/producto\/pulseira-silhueta-virgen-del-rocio\/\"]}]},{\"@type\":\"ImageObject\",\"inLanguage\":\"pt-PT\",\"@id\":\"https:\/\/joyasyasmin.com\/pt-pt\/producto\/pulseira-silhueta-virgen-del-rocio\/#primaryimage\",\"url\":\"https:\/\/joyasyasmin.com\/wp-content\/uploads\/2023\/10\/pulsera-virgen-del-rosio-con-bolitas.jpg\",\"contentUrl\":\"https:\/\/joyasyasmin.com\/wp-content\/uploads\/2023\/10\/pulsera-virgen-del-rosio-con-bolitas.jpg\",\"width\":1000,\"height\":1000,\"caption\":\"Venda de pulseira silhueta Virgen del Rocio com 925 bolas de prata esterlina\"},{\"@type\":\"BreadcrumbList\",\"@id\":\"https:\/\/joyasyasmin.com\/pt-pt\/producto\/pulseira-silhueta-virgen-del-rocio\/#breadcrumb\",\"itemListElement\":[{\"@type\":\"ListItem\",\"position\":1,\"name\":\"Portada\",\"item\":\"https:\/\/joyasyasmin.com\/pt-pt\/casa\/\"},{\"@type\":\"ListItem\",\"position\":2,\"name\":\"Shop\",\"item\":\"https:\/\/joyasyasmin.com\/pt-pt\/shop\/\"},{\"@type\":\"ListItem\",\"position\":3,\"name\":\"Pulseira Silhueta Virgen del Roc\u00edo\"}]},{\"@type\":\"WebSite\",\"@id\":\"https:\/\/joyasyasmin.com\/pt-pt\/#website\",\"url\":\"https:\/\/joyasyasmin.com\/pt-pt\/\",\"name\":\"Yasmin\",\"description\":\"Joyer\u00eda de Plata 925 - Pendientes, pulseras, anillos, colgantes y m\u00e1s!\",\"publisher\":{\"@id\":\"https:\/\/joyasyasmin.com\/pt-pt\/#organization\"},\"potentialAction\":[{\"@type\":\"SearchAction\",\"target\":{\"@type\":\"EntryPoint\",\"urlTemplate\":\"https:\/\/joyasyasmin.com\/pt-pt\/?s={search_term_string}\"},\"query-input\":{\"@type\":\"PropertyValueSpecification\",\"valueRequired\":true,\"valueName\":\"search_term_string\"}}],\"inLanguage\":\"pt-PT\"},{\"@type\":\"Organization\",\"@id\":\"https:\/\/joyasyasmin.com\/pt-pt\/#organization\",\"name\":\"joyas yasmin\",\"url\":\"https:\/\/joyasyasmin.com\/pt-pt\/\",\"logo\":{\"@type\":\"ImageObject\",\"inLanguage\":\"pt-PT\",\"@id\":\"https:\/\/joyasyasmin.com\/pt-pt\/#\/schema\/logo\/image\/\",\"url\":\"https:\/\/joyasyasmin.com\/wp-content\/uploads\/2017\/06\/IMG-20200429-WA0051.jpg\",\"contentUrl\":\"https:\/\/joyasyasmin.com\/wp-content\/uploads\/2017\/06\/IMG-20200429-WA0051.jpg\",\"width\":1080,\"height\":545,\"caption\":\"joyas yasmin\"},\"image\":{\"@id\":\"https:\/\/joyasyasmin.com\/pt-pt\/#\/schema\/logo\/image\/\"},\"sameAs\":[\"https:\/\/www.facebook.com\/Joyas-Yasmin-217664058934169\/\",\"https:\/\/www.instagram.com\/invites\/contact\/\"]}]}<\/script>\n<!-- \/ Yoast SEO plugin. -->","yoast_head_json":{"title":"Pulseira Silhueta Virgen del Roc\u00edo - Yasmin","description":"Silhouette Bracelet Virgen del Roc\u00edo \u00e9 uma bela joia que representa uma express\u00e3o de f\u00e9 e estilo, fundindo devo\u00e7\u00e3o e eleg\u00e2ncia em uma pe\u00e7a \u00fanica.","robots":{"index":"index","follow":"follow","max-snippet":"max-snippet:-1","max-image-preview":"max-image-preview:large","max-video-preview":"max-video-preview:-1"},"canonical":"https:\/\/joyasyasmin.com\/pt-pt\/producto\/pulseira-silhueta-virgen-del-rocio\/","og_locale":"pt_PT","og_title":"Pulseira Silhueta Virgen del Roc\u00edo - Yasmin","og_description":"Silhouette Bracelet Virgen del Roc\u00edo \u00e9 uma bela joia que representa uma express\u00e3o de f\u00e9 e estilo, fundindo devo\u00e7\u00e3o e eleg\u00e2ncia em uma pe\u00e7a \u00fanica.","og_url":"https:\/\/joyasyasmin.com\/pt-pt\/producto\/pulseira-silhueta-virgen-del-rocio\/","og_site_name":"Yasmin","article_publisher":"https:\/\/www.facebook.com\/Joyas-Yasmin-217664058934169\/","article_modified_time":"2025-05-13T11:07:27+00:00","og_image":[{"width":1000,"height":1000,"url":"https:\/\/joyasyasmin.com\/wp-content\/uploads\/2023\/10\/pulsera-virgen-del-rosio-con-bolitas.jpg","type":"image\/jpeg"}],"twitter_card":"summary_large_image","schema":{"@context":"https:\/\/schema.org","@graph":[{"@type":["WebPage","ItemPage"],"@id":"https:\/\/joyasyasmin.com\/pt-pt\/producto\/pulseira-silhueta-virgen-del-rocio\/","url":"https:\/\/joyasyasmin.com\/pt-pt\/producto\/pulseira-silhueta-virgen-del-rocio\/","name":"Pulseira Silhueta Virgen del Roc\u00edo - Yasmin","isPartOf":{"@id":"https:\/\/joyasyasmin.com\/pt-pt\/#website"},"primaryImageOfPage":{"@id":"https:\/\/joyasyasmin.com\/pt-pt\/producto\/pulseira-silhueta-virgen-del-rocio\/#primaryimage"},"image":{"@id":"https:\/\/joyasyasmin.com\/pt-pt\/producto\/pulseira-silhueta-virgen-del-rocio\/#primaryimage"},"thumbnailUrl":"https:\/\/joyasyasmin.com\/wp-content\/uploads\/2023\/10\/pulsera-virgen-del-rosio-con-bolitas.jpg","datePublished":"2023-10-05T19:39:50+00:00","dateModified":"2025-05-13T11:07:27+00:00","description":"Silhouette Bracelet Virgen del Roc\u00edo \u00e9 uma bela joia que representa uma express\u00e3o de f\u00e9 e estilo, fundindo devo\u00e7\u00e3o e eleg\u00e2ncia em uma pe\u00e7a \u00fanica.","breadcrumb":{"@id":"https:\/\/joyasyasmin.com\/pt-pt\/producto\/pulseira-silhueta-virgen-del-rocio\/#breadcrumb"},"inLanguage":"pt-PT","potentialAction":[{"@type":"ReadAction","target":["https:\/\/joyasyasmin.com\/pt-pt\/producto\/pulseira-silhueta-virgen-del-rocio\/"]}]},{"@type":"ImageObject","inLanguage":"pt-PT","@id":"https:\/\/joyasyasmin.com\/pt-pt\/producto\/pulseira-silhueta-virgen-del-rocio\/#primaryimage","url":"https:\/\/joyasyasmin.com\/wp-content\/uploads\/2023\/10\/pulsera-virgen-del-rosio-con-bolitas.jpg","contentUrl":"https:\/\/joyasyasmin.com\/wp-content\/uploads\/2023\/10\/pulsera-virgen-del-rosio-con-bolitas.jpg","width":1000,"height":1000,"caption":"Venda de pulseira silhueta Virgen del Rocio com 925 bolas de prata esterlina"},{"@type":"BreadcrumbList","@id":"https:\/\/joyasyasmin.com\/pt-pt\/producto\/pulseira-silhueta-virgen-del-rocio\/#breadcrumb","itemListElement":[{"@type":"ListItem","position":1,"name":"Portada","item":"https:\/\/joyasyasmin.com\/pt-pt\/casa\/"},{"@type":"ListItem","position":2,"name":"Shop","item":"https:\/\/joyasyasmin.com\/pt-pt\/shop\/"},{"@type":"ListItem","position":3,"name":"Pulseira Silhueta Virgen del Roc\u00edo"}]},{"@type":"WebSite","@id":"https:\/\/joyasyasmin.com\/pt-pt\/#website","url":"https:\/\/joyasyasmin.com\/pt-pt\/","name":"Yasmin","description":"Joyer\u00eda de Plata 925 - Pendientes, pulseras, anillos, colgantes y m\u00e1s!","publisher":{"@id":"https:\/\/joyasyasmin.com\/pt-pt\/#organization"},"potentialAction":[{"@type":"SearchAction","target":{"@type":"EntryPoint","urlTemplate":"https:\/\/joyasyasmin.com\/pt-pt\/?s={search_term_string}"},"query-input":{"@type":"PropertyValueSpecification","valueRequired":true,"valueName":"search_term_string"}}],"inLanguage":"pt-PT"},{"@type":"Organization","@id":"https:\/\/joyasyasmin.com\/pt-pt\/#organization","name":"joyas yasmin","url":"https:\/\/joyasyasmin.com\/pt-pt\/","logo":{"@type":"ImageObject","inLanguage":"pt-PT","@id":"https:\/\/joyasyasmin.com\/pt-pt\/#\/schema\/logo\/image\/","url":"https:\/\/joyasyasmin.com\/wp-content\/uploads\/2017\/06\/IMG-20200429-WA0051.jpg","contentUrl":"https:\/\/joyasyasmin.com\/wp-content\/uploads\/2017\/06\/IMG-20200429-WA0051.jpg","width":1080,"height":545,"caption":"joyas yasmin"},"image":{"@id":"https:\/\/joyasyasmin.com\/pt-pt\/#\/schema\/logo\/image\/"},"sameAs":["https:\/\/www.facebook.com\/Joyas-Yasmin-217664058934169\/","https:\/\/www.instagram.com\/invites\/contact\/"]}]}},"_links":{"self":[{"href":"https:\/\/joyasyasmin.com\/pt-pt\/wp-json\/wp\/v2\/product\/22713","targetHints":{"allow":["GET"]}}],"collection":[{"href":"https:\/\/joyasyasmin.com\/pt-pt\/wp-json\/wp\/v2\/product"}],"about":[{"href":"https:\/\/joyasyasmin.com\/pt-pt\/wp-json\/wp\/v2\/types\/product"}],"replies":[{"embeddable":true,"href":"https:\/\/joyasyasmin.com\/pt-pt\/wp-json\/wp\/v2\/comments?post=22713"}],"version-history":[{"count":1,"href":"https:\/\/joyasyasmin.com\/pt-pt\/wp-json\/wp\/v2\/product\/22713\/revisions"}],"predecessor-version":[{"id":29533,"href":"https:\/\/joyasyasmin.com\/pt-pt\/wp-json\/wp\/v2\/product\/22713\/revisions\/29533"}],"wp:featuredmedia":[{"embeddable":true,"href":"https:\/\/joyasyasmin.com\/pt-pt\/wp-json\/wp\/v2\/media\/22717"}],"wp:attachment":[{"href":"https:\/\/joyasyasmin.com\/pt-pt\/wp-json\/wp\/v2\/media?parent=22713"}],"wp:term":[{"taxonomy":"product_brand","embeddable":true,"href":"https:\/\/joyasyasmin.com\/pt-pt\/wp-json\/wp\/v2\/product_brand?post=22713"},{"taxonomy":"product_cat","embeddable":true,"href":"https:\/\/joyasyasmin.com\/pt-pt\/wp-json\/wp\/v2\/product_cat?post=22713"},{"taxonomy":"product_tag","embeddable":true,"href":"https:\/\/joyasyasmin.com\/pt-pt\/wp-json\/wp\/v2\/product_tag?post=22713"}],"curies":[{"name":"wp","href":"https:\/\/api.w.org\/{rel}","templated":true}]}}