{"id":23950,"date":"2023-04-09T14:08:26","date_gmt":"2023-04-09T14:08:26","guid":{"rendered":"https:\/\/joyasyasmin.com\/producto\/veronica-brinco-de-pedra-de-cor-longa\/"},"modified":"2025-11-10T11:46:14","modified_gmt":"2025-11-10T11:46:14","slug":"veronica-brinco-de-pedra-de-cor-longa","status":"publish","type":"product","link":"https:\/\/joyasyasmin.com\/pt-pt\/producto\/veronica-brinco-de-pedra-de-cor-longa\/","title":{"rendered":"Veronica Brinco de pedra de cor longa"},"content":{"rendered":"","protected":false},"excerpt":{"rendered":"<p>Veronica Long Color Stone Earring \u00e9 uma joia de prata esterlina 925 seu design de um zirc\u00e3o redondo (5mm) do qual pende uma barra (4cm de comprimento) com zirc\u00f4nia redonda de cinco cores diferentes, seu fechamento de porca snap \u00e9 f\u00e1cil de colocar, este design \u00e9 ideal para us\u00e1-lo com o cabelo para cima ou para baixo; A caixa em que as nossas joias v\u00e3o \u00e9 feita de cart\u00e3o reciclado contribuindo para o meio ambiente.<\/p>\n","protected":false},"featured_media":23951,"comment_status":"open","ping_status":"closed","template":"","meta":{"_acf_changed":false,"_joinchat":[]},"product_brand":[],"product_cat":[1760],"product_tag":[2142,2162,3112],"class_list":{"0":"post-23950","1":"product","2":"type-product","3":"status-publish","4":"has-post-thumbnail","6":"product_cat-brincos-e-brincos","7":"product_tag-brincos-longos-de-prata","8":"product_tag-o-que-ha-de-novo-em-2023","9":"product_tag-veronica-brinco-de-pedra-de-cor-longa","11":"first","12":"instock","13":"shipping-taxable","14":"purchasable","15":"product-type-simple"},"acf":[],"yoast_head":"<!-- This site is optimized with the Yoast SEO plugin v27.2 - https:\/\/yoast.com\/product\/yoast-seo-wordpress\/ -->\n<title>Veronica Brinco de pedra de cor longa - Yasmin<\/title>\n<meta name=\"description\" content=\"Veronica Long Color Stone Earring \u00e9 feito de prata esterlina 925, seu comprimento de 4cm e suas pedras de cor diferente ser\u00e3o suas aliadas perfeitas para seus looks.\" \/>\n<meta name=\"robots\" content=\"index, follow, max-snippet:-1, max-image-preview:large, max-video-preview:-1\" \/>\n<link rel=\"canonical\" href=\"https:\/\/joyasyasmin.com\/pt-pt\/producto\/veronica-brinco-de-pedra-de-cor-longa\/\" \/>\n<meta property=\"og:locale\" content=\"pt_PT\" \/>\n<meta property=\"og:title\" content=\"Veronica Brinco de pedra de cor longa - Yasmin\" \/>\n<meta property=\"og:description\" content=\"Veronica Long Color Stone Earring \u00e9 feito de prata esterlina 925, seu comprimento de 4cm e suas pedras de cor diferente ser\u00e3o suas aliadas perfeitas para seus looks.\" \/>\n<meta property=\"og:url\" content=\"https:\/\/joyasyasmin.com\/pt-pt\/producto\/veronica-brinco-de-pedra-de-cor-longa\/\" \/>\n<meta property=\"og:site_name\" content=\"Yasmin\" \/>\n<meta property=\"article:publisher\" content=\"https:\/\/www.facebook.com\/Joyas-Yasmin-217664058934169\/\" \/>\n<meta property=\"article:modified_time\" content=\"2025-11-10T11:46:14+00:00\" \/>\n<meta property=\"og:image\" content=\"https:\/\/joyasyasmin.com\/wp-content\/uploads\/2023\/04\/pendiente-veronica-color.jpg\" \/>\n\t<meta property=\"og:image:width\" content=\"1000\" \/>\n\t<meta property=\"og:image:height\" content=\"1000\" \/>\n\t<meta property=\"og:image:type\" content=\"image\/jpeg\" \/>\n<meta name=\"twitter:card\" content=\"summary_large_image\" \/>\n<script type=\"application\/ld+json\" class=\"yoast-schema-graph\">{\"@context\":\"https:\/\/schema.org\",\"@graph\":[{\"@type\":[\"WebPage\",\"ItemPage\"],\"@id\":\"https:\/\/joyasyasmin.com\/pt-pt\/producto\/veronica-brinco-de-pedra-de-cor-longa\/\",\"url\":\"https:\/\/joyasyasmin.com\/pt-pt\/producto\/veronica-brinco-de-pedra-de-cor-longa\/\",\"name\":\"Veronica Brinco de pedra de cor longa - Yasmin\",\"isPartOf\":{\"@id\":\"https:\/\/joyasyasmin.com\/pt-pt\/#website\"},\"primaryImageOfPage\":{\"@id\":\"https:\/\/joyasyasmin.com\/pt-pt\/producto\/veronica-brinco-de-pedra-de-cor-longa\/#primaryimage\"},\"image\":{\"@id\":\"https:\/\/joyasyasmin.com\/pt-pt\/producto\/veronica-brinco-de-pedra-de-cor-longa\/#primaryimage\"},\"thumbnailUrl\":\"https:\/\/joyasyasmin.com\/wp-content\/uploads\/2023\/04\/pendiente-veronica-color.jpg\",\"datePublished\":\"2023-04-09T14:08:26+00:00\",\"dateModified\":\"2025-11-10T11:46:14+00:00\",\"description\":\"Veronica Long Color Stone Earring \u00e9 feito de prata esterlina 925, seu comprimento de 4cm e suas pedras de cor diferente ser\u00e3o suas aliadas perfeitas para seus looks.\",\"breadcrumb\":{\"@id\":\"https:\/\/joyasyasmin.com\/pt-pt\/producto\/veronica-brinco-de-pedra-de-cor-longa\/#breadcrumb\"},\"inLanguage\":\"pt-PT\",\"potentialAction\":[{\"@type\":\"ReadAction\",\"target\":[\"https:\/\/joyasyasmin.com\/pt-pt\/producto\/veronica-brinco-de-pedra-de-cor-longa\/\"]}]},{\"@type\":\"ImageObject\",\"inLanguage\":\"pt-PT\",\"@id\":\"https:\/\/joyasyasmin.com\/pt-pt\/producto\/veronica-brinco-de-pedra-de-cor-longa\/#primaryimage\",\"url\":\"https:\/\/joyasyasmin.com\/wp-content\/uploads\/2023\/04\/pendiente-veronica-color.jpg\",\"contentUrl\":\"https:\/\/joyasyasmin.com\/wp-content\/uploads\/2023\/04\/pendiente-veronica-color.jpg\",\"width\":1000,\"height\":1000,\"caption\":\"venda de brinco Veronica cor de prata esterlina 925, seu comprimento de 4cm\"},{\"@type\":\"BreadcrumbList\",\"@id\":\"https:\/\/joyasyasmin.com\/pt-pt\/producto\/veronica-brinco-de-pedra-de-cor-longa\/#breadcrumb\",\"itemListElement\":[{\"@type\":\"ListItem\",\"position\":1,\"name\":\"Portada\",\"item\":\"https:\/\/joyasyasmin.com\/pt-pt\/casa\/\"},{\"@type\":\"ListItem\",\"position\":2,\"name\":\"Shop\",\"item\":\"https:\/\/joyasyasmin.com\/pt-pt\/shop\/\"},{\"@type\":\"ListItem\",\"position\":3,\"name\":\"Veronica Brinco de pedra de cor longa\"}]},{\"@type\":\"WebSite\",\"@id\":\"https:\/\/joyasyasmin.com\/pt-pt\/#website\",\"url\":\"https:\/\/joyasyasmin.com\/pt-pt\/\",\"name\":\"Yasmin\",\"description\":\"Joyer\u00eda de Plata 925 - Pendientes, pulseras, anillos, colgantes y m\u00e1s!\",\"publisher\":{\"@id\":\"https:\/\/joyasyasmin.com\/pt-pt\/#organization\"},\"potentialAction\":[{\"@type\":\"SearchAction\",\"target\":{\"@type\":\"EntryPoint\",\"urlTemplate\":\"https:\/\/joyasyasmin.com\/pt-pt\/?s={search_term_string}\"},\"query-input\":{\"@type\":\"PropertyValueSpecification\",\"valueRequired\":true,\"valueName\":\"search_term_string\"}}],\"inLanguage\":\"pt-PT\"},{\"@type\":\"Organization\",\"@id\":\"https:\/\/joyasyasmin.com\/pt-pt\/#organization\",\"name\":\"joyas yasmin\",\"url\":\"https:\/\/joyasyasmin.com\/pt-pt\/\",\"logo\":{\"@type\":\"ImageObject\",\"inLanguage\":\"pt-PT\",\"@id\":\"https:\/\/joyasyasmin.com\/pt-pt\/#\/schema\/logo\/image\/\",\"url\":\"https:\/\/joyasyasmin.com\/wp-content\/uploads\/2017\/06\/IMG-20200429-WA0051.jpg\",\"contentUrl\":\"https:\/\/joyasyasmin.com\/wp-content\/uploads\/2017\/06\/IMG-20200429-WA0051.jpg\",\"width\":1080,\"height\":545,\"caption\":\"joyas yasmin\"},\"image\":{\"@id\":\"https:\/\/joyasyasmin.com\/pt-pt\/#\/schema\/logo\/image\/\"},\"sameAs\":[\"https:\/\/www.facebook.com\/Joyas-Yasmin-217664058934169\/\",\"https:\/\/www.instagram.com\/invites\/contact\/\"]}]}<\/script>\n<!-- \/ Yoast SEO plugin. -->","yoast_head_json":{"title":"Veronica Brinco de pedra de cor longa - Yasmin","description":"Veronica Long Color Stone Earring \u00e9 feito de prata esterlina 925, seu comprimento de 4cm e suas pedras de cor diferente ser\u00e3o suas aliadas perfeitas para seus looks.","robots":{"index":"index","follow":"follow","max-snippet":"max-snippet:-1","max-image-preview":"max-image-preview:large","max-video-preview":"max-video-preview:-1"},"canonical":"https:\/\/joyasyasmin.com\/pt-pt\/producto\/veronica-brinco-de-pedra-de-cor-longa\/","og_locale":"pt_PT","og_title":"Veronica Brinco de pedra de cor longa - Yasmin","og_description":"Veronica Long Color Stone Earring \u00e9 feito de prata esterlina 925, seu comprimento de 4cm e suas pedras de cor diferente ser\u00e3o suas aliadas perfeitas para seus looks.","og_url":"https:\/\/joyasyasmin.com\/pt-pt\/producto\/veronica-brinco-de-pedra-de-cor-longa\/","og_site_name":"Yasmin","article_publisher":"https:\/\/www.facebook.com\/Joyas-Yasmin-217664058934169\/","article_modified_time":"2025-11-10T11:46:14+00:00","og_image":[{"width":1000,"height":1000,"url":"https:\/\/joyasyasmin.com\/wp-content\/uploads\/2023\/04\/pendiente-veronica-color.jpg","type":"image\/jpeg"}],"twitter_card":"summary_large_image","schema":{"@context":"https:\/\/schema.org","@graph":[{"@type":["WebPage","ItemPage"],"@id":"https:\/\/joyasyasmin.com\/pt-pt\/producto\/veronica-brinco-de-pedra-de-cor-longa\/","url":"https:\/\/joyasyasmin.com\/pt-pt\/producto\/veronica-brinco-de-pedra-de-cor-longa\/","name":"Veronica Brinco de pedra de cor longa - Yasmin","isPartOf":{"@id":"https:\/\/joyasyasmin.com\/pt-pt\/#website"},"primaryImageOfPage":{"@id":"https:\/\/joyasyasmin.com\/pt-pt\/producto\/veronica-brinco-de-pedra-de-cor-longa\/#primaryimage"},"image":{"@id":"https:\/\/joyasyasmin.com\/pt-pt\/producto\/veronica-brinco-de-pedra-de-cor-longa\/#primaryimage"},"thumbnailUrl":"https:\/\/joyasyasmin.com\/wp-content\/uploads\/2023\/04\/pendiente-veronica-color.jpg","datePublished":"2023-04-09T14:08:26+00:00","dateModified":"2025-11-10T11:46:14+00:00","description":"Veronica Long Color Stone Earring \u00e9 feito de prata esterlina 925, seu comprimento de 4cm e suas pedras de cor diferente ser\u00e3o suas aliadas perfeitas para seus looks.","breadcrumb":{"@id":"https:\/\/joyasyasmin.com\/pt-pt\/producto\/veronica-brinco-de-pedra-de-cor-longa\/#breadcrumb"},"inLanguage":"pt-PT","potentialAction":[{"@type":"ReadAction","target":["https:\/\/joyasyasmin.com\/pt-pt\/producto\/veronica-brinco-de-pedra-de-cor-longa\/"]}]},{"@type":"ImageObject","inLanguage":"pt-PT","@id":"https:\/\/joyasyasmin.com\/pt-pt\/producto\/veronica-brinco-de-pedra-de-cor-longa\/#primaryimage","url":"https:\/\/joyasyasmin.com\/wp-content\/uploads\/2023\/04\/pendiente-veronica-color.jpg","contentUrl":"https:\/\/joyasyasmin.com\/wp-content\/uploads\/2023\/04\/pendiente-veronica-color.jpg","width":1000,"height":1000,"caption":"venda de brinco Veronica cor de prata esterlina 925, seu comprimento de 4cm"},{"@type":"BreadcrumbList","@id":"https:\/\/joyasyasmin.com\/pt-pt\/producto\/veronica-brinco-de-pedra-de-cor-longa\/#breadcrumb","itemListElement":[{"@type":"ListItem","position":1,"name":"Portada","item":"https:\/\/joyasyasmin.com\/pt-pt\/casa\/"},{"@type":"ListItem","position":2,"name":"Shop","item":"https:\/\/joyasyasmin.com\/pt-pt\/shop\/"},{"@type":"ListItem","position":3,"name":"Veronica Brinco de pedra de cor longa"}]},{"@type":"WebSite","@id":"https:\/\/joyasyasmin.com\/pt-pt\/#website","url":"https:\/\/joyasyasmin.com\/pt-pt\/","name":"Yasmin","description":"Joyer\u00eda de Plata 925 - Pendientes, pulseras, anillos, colgantes y m\u00e1s!","publisher":{"@id":"https:\/\/joyasyasmin.com\/pt-pt\/#organization"},"potentialAction":[{"@type":"SearchAction","target":{"@type":"EntryPoint","urlTemplate":"https:\/\/joyasyasmin.com\/pt-pt\/?s={search_term_string}"},"query-input":{"@type":"PropertyValueSpecification","valueRequired":true,"valueName":"search_term_string"}}],"inLanguage":"pt-PT"},{"@type":"Organization","@id":"https:\/\/joyasyasmin.com\/pt-pt\/#organization","name":"joyas yasmin","url":"https:\/\/joyasyasmin.com\/pt-pt\/","logo":{"@type":"ImageObject","inLanguage":"pt-PT","@id":"https:\/\/joyasyasmin.com\/pt-pt\/#\/schema\/logo\/image\/","url":"https:\/\/joyasyasmin.com\/wp-content\/uploads\/2017\/06\/IMG-20200429-WA0051.jpg","contentUrl":"https:\/\/joyasyasmin.com\/wp-content\/uploads\/2017\/06\/IMG-20200429-WA0051.jpg","width":1080,"height":545,"caption":"joyas yasmin"},"image":{"@id":"https:\/\/joyasyasmin.com\/pt-pt\/#\/schema\/logo\/image\/"},"sameAs":["https:\/\/www.facebook.com\/Joyas-Yasmin-217664058934169\/","https:\/\/www.instagram.com\/invites\/contact\/"]}]}},"_links":{"self":[{"href":"https:\/\/joyasyasmin.com\/pt-pt\/wp-json\/wp\/v2\/product\/23950","targetHints":{"allow":["GET"]}}],"collection":[{"href":"https:\/\/joyasyasmin.com\/pt-pt\/wp-json\/wp\/v2\/product"}],"about":[{"href":"https:\/\/joyasyasmin.com\/pt-pt\/wp-json\/wp\/v2\/types\/product"}],"replies":[{"embeddable":true,"href":"https:\/\/joyasyasmin.com\/pt-pt\/wp-json\/wp\/v2\/comments?post=23950"}],"version-history":[{"count":1,"href":"https:\/\/joyasyasmin.com\/pt-pt\/wp-json\/wp\/v2\/product\/23950\/revisions"}],"predecessor-version":[{"id":35985,"href":"https:\/\/joyasyasmin.com\/pt-pt\/wp-json\/wp\/v2\/product\/23950\/revisions\/35985"}],"wp:featuredmedia":[{"embeddable":true,"href":"https:\/\/joyasyasmin.com\/pt-pt\/wp-json\/wp\/v2\/media\/23951"}],"wp:attachment":[{"href":"https:\/\/joyasyasmin.com\/pt-pt\/wp-json\/wp\/v2\/media?parent=23950"}],"wp:term":[{"taxonomy":"product_brand","embeddable":true,"href":"https:\/\/joyasyasmin.com\/pt-pt\/wp-json\/wp\/v2\/product_brand?post=23950"},{"taxonomy":"product_cat","embeddable":true,"href":"https:\/\/joyasyasmin.com\/pt-pt\/wp-json\/wp\/v2\/product_cat?post=23950"},{"taxonomy":"product_tag","embeddable":true,"href":"https:\/\/joyasyasmin.com\/pt-pt\/wp-json\/wp\/v2\/product_tag?post=23950"}],"curies":[{"name":"wp","href":"https:\/\/api.w.org\/{rel}","templated":true}]}}