{"id":25661,"date":"2022-06-25T21:03:08","date_gmt":"2022-06-25T21:03:08","guid":{"rendered":"https:\/\/joyasyasmin.com\/producto\/pulseira-de-pedra-da-primavera\/"},"modified":"2025-11-24T08:03:11","modified_gmt":"2025-11-24T08:03:11","slug":"pulseira-de-pedra-da-primavera","status":"publish","type":"product","link":"https:\/\/joyasyasmin.com\/pt-pt\/producto\/pulseira-de-pedra-da-primavera\/","title":{"rendered":"Pulseira de Pedra da primavera"},"content":{"rendered":"","protected":false},"excerpt":{"rendered":"<p>Spring Stones Bracelet \u00e9 uma joia de prata esterlina 925, seu design \u00e9 uma combina\u00e7\u00e3o de gemas de cor \u00fanica misturando pedras coloridas com bolas de prata (3mm), seu comprimento de 19 + 3 cm. Este design est\u00e1 dispon\u00edvel em roxo, vermelho, azul claro e coral. <\/p>\n","protected":false},"featured_media":25667,"comment_status":"open","ping_status":"closed","template":"","meta":{"_acf_changed":false,"_joinchat":[]},"product_brand":[],"product_cat":[1781],"product_tag":[3971,3972],"class_list":{"0":"post-25661","1":"product","2":"type-product","3":"status-publish","4":"has-post-thumbnail","6":"product_cat-pulseiras","7":"product_tag-pulseira-de-pedra-da-primavera","8":"product_tag-pulseira-de-prata-com-pedras-coloridas","10":"first","11":"instock","12":"shipping-taxable","13":"purchasable","14":"product-type-variable"},"acf":[],"yoast_head":"<!-- This site is optimized with the Yoast SEO plugin v27.3 - https:\/\/yoast.com\/product\/yoast-seo-wordpress\/ -->\n<title>Pulseira de Pedra da primavera - Yasmin<\/title>\n<meta name=\"description\" content=\"Spring Stone Bracelet \u00e9 uma combina\u00e7\u00e3o de pedras com bolas de prata, voc\u00ea vai adorar porque vai dar um toque de cor ao seu look. Frete gr\u00e1tis.\" \/>\n<meta name=\"robots\" content=\"index, follow, max-snippet:-1, max-image-preview:large, max-video-preview:-1\" \/>\n<link rel=\"canonical\" href=\"https:\/\/joyasyasmin.com\/pt-pt\/producto\/pulseira-de-pedra-da-primavera\/\" \/>\n<meta property=\"og:locale\" content=\"pt_PT\" \/>\n<meta property=\"og:title\" content=\"Pulseira de Pedra da primavera - Yasmin\" \/>\n<meta property=\"og:description\" content=\"Spring Stone Bracelet \u00e9 uma combina\u00e7\u00e3o de pedras com bolas de prata, voc\u00ea vai adorar porque vai dar um toque de cor ao seu look. Frete gr\u00e1tis.\" \/>\n<meta property=\"og:url\" content=\"https:\/\/joyasyasmin.com\/pt-pt\/producto\/pulseira-de-pedra-da-primavera\/\" \/>\n<meta property=\"og:site_name\" content=\"Yasmin\" \/>\n<meta property=\"article:publisher\" content=\"https:\/\/www.facebook.com\/Joyas-Yasmin-217664058934169\/\" \/>\n<meta property=\"article:modified_time\" content=\"2025-11-24T08:03:11+00:00\" \/>\n<meta property=\"og:image\" content=\"https:\/\/joyasyasmin.com\/wp-content\/uploads\/2022\/06\/pulsera-primaver-roja.jpg\" \/>\n\t<meta property=\"og:image:width\" content=\"1960\" \/>\n\t<meta property=\"og:image:height\" content=\"1960\" \/>\n\t<meta property=\"og:image:type\" content=\"image\/jpeg\" \/>\n<meta name=\"twitter:card\" content=\"summary_large_image\" \/>\n<script type=\"application\/ld+json\" class=\"yoast-schema-graph\">{\"@context\":\"https:\\\/\\\/schema.org\",\"@graph\":[{\"@type\":[\"WebPage\",\"ItemPage\"],\"@id\":\"https:\\\/\\\/joyasyasmin.com\\\/pt-pt\\\/producto\\\/pulseira-de-pedra-da-primavera\\\/\",\"url\":\"https:\\\/\\\/joyasyasmin.com\\\/pt-pt\\\/producto\\\/pulseira-de-pedra-da-primavera\\\/\",\"name\":\"Pulseira de Pedra da primavera - Yasmin\",\"isPartOf\":{\"@id\":\"https:\\\/\\\/joyasyasmin.com\\\/pt-pt\\\/#website\"},\"primaryImageOfPage\":{\"@id\":\"https:\\\/\\\/joyasyasmin.com\\\/pt-pt\\\/producto\\\/pulseira-de-pedra-da-primavera\\\/#primaryimage\"},\"image\":{\"@id\":\"https:\\\/\\\/joyasyasmin.com\\\/pt-pt\\\/producto\\\/pulseira-de-pedra-da-primavera\\\/#primaryimage\"},\"thumbnailUrl\":\"https:\\\/\\\/joyasyasmin.com\\\/wp-content\\\/uploads\\\/2022\\\/06\\\/pulsera-primaver-roja.jpg\",\"datePublished\":\"2022-06-25T21:03:08+00:00\",\"dateModified\":\"2025-11-24T08:03:11+00:00\",\"description\":\"Spring Stone Bracelet \u00e9 uma combina\u00e7\u00e3o de pedras com bolas de prata, voc\u00ea vai adorar porque vai dar um toque de cor ao seu look. Frete gr\u00e1tis.\",\"breadcrumb\":{\"@id\":\"https:\\\/\\\/joyasyasmin.com\\\/pt-pt\\\/producto\\\/pulseira-de-pedra-da-primavera\\\/#breadcrumb\"},\"inLanguage\":\"pt-PT\",\"potentialAction\":[{\"@type\":\"ReadAction\",\"target\":[\"https:\\\/\\\/joyasyasmin.com\\\/pt-pt\\\/producto\\\/pulseira-de-pedra-da-primavera\\\/\"]}]},{\"@type\":\"ImageObject\",\"inLanguage\":\"pt-PT\",\"@id\":\"https:\\\/\\\/joyasyasmin.com\\\/pt-pt\\\/producto\\\/pulseira-de-pedra-da-primavera\\\/#primaryimage\",\"url\":\"https:\\\/\\\/joyasyasmin.com\\\/wp-content\\\/uploads\\\/2022\\\/06\\\/pulsera-primaver-roja.jpg\",\"contentUrl\":\"https:\\\/\\\/joyasyasmin.com\\\/wp-content\\\/uploads\\\/2022\\\/06\\\/pulsera-primaver-roja.jpg\",\"width\":1960,\"height\":1960,\"caption\":\"Venda de pulseira de cor vermelha feita de prata esterlina 925, combina\u00e7\u00e3o de pedras coloridas\"},{\"@type\":\"BreadcrumbList\",\"@id\":\"https:\\\/\\\/joyasyasmin.com\\\/pt-pt\\\/producto\\\/pulseira-de-pedra-da-primavera\\\/#breadcrumb\",\"itemListElement\":[{\"@type\":\"ListItem\",\"position\":1,\"name\":\"Portada\",\"item\":\"https:\\\/\\\/joyasyasmin.com\\\/pt-pt\\\/casa\\\/\"},{\"@type\":\"ListItem\",\"position\":2,\"name\":\"Shop\",\"item\":\"https:\\\/\\\/joyasyasmin.com\\\/pt-pt\\\/shop\\\/\"},{\"@type\":\"ListItem\",\"position\":3,\"name\":\"Pulseira de Pedra da primavera\"}]},{\"@type\":\"WebSite\",\"@id\":\"https:\\\/\\\/joyasyasmin.com\\\/pt-pt\\\/#website\",\"url\":\"https:\\\/\\\/joyasyasmin.com\\\/pt-pt\\\/\",\"name\":\"Yasmin\",\"description\":\"Joyer\u00eda de Plata 925 - Pendientes, pulseras, anillos, colgantes y m\u00e1s!\",\"publisher\":{\"@id\":\"https:\\\/\\\/joyasyasmin.com\\\/pt-pt\\\/#organization\"},\"potentialAction\":[{\"@type\":\"SearchAction\",\"target\":{\"@type\":\"EntryPoint\",\"urlTemplate\":\"https:\\\/\\\/joyasyasmin.com\\\/pt-pt\\\/?s={search_term_string}\"},\"query-input\":{\"@type\":\"PropertyValueSpecification\",\"valueRequired\":true,\"valueName\":\"search_term_string\"}}],\"inLanguage\":\"pt-PT\"},{\"@type\":\"Organization\",\"@id\":\"https:\\\/\\\/joyasyasmin.com\\\/pt-pt\\\/#organization\",\"name\":\"joyas yasmin\",\"url\":\"https:\\\/\\\/joyasyasmin.com\\\/pt-pt\\\/\",\"logo\":{\"@type\":\"ImageObject\",\"inLanguage\":\"pt-PT\",\"@id\":\"https:\\\/\\\/joyasyasmin.com\\\/pt-pt\\\/#\\\/schema\\\/logo\\\/image\\\/\",\"url\":\"https:\\\/\\\/joyasyasmin.com\\\/wp-content\\\/uploads\\\/2017\\\/06\\\/IMG-20200429-WA0051.jpg\",\"contentUrl\":\"https:\\\/\\\/joyasyasmin.com\\\/wp-content\\\/uploads\\\/2017\\\/06\\\/IMG-20200429-WA0051.jpg\",\"width\":1080,\"height\":545,\"caption\":\"joyas yasmin\"},\"image\":{\"@id\":\"https:\\\/\\\/joyasyasmin.com\\\/pt-pt\\\/#\\\/schema\\\/logo\\\/image\\\/\"},\"sameAs\":[\"https:\\\/\\\/www.facebook.com\\\/Joyas-Yasmin-217664058934169\\\/\",\"https:\\\/\\\/www.instagram.com\\\/invites\\\/contact\\\/\"]}]}<\/script>\n<!-- \/ Yoast SEO plugin. -->","yoast_head_json":{"title":"Pulseira de Pedra da primavera - Yasmin","description":"Spring Stone Bracelet \u00e9 uma combina\u00e7\u00e3o de pedras com bolas de prata, voc\u00ea vai adorar porque vai dar um toque de cor ao seu look. Frete gr\u00e1tis.","robots":{"index":"index","follow":"follow","max-snippet":"max-snippet:-1","max-image-preview":"max-image-preview:large","max-video-preview":"max-video-preview:-1"},"canonical":"https:\/\/joyasyasmin.com\/pt-pt\/producto\/pulseira-de-pedra-da-primavera\/","og_locale":"pt_PT","og_title":"Pulseira de Pedra da primavera - Yasmin","og_description":"Spring Stone Bracelet \u00e9 uma combina\u00e7\u00e3o de pedras com bolas de prata, voc\u00ea vai adorar porque vai dar um toque de cor ao seu look. Frete gr\u00e1tis.","og_url":"https:\/\/joyasyasmin.com\/pt-pt\/producto\/pulseira-de-pedra-da-primavera\/","og_site_name":"Yasmin","article_publisher":"https:\/\/www.facebook.com\/Joyas-Yasmin-217664058934169\/","article_modified_time":"2025-11-24T08:03:11+00:00","og_image":[{"width":1960,"height":1960,"url":"https:\/\/joyasyasmin.com\/wp-content\/uploads\/2022\/06\/pulsera-primaver-roja.jpg","type":"image\/jpeg"}],"twitter_card":"summary_large_image","schema":{"@context":"https:\/\/schema.org","@graph":[{"@type":["WebPage","ItemPage"],"@id":"https:\/\/joyasyasmin.com\/pt-pt\/producto\/pulseira-de-pedra-da-primavera\/","url":"https:\/\/joyasyasmin.com\/pt-pt\/producto\/pulseira-de-pedra-da-primavera\/","name":"Pulseira de Pedra da primavera - Yasmin","isPartOf":{"@id":"https:\/\/joyasyasmin.com\/pt-pt\/#website"},"primaryImageOfPage":{"@id":"https:\/\/joyasyasmin.com\/pt-pt\/producto\/pulseira-de-pedra-da-primavera\/#primaryimage"},"image":{"@id":"https:\/\/joyasyasmin.com\/pt-pt\/producto\/pulseira-de-pedra-da-primavera\/#primaryimage"},"thumbnailUrl":"https:\/\/joyasyasmin.com\/wp-content\/uploads\/2022\/06\/pulsera-primaver-roja.jpg","datePublished":"2022-06-25T21:03:08+00:00","dateModified":"2025-11-24T08:03:11+00:00","description":"Spring Stone Bracelet \u00e9 uma combina\u00e7\u00e3o de pedras com bolas de prata, voc\u00ea vai adorar porque vai dar um toque de cor ao seu look. Frete gr\u00e1tis.","breadcrumb":{"@id":"https:\/\/joyasyasmin.com\/pt-pt\/producto\/pulseira-de-pedra-da-primavera\/#breadcrumb"},"inLanguage":"pt-PT","potentialAction":[{"@type":"ReadAction","target":["https:\/\/joyasyasmin.com\/pt-pt\/producto\/pulseira-de-pedra-da-primavera\/"]}]},{"@type":"ImageObject","inLanguage":"pt-PT","@id":"https:\/\/joyasyasmin.com\/pt-pt\/producto\/pulseira-de-pedra-da-primavera\/#primaryimage","url":"https:\/\/joyasyasmin.com\/wp-content\/uploads\/2022\/06\/pulsera-primaver-roja.jpg","contentUrl":"https:\/\/joyasyasmin.com\/wp-content\/uploads\/2022\/06\/pulsera-primaver-roja.jpg","width":1960,"height":1960,"caption":"Venda de pulseira de cor vermelha feita de prata esterlina 925, combina\u00e7\u00e3o de pedras coloridas"},{"@type":"BreadcrumbList","@id":"https:\/\/joyasyasmin.com\/pt-pt\/producto\/pulseira-de-pedra-da-primavera\/#breadcrumb","itemListElement":[{"@type":"ListItem","position":1,"name":"Portada","item":"https:\/\/joyasyasmin.com\/pt-pt\/casa\/"},{"@type":"ListItem","position":2,"name":"Shop","item":"https:\/\/joyasyasmin.com\/pt-pt\/shop\/"},{"@type":"ListItem","position":3,"name":"Pulseira de Pedra da primavera"}]},{"@type":"WebSite","@id":"https:\/\/joyasyasmin.com\/pt-pt\/#website","url":"https:\/\/joyasyasmin.com\/pt-pt\/","name":"Yasmin","description":"Joyer\u00eda de Plata 925 - Pendientes, pulseras, anillos, colgantes y m\u00e1s!","publisher":{"@id":"https:\/\/joyasyasmin.com\/pt-pt\/#organization"},"potentialAction":[{"@type":"SearchAction","target":{"@type":"EntryPoint","urlTemplate":"https:\/\/joyasyasmin.com\/pt-pt\/?s={search_term_string}"},"query-input":{"@type":"PropertyValueSpecification","valueRequired":true,"valueName":"search_term_string"}}],"inLanguage":"pt-PT"},{"@type":"Organization","@id":"https:\/\/joyasyasmin.com\/pt-pt\/#organization","name":"joyas yasmin","url":"https:\/\/joyasyasmin.com\/pt-pt\/","logo":{"@type":"ImageObject","inLanguage":"pt-PT","@id":"https:\/\/joyasyasmin.com\/pt-pt\/#\/schema\/logo\/image\/","url":"https:\/\/joyasyasmin.com\/wp-content\/uploads\/2017\/06\/IMG-20200429-WA0051.jpg","contentUrl":"https:\/\/joyasyasmin.com\/wp-content\/uploads\/2017\/06\/IMG-20200429-WA0051.jpg","width":1080,"height":545,"caption":"joyas yasmin"},"image":{"@id":"https:\/\/joyasyasmin.com\/pt-pt\/#\/schema\/logo\/image\/"},"sameAs":["https:\/\/www.facebook.com\/Joyas-Yasmin-217664058934169\/","https:\/\/www.instagram.com\/invites\/contact\/"]}]}},"_links":{"self":[{"href":"https:\/\/joyasyasmin.com\/pt-pt\/wp-json\/wp\/v2\/product\/25661","targetHints":{"allow":["GET"]}}],"collection":[{"href":"https:\/\/joyasyasmin.com\/pt-pt\/wp-json\/wp\/v2\/product"}],"about":[{"href":"https:\/\/joyasyasmin.com\/pt-pt\/wp-json\/wp\/v2\/types\/product"}],"replies":[{"embeddable":true,"href":"https:\/\/joyasyasmin.com\/pt-pt\/wp-json\/wp\/v2\/comments?post=25661"}],"version-history":[{"count":1,"href":"https:\/\/joyasyasmin.com\/pt-pt\/wp-json\/wp\/v2\/product\/25661\/revisions"}],"predecessor-version":[{"id":36304,"href":"https:\/\/joyasyasmin.com\/pt-pt\/wp-json\/wp\/v2\/product\/25661\/revisions\/36304"}],"wp:featuredmedia":[{"embeddable":true,"href":"https:\/\/joyasyasmin.com\/pt-pt\/wp-json\/wp\/v2\/media\/25667"}],"wp:attachment":[{"href":"https:\/\/joyasyasmin.com\/pt-pt\/wp-json\/wp\/v2\/media?parent=25661"}],"wp:term":[{"taxonomy":"product_brand","embeddable":true,"href":"https:\/\/joyasyasmin.com\/pt-pt\/wp-json\/wp\/v2\/product_brand?post=25661"},{"taxonomy":"product_cat","embeddable":true,"href":"https:\/\/joyasyasmin.com\/pt-pt\/wp-json\/wp\/v2\/product_cat?post=25661"},{"taxonomy":"product_tag","embeddable":true,"href":"https:\/\/joyasyasmin.com\/pt-pt\/wp-json\/wp\/v2\/product_tag?post=25661"}],"curies":[{"name":"wp","href":"https:\/\/api.w.org\/{rel}","templated":true}]}}