{"id":25745,"date":"2022-08-13T15:30:00","date_gmt":"2022-08-13T15:30:00","guid":{"rendered":"https:\/\/joyasyasmin.com\/producto\/bali-bolas-e-pulseira-espiral\/"},"modified":"2025-11-10T11:56:31","modified_gmt":"2025-11-10T11:56:31","slug":"bali-bolas-e-pulseira-espiral","status":"publish","type":"product","link":"https:\/\/joyasyasmin.com\/pt-pt\/producto\/bali-bolas-e-pulseira-espiral\/","title":{"rendered":"Bali Bolas e Pulseira Espiral"},"content":{"rendered":"","protected":false},"excerpt":{"rendered":"<p>Bali Balls and Spiral Bracelet \u00e9 uma joia de prata esterlina 925, seu design que mistura bolas (3mm) com tubos curvos e pequenas espirais de prata tipo Bali antigo tornam este acess\u00f3rio impressionante e bonito, seu comprimento de 17 + 3 cm. A Joalharia \u00e9 de alta qualidade com design e eleg\u00e2ncia. <\/p>\n","protected":false},"featured_media":25746,"comment_status":"open","ping_status":"closed","template":"","meta":{"_acf_changed":false,"_joinchat":[]},"product_brand":[],"product_cat":[1781],"product_tag":[4015,3152,4014],"class_list":{"0":"post-25745","1":"product","2":"type-product","3":"status-publish","4":"has-post-thumbnail","6":"product_cat-pulseiras","7":"product_tag-bali-ball-e-pulseira-espiral","8":"product_tag-o-que-ha-de-novo-em-2022","9":"product_tag-pulseira-bola-de-prata","11":"first","12":"instock","13":"shipping-taxable","14":"purchasable","15":"product-type-simple"},"acf":[],"yoast_head":"<!-- This site is optimized with the Yoast SEO plugin v27.2 - https:\/\/yoast.com\/product\/yoast-seo-wordpress\/ -->\n<title>Bali Bolas e Pulseira Espiral - Yasmin<\/title>\n<meta name=\"description\" content=\"Bali Balls and Spiral Bracelet \u00e9 uma joia de prata esterlina 925 de alta qualidade, seu design dar\u00e1 estilo e eleg\u00e2ncia aos nossos looks. Feito \u00e0 m\u00e3o.\" \/>\n<meta name=\"robots\" content=\"index, follow, max-snippet:-1, max-image-preview:large, max-video-preview:-1\" \/>\n<link rel=\"canonical\" href=\"https:\/\/joyasyasmin.com\/pt-pt\/producto\/bali-bolas-e-pulseira-espiral\/\" \/>\n<meta property=\"og:locale\" content=\"pt_PT\" \/>\n<meta property=\"og:title\" content=\"Bali Bolas e Pulseira Espiral - Yasmin\" \/>\n<meta property=\"og:description\" content=\"Bali Balls and Spiral Bracelet \u00e9 uma joia de prata esterlina 925 de alta qualidade, seu design dar\u00e1 estilo e eleg\u00e2ncia aos nossos looks. Feito \u00e0 m\u00e3o.\" \/>\n<meta property=\"og:url\" content=\"https:\/\/joyasyasmin.com\/pt-pt\/producto\/bali-bolas-e-pulseira-espiral\/\" \/>\n<meta property=\"og:site_name\" content=\"Yasmin\" \/>\n<meta property=\"article:publisher\" content=\"https:\/\/www.facebook.com\/Joyas-Yasmin-217664058934169\/\" \/>\n<meta property=\"article:modified_time\" content=\"2025-11-10T11:56:31+00:00\" \/>\n<meta property=\"og:image\" content=\"https:\/\/joyasyasmin.com\/wp-content\/uploads\/2022\/08\/pulsera-bolitas-y-espiral-bali.jpg\" \/>\n\t<meta property=\"og:image:width\" content=\"1960\" \/>\n\t<meta property=\"og:image:height\" content=\"1960\" \/>\n\t<meta property=\"og:image:type\" content=\"image\/jpeg\" \/>\n<meta name=\"twitter:card\" content=\"summary_large_image\" \/>\n<script type=\"application\/ld+json\" class=\"yoast-schema-graph\">{\"@context\":\"https:\/\/schema.org\",\"@graph\":[{\"@type\":[\"WebPage\",\"ItemPage\"],\"@id\":\"https:\/\/joyasyasmin.com\/pt-pt\/producto\/bali-bolas-e-pulseira-espiral\/\",\"url\":\"https:\/\/joyasyasmin.com\/pt-pt\/producto\/bali-bolas-e-pulseira-espiral\/\",\"name\":\"Bali Bolas e Pulseira Espiral - Yasmin\",\"isPartOf\":{\"@id\":\"https:\/\/joyasyasmin.com\/pt-pt\/#website\"},\"primaryImageOfPage\":{\"@id\":\"https:\/\/joyasyasmin.com\/pt-pt\/producto\/bali-bolas-e-pulseira-espiral\/#primaryimage\"},\"image\":{\"@id\":\"https:\/\/joyasyasmin.com\/pt-pt\/producto\/bali-bolas-e-pulseira-espiral\/#primaryimage\"},\"thumbnailUrl\":\"https:\/\/joyasyasmin.com\/wp-content\/uploads\/2022\/08\/pulsera-bolitas-y-espiral-bali.jpg\",\"datePublished\":\"2022-08-13T15:30:00+00:00\",\"dateModified\":\"2025-11-10T11:56:31+00:00\",\"description\":\"Bali Balls and Spiral Bracelet \u00e9 uma joia de prata esterlina 925 de alta qualidade, seu design dar\u00e1 estilo e eleg\u00e2ncia aos nossos looks. Feito \u00e0 m\u00e3o.\",\"breadcrumb\":{\"@id\":\"https:\/\/joyasyasmin.com\/pt-pt\/producto\/bali-bolas-e-pulseira-espiral\/#breadcrumb\"},\"inLanguage\":\"pt-PT\",\"potentialAction\":[{\"@type\":\"ReadAction\",\"target\":[\"https:\/\/joyasyasmin.com\/pt-pt\/producto\/bali-bolas-e-pulseira-espiral\/\"]}]},{\"@type\":\"ImageObject\",\"inLanguage\":\"pt-PT\",\"@id\":\"https:\/\/joyasyasmin.com\/pt-pt\/producto\/bali-bolas-e-pulseira-espiral\/#primaryimage\",\"url\":\"https:\/\/joyasyasmin.com\/wp-content\/uploads\/2022\/08\/pulsera-bolitas-y-espiral-bali.jpg\",\"contentUrl\":\"https:\/\/joyasyasmin.com\/wp-content\/uploads\/2022\/08\/pulsera-bolitas-y-espiral-bali.jpg\",\"width\":1960,\"height\":1960,\"caption\":\"Contas de Bali e pulseira espiral para venda em prata esterlina 925\"},{\"@type\":\"BreadcrumbList\",\"@id\":\"https:\/\/joyasyasmin.com\/pt-pt\/producto\/bali-bolas-e-pulseira-espiral\/#breadcrumb\",\"itemListElement\":[{\"@type\":\"ListItem\",\"position\":1,\"name\":\"Portada\",\"item\":\"https:\/\/joyasyasmin.com\/pt-pt\/casa\/\"},{\"@type\":\"ListItem\",\"position\":2,\"name\":\"Shop\",\"item\":\"https:\/\/joyasyasmin.com\/pt-pt\/shop\/\"},{\"@type\":\"ListItem\",\"position\":3,\"name\":\"Bali Bolas e Pulseira Espiral\"}]},{\"@type\":\"WebSite\",\"@id\":\"https:\/\/joyasyasmin.com\/pt-pt\/#website\",\"url\":\"https:\/\/joyasyasmin.com\/pt-pt\/\",\"name\":\"Yasmin\",\"description\":\"Joyer\u00eda de Plata 925 - Pendientes, pulseras, anillos, colgantes y m\u00e1s!\",\"publisher\":{\"@id\":\"https:\/\/joyasyasmin.com\/pt-pt\/#organization\"},\"potentialAction\":[{\"@type\":\"SearchAction\",\"target\":{\"@type\":\"EntryPoint\",\"urlTemplate\":\"https:\/\/joyasyasmin.com\/pt-pt\/?s={search_term_string}\"},\"query-input\":{\"@type\":\"PropertyValueSpecification\",\"valueRequired\":true,\"valueName\":\"search_term_string\"}}],\"inLanguage\":\"pt-PT\"},{\"@type\":\"Organization\",\"@id\":\"https:\/\/joyasyasmin.com\/pt-pt\/#organization\",\"name\":\"joyas yasmin\",\"url\":\"https:\/\/joyasyasmin.com\/pt-pt\/\",\"logo\":{\"@type\":\"ImageObject\",\"inLanguage\":\"pt-PT\",\"@id\":\"https:\/\/joyasyasmin.com\/pt-pt\/#\/schema\/logo\/image\/\",\"url\":\"https:\/\/joyasyasmin.com\/wp-content\/uploads\/2017\/06\/IMG-20200429-WA0051.jpg\",\"contentUrl\":\"https:\/\/joyasyasmin.com\/wp-content\/uploads\/2017\/06\/IMG-20200429-WA0051.jpg\",\"width\":1080,\"height\":545,\"caption\":\"joyas yasmin\"},\"image\":{\"@id\":\"https:\/\/joyasyasmin.com\/pt-pt\/#\/schema\/logo\/image\/\"},\"sameAs\":[\"https:\/\/www.facebook.com\/Joyas-Yasmin-217664058934169\/\",\"https:\/\/www.instagram.com\/invites\/contact\/\"]}]}<\/script>\n<!-- \/ Yoast SEO plugin. -->","yoast_head_json":{"title":"Bali Bolas e Pulseira Espiral - Yasmin","description":"Bali Balls and Spiral Bracelet \u00e9 uma joia de prata esterlina 925 de alta qualidade, seu design dar\u00e1 estilo e eleg\u00e2ncia aos nossos looks. Feito \u00e0 m\u00e3o.","robots":{"index":"index","follow":"follow","max-snippet":"max-snippet:-1","max-image-preview":"max-image-preview:large","max-video-preview":"max-video-preview:-1"},"canonical":"https:\/\/joyasyasmin.com\/pt-pt\/producto\/bali-bolas-e-pulseira-espiral\/","og_locale":"pt_PT","og_title":"Bali Bolas e Pulseira Espiral - Yasmin","og_description":"Bali Balls and Spiral Bracelet \u00e9 uma joia de prata esterlina 925 de alta qualidade, seu design dar\u00e1 estilo e eleg\u00e2ncia aos nossos looks. Feito \u00e0 m\u00e3o.","og_url":"https:\/\/joyasyasmin.com\/pt-pt\/producto\/bali-bolas-e-pulseira-espiral\/","og_site_name":"Yasmin","article_publisher":"https:\/\/www.facebook.com\/Joyas-Yasmin-217664058934169\/","article_modified_time":"2025-11-10T11:56:31+00:00","og_image":[{"width":1960,"height":1960,"url":"https:\/\/joyasyasmin.com\/wp-content\/uploads\/2022\/08\/pulsera-bolitas-y-espiral-bali.jpg","type":"image\/jpeg"}],"twitter_card":"summary_large_image","schema":{"@context":"https:\/\/schema.org","@graph":[{"@type":["WebPage","ItemPage"],"@id":"https:\/\/joyasyasmin.com\/pt-pt\/producto\/bali-bolas-e-pulseira-espiral\/","url":"https:\/\/joyasyasmin.com\/pt-pt\/producto\/bali-bolas-e-pulseira-espiral\/","name":"Bali Bolas e Pulseira Espiral - Yasmin","isPartOf":{"@id":"https:\/\/joyasyasmin.com\/pt-pt\/#website"},"primaryImageOfPage":{"@id":"https:\/\/joyasyasmin.com\/pt-pt\/producto\/bali-bolas-e-pulseira-espiral\/#primaryimage"},"image":{"@id":"https:\/\/joyasyasmin.com\/pt-pt\/producto\/bali-bolas-e-pulseira-espiral\/#primaryimage"},"thumbnailUrl":"https:\/\/joyasyasmin.com\/wp-content\/uploads\/2022\/08\/pulsera-bolitas-y-espiral-bali.jpg","datePublished":"2022-08-13T15:30:00+00:00","dateModified":"2025-11-10T11:56:31+00:00","description":"Bali Balls and Spiral Bracelet \u00e9 uma joia de prata esterlina 925 de alta qualidade, seu design dar\u00e1 estilo e eleg\u00e2ncia aos nossos looks. Feito \u00e0 m\u00e3o.","breadcrumb":{"@id":"https:\/\/joyasyasmin.com\/pt-pt\/producto\/bali-bolas-e-pulseira-espiral\/#breadcrumb"},"inLanguage":"pt-PT","potentialAction":[{"@type":"ReadAction","target":["https:\/\/joyasyasmin.com\/pt-pt\/producto\/bali-bolas-e-pulseira-espiral\/"]}]},{"@type":"ImageObject","inLanguage":"pt-PT","@id":"https:\/\/joyasyasmin.com\/pt-pt\/producto\/bali-bolas-e-pulseira-espiral\/#primaryimage","url":"https:\/\/joyasyasmin.com\/wp-content\/uploads\/2022\/08\/pulsera-bolitas-y-espiral-bali.jpg","contentUrl":"https:\/\/joyasyasmin.com\/wp-content\/uploads\/2022\/08\/pulsera-bolitas-y-espiral-bali.jpg","width":1960,"height":1960,"caption":"Contas de Bali e pulseira espiral para venda em prata esterlina 925"},{"@type":"BreadcrumbList","@id":"https:\/\/joyasyasmin.com\/pt-pt\/producto\/bali-bolas-e-pulseira-espiral\/#breadcrumb","itemListElement":[{"@type":"ListItem","position":1,"name":"Portada","item":"https:\/\/joyasyasmin.com\/pt-pt\/casa\/"},{"@type":"ListItem","position":2,"name":"Shop","item":"https:\/\/joyasyasmin.com\/pt-pt\/shop\/"},{"@type":"ListItem","position":3,"name":"Bali Bolas e Pulseira Espiral"}]},{"@type":"WebSite","@id":"https:\/\/joyasyasmin.com\/pt-pt\/#website","url":"https:\/\/joyasyasmin.com\/pt-pt\/","name":"Yasmin","description":"Joyer\u00eda de Plata 925 - Pendientes, pulseras, anillos, colgantes y m\u00e1s!","publisher":{"@id":"https:\/\/joyasyasmin.com\/pt-pt\/#organization"},"potentialAction":[{"@type":"SearchAction","target":{"@type":"EntryPoint","urlTemplate":"https:\/\/joyasyasmin.com\/pt-pt\/?s={search_term_string}"},"query-input":{"@type":"PropertyValueSpecification","valueRequired":true,"valueName":"search_term_string"}}],"inLanguage":"pt-PT"},{"@type":"Organization","@id":"https:\/\/joyasyasmin.com\/pt-pt\/#organization","name":"joyas yasmin","url":"https:\/\/joyasyasmin.com\/pt-pt\/","logo":{"@type":"ImageObject","inLanguage":"pt-PT","@id":"https:\/\/joyasyasmin.com\/pt-pt\/#\/schema\/logo\/image\/","url":"https:\/\/joyasyasmin.com\/wp-content\/uploads\/2017\/06\/IMG-20200429-WA0051.jpg","contentUrl":"https:\/\/joyasyasmin.com\/wp-content\/uploads\/2017\/06\/IMG-20200429-WA0051.jpg","width":1080,"height":545,"caption":"joyas yasmin"},"image":{"@id":"https:\/\/joyasyasmin.com\/pt-pt\/#\/schema\/logo\/image\/"},"sameAs":["https:\/\/www.facebook.com\/Joyas-Yasmin-217664058934169\/","https:\/\/www.instagram.com\/invites\/contact\/"]}]}},"_links":{"self":[{"href":"https:\/\/joyasyasmin.com\/pt-pt\/wp-json\/wp\/v2\/product\/25745","targetHints":{"allow":["GET"]}}],"collection":[{"href":"https:\/\/joyasyasmin.com\/pt-pt\/wp-json\/wp\/v2\/product"}],"about":[{"href":"https:\/\/joyasyasmin.com\/pt-pt\/wp-json\/wp\/v2\/types\/product"}],"replies":[{"embeddable":true,"href":"https:\/\/joyasyasmin.com\/pt-pt\/wp-json\/wp\/v2\/comments?post=25745"}],"version-history":[{"count":1,"href":"https:\/\/joyasyasmin.com\/pt-pt\/wp-json\/wp\/v2\/product\/25745\/revisions"}],"predecessor-version":[{"id":36024,"href":"https:\/\/joyasyasmin.com\/pt-pt\/wp-json\/wp\/v2\/product\/25745\/revisions\/36024"}],"wp:featuredmedia":[{"embeddable":true,"href":"https:\/\/joyasyasmin.com\/pt-pt\/wp-json\/wp\/v2\/media\/25746"}],"wp:attachment":[{"href":"https:\/\/joyasyasmin.com\/pt-pt\/wp-json\/wp\/v2\/media?parent=25745"}],"wp:term":[{"taxonomy":"product_brand","embeddable":true,"href":"https:\/\/joyasyasmin.com\/pt-pt\/wp-json\/wp\/v2\/product_brand?post=25745"},{"taxonomy":"product_cat","embeddable":true,"href":"https:\/\/joyasyasmin.com\/pt-pt\/wp-json\/wp\/v2\/product_cat?post=25745"},{"taxonomy":"product_tag","embeddable":true,"href":"https:\/\/joyasyasmin.com\/pt-pt\/wp-json\/wp\/v2\/product_tag?post=25745"}],"curies":[{"name":"wp","href":"https:\/\/api.w.org\/{rel}","templated":true}]}}